{"id":248881,"date":"2021-08-18T17:18:34","date_gmt":"2021-08-18T09:18:34","guid":{"rendered":"https:\/\/leatai.com\/product\/Ei-luokiteltu\/designer-edition-creative-antique-book\/"},"modified":"2025-12-19T17:51:27","modified_gmt":"2025-12-19T09:51:27","slug":"designer-edition-creative-antique-book","status":"publish","type":"product","link":"https:\/\/leatai.com\/fi\/product\/erilaisia-oem-naytteita\/oem-kovakantinen-muistikirja\/designer-edition-creative-antique-book\/","title":{"rendered":"Designer Edition \u2013 Creative Antique Book"},"content":{"rendered":"<p>Asiakkaan nimi: Designer Edition \u2013 Creative Antique Book<br \/>\nTapauksen koko: 25K<br \/>\nTapauksen tyyli: k\u00e4sin ommeltu kovakantinen muistikirja<br \/>\nTapauksen logoefekti: tarra<br \/>\nErityispiirteet: k\u00e4sin ommeltu antiikkikirjamainen sidontatapa, jota harva on valmis toteuttamaan markkinoilla sen \u00e4\u00e4rimm\u00e4isen monimutkaisuuden vuoksi. Sidonta voidaan tehd\u00e4 ainoastaan t\u00e4ysin k\u00e4sity\u00f6n\u00e4, ja kyseess\u00e4 on kirjaimellisesti intohimolla ja vaivalla tehty luomus.<\/p>\n<p>\ud83d\udcd6Kaikki r\u00e4\u00e4t\u00e4l\u00f6idyt esimerkit: <a href=\"https:\/\/leatai.com\/fi\/tuote-avainsana\/oem-fi\/\" target=\"_blank\" rel=\"noopener\">r\u00e4\u00e4t\u00e4l\u00f6idyt muistikirjat \/ r\u00e4\u00e4t\u00e4l\u00f6idyt liiketoimintap\u00e4iv\u00e4kirjat<\/a><\/p>\n<p>\ud83d\udcd6R\u00e4\u00e4t\u00e4l\u00f6ityjen muistikirjojen \/ liiketoimintap\u00e4iv\u00e4kirjojen vakiotuotteet:<\/p>\n<p><a href=\"https:\/\/leatai.com\/fi\/tuote-osasto\/raataloity-muistikirja\/kovakantinen-muistikirja\/\" target=\"_blank\" rel=\"noopener\">Kovakantinen muistikirja \/ kovakantinen liiketoimintap\u00e4iv\u00e4kirja<\/a><br \/>\n<a href=\"https:\/\/leatai.com\/fi\/tuote-osasto\/raataloity-muistikirja\/irtolehti-muistikirja\/\" target=\"_blank\" rel=\"noopener\">Rengaskansiomuistikirja \/ rengaskansiollinen liiketoimintap\u00e4iv\u00e4kirja<\/a><br \/>\n<a href=\"https:\/\/leatai.com\/fi\/tuote-osasto\/raataloity-muistikirja\/irrotettava-muistikirja\/\" target=\"_blank\" rel=\"noopener\">Irrotettavilla sivuilla varustettu muistikirja \/ irrotettavilla sivuilla varustettu liiketoimintap\u00e4iv\u00e4kirja<\/a><br \/>\n<a href=\"https:\/\/leatai.com\/fi\/tuote-osasto\/raataloity-muistikirja\/pehmeakantinen-muistikirja\/\" target=\"_blank\" rel=\"noopener\">Pehme\u00e4kantinen muistikirja \/ pehme\u00e4kantinen liiketoimintap\u00e4iv\u00e4kirja<\/a><br \/>\n<a href=\"https:\/\/leatai.com\/fi\/tuote-osasto\/raataloity-muistikirja\/kierrevihko\/\" target=\"_blank\" rel=\"noopener\">Kierresidottu muistikirja \/ kierresidottu liiketoimintap\u00e4iv\u00e4kirja<\/a><\/p>\n<p>\ud83d\udcd6Paperikokojen opas: <a href=\"https:\/\/leatai.com\/fi\/muistikirjatieto\/paper-size-guide-ymmarra-yleiset-koot-kuten-b3-a4-b5-8k-16k-ja-paljon-muuta-kattava-kokotaulukko-helppoon-viittaukseen\/\" target=\"_blank\" rel=\"noopener\">miten B3, A4, B5, 8K, 16K ja muut yleiset koot jaetaan? Paperikokotaulukko selitt\u00e4\u00e4 kaiken yhdell\u00e4 silm\u00e4yksell\u00e4!<\/a><\/p>\n","protected":false},"excerpt":{"rendered":"<p>Asiakkaan nimi: Designer Edition \u2013 Creative Antique Book Tapauksen koko: 25K Tapauksen tyyli: k\u00e4sin ommeltu kovakantinen muistikirja Tapauksen logoefekti: tarra Erityispiirteet: k\u00e4sin ommeltu antiikkikirjamainen sidontatapa, jota harva on valmis toteuttamaan markkinoilla sen \u00e4\u00e4rimm\u00e4isen monimutkaisuuden vuoksi. Sidonta voidaan tehd\u00e4 ainoastaan t\u00e4ysin k\u00e4sity\u00f6n\u00e4, ja kyseess\u00e4 on kirjaimellisesti intohimolla ja vaivalla tehty luomus. \ud83d\udcd6Kaikki r\u00e4\u00e4t\u00e4l\u00f6idyt esimerkit: r\u00e4\u00e4t\u00e4l\u00f6idyt muistikirjat [&hellip;]<\/p>\n","protected":false},"featured_media":248882,"template":"","meta":{"_acf_changed":false},"product_brand":[],"product_cat":[879],"product_tag":[1545],"home_works":[],"class_list":{"0":"post-248881","1":"product","2":"type-product","3":"status-publish","4":"has-post-thumbnail","6":"product_cat-oem-kovakantinen-muistikirja","7":"product_tag-oem-fi","9":"first","10":"instock","11":"sold-individually","12":"shipping-taxable","13":"purchasable","14":"product-type-variable","15":"has-default-attributes"},"acf":[],"yoast_head":"<!-- This site is optimized with the Yoast SEO plugin v27.2 - https:\/\/yoast.com\/product\/yoast-seo-wordpress\/ -->\n<title>Designer Edition \u2013 Creative Antique Book - k\u00e4sin ommeltu el\u00e4m\u00e4nvoimalla \u2013 jokainen kirja on harvinaisuus, yksi kappale v\u00e4hemm\u00e4n jokaisen valmistuksen my\u00f6t\u00e4 - Leatai \u2013 R\u00e4\u00e4t\u00e4l\u00f6ityjen muistikirjojen valmistaja<\/title>\n<meta name=\"description\" content=\"OEM-kovakantinen esimerkkitapaus: Designer Edition \u2013 Creative Antique Book, tyyli: kovakantinen muistikirja, koko: 25K. Erityispiirteet: k\u00e4sin ommeltu antiikkikirjamainen sidontatekniikka, jota harva on valmis toteuttamaan markkinoilla sen todellisen monimutkaisuuden vuoksi; sidonta voidaan tehd\u00e4 vain t\u00e4ysin k\u00e4sity\u00f6n\u00e4, ja kyseess\u00e4 on kirjaimellisesti el\u00e4m\u00e4nenergiaa kuluttava luomus.\" \/>\n<meta name=\"robots\" content=\"index, follow, max-snippet:-1, max-image-preview:large, max-video-preview:-1\" \/>\n<link rel=\"canonical\" href=\"https:\/\/leatai.com\/fi\/product\/erilaisia-oem-naytteita\/oem-kovakantinen-muistikirja\/designer-edition-creative-antique-book\/\" \/>\n<meta property=\"og:locale\" content=\"fi_FI\" \/>\n<meta property=\"og:type\" content=\"article\" \/>\n<meta property=\"og:title\" content=\"Designer Edition \u2013 Creative Antique Book - k\u00e4sin ommeltu el\u00e4m\u00e4nvoimalla \u2013 jokainen kirja on harvinaisuus, yksi kappale v\u00e4hemm\u00e4n jokaisen valmistuksen my\u00f6t\u00e4 - Leatai \u2013 R\u00e4\u00e4t\u00e4l\u00f6ityjen muistikirjojen valmistaja\" \/>\n<meta property=\"og:description\" content=\"OEM-kovakantinen esimerkkitapaus: Designer Edition \u2013 Creative Antique Book, tyyli: kovakantinen muistikirja, koko: 25K. Erityispiirteet: k\u00e4sin ommeltu antiikkikirjamainen sidontatekniikka, jota harva on valmis toteuttamaan markkinoilla sen todellisen monimutkaisuuden vuoksi; sidonta voidaan tehd\u00e4 vain t\u00e4ysin k\u00e4sity\u00f6n\u00e4, ja kyseess\u00e4 on kirjaimellisesti el\u00e4m\u00e4nenergiaa kuluttava luomus.\" \/>\n<meta property=\"og:url\" content=\"https:\/\/leatai.com\/fi\/product\/erilaisia-oem-naytteita\/oem-kovakantinen-muistikirja\/designer-edition-creative-antique-book\/\" \/>\n<meta property=\"og:site_name\" content=\"Leatai \u2013 R\u00e4\u00e4t\u00e4l\u00f6ityjen muistikirjojen valmistaja\" \/>\n<meta property=\"article:modified_time\" content=\"2025-12-19T09:51:27+00:00\" \/>\n<meta property=\"og:image\" content=\"https:\/\/leatai.com\/wp-content\/uploads\/1-18.jpg\" \/>\n\t<meta property=\"og:image:width\" content=\"1000\" \/>\n\t<meta property=\"og:image:height\" content=\"750\" \/>\n\t<meta property=\"og:image:type\" content=\"image\/jpeg\" \/>\n<meta name=\"twitter:card\" content=\"summary_large_image\" \/>\n<meta name=\"twitter:label1\" content=\"Arvioitu lukuaika\" \/>\n\t<meta name=\"twitter:data1\" content=\"1 minuutti\" \/>\n<script type=\"application\/ld+json\" class=\"yoast-schema-graph\">{\"@context\":\"https:\/\/schema.org\",\"@graph\":[{\"@type\":\"WebPage\",\"@id\":\"https:\/\/leatai.com\/fi\/product\/erilaisia-oem-naytteita\/oem-kovakantinen-muistikirja\/designer-edition-creative-antique-book\/\",\"url\":\"https:\/\/leatai.com\/fi\/product\/erilaisia-oem-naytteita\/oem-kovakantinen-muistikirja\/designer-edition-creative-antique-book\/\",\"name\":\"Designer Edition \u2013 Creative Antique Book - k\u00e4sin ommeltu el\u00e4m\u00e4nvoimalla \u2013 jokainen kirja on harvinaisuus, yksi kappale v\u00e4hemm\u00e4n jokaisen valmistuksen my\u00f6t\u00e4 - Leatai \u2013 R\u00e4\u00e4t\u00e4l\u00f6ityjen muistikirjojen valmistaja\",\"isPartOf\":{\"@id\":\"https:\/\/leatai.com\/fi\/#website\"},\"primaryImageOfPage\":{\"@id\":\"https:\/\/leatai.com\/fi\/product\/erilaisia-oem-naytteita\/oem-kovakantinen-muistikirja\/designer-edition-creative-antique-book\/#primaryimage\"},\"image\":{\"@id\":\"https:\/\/leatai.com\/fi\/product\/erilaisia-oem-naytteita\/oem-kovakantinen-muistikirja\/designer-edition-creative-antique-book\/#primaryimage\"},\"thumbnailUrl\":\"https:\/\/leatai.com\/wp-content\/uploads\/1-18.jpg\",\"datePublished\":\"2021-08-18T09:18:34+00:00\",\"dateModified\":\"2025-12-19T09:51:27+00:00\",\"description\":\"OEM-kovakantinen esimerkkitapaus: Designer Edition \u2013 Creative Antique Book, tyyli: kovakantinen muistikirja, koko: 25K. Erityispiirteet: k\u00e4sin ommeltu antiikkikirjamainen sidontatekniikka, jota harva on valmis toteuttamaan markkinoilla sen todellisen monimutkaisuuden vuoksi; sidonta voidaan tehd\u00e4 vain t\u00e4ysin k\u00e4sity\u00f6n\u00e4, ja kyseess\u00e4 on kirjaimellisesti el\u00e4m\u00e4nenergiaa kuluttava luomus.\",\"breadcrumb\":{\"@id\":\"https:\/\/leatai.com\/fi\/product\/erilaisia-oem-naytteita\/oem-kovakantinen-muistikirja\/designer-edition-creative-antique-book\/#breadcrumb\"},\"inLanguage\":\"fi\",\"potentialAction\":[{\"@type\":\"ReadAction\",\"target\":[\"https:\/\/leatai.com\/fi\/product\/erilaisia-oem-naytteita\/oem-kovakantinen-muistikirja\/designer-edition-creative-antique-book\/\"]}]},{\"@type\":\"ImageObject\",\"inLanguage\":\"fi\",\"@id\":\"https:\/\/leatai.com\/fi\/product\/erilaisia-oem-naytteita\/oem-kovakantinen-muistikirja\/designer-edition-creative-antique-book\/#primaryimage\",\"url\":\"https:\/\/leatai.com\/wp-content\/uploads\/1-18.jpg\",\"contentUrl\":\"https:\/\/leatai.com\/wp-content\/uploads\/1-18.jpg\",\"width\":1000,\"height\":750,\"caption\":\"k\u00e4sin ommeltu kovakantinen muistikirja\"},{\"@type\":\"BreadcrumbList\",\"@id\":\"https:\/\/leatai.com\/fi\/product\/erilaisia-oem-naytteita\/oem-kovakantinen-muistikirja\/designer-edition-creative-antique-book\/#breadcrumb\",\"itemListElement\":[{\"@type\":\"ListItem\",\"position\":1,\"name\":\"Home\",\"item\":\"https:\/\/leatai.com\/fi\/\"},{\"@type\":\"ListItem\",\"position\":2,\"name\":\"Tuote-esittely\",\"item\":\"https:\/\/leatai.com\/products\/\"},{\"@type\":\"ListItem\",\"position\":3,\"name\":\"Erilaisia OEM-n\u00e4ytteit\u00e4\",\"item\":\"https:\/\/leatai.com\/fi\/tuote-osasto\/erilaisia-oem-naytteita\/\"},{\"@type\":\"ListItem\",\"position\":4,\"name\":\"OEM Kovakantinen Muistikirja\",\"item\":\"https:\/\/leatai.com\/fi\/tuote-osasto\/erilaisia-oem-naytteita\/oem-kovakantinen-muistikirja\/\"},{\"@type\":\"ListItem\",\"position\":5,\"name\":\"Designer Edition \u2013 Creative Antique Book\"}]},{\"@type\":\"WebSite\",\"@id\":\"https:\/\/leatai.com\/fi\/#website\",\"url\":\"https:\/\/leatai.com\/fi\/\",\"name\":\"Leatai \u2013 R\u00e4\u00e4t\u00e4l\u00f6ityjen muistikirjojen valmistaja\",\"description\":\"Leatai tarjoaa r\u00e4\u00e4t\u00e4l\u00f6ityj\u00e4 muistikirjoja ja suunnittelijoita br\u00e4ndeille ja j\u00e4lleenmyyjille maailmanlaajuisesti.\",\"publisher\":{\"@id\":\"https:\/\/leatai.com\/fi\/#organization\"},\"potentialAction\":[{\"@type\":\"SearchAction\",\"target\":{\"@type\":\"EntryPoint\",\"urlTemplate\":\"https:\/\/leatai.com\/fi\/?s={search_term_string}\"},\"query-input\":{\"@type\":\"PropertyValueSpecification\",\"valueRequired\":true,\"valueName\":\"search_term_string\"}}],\"inLanguage\":\"fi\"},{\"@type\":\"Organization\",\"@id\":\"https:\/\/leatai.com\/fi\/#organization\",\"name\":\"Leatai Diary, customized journal and business organizer\",\"url\":\"https:\/\/leatai.com\/fi\/\",\"logo\":{\"@type\":\"ImageObject\",\"inLanguage\":\"fi\",\"@id\":\"https:\/\/leatai.com\/fi\/#\/schema\/logo\/image\/\",\"url\":\"https:\/\/leatai.com\/wp-content\/uploads\/logo-blue.png\",\"contentUrl\":\"https:\/\/leatai.com\/wp-content\/uploads\/logo-blue.png\",\"width\":230,\"height\":60,\"caption\":\"Leatai Diary, customized journal and business organizer\"},\"image\":{\"@id\":\"https:\/\/leatai.com\/fi\/#\/schema\/logo\/image\/\"}}]}<\/script>\n<!-- \/ Yoast SEO plugin. -->","yoast_head_json":{"title":"Designer Edition \u2013 Creative Antique Book - k\u00e4sin ommeltu el\u00e4m\u00e4nvoimalla \u2013 jokainen kirja on harvinaisuus, yksi kappale v\u00e4hemm\u00e4n jokaisen valmistuksen my\u00f6t\u00e4 - Leatai \u2013 R\u00e4\u00e4t\u00e4l\u00f6ityjen muistikirjojen valmistaja","description":"OEM-kovakantinen esimerkkitapaus: Designer Edition \u2013 Creative Antique Book, tyyli: kovakantinen muistikirja, koko: 25K. Erityispiirteet: k\u00e4sin ommeltu antiikkikirjamainen sidontatekniikka, jota harva on valmis toteuttamaan markkinoilla sen todellisen monimutkaisuuden vuoksi; sidonta voidaan tehd\u00e4 vain t\u00e4ysin k\u00e4sity\u00f6n\u00e4, ja kyseess\u00e4 on kirjaimellisesti el\u00e4m\u00e4nenergiaa kuluttava luomus.","robots":{"index":"index","follow":"follow","max-snippet":"max-snippet:-1","max-image-preview":"max-image-preview:large","max-video-preview":"max-video-preview:-1"},"canonical":"https:\/\/leatai.com\/fi\/product\/erilaisia-oem-naytteita\/oem-kovakantinen-muistikirja\/designer-edition-creative-antique-book\/","og_locale":"fi_FI","og_type":"article","og_title":"Designer Edition \u2013 Creative Antique Book - k\u00e4sin ommeltu el\u00e4m\u00e4nvoimalla \u2013 jokainen kirja on harvinaisuus, yksi kappale v\u00e4hemm\u00e4n jokaisen valmistuksen my\u00f6t\u00e4 - Leatai \u2013 R\u00e4\u00e4t\u00e4l\u00f6ityjen muistikirjojen valmistaja","og_description":"OEM-kovakantinen esimerkkitapaus: Designer Edition \u2013 Creative Antique Book, tyyli: kovakantinen muistikirja, koko: 25K. Erityispiirteet: k\u00e4sin ommeltu antiikkikirjamainen sidontatekniikka, jota harva on valmis toteuttamaan markkinoilla sen todellisen monimutkaisuuden vuoksi; sidonta voidaan tehd\u00e4 vain t\u00e4ysin k\u00e4sity\u00f6n\u00e4, ja kyseess\u00e4 on kirjaimellisesti el\u00e4m\u00e4nenergiaa kuluttava luomus.","og_url":"https:\/\/leatai.com\/fi\/product\/erilaisia-oem-naytteita\/oem-kovakantinen-muistikirja\/designer-edition-creative-antique-book\/","og_site_name":"Leatai \u2013 R\u00e4\u00e4t\u00e4l\u00f6ityjen muistikirjojen valmistaja","article_modified_time":"2025-12-19T09:51:27+00:00","og_image":[{"width":1000,"height":750,"url":"https:\/\/leatai.com\/wp-content\/uploads\/1-18.jpg","type":"image\/jpeg"}],"twitter_card":"summary_large_image","twitter_misc":{"Arvioitu lukuaika":"1 minuutti"},"schema":{"@context":"https:\/\/schema.org","@graph":[{"@type":"WebPage","@id":"https:\/\/leatai.com\/fi\/product\/erilaisia-oem-naytteita\/oem-kovakantinen-muistikirja\/designer-edition-creative-antique-book\/","url":"https:\/\/leatai.com\/fi\/product\/erilaisia-oem-naytteita\/oem-kovakantinen-muistikirja\/designer-edition-creative-antique-book\/","name":"Designer Edition \u2013 Creative Antique Book - k\u00e4sin ommeltu el\u00e4m\u00e4nvoimalla \u2013 jokainen kirja on harvinaisuus, yksi kappale v\u00e4hemm\u00e4n jokaisen valmistuksen my\u00f6t\u00e4 - Leatai \u2013 R\u00e4\u00e4t\u00e4l\u00f6ityjen muistikirjojen valmistaja","isPartOf":{"@id":"https:\/\/leatai.com\/fi\/#website"},"primaryImageOfPage":{"@id":"https:\/\/leatai.com\/fi\/product\/erilaisia-oem-naytteita\/oem-kovakantinen-muistikirja\/designer-edition-creative-antique-book\/#primaryimage"},"image":{"@id":"https:\/\/leatai.com\/fi\/product\/erilaisia-oem-naytteita\/oem-kovakantinen-muistikirja\/designer-edition-creative-antique-book\/#primaryimage"},"thumbnailUrl":"https:\/\/leatai.com\/wp-content\/uploads\/1-18.jpg","datePublished":"2021-08-18T09:18:34+00:00","dateModified":"2025-12-19T09:51:27+00:00","description":"OEM-kovakantinen esimerkkitapaus: Designer Edition \u2013 Creative Antique Book, tyyli: kovakantinen muistikirja, koko: 25K. Erityispiirteet: k\u00e4sin ommeltu antiikkikirjamainen sidontatekniikka, jota harva on valmis toteuttamaan markkinoilla sen todellisen monimutkaisuuden vuoksi; sidonta voidaan tehd\u00e4 vain t\u00e4ysin k\u00e4sity\u00f6n\u00e4, ja kyseess\u00e4 on kirjaimellisesti el\u00e4m\u00e4nenergiaa kuluttava luomus.","breadcrumb":{"@id":"https:\/\/leatai.com\/fi\/product\/erilaisia-oem-naytteita\/oem-kovakantinen-muistikirja\/designer-edition-creative-antique-book\/#breadcrumb"},"inLanguage":"fi","potentialAction":[{"@type":"ReadAction","target":["https:\/\/leatai.com\/fi\/product\/erilaisia-oem-naytteita\/oem-kovakantinen-muistikirja\/designer-edition-creative-antique-book\/"]}]},{"@type":"ImageObject","inLanguage":"fi","@id":"https:\/\/leatai.com\/fi\/product\/erilaisia-oem-naytteita\/oem-kovakantinen-muistikirja\/designer-edition-creative-antique-book\/#primaryimage","url":"https:\/\/leatai.com\/wp-content\/uploads\/1-18.jpg","contentUrl":"https:\/\/leatai.com\/wp-content\/uploads\/1-18.jpg","width":1000,"height":750,"caption":"k\u00e4sin ommeltu kovakantinen muistikirja"},{"@type":"BreadcrumbList","@id":"https:\/\/leatai.com\/fi\/product\/erilaisia-oem-naytteita\/oem-kovakantinen-muistikirja\/designer-edition-creative-antique-book\/#breadcrumb","itemListElement":[{"@type":"ListItem","position":1,"name":"Home","item":"https:\/\/leatai.com\/fi\/"},{"@type":"ListItem","position":2,"name":"Tuote-esittely","item":"https:\/\/leatai.com\/products\/"},{"@type":"ListItem","position":3,"name":"Erilaisia OEM-n\u00e4ytteit\u00e4","item":"https:\/\/leatai.com\/fi\/tuote-osasto\/erilaisia-oem-naytteita\/"},{"@type":"ListItem","position":4,"name":"OEM Kovakantinen Muistikirja","item":"https:\/\/leatai.com\/fi\/tuote-osasto\/erilaisia-oem-naytteita\/oem-kovakantinen-muistikirja\/"},{"@type":"ListItem","position":5,"name":"Designer Edition \u2013 Creative Antique Book"}]},{"@type":"WebSite","@id":"https:\/\/leatai.com\/fi\/#website","url":"https:\/\/leatai.com\/fi\/","name":"Leatai \u2013 R\u00e4\u00e4t\u00e4l\u00f6ityjen muistikirjojen valmistaja","description":"Leatai tarjoaa r\u00e4\u00e4t\u00e4l\u00f6ityj\u00e4 muistikirjoja ja suunnittelijoita br\u00e4ndeille ja j\u00e4lleenmyyjille maailmanlaajuisesti.","publisher":{"@id":"https:\/\/leatai.com\/fi\/#organization"},"potentialAction":[{"@type":"SearchAction","target":{"@type":"EntryPoint","urlTemplate":"https:\/\/leatai.com\/fi\/?s={search_term_string}"},"query-input":{"@type":"PropertyValueSpecification","valueRequired":true,"valueName":"search_term_string"}}],"inLanguage":"fi"},{"@type":"Organization","@id":"https:\/\/leatai.com\/fi\/#organization","name":"Leatai Diary, customized journal and business organizer","url":"https:\/\/leatai.com\/fi\/","logo":{"@type":"ImageObject","inLanguage":"fi","@id":"https:\/\/leatai.com\/fi\/#\/schema\/logo\/image\/","url":"https:\/\/leatai.com\/wp-content\/uploads\/logo-blue.png","contentUrl":"https:\/\/leatai.com\/wp-content\/uploads\/logo-blue.png","width":230,"height":60,"caption":"Leatai Diary, customized journal and business organizer"},"image":{"@id":"https:\/\/leatai.com\/fi\/#\/schema\/logo\/image\/"}}]}},"_links":{"self":[{"href":"https:\/\/leatai.com\/fi\/wp-json\/wp\/v2\/product\/248881","targetHints":{"allow":["GET"]}}],"collection":[{"href":"https:\/\/leatai.com\/fi\/wp-json\/wp\/v2\/product"}],"about":[{"href":"https:\/\/leatai.com\/fi\/wp-json\/wp\/v2\/types\/product"}],"wp:featuredmedia":[{"embeddable":true,"href":"https:\/\/leatai.com\/fi\/wp-json\/wp\/v2\/media\/248882"}],"wp:attachment":[{"href":"https:\/\/leatai.com\/fi\/wp-json\/wp\/v2\/media?parent=248881"}],"wp:term":[{"taxonomy":"product_brand","embeddable":true,"href":"https:\/\/leatai.com\/fi\/wp-json\/wp\/v2\/product_brand?post=248881"},{"taxonomy":"product_cat","embeddable":true,"href":"https:\/\/leatai.com\/fi\/wp-json\/wp\/v2\/product_cat?post=248881"},{"taxonomy":"product_tag","embeddable":true,"href":"https:\/\/leatai.com\/fi\/wp-json\/wp\/v2\/product_tag?post=248881"},{"taxonomy":"home_works","embeddable":true,"href":"https:\/\/leatai.com\/fi\/wp-json\/wp\/v2\/home_works?post=248881"}],"curies":[{"name":"wp","href":"https:\/\/api.w.org\/{rel}","templated":true}]}}