{"id":248078,"date":"2024-08-15T19:46:00","date_gmt":"2024-08-15T11:46:00","guid":{"rendered":"https:\/\/leatai.com\/product\/Ei-luokiteltu\/taipei-101\/"},"modified":"2026-01-06T15:46:25","modified_gmt":"2026-01-06T07:46:25","slug":"taipei-101","status":"publish","type":"product","link":"https:\/\/leatai.com\/fi\/product\/erilaisia-oem-naytteita\/oem-kovakantinen-muistikirja\/taipei-101\/","title":{"rendered":"Taipei 101"},"content":{"rendered":"<p>Asiakkaan nimi: Taipei 101<br \/>\nKotelon koko: 25K<br \/>\nKotelon tyyli: Kovakantinen muistikirja<br \/>\nKotelon logon toteutus: Polttomerkint\u00e4<br \/>\nErityispiirteet: Taiwanin edustavimpana maamerkkin\u00e4 Taipei 101 valitsi klassisimman kovakantisen toteutustavan. Materiaalina k\u00e4ytet\u00e4\u00e4n korkealaatuista keinonahkaa, ja mukana on my\u00f6s erikoispainatuksia sek\u00e4 muita kustannuksiltaan vaativampia ratkaisuja \u2013 kaikki yksityiskohdat heijastavat tinkim\u00e4t\u00f6nt\u00e4 laatua.<\/p>\n<p>\ud83d\udcd6Kaikki r\u00e4\u00e4t\u00e4l\u00f6idyt esimerkit: <a href=\"https:\/\/leatai.com\/fi\/tuote-avainsana\/oem-fi\/\" target=\"_blank\" rel=\"noopener\">r\u00e4\u00e4t\u00e4l\u00f6idyt muistikirjat \/ r\u00e4\u00e4t\u00e4l\u00f6idyt liiketoimintap\u00e4iv\u00e4kirjat<\/a><\/p>\n<p>\ud83d\udcd6R\u00e4\u00e4t\u00e4l\u00f6ityjen muistikirjojen \/ liiketoimintap\u00e4iv\u00e4kirjojen vakiotuotteet:<\/p>\n<p><a href=\"https:\/\/leatai.com\/fi\/tuote-osasto\/raataloity-muistikirja\/kovakantinen-muistikirja\/\" target=\"_blank\" rel=\"noopener\">Kovakantinen muistikirja \/ kovakantinen liiketoimintap\u00e4iv\u00e4kirja<\/a><br \/>\n<a href=\"https:\/\/leatai.com\/fi\/tuote-osasto\/raataloity-muistikirja\/irtolehti-muistikirja\/\" target=\"_blank\" rel=\"noopener\">Rengaskansiomuistikirja \/ rengaskansiollinen liiketoimintap\u00e4iv\u00e4kirja<\/a><br \/>\n<a href=\"https:\/\/leatai.com\/fi\/tuote-osasto\/raataloity-muistikirja\/irrotettava-muistikirja\/\" target=\"_blank\" rel=\"noopener\">Irrotettavilla sivuilla varustettu muistikirja \/ irrotettavilla sivuilla varustettu liiketoimintap\u00e4iv\u00e4kirja<\/a><br \/>\n<a href=\"https:\/\/leatai.com\/fi\/tuote-osasto\/raataloity-muistikirja\/pehmeakantinen-muistikirja\/\" target=\"_blank\" rel=\"noopener\">Pehme\u00e4kantinen muistikirja \/ pehme\u00e4kantinen liiketoimintap\u00e4iv\u00e4kirja<\/a><br \/>\n<a href=\"https:\/\/leatai.com\/fi\/tuote-osasto\/raataloity-muistikirja\/kierrevihko\/\" target=\"_blank\" rel=\"noopener\">Kierresidottu muistikirja \/ kierresidottu liiketoimintap\u00e4iv\u00e4kirja<\/a><\/p>\n<p>\ud83d\udcd6Paperikokojen opas: <a href=\"https:\/\/leatai.com\/fi\/muistikirjatieto\/paper-size-guide-ymmarra-yleiset-koot-kuten-b3-a4-b5-8k-16k-ja-paljon-muuta-kattava-kokotaulukko-helppoon-viittaukseen\/\" target=\"_blank\" rel=\"noopener\">miten B3, A4, B5, 8K, 16K ja muut yleiset koot jaetaan? Paperikokotaulukko selitt\u00e4\u00e4 kaiken yhdell\u00e4 silm\u00e4yksell\u00e4!<\/a><\/p>\n","protected":false},"excerpt":{"rendered":"<p>Asiakkaan nimi: Taipei 101 Kotelon koko: 25K Kotelon tyyli: Kovakantinen muistikirja Kotelon logon toteutus: Polttomerkint\u00e4 Erityispiirteet: Taiwanin edustavimpana maamerkkin\u00e4 Taipei 101 valitsi klassisimman kovakantisen toteutustavan. Materiaalina k\u00e4ytet\u00e4\u00e4n korkealaatuista keinonahkaa, ja mukana on my\u00f6s erikoispainatuksia sek\u00e4 muita kustannuksiltaan vaativampia ratkaisuja \u2013 kaikki yksityiskohdat heijastavat tinkim\u00e4t\u00f6nt\u00e4 laatua. \ud83d\udcd6Kaikki r\u00e4\u00e4t\u00e4l\u00f6idyt esimerkit: r\u00e4\u00e4t\u00e4l\u00f6idyt muistikirjat \/ r\u00e4\u00e4t\u00e4l\u00f6idyt liiketoimintap\u00e4iv\u00e4kirjat \ud83d\udcd6R\u00e4\u00e4t\u00e4l\u00f6ityjen muistikirjojen [&hellip;]<\/p>\n","protected":false},"featured_media":74490,"template":"","meta":{"_acf_changed":false},"product_brand":[],"product_cat":[879],"product_tag":[1545],"home_works":[],"class_list":{"0":"post-248078","1":"product","2":"type-product","3":"status-publish","4":"has-post-thumbnail","6":"product_cat-oem-kovakantinen-muistikirja","7":"product_tag-oem-fi","9":"first","10":"outofstock","11":"sold-individually","12":"shipping-taxable","13":"purchasable","14":"product-type-variable","15":"has-default-attributes"},"acf":[],"yoast_head":"<!-- This site is optimized with the Yoast SEO plugin v27.2 - https:\/\/yoast.com\/product\/yoast-seo-wordpress\/ -->\n<title>Taipei 101 - R\u00e4\u00e4t\u00e4l\u00f6ity muistikirja- Leatai \u2013 R\u00e4\u00e4t\u00e4l\u00f6ityjen muistikirjojen valmistaja<\/title>\n<meta name=\"description\" content=\"Asiakkaan nimi: Taipei 101 Kotelon koko: 25K Kotelon tyyli: Kovakantinen muistikirja Kotelon logon toteutus: Polttomerkint\u00e4 Erityispiirteet: Taiwanin edustavimpana maamerkkin\u00e4 Taipei 101 valitsi kaikkein klassisimman kovakantisen toteutuksen. Materiaalina k\u00e4ytet\u00e4\u00e4n korkealaatuista keinonahkaa, ja lis\u00e4ksi on hy\u00f6dynnetty erikoispainatuksia sek\u00e4 muita kustannuksiltaan vaativampia ratkaisuja \u2013 jokainen yksityiskohta osoittaa sitoutumista laadun vaalimiseen.\" \/>\n<meta name=\"robots\" content=\"index, follow, max-snippet:-1, max-image-preview:large, max-video-preview:-1\" \/>\n<link rel=\"canonical\" href=\"https:\/\/leatai.com\/fi\/product\/erilaisia-oem-naytteita\/oem-kovakantinen-muistikirja\/taipei-101\/\" \/>\n<meta property=\"og:locale\" content=\"fi_FI\" \/>\n<meta property=\"og:type\" content=\"article\" \/>\n<meta property=\"og:title\" content=\"Taipei 101 - R\u00e4\u00e4t\u00e4l\u00f6ity muistikirja- Leatai \u2013 R\u00e4\u00e4t\u00e4l\u00f6ityjen muistikirjojen valmistaja\" \/>\n<meta property=\"og:description\" content=\"Asiakkaan nimi: Taipei 101 Kotelon koko: 25K Kotelon tyyli: Kovakantinen muistikirja Kotelon logon toteutus: Polttomerkint\u00e4 Erityispiirteet: Taiwanin edustavimpana maamerkkin\u00e4 Taipei 101 valitsi kaikkein klassisimman kovakantisen toteutuksen. Materiaalina k\u00e4ytet\u00e4\u00e4n korkealaatuista keinonahkaa, ja lis\u00e4ksi on hy\u00f6dynnetty erikoispainatuksia sek\u00e4 muita kustannuksiltaan vaativampia ratkaisuja \u2013 jokainen yksityiskohta osoittaa sitoutumista laadun vaalimiseen.\" \/>\n<meta property=\"og:url\" content=\"https:\/\/leatai.com\/fi\/product\/erilaisia-oem-naytteita\/oem-kovakantinen-muistikirja\/taipei-101\/\" \/>\n<meta property=\"og:site_name\" content=\"Leatai \u2013 R\u00e4\u00e4t\u00e4l\u00f6ityjen muistikirjojen valmistaja\" \/>\n<meta property=\"article:modified_time\" content=\"2026-01-06T07:46:25+00:00\" \/>\n<meta property=\"og:image\" content=\"https:\/\/leatai.com\/wp-content\/uploads\/DSC_2855-1.jpg\" \/>\n\t<meta property=\"og:image:width\" content=\"1000\" \/>\n\t<meta property=\"og:image:height\" content=\"750\" \/>\n\t<meta property=\"og:image:type\" content=\"image\/jpeg\" \/>\n<meta name=\"twitter:card\" content=\"summary_large_image\" \/>\n<meta name=\"twitter:label1\" content=\"Arvioitu lukuaika\" \/>\n\t<meta name=\"twitter:data1\" content=\"1 minuutti\" \/>\n<script type=\"application\/ld+json\" class=\"yoast-schema-graph\">{\"@context\":\"https:\/\/schema.org\",\"@graph\":[{\"@type\":\"WebPage\",\"@id\":\"https:\/\/leatai.com\/fi\/product\/erilaisia-oem-naytteita\/oem-kovakantinen-muistikirja\/taipei-101\/\",\"url\":\"https:\/\/leatai.com\/fi\/product\/erilaisia-oem-naytteita\/oem-kovakantinen-muistikirja\/taipei-101\/\",\"name\":\"Taipei 101 - R\u00e4\u00e4t\u00e4l\u00f6ity muistikirja- Leatai \u2013 R\u00e4\u00e4t\u00e4l\u00f6ityjen muistikirjojen valmistaja\",\"isPartOf\":{\"@id\":\"https:\/\/leatai.com\/fi\/#website\"},\"primaryImageOfPage\":{\"@id\":\"https:\/\/leatai.com\/fi\/product\/erilaisia-oem-naytteita\/oem-kovakantinen-muistikirja\/taipei-101\/#primaryimage\"},\"image\":{\"@id\":\"https:\/\/leatai.com\/fi\/product\/erilaisia-oem-naytteita\/oem-kovakantinen-muistikirja\/taipei-101\/#primaryimage\"},\"thumbnailUrl\":\"https:\/\/leatai.com\/wp-content\/uploads\/DSC_2855-1.jpg\",\"datePublished\":\"2024-08-15T11:46:00+00:00\",\"dateModified\":\"2026-01-06T07:46:25+00:00\",\"description\":\"Asiakkaan nimi: Taipei 101 Kotelon koko: 25K Kotelon tyyli: Kovakantinen muistikirja Kotelon logon toteutus: Polttomerkint\u00e4 Erityispiirteet: Taiwanin edustavimpana maamerkkin\u00e4 Taipei 101 valitsi kaikkein klassisimman kovakantisen toteutuksen. Materiaalina k\u00e4ytet\u00e4\u00e4n korkealaatuista keinonahkaa, ja lis\u00e4ksi on hy\u00f6dynnetty erikoispainatuksia sek\u00e4 muita kustannuksiltaan vaativampia ratkaisuja \u2013 jokainen yksityiskohta osoittaa sitoutumista laadun vaalimiseen.\",\"breadcrumb\":{\"@id\":\"https:\/\/leatai.com\/fi\/product\/erilaisia-oem-naytteita\/oem-kovakantinen-muistikirja\/taipei-101\/#breadcrumb\"},\"inLanguage\":\"fi\",\"potentialAction\":[{\"@type\":\"ReadAction\",\"target\":[\"https:\/\/leatai.com\/fi\/product\/erilaisia-oem-naytteita\/oem-kovakantinen-muistikirja\/taipei-101\/\"]}]},{\"@type\":\"ImageObject\",\"inLanguage\":\"fi\",\"@id\":\"https:\/\/leatai.com\/fi\/product\/erilaisia-oem-naytteita\/oem-kovakantinen-muistikirja\/taipei-101\/#primaryimage\",\"url\":\"https:\/\/leatai.com\/wp-content\/uploads\/DSC_2855-1.jpg\",\"contentUrl\":\"https:\/\/leatai.com\/wp-content\/uploads\/DSC_2855-1.jpg\",\"width\":1000,\"height\":750},{\"@type\":\"BreadcrumbList\",\"@id\":\"https:\/\/leatai.com\/fi\/product\/erilaisia-oem-naytteita\/oem-kovakantinen-muistikirja\/taipei-101\/#breadcrumb\",\"itemListElement\":[{\"@type\":\"ListItem\",\"position\":1,\"name\":\"Home\",\"item\":\"https:\/\/leatai.com\/fi\/\"},{\"@type\":\"ListItem\",\"position\":2,\"name\":\"Tuote-esittely\",\"item\":\"https:\/\/leatai.com\/products\/\"},{\"@type\":\"ListItem\",\"position\":3,\"name\":\"Erilaisia OEM-n\u00e4ytteit\u00e4\",\"item\":\"https:\/\/leatai.com\/fi\/tuote-osasto\/erilaisia-oem-naytteita\/\"},{\"@type\":\"ListItem\",\"position\":4,\"name\":\"OEM Kovakantinen Muistikirja\",\"item\":\"https:\/\/leatai.com\/fi\/tuote-osasto\/erilaisia-oem-naytteita\/oem-kovakantinen-muistikirja\/\"},{\"@type\":\"ListItem\",\"position\":5,\"name\":\"Taipei 101\"}]},{\"@type\":\"WebSite\",\"@id\":\"https:\/\/leatai.com\/fi\/#website\",\"url\":\"https:\/\/leatai.com\/fi\/\",\"name\":\"Leatai \u2013 R\u00e4\u00e4t\u00e4l\u00f6ityjen muistikirjojen valmistaja\",\"description\":\"Leatai tarjoaa r\u00e4\u00e4t\u00e4l\u00f6ityj\u00e4 muistikirjoja ja suunnittelijoita br\u00e4ndeille ja j\u00e4lleenmyyjille maailmanlaajuisesti.\",\"publisher\":{\"@id\":\"https:\/\/leatai.com\/fi\/#organization\"},\"potentialAction\":[{\"@type\":\"SearchAction\",\"target\":{\"@type\":\"EntryPoint\",\"urlTemplate\":\"https:\/\/leatai.com\/fi\/?s={search_term_string}\"},\"query-input\":{\"@type\":\"PropertyValueSpecification\",\"valueRequired\":true,\"valueName\":\"search_term_string\"}}],\"inLanguage\":\"fi\"},{\"@type\":\"Organization\",\"@id\":\"https:\/\/leatai.com\/fi\/#organization\",\"name\":\"Leatai Diary, customized journal and business organizer\",\"url\":\"https:\/\/leatai.com\/fi\/\",\"logo\":{\"@type\":\"ImageObject\",\"inLanguage\":\"fi\",\"@id\":\"https:\/\/leatai.com\/fi\/#\/schema\/logo\/image\/\",\"url\":\"https:\/\/leatai.com\/wp-content\/uploads\/logo-blue.png\",\"contentUrl\":\"https:\/\/leatai.com\/wp-content\/uploads\/logo-blue.png\",\"width\":230,\"height\":60,\"caption\":\"Leatai Diary, customized journal and business organizer\"},\"image\":{\"@id\":\"https:\/\/leatai.com\/fi\/#\/schema\/logo\/image\/\"}}]}<\/script>\n<!-- \/ Yoast SEO plugin. -->","yoast_head_json":{"title":"Taipei 101 - R\u00e4\u00e4t\u00e4l\u00f6ity muistikirja- Leatai \u2013 R\u00e4\u00e4t\u00e4l\u00f6ityjen muistikirjojen valmistaja","description":"Asiakkaan nimi: Taipei 101 Kotelon koko: 25K Kotelon tyyli: Kovakantinen muistikirja Kotelon logon toteutus: Polttomerkint\u00e4 Erityispiirteet: Taiwanin edustavimpana maamerkkin\u00e4 Taipei 101 valitsi kaikkein klassisimman kovakantisen toteutuksen. Materiaalina k\u00e4ytet\u00e4\u00e4n korkealaatuista keinonahkaa, ja lis\u00e4ksi on hy\u00f6dynnetty erikoispainatuksia sek\u00e4 muita kustannuksiltaan vaativampia ratkaisuja \u2013 jokainen yksityiskohta osoittaa sitoutumista laadun vaalimiseen.","robots":{"index":"index","follow":"follow","max-snippet":"max-snippet:-1","max-image-preview":"max-image-preview:large","max-video-preview":"max-video-preview:-1"},"canonical":"https:\/\/leatai.com\/fi\/product\/erilaisia-oem-naytteita\/oem-kovakantinen-muistikirja\/taipei-101\/","og_locale":"fi_FI","og_type":"article","og_title":"Taipei 101 - R\u00e4\u00e4t\u00e4l\u00f6ity muistikirja- Leatai \u2013 R\u00e4\u00e4t\u00e4l\u00f6ityjen muistikirjojen valmistaja","og_description":"Asiakkaan nimi: Taipei 101 Kotelon koko: 25K Kotelon tyyli: Kovakantinen muistikirja Kotelon logon toteutus: Polttomerkint\u00e4 Erityispiirteet: Taiwanin edustavimpana maamerkkin\u00e4 Taipei 101 valitsi kaikkein klassisimman kovakantisen toteutuksen. Materiaalina k\u00e4ytet\u00e4\u00e4n korkealaatuista keinonahkaa, ja lis\u00e4ksi on hy\u00f6dynnetty erikoispainatuksia sek\u00e4 muita kustannuksiltaan vaativampia ratkaisuja \u2013 jokainen yksityiskohta osoittaa sitoutumista laadun vaalimiseen.","og_url":"https:\/\/leatai.com\/fi\/product\/erilaisia-oem-naytteita\/oem-kovakantinen-muistikirja\/taipei-101\/","og_site_name":"Leatai \u2013 R\u00e4\u00e4t\u00e4l\u00f6ityjen muistikirjojen valmistaja","article_modified_time":"2026-01-06T07:46:25+00:00","og_image":[{"width":1000,"height":750,"url":"https:\/\/leatai.com\/wp-content\/uploads\/DSC_2855-1.jpg","type":"image\/jpeg"}],"twitter_card":"summary_large_image","twitter_misc":{"Arvioitu lukuaika":"1 minuutti"},"schema":{"@context":"https:\/\/schema.org","@graph":[{"@type":"WebPage","@id":"https:\/\/leatai.com\/fi\/product\/erilaisia-oem-naytteita\/oem-kovakantinen-muistikirja\/taipei-101\/","url":"https:\/\/leatai.com\/fi\/product\/erilaisia-oem-naytteita\/oem-kovakantinen-muistikirja\/taipei-101\/","name":"Taipei 101 - R\u00e4\u00e4t\u00e4l\u00f6ity muistikirja- Leatai \u2013 R\u00e4\u00e4t\u00e4l\u00f6ityjen muistikirjojen valmistaja","isPartOf":{"@id":"https:\/\/leatai.com\/fi\/#website"},"primaryImageOfPage":{"@id":"https:\/\/leatai.com\/fi\/product\/erilaisia-oem-naytteita\/oem-kovakantinen-muistikirja\/taipei-101\/#primaryimage"},"image":{"@id":"https:\/\/leatai.com\/fi\/product\/erilaisia-oem-naytteita\/oem-kovakantinen-muistikirja\/taipei-101\/#primaryimage"},"thumbnailUrl":"https:\/\/leatai.com\/wp-content\/uploads\/DSC_2855-1.jpg","datePublished":"2024-08-15T11:46:00+00:00","dateModified":"2026-01-06T07:46:25+00:00","description":"Asiakkaan nimi: Taipei 101 Kotelon koko: 25K Kotelon tyyli: Kovakantinen muistikirja Kotelon logon toteutus: Polttomerkint\u00e4 Erityispiirteet: Taiwanin edustavimpana maamerkkin\u00e4 Taipei 101 valitsi kaikkein klassisimman kovakantisen toteutuksen. Materiaalina k\u00e4ytet\u00e4\u00e4n korkealaatuista keinonahkaa, ja lis\u00e4ksi on hy\u00f6dynnetty erikoispainatuksia sek\u00e4 muita kustannuksiltaan vaativampia ratkaisuja \u2013 jokainen yksityiskohta osoittaa sitoutumista laadun vaalimiseen.","breadcrumb":{"@id":"https:\/\/leatai.com\/fi\/product\/erilaisia-oem-naytteita\/oem-kovakantinen-muistikirja\/taipei-101\/#breadcrumb"},"inLanguage":"fi","potentialAction":[{"@type":"ReadAction","target":["https:\/\/leatai.com\/fi\/product\/erilaisia-oem-naytteita\/oem-kovakantinen-muistikirja\/taipei-101\/"]}]},{"@type":"ImageObject","inLanguage":"fi","@id":"https:\/\/leatai.com\/fi\/product\/erilaisia-oem-naytteita\/oem-kovakantinen-muistikirja\/taipei-101\/#primaryimage","url":"https:\/\/leatai.com\/wp-content\/uploads\/DSC_2855-1.jpg","contentUrl":"https:\/\/leatai.com\/wp-content\/uploads\/DSC_2855-1.jpg","width":1000,"height":750},{"@type":"BreadcrumbList","@id":"https:\/\/leatai.com\/fi\/product\/erilaisia-oem-naytteita\/oem-kovakantinen-muistikirja\/taipei-101\/#breadcrumb","itemListElement":[{"@type":"ListItem","position":1,"name":"Home","item":"https:\/\/leatai.com\/fi\/"},{"@type":"ListItem","position":2,"name":"Tuote-esittely","item":"https:\/\/leatai.com\/products\/"},{"@type":"ListItem","position":3,"name":"Erilaisia OEM-n\u00e4ytteit\u00e4","item":"https:\/\/leatai.com\/fi\/tuote-osasto\/erilaisia-oem-naytteita\/"},{"@type":"ListItem","position":4,"name":"OEM Kovakantinen Muistikirja","item":"https:\/\/leatai.com\/fi\/tuote-osasto\/erilaisia-oem-naytteita\/oem-kovakantinen-muistikirja\/"},{"@type":"ListItem","position":5,"name":"Taipei 101"}]},{"@type":"WebSite","@id":"https:\/\/leatai.com\/fi\/#website","url":"https:\/\/leatai.com\/fi\/","name":"Leatai \u2013 R\u00e4\u00e4t\u00e4l\u00f6ityjen muistikirjojen valmistaja","description":"Leatai tarjoaa r\u00e4\u00e4t\u00e4l\u00f6ityj\u00e4 muistikirjoja ja suunnittelijoita br\u00e4ndeille ja j\u00e4lleenmyyjille maailmanlaajuisesti.","publisher":{"@id":"https:\/\/leatai.com\/fi\/#organization"},"potentialAction":[{"@type":"SearchAction","target":{"@type":"EntryPoint","urlTemplate":"https:\/\/leatai.com\/fi\/?s={search_term_string}"},"query-input":{"@type":"PropertyValueSpecification","valueRequired":true,"valueName":"search_term_string"}}],"inLanguage":"fi"},{"@type":"Organization","@id":"https:\/\/leatai.com\/fi\/#organization","name":"Leatai Diary, customized journal and business organizer","url":"https:\/\/leatai.com\/fi\/","logo":{"@type":"ImageObject","inLanguage":"fi","@id":"https:\/\/leatai.com\/fi\/#\/schema\/logo\/image\/","url":"https:\/\/leatai.com\/wp-content\/uploads\/logo-blue.png","contentUrl":"https:\/\/leatai.com\/wp-content\/uploads\/logo-blue.png","width":230,"height":60,"caption":"Leatai Diary, customized journal and business organizer"},"image":{"@id":"https:\/\/leatai.com\/fi\/#\/schema\/logo\/image\/"}}]}},"_links":{"self":[{"href":"https:\/\/leatai.com\/fi\/wp-json\/wp\/v2\/product\/248078","targetHints":{"allow":["GET"]}}],"collection":[{"href":"https:\/\/leatai.com\/fi\/wp-json\/wp\/v2\/product"}],"about":[{"href":"https:\/\/leatai.com\/fi\/wp-json\/wp\/v2\/types\/product"}],"wp:featuredmedia":[{"embeddable":true,"href":"https:\/\/leatai.com\/fi\/wp-json\/wp\/v2\/media\/74490"}],"wp:attachment":[{"href":"https:\/\/leatai.com\/fi\/wp-json\/wp\/v2\/media?parent=248078"}],"wp:term":[{"taxonomy":"product_brand","embeddable":true,"href":"https:\/\/leatai.com\/fi\/wp-json\/wp\/v2\/product_brand?post=248078"},{"taxonomy":"product_cat","embeddable":true,"href":"https:\/\/leatai.com\/fi\/wp-json\/wp\/v2\/product_cat?post=248078"},{"taxonomy":"product_tag","embeddable":true,"href":"https:\/\/leatai.com\/fi\/wp-json\/wp\/v2\/product_tag?post=248078"},{"taxonomy":"home_works","embeddable":true,"href":"https:\/\/leatai.com\/fi\/wp-json\/wp\/v2\/home_works?post=248078"}],"curies":[{"name":"wp","href":"https:\/\/api.w.org\/{rel}","templated":true}]}}