{"id":246612,"date":"2022-07-13T19:45:03","date_gmt":"2022-07-13T11:45:03","guid":{"rendered":"https:\/\/leatai.com\/product\/Ei-luokiteltu\/komura-tech-co-ltd\/"},"modified":"2025-12-15T15:11:04","modified_gmt":"2025-12-15T07:11:04","slug":"komura-tech-co-ltd","status":"publish","type":"product","link":"https:\/\/leatai.com\/fi\/product\/erilaisia-oem-naytteita\/oem-irtolehtio\/komura-tech-co-ltd\/","title":{"rendered":"Komura-Tech Co., Ltd."},"content":{"rendered":"<p>Asiakkaan nimi: Komura-Tech Co., Ltd.<br \/>\nEsimerkin koko: 25K<br \/>\nEsimerkin malli: rengaskansiomuistikirja<br \/>\nKannen toteutus: polttokaiverrus<\/p>\n<p>Keskeiset piirteet: edellisen projektin kapinallinen henki jatkuu \u2014 t\u00e4ll\u00e4 kertaa viel\u00e4 rohkeammin farkkuteemaisella kannella, joka tuo t\u00e4ysin raikkaan ja uudenlaisen ilmeen. Erottuu selv\u00e4sti perinteisist\u00e4 japanilaisista yritystyyleist\u00e4 ja j\u00e4\u00e4 taatusti mieleen.<\/p>\n<p>\ud83d\udcd6Kaikki r\u00e4\u00e4t\u00e4l\u00f6idyt esimerkit: <a href=\"https:\/\/leatai.com\/fi\/tuote-avainsana\/oem-fi\/\" target=\"_blank\" rel=\"noopener\">r\u00e4\u00e4t\u00e4l\u00f6idyt muistikirjat \/ r\u00e4\u00e4t\u00e4l\u00f6idyt liiketoimintap\u00e4iv\u00e4kirjat<\/a><\/p>\n<p>\ud83d\udcd6R\u00e4\u00e4t\u00e4l\u00f6ityjen muistikirjojen \/ liiketoimintap\u00e4iv\u00e4kirjojen vakiotuotteet:<\/p>\n<p><a href=\"https:\/\/leatai.com\/fi\/tuote-osasto\/raataloity-muistikirja\/kovakantinen-muistikirja\/\" target=\"_blank\" rel=\"noopener\">Kovakantinen muistikirja \/ kovakantinen liiketoimintap\u00e4iv\u00e4kirja<\/a><br \/>\n<a href=\"https:\/\/leatai.com\/fi\/tuote-osasto\/raataloity-muistikirja\/irtolehti-muistikirja\/\" target=\"_blank\" rel=\"noopener\">Rengaskansiomuistikirja \/ rengaskansiollinen liiketoimintap\u00e4iv\u00e4kirja<\/a><br \/>\n<a href=\"https:\/\/leatai.com\/fi\/tuote-osasto\/raataloity-muistikirja\/irrotettava-muistikirja\/\" target=\"_blank\" rel=\"noopener\">Irrotettavilla sivuilla varustettu muistikirja \/ irrotettavilla sivuilla varustettu liiketoimintap\u00e4iv\u00e4kirja<\/a><br \/>\n<a href=\"https:\/\/leatai.com\/fi\/tuote-osasto\/raataloity-muistikirja\/pehmeakantinen-muistikirja\/\" target=\"_blank\" rel=\"noopener\">Pehme\u00e4kantinen muistikirja \/ pehme\u00e4kantinen liiketoimintap\u00e4iv\u00e4kirja<\/a><br \/>\n<a href=\"https:\/\/leatai.com\/fi\/tuote-osasto\/raataloity-muistikirja\/kierrevihko\/\" target=\"_blank\" rel=\"noopener\">Kierresidottu muistikirja \/ kierresidottu liiketoimintap\u00e4iv\u00e4kirja<\/a><\/p>\n<p>\ud83d\udcd6Paperikokojen opas: <a href=\"https:\/\/leatai.com\/fi\/muistikirjatieto\/paper-size-guide-ymmarra-yleiset-koot-kuten-b3-a4-b5-8k-16k-ja-paljon-muuta-kattava-kokotaulukko-helppoon-viittaukseen\/\" target=\"_blank\" rel=\"noopener\">miten B3, A4, B5, 8K, 16K ja muut yleiset koot jaetaan? Paperikokotaulukko selitt\u00e4\u00e4 kaiken yhdell\u00e4 silm\u00e4yksell\u00e4!<\/a><\/p>\n","protected":false},"excerpt":{"rendered":"<p>Asiakkaan nimi: Komura-Tech Co., Ltd. Esimerkin koko: 25K Esimerkin malli: rengaskansiomuistikirja Kannen toteutus: polttokaiverrus Keskeiset piirteet: edellisen projektin kapinallinen henki jatkuu \u2014 t\u00e4ll\u00e4 kertaa viel\u00e4 rohkeammin farkkuteemaisella kannella, joka tuo t\u00e4ysin raikkaan ja uudenlaisen ilmeen. Erottuu selv\u00e4sti perinteisist\u00e4 japanilaisista yritystyyleist\u00e4 ja j\u00e4\u00e4 taatusti mieleen. \ud83d\udcd6Kaikki r\u00e4\u00e4t\u00e4l\u00f6idyt esimerkit: r\u00e4\u00e4t\u00e4l\u00f6idyt muistikirjat \/ r\u00e4\u00e4t\u00e4l\u00f6idyt liiketoimintap\u00e4iv\u00e4kirjat \ud83d\udcd6R\u00e4\u00e4t\u00e4l\u00f6ityjen muistikirjojen \/ [&hellip;]<\/p>\n","protected":false},"featured_media":246613,"template":"","meta":{"_acf_changed":false},"product_brand":[],"product_cat":[892],"product_tag":[1545],"home_works":[],"class_list":{"0":"post-246612","1":"product","2":"type-product","3":"status-publish","4":"has-post-thumbnail","6":"product_cat-oem-irtolehtio","7":"product_tag-oem-fi","9":"first","10":"outofstock","11":"sold-individually","12":"shipping-taxable","13":"purchasable","14":"product-type-variable","15":"has-default-attributes"},"acf":[],"yoast_head":"<!-- This site is optimized with the Yoast SEO plugin v27.2 - https:\/\/yoast.com\/product\/yoast-seo-wordpress\/ -->\n<title>Komura-Tech Co., Ltd. - Kapinallisuuden lis\u00e4ksi t\u00e4ll\u00e4 kertaa tavoitteena on olla aidosti ainutlaatuinen - Leatai \u2013 R\u00e4\u00e4t\u00e4l\u00f6ityjen muistikirjojen valmistaja<\/title>\n<meta name=\"description\" content=\"OEM-esimerkki: Komura-Tech Co., Ltd., malli: rengaskansiomuistikirja, koko: 25K. Keskeiset piirteet: aiemman projektin kapinallinen tunnelma jatkuu \u2014 t\u00e4ll\u00e4 kertaa viel\u00e4 rohkeammin farkkuteemaisella kannella, joka luo t\u00e4ysin raikkaan ja uudenlaisen vaikutelman. Selv\u00e4sti erilainen kuin perinteiset japanilaiset yritystyylit, ja todella mieleenpainuva.\" \/>\n<meta name=\"robots\" content=\"index, follow, max-snippet:-1, max-image-preview:large, max-video-preview:-1\" \/>\n<link rel=\"canonical\" href=\"https:\/\/leatai.com\/fi\/product\/erilaisia-oem-naytteita\/oem-irtolehtio\/komura-tech-co-ltd\/\" \/>\n<meta property=\"og:locale\" content=\"fi_FI\" \/>\n<meta property=\"og:type\" content=\"article\" \/>\n<meta property=\"og:title\" content=\"Komura-Tech Co., Ltd. - Kapinallisuuden lis\u00e4ksi t\u00e4ll\u00e4 kertaa tavoitteena on olla aidosti ainutlaatuinen - Leatai \u2013 R\u00e4\u00e4t\u00e4l\u00f6ityjen muistikirjojen valmistaja\" \/>\n<meta property=\"og:description\" content=\"OEM-esimerkki: Komura-Tech Co., Ltd., malli: rengaskansiomuistikirja, koko: 25K. Keskeiset piirteet: aiemman projektin kapinallinen tunnelma jatkuu \u2014 t\u00e4ll\u00e4 kertaa viel\u00e4 rohkeammin farkkuteemaisella kannella, joka luo t\u00e4ysin raikkaan ja uudenlaisen vaikutelman. Selv\u00e4sti erilainen kuin perinteiset japanilaiset yritystyylit, ja todella mieleenpainuva.\" \/>\n<meta property=\"og:url\" content=\"https:\/\/leatai.com\/fi\/product\/erilaisia-oem-naytteita\/oem-irtolehtio\/komura-tech-co-ltd\/\" \/>\n<meta property=\"og:site_name\" content=\"Leatai \u2013 R\u00e4\u00e4t\u00e4l\u00f6ityjen muistikirjojen valmistaja\" \/>\n<meta property=\"article:modified_time\" content=\"2025-12-15T07:11:04+00:00\" \/>\n<meta property=\"og:image\" content=\"https:\/\/leatai.com\/wp-content\/uploads\/DSC_6117-4.jpg\" \/>\n\t<meta property=\"og:image:width\" content=\"1000\" \/>\n\t<meta property=\"og:image:height\" content=\"750\" \/>\n\t<meta property=\"og:image:type\" content=\"image\/jpeg\" \/>\n<meta name=\"twitter:card\" content=\"summary_large_image\" \/>\n<meta name=\"twitter:label1\" content=\"Arvioitu lukuaika\" \/>\n\t<meta name=\"twitter:data1\" content=\"1 minuutti\" \/>\n<script type=\"application\/ld+json\" class=\"yoast-schema-graph\">{\"@context\":\"https:\/\/schema.org\",\"@graph\":[{\"@type\":\"WebPage\",\"@id\":\"https:\/\/leatai.com\/fi\/product\/erilaisia-oem-naytteita\/oem-irtolehtio\/komura-tech-co-ltd\/\",\"url\":\"https:\/\/leatai.com\/fi\/product\/erilaisia-oem-naytteita\/oem-irtolehtio\/komura-tech-co-ltd\/\",\"name\":\"Komura-Tech Co., Ltd. - Kapinallisuuden lis\u00e4ksi t\u00e4ll\u00e4 kertaa tavoitteena on olla aidosti ainutlaatuinen - Leatai \u2013 R\u00e4\u00e4t\u00e4l\u00f6ityjen muistikirjojen valmistaja\",\"isPartOf\":{\"@id\":\"https:\/\/leatai.com\/fi\/#website\"},\"primaryImageOfPage\":{\"@id\":\"https:\/\/leatai.com\/fi\/product\/erilaisia-oem-naytteita\/oem-irtolehtio\/komura-tech-co-ltd\/#primaryimage\"},\"image\":{\"@id\":\"https:\/\/leatai.com\/fi\/product\/erilaisia-oem-naytteita\/oem-irtolehtio\/komura-tech-co-ltd\/#primaryimage\"},\"thumbnailUrl\":\"https:\/\/leatai.com\/wp-content\/uploads\/DSC_6117-4.jpg\",\"datePublished\":\"2022-07-13T11:45:03+00:00\",\"dateModified\":\"2025-12-15T07:11:04+00:00\",\"description\":\"OEM-esimerkki: Komura-Tech Co., Ltd., malli: rengaskansiomuistikirja, koko: 25K. Keskeiset piirteet: aiemman projektin kapinallinen tunnelma jatkuu \u2014 t\u00e4ll\u00e4 kertaa viel\u00e4 rohkeammin farkkuteemaisella kannella, joka luo t\u00e4ysin raikkaan ja uudenlaisen vaikutelman. Selv\u00e4sti erilainen kuin perinteiset japanilaiset yritystyylit, ja todella mieleenpainuva.\",\"breadcrumb\":{\"@id\":\"https:\/\/leatai.com\/fi\/product\/erilaisia-oem-naytteita\/oem-irtolehtio\/komura-tech-co-ltd\/#breadcrumb\"},\"inLanguage\":\"fi\",\"potentialAction\":[{\"@type\":\"ReadAction\",\"target\":[\"https:\/\/leatai.com\/fi\/product\/erilaisia-oem-naytteita\/oem-irtolehtio\/komura-tech-co-ltd\/\"]}]},{\"@type\":\"ImageObject\",\"inLanguage\":\"fi\",\"@id\":\"https:\/\/leatai.com\/fi\/product\/erilaisia-oem-naytteita\/oem-irtolehtio\/komura-tech-co-ltd\/#primaryimage\",\"url\":\"https:\/\/leatai.com\/wp-content\/uploads\/DSC_6117-4.jpg\",\"contentUrl\":\"https:\/\/leatai.com\/wp-content\/uploads\/DSC_6117-4.jpg\",\"width\":1000,\"height\":750,\"caption\":\"Rengaskansiomuistikirj\"},{\"@type\":\"BreadcrumbList\",\"@id\":\"https:\/\/leatai.com\/fi\/product\/erilaisia-oem-naytteita\/oem-irtolehtio\/komura-tech-co-ltd\/#breadcrumb\",\"itemListElement\":[{\"@type\":\"ListItem\",\"position\":1,\"name\":\"Home\",\"item\":\"https:\/\/leatai.com\/fi\/\"},{\"@type\":\"ListItem\",\"position\":2,\"name\":\"Tuote-esittely\",\"item\":\"https:\/\/leatai.com\/products\/\"},{\"@type\":\"ListItem\",\"position\":3,\"name\":\"Erilaisia OEM-n\u00e4ytteit\u00e4\",\"item\":\"https:\/\/leatai.com\/fi\/tuote-osasto\/erilaisia-oem-naytteita\/\"},{\"@type\":\"ListItem\",\"position\":4,\"name\":\"OEM Irtolehti\u00f6\",\"item\":\"https:\/\/leatai.com\/fi\/tuote-osasto\/erilaisia-oem-naytteita\/oem-irtolehtio\/\"},{\"@type\":\"ListItem\",\"position\":5,\"name\":\"Komura-Tech Co., Ltd.\"}]},{\"@type\":\"WebSite\",\"@id\":\"https:\/\/leatai.com\/fi\/#website\",\"url\":\"https:\/\/leatai.com\/fi\/\",\"name\":\"Leatai \u2013 R\u00e4\u00e4t\u00e4l\u00f6ityjen muistikirjojen valmistaja\",\"description\":\"Leatai tarjoaa r\u00e4\u00e4t\u00e4l\u00f6ityj\u00e4 muistikirjoja ja suunnittelijoita br\u00e4ndeille ja j\u00e4lleenmyyjille maailmanlaajuisesti.\",\"publisher\":{\"@id\":\"https:\/\/leatai.com\/fi\/#organization\"},\"potentialAction\":[{\"@type\":\"SearchAction\",\"target\":{\"@type\":\"EntryPoint\",\"urlTemplate\":\"https:\/\/leatai.com\/fi\/?s={search_term_string}\"},\"query-input\":{\"@type\":\"PropertyValueSpecification\",\"valueRequired\":true,\"valueName\":\"search_term_string\"}}],\"inLanguage\":\"fi\"},{\"@type\":\"Organization\",\"@id\":\"https:\/\/leatai.com\/fi\/#organization\",\"name\":\"Leatai Diary, customized journal and business organizer\",\"url\":\"https:\/\/leatai.com\/fi\/\",\"logo\":{\"@type\":\"ImageObject\",\"inLanguage\":\"fi\",\"@id\":\"https:\/\/leatai.com\/fi\/#\/schema\/logo\/image\/\",\"url\":\"https:\/\/leatai.com\/wp-content\/uploads\/logo-blue.png\",\"contentUrl\":\"https:\/\/leatai.com\/wp-content\/uploads\/logo-blue.png\",\"width\":230,\"height\":60,\"caption\":\"Leatai Diary, customized journal and business organizer\"},\"image\":{\"@id\":\"https:\/\/leatai.com\/fi\/#\/schema\/logo\/image\/\"}}]}<\/script>\n<!-- \/ Yoast SEO plugin. -->","yoast_head_json":{"title":"Komura-Tech Co., Ltd. - Kapinallisuuden lis\u00e4ksi t\u00e4ll\u00e4 kertaa tavoitteena on olla aidosti ainutlaatuinen - Leatai \u2013 R\u00e4\u00e4t\u00e4l\u00f6ityjen muistikirjojen valmistaja","description":"OEM-esimerkki: Komura-Tech Co., Ltd., malli: rengaskansiomuistikirja, koko: 25K. Keskeiset piirteet: aiemman projektin kapinallinen tunnelma jatkuu \u2014 t\u00e4ll\u00e4 kertaa viel\u00e4 rohkeammin farkkuteemaisella kannella, joka luo t\u00e4ysin raikkaan ja uudenlaisen vaikutelman. Selv\u00e4sti erilainen kuin perinteiset japanilaiset yritystyylit, ja todella mieleenpainuva.","robots":{"index":"index","follow":"follow","max-snippet":"max-snippet:-1","max-image-preview":"max-image-preview:large","max-video-preview":"max-video-preview:-1"},"canonical":"https:\/\/leatai.com\/fi\/product\/erilaisia-oem-naytteita\/oem-irtolehtio\/komura-tech-co-ltd\/","og_locale":"fi_FI","og_type":"article","og_title":"Komura-Tech Co., Ltd. - Kapinallisuuden lis\u00e4ksi t\u00e4ll\u00e4 kertaa tavoitteena on olla aidosti ainutlaatuinen - Leatai \u2013 R\u00e4\u00e4t\u00e4l\u00f6ityjen muistikirjojen valmistaja","og_description":"OEM-esimerkki: Komura-Tech Co., Ltd., malli: rengaskansiomuistikirja, koko: 25K. Keskeiset piirteet: aiemman projektin kapinallinen tunnelma jatkuu \u2014 t\u00e4ll\u00e4 kertaa viel\u00e4 rohkeammin farkkuteemaisella kannella, joka luo t\u00e4ysin raikkaan ja uudenlaisen vaikutelman. Selv\u00e4sti erilainen kuin perinteiset japanilaiset yritystyylit, ja todella mieleenpainuva.","og_url":"https:\/\/leatai.com\/fi\/product\/erilaisia-oem-naytteita\/oem-irtolehtio\/komura-tech-co-ltd\/","og_site_name":"Leatai \u2013 R\u00e4\u00e4t\u00e4l\u00f6ityjen muistikirjojen valmistaja","article_modified_time":"2025-12-15T07:11:04+00:00","og_image":[{"width":1000,"height":750,"url":"https:\/\/leatai.com\/wp-content\/uploads\/DSC_6117-4.jpg","type":"image\/jpeg"}],"twitter_card":"summary_large_image","twitter_misc":{"Arvioitu lukuaika":"1 minuutti"},"schema":{"@context":"https:\/\/schema.org","@graph":[{"@type":"WebPage","@id":"https:\/\/leatai.com\/fi\/product\/erilaisia-oem-naytteita\/oem-irtolehtio\/komura-tech-co-ltd\/","url":"https:\/\/leatai.com\/fi\/product\/erilaisia-oem-naytteita\/oem-irtolehtio\/komura-tech-co-ltd\/","name":"Komura-Tech Co., Ltd. - Kapinallisuuden lis\u00e4ksi t\u00e4ll\u00e4 kertaa tavoitteena on olla aidosti ainutlaatuinen - Leatai \u2013 R\u00e4\u00e4t\u00e4l\u00f6ityjen muistikirjojen valmistaja","isPartOf":{"@id":"https:\/\/leatai.com\/fi\/#website"},"primaryImageOfPage":{"@id":"https:\/\/leatai.com\/fi\/product\/erilaisia-oem-naytteita\/oem-irtolehtio\/komura-tech-co-ltd\/#primaryimage"},"image":{"@id":"https:\/\/leatai.com\/fi\/product\/erilaisia-oem-naytteita\/oem-irtolehtio\/komura-tech-co-ltd\/#primaryimage"},"thumbnailUrl":"https:\/\/leatai.com\/wp-content\/uploads\/DSC_6117-4.jpg","datePublished":"2022-07-13T11:45:03+00:00","dateModified":"2025-12-15T07:11:04+00:00","description":"OEM-esimerkki: Komura-Tech Co., Ltd., malli: rengaskansiomuistikirja, koko: 25K. Keskeiset piirteet: aiemman projektin kapinallinen tunnelma jatkuu \u2014 t\u00e4ll\u00e4 kertaa viel\u00e4 rohkeammin farkkuteemaisella kannella, joka luo t\u00e4ysin raikkaan ja uudenlaisen vaikutelman. Selv\u00e4sti erilainen kuin perinteiset japanilaiset yritystyylit, ja todella mieleenpainuva.","breadcrumb":{"@id":"https:\/\/leatai.com\/fi\/product\/erilaisia-oem-naytteita\/oem-irtolehtio\/komura-tech-co-ltd\/#breadcrumb"},"inLanguage":"fi","potentialAction":[{"@type":"ReadAction","target":["https:\/\/leatai.com\/fi\/product\/erilaisia-oem-naytteita\/oem-irtolehtio\/komura-tech-co-ltd\/"]}]},{"@type":"ImageObject","inLanguage":"fi","@id":"https:\/\/leatai.com\/fi\/product\/erilaisia-oem-naytteita\/oem-irtolehtio\/komura-tech-co-ltd\/#primaryimage","url":"https:\/\/leatai.com\/wp-content\/uploads\/DSC_6117-4.jpg","contentUrl":"https:\/\/leatai.com\/wp-content\/uploads\/DSC_6117-4.jpg","width":1000,"height":750,"caption":"Rengaskansiomuistikirj"},{"@type":"BreadcrumbList","@id":"https:\/\/leatai.com\/fi\/product\/erilaisia-oem-naytteita\/oem-irtolehtio\/komura-tech-co-ltd\/#breadcrumb","itemListElement":[{"@type":"ListItem","position":1,"name":"Home","item":"https:\/\/leatai.com\/fi\/"},{"@type":"ListItem","position":2,"name":"Tuote-esittely","item":"https:\/\/leatai.com\/products\/"},{"@type":"ListItem","position":3,"name":"Erilaisia OEM-n\u00e4ytteit\u00e4","item":"https:\/\/leatai.com\/fi\/tuote-osasto\/erilaisia-oem-naytteita\/"},{"@type":"ListItem","position":4,"name":"OEM Irtolehti\u00f6","item":"https:\/\/leatai.com\/fi\/tuote-osasto\/erilaisia-oem-naytteita\/oem-irtolehtio\/"},{"@type":"ListItem","position":5,"name":"Komura-Tech Co., Ltd."}]},{"@type":"WebSite","@id":"https:\/\/leatai.com\/fi\/#website","url":"https:\/\/leatai.com\/fi\/","name":"Leatai \u2013 R\u00e4\u00e4t\u00e4l\u00f6ityjen muistikirjojen valmistaja","description":"Leatai tarjoaa r\u00e4\u00e4t\u00e4l\u00f6ityj\u00e4 muistikirjoja ja suunnittelijoita br\u00e4ndeille ja j\u00e4lleenmyyjille maailmanlaajuisesti.","publisher":{"@id":"https:\/\/leatai.com\/fi\/#organization"},"potentialAction":[{"@type":"SearchAction","target":{"@type":"EntryPoint","urlTemplate":"https:\/\/leatai.com\/fi\/?s={search_term_string}"},"query-input":{"@type":"PropertyValueSpecification","valueRequired":true,"valueName":"search_term_string"}}],"inLanguage":"fi"},{"@type":"Organization","@id":"https:\/\/leatai.com\/fi\/#organization","name":"Leatai Diary, customized journal and business organizer","url":"https:\/\/leatai.com\/fi\/","logo":{"@type":"ImageObject","inLanguage":"fi","@id":"https:\/\/leatai.com\/fi\/#\/schema\/logo\/image\/","url":"https:\/\/leatai.com\/wp-content\/uploads\/logo-blue.png","contentUrl":"https:\/\/leatai.com\/wp-content\/uploads\/logo-blue.png","width":230,"height":60,"caption":"Leatai Diary, customized journal and business organizer"},"image":{"@id":"https:\/\/leatai.com\/fi\/#\/schema\/logo\/image\/"}}]}},"_links":{"self":[{"href":"https:\/\/leatai.com\/fi\/wp-json\/wp\/v2\/product\/246612","targetHints":{"allow":["GET"]}}],"collection":[{"href":"https:\/\/leatai.com\/fi\/wp-json\/wp\/v2\/product"}],"about":[{"href":"https:\/\/leatai.com\/fi\/wp-json\/wp\/v2\/types\/product"}],"wp:featuredmedia":[{"embeddable":true,"href":"https:\/\/leatai.com\/fi\/wp-json\/wp\/v2\/media\/246613"}],"wp:attachment":[{"href":"https:\/\/leatai.com\/fi\/wp-json\/wp\/v2\/media?parent=246612"}],"wp:term":[{"taxonomy":"product_brand","embeddable":true,"href":"https:\/\/leatai.com\/fi\/wp-json\/wp\/v2\/product_brand?post=246612"},{"taxonomy":"product_cat","embeddable":true,"href":"https:\/\/leatai.com\/fi\/wp-json\/wp\/v2\/product_cat?post=246612"},{"taxonomy":"product_tag","embeddable":true,"href":"https:\/\/leatai.com\/fi\/wp-json\/wp\/v2\/product_tag?post=246612"},{"taxonomy":"home_works","embeddable":true,"href":"https:\/\/leatai.com\/fi\/wp-json\/wp\/v2\/home_works?post=246612"}],"curies":[{"name":"wp","href":"https:\/\/api.w.org\/{rel}","templated":true}]}}