{"id":188777,"date":"2025-04-20T16:47:55","date_gmt":"2025-04-20T08:47:55","guid":{"rendered":"https:\/\/leatai.com\/?post_type=product&#038;p=188777"},"modified":"2025-12-10T11:28:19","modified_gmt":"2025-12-10T03:28:19","slug":"lady-flavor","status":"publish","type":"product","link":"https:\/\/leatai.com\/fi\/product\/erilaisia-oem-naytteita\/oem-kalenteri\/lady-flavor\/","title":{"rendered":"Lady Flavor"},"content":{"rendered":"<p>Asiakkaan nimi: Lady Flavor<br \/>\nEsimerkin koko: r\u00e4\u00e4t\u00e4l\u00f6ity koko<br \/>\nEsimerkin malli: rep\u00e4ist\u00e4v\u00e4 minikalenteri<br \/>\nLogon toteutus: neliv\u00e4ripainatus<br \/>\nKeskeiset piirteet: Lady Flavor tallentaa kissojen ja arjen hetki\u00e4 lempe\u00e4st\u00e4 n\u00e4k\u00f6kulmasta ja kertoo tarinoita ruoan kautta, luoden ainutlaatuisen maailman arjen ja lohdullisuuden v\u00e4lille. R\u00e4\u00e4t\u00e4l\u00f6ity minikalenteri heijastaa t\u00e4t\u00e4 erityist\u00e4 tunnelmaa omalla vieh\u00e4tyksell\u00e4\u00e4n.<\/p>\n<p>\ud83d\udcd6Kaikki r\u00e4\u00e4t\u00e4l\u00f6idyt esimerkit: <a href=\"https:\/\/leatai.com\/fi\/tuote-avainsana\/oem-fi\/\" target=\"_blank\" rel=\"noopener\">r\u00e4\u00e4t\u00e4l\u00f6idyt muistikirjat \/ r\u00e4\u00e4t\u00e4l\u00f6idyt liiketoimintap\u00e4iv\u00e4kirjat<\/a><\/p>\n<p>\ud83d\udcd6R\u00e4\u00e4t\u00e4l\u00f6ityjen muistikirjojen \/ liiketoimintap\u00e4iv\u00e4kirjojen vakiotuotteet:<\/p>\n<p><a href=\"https:\/\/leatai.com\/fi\/tuote-osasto\/raataloity-muistikirja\/kovakantinen-muistikirja\/\" target=\"_blank\" rel=\"noopener\">Kovakantinen muistikirja \/ kovakantinen liiketoimintap\u00e4iv\u00e4kirja<\/a><br \/>\n<a href=\"https:\/\/leatai.com\/fi\/tuote-osasto\/raataloity-muistikirja\/irtolehti-muistikirja\/\" target=\"_blank\" rel=\"noopener\">Rengaskansiomuistikirja \/ rengaskansiollinen liiketoimintap\u00e4iv\u00e4kirja<\/a><br \/>\n<a href=\"https:\/\/leatai.com\/fi\/tuote-osasto\/raataloity-muistikirja\/irrotettava-muistikirja\/\" target=\"_blank\" rel=\"noopener\">Irrotettavilla sivuilla varustettu muistikirja \/ irrotettavilla sivuilla varustettu liiketoimintap\u00e4iv\u00e4kirja<\/a><br \/>\n<a href=\"https:\/\/leatai.com\/fi\/tuote-osasto\/raataloity-muistikirja\/pehmeakantinen-muistikirja\/\" target=\"_blank\" rel=\"noopener\">Pehme\u00e4kantinen muistikirja \/ pehme\u00e4kantinen liiketoimintap\u00e4iv\u00e4kirja<\/a><br \/>\n<a href=\"https:\/\/leatai.com\/fi\/tuote-osasto\/raataloity-muistikirja\/kierrevihko\/\" target=\"_blank\" rel=\"noopener\">Kierresidottu muistikirja \/ kierresidottu liiketoimintap\u00e4iv\u00e4kirja<\/a><\/p>\n<p>\ud83d\udcd6Paperikokojen opas: <a href=\"https:\/\/leatai.com\/fi\/muistikirjatieto\/paper-size-guide-ymmarra-yleiset-koot-kuten-b3-a4-b5-8k-16k-ja-paljon-muuta-kattava-kokotaulukko-helppoon-viittaukseen\/\" target=\"_blank\" rel=\"noopener\">miten B3, A4, B5, 8K, 16K ja muut yleiset koot jaetaan? Paperikokotaulukko selitt\u00e4\u00e4 kaiken yhdell\u00e4 silm\u00e4yksell\u00e4!<\/a><\/p>\n","protected":false},"excerpt":{"rendered":"<p>Asiakkaan nimi: Lady Flavor Esimerkin koko: r\u00e4\u00e4t\u00e4l\u00f6ity koko Esimerkin malli: rep\u00e4ist\u00e4v\u00e4 minikalenteri Logon toteutus: neliv\u00e4ripainatus Keskeiset piirteet: Lady Flavor tallentaa kissojen ja arjen hetki\u00e4 lempe\u00e4st\u00e4 n\u00e4k\u00f6kulmasta ja kertoo tarinoita ruoan kautta, luoden ainutlaatuisen maailman arjen ja lohdullisuuden v\u00e4lille. R\u00e4\u00e4t\u00e4l\u00f6ity minikalenteri heijastaa t\u00e4t\u00e4 erityist\u00e4 tunnelmaa omalla vieh\u00e4tyksell\u00e4\u00e4n. \ud83d\udcd6Kaikki r\u00e4\u00e4t\u00e4l\u00f6idyt esimerkit: r\u00e4\u00e4t\u00e4l\u00f6idyt muistikirjat \/ r\u00e4\u00e4t\u00e4l\u00f6idyt liiketoimintap\u00e4iv\u00e4kirjat \ud83d\udcd6R\u00e4\u00e4t\u00e4l\u00f6ityjen [&hellip;]<\/p>\n","protected":false},"featured_media":188066,"template":"","meta":{"_acf_changed":false},"product_brand":[],"product_cat":[957],"product_tag":[1545],"home_works":[],"class_list":{"0":"post-188777","1":"product","2":"type-product","3":"status-publish","4":"has-post-thumbnail","6":"product_cat-oem-kalenteri","7":"product_tag-oem-fi","9":"first","10":"instock","11":"sold-individually","12":"shipping-taxable","13":"purchasable","14":"product-type-variable"},"acf":[],"yoast_head":"<!-- This site is optimized with the Yoast SEO plugin v27.2 - https:\/\/yoast.com\/product\/yoast-seo-wordpress\/ -->\n<title>Rep\u00e4ist\u00e4v\u00e4 kalenteri | Lady Flavor \u2013 suosittu joukkorahoitettu rep\u00e4ist\u00e4v\u00e4 kalenteri, r\u00e4\u00e4t\u00e4l\u00f6ity painatus ja valmistus- Leatai \u2013 R\u00e4\u00e4t\u00e4l\u00f6ityjen muistikirjojen valmistaja<\/title>\n<meta name=\"description\" content=\"Tutustu Leatain korkealaatuisiin rep\u00e4ist\u00e4vien kalentereiden r\u00e4\u00e4t\u00e4l\u00f6inti-, painatus- ja valmistuspalveluihin. Kalenterimme ovat kauniisti suunniteltuja ja valmistettu ensiluokkaisista materiaaleista, sopien sek\u00e4 yrityskohtaisiin tilauksiin ett\u00e4 henkil\u00f6kohtaiseen k\u00e4ytt\u00f6\u00f6n. Valitse juuri sinulle sopivin rep\u00e4ist\u00e4v\u00e4 kalenterivalmistaja ja vahvista br\u00e4ndisi imagoa sek\u00e4 arjen suunnittelutaitoja. Vieraile Leatain virallisilla verkkosivuilla saadaksesi lis\u00e4tietoja rep\u00e4ist\u00e4vist\u00e4 kalentereista ja nauti tehokkaasta muistiinpanon ja suunnittelun kokemuksesta!\" \/>\n<meta name=\"robots\" content=\"index, follow, max-snippet:-1, max-image-preview:large, max-video-preview:-1\" \/>\n<link rel=\"canonical\" href=\"https:\/\/leatai.com\/fi\/product\/erilaisia-oem-naytteita\/oem-kalenteri\/lady-flavor\/\" \/>\n<meta property=\"og:locale\" content=\"fi_FI\" \/>\n<meta property=\"og:type\" content=\"article\" \/>\n<meta property=\"og:title\" content=\"Rep\u00e4ist\u00e4v\u00e4 kalenteri | Lady Flavor \u2013 suosittu joukkorahoitettu rep\u00e4ist\u00e4v\u00e4 kalenteri, r\u00e4\u00e4t\u00e4l\u00f6ity painatus ja valmistus- Leatai \u2013 R\u00e4\u00e4t\u00e4l\u00f6ityjen muistikirjojen valmistaja\" \/>\n<meta property=\"og:description\" content=\"Tutustu Leatain korkealaatuisiin rep\u00e4ist\u00e4vien kalentereiden r\u00e4\u00e4t\u00e4l\u00f6inti-, painatus- ja valmistuspalveluihin. Kalenterimme ovat kauniisti suunniteltuja ja valmistettu ensiluokkaisista materiaaleista, sopien sek\u00e4 yrityskohtaisiin tilauksiin ett\u00e4 henkil\u00f6kohtaiseen k\u00e4ytt\u00f6\u00f6n. Valitse juuri sinulle sopivin rep\u00e4ist\u00e4v\u00e4 kalenterivalmistaja ja vahvista br\u00e4ndisi imagoa sek\u00e4 arjen suunnittelutaitoja. Vieraile Leatain virallisilla verkkosivuilla saadaksesi lis\u00e4tietoja rep\u00e4ist\u00e4vist\u00e4 kalentereista ja nauti tehokkaasta muistiinpanon ja suunnittelun kokemuksesta!\" \/>\n<meta property=\"og:url\" content=\"https:\/\/leatai.com\/fi\/product\/erilaisia-oem-naytteita\/oem-kalenteri\/lady-flavor\/\" \/>\n<meta property=\"og:site_name\" content=\"Leatai \u2013 R\u00e4\u00e4t\u00e4l\u00f6ityjen muistikirjojen valmistaja\" \/>\n<meta property=\"article:modified_time\" content=\"2025-12-10T03:28:19+00:00\" \/>\n<meta property=\"og:image\" content=\"https:\/\/leatai.com\/wp-content\/uploads\/DSC_2992.jpg\" \/>\n\t<meta property=\"og:image:width\" content=\"1000\" \/>\n\t<meta property=\"og:image:height\" content=\"750\" \/>\n\t<meta property=\"og:image:type\" content=\"image\/jpeg\" \/>\n<meta name=\"twitter:card\" content=\"summary_large_image\" \/>\n<meta name=\"twitter:label1\" content=\"Arvioitu lukuaika\" \/>\n\t<meta name=\"twitter:data1\" content=\"1 minuutti\" \/>\n<script type=\"application\/ld+json\" class=\"yoast-schema-graph\">{\"@context\":\"https:\/\/schema.org\",\"@graph\":[{\"@type\":\"WebPage\",\"@id\":\"https:\/\/leatai.com\/fi\/product\/erilaisia-oem-naytteita\/oem-kalenteri\/lady-flavor\/\",\"url\":\"https:\/\/leatai.com\/fi\/product\/erilaisia-oem-naytteita\/oem-kalenteri\/lady-flavor\/\",\"name\":\"Rep\u00e4ist\u00e4v\u00e4 kalenteri | Lady Flavor \u2013 suosittu joukkorahoitettu rep\u00e4ist\u00e4v\u00e4 kalenteri, r\u00e4\u00e4t\u00e4l\u00f6ity painatus ja valmistus- Leatai \u2013 R\u00e4\u00e4t\u00e4l\u00f6ityjen muistikirjojen valmistaja\",\"isPartOf\":{\"@id\":\"https:\/\/leatai.com\/fi\/#website\"},\"primaryImageOfPage\":{\"@id\":\"https:\/\/leatai.com\/fi\/product\/erilaisia-oem-naytteita\/oem-kalenteri\/lady-flavor\/#primaryimage\"},\"image\":{\"@id\":\"https:\/\/leatai.com\/fi\/product\/erilaisia-oem-naytteita\/oem-kalenteri\/lady-flavor\/#primaryimage\"},\"thumbnailUrl\":\"https:\/\/leatai.com\/wp-content\/uploads\/DSC_2992.jpg\",\"datePublished\":\"2025-04-20T08:47:55+00:00\",\"dateModified\":\"2025-12-10T03:28:19+00:00\",\"description\":\"Tutustu Leatain korkealaatuisiin rep\u00e4ist\u00e4vien kalentereiden r\u00e4\u00e4t\u00e4l\u00f6inti-, painatus- ja valmistuspalveluihin. Kalenterimme ovat kauniisti suunniteltuja ja valmistettu ensiluokkaisista materiaaleista, sopien sek\u00e4 yrityskohtaisiin tilauksiin ett\u00e4 henkil\u00f6kohtaiseen k\u00e4ytt\u00f6\u00f6n. Valitse juuri sinulle sopivin rep\u00e4ist\u00e4v\u00e4 kalenterivalmistaja ja vahvista br\u00e4ndisi imagoa sek\u00e4 arjen suunnittelutaitoja. Vieraile Leatain virallisilla verkkosivuilla saadaksesi lis\u00e4tietoja rep\u00e4ist\u00e4vist\u00e4 kalentereista ja nauti tehokkaasta muistiinpanon ja suunnittelun kokemuksesta!\",\"breadcrumb\":{\"@id\":\"https:\/\/leatai.com\/fi\/product\/erilaisia-oem-naytteita\/oem-kalenteri\/lady-flavor\/#breadcrumb\"},\"inLanguage\":\"fi\",\"potentialAction\":[{\"@type\":\"ReadAction\",\"target\":[\"https:\/\/leatai.com\/fi\/product\/erilaisia-oem-naytteita\/oem-kalenteri\/lady-flavor\/\"]}]},{\"@type\":\"ImageObject\",\"inLanguage\":\"fi\",\"@id\":\"https:\/\/leatai.com\/fi\/product\/erilaisia-oem-naytteita\/oem-kalenteri\/lady-flavor\/#primaryimage\",\"url\":\"https:\/\/leatai.com\/wp-content\/uploads\/DSC_2992.jpg\",\"contentUrl\":\"https:\/\/leatai.com\/wp-content\/uploads\/DSC_2992.jpg\",\"width\":1000,\"height\":750,\"caption\":\"\u624b\u6495\u5c0f\u65e5\u66c6\"},{\"@type\":\"BreadcrumbList\",\"@id\":\"https:\/\/leatai.com\/fi\/product\/erilaisia-oem-naytteita\/oem-kalenteri\/lady-flavor\/#breadcrumb\",\"itemListElement\":[{\"@type\":\"ListItem\",\"position\":1,\"name\":\"Home\",\"item\":\"https:\/\/leatai.com\/fi\/\"},{\"@type\":\"ListItem\",\"position\":2,\"name\":\"Tuote-esittely\",\"item\":\"https:\/\/leatai.com\/products\/\"},{\"@type\":\"ListItem\",\"position\":3,\"name\":\"Erilaisia OEM-n\u00e4ytteit\u00e4\",\"item\":\"https:\/\/leatai.com\/fi\/tuote-osasto\/erilaisia-oem-naytteita\/\"},{\"@type\":\"ListItem\",\"position\":4,\"name\":\"OEM-kalenteri\",\"item\":\"https:\/\/leatai.com\/fi\/tuote-osasto\/erilaisia-oem-naytteita\/oem-kalenteri\/\"},{\"@type\":\"ListItem\",\"position\":5,\"name\":\"Lady Flavor\"}]},{\"@type\":\"WebSite\",\"@id\":\"https:\/\/leatai.com\/fi\/#website\",\"url\":\"https:\/\/leatai.com\/fi\/\",\"name\":\"Leatai \u2013 R\u00e4\u00e4t\u00e4l\u00f6ityjen muistikirjojen valmistaja\",\"description\":\"Leatai tarjoaa r\u00e4\u00e4t\u00e4l\u00f6ityj\u00e4 muistikirjoja ja suunnittelijoita br\u00e4ndeille ja j\u00e4lleenmyyjille maailmanlaajuisesti.\",\"publisher\":{\"@id\":\"https:\/\/leatai.com\/fi\/#organization\"},\"potentialAction\":[{\"@type\":\"SearchAction\",\"target\":{\"@type\":\"EntryPoint\",\"urlTemplate\":\"https:\/\/leatai.com\/fi\/?s={search_term_string}\"},\"query-input\":{\"@type\":\"PropertyValueSpecification\",\"valueRequired\":true,\"valueName\":\"search_term_string\"}}],\"inLanguage\":\"fi\"},{\"@type\":\"Organization\",\"@id\":\"https:\/\/leatai.com\/fi\/#organization\",\"name\":\"Leatai Diary, customized journal and business organizer\",\"url\":\"https:\/\/leatai.com\/fi\/\",\"logo\":{\"@type\":\"ImageObject\",\"inLanguage\":\"fi\",\"@id\":\"https:\/\/leatai.com\/fi\/#\/schema\/logo\/image\/\",\"url\":\"https:\/\/leatai.com\/wp-content\/uploads\/logo-blue.png\",\"contentUrl\":\"https:\/\/leatai.com\/wp-content\/uploads\/logo-blue.png\",\"width\":230,\"height\":60,\"caption\":\"Leatai Diary, customized journal and business organizer\"},\"image\":{\"@id\":\"https:\/\/leatai.com\/fi\/#\/schema\/logo\/image\/\"}}]}<\/script>\n<!-- \/ Yoast SEO plugin. -->","yoast_head_json":{"title":"Rep\u00e4ist\u00e4v\u00e4 kalenteri | Lady Flavor \u2013 suosittu joukkorahoitettu rep\u00e4ist\u00e4v\u00e4 kalenteri, r\u00e4\u00e4t\u00e4l\u00f6ity painatus ja valmistus- Leatai \u2013 R\u00e4\u00e4t\u00e4l\u00f6ityjen muistikirjojen valmistaja","description":"Tutustu Leatain korkealaatuisiin rep\u00e4ist\u00e4vien kalentereiden r\u00e4\u00e4t\u00e4l\u00f6inti-, painatus- ja valmistuspalveluihin. Kalenterimme ovat kauniisti suunniteltuja ja valmistettu ensiluokkaisista materiaaleista, sopien sek\u00e4 yrityskohtaisiin tilauksiin ett\u00e4 henkil\u00f6kohtaiseen k\u00e4ytt\u00f6\u00f6n. Valitse juuri sinulle sopivin rep\u00e4ist\u00e4v\u00e4 kalenterivalmistaja ja vahvista br\u00e4ndisi imagoa sek\u00e4 arjen suunnittelutaitoja. Vieraile Leatain virallisilla verkkosivuilla saadaksesi lis\u00e4tietoja rep\u00e4ist\u00e4vist\u00e4 kalentereista ja nauti tehokkaasta muistiinpanon ja suunnittelun kokemuksesta!","robots":{"index":"index","follow":"follow","max-snippet":"max-snippet:-1","max-image-preview":"max-image-preview:large","max-video-preview":"max-video-preview:-1"},"canonical":"https:\/\/leatai.com\/fi\/product\/erilaisia-oem-naytteita\/oem-kalenteri\/lady-flavor\/","og_locale":"fi_FI","og_type":"article","og_title":"Rep\u00e4ist\u00e4v\u00e4 kalenteri | Lady Flavor \u2013 suosittu joukkorahoitettu rep\u00e4ist\u00e4v\u00e4 kalenteri, r\u00e4\u00e4t\u00e4l\u00f6ity painatus ja valmistus- Leatai \u2013 R\u00e4\u00e4t\u00e4l\u00f6ityjen muistikirjojen valmistaja","og_description":"Tutustu Leatain korkealaatuisiin rep\u00e4ist\u00e4vien kalentereiden r\u00e4\u00e4t\u00e4l\u00f6inti-, painatus- ja valmistuspalveluihin. Kalenterimme ovat kauniisti suunniteltuja ja valmistettu ensiluokkaisista materiaaleista, sopien sek\u00e4 yrityskohtaisiin tilauksiin ett\u00e4 henkil\u00f6kohtaiseen k\u00e4ytt\u00f6\u00f6n. Valitse juuri sinulle sopivin rep\u00e4ist\u00e4v\u00e4 kalenterivalmistaja ja vahvista br\u00e4ndisi imagoa sek\u00e4 arjen suunnittelutaitoja. Vieraile Leatain virallisilla verkkosivuilla saadaksesi lis\u00e4tietoja rep\u00e4ist\u00e4vist\u00e4 kalentereista ja nauti tehokkaasta muistiinpanon ja suunnittelun kokemuksesta!","og_url":"https:\/\/leatai.com\/fi\/product\/erilaisia-oem-naytteita\/oem-kalenteri\/lady-flavor\/","og_site_name":"Leatai \u2013 R\u00e4\u00e4t\u00e4l\u00f6ityjen muistikirjojen valmistaja","article_modified_time":"2025-12-10T03:28:19+00:00","og_image":[{"width":1000,"height":750,"url":"https:\/\/leatai.com\/wp-content\/uploads\/DSC_2992.jpg","type":"image\/jpeg"}],"twitter_card":"summary_large_image","twitter_misc":{"Arvioitu lukuaika":"1 minuutti"},"schema":{"@context":"https:\/\/schema.org","@graph":[{"@type":"WebPage","@id":"https:\/\/leatai.com\/fi\/product\/erilaisia-oem-naytteita\/oem-kalenteri\/lady-flavor\/","url":"https:\/\/leatai.com\/fi\/product\/erilaisia-oem-naytteita\/oem-kalenteri\/lady-flavor\/","name":"Rep\u00e4ist\u00e4v\u00e4 kalenteri | Lady Flavor \u2013 suosittu joukkorahoitettu rep\u00e4ist\u00e4v\u00e4 kalenteri, r\u00e4\u00e4t\u00e4l\u00f6ity painatus ja valmistus- Leatai \u2013 R\u00e4\u00e4t\u00e4l\u00f6ityjen muistikirjojen valmistaja","isPartOf":{"@id":"https:\/\/leatai.com\/fi\/#website"},"primaryImageOfPage":{"@id":"https:\/\/leatai.com\/fi\/product\/erilaisia-oem-naytteita\/oem-kalenteri\/lady-flavor\/#primaryimage"},"image":{"@id":"https:\/\/leatai.com\/fi\/product\/erilaisia-oem-naytteita\/oem-kalenteri\/lady-flavor\/#primaryimage"},"thumbnailUrl":"https:\/\/leatai.com\/wp-content\/uploads\/DSC_2992.jpg","datePublished":"2025-04-20T08:47:55+00:00","dateModified":"2025-12-10T03:28:19+00:00","description":"Tutustu Leatain korkealaatuisiin rep\u00e4ist\u00e4vien kalentereiden r\u00e4\u00e4t\u00e4l\u00f6inti-, painatus- ja valmistuspalveluihin. Kalenterimme ovat kauniisti suunniteltuja ja valmistettu ensiluokkaisista materiaaleista, sopien sek\u00e4 yrityskohtaisiin tilauksiin ett\u00e4 henkil\u00f6kohtaiseen k\u00e4ytt\u00f6\u00f6n. Valitse juuri sinulle sopivin rep\u00e4ist\u00e4v\u00e4 kalenterivalmistaja ja vahvista br\u00e4ndisi imagoa sek\u00e4 arjen suunnittelutaitoja. Vieraile Leatain virallisilla verkkosivuilla saadaksesi lis\u00e4tietoja rep\u00e4ist\u00e4vist\u00e4 kalentereista ja nauti tehokkaasta muistiinpanon ja suunnittelun kokemuksesta!","breadcrumb":{"@id":"https:\/\/leatai.com\/fi\/product\/erilaisia-oem-naytteita\/oem-kalenteri\/lady-flavor\/#breadcrumb"},"inLanguage":"fi","potentialAction":[{"@type":"ReadAction","target":["https:\/\/leatai.com\/fi\/product\/erilaisia-oem-naytteita\/oem-kalenteri\/lady-flavor\/"]}]},{"@type":"ImageObject","inLanguage":"fi","@id":"https:\/\/leatai.com\/fi\/product\/erilaisia-oem-naytteita\/oem-kalenteri\/lady-flavor\/#primaryimage","url":"https:\/\/leatai.com\/wp-content\/uploads\/DSC_2992.jpg","contentUrl":"https:\/\/leatai.com\/wp-content\/uploads\/DSC_2992.jpg","width":1000,"height":750,"caption":"\u624b\u6495\u5c0f\u65e5\u66c6"},{"@type":"BreadcrumbList","@id":"https:\/\/leatai.com\/fi\/product\/erilaisia-oem-naytteita\/oem-kalenteri\/lady-flavor\/#breadcrumb","itemListElement":[{"@type":"ListItem","position":1,"name":"Home","item":"https:\/\/leatai.com\/fi\/"},{"@type":"ListItem","position":2,"name":"Tuote-esittely","item":"https:\/\/leatai.com\/products\/"},{"@type":"ListItem","position":3,"name":"Erilaisia OEM-n\u00e4ytteit\u00e4","item":"https:\/\/leatai.com\/fi\/tuote-osasto\/erilaisia-oem-naytteita\/"},{"@type":"ListItem","position":4,"name":"OEM-kalenteri","item":"https:\/\/leatai.com\/fi\/tuote-osasto\/erilaisia-oem-naytteita\/oem-kalenteri\/"},{"@type":"ListItem","position":5,"name":"Lady Flavor"}]},{"@type":"WebSite","@id":"https:\/\/leatai.com\/fi\/#website","url":"https:\/\/leatai.com\/fi\/","name":"Leatai \u2013 R\u00e4\u00e4t\u00e4l\u00f6ityjen muistikirjojen valmistaja","description":"Leatai tarjoaa r\u00e4\u00e4t\u00e4l\u00f6ityj\u00e4 muistikirjoja ja suunnittelijoita br\u00e4ndeille ja j\u00e4lleenmyyjille maailmanlaajuisesti.","publisher":{"@id":"https:\/\/leatai.com\/fi\/#organization"},"potentialAction":[{"@type":"SearchAction","target":{"@type":"EntryPoint","urlTemplate":"https:\/\/leatai.com\/fi\/?s={search_term_string}"},"query-input":{"@type":"PropertyValueSpecification","valueRequired":true,"valueName":"search_term_string"}}],"inLanguage":"fi"},{"@type":"Organization","@id":"https:\/\/leatai.com\/fi\/#organization","name":"Leatai Diary, customized journal and business organizer","url":"https:\/\/leatai.com\/fi\/","logo":{"@type":"ImageObject","inLanguage":"fi","@id":"https:\/\/leatai.com\/fi\/#\/schema\/logo\/image\/","url":"https:\/\/leatai.com\/wp-content\/uploads\/logo-blue.png","contentUrl":"https:\/\/leatai.com\/wp-content\/uploads\/logo-blue.png","width":230,"height":60,"caption":"Leatai Diary, customized journal and business organizer"},"image":{"@id":"https:\/\/leatai.com\/fi\/#\/schema\/logo\/image\/"}}]}},"_links":{"self":[{"href":"https:\/\/leatai.com\/fi\/wp-json\/wp\/v2\/product\/188777","targetHints":{"allow":["GET"]}}],"collection":[{"href":"https:\/\/leatai.com\/fi\/wp-json\/wp\/v2\/product"}],"about":[{"href":"https:\/\/leatai.com\/fi\/wp-json\/wp\/v2\/types\/product"}],"wp:featuredmedia":[{"embeddable":true,"href":"https:\/\/leatai.com\/fi\/wp-json\/wp\/v2\/media\/188066"}],"wp:attachment":[{"href":"https:\/\/leatai.com\/fi\/wp-json\/wp\/v2\/media?parent=188777"}],"wp:term":[{"taxonomy":"product_brand","embeddable":true,"href":"https:\/\/leatai.com\/fi\/wp-json\/wp\/v2\/product_brand?post=188777"},{"taxonomy":"product_cat","embeddable":true,"href":"https:\/\/leatai.com\/fi\/wp-json\/wp\/v2\/product_cat?post=188777"},{"taxonomy":"product_tag","embeddable":true,"href":"https:\/\/leatai.com\/fi\/wp-json\/wp\/v2\/product_tag?post=188777"},{"taxonomy":"home_works","embeddable":true,"href":"https:\/\/leatai.com\/fi\/wp-json\/wp\/v2\/home_works?post=188777"}],"curies":[{"name":"wp","href":"https:\/\/api.w.org\/{rel}","templated":true}]}}