{"id":210777,"date":"2025-05-24T21:07:31","date_gmt":"2025-05-24T13:07:31","guid":{"rendered":"https:\/\/leatai.com\/sijainti\/"},"modified":"2025-05-24T21:07:32","modified_gmt":"2025-05-24T13:07:32","slug":"sijainti","status":"publish","type":"page","link":"https:\/\/leatai.com\/fi\/sijainti\/","title":{"rendered":"Sijainti"},"content":{"rendered":"\t\t<div data-elementor-type=\"wp-page\" data-elementor-id=\"210777\" class=\"elementor elementor-210777 elementor-1510\" data-elementor-post-type=\"page\">\n\t\t\t\t\t\t<section class=\"has_ae_slider elementor-section elementor-top-section elementor-element elementor-element-dee1c2e elementor-section-content-middle elementor-section-boxed elementor-section-height-default elementor-section-height-default ae-bg-gallery-type-default\" data-id=\"dee1c2e\" data-element_type=\"section\" data-e-type=\"section\" data-settings=\"{&quot;background_background&quot;:&quot;classic&quot;}\">\n\t\t\t\t\t\t<div class=\"elementor-container elementor-column-gap-default\">\n\t\t\t\t\t<div class=\"has_ae_slider elementor-column elementor-col-33 elementor-top-column elementor-element elementor-element-2ded27b ae-bg-gallery-type-default\" data-id=\"2ded27b\" data-element_type=\"column\" data-e-type=\"column\">\n\t\t\t<div class=\"elementor-widget-wrap elementor-element-populated\">\n\t\t\t\t\t\t<div class=\"elementor-element elementor-element-0bdfdff elementor-widget-divider--view-line elementor-widget elementor-widget-divider\" data-id=\"0bdfdff\" data-element_type=\"widget\" data-e-type=\"widget\" data-widget_type=\"divider.default\">\n\t\t\t\t<div class=\"elementor-widget-container\">\n\t\t\t\t\t\t\t<div class=\"elementor-divider\">\n\t\t\t<span class=\"elementor-divider-separator\">\n\t\t\t\t\t\t<\/span>\n\t\t<\/div>\n\t\t\t\t\t\t<\/div>\n\t\t\t\t<\/div>\n\t\t\t\t\t<\/div>\n\t\t<\/div>\n\t\t\t\t<div class=\"has_ae_slider elementor-column elementor-col-33 elementor-top-column elementor-element elementor-element-467014c ae-bg-gallery-type-default\" data-id=\"467014c\" data-element_type=\"column\" data-e-type=\"column\">\n\t\t\t<div class=\"elementor-widget-wrap elementor-element-populated\">\n\t\t\t\t\t\t<div class=\"elementor-element elementor-element-49136e0 elementor-widget elementor-widget-heading\" data-id=\"49136e0\" data-element_type=\"widget\" data-e-type=\"widget\" data-widget_type=\"heading.default\">\n\t\t\t\t<div class=\"elementor-widget-container\">\n\t\t\t\t\t<h3 class=\"elementor-heading-title elementor-size-default\">Sijainti<\/h3>\t\t\t\t<\/div>\n\t\t\t\t<\/div>\n\t\t\t\t<div class=\"elementor-element elementor-element-2929764 elementor-widget elementor-widget-heading\" data-id=\"2929764\" data-element_type=\"widget\" data-e-type=\"widget\" data-widget_type=\"heading.default\">\n\t\t\t\t<div class=\"elementor-widget-container\">\n\t\t\t\t\t<h1 class=\"elementor-heading-title elementor-size-default\">Tuotteet<\/h1>\t\t\t\t<\/div>\n\t\t\t\t<\/div>\n\t\t\t\t\t<\/div>\n\t\t<\/div>\n\t\t\t\t<div class=\"has_ae_slider elementor-column elementor-col-33 elementor-top-column elementor-element elementor-element-17975ae ae-bg-gallery-type-default\" data-id=\"17975ae\" data-element_type=\"column\" data-e-type=\"column\">\n\t\t\t<div class=\"elementor-widget-wrap elementor-element-populated\">\n\t\t\t\t\t\t<div class=\"elementor-element elementor-element-87345f7 elementor-widget-divider--view-line elementor-widget elementor-widget-divider\" data-id=\"87345f7\" data-element_type=\"widget\" data-e-type=\"widget\" data-widget_type=\"divider.default\">\n\t\t\t\t<div class=\"elementor-widget-container\">\n\t\t\t\t\t\t\t<div class=\"elementor-divider\">\n\t\t\t<span class=\"elementor-divider-separator\">\n\t\t\t\t\t\t<\/span>\n\t\t<\/div>\n\t\t\t\t\t\t<\/div>\n\t\t\t\t<\/div>\n\t\t\t\t\t<\/div>\n\t\t<\/div>\n\t\t\t\t\t<\/div>\n\t\t<\/section>\n\t\t\t\t<section class=\"has_ae_slider elementor-section elementor-top-section elementor-element elementor-element-807ed6b elementor-section-boxed elementor-section-height-default elementor-section-height-default ae-bg-gallery-type-default\" data-id=\"807ed6b\" data-element_type=\"section\" data-e-type=\"section\">\n\t\t\t\t\t\t<div class=\"elementor-container elementor-column-gap-default\">\n\t\t\t\t\t<div class=\"has_ae_slider elementor-column elementor-col-100 elementor-top-column elementor-element elementor-element-0b6a01d ae-bg-gallery-type-default\" data-id=\"0b6a01d\" data-element_type=\"column\" data-e-type=\"column\">\n\t\t\t<div class=\"elementor-widget-wrap elementor-element-populated\">\n\t\t\t\t\t\t<div class=\"elementor-element elementor-element-507b83b elementor-widget elementor-widget-woocommerce-breadcrumb\" data-id=\"507b83b\" data-element_type=\"widget\" data-e-type=\"widget\" data-widget_type=\"woocommerce-breadcrumb.default\">\n\t\t\t\t<div class=\"elementor-widget-container\">\n\t\t\t\t\t<nav class=\"woocommerce-breadcrumb\" aria-label=\"Breadcrumb\">Etusivu<\/nav>\t\t\t\t<\/div>\n\t\t\t\t<\/div>\n\t\t\t\t\t<\/div>\n\t\t<\/div>\n\t\t\t\t\t<\/div>\n\t\t<\/section>\n\t\t\t\t<section class=\"has_ae_slider elementor-section elementor-top-section elementor-element elementor-element-e093bcd elementor-section-boxed elementor-section-height-default elementor-section-height-default ae-bg-gallery-type-default\" data-id=\"e093bcd\" data-element_type=\"section\" data-e-type=\"section\">\n\t\t\t\t\t\t<div class=\"elementor-container elementor-column-gap-default\">\n\t\t\t\t\t<div class=\"has_ae_slider elementor-column elementor-col-100 elementor-top-column elementor-element elementor-element-3d1e501 ae-bg-gallery-type-default\" data-id=\"3d1e501\" data-element_type=\"column\" data-e-type=\"column\">\n\t\t\t<div class=\"elementor-widget-wrap elementor-element-populated\">\n\t\t\t\t\t\t<div class=\"elementor-element elementor-element-662a8f7 elementor-widget elementor-widget-google_maps\" data-id=\"662a8f7\" data-element_type=\"widget\" data-e-type=\"widget\" data-widget_type=\"google_maps.default\">\n\t\t\t\t<div class=\"elementor-widget-container\">\n\t\t\t\t\t\t\t<div class=\"elementor-custom-embed\">\n\t\t\t<iframe loading=\"lazy\"\n\t\t\t\t\tsrc=\"https:\/\/maps.google.com\/maps?q=%E7%A3%8A%E6%B3%B0Leatai%EF%BC%8D%E5%8F%B0%E7%81%A3%E7%AC%AC%E4%B8%80%E5%93%81%E7%89%8C%E7%AD%86%E8%A8%98%E6%9C%AC%E3%80%81%E5%B7%A5%E5%95%86%E6%97%A5%E8%AA%8C%E8%A3%BD%E9%80%A0%E5%95%86&#038;t=m&#038;z=17&#038;output=embed&#038;iwloc=near\"\n\t\t\t\t\ttitle=\"\u78ca\u6cf0Leatai\uff0d\u53f0\u7063\u7b2c\u4e00\u54c1\u724c\u7b46\u8a18\u672c\u3001\u5de5\u5546\u65e5\u8a8c\u88fd\u9020\u5546\"\n\t\t\t\t\taria-label=\"\u78ca\u6cf0Leatai\uff0d\u53f0\u7063\u7b2c\u4e00\u54c1\u724c\u7b46\u8a18\u672c\u3001\u5de5\u5546\u65e5\u8a8c\u88fd\u9020\u5546\"\n\t\t\t><\/iframe>\n\t\t<\/div>\n\t\t\t\t\t\t<\/div>\n\t\t\t\t<\/div>\n\t\t\t\t<section class=\"has_ae_slider elementor-section elementor-inner-section elementor-element elementor-element-af4d7ba elementor-section-boxed elementor-section-height-default elementor-section-height-default ae-bg-gallery-type-default\" data-id=\"af4d7ba\" data-element_type=\"section\" data-e-type=\"section\">\n\t\t\t\t\t\t<div class=\"elementor-container elementor-column-gap-default\">\n\t\t\t\t\t<div class=\"has_ae_slider elementor-column elementor-col-50 elementor-inner-column elementor-element elementor-element-8558c6a ae-bg-gallery-type-default\" data-id=\"8558c6a\" data-element_type=\"column\" data-e-type=\"column\">\n\t\t\t<div class=\"elementor-widget-wrap elementor-element-populated\">\n\t\t\t\t\t\t<div class=\"elementor-element elementor-element-cfa8b8f elementor-widget elementor-widget-image\" data-id=\"cfa8b8f\" data-element_type=\"widget\" data-e-type=\"widget\" data-widget_type=\"image.default\">\n\t\t\t\t<div class=\"elementor-widget-container\">\n\t\t\t\t\t\t\t\t\t\t\t\t\t\t\t<img fetchpriority=\"high\" decoding=\"async\" width=\"800\" height=\"533\" src=\"https:\/\/leatai.com\/wp-content\/uploads\/\u5927\u4f86\u5ee0\u8fa6\u5730\u5716\u4f4d\u7f6e\u8207\u505c\u8eca\u5834-1200x800.jpg\" class=\"attachment-large size-large wp-image-210781\" alt=\"\" srcset=\"https:\/\/leatai.com\/wp-content\/uploads\/\u5927\u4f86\u5ee0\u8fa6\u5730\u5716\u4f4d\u7f6e\u8207\u505c\u8eca\u5834-1200x800.jpg 1200w, https:\/\/leatai.com\/wp-content\/uploads\/\u5927\u4f86\u5ee0\u8fa6\u5730\u5716\u4f4d\u7f6e\u8207\u505c\u8eca\u5834-356x237.jpg 356w, https:\/\/leatai.com\/wp-content\/uploads\/\u5927\u4f86\u5ee0\u8fa6\u5730\u5716\u4f4d\u7f6e\u8207\u505c\u8eca\u5834-1000x667.jpg 1000w, https:\/\/leatai.com\/wp-content\/uploads\/\u5927\u4f86\u5ee0\u8fa6\u5730\u5716\u4f4d\u7f6e\u8207\u505c\u8eca\u5834-600x400.jpg 600w, https:\/\/leatai.com\/wp-content\/uploads\/\u5927\u4f86\u5ee0\u8fa6\u5730\u5716\u4f4d\u7f6e\u8207\u505c\u8eca\u5834-768x512.jpg 768w, https:\/\/leatai.com\/wp-content\/uploads\/\u5927\u4f86\u5ee0\u8fa6\u5730\u5716\u4f4d\u7f6e\u8207\u505c\u8eca\u5834.jpg 1500w\" sizes=\"(max-width: 800px) 100vw, 800px\" \/>\t\t\t\t\t\t\t\t\t\t\t\t\t\t\t<\/div>\n\t\t\t\t<\/div>\n\t\t\t\t\t<\/div>\n\t\t<\/div>\n\t\t\t\t<div class=\"has_ae_slider elementor-column elementor-col-50 elementor-inner-column elementor-element elementor-element-b0e9c1d ae-bg-gallery-type-default\" data-id=\"b0e9c1d\" data-element_type=\"column\" data-e-type=\"column\">\n\t\t\t<div class=\"elementor-widget-wrap elementor-element-populated\">\n\t\t\t\t\t\t<div class=\"elementor-element elementor-element-72aabb7 elementor-widget elementor-widget-text-editor\" data-id=\"72aabb7\" data-element_type=\"widget\" data-e-type=\"widget\" data-widget_type=\"text-editor.default\">\n\t\t\t\t<div class=\"elementor-widget-container\">\n\t\t\t\t\t\t\t\t\t<p>Yrityksen nimi: Leatai Stationary Co., Ltd.<br data-start=\"1337\" data-end=\"1340\" \/>Osoite: 11. krs, nro 166, Jiankang Rd., Zhonghe Dist., New Taipei City 235, Taiwan (R.O.C.)<br data-start=\"1431\" data-end=\"1434\" \/>Puhelinnumero: +886-2-8227-8800<br data-start=\"1465\" data-end=\"1468\" \/>S\u00e4hk\u00f6posti: <a class=\"cursor-pointer\" href=\"mailto:service@leatai.com\" rel=\"noopener\" data-start=\"1480\" data-end=\"1498\">service@leatai.com<\/a><\/p>\n\t\t\t\t\t\t\t\t<\/div>\n\t\t\t\t<\/div>\n\t\t\t\t\t<\/div>\n\t\t<\/div>\n\t\t\t\t\t<\/div>\n\t\t<\/section>\n\t\t\t\t\t<\/div>\n\t\t<\/div>\n\t\t\t\t\t<\/div>\n\t\t<\/section>\n\t\t\t\t<\/div>\n\t\t","protected":false},"excerpt":{"rendered":"<p>Sijainti Yrityksen nimi: Leatai Stationary Co., Ltd.Osoite: 11. krs, nro 166, Jiankang Rd., Zhonghe Dist., New Taipei City 235, Taiwan (R.O.C.)Puhelinnumero: +886-2-8227-8800S\u00e4hk\u00f6posti: service@leatai.com<\/p>\n","protected":false},"author":1,"featured_media":0,"parent":0,"menu_order":0,"comment_status":"closed","ping_status":"closed","template":"","meta":{"_acf_changed":false,"footnotes":""},"class_list":["post-210777","page","type-page","status-publish","hentry"],"acf":[],"yoast_head":"<!-- This site is optimized with the Yoast SEO plugin v27.2 - https:\/\/yoast.com\/product\/yoast-seo-wordpress\/ -->\n<title>Sijainti - Leatai \u2013 R\u00e4\u00e4t\u00e4l\u00f6ityjen muistikirjojen valmistaja<\/title>\n<meta name=\"description\" content=\"Esittelemme t\u00e4ss\u00e4 Leatain sijainnin, jotta voit l\u00f6yt\u00e4\u00e4 meid\u00e4t helpommin.\" \/>\n<meta name=\"robots\" content=\"index, follow, max-snippet:-1, max-image-preview:large, max-video-preview:-1\" \/>\n<link rel=\"canonical\" href=\"https:\/\/leatai.com\/fi\/sijainti\/\" \/>\n<meta property=\"og:locale\" content=\"fi_FI\" \/>\n<meta property=\"og:type\" content=\"article\" \/>\n<meta property=\"og:title\" content=\"Sijainti - Leatai \u2013 R\u00e4\u00e4t\u00e4l\u00f6ityjen muistikirjojen valmistaja\" \/>\n<meta property=\"og:description\" content=\"Esittelemme t\u00e4ss\u00e4 Leatain sijainnin, jotta voit l\u00f6yt\u00e4\u00e4 meid\u00e4t helpommin.\" \/>\n<meta property=\"og:url\" content=\"https:\/\/leatai.com\/fi\/sijainti\/\" \/>\n<meta property=\"og:site_name\" content=\"Leatai \u2013 R\u00e4\u00e4t\u00e4l\u00f6ityjen muistikirjojen valmistaja\" \/>\n<meta property=\"article:modified_time\" content=\"2025-05-24T13:07:32+00:00\" \/>\n<meta name=\"twitter:card\" content=\"summary_large_image\" \/>\n<script type=\"application\/ld+json\" class=\"yoast-schema-graph\">{\"@context\":\"https:\/\/schema.org\",\"@graph\":[{\"@type\":\"WebPage\",\"@id\":\"https:\/\/leatai.com\/fi\/sijainti\/\",\"url\":\"https:\/\/leatai.com\/fi\/sijainti\/\",\"name\":\"Sijainti - Leatai \u2013 R\u00e4\u00e4t\u00e4l\u00f6ityjen muistikirjojen valmistaja\",\"isPartOf\":{\"@id\":\"https:\/\/leatai.com\/fi\/#website\"},\"datePublished\":\"2025-05-24T13:07:31+00:00\",\"dateModified\":\"2025-05-24T13:07:32+00:00\",\"description\":\"Esittelemme t\u00e4ss\u00e4 Leatain sijainnin, jotta voit l\u00f6yt\u00e4\u00e4 meid\u00e4t helpommin.\",\"breadcrumb\":{\"@id\":\"https:\/\/leatai.com\/fi\/sijainti\/#breadcrumb\"},\"inLanguage\":\"fi\",\"potentialAction\":[{\"@type\":\"ReadAction\",\"target\":[\"https:\/\/leatai.com\/fi\/sijainti\/\"]}]},{\"@type\":\"BreadcrumbList\",\"@id\":\"https:\/\/leatai.com\/fi\/sijainti\/#breadcrumb\",\"itemListElement\":[{\"@type\":\"ListItem\",\"position\":1,\"name\":\"Home\",\"item\":\"https:\/\/leatai.com\/fi\/\"},{\"@type\":\"ListItem\",\"position\":2,\"name\":\"Sijainti\"}]},{\"@type\":\"WebSite\",\"@id\":\"https:\/\/leatai.com\/fi\/#website\",\"url\":\"https:\/\/leatai.com\/fi\/\",\"name\":\"Leatai \u2013 R\u00e4\u00e4t\u00e4l\u00f6ityjen muistikirjojen valmistaja\",\"description\":\"Leatai tarjoaa r\u00e4\u00e4t\u00e4l\u00f6ityj\u00e4 muistikirjoja ja suunnittelijoita br\u00e4ndeille ja j\u00e4lleenmyyjille maailmanlaajuisesti.\",\"publisher\":{\"@id\":\"https:\/\/leatai.com\/fi\/#organization\"},\"potentialAction\":[{\"@type\":\"SearchAction\",\"target\":{\"@type\":\"EntryPoint\",\"urlTemplate\":\"https:\/\/leatai.com\/fi\/?s={search_term_string}\"},\"query-input\":{\"@type\":\"PropertyValueSpecification\",\"valueRequired\":true,\"valueName\":\"search_term_string\"}}],\"inLanguage\":\"fi\"},{\"@type\":\"Organization\",\"@id\":\"https:\/\/leatai.com\/fi\/#organization\",\"name\":\"Leatai Diary, customized journal and business organizer\",\"url\":\"https:\/\/leatai.com\/fi\/\",\"logo\":{\"@type\":\"ImageObject\",\"inLanguage\":\"fi\",\"@id\":\"https:\/\/leatai.com\/fi\/#\/schema\/logo\/image\/\",\"url\":\"https:\/\/leatai.com\/wp-content\/uploads\/logo-blue.png\",\"contentUrl\":\"https:\/\/leatai.com\/wp-content\/uploads\/logo-blue.png\",\"width\":230,\"height\":60,\"caption\":\"Leatai Diary, customized journal and business organizer\"},\"image\":{\"@id\":\"https:\/\/leatai.com\/fi\/#\/schema\/logo\/image\/\"}}]}<\/script>\n<!-- \/ Yoast SEO plugin. -->","yoast_head_json":{"title":"Sijainti - Leatai \u2013 R\u00e4\u00e4t\u00e4l\u00f6ityjen muistikirjojen valmistaja","description":"Esittelemme t\u00e4ss\u00e4 Leatain sijainnin, jotta voit l\u00f6yt\u00e4\u00e4 meid\u00e4t helpommin.","robots":{"index":"index","follow":"follow","max-snippet":"max-snippet:-1","max-image-preview":"max-image-preview:large","max-video-preview":"max-video-preview:-1"},"canonical":"https:\/\/leatai.com\/fi\/sijainti\/","og_locale":"fi_FI","og_type":"article","og_title":"Sijainti - Leatai \u2013 R\u00e4\u00e4t\u00e4l\u00f6ityjen muistikirjojen valmistaja","og_description":"Esittelemme t\u00e4ss\u00e4 Leatain sijainnin, jotta voit l\u00f6yt\u00e4\u00e4 meid\u00e4t helpommin.","og_url":"https:\/\/leatai.com\/fi\/sijainti\/","og_site_name":"Leatai \u2013 R\u00e4\u00e4t\u00e4l\u00f6ityjen muistikirjojen valmistaja","article_modified_time":"2025-05-24T13:07:32+00:00","twitter_card":"summary_large_image","schema":{"@context":"https:\/\/schema.org","@graph":[{"@type":"WebPage","@id":"https:\/\/leatai.com\/fi\/sijainti\/","url":"https:\/\/leatai.com\/fi\/sijainti\/","name":"Sijainti - Leatai \u2013 R\u00e4\u00e4t\u00e4l\u00f6ityjen muistikirjojen valmistaja","isPartOf":{"@id":"https:\/\/leatai.com\/fi\/#website"},"datePublished":"2025-05-24T13:07:31+00:00","dateModified":"2025-05-24T13:07:32+00:00","description":"Esittelemme t\u00e4ss\u00e4 Leatain sijainnin, jotta voit l\u00f6yt\u00e4\u00e4 meid\u00e4t helpommin.","breadcrumb":{"@id":"https:\/\/leatai.com\/fi\/sijainti\/#breadcrumb"},"inLanguage":"fi","potentialAction":[{"@type":"ReadAction","target":["https:\/\/leatai.com\/fi\/sijainti\/"]}]},{"@type":"BreadcrumbList","@id":"https:\/\/leatai.com\/fi\/sijainti\/#breadcrumb","itemListElement":[{"@type":"ListItem","position":1,"name":"Home","item":"https:\/\/leatai.com\/fi\/"},{"@type":"ListItem","position":2,"name":"Sijainti"}]},{"@type":"WebSite","@id":"https:\/\/leatai.com\/fi\/#website","url":"https:\/\/leatai.com\/fi\/","name":"Leatai \u2013 R\u00e4\u00e4t\u00e4l\u00f6ityjen muistikirjojen valmistaja","description":"Leatai tarjoaa r\u00e4\u00e4t\u00e4l\u00f6ityj\u00e4 muistikirjoja ja suunnittelijoita br\u00e4ndeille ja j\u00e4lleenmyyjille maailmanlaajuisesti.","publisher":{"@id":"https:\/\/leatai.com\/fi\/#organization"},"potentialAction":[{"@type":"SearchAction","target":{"@type":"EntryPoint","urlTemplate":"https:\/\/leatai.com\/fi\/?s={search_term_string}"},"query-input":{"@type":"PropertyValueSpecification","valueRequired":true,"valueName":"search_term_string"}}],"inLanguage":"fi"},{"@type":"Organization","@id":"https:\/\/leatai.com\/fi\/#organization","name":"Leatai Diary, customized journal and business organizer","url":"https:\/\/leatai.com\/fi\/","logo":{"@type":"ImageObject","inLanguage":"fi","@id":"https:\/\/leatai.com\/fi\/#\/schema\/logo\/image\/","url":"https:\/\/leatai.com\/wp-content\/uploads\/logo-blue.png","contentUrl":"https:\/\/leatai.com\/wp-content\/uploads\/logo-blue.png","width":230,"height":60,"caption":"Leatai Diary, customized journal and business organizer"},"image":{"@id":"https:\/\/leatai.com\/fi\/#\/schema\/logo\/image\/"}}]}},"_links":{"self":[{"href":"https:\/\/leatai.com\/fi\/wp-json\/wp\/v2\/pages\/210777","targetHints":{"allow":["GET"]}}],"collection":[{"href":"https:\/\/leatai.com\/fi\/wp-json\/wp\/v2\/pages"}],"about":[{"href":"https:\/\/leatai.com\/fi\/wp-json\/wp\/v2\/types\/page"}],"author":[{"embeddable":true,"href":"https:\/\/leatai.com\/fi\/wp-json\/wp\/v2\/users\/1"}],"replies":[{"embeddable":true,"href":"https:\/\/leatai.com\/fi\/wp-json\/wp\/v2\/comments?post=210777"}],"version-history":[{"count":1,"href":"https:\/\/leatai.com\/fi\/wp-json\/wp\/v2\/pages\/210777\/revisions"}],"predecessor-version":[{"id":210786,"href":"https:\/\/leatai.com\/fi\/wp-json\/wp\/v2\/pages\/210777\/revisions\/210786"}],"wp:attachment":[{"href":"https:\/\/leatai.com\/fi\/wp-json\/wp\/v2\/media?parent=210777"}],"curies":[{"name":"wp","href":"https:\/\/api.w.org\/{rel}","templated":true}]}}