{"id":210375,"date":"2025-05-24T18:43:33","date_gmt":"2025-05-24T10:43:33","guid":{"rendered":"https:\/\/leatai.com\/ota-yhteytta\/"},"modified":"2025-05-24T18:43:33","modified_gmt":"2025-05-24T10:43:33","slug":"ota-yhteytta","status":"publish","type":"page","link":"https:\/\/leatai.com\/fi\/ota-yhteytta\/","title":{"rendered":"Ota yhteytt\u00e4"},"content":{"rendered":"\t\t<div data-elementor-type=\"wp-page\" data-elementor-id=\"210375\" class=\"elementor elementor-210375 elementor-1618\" data-elementor-post-type=\"page\">\n\t\t\t\t\t\t<section class=\"has_ae_slider elementor-section elementor-top-section elementor-element elementor-element-c5f9ebf elementor-section-content-middle elementor-section-boxed elementor-section-height-default elementor-section-height-default ae-bg-gallery-type-default\" data-id=\"c5f9ebf\" data-element_type=\"section\" data-e-type=\"section\" data-settings=\"{&quot;background_background&quot;:&quot;classic&quot;}\">\n\t\t\t\t\t\t<div class=\"elementor-container elementor-column-gap-default\">\n\t\t\t\t\t<div class=\"has_ae_slider elementor-column elementor-col-33 elementor-top-column elementor-element elementor-element-68dffef ae-bg-gallery-type-default\" data-id=\"68dffef\" data-element_type=\"column\" data-e-type=\"column\">\n\t\t\t<div class=\"elementor-widget-wrap elementor-element-populated\">\n\t\t\t\t\t\t<div class=\"elementor-element elementor-element-00e19f5 elementor-widget-divider--view-line elementor-widget elementor-widget-divider\" data-id=\"00e19f5\" data-element_type=\"widget\" data-e-type=\"widget\" data-widget_type=\"divider.default\">\n\t\t\t\t<div class=\"elementor-widget-container\">\n\t\t\t\t\t\t\t<div class=\"elementor-divider\">\n\t\t\t<span class=\"elementor-divider-separator\">\n\t\t\t\t\t\t<\/span>\n\t\t<\/div>\n\t\t\t\t\t\t<\/div>\n\t\t\t\t<\/div>\n\t\t\t\t\t<\/div>\n\t\t<\/div>\n\t\t\t\t<div class=\"has_ae_slider elementor-column elementor-col-33 elementor-top-column elementor-element elementor-element-34a40eb ae-bg-gallery-type-default\" data-id=\"34a40eb\" data-element_type=\"column\" data-e-type=\"column\">\n\t\t\t<div class=\"elementor-widget-wrap elementor-element-populated\">\n\t\t\t\t\t\t<div class=\"elementor-element elementor-element-7bb0fe9 elementor-widget elementor-widget-heading\" data-id=\"7bb0fe9\" data-element_type=\"widget\" data-e-type=\"widget\" data-widget_type=\"heading.default\">\n\t\t\t\t<div class=\"elementor-widget-container\">\n\t\t\t\t\t<h3 class=\"elementor-heading-title elementor-size-default\">OTA YHTEYTT\u00c4<\/h3>\t\t\t\t<\/div>\n\t\t\t\t<\/div>\n\t\t\t\t<div class=\"elementor-element elementor-element-1a328aa elementor-widget elementor-widget-heading\" data-id=\"1a328aa\" data-element_type=\"widget\" data-e-type=\"widget\" data-widget_type=\"heading.default\">\n\t\t\t\t<div class=\"elementor-widget-container\">\n\t\t\t\t\t<h1 class=\"elementor-heading-title elementor-size-default\">Tuotteet<\/h1>\t\t\t\t<\/div>\n\t\t\t\t<\/div>\n\t\t\t\t\t<\/div>\n\t\t<\/div>\n\t\t\t\t<div class=\"has_ae_slider elementor-column elementor-col-33 elementor-top-column elementor-element elementor-element-d667816 ae-bg-gallery-type-default\" data-id=\"d667816\" data-element_type=\"column\" data-e-type=\"column\">\n\t\t\t<div class=\"elementor-widget-wrap elementor-element-populated\">\n\t\t\t\t\t\t<div class=\"elementor-element elementor-element-201173d elementor-widget-divider--view-line elementor-widget elementor-widget-divider\" data-id=\"201173d\" data-element_type=\"widget\" data-e-type=\"widget\" data-widget_type=\"divider.default\">\n\t\t\t\t<div class=\"elementor-widget-container\">\n\t\t\t\t\t\t\t<div class=\"elementor-divider\">\n\t\t\t<span class=\"elementor-divider-separator\">\n\t\t\t\t\t\t<\/span>\n\t\t<\/div>\n\t\t\t\t\t\t<\/div>\n\t\t\t\t<\/div>\n\t\t\t\t\t<\/div>\n\t\t<\/div>\n\t\t\t\t\t<\/div>\n\t\t<\/section>\n\t\t\t\t<section class=\"has_ae_slider elementor-section elementor-top-section elementor-element elementor-element-69a056c elementor-section-boxed elementor-section-height-default elementor-section-height-default ae-bg-gallery-type-default\" data-id=\"69a056c\" data-element_type=\"section\" data-e-type=\"section\">\n\t\t\t\t\t\t<div class=\"elementor-container elementor-column-gap-default\">\n\t\t\t\t\t<div class=\"has_ae_slider elementor-column elementor-col-100 elementor-top-column elementor-element elementor-element-09144da ae-bg-gallery-type-default\" data-id=\"09144da\" data-element_type=\"column\" data-e-type=\"column\">\n\t\t\t<div class=\"elementor-widget-wrap elementor-element-populated\">\n\t\t\t\t\t\t<div class=\"elementor-element elementor-element-9afcbff elementor-widget elementor-widget-woocommerce-breadcrumb\" data-id=\"9afcbff\" data-element_type=\"widget\" data-e-type=\"widget\" data-widget_type=\"woocommerce-breadcrumb.default\">\n\t\t\t\t<div class=\"elementor-widget-container\">\n\t\t\t\t\t<nav class=\"woocommerce-breadcrumb\" aria-label=\"Breadcrumb\">Etusivu<\/nav>\t\t\t\t<\/div>\n\t\t\t\t<\/div>\n\t\t\t\t\t<\/div>\n\t\t<\/div>\n\t\t\t\t\t<\/div>\n\t\t<\/section>\n\t\t\t\t<section class=\"has_ae_slider elementor-section elementor-top-section elementor-element elementor-element-685c79f elementor-section-boxed elementor-section-height-default elementor-section-height-default ae-bg-gallery-type-default\" data-id=\"685c79f\" data-element_type=\"section\" data-e-type=\"section\">\n\t\t\t\t\t\t<div class=\"elementor-container elementor-column-gap-default\">\n\t\t\t\t\t<div class=\"has_ae_slider elementor-column elementor-col-100 elementor-top-column elementor-element elementor-element-0383dc8 ae-bg-gallery-type-default\" data-id=\"0383dc8\" data-element_type=\"column\" data-e-type=\"column\">\n\t\t\t<div class=\"elementor-widget-wrap elementor-element-populated\">\n\t\t\t\t\t\t<div class=\"elementor-element elementor-element-3ac9507 elementor-button-align-center inquiry elementor-widget elementor-widget-form\" data-id=\"3ac9507\" data-element_type=\"widget\" data-e-type=\"widget\" data-settings=\"{&quot;step_next_label&quot;:&quot;Seuraava&quot;,&quot;step_previous_label&quot;:&quot;Edellinen&quot;,&quot;button_width&quot;:&quot;100&quot;,&quot;step_type&quot;:&quot;number_text&quot;,&quot;step_icon_shape&quot;:&quot;circle&quot;}\" data-widget_type=\"form.default\">\n\t\t\t\t<div class=\"elementor-widget-container\">\n\t\t\t\t\t\t\t<form class=\"elementor-form\" method=\"post\" name=\"OTA YHTEYTT\u00c4\" aria-label=\"OTA YHTEYTT\u00c4\">\n\t\t\t<input type=\"hidden\" name=\"post_id\" value=\"210375\"\/>\n\t\t\t<input type=\"hidden\" name=\"form_id\" value=\"3ac9507\"\/>\n\t\t\t<input type=\"hidden\" name=\"referer_title\" value=\"Leatai \u2013 R\u00e4\u00e4t\u00e4l\u00f6ityjen muistikirjojen valmistaja\" \/>\n\n\t\t\t\n\t\t\t<div class=\"elementor-form-fields-wrapper elementor-labels-\">\n\t\t\t\t\t\t\t\t<div class=\"elementor-field-type-text elementor-field-group elementor-column elementor-field-group-company elementor-col-100 elementor-field-required\">\n\t\t\t\t\t\t\t\t\t\t\t\t<label for=\"form-field-company\" class=\"elementor-field-label elementor-screen-only\">\n\t\t\t\t\t\t\t\tYrityksen nimi\t\t\t\t\t\t\t<\/label>\n\t\t\t\t\t\t\t\t\t\t\t\t\t\t<input size=\"1\" type=\"text\" name=\"form_fields[company]\" id=\"form-field-company\" class=\"elementor-field elementor-size-sm  elementor-field-textual\" placeholder=\"Yrityksen nimi *\" required=\"required\">\n\t\t\t\t\t\t\t\t\t\t\t<\/div>\n\t\t\t\t\t\t\t\t<div class=\"elementor-field-type-text elementor-field-group elementor-column elementor-field-group-name elementor-col-100 elementor-field-required\">\n\t\t\t\t\t\t\t\t\t\t\t\t<label for=\"form-field-name\" class=\"elementor-field-label elementor-screen-only\">\n\t\t\t\t\t\t\t\tNimi\t\t\t\t\t\t\t<\/label>\n\t\t\t\t\t\t\t\t\t\t\t\t\t\t<input size=\"1\" type=\"text\" name=\"form_fields[name]\" id=\"form-field-name\" class=\"elementor-field elementor-size-sm  elementor-field-textual\" placeholder=\"Nimi *\" required=\"required\">\n\t\t\t\t\t\t\t\t\t\t\t<\/div>\n\t\t\t\t\t\t\t\t<div class=\"elementor-field-type-text elementor-field-group elementor-column elementor-field-group-phone elementor-col-100 elementor-field-required\">\n\t\t\t\t\t\t\t\t\t\t\t\t<label for=\"form-field-phone\" class=\"elementor-field-label elementor-screen-only\">\n\t\t\t\t\t\t\t\tPuhelinnumero\t\t\t\t\t\t\t<\/label>\n\t\t\t\t\t\t\t\t\t\t\t\t\t\t<input size=\"1\" type=\"text\" name=\"form_fields[phone]\" id=\"form-field-phone\" class=\"elementor-field elementor-size-sm  elementor-field-textual\" placeholder=\"Puhelinnumero *\" required=\"required\">\n\t\t\t\t\t\t\t\t\t\t\t<\/div>\n\t\t\t\t\t\t\t\t<div class=\"elementor-field-type-email elementor-field-group elementor-column elementor-field-group-email elementor-col-100 elementor-field-required\">\n\t\t\t\t\t\t\t\t\t\t\t\t<label for=\"form-field-email\" class=\"elementor-field-label elementor-screen-only\">\n\t\t\t\t\t\t\t\tS\u00e4hk\u00f6posti\t\t\t\t\t\t\t<\/label>\n\t\t\t\t\t\t\t\t\t\t\t\t\t\t<input size=\"1\" type=\"email\" name=\"form_fields[email]\" id=\"form-field-email\" class=\"elementor-field elementor-size-sm  elementor-field-textual\" placeholder=\"S\u00e4hk\u00f6posti *\" required=\"required\">\n\t\t\t\t\t\t\t\t\t\t\t<\/div>\n\t\t\t\t\t\t\t\t<div class=\"elementor-field-type-textarea elementor-field-group elementor-column elementor-field-group-message elementor-col-100 elementor-field-required\">\n\t\t\t\t\t\t\t\t\t\t\t\t<label for=\"form-field-message\" class=\"elementor-field-label elementor-screen-only\">\n\t\t\t\t\t\t\t\tSis\u00e4lt\u00f6\t\t\t\t\t\t\t<\/label>\n\t\t\t\t\t\t<textarea class=\"elementor-field-textual elementor-field  elementor-size-sm\" name=\"form_fields[message]\" id=\"form-field-message\" rows=\"4\" placeholder=\"Sis\u00e4lt\u00f6 *\" required=\"required\"><\/textarea>\t\t\t\t<\/div>\n\t\t\t\t\t\t\t\t<div class=\"elementor-field-group elementor-column elementor-field-type-submit elementor-col-100 e-form__buttons\">\n\t\t\t\t\t<button class=\"elementor-button elementor-size-sm\" type=\"submit\">\n\t\t\t\t\t\t<span class=\"elementor-button-content-wrapper\">\n\t\t\t\t\t\t\t\t\t\t\t\t\t\t\t\t\t\t\t\t\t\t<span class=\"elementor-button-text\">l\u00e4het\u00e4<\/span>\n\t\t\t\t\t\t\t\t\t\t\t\t\t<\/span>\n\t\t\t\t\t<\/button>\n\t\t\t\t<\/div>\n\t\t\t<\/div>\n\t\t<\/form>\n\t\t\t\t\t\t<\/div>\n\t\t\t\t<\/div>\n\t\t\t\t<div class=\"elementor-element elementor-element-f0cf796 elementor-widget elementor-widget-spacer\" data-id=\"f0cf796\" data-element_type=\"widget\" data-e-type=\"widget\" data-widget_type=\"spacer.default\">\n\t\t\t\t<div class=\"elementor-widget-container\">\n\t\t\t\t\t\t\t<div class=\"elementor-spacer\">\n\t\t\t<div class=\"elementor-spacer-inner\"><\/div>\n\t\t<\/div>\n\t\t\t\t\t\t<\/div>\n\t\t\t\t<\/div>\n\t\t\t\t<div class=\"elementor-element elementor-element-697e50e line elementor-widget elementor-widget-image\" data-id=\"697e50e\" data-element_type=\"widget\" data-e-type=\"widget\" data-widget_type=\"image.default\">\n\t\t\t\t<div class=\"elementor-widget-container\">\n\t\t\t\t\t\t\t\t\t\t\t\t\t\t\t\t<a href=\"https:\/\/lin.ee\/dNdsPXf\" target=\"_blank\">\n\t\t\t\t\t\t\t<img decoding=\"async\" width=\"115\" height=\"115\" src=\"https:\/\/leatai.com\/wp-content\/uploads\/line_code.png\" class=\"attachment-large size-large wp-image-210352\" alt=\"\" srcset=\"https:\/\/leatai.com\/wp-content\/uploads\/line_code.png 115w, https:\/\/leatai.com\/wp-content\/uploads\/line_code-100x100.png 100w\" sizes=\"(max-width: 115px) 100vw, 115px\" \/>\t\t\t\t\t\t\t\t<\/a>\n\t\t\t\t\t\t\t\t\t\t\t\t\t\t\t<\/div>\n\t\t\t\t<\/div>\n\t\t\t\t<div class=\"elementor-element elementor-element-160a0ef elementor-widget elementor-widget-spacer\" data-id=\"160a0ef\" data-element_type=\"widget\" data-e-type=\"widget\" data-widget_type=\"spacer.default\">\n\t\t\t\t<div class=\"elementor-widget-container\">\n\t\t\t\t\t\t\t<div class=\"elementor-spacer\">\n\t\t\t<div class=\"elementor-spacer-inner\"><\/div>\n\t\t<\/div>\n\t\t\t\t\t\t<\/div>\n\t\t\t\t<\/div>\n\t\t\t\t<div class=\"elementor-element elementor-element-e002bd0 elementor-widget elementor-widget-heading\" data-id=\"e002bd0\" data-element_type=\"widget\" data-e-type=\"widget\" data-widget_type=\"heading.default\">\n\t\t\t\t<div class=\"elementor-widget-container\">\n\t\t\t\t\t<p class=\"elementor-heading-title elementor-size-default\"><a href=\"https:\/\/lin.ee\/dNdsPXf\">LINE ID\uff1a@mqh0793i<\/a><\/p>\t\t\t\t<\/div>\n\t\t\t\t<\/div>\n\t\t\t\t<div class=\"elementor-element elementor-element-5d03bb7 elementor-widget elementor-widget-text-editor\" data-id=\"5d03bb7\" data-element_type=\"widget\" data-e-type=\"widget\" data-widget_type=\"text-editor.default\">\n\t\t\t\t<div class=\"elementor-widget-container\">\n\t\t\t\t\t\t\t\t\t<p>Tervetuloa k\u00e4ytt\u00e4m\u00e4\u00e4n verkkopalveluamme. Jos sinulla on kysytt\u00e4v\u00e4\u00e4 tai tarvitset apua, olemme valmiita auttamaan sinua v\u00e4litt\u00f6m\u00e4sti.<\/p>\n\t\t\t\t\t\t\t\t<\/div>\n\t\t\t\t<\/div>\n\t\t\t\t\t<\/div>\n\t\t<\/div>\n\t\t\t\t\t<\/div>\n\t\t<\/section>\n\t\t\t\t<\/div>\n\t\t","protected":false},"excerpt":{"rendered":"<p>OTA YHTEYTT\u00c4 LINE ID\uff1a@mqh0793i Tervetuloa k\u00e4ytt\u00e4m\u00e4\u00e4n verkkopalveluamme. Jos sinulla on kysytt\u00e4v\u00e4\u00e4 tai tarvitset apua, olemme valmiita auttamaan sinua v\u00e4litt\u00f6m\u00e4sti.<\/p>\n","protected":false},"author":1,"featured_media":0,"parent":0,"menu_order":0,"comment_status":"closed","ping_status":"closed","template":"","meta":{"_acf_changed":false,"footnotes":""},"class_list":["post-210375","page","type-page","status-publish","hentry"],"acf":[],"yoast_head":"<!-- This site is optimized with the Yoast SEO plugin v27.2 - https:\/\/yoast.com\/product\/yoast-seo-wordpress\/ -->\n<title>Ota yhteytt\u00e4 - R\u00e4\u00e4t\u00e4l\u00f6ityjen muistikirjojen asiantuntija - Leatai \u2013 R\u00e4\u00e4t\u00e4l\u00f6ityjen muistikirjojen valmistaja<\/title>\n<meta name=\"description\" content=\"Muistikirjojen painatusprosessiin liittyy monia yksityiskohtia, jotka voivat olla yll\u00e4tt\u00e4v\u00e4n monimutkaisia. Ilman alkuvaiheen keskusteluja, r\u00e4\u00e4t\u00e4l\u00f6idyn muistikirjan valmistus kest\u00e4\u00e4 noin 30\u201360 p\u00e4iv\u00e4\u00e4. Jokainen vaihe vaatii osaamista, ja prosessi ulottuu my\u00f6s sidontaan ja nahkatuotteiden k\u00e4sittelyyn. Tarjoamme maksutonta asiantuntevaa neuvontaa verkossa, jotta asiat sujuisivat sinulle mahdollisimman vaivattomasti.\" \/>\n<meta name=\"robots\" content=\"index, follow, max-snippet:-1, max-image-preview:large, max-video-preview:-1\" \/>\n<link rel=\"canonical\" href=\"https:\/\/leatai.com\/fi\/ota-yhteytta\/\" \/>\n<meta property=\"og:locale\" content=\"fi_FI\" \/>\n<meta property=\"og:type\" content=\"article\" \/>\n<meta property=\"og:title\" content=\"Ota yhteytt\u00e4 - R\u00e4\u00e4t\u00e4l\u00f6ityjen muistikirjojen asiantuntija - Leatai \u2013 R\u00e4\u00e4t\u00e4l\u00f6ityjen muistikirjojen valmistaja\" \/>\n<meta property=\"og:description\" content=\"Muistikirjojen painatusprosessiin liittyy monia yksityiskohtia, jotka voivat olla yll\u00e4tt\u00e4v\u00e4n monimutkaisia. Ilman alkuvaiheen keskusteluja, r\u00e4\u00e4t\u00e4l\u00f6idyn muistikirjan valmistus kest\u00e4\u00e4 noin 30\u201360 p\u00e4iv\u00e4\u00e4. Jokainen vaihe vaatii osaamista, ja prosessi ulottuu my\u00f6s sidontaan ja nahkatuotteiden k\u00e4sittelyyn. Tarjoamme maksutonta asiantuntevaa neuvontaa verkossa, jotta asiat sujuisivat sinulle mahdollisimman vaivattomasti.\" \/>\n<meta property=\"og:url\" content=\"https:\/\/leatai.com\/fi\/ota-yhteytta\/\" \/>\n<meta property=\"og:site_name\" content=\"Leatai \u2013 R\u00e4\u00e4t\u00e4l\u00f6ityjen muistikirjojen valmistaja\" \/>\n<meta property=\"og:image\" content=\"https:\/\/leatai.com\/wp-content\/uploads\/line_code.png\" \/>\n\t<meta property=\"og:image:width\" content=\"115\" \/>\n\t<meta property=\"og:image:height\" content=\"115\" \/>\n\t<meta property=\"og:image:type\" content=\"image\/png\" \/>\n<meta name=\"twitter:card\" content=\"summary_large_image\" \/>\n<script type=\"application\/ld+json\" class=\"yoast-schema-graph\">{\"@context\":\"https:\/\/schema.org\",\"@graph\":[{\"@type\":\"WebPage\",\"@id\":\"https:\/\/leatai.com\/fi\/ota-yhteytta\/\",\"url\":\"https:\/\/leatai.com\/fi\/ota-yhteytta\/\",\"name\":\"Ota yhteytt\u00e4 - R\u00e4\u00e4t\u00e4l\u00f6ityjen muistikirjojen asiantuntija - Leatai \u2013 R\u00e4\u00e4t\u00e4l\u00f6ityjen muistikirjojen valmistaja\",\"isPartOf\":{\"@id\":\"https:\/\/leatai.com\/fi\/#website\"},\"primaryImageOfPage\":{\"@id\":\"https:\/\/leatai.com\/fi\/ota-yhteytta\/#primaryimage\"},\"image\":{\"@id\":\"https:\/\/leatai.com\/fi\/ota-yhteytta\/#primaryimage\"},\"thumbnailUrl\":\"https:\/\/leatai.com\/wp-content\/uploads\/line_code.png\",\"datePublished\":\"2025-05-24T10:43:33+00:00\",\"description\":\"Muistikirjojen painatusprosessiin liittyy monia yksityiskohtia, jotka voivat olla yll\u00e4tt\u00e4v\u00e4n monimutkaisia. Ilman alkuvaiheen keskusteluja, r\u00e4\u00e4t\u00e4l\u00f6idyn muistikirjan valmistus kest\u00e4\u00e4 noin 30\u201360 p\u00e4iv\u00e4\u00e4. Jokainen vaihe vaatii osaamista, ja prosessi ulottuu my\u00f6s sidontaan ja nahkatuotteiden k\u00e4sittelyyn. Tarjoamme maksutonta asiantuntevaa neuvontaa verkossa, jotta asiat sujuisivat sinulle mahdollisimman vaivattomasti.\",\"breadcrumb\":{\"@id\":\"https:\/\/leatai.com\/fi\/ota-yhteytta\/#breadcrumb\"},\"inLanguage\":\"fi\",\"potentialAction\":[{\"@type\":\"ReadAction\",\"target\":[\"https:\/\/leatai.com\/fi\/ota-yhteytta\/\"]}]},{\"@type\":\"ImageObject\",\"inLanguage\":\"fi\",\"@id\":\"https:\/\/leatai.com\/fi\/ota-yhteytta\/#primaryimage\",\"url\":\"https:\/\/leatai.com\/wp-content\/uploads\/line_code.png\",\"contentUrl\":\"https:\/\/leatai.com\/wp-content\/uploads\/line_code.png\"},{\"@type\":\"BreadcrumbList\",\"@id\":\"https:\/\/leatai.com\/fi\/ota-yhteytta\/#breadcrumb\",\"itemListElement\":[{\"@type\":\"ListItem\",\"position\":1,\"name\":\"Home\",\"item\":\"https:\/\/leatai.com\/fi\/\"},{\"@type\":\"ListItem\",\"position\":2,\"name\":\"Ota yhteytt\u00e4\"}]},{\"@type\":\"WebSite\",\"@id\":\"https:\/\/leatai.com\/fi\/#website\",\"url\":\"https:\/\/leatai.com\/fi\/\",\"name\":\"Leatai \u2013 R\u00e4\u00e4t\u00e4l\u00f6ityjen muistikirjojen valmistaja\",\"description\":\"Leatai tarjoaa r\u00e4\u00e4t\u00e4l\u00f6ityj\u00e4 muistikirjoja ja suunnittelijoita br\u00e4ndeille ja j\u00e4lleenmyyjille maailmanlaajuisesti.\",\"publisher\":{\"@id\":\"https:\/\/leatai.com\/fi\/#organization\"},\"potentialAction\":[{\"@type\":\"SearchAction\",\"target\":{\"@type\":\"EntryPoint\",\"urlTemplate\":\"https:\/\/leatai.com\/fi\/?s={search_term_string}\"},\"query-input\":{\"@type\":\"PropertyValueSpecification\",\"valueRequired\":true,\"valueName\":\"search_term_string\"}}],\"inLanguage\":\"fi\"},{\"@type\":\"Organization\",\"@id\":\"https:\/\/leatai.com\/fi\/#organization\",\"name\":\"Leatai Diary, customized journal and business organizer\",\"url\":\"https:\/\/leatai.com\/fi\/\",\"logo\":{\"@type\":\"ImageObject\",\"inLanguage\":\"fi\",\"@id\":\"https:\/\/leatai.com\/fi\/#\/schema\/logo\/image\/\",\"url\":\"https:\/\/leatai.com\/wp-content\/uploads\/logo-blue.png\",\"contentUrl\":\"https:\/\/leatai.com\/wp-content\/uploads\/logo-blue.png\",\"width\":230,\"height\":60,\"caption\":\"Leatai Diary, customized journal and business organizer\"},\"image\":{\"@id\":\"https:\/\/leatai.com\/fi\/#\/schema\/logo\/image\/\"}}]}<\/script>\n<!-- \/ Yoast SEO plugin. -->","yoast_head_json":{"title":"Ota yhteytt\u00e4 - R\u00e4\u00e4t\u00e4l\u00f6ityjen muistikirjojen asiantuntija - Leatai \u2013 R\u00e4\u00e4t\u00e4l\u00f6ityjen muistikirjojen valmistaja","description":"Muistikirjojen painatusprosessiin liittyy monia yksityiskohtia, jotka voivat olla yll\u00e4tt\u00e4v\u00e4n monimutkaisia. Ilman alkuvaiheen keskusteluja, r\u00e4\u00e4t\u00e4l\u00f6idyn muistikirjan valmistus kest\u00e4\u00e4 noin 30\u201360 p\u00e4iv\u00e4\u00e4. Jokainen vaihe vaatii osaamista, ja prosessi ulottuu my\u00f6s sidontaan ja nahkatuotteiden k\u00e4sittelyyn. Tarjoamme maksutonta asiantuntevaa neuvontaa verkossa, jotta asiat sujuisivat sinulle mahdollisimman vaivattomasti.","robots":{"index":"index","follow":"follow","max-snippet":"max-snippet:-1","max-image-preview":"max-image-preview:large","max-video-preview":"max-video-preview:-1"},"canonical":"https:\/\/leatai.com\/fi\/ota-yhteytta\/","og_locale":"fi_FI","og_type":"article","og_title":"Ota yhteytt\u00e4 - R\u00e4\u00e4t\u00e4l\u00f6ityjen muistikirjojen asiantuntija - Leatai \u2013 R\u00e4\u00e4t\u00e4l\u00f6ityjen muistikirjojen valmistaja","og_description":"Muistikirjojen painatusprosessiin liittyy monia yksityiskohtia, jotka voivat olla yll\u00e4tt\u00e4v\u00e4n monimutkaisia. Ilman alkuvaiheen keskusteluja, r\u00e4\u00e4t\u00e4l\u00f6idyn muistikirjan valmistus kest\u00e4\u00e4 noin 30\u201360 p\u00e4iv\u00e4\u00e4. Jokainen vaihe vaatii osaamista, ja prosessi ulottuu my\u00f6s sidontaan ja nahkatuotteiden k\u00e4sittelyyn. Tarjoamme maksutonta asiantuntevaa neuvontaa verkossa, jotta asiat sujuisivat sinulle mahdollisimman vaivattomasti.","og_url":"https:\/\/leatai.com\/fi\/ota-yhteytta\/","og_site_name":"Leatai \u2013 R\u00e4\u00e4t\u00e4l\u00f6ityjen muistikirjojen valmistaja","og_image":[{"width":115,"height":115,"url":"https:\/\/leatai.com\/wp-content\/uploads\/line_code.png","type":"image\/png"}],"twitter_card":"summary_large_image","schema":{"@context":"https:\/\/schema.org","@graph":[{"@type":"WebPage","@id":"https:\/\/leatai.com\/fi\/ota-yhteytta\/","url":"https:\/\/leatai.com\/fi\/ota-yhteytta\/","name":"Ota yhteytt\u00e4 - R\u00e4\u00e4t\u00e4l\u00f6ityjen muistikirjojen asiantuntija - Leatai \u2013 R\u00e4\u00e4t\u00e4l\u00f6ityjen muistikirjojen valmistaja","isPartOf":{"@id":"https:\/\/leatai.com\/fi\/#website"},"primaryImageOfPage":{"@id":"https:\/\/leatai.com\/fi\/ota-yhteytta\/#primaryimage"},"image":{"@id":"https:\/\/leatai.com\/fi\/ota-yhteytta\/#primaryimage"},"thumbnailUrl":"https:\/\/leatai.com\/wp-content\/uploads\/line_code.png","datePublished":"2025-05-24T10:43:33+00:00","description":"Muistikirjojen painatusprosessiin liittyy monia yksityiskohtia, jotka voivat olla yll\u00e4tt\u00e4v\u00e4n monimutkaisia. Ilman alkuvaiheen keskusteluja, r\u00e4\u00e4t\u00e4l\u00f6idyn muistikirjan valmistus kest\u00e4\u00e4 noin 30\u201360 p\u00e4iv\u00e4\u00e4. Jokainen vaihe vaatii osaamista, ja prosessi ulottuu my\u00f6s sidontaan ja nahkatuotteiden k\u00e4sittelyyn. Tarjoamme maksutonta asiantuntevaa neuvontaa verkossa, jotta asiat sujuisivat sinulle mahdollisimman vaivattomasti.","breadcrumb":{"@id":"https:\/\/leatai.com\/fi\/ota-yhteytta\/#breadcrumb"},"inLanguage":"fi","potentialAction":[{"@type":"ReadAction","target":["https:\/\/leatai.com\/fi\/ota-yhteytta\/"]}]},{"@type":"ImageObject","inLanguage":"fi","@id":"https:\/\/leatai.com\/fi\/ota-yhteytta\/#primaryimage","url":"https:\/\/leatai.com\/wp-content\/uploads\/line_code.png","contentUrl":"https:\/\/leatai.com\/wp-content\/uploads\/line_code.png"},{"@type":"BreadcrumbList","@id":"https:\/\/leatai.com\/fi\/ota-yhteytta\/#breadcrumb","itemListElement":[{"@type":"ListItem","position":1,"name":"Home","item":"https:\/\/leatai.com\/fi\/"},{"@type":"ListItem","position":2,"name":"Ota yhteytt\u00e4"}]},{"@type":"WebSite","@id":"https:\/\/leatai.com\/fi\/#website","url":"https:\/\/leatai.com\/fi\/","name":"Leatai \u2013 R\u00e4\u00e4t\u00e4l\u00f6ityjen muistikirjojen valmistaja","description":"Leatai tarjoaa r\u00e4\u00e4t\u00e4l\u00f6ityj\u00e4 muistikirjoja ja suunnittelijoita br\u00e4ndeille ja j\u00e4lleenmyyjille maailmanlaajuisesti.","publisher":{"@id":"https:\/\/leatai.com\/fi\/#organization"},"potentialAction":[{"@type":"SearchAction","target":{"@type":"EntryPoint","urlTemplate":"https:\/\/leatai.com\/fi\/?s={search_term_string}"},"query-input":{"@type":"PropertyValueSpecification","valueRequired":true,"valueName":"search_term_string"}}],"inLanguage":"fi"},{"@type":"Organization","@id":"https:\/\/leatai.com\/fi\/#organization","name":"Leatai Diary, customized journal and business organizer","url":"https:\/\/leatai.com\/fi\/","logo":{"@type":"ImageObject","inLanguage":"fi","@id":"https:\/\/leatai.com\/fi\/#\/schema\/logo\/image\/","url":"https:\/\/leatai.com\/wp-content\/uploads\/logo-blue.png","contentUrl":"https:\/\/leatai.com\/wp-content\/uploads\/logo-blue.png","width":230,"height":60,"caption":"Leatai Diary, customized journal and business organizer"},"image":{"@id":"https:\/\/leatai.com\/fi\/#\/schema\/logo\/image\/"}}]}},"_links":{"self":[{"href":"https:\/\/leatai.com\/fi\/wp-json\/wp\/v2\/pages\/210375","targetHints":{"allow":["GET"]}}],"collection":[{"href":"https:\/\/leatai.com\/fi\/wp-json\/wp\/v2\/pages"}],"about":[{"href":"https:\/\/leatai.com\/fi\/wp-json\/wp\/v2\/types\/page"}],"author":[{"embeddable":true,"href":"https:\/\/leatai.com\/fi\/wp-json\/wp\/v2\/users\/1"}],"replies":[{"embeddable":true,"href":"https:\/\/leatai.com\/fi\/wp-json\/wp\/v2\/comments?post=210375"}],"version-history":[{"count":1,"href":"https:\/\/leatai.com\/fi\/wp-json\/wp\/v2\/pages\/210375\/revisions"}],"predecessor-version":[{"id":210376,"href":"https:\/\/leatai.com\/fi\/wp-json\/wp\/v2\/pages\/210375\/revisions\/210376"}],"wp:attachment":[{"href":"https:\/\/leatai.com\/fi\/wp-json\/wp\/v2\/media?parent=210375"}],"curies":[{"name":"wp","href":"https:\/\/api.w.org\/{rel}","templated":true}]}}