{"id":223414,"date":"2025-04-23T14:36:06","date_gmt":"2025-04-23T06:36:06","guid":{"rendered":"https:\/\/leatai.com\/?post_type=product&#038;p=223414"},"modified":"2025-11-03T16:04:14","modified_gmt":"2025-11-03T08:04:14","slug":"semtek","status":"publish","type":"product","link":"https:\/\/leatai.com\/es\/product\/varias-muestras-oem\/calendario-oem-es\/semtek\/","title":{"rendered":"Semtek"},"content":{"rendered":"<p>Nombre del cliente: Semtek<br \/>\nTama\u00f1o del caso: 25K<br \/>\nEstilo del caso: Calendario triangular de escritorio<br \/>\nAcabado del logo: Impresi\u00f3n a color<br \/>\nPuntos destacados: Especialistas en equipos de fabricaci\u00f3n h\u00fameda, eligieron un calendario de escritorio personalizado con un estilo caricaturesco y divertido que arranca una sonrisa todos los d\u00edas.<\/p>\n<p>&nbsp;<\/p>\n<p><strong>\ud83d\udcd6<\/strong>Todos os exemplos de personaliza\u00e7\u00e3o: <a href=\"https:\/\/leatai.com\/pt-br\/produto-tag\/oem-pt-br\/\" target=\"_blank\" rel=\"noopener\">Cadernos personalizados \/ Di\u00e1rios comerciais personalizados<\/a><br \/>\n<strong>\ud83d\udcd6<\/strong>Para produtos padr\u00e3o de cadernos personalizados \/ di\u00e1rios comerciais, consulte:<br \/>\n<a href=\"https:\/\/leatai.com\/pt-br\/categoria-produto\/caderno-personalizado\/caderno-com-capa-dura\/\" target=\"_blank\" rel=\"noopener\">Caderno de capa dura \/ Di\u00e1rio comercial de capa dura<\/a><br \/>\n<a href=\"https:\/\/leatai.com\/pt-br\/categoria-produto\/caderno-personalizado\/caderno-de-folhas-soltas\/\" target=\"_blank\" rel=\"noopener\">Caderno de argolas \/ Di\u00e1rio comercial de argolas<\/a><br \/>\n<a href=\"https:\/\/leatai.com\/pt-br\/categoria-produto\/caderno-personalizado\/caderno-removivel\/\" target=\"_blank\" rel=\"noopener\">Caderno de argolas destac\u00e1vel \/ Di\u00e1rio comercial destac\u00e1vel<\/a><br \/>\n<a href=\"https:\/\/leatai.com\/pt-br\/categoria-produto\/caderno-personalizado\/caderno-brochura\/\" target=\"_blank\" rel=\"noopener\">Caderno de brochura \/ Di\u00e1rio comercial de brochura<\/a><br \/>\n<a href=\"https:\/\/leatai.com\/pt-br\/categoria-produto\/caderno-personalizado\/caderno-espiral\/\" target=\"_blank\" rel=\"noopener\">Caderno espiral \/ Di\u00e1rio comercial espiral<\/a><\/p>\n<p><strong><b>\ud83d\udcd6<\/b><\/strong>Para uma explica\u00e7\u00e3o completa dos tamanhos, consulte:<a href=\"https:\/\/leatai.com\/es\/conocimiento-sobre-cuadernos\/guia-de-tamanos-de-papel-comprenda-los-tamanos-comunes-como-b3-a4-b5-8k-16k-y-mas-una-tabla-de-tamanos-completa-para-una-referencia-facil\/\" target=\"_blank\" rel=\"noopener\"> Guia de tamanhos de papel: como diferenciar B3, A4, B5, 8K, 16K e outros tamanhos comuns? Tabela de compara\u00e7\u00e3o de tamanhos de papel f\u00e1cil de entender!<\/a><\/p>\n","protected":false},"excerpt":{"rendered":"<p>Nombre del cliente: Semtek Tama\u00f1o del caso: 25K Estilo del caso: Calendario triangular de escritorio Acabado del logo: Impresi\u00f3n a color Puntos destacados: Especialistas en equipos de fabricaci\u00f3n h\u00fameda, eligieron un calendario de escritorio personalizado con un estilo caricaturesco y divertido que arranca una sonrisa todos los d\u00edas. &nbsp; \ud83d\udcd6Todos os exemplos de personaliza\u00e7\u00e3o: Cadernos [&hellip;]<\/p>\n","protected":false},"featured_media":188203,"template":"","meta":{"_acf_changed":false},"product_brand":[],"product_cat":[965],"product_tag":[1465],"home_works":[],"class_list":{"0":"post-223414","1":"product","2":"type-product","3":"status-publish","4":"has-post-thumbnail","6":"product_cat-calendario-oem-es","7":"product_tag-oem-es","9":"first","10":"instock","11":"sold-individually","12":"shipping-taxable","13":"purchasable","14":"product-type-variable","15":"has-default-attributes"},"acf":[],"yoast_head":"<!-- This site is optimized with the Yoast SEO plugin v27.2 - https:\/\/yoast.com\/product\/yoast-seo-wordpress\/ -->\n<title>Semtek - Leatai \u2013 Fabricante de cuadernos personalizados<\/title>\n<meta name=\"description\" content=\"Nombre del cliente: SemtekTama\u00f1o del caso: 25KEstilo del caso: Calendario de escritorio triangularEfecto del logo: Impresi\u00f3n a colorPunto destacado: Un experto en equipos de procesamiento h\u00famedo eligi\u00f3 un calendario de escritorio personalizado con un estilo chibi divertido que hace sonre\u00edr cada d\u00eda.\" \/>\n<meta name=\"robots\" content=\"index, follow, max-snippet:-1, max-image-preview:large, max-video-preview:-1\" \/>\n<link rel=\"canonical\" href=\"https:\/\/leatai.com\/es\/product\/varias-muestras-oem\/calendario-oem-es\/semtek\/\" \/>\n<meta property=\"og:locale\" content=\"es_ES\" \/>\n<meta property=\"og:type\" content=\"article\" \/>\n<meta property=\"og:title\" content=\"Semtek - Leatai \u2013 Fabricante de cuadernos personalizados\" \/>\n<meta property=\"og:description\" content=\"Nombre del cliente: SemtekTama\u00f1o del caso: 25KEstilo del caso: Calendario de escritorio triangularEfecto del logo: Impresi\u00f3n a colorPunto destacado: Un experto en equipos de procesamiento h\u00famedo eligi\u00f3 un calendario de escritorio personalizado con un estilo chibi divertido que hace sonre\u00edr cada d\u00eda.\" \/>\n<meta property=\"og:url\" content=\"https:\/\/leatai.com\/es\/product\/varias-muestras-oem\/calendario-oem-es\/semtek\/\" \/>\n<meta property=\"og:site_name\" content=\"Leatai \u2013 Fabricante de cuadernos personalizados\" \/>\n<meta property=\"article:modified_time\" content=\"2025-11-03T08:04:14+00:00\" \/>\n<meta property=\"og:image\" content=\"https:\/\/leatai.com\/wp-content\/uploads\/DSC_3027.jpg\" \/>\n\t<meta property=\"og:image:width\" content=\"1000\" \/>\n\t<meta property=\"og:image:height\" content=\"750\" \/>\n\t<meta property=\"og:image:type\" content=\"image\/jpeg\" \/>\n<meta name=\"twitter:card\" content=\"summary_large_image\" \/>\n<meta name=\"twitter:label1\" content=\"Tiempo de lectura\" \/>\n\t<meta name=\"twitter:data1\" content=\"1 minuto\" \/>\n<script type=\"application\/ld+json\" class=\"yoast-schema-graph\">{\"@context\":\"https:\/\/schema.org\",\"@graph\":[{\"@type\":\"WebPage\",\"@id\":\"https:\/\/leatai.com\/es\/product\/varias-muestras-oem\/calendario-oem-es\/semtek\/\",\"url\":\"https:\/\/leatai.com\/es\/product\/varias-muestras-oem\/calendario-oem-es\/semtek\/\",\"name\":\"Semtek - Leatai \u2013 Fabricante de cuadernos personalizados\",\"isPartOf\":{\"@id\":\"https:\/\/leatai.com\/es\/#website\"},\"primaryImageOfPage\":{\"@id\":\"https:\/\/leatai.com\/es\/product\/varias-muestras-oem\/calendario-oem-es\/semtek\/#primaryimage\"},\"image\":{\"@id\":\"https:\/\/leatai.com\/es\/product\/varias-muestras-oem\/calendario-oem-es\/semtek\/#primaryimage\"},\"thumbnailUrl\":\"https:\/\/leatai.com\/wp-content\/uploads\/DSC_3027.jpg\",\"datePublished\":\"2025-04-23T06:36:06+00:00\",\"dateModified\":\"2025-11-03T08:04:14+00:00\",\"description\":\"Nombre del cliente: SemtekTama\u00f1o del caso: 25KEstilo del caso: Calendario de escritorio triangularEfecto del logo: Impresi\u00f3n a colorPunto destacado: Un experto en equipos de procesamiento h\u00famedo eligi\u00f3 un calendario de escritorio personalizado con un estilo chibi divertido que hace sonre\u00edr cada d\u00eda.\",\"breadcrumb\":{\"@id\":\"https:\/\/leatai.com\/es\/product\/varias-muestras-oem\/calendario-oem-es\/semtek\/#breadcrumb\"},\"inLanguage\":\"es\",\"potentialAction\":[{\"@type\":\"ReadAction\",\"target\":[\"https:\/\/leatai.com\/es\/product\/varias-muestras-oem\/calendario-oem-es\/semtek\/\"]}]},{\"@type\":\"ImageObject\",\"inLanguage\":\"es\",\"@id\":\"https:\/\/leatai.com\/es\/product\/varias-muestras-oem\/calendario-oem-es\/semtek\/#primaryimage\",\"url\":\"https:\/\/leatai.com\/wp-content\/uploads\/DSC_3027.jpg\",\"contentUrl\":\"https:\/\/leatai.com\/wp-content\/uploads\/DSC_3027.jpg\",\"width\":1000,\"height\":750,\"caption\":\"\u5ba2\u88fd\u5316\u684c\u66c6\"},{\"@type\":\"BreadcrumbList\",\"@id\":\"https:\/\/leatai.com\/es\/product\/varias-muestras-oem\/calendario-oem-es\/semtek\/#breadcrumb\",\"itemListElement\":[{\"@type\":\"ListItem\",\"position\":1,\"name\":\"Home\",\"item\":\"https:\/\/leatai.com\/es\/\"},{\"@type\":\"ListItem\",\"position\":2,\"name\":\"Presentaci\u00f3n de productos\",\"item\":\"https:\/\/leatai.com\/products\/\"},{\"@type\":\"ListItem\",\"position\":3,\"name\":\"Varias Muestras OEM\",\"item\":\"https:\/\/leatai.com\/es\/categoria-producto\/varias-muestras-oem\/\"},{\"@type\":\"ListItem\",\"position\":4,\"name\":\"Calendario-OEM\",\"item\":\"https:\/\/leatai.com\/es\/categoria-producto\/varias-muestras-oem\/calendario-oem-es\/\"},{\"@type\":\"ListItem\",\"position\":5,\"name\":\"Semtek\"}]},{\"@type\":\"WebSite\",\"@id\":\"https:\/\/leatai.com\/es\/#website\",\"url\":\"https:\/\/leatai.com\/es\/\",\"name\":\"Leatai \u2013 Fabricante de cuadernos personalizados\",\"description\":\"Leatai ofrece cuadernos y planificadores personalizados para marcas y distribuidores globales.\",\"publisher\":{\"@id\":\"https:\/\/leatai.com\/es\/#organization\"},\"potentialAction\":[{\"@type\":\"SearchAction\",\"target\":{\"@type\":\"EntryPoint\",\"urlTemplate\":\"https:\/\/leatai.com\/es\/?s={search_term_string}\"},\"query-input\":{\"@type\":\"PropertyValueSpecification\",\"valueRequired\":true,\"valueName\":\"search_term_string\"}}],\"inLanguage\":\"es\"},{\"@type\":\"Organization\",\"@id\":\"https:\/\/leatai.com\/es\/#organization\",\"name\":\"Leatai Diary, customized journal and business organizer\",\"url\":\"https:\/\/leatai.com\/es\/\",\"logo\":{\"@type\":\"ImageObject\",\"inLanguage\":\"es\",\"@id\":\"https:\/\/leatai.com\/es\/#\/schema\/logo\/image\/\",\"url\":\"https:\/\/leatai.com\/wp-content\/uploads\/logo-blue.png\",\"contentUrl\":\"https:\/\/leatai.com\/wp-content\/uploads\/logo-blue.png\",\"width\":230,\"height\":60,\"caption\":\"Leatai Diary, customized journal and business organizer\"},\"image\":{\"@id\":\"https:\/\/leatai.com\/es\/#\/schema\/logo\/image\/\"}}]}<\/script>\n<!-- \/ Yoast SEO plugin. -->","yoast_head_json":{"title":"Semtek - Leatai \u2013 Fabricante de cuadernos personalizados","description":"Nombre del cliente: SemtekTama\u00f1o del caso: 25KEstilo del caso: Calendario de escritorio triangularEfecto del logo: Impresi\u00f3n a colorPunto destacado: Un experto en equipos de procesamiento h\u00famedo eligi\u00f3 un calendario de escritorio personalizado con un estilo chibi divertido que hace sonre\u00edr cada d\u00eda.","robots":{"index":"index","follow":"follow","max-snippet":"max-snippet:-1","max-image-preview":"max-image-preview:large","max-video-preview":"max-video-preview:-1"},"canonical":"https:\/\/leatai.com\/es\/product\/varias-muestras-oem\/calendario-oem-es\/semtek\/","og_locale":"es_ES","og_type":"article","og_title":"Semtek - Leatai \u2013 Fabricante de cuadernos personalizados","og_description":"Nombre del cliente: SemtekTama\u00f1o del caso: 25KEstilo del caso: Calendario de escritorio triangularEfecto del logo: Impresi\u00f3n a colorPunto destacado: Un experto en equipos de procesamiento h\u00famedo eligi\u00f3 un calendario de escritorio personalizado con un estilo chibi divertido que hace sonre\u00edr cada d\u00eda.","og_url":"https:\/\/leatai.com\/es\/product\/varias-muestras-oem\/calendario-oem-es\/semtek\/","og_site_name":"Leatai \u2013 Fabricante de cuadernos personalizados","article_modified_time":"2025-11-03T08:04:14+00:00","og_image":[{"width":1000,"height":750,"url":"https:\/\/leatai.com\/wp-content\/uploads\/DSC_3027.jpg","type":"image\/jpeg"}],"twitter_card":"summary_large_image","twitter_misc":{"Tiempo de lectura":"1 minuto"},"schema":{"@context":"https:\/\/schema.org","@graph":[{"@type":"WebPage","@id":"https:\/\/leatai.com\/es\/product\/varias-muestras-oem\/calendario-oem-es\/semtek\/","url":"https:\/\/leatai.com\/es\/product\/varias-muestras-oem\/calendario-oem-es\/semtek\/","name":"Semtek - Leatai \u2013 Fabricante de cuadernos personalizados","isPartOf":{"@id":"https:\/\/leatai.com\/es\/#website"},"primaryImageOfPage":{"@id":"https:\/\/leatai.com\/es\/product\/varias-muestras-oem\/calendario-oem-es\/semtek\/#primaryimage"},"image":{"@id":"https:\/\/leatai.com\/es\/product\/varias-muestras-oem\/calendario-oem-es\/semtek\/#primaryimage"},"thumbnailUrl":"https:\/\/leatai.com\/wp-content\/uploads\/DSC_3027.jpg","datePublished":"2025-04-23T06:36:06+00:00","dateModified":"2025-11-03T08:04:14+00:00","description":"Nombre del cliente: SemtekTama\u00f1o del caso: 25KEstilo del caso: Calendario de escritorio triangularEfecto del logo: Impresi\u00f3n a colorPunto destacado: Un experto en equipos de procesamiento h\u00famedo eligi\u00f3 un calendario de escritorio personalizado con un estilo chibi divertido que hace sonre\u00edr cada d\u00eda.","breadcrumb":{"@id":"https:\/\/leatai.com\/es\/product\/varias-muestras-oem\/calendario-oem-es\/semtek\/#breadcrumb"},"inLanguage":"es","potentialAction":[{"@type":"ReadAction","target":["https:\/\/leatai.com\/es\/product\/varias-muestras-oem\/calendario-oem-es\/semtek\/"]}]},{"@type":"ImageObject","inLanguage":"es","@id":"https:\/\/leatai.com\/es\/product\/varias-muestras-oem\/calendario-oem-es\/semtek\/#primaryimage","url":"https:\/\/leatai.com\/wp-content\/uploads\/DSC_3027.jpg","contentUrl":"https:\/\/leatai.com\/wp-content\/uploads\/DSC_3027.jpg","width":1000,"height":750,"caption":"\u5ba2\u88fd\u5316\u684c\u66c6"},{"@type":"BreadcrumbList","@id":"https:\/\/leatai.com\/es\/product\/varias-muestras-oem\/calendario-oem-es\/semtek\/#breadcrumb","itemListElement":[{"@type":"ListItem","position":1,"name":"Home","item":"https:\/\/leatai.com\/es\/"},{"@type":"ListItem","position":2,"name":"Presentaci\u00f3n de productos","item":"https:\/\/leatai.com\/products\/"},{"@type":"ListItem","position":3,"name":"Varias Muestras OEM","item":"https:\/\/leatai.com\/es\/categoria-producto\/varias-muestras-oem\/"},{"@type":"ListItem","position":4,"name":"Calendario-OEM","item":"https:\/\/leatai.com\/es\/categoria-producto\/varias-muestras-oem\/calendario-oem-es\/"},{"@type":"ListItem","position":5,"name":"Semtek"}]},{"@type":"WebSite","@id":"https:\/\/leatai.com\/es\/#website","url":"https:\/\/leatai.com\/es\/","name":"Leatai \u2013 Fabricante de cuadernos personalizados","description":"Leatai ofrece cuadernos y planificadores personalizados para marcas y distribuidores globales.","publisher":{"@id":"https:\/\/leatai.com\/es\/#organization"},"potentialAction":[{"@type":"SearchAction","target":{"@type":"EntryPoint","urlTemplate":"https:\/\/leatai.com\/es\/?s={search_term_string}"},"query-input":{"@type":"PropertyValueSpecification","valueRequired":true,"valueName":"search_term_string"}}],"inLanguage":"es"},{"@type":"Organization","@id":"https:\/\/leatai.com\/es\/#organization","name":"Leatai Diary, customized journal and business organizer","url":"https:\/\/leatai.com\/es\/","logo":{"@type":"ImageObject","inLanguage":"es","@id":"https:\/\/leatai.com\/es\/#\/schema\/logo\/image\/","url":"https:\/\/leatai.com\/wp-content\/uploads\/logo-blue.png","contentUrl":"https:\/\/leatai.com\/wp-content\/uploads\/logo-blue.png","width":230,"height":60,"caption":"Leatai Diary, customized journal and business organizer"},"image":{"@id":"https:\/\/leatai.com\/es\/#\/schema\/logo\/image\/"}}]}},"_links":{"self":[{"href":"https:\/\/leatai.com\/es\/wp-json\/wp\/v2\/product\/223414","targetHints":{"allow":["GET"]}}],"collection":[{"href":"https:\/\/leatai.com\/es\/wp-json\/wp\/v2\/product"}],"about":[{"href":"https:\/\/leatai.com\/es\/wp-json\/wp\/v2\/types\/product"}],"wp:featuredmedia":[{"embeddable":true,"href":"https:\/\/leatai.com\/es\/wp-json\/wp\/v2\/media\/188203"}],"wp:attachment":[{"href":"https:\/\/leatai.com\/es\/wp-json\/wp\/v2\/media?parent=223414"}],"wp:term":[{"taxonomy":"product_brand","embeddable":true,"href":"https:\/\/leatai.com\/es\/wp-json\/wp\/v2\/product_brand?post=223414"},{"taxonomy":"product_cat","embeddable":true,"href":"https:\/\/leatai.com\/es\/wp-json\/wp\/v2\/product_cat?post=223414"},{"taxonomy":"product_tag","embeddable":true,"href":"https:\/\/leatai.com\/es\/wp-json\/wp\/v2\/product_tag?post=223414"},{"taxonomy":"home_works","embeddable":true,"href":"https:\/\/leatai.com\/es\/wp-json\/wp\/v2\/home_works?post=223414"}],"curies":[{"name":"wp","href":"https:\/\/api.w.org\/{rel}","templated":true}]}}