{"id":188840,"date":"2025-04-20T16:47:55","date_gmt":"2025-04-20T08:47:55","guid":{"rendered":"https:\/\/leatai.com\/?post_type=product&#038;p=188840"},"modified":"2026-03-04T11:17:24","modified_gmt":"2026-03-04T03:17:24","slug":"lady-flavor","status":"publish","type":"product","link":"https:\/\/leatai.com\/es\/product\/varias-muestras-oem\/calendario-oem-es\/lady-flavor\/","title":{"rendered":"Lady Flavor"},"content":{"rendered":"<p>Nombre del cliente: Lady Flavor<br data-start=\"3378\" data-end=\"3381\" \/>Tama\u00f1o del caso: Tama\u00f1o personalizado<br data-start=\"3418\" data-end=\"3421\" \/>Estilo del caso: Calendario diario mini arrancable personalizado<br data-start=\"3485\" data-end=\"3488\" \/>Efecto del logo: Impresi\u00f3n a color<br data-start=\"3522\" data-end=\"3525\" \/>Punto destacado: Lady Flavor documenta la vida con gatos desde una perspectiva suave, cuenta historias a trav\u00e9s de la cocina y crea un universo \u00fanico entre lo cotidiano y lo reconfortante. El peque\u00f1o calendario personalizado tiene un encanto especial.<\/p>\n<p>&nbsp;<\/p>\n<p class=\"\" data-start=\"0\" data-end=\"480\"><strong>\ud83d\udcd6<\/strong>Todos los ejemplos personalizados:<a href=\"https:\/\/leatai.com\/es\/etiqueta-producto\/oem-es\/\" target=\"_blank\" rel=\"noopener\"> cuadernos personalizados \/ agendas ejecutivas personalizadas<\/a><br data-start=\"95\" data-end=\"98\" \/><strong>\ud83d\udcd6<\/strong>Para productos est\u00e1ndar de cuadernos personalizados \/ agendas ejecutivas, consulta:<br data-start=\"181\" data-end=\"184\" \/><a href=\"https:\/\/leatai.com\/es\/categoria-producto\/planificador-personalizado\/cuaderno-de-tapa-dura\/\" target=\"_blank\" rel=\"noopener\">cuadernos de tapa dura \/ agendas ejecutivas de tapa dura<\/a><br data-start=\"240\" data-end=\"243\" \/><a href=\"https:\/\/leatai.com\/es\/categoria-producto\/planificador-personalizado\/cuaderno-de-hojas-sueltas\/\" target=\"_blank\" rel=\"noopener\">cuadernos de anillas \/ agendas ejecutivas de anillas<\/a><br data-start=\"295\" data-end=\"298\" \/><a href=\"https:\/\/leatai.com\/es\/categoria-producto\/planificador-personalizado\/cuaderno-extraible\/\" target=\"_blank\" rel=\"noopener\">cuadernos de anillas extra\u00edbles \/ agendas ejecutivas de anillas extra\u00edbles<\/a><br data-start=\"372\" data-end=\"375\" \/><a href=\"https:\/\/leatai.com\/es\/categoria-producto\/planificador-personalizado\/cuaderno-de-tapa-blanda\/\" target=\"_blank\" rel=\"noopener\">cuadernos r\u00fasticos \/ agendas ejecutivas r\u00fasticas<\/a><br data-start=\"423\" data-end=\"426\" \/><a href=\"https:\/\/leatai.com\/es\/categoria-producto\/planificador-personalizado\/cuaderno-de-espiral\/\" target=\"_blank\" rel=\"noopener\">cuadernos de espiral \/ agendas ejecutivas de espiral<\/a><\/p>\n<p class=\"\" data-start=\"482\" data-end=\"698\"><strong>\ud83d\udcd6<\/strong>Para una explicaci\u00f3n completa de los tama\u00f1os, consulta:<br data-start=\"537\" data-end=\"540\" \/><a href=\"https:\/\/leatai.com\/es\/conocimiento-sobre-cuadernos\/guia-de-tamanos-de-papel-comprenda-los-tamanos-comunes-como-b3-a4-b5-8k-16k-y-mas-una-tabla-de-tamanos-completa-para-una-referencia-facil\/\" target=\"_blank\" rel=\"noopener\">Gu\u00eda de tama\u00f1os de papel: \u00bfC\u00f3mo se clasifican los tama\u00f1os comunes como B3, A4, B5, 8K, 16K? \u00a1Una tabla de comparaci\u00f3n de tama\u00f1os de papel que lo explica todo!<\/a><\/p>\n","protected":false},"excerpt":{"rendered":"<p>Nombre del cliente: Lady FlavorTama\u00f1o del caso: Tama\u00f1o personalizadoEstilo del caso: Calendario diario mini arrancable personalizadoEfecto del logo: Impresi\u00f3n a colorPunto destacado: Lady Flavor documenta la vida con gatos desde una perspectiva suave, cuenta historias a trav\u00e9s de la cocina y crea un universo \u00fanico entre lo cotidiano y lo reconfortante. El peque\u00f1o calendario personalizado [&hellip;]<\/p>\n","protected":false},"featured_media":188075,"template":"","meta":{"_acf_changed":false},"product_brand":[],"product_cat":[965],"product_tag":[1465],"home_works":[],"class_list":{"0":"post-188840","1":"product","2":"type-product","3":"status-publish","4":"has-post-thumbnail","6":"product_cat-calendario-oem-es","7":"product_tag-oem-es","9":"first","10":"instock","11":"sold-individually","12":"shipping-taxable","13":"purchasable","14":"product-type-variable","15":"has-default-attributes"},"acf":[],"yoast_head":"<!-- This site is optimized with the Yoast SEO plugin v27.2 - https:\/\/yoast.com\/product\/yoast-seo-wordpress\/ -->\n<title>Lady Flavor - producci\u00f3n e impresi\u00f3n personalizada de calendario diario desprendible para campa\u00f1as de financiamiento populares - Leatai \u2013 Fabricante de cuadernos personalizados<\/title>\n<meta name=\"description\" content=\"Explora los servicios de Leatai para la personalizaci\u00f3n, impresi\u00f3n y fabricaci\u00f3n de calendarios diarios arrancables de alta calidad. Nuestros calendarios est\u00e1n dise\u00f1ados con elegancia y hechos con materiales de primera calidad, ideales tanto para uso corporativo como personal. Elige el proveedor de calendarios arrancables que mejor se adapte a tus necesidades, y mejora tu imagen de marca y tu capacidad de planificaci\u00f3n diaria. \u00a1Visita ahora el sitio web oficial de Leatai para obtener m\u00e1s informaci\u00f3n y disfrutar de una experiencia de planificaci\u00f3n eficiente!\" \/>\n<meta name=\"robots\" content=\"index, follow, max-snippet:-1, max-image-preview:large, max-video-preview:-1\" \/>\n<link rel=\"canonical\" href=\"https:\/\/leatai.com\/es\/product\/varias-muestras-oem\/calendario-oem-es\/lady-flavor\/\" \/>\n<meta property=\"og:locale\" content=\"es_ES\" \/>\n<meta property=\"og:type\" content=\"article\" \/>\n<meta property=\"og:title\" content=\"Lady Flavor - producci\u00f3n e impresi\u00f3n personalizada de calendario diario desprendible para campa\u00f1as de financiamiento populares - Leatai \u2013 Fabricante de cuadernos personalizados\" \/>\n<meta property=\"og:description\" content=\"Explora los servicios de Leatai para la personalizaci\u00f3n, impresi\u00f3n y fabricaci\u00f3n de calendarios diarios arrancables de alta calidad. Nuestros calendarios est\u00e1n dise\u00f1ados con elegancia y hechos con materiales de primera calidad, ideales tanto para uso corporativo como personal. Elige el proveedor de calendarios arrancables que mejor se adapte a tus necesidades, y mejora tu imagen de marca y tu capacidad de planificaci\u00f3n diaria. \u00a1Visita ahora el sitio web oficial de Leatai para obtener m\u00e1s informaci\u00f3n y disfrutar de una experiencia de planificaci\u00f3n eficiente!\" \/>\n<meta property=\"og:url\" content=\"https:\/\/leatai.com\/es\/product\/varias-muestras-oem\/calendario-oem-es\/lady-flavor\/\" \/>\n<meta property=\"og:site_name\" content=\"Leatai \u2013 Fabricante de cuadernos personalizados\" \/>\n<meta property=\"article:modified_time\" content=\"2026-03-04T03:17:24+00:00\" \/>\n<meta property=\"og:image\" content=\"https:\/\/leatai.com\/wp-content\/uploads\/DSC_2992.jpg\" \/>\n\t<meta property=\"og:image:width\" content=\"1000\" \/>\n\t<meta property=\"og:image:height\" content=\"750\" \/>\n\t<meta property=\"og:image:type\" content=\"image\/jpeg\" \/>\n<meta name=\"twitter:card\" content=\"summary_large_image\" \/>\n<meta name=\"twitter:label1\" content=\"Tiempo de lectura\" \/>\n\t<meta name=\"twitter:data1\" content=\"2 minutos\" \/>\n<script type=\"application\/ld+json\" class=\"yoast-schema-graph\">{\"@context\":\"https:\/\/schema.org\",\"@graph\":[{\"@type\":\"WebPage\",\"@id\":\"https:\/\/leatai.com\/es\/product\/varias-muestras-oem\/calendario-oem-es\/lady-flavor\/\",\"url\":\"https:\/\/leatai.com\/es\/product\/varias-muestras-oem\/calendario-oem-es\/lady-flavor\/\",\"name\":\"Lady Flavor - producci\u00f3n e impresi\u00f3n personalizada de calendario diario desprendible para campa\u00f1as de financiamiento populares - Leatai \u2013 Fabricante de cuadernos personalizados\",\"isPartOf\":{\"@id\":\"https:\/\/leatai.com\/es\/#website\"},\"primaryImageOfPage\":{\"@id\":\"https:\/\/leatai.com\/es\/product\/varias-muestras-oem\/calendario-oem-es\/lady-flavor\/#primaryimage\"},\"image\":{\"@id\":\"https:\/\/leatai.com\/es\/product\/varias-muestras-oem\/calendario-oem-es\/lady-flavor\/#primaryimage\"},\"thumbnailUrl\":\"https:\/\/leatai.com\/wp-content\/uploads\/DSC_2992.jpg\",\"datePublished\":\"2025-04-20T08:47:55+00:00\",\"dateModified\":\"2026-03-04T03:17:24+00:00\",\"description\":\"Explora los servicios de Leatai para la personalizaci\u00f3n, impresi\u00f3n y fabricaci\u00f3n de calendarios diarios arrancables de alta calidad. Nuestros calendarios est\u00e1n dise\u00f1ados con elegancia y hechos con materiales de primera calidad, ideales tanto para uso corporativo como personal. Elige el proveedor de calendarios arrancables que mejor se adapte a tus necesidades, y mejora tu imagen de marca y tu capacidad de planificaci\u00f3n diaria. \u00a1Visita ahora el sitio web oficial de Leatai para obtener m\u00e1s informaci\u00f3n y disfrutar de una experiencia de planificaci\u00f3n eficiente!\",\"breadcrumb\":{\"@id\":\"https:\/\/leatai.com\/es\/product\/varias-muestras-oem\/calendario-oem-es\/lady-flavor\/#breadcrumb\"},\"inLanguage\":\"es\",\"potentialAction\":[{\"@type\":\"ReadAction\",\"target\":[\"https:\/\/leatai.com\/es\/product\/varias-muestras-oem\/calendario-oem-es\/lady-flavor\/\"]}]},{\"@type\":\"ImageObject\",\"inLanguage\":\"es\",\"@id\":\"https:\/\/leatai.com\/es\/product\/varias-muestras-oem\/calendario-oem-es\/lady-flavor\/#primaryimage\",\"url\":\"https:\/\/leatai.com\/wp-content\/uploads\/DSC_2992.jpg\",\"contentUrl\":\"https:\/\/leatai.com\/wp-content\/uploads\/DSC_2992.jpg\",\"width\":1000,\"height\":750,\"caption\":\"\u624b\u6495\u5c0f\u65e5\u66c6\"},{\"@type\":\"BreadcrumbList\",\"@id\":\"https:\/\/leatai.com\/es\/product\/varias-muestras-oem\/calendario-oem-es\/lady-flavor\/#breadcrumb\",\"itemListElement\":[{\"@type\":\"ListItem\",\"position\":1,\"name\":\"Home\",\"item\":\"https:\/\/leatai.com\/es\/\"},{\"@type\":\"ListItem\",\"position\":2,\"name\":\"Presentaci\u00f3n de productos\",\"item\":\"https:\/\/leatai.com\/products\/\"},{\"@type\":\"ListItem\",\"position\":3,\"name\":\"Varias Muestras OEM\",\"item\":\"https:\/\/leatai.com\/es\/categoria-producto\/varias-muestras-oem\/\"},{\"@type\":\"ListItem\",\"position\":4,\"name\":\"Calendario-OEM\",\"item\":\"https:\/\/leatai.com\/es\/categoria-producto\/varias-muestras-oem\/calendario-oem-es\/\"},{\"@type\":\"ListItem\",\"position\":5,\"name\":\"Lady Flavor\"}]},{\"@type\":\"WebSite\",\"@id\":\"https:\/\/leatai.com\/es\/#website\",\"url\":\"https:\/\/leatai.com\/es\/\",\"name\":\"Leatai \u2013 Fabricante de cuadernos personalizados\",\"description\":\"Leatai ofrece cuadernos y planificadores personalizados para marcas y distribuidores globales.\",\"publisher\":{\"@id\":\"https:\/\/leatai.com\/es\/#organization\"},\"potentialAction\":[{\"@type\":\"SearchAction\",\"target\":{\"@type\":\"EntryPoint\",\"urlTemplate\":\"https:\/\/leatai.com\/es\/?s={search_term_string}\"},\"query-input\":{\"@type\":\"PropertyValueSpecification\",\"valueRequired\":true,\"valueName\":\"search_term_string\"}}],\"inLanguage\":\"es\"},{\"@type\":\"Organization\",\"@id\":\"https:\/\/leatai.com\/es\/#organization\",\"name\":\"Leatai Diary, customized journal and business organizer\",\"url\":\"https:\/\/leatai.com\/es\/\",\"logo\":{\"@type\":\"ImageObject\",\"inLanguage\":\"es\",\"@id\":\"https:\/\/leatai.com\/es\/#\/schema\/logo\/image\/\",\"url\":\"https:\/\/leatai.com\/wp-content\/uploads\/logo-blue.png\",\"contentUrl\":\"https:\/\/leatai.com\/wp-content\/uploads\/logo-blue.png\",\"width\":230,\"height\":60,\"caption\":\"Leatai Diary, customized journal and business organizer\"},\"image\":{\"@id\":\"https:\/\/leatai.com\/es\/#\/schema\/logo\/image\/\"}}]}<\/script>\n<!-- \/ Yoast SEO plugin. -->","yoast_head_json":{"title":"Lady Flavor - producci\u00f3n e impresi\u00f3n personalizada de calendario diario desprendible para campa\u00f1as de financiamiento populares - Leatai \u2013 Fabricante de cuadernos personalizados","description":"Explora los servicios de Leatai para la personalizaci\u00f3n, impresi\u00f3n y fabricaci\u00f3n de calendarios diarios arrancables de alta calidad. Nuestros calendarios est\u00e1n dise\u00f1ados con elegancia y hechos con materiales de primera calidad, ideales tanto para uso corporativo como personal. Elige el proveedor de calendarios arrancables que mejor se adapte a tus necesidades, y mejora tu imagen de marca y tu capacidad de planificaci\u00f3n diaria. \u00a1Visita ahora el sitio web oficial de Leatai para obtener m\u00e1s informaci\u00f3n y disfrutar de una experiencia de planificaci\u00f3n eficiente!","robots":{"index":"index","follow":"follow","max-snippet":"max-snippet:-1","max-image-preview":"max-image-preview:large","max-video-preview":"max-video-preview:-1"},"canonical":"https:\/\/leatai.com\/es\/product\/varias-muestras-oem\/calendario-oem-es\/lady-flavor\/","og_locale":"es_ES","og_type":"article","og_title":"Lady Flavor - producci\u00f3n e impresi\u00f3n personalizada de calendario diario desprendible para campa\u00f1as de financiamiento populares - Leatai \u2013 Fabricante de cuadernos personalizados","og_description":"Explora los servicios de Leatai para la personalizaci\u00f3n, impresi\u00f3n y fabricaci\u00f3n de calendarios diarios arrancables de alta calidad. Nuestros calendarios est\u00e1n dise\u00f1ados con elegancia y hechos con materiales de primera calidad, ideales tanto para uso corporativo como personal. Elige el proveedor de calendarios arrancables que mejor se adapte a tus necesidades, y mejora tu imagen de marca y tu capacidad de planificaci\u00f3n diaria. \u00a1Visita ahora el sitio web oficial de Leatai para obtener m\u00e1s informaci\u00f3n y disfrutar de una experiencia de planificaci\u00f3n eficiente!","og_url":"https:\/\/leatai.com\/es\/product\/varias-muestras-oem\/calendario-oem-es\/lady-flavor\/","og_site_name":"Leatai \u2013 Fabricante de cuadernos personalizados","article_modified_time":"2026-03-04T03:17:24+00:00","og_image":[{"width":1000,"height":750,"url":"https:\/\/leatai.com\/wp-content\/uploads\/DSC_2992.jpg","type":"image\/jpeg"}],"twitter_card":"summary_large_image","twitter_misc":{"Tiempo de lectura":"2 minutos"},"schema":{"@context":"https:\/\/schema.org","@graph":[{"@type":"WebPage","@id":"https:\/\/leatai.com\/es\/product\/varias-muestras-oem\/calendario-oem-es\/lady-flavor\/","url":"https:\/\/leatai.com\/es\/product\/varias-muestras-oem\/calendario-oem-es\/lady-flavor\/","name":"Lady Flavor - producci\u00f3n e impresi\u00f3n personalizada de calendario diario desprendible para campa\u00f1as de financiamiento populares - Leatai \u2013 Fabricante de cuadernos personalizados","isPartOf":{"@id":"https:\/\/leatai.com\/es\/#website"},"primaryImageOfPage":{"@id":"https:\/\/leatai.com\/es\/product\/varias-muestras-oem\/calendario-oem-es\/lady-flavor\/#primaryimage"},"image":{"@id":"https:\/\/leatai.com\/es\/product\/varias-muestras-oem\/calendario-oem-es\/lady-flavor\/#primaryimage"},"thumbnailUrl":"https:\/\/leatai.com\/wp-content\/uploads\/DSC_2992.jpg","datePublished":"2025-04-20T08:47:55+00:00","dateModified":"2026-03-04T03:17:24+00:00","description":"Explora los servicios de Leatai para la personalizaci\u00f3n, impresi\u00f3n y fabricaci\u00f3n de calendarios diarios arrancables de alta calidad. Nuestros calendarios est\u00e1n dise\u00f1ados con elegancia y hechos con materiales de primera calidad, ideales tanto para uso corporativo como personal. Elige el proveedor de calendarios arrancables que mejor se adapte a tus necesidades, y mejora tu imagen de marca y tu capacidad de planificaci\u00f3n diaria. \u00a1Visita ahora el sitio web oficial de Leatai para obtener m\u00e1s informaci\u00f3n y disfrutar de una experiencia de planificaci\u00f3n eficiente!","breadcrumb":{"@id":"https:\/\/leatai.com\/es\/product\/varias-muestras-oem\/calendario-oem-es\/lady-flavor\/#breadcrumb"},"inLanguage":"es","potentialAction":[{"@type":"ReadAction","target":["https:\/\/leatai.com\/es\/product\/varias-muestras-oem\/calendario-oem-es\/lady-flavor\/"]}]},{"@type":"ImageObject","inLanguage":"es","@id":"https:\/\/leatai.com\/es\/product\/varias-muestras-oem\/calendario-oem-es\/lady-flavor\/#primaryimage","url":"https:\/\/leatai.com\/wp-content\/uploads\/DSC_2992.jpg","contentUrl":"https:\/\/leatai.com\/wp-content\/uploads\/DSC_2992.jpg","width":1000,"height":750,"caption":"\u624b\u6495\u5c0f\u65e5\u66c6"},{"@type":"BreadcrumbList","@id":"https:\/\/leatai.com\/es\/product\/varias-muestras-oem\/calendario-oem-es\/lady-flavor\/#breadcrumb","itemListElement":[{"@type":"ListItem","position":1,"name":"Home","item":"https:\/\/leatai.com\/es\/"},{"@type":"ListItem","position":2,"name":"Presentaci\u00f3n de productos","item":"https:\/\/leatai.com\/products\/"},{"@type":"ListItem","position":3,"name":"Varias Muestras OEM","item":"https:\/\/leatai.com\/es\/categoria-producto\/varias-muestras-oem\/"},{"@type":"ListItem","position":4,"name":"Calendario-OEM","item":"https:\/\/leatai.com\/es\/categoria-producto\/varias-muestras-oem\/calendario-oem-es\/"},{"@type":"ListItem","position":5,"name":"Lady Flavor"}]},{"@type":"WebSite","@id":"https:\/\/leatai.com\/es\/#website","url":"https:\/\/leatai.com\/es\/","name":"Leatai \u2013 Fabricante de cuadernos personalizados","description":"Leatai ofrece cuadernos y planificadores personalizados para marcas y distribuidores globales.","publisher":{"@id":"https:\/\/leatai.com\/es\/#organization"},"potentialAction":[{"@type":"SearchAction","target":{"@type":"EntryPoint","urlTemplate":"https:\/\/leatai.com\/es\/?s={search_term_string}"},"query-input":{"@type":"PropertyValueSpecification","valueRequired":true,"valueName":"search_term_string"}}],"inLanguage":"es"},{"@type":"Organization","@id":"https:\/\/leatai.com\/es\/#organization","name":"Leatai Diary, customized journal and business organizer","url":"https:\/\/leatai.com\/es\/","logo":{"@type":"ImageObject","inLanguage":"es","@id":"https:\/\/leatai.com\/es\/#\/schema\/logo\/image\/","url":"https:\/\/leatai.com\/wp-content\/uploads\/logo-blue.png","contentUrl":"https:\/\/leatai.com\/wp-content\/uploads\/logo-blue.png","width":230,"height":60,"caption":"Leatai Diary, customized journal and business organizer"},"image":{"@id":"https:\/\/leatai.com\/es\/#\/schema\/logo\/image\/"}}]}},"_links":{"self":[{"href":"https:\/\/leatai.com\/es\/wp-json\/wp\/v2\/product\/188840","targetHints":{"allow":["GET"]}}],"collection":[{"href":"https:\/\/leatai.com\/es\/wp-json\/wp\/v2\/product"}],"about":[{"href":"https:\/\/leatai.com\/es\/wp-json\/wp\/v2\/types\/product"}],"wp:featuredmedia":[{"embeddable":true,"href":"https:\/\/leatai.com\/es\/wp-json\/wp\/v2\/media\/188075"}],"wp:attachment":[{"href":"https:\/\/leatai.com\/es\/wp-json\/wp\/v2\/media?parent=188840"}],"wp:term":[{"taxonomy":"product_brand","embeddable":true,"href":"https:\/\/leatai.com\/es\/wp-json\/wp\/v2\/product_brand?post=188840"},{"taxonomy":"product_cat","embeddable":true,"href":"https:\/\/leatai.com\/es\/wp-json\/wp\/v2\/product_cat?post=188840"},{"taxonomy":"product_tag","embeddable":true,"href":"https:\/\/leatai.com\/es\/wp-json\/wp\/v2\/product_tag?post=188840"},{"taxonomy":"home_works","embeddable":true,"href":"https:\/\/leatai.com\/es\/wp-json\/wp\/v2\/home_works?post=188840"}],"curies":[{"name":"wp","href":"https:\/\/api.w.org\/{rel}","templated":true}]}}