{"id":186408,"date":"2021-06-24T13:27:36","date_gmt":"2021-06-24T05:27:36","guid":{"rendered":"https:\/\/leatai.com\/product\/sin%20categor\u00eda\/lcl-004\/"},"modified":"2025-04-18T14:09:18","modified_gmt":"2025-04-18T06:09:18","slug":"lcl-004","status":"publish","type":"product","link":"https:\/\/leatai.com\/es\/product\/planificador-personalizado\/cuaderno-de-espiral\/lcl-004\/","title":{"rendered":"LCL-004"},"content":{"rendered":"<p>Modelo de producto: LCL-004<br \/>\nMaterial de la cubierta: Papel art\u00edstico<br \/>\nColor: P\u00farpura<br \/>\nEspecificaciones: 16K \/ 25K \/ 48K <a href=\"https:\/\/leatai.com\/es\/faq\/cuales-son-los-tamanos-de-planificadores-8k-16k-y-25k-que-tan-grandes-son\/\" target=\"_blank\" rel=\"noopener\">(tama\u00f1os comunes)<\/a><br \/>\nHojas interiores: Est\u00e1ndar <a href=\"https:\/\/leatai.com\/es\/categoria-producto\/formato-de-pagina-interna\/paginas-internas-a5-es\/\" target=\"_blank\" rel=\"noopener\">(opciones de formato interior disponibles)<\/a><br \/>\nEmpaque: Bolsa OPP (opcional)<br \/>\nM\u00e9todo de impresi\u00f3n del LOGO: Estampado en dorado, plateado o grabado en relieve<br \/>\nColor del doble anillo: Negro \/ Blanco \/ Plateado \/ Cobre antiguo (predeterminado: negro)<\/p>\n<p>Descripci\u00f3n del producto<br \/>\nEl modelo de producto de Leatai: LCL-004 sorprende desde el primer vistazo. Aunque inicialmente se pensaba que su tono ser\u00eda similar al cl\u00e1sico color taro, el resultado final de esta libreta en papel art\u00edstico fue mucho m\u00e1s impresionante. La tonalidad p\u00farpura est\u00e1 enriquecida con un sutil efecto met\u00e1lico que le otorga profundidad, brillo y un aire casi hipn\u00f3tico. Este tratamiento especial convierte un color tradicional en una propuesta \u00fanica y moderna, ideal para quienes desean un cuaderno con un toque de originalidad y sofisticaci\u00f3n visual. Una reinterpretaci\u00f3n refrescante del p\u00farpura.<\/p>\n<p>&nbsp;<\/p>\n<p>\ud83d\udcd6\u202fDiarios corporativos est\u00e1ndar: <a href=\"https:\/\/leatai.com\/es\/categoria-producto\/planificador-personalizado\/\" target=\"_blank\" rel=\"noopener\">Todos los modelos de la serie de diarios corporativos<\/a> \/ <a href=\"https:\/\/leatai.com\/es\/categoria-producto\/formato-de-pagina-interna\/\" target=\"_blank\" rel=\"noopener\">P\u00e1ginas interiores de diarios corporativos<\/a><br \/>\n\ud83d\udcd6\u202fPara m\u00e1s recomendaciones sobre libretas personalizadas o impresi\u00f3n de diarios corporativos personalizados, consulta:<br \/>\n<a href=\"https:\/\/leatai.com\/es\/categoria-producto\/varias-muestras-oem\/cuaderno-de-tapa-dura-oem\/\" target=\"_blank\" rel=\"noopener\">Cuaderno de tapa dura OEM<\/a><br \/>\n<a href=\"https:\/\/leatai.com\/es\/categoria-producto\/varias-muestras-oem\/cuaderno-de-hojas-sueltas-oem\/\" target=\"_blank\" rel=\"noopener\">Cuaderno de anillas OEM<\/a><br \/>\n<a href=\"https:\/\/leatai.com\/es\/categoria-producto\/varias-muestras-oem\/cuaderno-removible-oem\/\" target=\"_blank\" rel=\"noopener\">Cuaderno de hojas removibles OEM<\/a><br \/>\n<a href=\"https:\/\/leatai.com\/es\/categoria-producto\/varias-muestras-oem\/cuaderno-de-tapa-blanda-oem\/\" target=\"_blank\" rel=\"noopener\">Cuaderno de tapa blanda OEM<\/a><br \/>\n<a href=\"https:\/\/leatai.com\/es\/categoria-producto\/varias-muestras-oem\/cuaderno-de-espiral-oem\/\" target=\"_blank\" rel=\"noopener\">Cuaderno con espiral OEM<\/a><br \/>\n<a href=\"https:\/\/leatai.com\/es\/categoria-producto\/varias-muestras-oem\/calendario-oem-es\/\" target=\"_blank\" rel=\"noopener\">Mini calendarios personalizados arrancables OEM \/ Impresi\u00f3n personalizada de calendarios de escritorio<\/a><br \/>\n<a href=\"https:\/\/leatai.com\/es\/categoria-producto\/varias-muestras-oem\/oem-otros\/\" target=\"_blank\" rel=\"noopener\">Otros productos OEM personalizados<\/a><\/p>\n<p>&nbsp;<\/p>\n<p>\ud83d\udcd6\u202fPara una explicaci\u00f3n completa de los tama\u00f1os, consulta la gu\u00eda de tama\u00f1os de papel:<br \/>\n<a href=\"https:\/\/leatai.com\/es\/conocimiento-sobre-cuadernos\/guia-de-tamanos-de-papel-comprenda-los-tamanos-comunes-como-b3-a4-b5-8k-16k-y-mas-una-tabla-de-tamanos-completa-para-una-referencia-facil\/\" target=\"_blank\" rel=\"noopener\">Gu\u00eda de tama\u00f1os de papel: B3, A4, B5, 8K, 16K, etc. \u00bfC\u00f3mo se diferencian? \u00a1Una tabla clara para entenderlo de un vistazo!<\/a><\/p>\n","protected":false},"excerpt":{"rendered":"<p>Modelo de producto: LCL-004 Material de la cubierta: Papel art\u00edstico Color: P\u00farpura Especificaciones: 16K \/ 25K \/ 48K (tama\u00f1os comunes) Hojas interiores: Est\u00e1ndar (opciones de formato interior disponibles) Empaque: Bolsa OPP (opcional) M\u00e9todo de impresi\u00f3n del LOGO: Estampado en dorado, plateado o grabado en relieve Color del doble anillo: Negro \/ Blanco \/ Plateado \/ [&hellip;]<\/p>\n","protected":false},"featured_media":186409,"template":"","meta":{"_acf_changed":false},"product_brand":[],"product_cat":[709],"product_tag":[1502],"home_works":[],"class_list":{"0":"post-186408","1":"product","2":"type-product","3":"status-publish","4":"has-post-thumbnail","6":"product_cat-cuaderno-de-espiral","7":"product_tag--es","9":"first","10":"instock","11":"sold-individually","12":"shipping-taxable","13":"purchasable","14":"product-type-variable","15":"has-default-attributes"},"acf":[],"yoast_head":"<!-- This site is optimized with the Yoast SEO plugin v27.2 - https:\/\/yoast.com\/product\/yoast-seo-wordpress\/ -->\n<title>LCL-004 - Un tono p\u00farpura de ensue\u00f1o que revela sutiles cambios de luz y sombra con cada movimiento. - Leatai \u2013 Fabricante de cuadernos personalizados<\/title>\n<meta name=\"description\" content=\"El modelo de producto de Leatai: LCL-004 sorprende desde el primer vistazo. Aunque inicialmente se pensaba que su tono ser\u00eda similar al cl\u00e1sico color taro, el resultado final de esta libreta en papel art\u00edstico fue mucho m\u00e1s impresionante. La tonalidad p\u00farpura est\u00e1 enriquecida con un sutil efecto met\u00e1lico que le otorga profundidad, brillo y un aire casi hipn\u00f3tico. Este tratamiento especial convierte un color tradicional en una propuesta \u00fanica y moderna, ideal para quienes desean un cuaderno con un toque de originalidad y sofisticaci\u00f3n visual. Una reinterpretaci\u00f3n refrescante del p\u00farpura.\" \/>\n<meta name=\"robots\" content=\"index, follow, max-snippet:-1, max-image-preview:large, max-video-preview:-1\" \/>\n<link rel=\"canonical\" href=\"https:\/\/leatai.com\/es\/product\/planificador-personalizado\/cuaderno-de-espiral\/lcl-004\/\" \/>\n<meta property=\"og:locale\" content=\"es_ES\" \/>\n<meta property=\"og:type\" content=\"article\" \/>\n<meta property=\"og:title\" content=\"LCL-004 - Un tono p\u00farpura de ensue\u00f1o que revela sutiles cambios de luz y sombra con cada movimiento. - Leatai \u2013 Fabricante de cuadernos personalizados\" \/>\n<meta property=\"og:description\" content=\"El modelo de producto de Leatai: LCL-004 sorprende desde el primer vistazo. Aunque inicialmente se pensaba que su tono ser\u00eda similar al cl\u00e1sico color taro, el resultado final de esta libreta en papel art\u00edstico fue mucho m\u00e1s impresionante. La tonalidad p\u00farpura est\u00e1 enriquecida con un sutil efecto met\u00e1lico que le otorga profundidad, brillo y un aire casi hipn\u00f3tico. Este tratamiento especial convierte un color tradicional en una propuesta \u00fanica y moderna, ideal para quienes desean un cuaderno con un toque de originalidad y sofisticaci\u00f3n visual. Una reinterpretaci\u00f3n refrescante del p\u00farpura.\" \/>\n<meta property=\"og:url\" content=\"https:\/\/leatai.com\/es\/product\/planificador-personalizado\/cuaderno-de-espiral\/lcl-004\/\" \/>\n<meta property=\"og:site_name\" content=\"Leatai \u2013 Fabricante de cuadernos personalizados\" \/>\n<meta property=\"article:modified_time\" content=\"2025-04-18T06:09:18+00:00\" \/>\n<meta property=\"og:image\" content=\"https:\/\/leatai.com\/wp-content\/uploads\/2015_08_18_1520290.jpg\" \/>\n\t<meta property=\"og:image:width\" content=\"1000\" \/>\n\t<meta property=\"og:image:height\" content=\"750\" \/>\n\t<meta property=\"og:image:type\" content=\"image\/jpeg\" \/>\n<meta name=\"twitter:card\" content=\"summary_large_image\" \/>\n<meta name=\"twitter:label1\" content=\"Tiempo de lectura\" \/>\n\t<meta name=\"twitter:data1\" content=\"2 minutos\" \/>\n<script type=\"application\/ld+json\" class=\"yoast-schema-graph\">{\"@context\":\"https:\/\/schema.org\",\"@graph\":[{\"@type\":\"WebPage\",\"@id\":\"https:\/\/leatai.com\/es\/product\/planificador-personalizado\/cuaderno-de-espiral\/lcl-004\/\",\"url\":\"https:\/\/leatai.com\/es\/product\/planificador-personalizado\/cuaderno-de-espiral\/lcl-004\/\",\"name\":\"LCL-004 - Un tono p\u00farpura de ensue\u00f1o que revela sutiles cambios de luz y sombra con cada movimiento. - Leatai \u2013 Fabricante de cuadernos personalizados\",\"isPartOf\":{\"@id\":\"https:\/\/leatai.com\/es\/#website\"},\"primaryImageOfPage\":{\"@id\":\"https:\/\/leatai.com\/es\/product\/planificador-personalizado\/cuaderno-de-espiral\/lcl-004\/#primaryimage\"},\"image\":{\"@id\":\"https:\/\/leatai.com\/es\/product\/planificador-personalizado\/cuaderno-de-espiral\/lcl-004\/#primaryimage\"},\"thumbnailUrl\":\"https:\/\/leatai.com\/wp-content\/uploads\/2015_08_18_1520290.jpg\",\"datePublished\":\"2021-06-24T05:27:36+00:00\",\"dateModified\":\"2025-04-18T06:09:18+00:00\",\"description\":\"El modelo de producto de Leatai: LCL-004 sorprende desde el primer vistazo. Aunque inicialmente se pensaba que su tono ser\u00eda similar al cl\u00e1sico color taro, el resultado final de esta libreta en papel art\u00edstico fue mucho m\u00e1s impresionante. La tonalidad p\u00farpura est\u00e1 enriquecida con un sutil efecto met\u00e1lico que le otorga profundidad, brillo y un aire casi hipn\u00f3tico. Este tratamiento especial convierte un color tradicional en una propuesta \u00fanica y moderna, ideal para quienes desean un cuaderno con un toque de originalidad y sofisticaci\u00f3n visual. Una reinterpretaci\u00f3n refrescante del p\u00farpura.\",\"breadcrumb\":{\"@id\":\"https:\/\/leatai.com\/es\/product\/planificador-personalizado\/cuaderno-de-espiral\/lcl-004\/#breadcrumb\"},\"inLanguage\":\"es\",\"potentialAction\":[{\"@type\":\"ReadAction\",\"target\":[\"https:\/\/leatai.com\/es\/product\/planificador-personalizado\/cuaderno-de-espiral\/lcl-004\/\"]}]},{\"@type\":\"ImageObject\",\"inLanguage\":\"es\",\"@id\":\"https:\/\/leatai.com\/es\/product\/planificador-personalizado\/cuaderno-de-espiral\/lcl-004\/#primaryimage\",\"url\":\"https:\/\/leatai.com\/wp-content\/uploads\/2015_08_18_1520290.jpg\",\"contentUrl\":\"https:\/\/leatai.com\/wp-content\/uploads\/2015_08_18_1520290.jpg\",\"width\":1000,\"height\":750},{\"@type\":\"BreadcrumbList\",\"@id\":\"https:\/\/leatai.com\/es\/product\/planificador-personalizado\/cuaderno-de-espiral\/lcl-004\/#breadcrumb\",\"itemListElement\":[{\"@type\":\"ListItem\",\"position\":1,\"name\":\"Home\",\"item\":\"https:\/\/leatai.com\/es\/\"},{\"@type\":\"ListItem\",\"position\":2,\"name\":\"Presentaci\u00f3n de productos\",\"item\":\"https:\/\/leatai.com\/products\/\"},{\"@type\":\"ListItem\",\"position\":3,\"name\":\"Planificador Personalizado\",\"item\":\"https:\/\/leatai.com\/es\/categoria-producto\/planificador-personalizado\/\"},{\"@type\":\"ListItem\",\"position\":4,\"name\":\"Cuaderno de espiral\",\"item\":\"https:\/\/leatai.com\/es\/categoria-producto\/planificador-personalizado\/cuaderno-de-espiral\/\"},{\"@type\":\"ListItem\",\"position\":5,\"name\":\"LCL-004\"}]},{\"@type\":\"WebSite\",\"@id\":\"https:\/\/leatai.com\/es\/#website\",\"url\":\"https:\/\/leatai.com\/es\/\",\"name\":\"Leatai \u2013 Fabricante de cuadernos personalizados\",\"description\":\"Leatai ofrece cuadernos y planificadores personalizados para marcas y distribuidores globales.\",\"publisher\":{\"@id\":\"https:\/\/leatai.com\/es\/#organization\"},\"potentialAction\":[{\"@type\":\"SearchAction\",\"target\":{\"@type\":\"EntryPoint\",\"urlTemplate\":\"https:\/\/leatai.com\/es\/?s={search_term_string}\"},\"query-input\":{\"@type\":\"PropertyValueSpecification\",\"valueRequired\":true,\"valueName\":\"search_term_string\"}}],\"inLanguage\":\"es\"},{\"@type\":\"Organization\",\"@id\":\"https:\/\/leatai.com\/es\/#organization\",\"name\":\"Leatai Diary, customized journal and business organizer\",\"url\":\"https:\/\/leatai.com\/es\/\",\"logo\":{\"@type\":\"ImageObject\",\"inLanguage\":\"es\",\"@id\":\"https:\/\/leatai.com\/es\/#\/schema\/logo\/image\/\",\"url\":\"https:\/\/leatai.com\/wp-content\/uploads\/logo-blue.png\",\"contentUrl\":\"https:\/\/leatai.com\/wp-content\/uploads\/logo-blue.png\",\"width\":230,\"height\":60,\"caption\":\"Leatai Diary, customized journal and business organizer\"},\"image\":{\"@id\":\"https:\/\/leatai.com\/es\/#\/schema\/logo\/image\/\"}}]}<\/script>\n<!-- \/ Yoast SEO plugin. -->","yoast_head_json":{"title":"LCL-004 - Un tono p\u00farpura de ensue\u00f1o que revela sutiles cambios de luz y sombra con cada movimiento. - Leatai \u2013 Fabricante de cuadernos personalizados","description":"El modelo de producto de Leatai: LCL-004 sorprende desde el primer vistazo. Aunque inicialmente se pensaba que su tono ser\u00eda similar al cl\u00e1sico color taro, el resultado final de esta libreta en papel art\u00edstico fue mucho m\u00e1s impresionante. La tonalidad p\u00farpura est\u00e1 enriquecida con un sutil efecto met\u00e1lico que le otorga profundidad, brillo y un aire casi hipn\u00f3tico. Este tratamiento especial convierte un color tradicional en una propuesta \u00fanica y moderna, ideal para quienes desean un cuaderno con un toque de originalidad y sofisticaci\u00f3n visual. Una reinterpretaci\u00f3n refrescante del p\u00farpura.","robots":{"index":"index","follow":"follow","max-snippet":"max-snippet:-1","max-image-preview":"max-image-preview:large","max-video-preview":"max-video-preview:-1"},"canonical":"https:\/\/leatai.com\/es\/product\/planificador-personalizado\/cuaderno-de-espiral\/lcl-004\/","og_locale":"es_ES","og_type":"article","og_title":"LCL-004 - Un tono p\u00farpura de ensue\u00f1o que revela sutiles cambios de luz y sombra con cada movimiento. - Leatai \u2013 Fabricante de cuadernos personalizados","og_description":"El modelo de producto de Leatai: LCL-004 sorprende desde el primer vistazo. Aunque inicialmente se pensaba que su tono ser\u00eda similar al cl\u00e1sico color taro, el resultado final de esta libreta en papel art\u00edstico fue mucho m\u00e1s impresionante. La tonalidad p\u00farpura est\u00e1 enriquecida con un sutil efecto met\u00e1lico que le otorga profundidad, brillo y un aire casi hipn\u00f3tico. Este tratamiento especial convierte un color tradicional en una propuesta \u00fanica y moderna, ideal para quienes desean un cuaderno con un toque de originalidad y sofisticaci\u00f3n visual. Una reinterpretaci\u00f3n refrescante del p\u00farpura.","og_url":"https:\/\/leatai.com\/es\/product\/planificador-personalizado\/cuaderno-de-espiral\/lcl-004\/","og_site_name":"Leatai \u2013 Fabricante de cuadernos personalizados","article_modified_time":"2025-04-18T06:09:18+00:00","og_image":[{"width":1000,"height":750,"url":"https:\/\/leatai.com\/wp-content\/uploads\/2015_08_18_1520290.jpg","type":"image\/jpeg"}],"twitter_card":"summary_large_image","twitter_misc":{"Tiempo de lectura":"2 minutos"},"schema":{"@context":"https:\/\/schema.org","@graph":[{"@type":"WebPage","@id":"https:\/\/leatai.com\/es\/product\/planificador-personalizado\/cuaderno-de-espiral\/lcl-004\/","url":"https:\/\/leatai.com\/es\/product\/planificador-personalizado\/cuaderno-de-espiral\/lcl-004\/","name":"LCL-004 - Un tono p\u00farpura de ensue\u00f1o que revela sutiles cambios de luz y sombra con cada movimiento. - Leatai \u2013 Fabricante de cuadernos personalizados","isPartOf":{"@id":"https:\/\/leatai.com\/es\/#website"},"primaryImageOfPage":{"@id":"https:\/\/leatai.com\/es\/product\/planificador-personalizado\/cuaderno-de-espiral\/lcl-004\/#primaryimage"},"image":{"@id":"https:\/\/leatai.com\/es\/product\/planificador-personalizado\/cuaderno-de-espiral\/lcl-004\/#primaryimage"},"thumbnailUrl":"https:\/\/leatai.com\/wp-content\/uploads\/2015_08_18_1520290.jpg","datePublished":"2021-06-24T05:27:36+00:00","dateModified":"2025-04-18T06:09:18+00:00","description":"El modelo de producto de Leatai: LCL-004 sorprende desde el primer vistazo. Aunque inicialmente se pensaba que su tono ser\u00eda similar al cl\u00e1sico color taro, el resultado final de esta libreta en papel art\u00edstico fue mucho m\u00e1s impresionante. La tonalidad p\u00farpura est\u00e1 enriquecida con un sutil efecto met\u00e1lico que le otorga profundidad, brillo y un aire casi hipn\u00f3tico. Este tratamiento especial convierte un color tradicional en una propuesta \u00fanica y moderna, ideal para quienes desean un cuaderno con un toque de originalidad y sofisticaci\u00f3n visual. Una reinterpretaci\u00f3n refrescante del p\u00farpura.","breadcrumb":{"@id":"https:\/\/leatai.com\/es\/product\/planificador-personalizado\/cuaderno-de-espiral\/lcl-004\/#breadcrumb"},"inLanguage":"es","potentialAction":[{"@type":"ReadAction","target":["https:\/\/leatai.com\/es\/product\/planificador-personalizado\/cuaderno-de-espiral\/lcl-004\/"]}]},{"@type":"ImageObject","inLanguage":"es","@id":"https:\/\/leatai.com\/es\/product\/planificador-personalizado\/cuaderno-de-espiral\/lcl-004\/#primaryimage","url":"https:\/\/leatai.com\/wp-content\/uploads\/2015_08_18_1520290.jpg","contentUrl":"https:\/\/leatai.com\/wp-content\/uploads\/2015_08_18_1520290.jpg","width":1000,"height":750},{"@type":"BreadcrumbList","@id":"https:\/\/leatai.com\/es\/product\/planificador-personalizado\/cuaderno-de-espiral\/lcl-004\/#breadcrumb","itemListElement":[{"@type":"ListItem","position":1,"name":"Home","item":"https:\/\/leatai.com\/es\/"},{"@type":"ListItem","position":2,"name":"Presentaci\u00f3n de productos","item":"https:\/\/leatai.com\/products\/"},{"@type":"ListItem","position":3,"name":"Planificador Personalizado","item":"https:\/\/leatai.com\/es\/categoria-producto\/planificador-personalizado\/"},{"@type":"ListItem","position":4,"name":"Cuaderno de espiral","item":"https:\/\/leatai.com\/es\/categoria-producto\/planificador-personalizado\/cuaderno-de-espiral\/"},{"@type":"ListItem","position":5,"name":"LCL-004"}]},{"@type":"WebSite","@id":"https:\/\/leatai.com\/es\/#website","url":"https:\/\/leatai.com\/es\/","name":"Leatai \u2013 Fabricante de cuadernos personalizados","description":"Leatai ofrece cuadernos y planificadores personalizados para marcas y distribuidores globales.","publisher":{"@id":"https:\/\/leatai.com\/es\/#organization"},"potentialAction":[{"@type":"SearchAction","target":{"@type":"EntryPoint","urlTemplate":"https:\/\/leatai.com\/es\/?s={search_term_string}"},"query-input":{"@type":"PropertyValueSpecification","valueRequired":true,"valueName":"search_term_string"}}],"inLanguage":"es"},{"@type":"Organization","@id":"https:\/\/leatai.com\/es\/#organization","name":"Leatai Diary, customized journal and business organizer","url":"https:\/\/leatai.com\/es\/","logo":{"@type":"ImageObject","inLanguage":"es","@id":"https:\/\/leatai.com\/es\/#\/schema\/logo\/image\/","url":"https:\/\/leatai.com\/wp-content\/uploads\/logo-blue.png","contentUrl":"https:\/\/leatai.com\/wp-content\/uploads\/logo-blue.png","width":230,"height":60,"caption":"Leatai Diary, customized journal and business organizer"},"image":{"@id":"https:\/\/leatai.com\/es\/#\/schema\/logo\/image\/"}}]}},"_links":{"self":[{"href":"https:\/\/leatai.com\/es\/wp-json\/wp\/v2\/product\/186408","targetHints":{"allow":["GET"]}}],"collection":[{"href":"https:\/\/leatai.com\/es\/wp-json\/wp\/v2\/product"}],"about":[{"href":"https:\/\/leatai.com\/es\/wp-json\/wp\/v2\/types\/product"}],"wp:featuredmedia":[{"embeddable":true,"href":"https:\/\/leatai.com\/es\/wp-json\/wp\/v2\/media\/186409"}],"wp:attachment":[{"href":"https:\/\/leatai.com\/es\/wp-json\/wp\/v2\/media?parent=186408"}],"wp:term":[{"taxonomy":"product_brand","embeddable":true,"href":"https:\/\/leatai.com\/es\/wp-json\/wp\/v2\/product_brand?post=186408"},{"taxonomy":"product_cat","embeddable":true,"href":"https:\/\/leatai.com\/es\/wp-json\/wp\/v2\/product_cat?post=186408"},{"taxonomy":"product_tag","embeddable":true,"href":"https:\/\/leatai.com\/es\/wp-json\/wp\/v2\/product_tag?post=186408"},{"taxonomy":"home_works","embeddable":true,"href":"https:\/\/leatai.com\/es\/wp-json\/wp\/v2\/home_works?post=186408"}],"curies":[{"name":"wp","href":"https:\/\/api.w.org\/{rel}","templated":true}]}}