{"id":185308,"date":"2021-06-24T13:33:46","date_gmt":"2021-06-24T05:33:46","guid":{"rendered":"https:\/\/leatai.com\/product\/sin%20categor\u00eda\/lhc-010\/"},"modified":"2025-04-17T17:25:05","modified_gmt":"2025-04-17T09:25:05","slug":"lhc-010","status":"publish","type":"product","link":"https:\/\/leatai.com\/es\/product\/planificador-personalizado\/cuaderno-de-tapa-dura\/lhc-010\/","title":{"rendered":"LHC-010"},"content":{"rendered":"<p>Modelo de producto: LHC-010<br \/>\nMaterial de la cubierta: Lino premium<br \/>\nColores: Marr\u00f3n \/ Beige<br \/>\nEspecificaciones: 16K \/ 25K \/ 48K <a href=\"https:\/\/leatai.com\/es\/faq\/cuales-son-los-tamanos-de-planificadores-8k-16k-y-25k-que-tan-grandes-son\/\" target=\"_blank\" rel=\"noopener\">(tama\u00f1os comunes)<\/a><br \/>\nHojas interiores: Est\u00e1ndar <a href=\"https:\/\/leatai.com\/es\/categoria-producto\/formato-de-pagina-interna\/paginas-internas-a5-es\/\" target=\"_blank\" rel=\"noopener\">(opciones de formato interior disponibles)<\/a><br \/>\nEmpaque: Bolsa OPP (opcional)<br \/>\nM\u00e9todo de impresi\u00f3n del LOGO: Estampado en dorado, plateado o grabado en relieve<\/p>\n<p>Opciones de encuadernaci\u00f3n de tapa dura:<br \/>\n\u2022 Lomo redondo: lomo curvado con dise\u00f1o fluido y ranura cl\u00e1sica<br \/>\n\u2022 Lomo cuadrado: forma recta y firme, como un libro de cuentos, ideal para una experiencia de escritura elegante<br \/>\n\u2022 Estilo certificado: sin lomo ni ranura, f\u00e1cil de hojear, con esquinas redondeadas que a\u00f1aden un acabado ligero y suave<\/p>\n<p>Descripci\u00f3n del producto<br \/>\nEl modelo de producto de Leatai: LHC-010 puede resumirse en una frase: una sensaci\u00f3n que proviene directamente de la naturaleza. Fabricada con lino de alta calidad, esta agenda ejecutiva de tapa dura destaca por sus exclusivas texturas tejidas, poco comunes en el mercado. Su apariencia artesanal y su esencia creativa invitan al tacto y a la contemplaci\u00f3n. Perfecta para quienes aprecian los detalles hechos con alma y buscan un estilo natural, aut\u00e9ntico y lleno de car\u00e1cter.<\/p>\n<p>&nbsp;<\/p>\n<p>\ud83d\udcd6\u202fDiarios corporativos est\u00e1ndar: <a href=\"https:\/\/leatai.com\/es\/categoria-producto\/planificador-personalizado\/\" target=\"_blank\" rel=\"noopener\">Todos los modelos de la serie de diarios corporativos<\/a> \/ <a href=\"https:\/\/leatai.com\/es\/categoria-producto\/formato-de-pagina-interna\/\" target=\"_blank\" rel=\"noopener\">P\u00e1ginas interiores de diarios corporativos<\/a><br \/>\n\ud83d\udcd6\u202fPara m\u00e1s recomendaciones sobre libretas personalizadas o impresi\u00f3n de diarios corporativos personalizados, consulta:<br \/>\n<a href=\"https:\/\/leatai.com\/es\/categoria-producto\/varias-muestras-oem\/cuaderno-de-tapa-dura-oem\/\" target=\"_blank\" rel=\"noopener\">Cuaderno de tapa dura OEM<\/a><br \/>\n<a href=\"https:\/\/leatai.com\/es\/categoria-producto\/varias-muestras-oem\/cuaderno-de-hojas-sueltas-oem\/\" target=\"_blank\" rel=\"noopener\">Cuaderno de anillas OEM<\/a><br \/>\n<a href=\"https:\/\/leatai.com\/es\/categoria-producto\/varias-muestras-oem\/cuaderno-removible-oem\/\" target=\"_blank\" rel=\"noopener\">Cuaderno de hojas removibles OEM<\/a><br \/>\n<a href=\"https:\/\/leatai.com\/es\/categoria-producto\/varias-muestras-oem\/cuaderno-de-tapa-blanda-oem\/\" target=\"_blank\" rel=\"noopener\">Cuaderno de tapa blanda OEM<\/a><br \/>\n<a href=\"https:\/\/leatai.com\/es\/categoria-producto\/varias-muestras-oem\/cuaderno-de-espiral-oem\/\" target=\"_blank\" rel=\"noopener\">Cuaderno con espiral OEM<\/a><br \/>\n<a href=\"https:\/\/leatai.com\/es\/categoria-producto\/varias-muestras-oem\/calendario-oem-es\/\" target=\"_blank\" rel=\"noopener\">Mini calendarios personalizados arrancables OEM \/ Impresi\u00f3n personalizada de calendarios de escritorio<\/a><br \/>\n<a href=\"https:\/\/leatai.com\/es\/categoria-producto\/varias-muestras-oem\/oem-otros\/\" target=\"_blank\" rel=\"noopener\">Otros productos OEM personalizados<\/a><\/p>\n<p>&nbsp;<\/p>\n<p>\ud83d\udcd6\u202fPara una explicaci\u00f3n completa de los tama\u00f1os, consulta la gu\u00eda de tama\u00f1os de papel:<br \/>\n<a href=\"https:\/\/leatai.com\/es\/conocimiento-sobre-cuadernos\/guia-de-tamanos-de-papel-comprenda-los-tamanos-comunes-como-b3-a4-b5-8k-16k-y-mas-una-tabla-de-tamanos-completa-para-una-referencia-facil\/\" target=\"_blank\" rel=\"noopener\">Gu\u00eda de tama\u00f1os de papel: B3, A4, B5, 8K, 16K, etc. \u00bfC\u00f3mo se diferencian? \u00a1Una tabla clara para entenderlo de un vistazo!<\/a><\/p>\n","protected":false},"excerpt":{"rendered":"<p>Modelo de producto: LHC-010 Material de la cubierta: Lino premium Colores: Marr\u00f3n \/ Beige Especificaciones: 16K \/ 25K \/ 48K (tama\u00f1os comunes) Hojas interiores: Est\u00e1ndar (opciones de formato interior disponibles) Empaque: Bolsa OPP (opcional) M\u00e9todo de impresi\u00f3n del LOGO: Estampado en dorado, plateado o grabado en relieve Opciones de encuadernaci\u00f3n de tapa dura: \u2022 Lomo [&hellip;]<\/p>\n","protected":false},"featured_media":185309,"template":"","meta":{"_acf_changed":false},"product_brand":[],"product_cat":[701],"product_tag":[1502],"home_works":[],"class_list":{"0":"post-185308","1":"product","2":"type-product","3":"status-publish","4":"has-post-thumbnail","6":"product_cat-cuaderno-de-tapa-dura","7":"product_tag--es","9":"first","10":"outofstock","11":"sold-individually","12":"shipping-taxable","13":"purchasable","14":"product-type-variable","15":"has-default-attributes"},"acf":[],"yoast_head":"<!-- This site is optimized with the Yoast SEO plugin v27.2 - https:\/\/yoast.com\/product\/yoast-seo-wordpress\/ -->\n<title>LHC-010 - La sensaci\u00f3n aut\u00e9ntica de la naturaleza al alcance de tu mano. - Leatai \u2013 Fabricante de cuadernos personalizados<\/title>\n<meta name=\"description\" content=\"El modelo de producto de Leatai: LHC-010 puede resumirse en una frase: una sensaci\u00f3n que proviene directamente de la naturaleza. Fabricada con lino de alta calidad, esta agenda ejecutiva de tapa dura destaca por sus exclusivas texturas tejidas, poco comunes en el mercado. Su apariencia artesanal y su esencia creativa invitan al tacto y a la contemplaci\u00f3n. Perfecta para quienes aprecian los detalles hechos con alma y buscan un estilo natural, aut\u00e9ntico y lleno de car\u00e1cter.\" \/>\n<meta name=\"robots\" content=\"index, follow, max-snippet:-1, max-image-preview:large, max-video-preview:-1\" \/>\n<link rel=\"canonical\" href=\"https:\/\/leatai.com\/es\/product\/planificador-personalizado\/cuaderno-de-tapa-dura\/lhc-010\/\" \/>\n<meta property=\"og:locale\" content=\"es_ES\" \/>\n<meta property=\"og:type\" content=\"article\" \/>\n<meta property=\"og:title\" content=\"LHC-010 - La sensaci\u00f3n aut\u00e9ntica de la naturaleza al alcance de tu mano. - Leatai \u2013 Fabricante de cuadernos personalizados\" \/>\n<meta property=\"og:description\" content=\"El modelo de producto de Leatai: LHC-010 puede resumirse en una frase: una sensaci\u00f3n que proviene directamente de la naturaleza. Fabricada con lino de alta calidad, esta agenda ejecutiva de tapa dura destaca por sus exclusivas texturas tejidas, poco comunes en el mercado. Su apariencia artesanal y su esencia creativa invitan al tacto y a la contemplaci\u00f3n. Perfecta para quienes aprecian los detalles hechos con alma y buscan un estilo natural, aut\u00e9ntico y lleno de car\u00e1cter.\" \/>\n<meta property=\"og:url\" content=\"https:\/\/leatai.com\/es\/product\/planificador-personalizado\/cuaderno-de-tapa-dura\/lhc-010\/\" \/>\n<meta property=\"og:site_name\" content=\"Leatai \u2013 Fabricante de cuadernos personalizados\" \/>\n<meta property=\"article:modified_time\" content=\"2025-04-17T09:25:05+00:00\" \/>\n<meta property=\"og:image\" content=\"https:\/\/leatai.com\/wp-content\/uploads\/2015_08_24_1621420.jpg\" \/>\n\t<meta property=\"og:image:width\" content=\"1000\" \/>\n\t<meta property=\"og:image:height\" content=\"750\" \/>\n\t<meta property=\"og:image:type\" content=\"image\/jpeg\" \/>\n<meta name=\"twitter:card\" content=\"summary_large_image\" \/>\n<meta name=\"twitter:label1\" content=\"Tiempo de lectura\" \/>\n\t<meta name=\"twitter:data1\" content=\"2 minutos\" \/>\n<script type=\"application\/ld+json\" class=\"yoast-schema-graph\">{\"@context\":\"https:\/\/schema.org\",\"@graph\":[{\"@type\":\"WebPage\",\"@id\":\"https:\/\/leatai.com\/es\/product\/planificador-personalizado\/cuaderno-de-tapa-dura\/lhc-010\/\",\"url\":\"https:\/\/leatai.com\/es\/product\/planificador-personalizado\/cuaderno-de-tapa-dura\/lhc-010\/\",\"name\":\"LHC-010 - La sensaci\u00f3n aut\u00e9ntica de la naturaleza al alcance de tu mano. - Leatai \u2013 Fabricante de cuadernos personalizados\",\"isPartOf\":{\"@id\":\"https:\/\/leatai.com\/es\/#website\"},\"primaryImageOfPage\":{\"@id\":\"https:\/\/leatai.com\/es\/product\/planificador-personalizado\/cuaderno-de-tapa-dura\/lhc-010\/#primaryimage\"},\"image\":{\"@id\":\"https:\/\/leatai.com\/es\/product\/planificador-personalizado\/cuaderno-de-tapa-dura\/lhc-010\/#primaryimage\"},\"thumbnailUrl\":\"https:\/\/leatai.com\/wp-content\/uploads\/2015_08_24_1621420.jpg\",\"datePublished\":\"2021-06-24T05:33:46+00:00\",\"dateModified\":\"2025-04-17T09:25:05+00:00\",\"description\":\"El modelo de producto de Leatai: LHC-010 puede resumirse en una frase: una sensaci\u00f3n que proviene directamente de la naturaleza. Fabricada con lino de alta calidad, esta agenda ejecutiva de tapa dura destaca por sus exclusivas texturas tejidas, poco comunes en el mercado. Su apariencia artesanal y su esencia creativa invitan al tacto y a la contemplaci\u00f3n. Perfecta para quienes aprecian los detalles hechos con alma y buscan un estilo natural, aut\u00e9ntico y lleno de car\u00e1cter.\",\"breadcrumb\":{\"@id\":\"https:\/\/leatai.com\/es\/product\/planificador-personalizado\/cuaderno-de-tapa-dura\/lhc-010\/#breadcrumb\"},\"inLanguage\":\"es\",\"potentialAction\":[{\"@type\":\"ReadAction\",\"target\":[\"https:\/\/leatai.com\/es\/product\/planificador-personalizado\/cuaderno-de-tapa-dura\/lhc-010\/\"]}]},{\"@type\":\"ImageObject\",\"inLanguage\":\"es\",\"@id\":\"https:\/\/leatai.com\/es\/product\/planificador-personalizado\/cuaderno-de-tapa-dura\/lhc-010\/#primaryimage\",\"url\":\"https:\/\/leatai.com\/wp-content\/uploads\/2015_08_24_1621420.jpg\",\"contentUrl\":\"https:\/\/leatai.com\/wp-content\/uploads\/2015_08_24_1621420.jpg\",\"width\":1000,\"height\":750,\"caption\":\"agenda ejecutiva\"},{\"@type\":\"BreadcrumbList\",\"@id\":\"https:\/\/leatai.com\/es\/product\/planificador-personalizado\/cuaderno-de-tapa-dura\/lhc-010\/#breadcrumb\",\"itemListElement\":[{\"@type\":\"ListItem\",\"position\":1,\"name\":\"Home\",\"item\":\"https:\/\/leatai.com\/es\/\"},{\"@type\":\"ListItem\",\"position\":2,\"name\":\"Presentaci\u00f3n de productos\",\"item\":\"https:\/\/leatai.com\/products\/\"},{\"@type\":\"ListItem\",\"position\":3,\"name\":\"Planificador Personalizado\",\"item\":\"https:\/\/leatai.com\/es\/categoria-producto\/planificador-personalizado\/\"},{\"@type\":\"ListItem\",\"position\":4,\"name\":\"Cuaderno de tapa dura\",\"item\":\"https:\/\/leatai.com\/es\/categoria-producto\/planificador-personalizado\/cuaderno-de-tapa-dura\/\"},{\"@type\":\"ListItem\",\"position\":5,\"name\":\"LHC-010\"}]},{\"@type\":\"WebSite\",\"@id\":\"https:\/\/leatai.com\/es\/#website\",\"url\":\"https:\/\/leatai.com\/es\/\",\"name\":\"Leatai \u2013 Fabricante de cuadernos personalizados\",\"description\":\"Leatai ofrece cuadernos y planificadores personalizados para marcas y distribuidores globales.\",\"publisher\":{\"@id\":\"https:\/\/leatai.com\/es\/#organization\"},\"potentialAction\":[{\"@type\":\"SearchAction\",\"target\":{\"@type\":\"EntryPoint\",\"urlTemplate\":\"https:\/\/leatai.com\/es\/?s={search_term_string}\"},\"query-input\":{\"@type\":\"PropertyValueSpecification\",\"valueRequired\":true,\"valueName\":\"search_term_string\"}}],\"inLanguage\":\"es\"},{\"@type\":\"Organization\",\"@id\":\"https:\/\/leatai.com\/es\/#organization\",\"name\":\"Leatai Diary, customized journal and business organizer\",\"url\":\"https:\/\/leatai.com\/es\/\",\"logo\":{\"@type\":\"ImageObject\",\"inLanguage\":\"es\",\"@id\":\"https:\/\/leatai.com\/es\/#\/schema\/logo\/image\/\",\"url\":\"https:\/\/leatai.com\/wp-content\/uploads\/logo-blue.png\",\"contentUrl\":\"https:\/\/leatai.com\/wp-content\/uploads\/logo-blue.png\",\"width\":230,\"height\":60,\"caption\":\"Leatai Diary, customized journal and business organizer\"},\"image\":{\"@id\":\"https:\/\/leatai.com\/es\/#\/schema\/logo\/image\/\"}}]}<\/script>\n<!-- \/ Yoast SEO plugin. -->","yoast_head_json":{"title":"LHC-010 - La sensaci\u00f3n aut\u00e9ntica de la naturaleza al alcance de tu mano. - Leatai \u2013 Fabricante de cuadernos personalizados","description":"El modelo de producto de Leatai: LHC-010 puede resumirse en una frase: una sensaci\u00f3n que proviene directamente de la naturaleza. Fabricada con lino de alta calidad, esta agenda ejecutiva de tapa dura destaca por sus exclusivas texturas tejidas, poco comunes en el mercado. Su apariencia artesanal y su esencia creativa invitan al tacto y a la contemplaci\u00f3n. Perfecta para quienes aprecian los detalles hechos con alma y buscan un estilo natural, aut\u00e9ntico y lleno de car\u00e1cter.","robots":{"index":"index","follow":"follow","max-snippet":"max-snippet:-1","max-image-preview":"max-image-preview:large","max-video-preview":"max-video-preview:-1"},"canonical":"https:\/\/leatai.com\/es\/product\/planificador-personalizado\/cuaderno-de-tapa-dura\/lhc-010\/","og_locale":"es_ES","og_type":"article","og_title":"LHC-010 - La sensaci\u00f3n aut\u00e9ntica de la naturaleza al alcance de tu mano. - Leatai \u2013 Fabricante de cuadernos personalizados","og_description":"El modelo de producto de Leatai: LHC-010 puede resumirse en una frase: una sensaci\u00f3n que proviene directamente de la naturaleza. Fabricada con lino de alta calidad, esta agenda ejecutiva de tapa dura destaca por sus exclusivas texturas tejidas, poco comunes en el mercado. Su apariencia artesanal y su esencia creativa invitan al tacto y a la contemplaci\u00f3n. Perfecta para quienes aprecian los detalles hechos con alma y buscan un estilo natural, aut\u00e9ntico y lleno de car\u00e1cter.","og_url":"https:\/\/leatai.com\/es\/product\/planificador-personalizado\/cuaderno-de-tapa-dura\/lhc-010\/","og_site_name":"Leatai \u2013 Fabricante de cuadernos personalizados","article_modified_time":"2025-04-17T09:25:05+00:00","og_image":[{"width":1000,"height":750,"url":"https:\/\/leatai.com\/wp-content\/uploads\/2015_08_24_1621420.jpg","type":"image\/jpeg"}],"twitter_card":"summary_large_image","twitter_misc":{"Tiempo de lectura":"2 minutos"},"schema":{"@context":"https:\/\/schema.org","@graph":[{"@type":"WebPage","@id":"https:\/\/leatai.com\/es\/product\/planificador-personalizado\/cuaderno-de-tapa-dura\/lhc-010\/","url":"https:\/\/leatai.com\/es\/product\/planificador-personalizado\/cuaderno-de-tapa-dura\/lhc-010\/","name":"LHC-010 - La sensaci\u00f3n aut\u00e9ntica de la naturaleza al alcance de tu mano. - Leatai \u2013 Fabricante de cuadernos personalizados","isPartOf":{"@id":"https:\/\/leatai.com\/es\/#website"},"primaryImageOfPage":{"@id":"https:\/\/leatai.com\/es\/product\/planificador-personalizado\/cuaderno-de-tapa-dura\/lhc-010\/#primaryimage"},"image":{"@id":"https:\/\/leatai.com\/es\/product\/planificador-personalizado\/cuaderno-de-tapa-dura\/lhc-010\/#primaryimage"},"thumbnailUrl":"https:\/\/leatai.com\/wp-content\/uploads\/2015_08_24_1621420.jpg","datePublished":"2021-06-24T05:33:46+00:00","dateModified":"2025-04-17T09:25:05+00:00","description":"El modelo de producto de Leatai: LHC-010 puede resumirse en una frase: una sensaci\u00f3n que proviene directamente de la naturaleza. Fabricada con lino de alta calidad, esta agenda ejecutiva de tapa dura destaca por sus exclusivas texturas tejidas, poco comunes en el mercado. Su apariencia artesanal y su esencia creativa invitan al tacto y a la contemplaci\u00f3n. Perfecta para quienes aprecian los detalles hechos con alma y buscan un estilo natural, aut\u00e9ntico y lleno de car\u00e1cter.","breadcrumb":{"@id":"https:\/\/leatai.com\/es\/product\/planificador-personalizado\/cuaderno-de-tapa-dura\/lhc-010\/#breadcrumb"},"inLanguage":"es","potentialAction":[{"@type":"ReadAction","target":["https:\/\/leatai.com\/es\/product\/planificador-personalizado\/cuaderno-de-tapa-dura\/lhc-010\/"]}]},{"@type":"ImageObject","inLanguage":"es","@id":"https:\/\/leatai.com\/es\/product\/planificador-personalizado\/cuaderno-de-tapa-dura\/lhc-010\/#primaryimage","url":"https:\/\/leatai.com\/wp-content\/uploads\/2015_08_24_1621420.jpg","contentUrl":"https:\/\/leatai.com\/wp-content\/uploads\/2015_08_24_1621420.jpg","width":1000,"height":750,"caption":"agenda ejecutiva"},{"@type":"BreadcrumbList","@id":"https:\/\/leatai.com\/es\/product\/planificador-personalizado\/cuaderno-de-tapa-dura\/lhc-010\/#breadcrumb","itemListElement":[{"@type":"ListItem","position":1,"name":"Home","item":"https:\/\/leatai.com\/es\/"},{"@type":"ListItem","position":2,"name":"Presentaci\u00f3n de productos","item":"https:\/\/leatai.com\/products\/"},{"@type":"ListItem","position":3,"name":"Planificador Personalizado","item":"https:\/\/leatai.com\/es\/categoria-producto\/planificador-personalizado\/"},{"@type":"ListItem","position":4,"name":"Cuaderno de tapa dura","item":"https:\/\/leatai.com\/es\/categoria-producto\/planificador-personalizado\/cuaderno-de-tapa-dura\/"},{"@type":"ListItem","position":5,"name":"LHC-010"}]},{"@type":"WebSite","@id":"https:\/\/leatai.com\/es\/#website","url":"https:\/\/leatai.com\/es\/","name":"Leatai \u2013 Fabricante de cuadernos personalizados","description":"Leatai ofrece cuadernos y planificadores personalizados para marcas y distribuidores globales.","publisher":{"@id":"https:\/\/leatai.com\/es\/#organization"},"potentialAction":[{"@type":"SearchAction","target":{"@type":"EntryPoint","urlTemplate":"https:\/\/leatai.com\/es\/?s={search_term_string}"},"query-input":{"@type":"PropertyValueSpecification","valueRequired":true,"valueName":"search_term_string"}}],"inLanguage":"es"},{"@type":"Organization","@id":"https:\/\/leatai.com\/es\/#organization","name":"Leatai Diary, customized journal and business organizer","url":"https:\/\/leatai.com\/es\/","logo":{"@type":"ImageObject","inLanguage":"es","@id":"https:\/\/leatai.com\/es\/#\/schema\/logo\/image\/","url":"https:\/\/leatai.com\/wp-content\/uploads\/logo-blue.png","contentUrl":"https:\/\/leatai.com\/wp-content\/uploads\/logo-blue.png","width":230,"height":60,"caption":"Leatai Diary, customized journal and business organizer"},"image":{"@id":"https:\/\/leatai.com\/es\/#\/schema\/logo\/image\/"}}]}},"_links":{"self":[{"href":"https:\/\/leatai.com\/es\/wp-json\/wp\/v2\/product\/185308","targetHints":{"allow":["GET"]}}],"collection":[{"href":"https:\/\/leatai.com\/es\/wp-json\/wp\/v2\/product"}],"about":[{"href":"https:\/\/leatai.com\/es\/wp-json\/wp\/v2\/types\/product"}],"wp:featuredmedia":[{"embeddable":true,"href":"https:\/\/leatai.com\/es\/wp-json\/wp\/v2\/media\/185309"}],"wp:attachment":[{"href":"https:\/\/leatai.com\/es\/wp-json\/wp\/v2\/media?parent=185308"}],"wp:term":[{"taxonomy":"product_brand","embeddable":true,"href":"https:\/\/leatai.com\/es\/wp-json\/wp\/v2\/product_brand?post=185308"},{"taxonomy":"product_cat","embeddable":true,"href":"https:\/\/leatai.com\/es\/wp-json\/wp\/v2\/product_cat?post=185308"},{"taxonomy":"product_tag","embeddable":true,"href":"https:\/\/leatai.com\/es\/wp-json\/wp\/v2\/product_tag?post=185308"},{"taxonomy":"home_works","embeddable":true,"href":"https:\/\/leatai.com\/es\/wp-json\/wp\/v2\/home_works?post=185308"}],"curies":[{"name":"wp","href":"https:\/\/api.w.org\/{rel}","templated":true}]}}