{"id":180102,"date":"2021-06-24T13:29:16","date_gmt":"2021-06-24T05:29:16","guid":{"rendered":"https:\/\/leatai.com\/product\/sin%20categor\u00eda\/%e9%85%8d%e4%bb%b6-%e9%9c%a7%e9%bb%91%e5%ad%9f%e5%ae%97%e7%ab%b9%e6%8a%bd%e5%8f%96%e5%a4%be\/"},"modified":"2025-04-16T11:15:51","modified_gmt":"2025-04-16T03:15:51","slug":"accesorio-clip-extraible-de-bambu-moso-con-acabado-en-negro-mate","status":"publish","type":"product","link":"https:\/\/leatai.com\/es\/product\/planificador-personalizado\/cuaderno-extraible\/accesorio-clip-extraible-de-bambu-moso-con-acabado-en-negro-mate\/","title":{"rendered":"Accesorio \u2013 Clip extra\u00edble de bamb\u00fa Moso con acabado en negro mate"},"content":{"rendered":"<p>Descripci\u00f3n del producto<br \/>\nModelo de accesorio de Leatai: Clip extra\u00edble en negro mate con bamb\u00fa Moso. El clip extra\u00edble en negro mate, resistente a los ara\u00f1azos, se combina con el bamb\u00fa Moso natural en una mezcla inesperada que demuestra que incluso los contrastes pueden armonizar perfectamente. Esta exclusiva combinaci\u00f3n de materiales distintos est\u00e1 dise\u00f1ada para quienes buscan innovaci\u00f3n constante y se atreven a probar cosas nuevas con valent\u00eda.<\/p>\n<p>&nbsp;<\/p>\n<p>\ud83d\udcd6\u202fDiarios corporativos est\u00e1ndar: <a href=\"https:\/\/leatai.com\/es\/categoria-producto\/planificador-personalizado\/\" target=\"_blank\" rel=\"noopener\">Todos los modelos de la serie de diarios corporativos<\/a> \/ <a href=\"https:\/\/leatai.com\/es\/categoria-producto\/formato-de-pagina-interna\/\" target=\"_blank\" rel=\"noopener\">P\u00e1ginas interiores de diarios corporativos<\/a><br \/>\n\ud83d\udcd6\u202fPara m\u00e1s recomendaciones sobre libretas personalizadas o impresi\u00f3n de diarios corporativos personalizados, consulta:<br \/>\n<a href=\"https:\/\/leatai.com\/es\/categoria-producto\/varias-muestras-oem\/cuaderno-de-tapa-dura-oem\/\" target=\"_blank\" rel=\"noopener\">Cuaderno de tapa dura OEM<\/a><br \/>\n<a href=\"https:\/\/leatai.com\/es\/categoria-producto\/varias-muestras-oem\/cuaderno-de-hojas-sueltas-oem\/\" target=\"_blank\" rel=\"noopener\">Cuaderno de anillas OEM<\/a><br \/>\n<a href=\"https:\/\/leatai.com\/es\/categoria-producto\/varias-muestras-oem\/cuaderno-removible-oem\/\" target=\"_blank\" rel=\"noopener\">Cuaderno de hojas removibles OEM<\/a><br \/>\n<a href=\"https:\/\/leatai.com\/es\/categoria-producto\/varias-muestras-oem\/cuaderno-de-tapa-blanda-oem\/\" target=\"_blank\" rel=\"noopener\">Cuaderno de tapa blanda OEM<\/a><br \/>\n<a href=\"https:\/\/leatai.com\/es\/categoria-producto\/varias-muestras-oem\/cuaderno-de-espiral-oem\/\" target=\"_blank\" rel=\"noopener\">Cuaderno con espiral OEM<\/a><br \/>\n<a href=\"https:\/\/leatai.com\/es\/categoria-producto\/varias-muestras-oem\/calendario-oem-es\/\" target=\"_blank\" rel=\"noopener\">Mini calendarios personalizados arrancables OEM \/ Impresi\u00f3n personalizada de calendarios de escritorio<\/a><br \/>\n<a href=\"https:\/\/leatai.com\/es\/categoria-producto\/varias-muestras-oem\/oem-otros\/\" target=\"_blank\" rel=\"noopener\">Otros productos OEM personalizados<\/a><\/p>\n<p>&nbsp;<\/p>\n<p>\ud83d\udcd6\u202fPara una explicaci\u00f3n completa de los tama\u00f1os, consulta la gu\u00eda de tama\u00f1os de papel:<br \/>\n<a href=\"https:\/\/leatai.com\/es\/conocimiento-sobre-cuadernos\/guia-de-tamanos-de-papel-comprenda-los-tamanos-comunes-como-b3-a4-b5-8k-16k-y-mas-una-tabla-de-tamanos-completa-para-una-referencia-facil\/\" target=\"_blank\" rel=\"noopener\">Gu\u00eda de tama\u00f1os de papel: B3, A4, B5, 8K, 16K, etc. \u00bfC\u00f3mo se diferencian? \u00a1Una tabla clara para entenderlo de un vistazo!<\/a><\/p>\n<p><iframe title=\"How to DIY a removable notebook\" width=\"800\" height=\"450\" src=\"https:\/\/www.youtube.com\/embed\/OsLvh1PRzxo?feature=oembed&#038;enablejsapi=1&#038;origin=https:\/\/leatai.com\" frameborder=\"0\" allow=\"accelerometer; autoplay; clipboard-write; encrypted-media; gyroscope; picture-in-picture; web-share\" referrerpolicy=\"strict-origin-when-cross-origin\" allowfullscreen><\/iframe><\/p>\n","protected":false},"excerpt":{"rendered":"<p>Cuaderno de anillas removibles con accesorios met\u00e1licos en color negro mate, combinados con bamb\u00fa Moso natural. Ofrece una sensaci\u00f3n c\u00e1lida y suave al tacto, logrando un equilibrio armonioso entre funcionalidad y est\u00e9tica.<\/p>\n","protected":false},"featured_media":180103,"template":"","meta":{"_acf_changed":false},"product_brand":[],"product_cat":[705],"product_tag":[],"home_works":[],"class_list":{"0":"post-180102","1":"product","2":"type-product","3":"status-publish","4":"has-post-thumbnail","6":"product_cat-cuaderno-extraible","8":"first","9":"outofstock","10":"sold-individually","11":"shipping-taxable","12":"purchasable","13":"product-type-variable","14":"has-default-attributes"},"acf":[],"yoast_head":"<!-- This site is optimized with the Yoast SEO plugin v27.2 - https:\/\/yoast.com\/product\/yoast-seo-wordpress\/ -->\n<title>Accesorio \u2013 Clip extra\u00edble de bamb\u00fa Moso con acabado en negro mate - La combinaci\u00f3n de materiales distintos crea una nueva y sorprendente experiencia. - Leatai \u2013 Fabricante de cuadernos personalizados<\/title>\n<meta name=\"description\" content=\"Descripci\u00f3n del productoModelo de accesorio de Leatai: Clip extra\u00edble en negro mate con bamb\u00fa Moso. El clip extra\u00edble en negro mate, resistente a los ara\u00f1azos, se combina con el bamb\u00fa Moso natural en una mezcla inesperada que demuestra que incluso los contrastes pueden armonizar perfectamente. Esta exclusiva combinaci\u00f3n de materiales distintos est\u00e1 dise\u00f1ada para quienes buscan innovaci\u00f3n constante y se atreven a probar cosas nuevas con valent\u00eda.\" \/>\n<meta name=\"robots\" content=\"index, follow, max-snippet:-1, max-image-preview:large, max-video-preview:-1\" \/>\n<link rel=\"canonical\" href=\"https:\/\/leatai.com\/es\/product\/planificador-personalizado\/cuaderno-extraible\/accesorio-clip-extraible-de-bambu-moso-con-acabado-en-negro-mate\/\" \/>\n<meta property=\"og:locale\" content=\"es_ES\" \/>\n<meta property=\"og:type\" content=\"article\" \/>\n<meta property=\"og:title\" content=\"Accesorio \u2013 Clip extra\u00edble de bamb\u00fa Moso con acabado en negro mate - La combinaci\u00f3n de materiales distintos crea una nueva y sorprendente experiencia. - Leatai \u2013 Fabricante de cuadernos personalizados\" \/>\n<meta property=\"og:description\" content=\"Descripci\u00f3n del productoModelo de accesorio de Leatai: Clip extra\u00edble en negro mate con bamb\u00fa Moso. El clip extra\u00edble en negro mate, resistente a los ara\u00f1azos, se combina con el bamb\u00fa Moso natural en una mezcla inesperada que demuestra que incluso los contrastes pueden armonizar perfectamente. Esta exclusiva combinaci\u00f3n de materiales distintos est\u00e1 dise\u00f1ada para quienes buscan innovaci\u00f3n constante y se atreven a probar cosas nuevas con valent\u00eda.\" \/>\n<meta property=\"og:url\" content=\"https:\/\/leatai.com\/es\/product\/planificador-personalizado\/cuaderno-extraible\/accesorio-clip-extraible-de-bambu-moso-con-acabado-en-negro-mate\/\" \/>\n<meta property=\"og:site_name\" content=\"Leatai \u2013 Fabricante de cuadernos personalizados\" \/>\n<meta property=\"article:modified_time\" content=\"2025-04-16T03:15:51+00:00\" \/>\n<meta property=\"og:image\" content=\"https:\/\/leatai.com\/wp-content\/uploads\/2020_08_14_1738450.jpg\" \/>\n\t<meta property=\"og:image:width\" content=\"1000\" \/>\n\t<meta property=\"og:image:height\" content=\"750\" \/>\n\t<meta property=\"og:image:type\" content=\"image\/jpeg\" \/>\n<meta name=\"twitter:card\" content=\"summary_large_image\" \/>\n<meta name=\"twitter:label1\" content=\"Tiempo de lectura\" \/>\n\t<meta name=\"twitter:data1\" content=\"2 minutos\" \/>\n<script type=\"application\/ld+json\" class=\"yoast-schema-graph\">{\"@context\":\"https:\/\/schema.org\",\"@graph\":[{\"@type\":\"WebPage\",\"@id\":\"https:\/\/leatai.com\/es\/product\/planificador-personalizado\/cuaderno-extraible\/accesorio-clip-extraible-de-bambu-moso-con-acabado-en-negro-mate\/\",\"url\":\"https:\/\/leatai.com\/es\/product\/planificador-personalizado\/cuaderno-extraible\/accesorio-clip-extraible-de-bambu-moso-con-acabado-en-negro-mate\/\",\"name\":\"Accesorio \u2013 Clip extra\u00edble de bamb\u00fa Moso con acabado en negro mate - La combinaci\u00f3n de materiales distintos crea una nueva y sorprendente experiencia. - Leatai \u2013 Fabricante de cuadernos personalizados\",\"isPartOf\":{\"@id\":\"https:\/\/leatai.com\/es\/#website\"},\"primaryImageOfPage\":{\"@id\":\"https:\/\/leatai.com\/es\/product\/planificador-personalizado\/cuaderno-extraible\/accesorio-clip-extraible-de-bambu-moso-con-acabado-en-negro-mate\/#primaryimage\"},\"image\":{\"@id\":\"https:\/\/leatai.com\/es\/product\/planificador-personalizado\/cuaderno-extraible\/accesorio-clip-extraible-de-bambu-moso-con-acabado-en-negro-mate\/#primaryimage\"},\"thumbnailUrl\":\"https:\/\/leatai.com\/wp-content\/uploads\/2020_08_14_1738450.jpg\",\"datePublished\":\"2021-06-24T05:29:16+00:00\",\"dateModified\":\"2025-04-16T03:15:51+00:00\",\"description\":\"Descripci\u00f3n del productoModelo de accesorio de Leatai: Clip extra\u00edble en negro mate con bamb\u00fa Moso. El clip extra\u00edble en negro mate, resistente a los ara\u00f1azos, se combina con el bamb\u00fa Moso natural en una mezcla inesperada que demuestra que incluso los contrastes pueden armonizar perfectamente. Esta exclusiva combinaci\u00f3n de materiales distintos est\u00e1 dise\u00f1ada para quienes buscan innovaci\u00f3n constante y se atreven a probar cosas nuevas con valent\u00eda.\",\"breadcrumb\":{\"@id\":\"https:\/\/leatai.com\/es\/product\/planificador-personalizado\/cuaderno-extraible\/accesorio-clip-extraible-de-bambu-moso-con-acabado-en-negro-mate\/#breadcrumb\"},\"inLanguage\":\"es\",\"potentialAction\":[{\"@type\":\"ReadAction\",\"target\":[\"https:\/\/leatai.com\/es\/product\/planificador-personalizado\/cuaderno-extraible\/accesorio-clip-extraible-de-bambu-moso-con-acabado-en-negro-mate\/\"]}]},{\"@type\":\"ImageObject\",\"inLanguage\":\"es\",\"@id\":\"https:\/\/leatai.com\/es\/product\/planificador-personalizado\/cuaderno-extraible\/accesorio-clip-extraible-de-bambu-moso-con-acabado-en-negro-mate\/#primaryimage\",\"url\":\"https:\/\/leatai.com\/wp-content\/uploads\/2020_08_14_1738450.jpg\",\"contentUrl\":\"https:\/\/leatai.com\/wp-content\/uploads\/2020_08_14_1738450.jpg\",\"width\":1000,\"height\":750},{\"@type\":\"BreadcrumbList\",\"@id\":\"https:\/\/leatai.com\/es\/product\/planificador-personalizado\/cuaderno-extraible\/accesorio-clip-extraible-de-bambu-moso-con-acabado-en-negro-mate\/#breadcrumb\",\"itemListElement\":[{\"@type\":\"ListItem\",\"position\":1,\"name\":\"Home\",\"item\":\"https:\/\/leatai.com\/es\/\"},{\"@type\":\"ListItem\",\"position\":2,\"name\":\"Presentaci\u00f3n de productos\",\"item\":\"https:\/\/leatai.com\/products\/\"},{\"@type\":\"ListItem\",\"position\":3,\"name\":\"Planificador Personalizado\",\"item\":\"https:\/\/leatai.com\/es\/categoria-producto\/planificador-personalizado\/\"},{\"@type\":\"ListItem\",\"position\":4,\"name\":\"Cuaderno extra\u00edble\",\"item\":\"https:\/\/leatai.com\/es\/categoria-producto\/planificador-personalizado\/cuaderno-extraible\/\"},{\"@type\":\"ListItem\",\"position\":5,\"name\":\"Accesorio \u2013 Clip extra\u00edble de bamb\u00fa Moso con acabado en negro mate\"}]},{\"@type\":\"WebSite\",\"@id\":\"https:\/\/leatai.com\/es\/#website\",\"url\":\"https:\/\/leatai.com\/es\/\",\"name\":\"Leatai \u2013 Fabricante de cuadernos personalizados\",\"description\":\"Leatai ofrece cuadernos y planificadores personalizados para marcas y distribuidores globales.\",\"publisher\":{\"@id\":\"https:\/\/leatai.com\/es\/#organization\"},\"potentialAction\":[{\"@type\":\"SearchAction\",\"target\":{\"@type\":\"EntryPoint\",\"urlTemplate\":\"https:\/\/leatai.com\/es\/?s={search_term_string}\"},\"query-input\":{\"@type\":\"PropertyValueSpecification\",\"valueRequired\":true,\"valueName\":\"search_term_string\"}}],\"inLanguage\":\"es\"},{\"@type\":\"Organization\",\"@id\":\"https:\/\/leatai.com\/es\/#organization\",\"name\":\"Leatai Diary, customized journal and business organizer\",\"url\":\"https:\/\/leatai.com\/es\/\",\"logo\":{\"@type\":\"ImageObject\",\"inLanguage\":\"es\",\"@id\":\"https:\/\/leatai.com\/es\/#\/schema\/logo\/image\/\",\"url\":\"https:\/\/leatai.com\/wp-content\/uploads\/logo-blue.png\",\"contentUrl\":\"https:\/\/leatai.com\/wp-content\/uploads\/logo-blue.png\",\"width\":230,\"height\":60,\"caption\":\"Leatai Diary, customized journal and business organizer\"},\"image\":{\"@id\":\"https:\/\/leatai.com\/es\/#\/schema\/logo\/image\/\"}}]}<\/script>\n<!-- \/ Yoast SEO plugin. -->","yoast_head_json":{"title":"Accesorio \u2013 Clip extra\u00edble de bamb\u00fa Moso con acabado en negro mate - La combinaci\u00f3n de materiales distintos crea una nueva y sorprendente experiencia. - Leatai \u2013 Fabricante de cuadernos personalizados","description":"Descripci\u00f3n del productoModelo de accesorio de Leatai: Clip extra\u00edble en negro mate con bamb\u00fa Moso. El clip extra\u00edble en negro mate, resistente a los ara\u00f1azos, se combina con el bamb\u00fa Moso natural en una mezcla inesperada que demuestra que incluso los contrastes pueden armonizar perfectamente. Esta exclusiva combinaci\u00f3n de materiales distintos est\u00e1 dise\u00f1ada para quienes buscan innovaci\u00f3n constante y se atreven a probar cosas nuevas con valent\u00eda.","robots":{"index":"index","follow":"follow","max-snippet":"max-snippet:-1","max-image-preview":"max-image-preview:large","max-video-preview":"max-video-preview:-1"},"canonical":"https:\/\/leatai.com\/es\/product\/planificador-personalizado\/cuaderno-extraible\/accesorio-clip-extraible-de-bambu-moso-con-acabado-en-negro-mate\/","og_locale":"es_ES","og_type":"article","og_title":"Accesorio \u2013 Clip extra\u00edble de bamb\u00fa Moso con acabado en negro mate - La combinaci\u00f3n de materiales distintos crea una nueva y sorprendente experiencia. - Leatai \u2013 Fabricante de cuadernos personalizados","og_description":"Descripci\u00f3n del productoModelo de accesorio de Leatai: Clip extra\u00edble en negro mate con bamb\u00fa Moso. El clip extra\u00edble en negro mate, resistente a los ara\u00f1azos, se combina con el bamb\u00fa Moso natural en una mezcla inesperada que demuestra que incluso los contrastes pueden armonizar perfectamente. Esta exclusiva combinaci\u00f3n de materiales distintos est\u00e1 dise\u00f1ada para quienes buscan innovaci\u00f3n constante y se atreven a probar cosas nuevas con valent\u00eda.","og_url":"https:\/\/leatai.com\/es\/product\/planificador-personalizado\/cuaderno-extraible\/accesorio-clip-extraible-de-bambu-moso-con-acabado-en-negro-mate\/","og_site_name":"Leatai \u2013 Fabricante de cuadernos personalizados","article_modified_time":"2025-04-16T03:15:51+00:00","og_image":[{"width":1000,"height":750,"url":"https:\/\/leatai.com\/wp-content\/uploads\/2020_08_14_1738450.jpg","type":"image\/jpeg"}],"twitter_card":"summary_large_image","twitter_misc":{"Tiempo de lectura":"2 minutos"},"schema":{"@context":"https:\/\/schema.org","@graph":[{"@type":"WebPage","@id":"https:\/\/leatai.com\/es\/product\/planificador-personalizado\/cuaderno-extraible\/accesorio-clip-extraible-de-bambu-moso-con-acabado-en-negro-mate\/","url":"https:\/\/leatai.com\/es\/product\/planificador-personalizado\/cuaderno-extraible\/accesorio-clip-extraible-de-bambu-moso-con-acabado-en-negro-mate\/","name":"Accesorio \u2013 Clip extra\u00edble de bamb\u00fa Moso con acabado en negro mate - La combinaci\u00f3n de materiales distintos crea una nueva y sorprendente experiencia. - Leatai \u2013 Fabricante de cuadernos personalizados","isPartOf":{"@id":"https:\/\/leatai.com\/es\/#website"},"primaryImageOfPage":{"@id":"https:\/\/leatai.com\/es\/product\/planificador-personalizado\/cuaderno-extraible\/accesorio-clip-extraible-de-bambu-moso-con-acabado-en-negro-mate\/#primaryimage"},"image":{"@id":"https:\/\/leatai.com\/es\/product\/planificador-personalizado\/cuaderno-extraible\/accesorio-clip-extraible-de-bambu-moso-con-acabado-en-negro-mate\/#primaryimage"},"thumbnailUrl":"https:\/\/leatai.com\/wp-content\/uploads\/2020_08_14_1738450.jpg","datePublished":"2021-06-24T05:29:16+00:00","dateModified":"2025-04-16T03:15:51+00:00","description":"Descripci\u00f3n del productoModelo de accesorio de Leatai: Clip extra\u00edble en negro mate con bamb\u00fa Moso. El clip extra\u00edble en negro mate, resistente a los ara\u00f1azos, se combina con el bamb\u00fa Moso natural en una mezcla inesperada que demuestra que incluso los contrastes pueden armonizar perfectamente. Esta exclusiva combinaci\u00f3n de materiales distintos est\u00e1 dise\u00f1ada para quienes buscan innovaci\u00f3n constante y se atreven a probar cosas nuevas con valent\u00eda.","breadcrumb":{"@id":"https:\/\/leatai.com\/es\/product\/planificador-personalizado\/cuaderno-extraible\/accesorio-clip-extraible-de-bambu-moso-con-acabado-en-negro-mate\/#breadcrumb"},"inLanguage":"es","potentialAction":[{"@type":"ReadAction","target":["https:\/\/leatai.com\/es\/product\/planificador-personalizado\/cuaderno-extraible\/accesorio-clip-extraible-de-bambu-moso-con-acabado-en-negro-mate\/"]}]},{"@type":"ImageObject","inLanguage":"es","@id":"https:\/\/leatai.com\/es\/product\/planificador-personalizado\/cuaderno-extraible\/accesorio-clip-extraible-de-bambu-moso-con-acabado-en-negro-mate\/#primaryimage","url":"https:\/\/leatai.com\/wp-content\/uploads\/2020_08_14_1738450.jpg","contentUrl":"https:\/\/leatai.com\/wp-content\/uploads\/2020_08_14_1738450.jpg","width":1000,"height":750},{"@type":"BreadcrumbList","@id":"https:\/\/leatai.com\/es\/product\/planificador-personalizado\/cuaderno-extraible\/accesorio-clip-extraible-de-bambu-moso-con-acabado-en-negro-mate\/#breadcrumb","itemListElement":[{"@type":"ListItem","position":1,"name":"Home","item":"https:\/\/leatai.com\/es\/"},{"@type":"ListItem","position":2,"name":"Presentaci\u00f3n de productos","item":"https:\/\/leatai.com\/products\/"},{"@type":"ListItem","position":3,"name":"Planificador Personalizado","item":"https:\/\/leatai.com\/es\/categoria-producto\/planificador-personalizado\/"},{"@type":"ListItem","position":4,"name":"Cuaderno extra\u00edble","item":"https:\/\/leatai.com\/es\/categoria-producto\/planificador-personalizado\/cuaderno-extraible\/"},{"@type":"ListItem","position":5,"name":"Accesorio \u2013 Clip extra\u00edble de bamb\u00fa Moso con acabado en negro mate"}]},{"@type":"WebSite","@id":"https:\/\/leatai.com\/es\/#website","url":"https:\/\/leatai.com\/es\/","name":"Leatai \u2013 Fabricante de cuadernos personalizados","description":"Leatai ofrece cuadernos y planificadores personalizados para marcas y distribuidores globales.","publisher":{"@id":"https:\/\/leatai.com\/es\/#organization"},"potentialAction":[{"@type":"SearchAction","target":{"@type":"EntryPoint","urlTemplate":"https:\/\/leatai.com\/es\/?s={search_term_string}"},"query-input":{"@type":"PropertyValueSpecification","valueRequired":true,"valueName":"search_term_string"}}],"inLanguage":"es"},{"@type":"Organization","@id":"https:\/\/leatai.com\/es\/#organization","name":"Leatai Diary, customized journal and business organizer","url":"https:\/\/leatai.com\/es\/","logo":{"@type":"ImageObject","inLanguage":"es","@id":"https:\/\/leatai.com\/es\/#\/schema\/logo\/image\/","url":"https:\/\/leatai.com\/wp-content\/uploads\/logo-blue.png","contentUrl":"https:\/\/leatai.com\/wp-content\/uploads\/logo-blue.png","width":230,"height":60,"caption":"Leatai Diary, customized journal and business organizer"},"image":{"@id":"https:\/\/leatai.com\/es\/#\/schema\/logo\/image\/"}}]}},"_links":{"self":[{"href":"https:\/\/leatai.com\/es\/wp-json\/wp\/v2\/product\/180102","targetHints":{"allow":["GET"]}}],"collection":[{"href":"https:\/\/leatai.com\/es\/wp-json\/wp\/v2\/product"}],"about":[{"href":"https:\/\/leatai.com\/es\/wp-json\/wp\/v2\/types\/product"}],"wp:featuredmedia":[{"embeddable":true,"href":"https:\/\/leatai.com\/es\/wp-json\/wp\/v2\/media\/180103"}],"wp:attachment":[{"href":"https:\/\/leatai.com\/es\/wp-json\/wp\/v2\/media?parent=180102"}],"wp:term":[{"taxonomy":"product_brand","embeddable":true,"href":"https:\/\/leatai.com\/es\/wp-json\/wp\/v2\/product_brand?post=180102"},{"taxonomy":"product_cat","embeddable":true,"href":"https:\/\/leatai.com\/es\/wp-json\/wp\/v2\/product_cat?post=180102"},{"taxonomy":"product_tag","embeddable":true,"href":"https:\/\/leatai.com\/es\/wp-json\/wp\/v2\/product_tag?post=180102"},{"taxonomy":"home_works","embeddable":true,"href":"https:\/\/leatai.com\/es\/wp-json\/wp\/v2\/home_works?post=180102"}],"curies":[{"name":"wp","href":"https:\/\/api.w.org\/{rel}","templated":true}]}}