{"id":178703,"date":"2021-08-25T15:34:26","date_gmt":"2021-08-25T07:34:26","guid":{"rendered":"https:\/\/leatai.com\/product\/sin%20categor\u00eda\/ldo-014\/"},"modified":"2025-04-16T14:21:15","modified_gmt":"2025-04-16T06:21:15","slug":"ldo-014","status":"publish","type":"product","link":"https:\/\/leatai.com\/es\/product\/planificador-personalizado\/cuaderno-extraible\/ldo-014\/","title":{"rendered":"LDO-014"},"content":{"rendered":"<p>Modelo del producto: LDO-014<br \/>\nMaterial de la cubierta: Papel kraft ecol\u00f3gico<br \/>\nColor: Beige<br \/>\nEspecificaciones: 25K (20 anillas)<a href=\"https:\/\/leatai.com\/es\/faq\/cuales-son-los-tamanos-de-planificadores-8k-16k-y-25k-que-tan-grandes-son\/\" target=\"_blank\" rel=\"noopener\"> (tama\u00f1o tipo agenda empresarial)<\/a><br \/>\nHojas interiores:<\/p>\n<p>Opciones compatibles para 25K:<\/p>\n<ol>\n<li>Versi\u00f3n A &#8211; Plan mensual con dise\u00f1o de notas<a href=\"https:\/\/leatai.com\/es\/product\/formato-de-pagina-interna\/paginas-internas-a5-es\/lgp-formato-de-planificacion-mensual-tipo-cuaderno-de-notas-a25k\/\" target=\"_blank\" rel=\"noopener\"> (LGP-Plan Mensual con Notas-A25K)<\/a><\/li>\n<li>Versi\u00f3n L &#8211; Plan mensual con dise\u00f1o de notas <a href=\"https:\/\/leatai.com\/es\/product\/formato-de-pagina-interna\/paginas-internas-a5-es\/lgp-planificacion-mensual-tipo-cuaderno-de-notas-l25k\/\" target=\"_blank\" rel=\"noopener\">(LGP-Plan Mensual con Notas-L25K)<\/a><\/li>\n<li>Versi\u00f3n A &#8211; Tres d\u00edas a la izquierda, cuatro a la derecha &#8211; horizontal <a href=\"https:\/\/leatai.com\/es\/product\/formato-de-pagina-interna\/paginas-internas-a5-es\/lgp-tres-dias-a-la-izquierda-y-cuatro-dias-a-la-derecha-formato-horizontal-a25k\/\" target=\"_blank\" rel=\"noopener\">(LGP-Tres a la Izquierda, Cuatro a la Derecha Horizontal-A25K)<\/a><\/li>\n<li>Versi\u00f3n L &#8211; Tres d\u00edas a la izquierda, cuatro a la derecha &#8211; vertical <a href=\"https:\/\/leatai.com\/es\/product\/formato-de-pagina-interna\/paginas-internas-a5-es\/lgp-planificacion-semanal-izquierda-tres-derecha-cuatro-formato-vertical-l25k\/\" target=\"_blank\" rel=\"noopener\">(LGP-Tres a la Izquierda, Cuatro a la Derecha Semanal Vertical-L25K)<\/a><\/li>\n<li>Siete d\u00edas a la izquierda, espacio de notas a la derecha <a href=\"https:\/\/leatai.com\/es\/product\/formato-de-pagina-interna\/paginas-internas-a5-es\/lgp-izquierda-siete-derecha-notas-a25k\/\" target=\"_blank\" rel=\"noopener\">(LGP-Siete a la Izquierda, Notas a la Derecha-A25K)<\/a><\/li>\n<\/ol>\n<p>Empaque: Bolsa OPP (opcional)<br \/>\nM\u00e9todo de impresi\u00f3n del LOGO: Estampado en dorado, plateado o grabado en relieve<\/p>\n<p>Precio unitario<br \/>\n25K: 165 NTD<br \/>\n(Precio sin impuestos, incluye env\u00edo a una direcci\u00f3n en la isla de Taiw\u00e1n)<\/p>\n<p>Descripci\u00f3n del producto<br \/>\nEl modelo de producto de Leatai: LDO-014 se distingue del papel kraft tradicional. Esta agenda empresarial de hojas removibles utiliza un material ecol\u00f3gico que permite ver claramente las fibras del papel, manteniendo una estructura firme. Combinado con un dise\u00f1o funcional, resulta extremadamente pr\u00e1ctico.<\/p>\n<p>&nbsp;<\/p>\n<p>\ud83d\udcd6\u202fDiarios corporativos est\u00e1ndar: <a href=\"https:\/\/leatai.com\/es\/categoria-producto\/planificador-personalizado\/\" target=\"_blank\" rel=\"noopener\">Todos los modelos de la serie de diarios corporativos<\/a> \/ <a href=\"https:\/\/leatai.com\/es\/categoria-producto\/formato-de-pagina-interna\/\" target=\"_blank\" rel=\"noopener\">P\u00e1ginas interiores de diarios corporativos<\/a><br \/>\n\ud83d\udcd6\u202fPara m\u00e1s recomendaciones sobre libretas personalizadas o impresi\u00f3n de diarios corporativos personalizados, consulta:<br \/>\n<a href=\"https:\/\/leatai.com\/es\/categoria-producto\/varias-muestras-oem\/cuaderno-de-tapa-dura-oem\/\" target=\"_blank\" rel=\"noopener\">Cuaderno de tapa dura OEM<\/a><br \/>\n<a href=\"https:\/\/leatai.com\/es\/categoria-producto\/varias-muestras-oem\/cuaderno-de-hojas-sueltas-oem\/\" target=\"_blank\" rel=\"noopener\">Cuaderno de anillas OEM<\/a><br \/>\n<a href=\"https:\/\/leatai.com\/es\/categoria-producto\/varias-muestras-oem\/cuaderno-removible-oem\/\" target=\"_blank\" rel=\"noopener\">Cuaderno de hojas removibles OEM<\/a><br \/>\n<a href=\"https:\/\/leatai.com\/es\/categoria-producto\/varias-muestras-oem\/cuaderno-de-tapa-blanda-oem\/\" target=\"_blank\" rel=\"noopener\">Cuaderno de tapa blanda OEM<\/a><br \/>\n<a href=\"https:\/\/leatai.com\/es\/categoria-producto\/varias-muestras-oem\/cuaderno-de-espiral-oem\/\" target=\"_blank\" rel=\"noopener\">Cuaderno con espiral OEM<\/a><br \/>\n<a href=\"https:\/\/leatai.com\/es\/categoria-producto\/varias-muestras-oem\/calendario-oem-es\/\" target=\"_blank\" rel=\"noopener\">Mini calendarios personalizados arrancables OEM \/ Impresi\u00f3n personalizada de calendarios de escritorio<\/a><br \/>\n<a href=\"https:\/\/leatai.com\/es\/categoria-producto\/varias-muestras-oem\/oem-otros\/\" target=\"_blank\" rel=\"noopener\">Otros productos OEM personalizados<\/a><\/p>\n<p>&nbsp;<\/p>\n<p>\ud83d\udcd6\u202fPara una explicaci\u00f3n completa de los tama\u00f1os, consulta la gu\u00eda de tama\u00f1os de papel:<br \/>\n<a href=\"https:\/\/leatai.com\/es\/conocimiento-sobre-cuadernos\/guia-de-tamanos-de-papel-comprenda-los-tamanos-comunes-como-b3-a4-b5-8k-16k-y-mas-una-tabla-de-tamanos-completa-para-una-referencia-facil\/\" target=\"_blank\" rel=\"noopener\">Gu\u00eda de tama\u00f1os de papel: B3, A4, B5, 8K, 16K, etc. \u00bfC\u00f3mo se diferencian? \u00a1Una tabla clara para entenderlo de un vistazo!<\/a><\/p>\n<p><iframe title=\"How to DIY a removable notebook\" width=\"800\" height=\"450\" src=\"https:\/\/www.youtube.com\/embed\/OsLvh1PRzxo?feature=oembed&#038;enablejsapi=1&#038;origin=https:\/\/leatai.com\" frameborder=\"0\" allow=\"accelerometer; autoplay; clipboard-write; encrypted-media; gyroscope; picture-in-picture; web-share\" referrerpolicy=\"strict-origin-when-cross-origin\" allowfullscreen><\/iframe><\/p>\n<p>&nbsp;<\/p>\n","protected":false},"excerpt":{"rendered":"<p>Modelo del producto: LDO-014 Material de la cubierta: Papel kraft ecol\u00f3gico Color: Beige Especificaciones: 25K (20 anillas) (tama\u00f1o tipo agenda empresarial) Hojas interiores: Opciones compatibles para 25K: Versi\u00f3n A &#8211; Plan mensual con dise\u00f1o de notas (LGP-Plan Mensual con Notas-A25K) Versi\u00f3n L &#8211; Plan mensual con dise\u00f1o de notas (LGP-Plan Mensual con Notas-L25K) Versi\u00f3n A [&hellip;]<\/p>\n","protected":false},"featured_media":178716,"template":"","meta":{"_acf_changed":false},"product_brand":[],"product_cat":[705,861],"product_tag":[1494,1497],"home_works":[],"class_list":{"0":"post-178703","1":"product","2":"type-product","3":"status-publish","4":"has-post-thumbnail","6":"product_cat-cuaderno-extraible","7":"product_cat-productos-baratos","8":"product_tag-16k-es","9":"product_tag-25k-es","11":"first","12":"outofstock","13":"sold-individually","14":"shipping-taxable","15":"purchasable","16":"product-type-variable","17":"has-default-attributes"},"acf":[],"yoast_head":"<!-- This site is optimized with the Yoast SEO plugin v27.2 - https:\/\/yoast.com\/product\/yoast-seo-wordpress\/ -->\n<title>LDO-014 - La verdadera sencillez visible en la textura de sus fibras naturales.- Leatai \u2013 Fabricante de cuadernos personalizados<\/title>\n<meta name=\"description\" content=\"El modelo de producto de Leatai: LDO-014 se distingue del papel kraft tradicional. Esta agenda empresarial de hojas removibles utiliza un material ecol\u00f3gico que permite ver claramente las fibras del papel, manteniendo una estructura firme. Combinado con un dise\u00f1o funcional, resulta extremadamente pr\u00e1ctico.\" \/>\n<meta name=\"robots\" content=\"index, follow, max-snippet:-1, max-image-preview:large, max-video-preview:-1\" \/>\n<link rel=\"canonical\" href=\"https:\/\/leatai.com\/es\/product\/planificador-personalizado\/cuaderno-extraible\/ldo-014\/\" \/>\n<meta property=\"og:locale\" content=\"es_ES\" \/>\n<meta property=\"og:type\" content=\"article\" \/>\n<meta property=\"og:title\" content=\"LDO-014 - La verdadera sencillez visible en la textura de sus fibras naturales.- Leatai \u2013 Fabricante de cuadernos personalizados\" \/>\n<meta property=\"og:description\" content=\"El modelo de producto de Leatai: LDO-014 se distingue del papel kraft tradicional. Esta agenda empresarial de hojas removibles utiliza un material ecol\u00f3gico que permite ver claramente las fibras del papel, manteniendo una estructura firme. Combinado con un dise\u00f1o funcional, resulta extremadamente pr\u00e1ctico.\" \/>\n<meta property=\"og:url\" content=\"https:\/\/leatai.com\/es\/product\/planificador-personalizado\/cuaderno-extraible\/ldo-014\/\" \/>\n<meta property=\"og:site_name\" content=\"Leatai \u2013 Fabricante de cuadernos personalizados\" \/>\n<meta property=\"article:modified_time\" content=\"2025-04-16T06:21:15+00:00\" \/>\n<meta property=\"og:image\" content=\"https:\/\/leatai.com\/wp-content\/uploads\/1-32.jpg\" \/>\n\t<meta property=\"og:image:width\" content=\"1000\" \/>\n\t<meta property=\"og:image:height\" content=\"750\" \/>\n\t<meta property=\"og:image:type\" content=\"image\/jpeg\" \/>\n<meta name=\"twitter:card\" content=\"summary_large_image\" \/>\n<meta name=\"twitter:label1\" content=\"Tiempo de lectura\" \/>\n\t<meta name=\"twitter:data1\" content=\"2 minutos\" \/>\n<script type=\"application\/ld+json\" class=\"yoast-schema-graph\">{\"@context\":\"https:\/\/schema.org\",\"@graph\":[{\"@type\":\"WebPage\",\"@id\":\"https:\/\/leatai.com\/es\/product\/planificador-personalizado\/cuaderno-extraible\/ldo-014\/\",\"url\":\"https:\/\/leatai.com\/es\/product\/planificador-personalizado\/cuaderno-extraible\/ldo-014\/\",\"name\":\"LDO-014 - La verdadera sencillez visible en la textura de sus fibras naturales.- Leatai \u2013 Fabricante de cuadernos personalizados\",\"isPartOf\":{\"@id\":\"https:\/\/leatai.com\/es\/#website\"},\"primaryImageOfPage\":{\"@id\":\"https:\/\/leatai.com\/es\/product\/planificador-personalizado\/cuaderno-extraible\/ldo-014\/#primaryimage\"},\"image\":{\"@id\":\"https:\/\/leatai.com\/es\/product\/planificador-personalizado\/cuaderno-extraible\/ldo-014\/#primaryimage\"},\"thumbnailUrl\":\"https:\/\/leatai.com\/wp-content\/uploads\/1-32.jpg\",\"datePublished\":\"2021-08-25T07:34:26+00:00\",\"dateModified\":\"2025-04-16T06:21:15+00:00\",\"description\":\"El modelo de producto de Leatai: LDO-014 se distingue del papel kraft tradicional. Esta agenda empresarial de hojas removibles utiliza un material ecol\u00f3gico que permite ver claramente las fibras del papel, manteniendo una estructura firme. Combinado con un dise\u00f1o funcional, resulta extremadamente pr\u00e1ctico.\",\"breadcrumb\":{\"@id\":\"https:\/\/leatai.com\/es\/product\/planificador-personalizado\/cuaderno-extraible\/ldo-014\/#breadcrumb\"},\"inLanguage\":\"es\",\"potentialAction\":[{\"@type\":\"ReadAction\",\"target\":[\"https:\/\/leatai.com\/es\/product\/planificador-personalizado\/cuaderno-extraible\/ldo-014\/\"]}]},{\"@type\":\"ImageObject\",\"inLanguage\":\"es\",\"@id\":\"https:\/\/leatai.com\/es\/product\/planificador-personalizado\/cuaderno-extraible\/ldo-014\/#primaryimage\",\"url\":\"https:\/\/leatai.com\/wp-content\/uploads\/1-32.jpg\",\"contentUrl\":\"https:\/\/leatai.com\/wp-content\/uploads\/1-32.jpg\",\"width\":1000,\"height\":750},{\"@type\":\"BreadcrumbList\",\"@id\":\"https:\/\/leatai.com\/es\/product\/planificador-personalizado\/cuaderno-extraible\/ldo-014\/#breadcrumb\",\"itemListElement\":[{\"@type\":\"ListItem\",\"position\":1,\"name\":\"Home\",\"item\":\"https:\/\/leatai.com\/es\/\"},{\"@type\":\"ListItem\",\"position\":2,\"name\":\"Presentaci\u00f3n de productos\",\"item\":\"https:\/\/leatai.com\/products\/\"},{\"@type\":\"ListItem\",\"position\":3,\"name\":\"Productos Baratos\",\"item\":\"https:\/\/leatai.com\/es\/categoria-producto\/productos-baratos\/\"},{\"@type\":\"ListItem\",\"position\":4,\"name\":\"LDO-014\"}]},{\"@type\":\"WebSite\",\"@id\":\"https:\/\/leatai.com\/es\/#website\",\"url\":\"https:\/\/leatai.com\/es\/\",\"name\":\"Leatai \u2013 Fabricante de cuadernos personalizados\",\"description\":\"Leatai ofrece cuadernos y planificadores personalizados para marcas y distribuidores globales.\",\"publisher\":{\"@id\":\"https:\/\/leatai.com\/es\/#organization\"},\"potentialAction\":[{\"@type\":\"SearchAction\",\"target\":{\"@type\":\"EntryPoint\",\"urlTemplate\":\"https:\/\/leatai.com\/es\/?s={search_term_string}\"},\"query-input\":{\"@type\":\"PropertyValueSpecification\",\"valueRequired\":true,\"valueName\":\"search_term_string\"}}],\"inLanguage\":\"es\"},{\"@type\":\"Organization\",\"@id\":\"https:\/\/leatai.com\/es\/#organization\",\"name\":\"Leatai Diary, customized journal and business organizer\",\"url\":\"https:\/\/leatai.com\/es\/\",\"logo\":{\"@type\":\"ImageObject\",\"inLanguage\":\"es\",\"@id\":\"https:\/\/leatai.com\/es\/#\/schema\/logo\/image\/\",\"url\":\"https:\/\/leatai.com\/wp-content\/uploads\/logo-blue.png\",\"contentUrl\":\"https:\/\/leatai.com\/wp-content\/uploads\/logo-blue.png\",\"width\":230,\"height\":60,\"caption\":\"Leatai Diary, customized journal and business organizer\"},\"image\":{\"@id\":\"https:\/\/leatai.com\/es\/#\/schema\/logo\/image\/\"},\"telephone\":\"+886-2-8227-8800\",\"legalName\":\"Leatai Stationary Co., Ltd.\",\"description\":\"A leading notebook factory in Taiwan offering bespoke branding, high-quality binding, and premium paper selections for corporate gifts and stationery wholesale.\",\"address\":{\"@type\":\"PostalAddress\",\"streetAddress\":\"11F., No. 168, Jiankang Rd.\",\"addressLocality\":\"Zhonghe Dist.\",\"addressRegion\":\"New Taipei City\",\"postalCode\":\"235\",\"addressCountry\":\"TW\"},\"contactPoint\":{\"@type\":\"ContactPoint\",\"telephone\":\"+886-2-8227-8800\",\"contactType\":\"sales\",\"areaServed\":\"Worldwide\",\"availableLanguage\":[\"zh-TW\",\"en\"]}}]}<\/script>\n<!-- \/ Yoast SEO plugin. -->","yoast_head_json":{"title":"LDO-014 - La verdadera sencillez visible en la textura de sus fibras naturales.- Leatai \u2013 Fabricante de cuadernos personalizados","description":"El modelo de producto de Leatai: LDO-014 se distingue del papel kraft tradicional. Esta agenda empresarial de hojas removibles utiliza un material ecol\u00f3gico que permite ver claramente las fibras del papel, manteniendo una estructura firme. Combinado con un dise\u00f1o funcional, resulta extremadamente pr\u00e1ctico.","robots":{"index":"index","follow":"follow","max-snippet":"max-snippet:-1","max-image-preview":"max-image-preview:large","max-video-preview":"max-video-preview:-1"},"canonical":"https:\/\/leatai.com\/es\/product\/planificador-personalizado\/cuaderno-extraible\/ldo-014\/","og_locale":"es_ES","og_type":"article","og_title":"LDO-014 - La verdadera sencillez visible en la textura de sus fibras naturales.- Leatai \u2013 Fabricante de cuadernos personalizados","og_description":"El modelo de producto de Leatai: LDO-014 se distingue del papel kraft tradicional. Esta agenda empresarial de hojas removibles utiliza un material ecol\u00f3gico que permite ver claramente las fibras del papel, manteniendo una estructura firme. Combinado con un dise\u00f1o funcional, resulta extremadamente pr\u00e1ctico.","og_url":"https:\/\/leatai.com\/es\/product\/planificador-personalizado\/cuaderno-extraible\/ldo-014\/","og_site_name":"Leatai \u2013 Fabricante de cuadernos personalizados","article_modified_time":"2025-04-16T06:21:15+00:00","og_image":[{"width":1000,"height":750,"url":"https:\/\/leatai.com\/wp-content\/uploads\/1-32.jpg","type":"image\/jpeg"}],"twitter_card":"summary_large_image","twitter_misc":{"Tiempo de lectura":"2 minutos"},"schema":{"@context":"https:\/\/schema.org","@graph":[{"@type":"WebPage","@id":"https:\/\/leatai.com\/es\/product\/planificador-personalizado\/cuaderno-extraible\/ldo-014\/","url":"https:\/\/leatai.com\/es\/product\/planificador-personalizado\/cuaderno-extraible\/ldo-014\/","name":"LDO-014 - La verdadera sencillez visible en la textura de sus fibras naturales.- Leatai \u2013 Fabricante de cuadernos personalizados","isPartOf":{"@id":"https:\/\/leatai.com\/es\/#website"},"primaryImageOfPage":{"@id":"https:\/\/leatai.com\/es\/product\/planificador-personalizado\/cuaderno-extraible\/ldo-014\/#primaryimage"},"image":{"@id":"https:\/\/leatai.com\/es\/product\/planificador-personalizado\/cuaderno-extraible\/ldo-014\/#primaryimage"},"thumbnailUrl":"https:\/\/leatai.com\/wp-content\/uploads\/1-32.jpg","datePublished":"2021-08-25T07:34:26+00:00","dateModified":"2025-04-16T06:21:15+00:00","description":"El modelo de producto de Leatai: LDO-014 se distingue del papel kraft tradicional. Esta agenda empresarial de hojas removibles utiliza un material ecol\u00f3gico que permite ver claramente las fibras del papel, manteniendo una estructura firme. Combinado con un dise\u00f1o funcional, resulta extremadamente pr\u00e1ctico.","breadcrumb":{"@id":"https:\/\/leatai.com\/es\/product\/planificador-personalizado\/cuaderno-extraible\/ldo-014\/#breadcrumb"},"inLanguage":"es","potentialAction":[{"@type":"ReadAction","target":["https:\/\/leatai.com\/es\/product\/planificador-personalizado\/cuaderno-extraible\/ldo-014\/"]}]},{"@type":"ImageObject","inLanguage":"es","@id":"https:\/\/leatai.com\/es\/product\/planificador-personalizado\/cuaderno-extraible\/ldo-014\/#primaryimage","url":"https:\/\/leatai.com\/wp-content\/uploads\/1-32.jpg","contentUrl":"https:\/\/leatai.com\/wp-content\/uploads\/1-32.jpg","width":1000,"height":750},{"@type":"BreadcrumbList","@id":"https:\/\/leatai.com\/es\/product\/planificador-personalizado\/cuaderno-extraible\/ldo-014\/#breadcrumb","itemListElement":[{"@type":"ListItem","position":1,"name":"Home","item":"https:\/\/leatai.com\/es\/"},{"@type":"ListItem","position":2,"name":"Presentaci\u00f3n de productos","item":"https:\/\/leatai.com\/products\/"},{"@type":"ListItem","position":3,"name":"Productos Baratos","item":"https:\/\/leatai.com\/es\/categoria-producto\/productos-baratos\/"},{"@type":"ListItem","position":4,"name":"LDO-014"}]},{"@type":"WebSite","@id":"https:\/\/leatai.com\/es\/#website","url":"https:\/\/leatai.com\/es\/","name":"Leatai \u2013 Fabricante de cuadernos personalizados","description":"Leatai ofrece cuadernos y planificadores personalizados para marcas y distribuidores globales.","publisher":{"@id":"https:\/\/leatai.com\/es\/#organization"},"potentialAction":[{"@type":"SearchAction","target":{"@type":"EntryPoint","urlTemplate":"https:\/\/leatai.com\/es\/?s={search_term_string}"},"query-input":{"@type":"PropertyValueSpecification","valueRequired":true,"valueName":"search_term_string"}}],"inLanguage":"es"},{"@type":"Organization","@id":"https:\/\/leatai.com\/es\/#organization","name":"Leatai Diary, customized journal and business organizer","url":"https:\/\/leatai.com\/es\/","logo":{"@type":"ImageObject","inLanguage":"es","@id":"https:\/\/leatai.com\/es\/#\/schema\/logo\/image\/","url":"https:\/\/leatai.com\/wp-content\/uploads\/logo-blue.png","contentUrl":"https:\/\/leatai.com\/wp-content\/uploads\/logo-blue.png","width":230,"height":60,"caption":"Leatai Diary, customized journal and business organizer"},"image":{"@id":"https:\/\/leatai.com\/es\/#\/schema\/logo\/image\/"},"telephone":"+886-2-8227-8800","legalName":"Leatai Stationary Co., Ltd.","description":"A leading notebook factory in Taiwan offering bespoke branding, high-quality binding, and premium paper selections for corporate gifts and stationery wholesale.","address":{"@type":"PostalAddress","streetAddress":"11F., No. 168, Jiankang Rd.","addressLocality":"Zhonghe Dist.","addressRegion":"New Taipei City","postalCode":"235","addressCountry":"TW"},"contactPoint":{"@type":"ContactPoint","telephone":"+886-2-8227-8800","contactType":"sales","areaServed":"Worldwide","availableLanguage":["zh-TW","en"]}}]}},"_links":{"self":[{"href":"https:\/\/leatai.com\/es\/wp-json\/wp\/v2\/product\/178703","targetHints":{"allow":["GET"]}}],"collection":[{"href":"https:\/\/leatai.com\/es\/wp-json\/wp\/v2\/product"}],"about":[{"href":"https:\/\/leatai.com\/es\/wp-json\/wp\/v2\/types\/product"}],"wp:featuredmedia":[{"embeddable":true,"href":"https:\/\/leatai.com\/es\/wp-json\/wp\/v2\/media\/178716"}],"wp:attachment":[{"href":"https:\/\/leatai.com\/es\/wp-json\/wp\/v2\/media?parent=178703"}],"wp:term":[{"taxonomy":"product_brand","embeddable":true,"href":"https:\/\/leatai.com\/es\/wp-json\/wp\/v2\/product_brand?post=178703"},{"taxonomy":"product_cat","embeddable":true,"href":"https:\/\/leatai.com\/es\/wp-json\/wp\/v2\/product_cat?post=178703"},{"taxonomy":"product_tag","embeddable":true,"href":"https:\/\/leatai.com\/es\/wp-json\/wp\/v2\/product_tag?post=178703"},{"taxonomy":"home_works","embeddable":true,"href":"https:\/\/leatai.com\/es\/wp-json\/wp\/v2\/home_works?post=178703"}],"curies":[{"name":"wp","href":"https:\/\/api.w.org\/{rel}","templated":true}]}}