{"id":176212,"date":"2023-05-22T16:31:35","date_gmt":"2023-05-22T08:31:35","guid":{"rendered":"https:\/\/leatai.com\/product\/sin%20categor\u00eda\/caja-de-regalo-con-cuaderno-04\/"},"modified":"2025-04-30T10:10:03","modified_gmt":"2025-04-30T02:10:03","slug":"caja-de-regalo-con-cuaderno-04","status":"publish","type":"product","link":"https:\/\/leatai.com\/es\/product\/planificador-personalizado\/juego-de-regalo\/caja-de-regalo-con-cuaderno-04\/","title":{"rendered":"Caja de regalo con cuaderno- 04"},"content":{"rendered":"<p>Modelo de producto: Caja de regalo con cuaderno &#8211; 04<br \/>\nMaterial de la caja: Papel japon\u00e9s tipo durazno<br \/>\nColor de la caja: Marr\u00f3n<br \/>\nDimensiones de la caja: Largo 23.3 cm x Ancho 25.2 cm x Alto 2.7 cm (cuando est\u00e1 cerrada)<br \/>\nContenido: Cuaderno de tapa dura personalizado tama\u00f1o 25K \/ Cuaderno de hojas removibles personalizado (uno a elegir) + Bol\u00edgrafo de tinta gel de alta gama (uno a elegir)<br \/>\nTama\u00f1os de cuaderno: 16K \/ 25K \/ 48K<a href=\"https:\/\/leatai.com\/es\/faq\/cuales-son-los-tamanos-de-planificadores-8k-16k-y-25k-que-tan-grandes-son\/\" target=\"_blank\" rel=\"noopener\"> (tama\u00f1os comunes)<\/a><br \/>\nBol\u00edgrafo de tinta gel de alta gama:<a href=\"https:\/\/leatai.com\/es\/product\/planificador-personalizado\/juego-de-regalo\/boligrafo-roller-de-fibra-de-carbono-de-alta-gama-1\/\" target=\"_blank\" rel=\"noopener\"> 01<\/a> \/ <a href=\"https:\/\/leatai.com\/es\/product\/planificador-personalizado\/juego-de-regalo\/boligrafo-roller-de-alta-gama-2\/\" target=\"_blank\" rel=\"noopener\">02<\/a> \/ <a href=\"https:\/\/leatai.com\/es\/product\/planificador-personalizado\/juego-de-regalo\/boligrafo-roller-de-alta-gama-3\/\" target=\"_blank\" rel=\"noopener\">03<\/a> (uno a elegir)<br \/>\nEmbalaje: Cinta de raso \/ Papel kraft (opcional)<br \/>\nM\u00e9todo de aplicaci\u00f3n del logotipo: Estampado en oro, estampado en plata, grabado<\/p>\n<p>Descripci\u00f3n del producto<br \/>\nModelo de producto Leatai: Caja de regalo con cuaderno hecha con papel tipo durazno, en un elegante color marr\u00f3n con una textura delicada al tacto, que a\u00f1ade una sensaci\u00f3n de calidad inmediata al recibirla. Incluye un cuaderno personalizado y un bol\u00edgrafo de tinta gel de alta gama. Con cierre magn\u00e9tico lateral, es la opci\u00f3n ideal para regalar con estilo.<\/p>\n<p>&nbsp;<\/p>\n<p>\ud83d\udcd6\u202fDiarios corporativos est\u00e1ndar: <a href=\"https:\/\/leatai.com\/es\/categoria-producto\/planificador-personalizado\/\" target=\"_blank\" rel=\"noopener\">Todos los modelos de la serie de diarios corporativos<\/a> \/ <a href=\"https:\/\/leatai.com\/es\/categoria-producto\/formato-de-pagina-interna\/\" target=\"_blank\" rel=\"noopener\">P\u00e1ginas interiores de diarios corporativos<\/a><br \/>\n\ud83d\udcd6\u202fPara m\u00e1s recomendaciones sobre libretas personalizadas o impresi\u00f3n de diarios corporativos personalizados, consulta:<br \/>\n<a href=\"https:\/\/leatai.com\/es\/categoria-producto\/varias-muestras-oem\/cuaderno-de-tapa-dura-oem\/\" target=\"_blank\" rel=\"noopener\">Cuaderno de tapa dura OEM<\/a><br \/>\n<a href=\"https:\/\/leatai.com\/es\/categoria-producto\/varias-muestras-oem\/cuaderno-de-hojas-sueltas-oem\/\" target=\"_blank\" rel=\"noopener\">Cuaderno de anillas OEM<\/a><br \/>\n<a href=\"https:\/\/leatai.com\/es\/categoria-producto\/varias-muestras-oem\/cuaderno-removible-oem\/\" target=\"_blank\" rel=\"noopener\">Cuaderno de hojas removibles OEM<\/a><br \/>\n<a href=\"https:\/\/leatai.com\/es\/categoria-producto\/varias-muestras-oem\/cuaderno-de-tapa-blanda-oem\/\" target=\"_blank\" rel=\"noopener\">Cuaderno de tapa blanda OEM<\/a><br \/>\n<a href=\"https:\/\/leatai.com\/es\/categoria-producto\/varias-muestras-oem\/cuaderno-de-espiral-oem\/\" target=\"_blank\" rel=\"noopener\">Cuaderno con espiral OEM<\/a><br \/>\n<a href=\"https:\/\/leatai.com\/es\/categoria-producto\/varias-muestras-oem\/calendario-oem-es\/\" target=\"_blank\" rel=\"noopener\">Mini calendarios personalizados arrancables OEM \/ Impresi\u00f3n personalizada de calendarios de escritorio<\/a><br \/>\n<a href=\"https:\/\/leatai.com\/es\/categoria-producto\/varias-muestras-oem\/oem-otros\/\" target=\"_blank\" rel=\"noopener\">Otros productos OEM personalizados<\/a><\/p>\n<p>&nbsp;<\/p>\n<p>\ud83d\udcd6\u202fPara una explicaci\u00f3n completa de los tama\u00f1os, consulta la gu\u00eda de tama\u00f1os de papel:<br \/>\n<a href=\"https:\/\/leatai.com\/es\/conocimiento-sobre-cuadernos\/guia-de-tamanos-de-papel-comprenda-los-tamanos-comunes-como-b3-a4-b5-8k-16k-y-mas-una-tabla-de-tamanos-completa-para-una-referencia-facil\/\" target=\"_blank\" rel=\"noopener\">Gu\u00eda de tama\u00f1os de papel: B3, A4, B5, 8K, 16K, etc. \u00bfC\u00f3mo se diferencian? \u00a1Una tabla clara para entenderlo de un vistazo!<\/a><\/p>\n","protected":false},"excerpt":{"rendered":"<p>Modelo de producto: Caja de regalo con cuaderno &#8211; 04 Material de la caja: Papel japon\u00e9s tipo durazno Color de la caja: Marr\u00f3n Dimensiones de la caja: Largo 23.3 cm x Ancho 25.2 cm x Alto 2.7 cm (cuando est\u00e1 cerrada) Contenido: Cuaderno de tapa dura personalizado tama\u00f1o 25K \/ Cuaderno de hojas removibles personalizado [&hellip;]<\/p>\n","protected":false},"featured_media":176213,"template":"","meta":{"_acf_changed":false},"product_brand":[],"product_cat":[722],"product_tag":[1511],"home_works":[],"class_list":{"0":"post-176212","1":"product","2":"type-product","3":"status-publish","4":"has-post-thumbnail","6":"product_cat-juego-de-regalo","7":"product_tag-caja-de-regalo-con-cuaderno","9":"first","10":"outofstock","11":"sold-individually","12":"shipping-taxable","13":"purchasable","14":"product-type-variable","15":"has-default-attributes"},"acf":[],"yoast_head":"<!-- This site is optimized with the Yoast SEO plugin v27.2 - https:\/\/yoast.com\/product\/yoast-seo-wordpress\/ -->\n<title>Caja de regalo con cuaderno personalizado - La delicada textura del papel japon\u00e9s tipo durazno - Leatai \u2013 Fabricante de cuadernos personalizados<\/title>\n<meta name=\"description\" content=\"Modelo de producto Leatai: Caja de regalo con cuaderno hecha con papel tipo durazno, en un sobrio color marr\u00f3n con una textura delicada al tacto, que realza su valor desde el primer momento en que se recibe. Incluye un cuaderno personalizado y un bol\u00edgrafo de tinta gel de alta gama. Con cierre magn\u00e9tico lateral, es la opci\u00f3n preferida para regalar con elegancia.\" \/>\n<meta name=\"robots\" content=\"index, follow, max-snippet:-1, max-image-preview:large, max-video-preview:-1\" \/>\n<link rel=\"canonical\" href=\"https:\/\/leatai.com\/es\/product\/planificador-personalizado\/juego-de-regalo\/caja-de-regalo-con-cuaderno-04\/\" \/>\n<meta property=\"og:locale\" content=\"es_ES\" \/>\n<meta property=\"og:type\" content=\"article\" \/>\n<meta property=\"og:title\" content=\"Caja de regalo con cuaderno personalizado - La delicada textura del papel japon\u00e9s tipo durazno - Leatai \u2013 Fabricante de cuadernos personalizados\" \/>\n<meta property=\"og:description\" content=\"Modelo de producto Leatai: Caja de regalo con cuaderno hecha con papel tipo durazno, en un sobrio color marr\u00f3n con una textura delicada al tacto, que realza su valor desde el primer momento en que se recibe. Incluye un cuaderno personalizado y un bol\u00edgrafo de tinta gel de alta gama. Con cierre magn\u00e9tico lateral, es la opci\u00f3n preferida para regalar con elegancia.\" \/>\n<meta property=\"og:url\" content=\"https:\/\/leatai.com\/es\/product\/planificador-personalizado\/juego-de-regalo\/caja-de-regalo-con-cuaderno-04\/\" \/>\n<meta property=\"og:site_name\" content=\"Leatai \u2013 Fabricante de cuadernos personalizados\" \/>\n<meta property=\"article:modified_time\" content=\"2025-04-30T02:10:03+00:00\" \/>\n<meta property=\"og:image\" content=\"https:\/\/leatai.com\/wp-content\/uploads\/DSC_0696.jpg\" \/>\n\t<meta property=\"og:image:width\" content=\"1000\" \/>\n\t<meta property=\"og:image:height\" content=\"750\" \/>\n\t<meta property=\"og:image:type\" content=\"image\/jpeg\" \/>\n<meta name=\"twitter:card\" content=\"summary_large_image\" \/>\n<meta name=\"twitter:label1\" content=\"Tiempo de lectura\" \/>\n\t<meta name=\"twitter:data1\" content=\"2 minutos\" \/>\n<script type=\"application\/ld+json\" class=\"yoast-schema-graph\">{\"@context\":\"https:\/\/schema.org\",\"@graph\":[{\"@type\":\"WebPage\",\"@id\":\"https:\/\/leatai.com\/es\/product\/planificador-personalizado\/juego-de-regalo\/caja-de-regalo-con-cuaderno-04\/\",\"url\":\"https:\/\/leatai.com\/es\/product\/planificador-personalizado\/juego-de-regalo\/caja-de-regalo-con-cuaderno-04\/\",\"name\":\"Caja de regalo con cuaderno personalizado - La delicada textura del papel japon\u00e9s tipo durazno - Leatai \u2013 Fabricante de cuadernos personalizados\",\"isPartOf\":{\"@id\":\"https:\/\/leatai.com\/es\/#website\"},\"primaryImageOfPage\":{\"@id\":\"https:\/\/leatai.com\/es\/product\/planificador-personalizado\/juego-de-regalo\/caja-de-regalo-con-cuaderno-04\/#primaryimage\"},\"image\":{\"@id\":\"https:\/\/leatai.com\/es\/product\/planificador-personalizado\/juego-de-regalo\/caja-de-regalo-con-cuaderno-04\/#primaryimage\"},\"thumbnailUrl\":\"https:\/\/leatai.com\/wp-content\/uploads\/DSC_0696.jpg\",\"datePublished\":\"2023-05-22T08:31:35+00:00\",\"dateModified\":\"2025-04-30T02:10:03+00:00\",\"description\":\"Modelo de producto Leatai: Caja de regalo con cuaderno hecha con papel tipo durazno, en un sobrio color marr\u00f3n con una textura delicada al tacto, que realza su valor desde el primer momento en que se recibe. Incluye un cuaderno personalizado y un bol\u00edgrafo de tinta gel de alta gama. Con cierre magn\u00e9tico lateral, es la opci\u00f3n preferida para regalar con elegancia.\",\"breadcrumb\":{\"@id\":\"https:\/\/leatai.com\/es\/product\/planificador-personalizado\/juego-de-regalo\/caja-de-regalo-con-cuaderno-04\/#breadcrumb\"},\"inLanguage\":\"es\",\"potentialAction\":[{\"@type\":\"ReadAction\",\"target\":[\"https:\/\/leatai.com\/es\/product\/planificador-personalizado\/juego-de-regalo\/caja-de-regalo-con-cuaderno-04\/\"]}]},{\"@type\":\"ImageObject\",\"inLanguage\":\"es\",\"@id\":\"https:\/\/leatai.com\/es\/product\/planificador-personalizado\/juego-de-regalo\/caja-de-regalo-con-cuaderno-04\/#primaryimage\",\"url\":\"https:\/\/leatai.com\/wp-content\/uploads\/DSC_0696.jpg\",\"contentUrl\":\"https:\/\/leatai.com\/wp-content\/uploads\/DSC_0696.jpg\",\"width\":1000,\"height\":750,\"caption\":\"Caja de regalo con cuaderno\"},{\"@type\":\"BreadcrumbList\",\"@id\":\"https:\/\/leatai.com\/es\/product\/planificador-personalizado\/juego-de-regalo\/caja-de-regalo-con-cuaderno-04\/#breadcrumb\",\"itemListElement\":[{\"@type\":\"ListItem\",\"position\":1,\"name\":\"Home\",\"item\":\"https:\/\/leatai.com\/es\/\"},{\"@type\":\"ListItem\",\"position\":2,\"name\":\"Presentaci\u00f3n de productos\",\"item\":\"https:\/\/leatai.com\/products\/\"},{\"@type\":\"ListItem\",\"position\":3,\"name\":\"Planificador Personalizado\",\"item\":\"https:\/\/leatai.com\/es\/categoria-producto\/planificador-personalizado\/\"},{\"@type\":\"ListItem\",\"position\":4,\"name\":\"Juego de Regalo\",\"item\":\"https:\/\/leatai.com\/es\/categoria-producto\/planificador-personalizado\/juego-de-regalo\/\"},{\"@type\":\"ListItem\",\"position\":5,\"name\":\"Caja de regalo con cuaderno- 04\"}]},{\"@type\":\"WebSite\",\"@id\":\"https:\/\/leatai.com\/es\/#website\",\"url\":\"https:\/\/leatai.com\/es\/\",\"name\":\"Leatai \u2013 Fabricante de cuadernos personalizados\",\"description\":\"Leatai ofrece cuadernos y planificadores personalizados para marcas y distribuidores globales.\",\"publisher\":{\"@id\":\"https:\/\/leatai.com\/es\/#organization\"},\"potentialAction\":[{\"@type\":\"SearchAction\",\"target\":{\"@type\":\"EntryPoint\",\"urlTemplate\":\"https:\/\/leatai.com\/es\/?s={search_term_string}\"},\"query-input\":{\"@type\":\"PropertyValueSpecification\",\"valueRequired\":true,\"valueName\":\"search_term_string\"}}],\"inLanguage\":\"es\"},{\"@type\":\"Organization\",\"@id\":\"https:\/\/leatai.com\/es\/#organization\",\"name\":\"Leatai Diary, customized journal and business organizer\",\"url\":\"https:\/\/leatai.com\/es\/\",\"logo\":{\"@type\":\"ImageObject\",\"inLanguage\":\"es\",\"@id\":\"https:\/\/leatai.com\/es\/#\/schema\/logo\/image\/\",\"url\":\"https:\/\/leatai.com\/wp-content\/uploads\/logo-blue.png\",\"contentUrl\":\"https:\/\/leatai.com\/wp-content\/uploads\/logo-blue.png\",\"width\":230,\"height\":60,\"caption\":\"Leatai Diary, customized journal and business organizer\"},\"image\":{\"@id\":\"https:\/\/leatai.com\/es\/#\/schema\/logo\/image\/\"},\"telephone\":\"+886-2-8227-8800\",\"legalName\":\"Leatai Stationary Co., Ltd.\",\"description\":\"A leading notebook factory in Taiwan offering bespoke branding, high-quality binding, and premium paper selections for corporate gifts and stationery wholesale.\",\"address\":{\"@type\":\"PostalAddress\",\"streetAddress\":\"11F., No. 168, Jiankang Rd.\",\"addressLocality\":\"Zhonghe Dist.\",\"addressRegion\":\"New Taipei City\",\"postalCode\":\"235\",\"addressCountry\":\"TW\"},\"contactPoint\":{\"@type\":\"ContactPoint\",\"telephone\":\"+886-2-8227-8800\",\"contactType\":\"sales\",\"areaServed\":\"Worldwide\",\"availableLanguage\":[\"zh-TW\",\"en\"]}}]}<\/script>\n<!-- \/ Yoast SEO plugin. -->","yoast_head_json":{"title":"Caja de regalo con cuaderno personalizado - La delicada textura del papel japon\u00e9s tipo durazno - Leatai \u2013 Fabricante de cuadernos personalizados","description":"Modelo de producto Leatai: Caja de regalo con cuaderno hecha con papel tipo durazno, en un sobrio color marr\u00f3n con una textura delicada al tacto, que realza su valor desde el primer momento en que se recibe. Incluye un cuaderno personalizado y un bol\u00edgrafo de tinta gel de alta gama. Con cierre magn\u00e9tico lateral, es la opci\u00f3n preferida para regalar con elegancia.","robots":{"index":"index","follow":"follow","max-snippet":"max-snippet:-1","max-image-preview":"max-image-preview:large","max-video-preview":"max-video-preview:-1"},"canonical":"https:\/\/leatai.com\/es\/product\/planificador-personalizado\/juego-de-regalo\/caja-de-regalo-con-cuaderno-04\/","og_locale":"es_ES","og_type":"article","og_title":"Caja de regalo con cuaderno personalizado - La delicada textura del papel japon\u00e9s tipo durazno - Leatai \u2013 Fabricante de cuadernos personalizados","og_description":"Modelo de producto Leatai: Caja de regalo con cuaderno hecha con papel tipo durazno, en un sobrio color marr\u00f3n con una textura delicada al tacto, que realza su valor desde el primer momento en que se recibe. Incluye un cuaderno personalizado y un bol\u00edgrafo de tinta gel de alta gama. Con cierre magn\u00e9tico lateral, es la opci\u00f3n preferida para regalar con elegancia.","og_url":"https:\/\/leatai.com\/es\/product\/planificador-personalizado\/juego-de-regalo\/caja-de-regalo-con-cuaderno-04\/","og_site_name":"Leatai \u2013 Fabricante de cuadernos personalizados","article_modified_time":"2025-04-30T02:10:03+00:00","og_image":[{"width":1000,"height":750,"url":"https:\/\/leatai.com\/wp-content\/uploads\/DSC_0696.jpg","type":"image\/jpeg"}],"twitter_card":"summary_large_image","twitter_misc":{"Tiempo de lectura":"2 minutos"},"schema":{"@context":"https:\/\/schema.org","@graph":[{"@type":"WebPage","@id":"https:\/\/leatai.com\/es\/product\/planificador-personalizado\/juego-de-regalo\/caja-de-regalo-con-cuaderno-04\/","url":"https:\/\/leatai.com\/es\/product\/planificador-personalizado\/juego-de-regalo\/caja-de-regalo-con-cuaderno-04\/","name":"Caja de regalo con cuaderno personalizado - La delicada textura del papel japon\u00e9s tipo durazno - Leatai \u2013 Fabricante de cuadernos personalizados","isPartOf":{"@id":"https:\/\/leatai.com\/es\/#website"},"primaryImageOfPage":{"@id":"https:\/\/leatai.com\/es\/product\/planificador-personalizado\/juego-de-regalo\/caja-de-regalo-con-cuaderno-04\/#primaryimage"},"image":{"@id":"https:\/\/leatai.com\/es\/product\/planificador-personalizado\/juego-de-regalo\/caja-de-regalo-con-cuaderno-04\/#primaryimage"},"thumbnailUrl":"https:\/\/leatai.com\/wp-content\/uploads\/DSC_0696.jpg","datePublished":"2023-05-22T08:31:35+00:00","dateModified":"2025-04-30T02:10:03+00:00","description":"Modelo de producto Leatai: Caja de regalo con cuaderno hecha con papel tipo durazno, en un sobrio color marr\u00f3n con una textura delicada al tacto, que realza su valor desde el primer momento en que se recibe. Incluye un cuaderno personalizado y un bol\u00edgrafo de tinta gel de alta gama. Con cierre magn\u00e9tico lateral, es la opci\u00f3n preferida para regalar con elegancia.","breadcrumb":{"@id":"https:\/\/leatai.com\/es\/product\/planificador-personalizado\/juego-de-regalo\/caja-de-regalo-con-cuaderno-04\/#breadcrumb"},"inLanguage":"es","potentialAction":[{"@type":"ReadAction","target":["https:\/\/leatai.com\/es\/product\/planificador-personalizado\/juego-de-regalo\/caja-de-regalo-con-cuaderno-04\/"]}]},{"@type":"ImageObject","inLanguage":"es","@id":"https:\/\/leatai.com\/es\/product\/planificador-personalizado\/juego-de-regalo\/caja-de-regalo-con-cuaderno-04\/#primaryimage","url":"https:\/\/leatai.com\/wp-content\/uploads\/DSC_0696.jpg","contentUrl":"https:\/\/leatai.com\/wp-content\/uploads\/DSC_0696.jpg","width":1000,"height":750,"caption":"Caja de regalo con cuaderno"},{"@type":"BreadcrumbList","@id":"https:\/\/leatai.com\/es\/product\/planificador-personalizado\/juego-de-regalo\/caja-de-regalo-con-cuaderno-04\/#breadcrumb","itemListElement":[{"@type":"ListItem","position":1,"name":"Home","item":"https:\/\/leatai.com\/es\/"},{"@type":"ListItem","position":2,"name":"Presentaci\u00f3n de productos","item":"https:\/\/leatai.com\/products\/"},{"@type":"ListItem","position":3,"name":"Planificador Personalizado","item":"https:\/\/leatai.com\/es\/categoria-producto\/planificador-personalizado\/"},{"@type":"ListItem","position":4,"name":"Juego de Regalo","item":"https:\/\/leatai.com\/es\/categoria-producto\/planificador-personalizado\/juego-de-regalo\/"},{"@type":"ListItem","position":5,"name":"Caja de regalo con cuaderno- 04"}]},{"@type":"WebSite","@id":"https:\/\/leatai.com\/es\/#website","url":"https:\/\/leatai.com\/es\/","name":"Leatai \u2013 Fabricante de cuadernos personalizados","description":"Leatai ofrece cuadernos y planificadores personalizados para marcas y distribuidores globales.","publisher":{"@id":"https:\/\/leatai.com\/es\/#organization"},"potentialAction":[{"@type":"SearchAction","target":{"@type":"EntryPoint","urlTemplate":"https:\/\/leatai.com\/es\/?s={search_term_string}"},"query-input":{"@type":"PropertyValueSpecification","valueRequired":true,"valueName":"search_term_string"}}],"inLanguage":"es"},{"@type":"Organization","@id":"https:\/\/leatai.com\/es\/#organization","name":"Leatai Diary, customized journal and business organizer","url":"https:\/\/leatai.com\/es\/","logo":{"@type":"ImageObject","inLanguage":"es","@id":"https:\/\/leatai.com\/es\/#\/schema\/logo\/image\/","url":"https:\/\/leatai.com\/wp-content\/uploads\/logo-blue.png","contentUrl":"https:\/\/leatai.com\/wp-content\/uploads\/logo-blue.png","width":230,"height":60,"caption":"Leatai Diary, customized journal and business organizer"},"image":{"@id":"https:\/\/leatai.com\/es\/#\/schema\/logo\/image\/"},"telephone":"+886-2-8227-8800","legalName":"Leatai Stationary Co., Ltd.","description":"A leading notebook factory in Taiwan offering bespoke branding, high-quality binding, and premium paper selections for corporate gifts and stationery wholesale.","address":{"@type":"PostalAddress","streetAddress":"11F., No. 168, Jiankang Rd.","addressLocality":"Zhonghe Dist.","addressRegion":"New Taipei City","postalCode":"235","addressCountry":"TW"},"contactPoint":{"@type":"ContactPoint","telephone":"+886-2-8227-8800","contactType":"sales","areaServed":"Worldwide","availableLanguage":["zh-TW","en"]}}]}},"_links":{"self":[{"href":"https:\/\/leatai.com\/es\/wp-json\/wp\/v2\/product\/176212","targetHints":{"allow":["GET"]}}],"collection":[{"href":"https:\/\/leatai.com\/es\/wp-json\/wp\/v2\/product"}],"about":[{"href":"https:\/\/leatai.com\/es\/wp-json\/wp\/v2\/types\/product"}],"wp:featuredmedia":[{"embeddable":true,"href":"https:\/\/leatai.com\/es\/wp-json\/wp\/v2\/media\/176213"}],"wp:attachment":[{"href":"https:\/\/leatai.com\/es\/wp-json\/wp\/v2\/media?parent=176212"}],"wp:term":[{"taxonomy":"product_brand","embeddable":true,"href":"https:\/\/leatai.com\/es\/wp-json\/wp\/v2\/product_brand?post=176212"},{"taxonomy":"product_cat","embeddable":true,"href":"https:\/\/leatai.com\/es\/wp-json\/wp\/v2\/product_cat?post=176212"},{"taxonomy":"product_tag","embeddable":true,"href":"https:\/\/leatai.com\/es\/wp-json\/wp\/v2\/product_tag?post=176212"},{"taxonomy":"home_works","embeddable":true,"href":"https:\/\/leatai.com\/es\/wp-json\/wp\/v2\/home_works?post=176212"}],"curies":[{"name":"wp","href":"https:\/\/api.w.org\/{rel}","templated":true}]}}