{"id":176152,"date":"2023-05-22T20:31:41","date_gmt":"2023-05-22T12:31:41","guid":{"rendered":"https:\/\/leatai.com\/product\/sin%20categor\u00eda\/boligrafo-roller-de-fibra-de-carbono-de-alta-gama-1\/"},"modified":"2025-04-30T10:11:33","modified_gmt":"2025-04-30T02:11:33","slug":"boligrafo-roller-de-fibra-de-carbono-de-alta-gama-1","status":"publish","type":"product","link":"https:\/\/leatai.com\/es\/product\/planificador-personalizado\/juego-de-regalo\/boligrafo-roller-de-fibra-de-carbono-de-alta-gama-1\/","title":{"rendered":"Bol\u00edgrafo roller de fibra de carbono de alta gama \u2013 1"},"content":{"rendered":"<p>Modelo del producto: Bol\u00edgrafo roller de fibra de carbono de alta gama \u2013 1<br \/>\nColor: Negro<br \/>\nTama\u00f1o: Aproximadamente 14 cm de largo<br \/>\nTinta: Negra, 0.5 mm<br \/>\nEmbalaje: Bolsa OPP (opcional; por defecto, se entrega directamente en caja sin OPP)<br \/>\nPersonalizaci\u00f3n del logo: Grabado l\u00e1ser<\/p>\n<p>Precio unitario: NT$190, incluye un grabado l\u00e1ser en una ubicaci\u00f3n<br \/>\n(Opci\u00f3n adicional: estuche de cuero por NT$130, incluye un estampado en una ubicaci\u00f3n)<br \/>\n(Dado el precio unitario bajo, el pago completo debe realizarse al momento de realizar el pedido, sin importar la cantidad solicitada)<\/p>\n<p>&nbsp;<\/p>\n<p>\ud83d\udcd6\u202fDiarios corporativos est\u00e1ndar: <a href=\"https:\/\/leatai.com\/es\/categoria-producto\/planificador-personalizado\/\" target=\"_blank\" rel=\"noopener\">Todos los modelos de la serie de diarios corporativos<\/a> \/ <a href=\"https:\/\/leatai.com\/es\/categoria-producto\/formato-de-pagina-interna\/\" target=\"_blank\" rel=\"noopener\">P\u00e1ginas interiores de diarios corporativos<\/a><br \/>\n\ud83d\udcd6\u202fPara m\u00e1s recomendaciones sobre libretas personalizadas o impresi\u00f3n de diarios corporativos personalizados, consulta:<br \/>\n<a href=\"https:\/\/leatai.com\/es\/categoria-producto\/varias-muestras-oem\/cuaderno-de-tapa-dura-oem\/\" target=\"_blank\" rel=\"noopener\">Cuaderno de tapa dura OEM<\/a><br \/>\n<a href=\"https:\/\/leatai.com\/es\/categoria-producto\/varias-muestras-oem\/cuaderno-de-hojas-sueltas-oem\/\" target=\"_blank\" rel=\"noopener\">Cuaderno de anillas OEM<\/a><br \/>\n<a href=\"https:\/\/leatai.com\/es\/categoria-producto\/varias-muestras-oem\/cuaderno-removible-oem\/\" target=\"_blank\" rel=\"noopener\">Cuaderno de hojas removibles OEM<\/a><br \/>\n<a href=\"https:\/\/leatai.com\/es\/categoria-producto\/varias-muestras-oem\/cuaderno-de-tapa-blanda-oem\/\" target=\"_blank\" rel=\"noopener\">Cuaderno de tapa blanda OEM<\/a><br \/>\n<a href=\"https:\/\/leatai.com\/es\/categoria-producto\/varias-muestras-oem\/cuaderno-de-espiral-oem\/\" target=\"_blank\" rel=\"noopener\">Cuaderno con espiral OEM<\/a><br \/>\n<a href=\"https:\/\/leatai.com\/es\/categoria-producto\/varias-muestras-oem\/calendario-oem-es\/\" target=\"_blank\" rel=\"noopener\">Mini calendarios personalizados arrancables OEM \/ Impresi\u00f3n personalizada de calendarios de escritorio<\/a><br \/>\n<a href=\"https:\/\/leatai.com\/es\/categoria-producto\/varias-muestras-oem\/oem-otros\/\" target=\"_blank\" rel=\"noopener\">Otros productos OEM personalizados<\/a><\/p>\n<p>&nbsp;<\/p>\n<p>\ud83d\udcd6\u202fPara una explicaci\u00f3n completa de los tama\u00f1os, consulta la gu\u00eda de tama\u00f1os de papel:<br \/>\n<a href=\"https:\/\/leatai.com\/es\/conocimiento-sobre-cuadernos\/guia-de-tamanos-de-papel-comprenda-los-tamanos-comunes-como-b3-a4-b5-8k-16k-y-mas-una-tabla-de-tamanos-completa-para-una-referencia-facil\/\" target=\"_blank\" rel=\"noopener\">Gu\u00eda de tama\u00f1os de papel: B3, A4, B5, 8K, 16K, etc. \u00bfC\u00f3mo se diferencian? \u00a1Una tabla clara para entenderlo de un vistazo!<\/a><\/p>\n","protected":false},"excerpt":{"rendered":"<p>Modelo del producto: Bol\u00edgrafo roller de fibra de carbono de alta gama \u2013 1 Color: Negro Tama\u00f1o: Aproximadamente 14 cm de largo Tinta: Negra, 0.5 mm Embalaje: Bolsa OPP (opcional; por defecto, se entrega directamente en caja sin OPP) Personalizaci\u00f3n del logo: Grabado l\u00e1ser Precio unitario: NT$190, incluye un grabado l\u00e1ser en una ubicaci\u00f3n (Opci\u00f3n [&hellip;]<\/p>\n","protected":false},"featured_media":176153,"template":"","meta":{"_acf_changed":false},"product_brand":[],"product_cat":[722],"product_tag":[],"home_works":[],"class_list":{"0":"post-176152","1":"product","2":"type-product","3":"status-publish","4":"has-post-thumbnail","6":"product_cat-juego-de-regalo","8":"first","9":"outofstock","10":"sold-individually","11":"shipping-taxable","12":"purchasable","13":"product-type-variable","14":"has-default-attributes"},"acf":[],"yoast_head":"<!-- This site is optimized with the Yoast SEO plugin v27.2 - https:\/\/yoast.com\/product\/yoast-seo-wordpress\/ -->\n<title>Bol\u00edgrafo roller de alta gama - Recomendaci\u00f3n de combinaciones para regalos corporativos - Leatai \u2013 Fabricante de cuadernos personalizados<\/title>\n<meta name=\"description\" content=\"Una libreta personalizada en caja de regalo debe ir acompa\u00f1ada de un bol\u00edgrafo roller de excelente calidad para lograr una presentaci\u00f3n verdaderamente destacada. En comparaci\u00f3n con los bol\u00edgrafos promocionales comunes, este modelo ofrece un mejor material, un equilibrio de peso m\u00e1s refinado y una escritura suave y fluida. Adem\u00e1s, se puede personalizar con grabado l\u00e1ser para a\u00f1adir un toque exclusivo. Todo el conjunto se presenta en un empaque elegante, ideal para obsequios que deseen transmitir profesionalismo y consideraci\u00f3n. Es una opci\u00f3n muy recomendada para regalos corporativos, capaz de dejar una impresi\u00f3n duradera y distinguida.\" \/>\n<meta name=\"robots\" content=\"index, follow, max-snippet:-1, max-image-preview:large, max-video-preview:-1\" \/>\n<link rel=\"canonical\" href=\"https:\/\/leatai.com\/es\/product\/planificador-personalizado\/juego-de-regalo\/boligrafo-roller-de-fibra-de-carbono-de-alta-gama-1\/\" \/>\n<meta property=\"og:locale\" content=\"es_ES\" \/>\n<meta property=\"og:type\" content=\"article\" \/>\n<meta property=\"og:title\" content=\"Bol\u00edgrafo roller de alta gama - Recomendaci\u00f3n de combinaciones para regalos corporativos - Leatai \u2013 Fabricante de cuadernos personalizados\" \/>\n<meta property=\"og:description\" content=\"Una libreta personalizada en caja de regalo debe ir acompa\u00f1ada de un bol\u00edgrafo roller de excelente calidad para lograr una presentaci\u00f3n verdaderamente destacada. En comparaci\u00f3n con los bol\u00edgrafos promocionales comunes, este modelo ofrece un mejor material, un equilibrio de peso m\u00e1s refinado y una escritura suave y fluida. Adem\u00e1s, se puede personalizar con grabado l\u00e1ser para a\u00f1adir un toque exclusivo. Todo el conjunto se presenta en un empaque elegante, ideal para obsequios que deseen transmitir profesionalismo y consideraci\u00f3n. Es una opci\u00f3n muy recomendada para regalos corporativos, capaz de dejar una impresi\u00f3n duradera y distinguida.\" \/>\n<meta property=\"og:url\" content=\"https:\/\/leatai.com\/es\/product\/planificador-personalizado\/juego-de-regalo\/boligrafo-roller-de-fibra-de-carbono-de-alta-gama-1\/\" \/>\n<meta property=\"og:site_name\" content=\"Leatai \u2013 Fabricante de cuadernos personalizados\" \/>\n<meta property=\"article:modified_time\" content=\"2025-04-30T02:11:33+00:00\" \/>\n<meta property=\"og:image\" content=\"https:\/\/leatai.com\/wp-content\/uploads\/DSC_0642.jpg\" \/>\n\t<meta property=\"og:image:width\" content=\"1000\" \/>\n\t<meta property=\"og:image:height\" content=\"750\" \/>\n\t<meta property=\"og:image:type\" content=\"image\/jpeg\" \/>\n<meta name=\"twitter:card\" content=\"summary_large_image\" \/>\n<meta name=\"twitter:label1\" content=\"Tiempo de lectura\" \/>\n\t<meta name=\"twitter:data1\" content=\"2 minutos\" \/>\n<script type=\"application\/ld+json\" class=\"yoast-schema-graph\">{\"@context\":\"https:\/\/schema.org\",\"@graph\":[{\"@type\":\"WebPage\",\"@id\":\"https:\/\/leatai.com\/es\/product\/planificador-personalizado\/juego-de-regalo\/boligrafo-roller-de-fibra-de-carbono-de-alta-gama-1\/\",\"url\":\"https:\/\/leatai.com\/es\/product\/planificador-personalizado\/juego-de-regalo\/boligrafo-roller-de-fibra-de-carbono-de-alta-gama-1\/\",\"name\":\"Bol\u00edgrafo roller de alta gama - Recomendaci\u00f3n de combinaciones para regalos corporativos - Leatai \u2013 Fabricante de cuadernos personalizados\",\"isPartOf\":{\"@id\":\"https:\/\/leatai.com\/es\/#website\"},\"primaryImageOfPage\":{\"@id\":\"https:\/\/leatai.com\/es\/product\/planificador-personalizado\/juego-de-regalo\/boligrafo-roller-de-fibra-de-carbono-de-alta-gama-1\/#primaryimage\"},\"image\":{\"@id\":\"https:\/\/leatai.com\/es\/product\/planificador-personalizado\/juego-de-regalo\/boligrafo-roller-de-fibra-de-carbono-de-alta-gama-1\/#primaryimage\"},\"thumbnailUrl\":\"https:\/\/leatai.com\/wp-content\/uploads\/DSC_0642.jpg\",\"datePublished\":\"2023-05-22T12:31:41+00:00\",\"dateModified\":\"2025-04-30T02:11:33+00:00\",\"description\":\"Una libreta personalizada en caja de regalo debe ir acompa\u00f1ada de un bol\u00edgrafo roller de excelente calidad para lograr una presentaci\u00f3n verdaderamente destacada. En comparaci\u00f3n con los bol\u00edgrafos promocionales comunes, este modelo ofrece un mejor material, un equilibrio de peso m\u00e1s refinado y una escritura suave y fluida. Adem\u00e1s, se puede personalizar con grabado l\u00e1ser para a\u00f1adir un toque exclusivo. Todo el conjunto se presenta en un empaque elegante, ideal para obsequios que deseen transmitir profesionalismo y consideraci\u00f3n. Es una opci\u00f3n muy recomendada para regalos corporativos, capaz de dejar una impresi\u00f3n duradera y distinguida.\",\"breadcrumb\":{\"@id\":\"https:\/\/leatai.com\/es\/product\/planificador-personalizado\/juego-de-regalo\/boligrafo-roller-de-fibra-de-carbono-de-alta-gama-1\/#breadcrumb\"},\"inLanguage\":\"es\",\"potentialAction\":[{\"@type\":\"ReadAction\",\"target\":[\"https:\/\/leatai.com\/es\/product\/planificador-personalizado\/juego-de-regalo\/boligrafo-roller-de-fibra-de-carbono-de-alta-gama-1\/\"]}]},{\"@type\":\"ImageObject\",\"inLanguage\":\"es\",\"@id\":\"https:\/\/leatai.com\/es\/product\/planificador-personalizado\/juego-de-regalo\/boligrafo-roller-de-fibra-de-carbono-de-alta-gama-1\/#primaryimage\",\"url\":\"https:\/\/leatai.com\/wp-content\/uploads\/DSC_0642.jpg\",\"contentUrl\":\"https:\/\/leatai.com\/wp-content\/uploads\/DSC_0642.jpg\",\"width\":1000,\"height\":750,\"caption\":\"Bol\u00edgrafo de regalo de alta gama\"},{\"@type\":\"BreadcrumbList\",\"@id\":\"https:\/\/leatai.com\/es\/product\/planificador-personalizado\/juego-de-regalo\/boligrafo-roller-de-fibra-de-carbono-de-alta-gama-1\/#breadcrumb\",\"itemListElement\":[{\"@type\":\"ListItem\",\"position\":1,\"name\":\"Home\",\"item\":\"https:\/\/leatai.com\/es\/\"},{\"@type\":\"ListItem\",\"position\":2,\"name\":\"Presentaci\u00f3n de productos\",\"item\":\"https:\/\/leatai.com\/products\/\"},{\"@type\":\"ListItem\",\"position\":3,\"name\":\"Planificador Personalizado\",\"item\":\"https:\/\/leatai.com\/es\/categoria-producto\/planificador-personalizado\/\"},{\"@type\":\"ListItem\",\"position\":4,\"name\":\"Juego de Regalo\",\"item\":\"https:\/\/leatai.com\/es\/categoria-producto\/planificador-personalizado\/juego-de-regalo\/\"},{\"@type\":\"ListItem\",\"position\":5,\"name\":\"Bol\u00edgrafo roller de fibra de carbono de alta gama \u2013 1\"}]},{\"@type\":\"WebSite\",\"@id\":\"https:\/\/leatai.com\/es\/#website\",\"url\":\"https:\/\/leatai.com\/es\/\",\"name\":\"Leatai \u2013 Fabricante de cuadernos personalizados\",\"description\":\"Leatai ofrece cuadernos y planificadores personalizados para marcas y distribuidores globales.\",\"publisher\":{\"@id\":\"https:\/\/leatai.com\/es\/#organization\"},\"potentialAction\":[{\"@type\":\"SearchAction\",\"target\":{\"@type\":\"EntryPoint\",\"urlTemplate\":\"https:\/\/leatai.com\/es\/?s={search_term_string}\"},\"query-input\":{\"@type\":\"PropertyValueSpecification\",\"valueRequired\":true,\"valueName\":\"search_term_string\"}}],\"inLanguage\":\"es\"},{\"@type\":\"Organization\",\"@id\":\"https:\/\/leatai.com\/es\/#organization\",\"name\":\"Leatai Diary, customized journal and business organizer\",\"url\":\"https:\/\/leatai.com\/es\/\",\"logo\":{\"@type\":\"ImageObject\",\"inLanguage\":\"es\",\"@id\":\"https:\/\/leatai.com\/es\/#\/schema\/logo\/image\/\",\"url\":\"https:\/\/leatai.com\/wp-content\/uploads\/logo-blue.png\",\"contentUrl\":\"https:\/\/leatai.com\/wp-content\/uploads\/logo-blue.png\",\"width\":230,\"height\":60,\"caption\":\"Leatai Diary, customized journal and business organizer\"},\"image\":{\"@id\":\"https:\/\/leatai.com\/es\/#\/schema\/logo\/image\/\"}}]}<\/script>\n<!-- \/ Yoast SEO plugin. -->","yoast_head_json":{"title":"Bol\u00edgrafo roller de alta gama - Recomendaci\u00f3n de combinaciones para regalos corporativos - Leatai \u2013 Fabricante de cuadernos personalizados","description":"Una libreta personalizada en caja de regalo debe ir acompa\u00f1ada de un bol\u00edgrafo roller de excelente calidad para lograr una presentaci\u00f3n verdaderamente destacada. En comparaci\u00f3n con los bol\u00edgrafos promocionales comunes, este modelo ofrece un mejor material, un equilibrio de peso m\u00e1s refinado y una escritura suave y fluida. Adem\u00e1s, se puede personalizar con grabado l\u00e1ser para a\u00f1adir un toque exclusivo. Todo el conjunto se presenta en un empaque elegante, ideal para obsequios que deseen transmitir profesionalismo y consideraci\u00f3n. Es una opci\u00f3n muy recomendada para regalos corporativos, capaz de dejar una impresi\u00f3n duradera y distinguida.","robots":{"index":"index","follow":"follow","max-snippet":"max-snippet:-1","max-image-preview":"max-image-preview:large","max-video-preview":"max-video-preview:-1"},"canonical":"https:\/\/leatai.com\/es\/product\/planificador-personalizado\/juego-de-regalo\/boligrafo-roller-de-fibra-de-carbono-de-alta-gama-1\/","og_locale":"es_ES","og_type":"article","og_title":"Bol\u00edgrafo roller de alta gama - Recomendaci\u00f3n de combinaciones para regalos corporativos - Leatai \u2013 Fabricante de cuadernos personalizados","og_description":"Una libreta personalizada en caja de regalo debe ir acompa\u00f1ada de un bol\u00edgrafo roller de excelente calidad para lograr una presentaci\u00f3n verdaderamente destacada. En comparaci\u00f3n con los bol\u00edgrafos promocionales comunes, este modelo ofrece un mejor material, un equilibrio de peso m\u00e1s refinado y una escritura suave y fluida. Adem\u00e1s, se puede personalizar con grabado l\u00e1ser para a\u00f1adir un toque exclusivo. Todo el conjunto se presenta en un empaque elegante, ideal para obsequios que deseen transmitir profesionalismo y consideraci\u00f3n. Es una opci\u00f3n muy recomendada para regalos corporativos, capaz de dejar una impresi\u00f3n duradera y distinguida.","og_url":"https:\/\/leatai.com\/es\/product\/planificador-personalizado\/juego-de-regalo\/boligrafo-roller-de-fibra-de-carbono-de-alta-gama-1\/","og_site_name":"Leatai \u2013 Fabricante de cuadernos personalizados","article_modified_time":"2025-04-30T02:11:33+00:00","og_image":[{"width":1000,"height":750,"url":"https:\/\/leatai.com\/wp-content\/uploads\/DSC_0642.jpg","type":"image\/jpeg"}],"twitter_card":"summary_large_image","twitter_misc":{"Tiempo de lectura":"2 minutos"},"schema":{"@context":"https:\/\/schema.org","@graph":[{"@type":"WebPage","@id":"https:\/\/leatai.com\/es\/product\/planificador-personalizado\/juego-de-regalo\/boligrafo-roller-de-fibra-de-carbono-de-alta-gama-1\/","url":"https:\/\/leatai.com\/es\/product\/planificador-personalizado\/juego-de-regalo\/boligrafo-roller-de-fibra-de-carbono-de-alta-gama-1\/","name":"Bol\u00edgrafo roller de alta gama - Recomendaci\u00f3n de combinaciones para regalos corporativos - Leatai \u2013 Fabricante de cuadernos personalizados","isPartOf":{"@id":"https:\/\/leatai.com\/es\/#website"},"primaryImageOfPage":{"@id":"https:\/\/leatai.com\/es\/product\/planificador-personalizado\/juego-de-regalo\/boligrafo-roller-de-fibra-de-carbono-de-alta-gama-1\/#primaryimage"},"image":{"@id":"https:\/\/leatai.com\/es\/product\/planificador-personalizado\/juego-de-regalo\/boligrafo-roller-de-fibra-de-carbono-de-alta-gama-1\/#primaryimage"},"thumbnailUrl":"https:\/\/leatai.com\/wp-content\/uploads\/DSC_0642.jpg","datePublished":"2023-05-22T12:31:41+00:00","dateModified":"2025-04-30T02:11:33+00:00","description":"Una libreta personalizada en caja de regalo debe ir acompa\u00f1ada de un bol\u00edgrafo roller de excelente calidad para lograr una presentaci\u00f3n verdaderamente destacada. En comparaci\u00f3n con los bol\u00edgrafos promocionales comunes, este modelo ofrece un mejor material, un equilibrio de peso m\u00e1s refinado y una escritura suave y fluida. Adem\u00e1s, se puede personalizar con grabado l\u00e1ser para a\u00f1adir un toque exclusivo. Todo el conjunto se presenta en un empaque elegante, ideal para obsequios que deseen transmitir profesionalismo y consideraci\u00f3n. Es una opci\u00f3n muy recomendada para regalos corporativos, capaz de dejar una impresi\u00f3n duradera y distinguida.","breadcrumb":{"@id":"https:\/\/leatai.com\/es\/product\/planificador-personalizado\/juego-de-regalo\/boligrafo-roller-de-fibra-de-carbono-de-alta-gama-1\/#breadcrumb"},"inLanguage":"es","potentialAction":[{"@type":"ReadAction","target":["https:\/\/leatai.com\/es\/product\/planificador-personalizado\/juego-de-regalo\/boligrafo-roller-de-fibra-de-carbono-de-alta-gama-1\/"]}]},{"@type":"ImageObject","inLanguage":"es","@id":"https:\/\/leatai.com\/es\/product\/planificador-personalizado\/juego-de-regalo\/boligrafo-roller-de-fibra-de-carbono-de-alta-gama-1\/#primaryimage","url":"https:\/\/leatai.com\/wp-content\/uploads\/DSC_0642.jpg","contentUrl":"https:\/\/leatai.com\/wp-content\/uploads\/DSC_0642.jpg","width":1000,"height":750,"caption":"Bol\u00edgrafo de regalo de alta gama"},{"@type":"BreadcrumbList","@id":"https:\/\/leatai.com\/es\/product\/planificador-personalizado\/juego-de-regalo\/boligrafo-roller-de-fibra-de-carbono-de-alta-gama-1\/#breadcrumb","itemListElement":[{"@type":"ListItem","position":1,"name":"Home","item":"https:\/\/leatai.com\/es\/"},{"@type":"ListItem","position":2,"name":"Presentaci\u00f3n de productos","item":"https:\/\/leatai.com\/products\/"},{"@type":"ListItem","position":3,"name":"Planificador Personalizado","item":"https:\/\/leatai.com\/es\/categoria-producto\/planificador-personalizado\/"},{"@type":"ListItem","position":4,"name":"Juego de Regalo","item":"https:\/\/leatai.com\/es\/categoria-producto\/planificador-personalizado\/juego-de-regalo\/"},{"@type":"ListItem","position":5,"name":"Bol\u00edgrafo roller de fibra de carbono de alta gama \u2013 1"}]},{"@type":"WebSite","@id":"https:\/\/leatai.com\/es\/#website","url":"https:\/\/leatai.com\/es\/","name":"Leatai \u2013 Fabricante de cuadernos personalizados","description":"Leatai ofrece cuadernos y planificadores personalizados para marcas y distribuidores globales.","publisher":{"@id":"https:\/\/leatai.com\/es\/#organization"},"potentialAction":[{"@type":"SearchAction","target":{"@type":"EntryPoint","urlTemplate":"https:\/\/leatai.com\/es\/?s={search_term_string}"},"query-input":{"@type":"PropertyValueSpecification","valueRequired":true,"valueName":"search_term_string"}}],"inLanguage":"es"},{"@type":"Organization","@id":"https:\/\/leatai.com\/es\/#organization","name":"Leatai Diary, customized journal and business organizer","url":"https:\/\/leatai.com\/es\/","logo":{"@type":"ImageObject","inLanguage":"es","@id":"https:\/\/leatai.com\/es\/#\/schema\/logo\/image\/","url":"https:\/\/leatai.com\/wp-content\/uploads\/logo-blue.png","contentUrl":"https:\/\/leatai.com\/wp-content\/uploads\/logo-blue.png","width":230,"height":60,"caption":"Leatai Diary, customized journal and business organizer"},"image":{"@id":"https:\/\/leatai.com\/es\/#\/schema\/logo\/image\/"}}]}},"_links":{"self":[{"href":"https:\/\/leatai.com\/es\/wp-json\/wp\/v2\/product\/176152","targetHints":{"allow":["GET"]}}],"collection":[{"href":"https:\/\/leatai.com\/es\/wp-json\/wp\/v2\/product"}],"about":[{"href":"https:\/\/leatai.com\/es\/wp-json\/wp\/v2\/types\/product"}],"wp:featuredmedia":[{"embeddable":true,"href":"https:\/\/leatai.com\/es\/wp-json\/wp\/v2\/media\/176153"}],"wp:attachment":[{"href":"https:\/\/leatai.com\/es\/wp-json\/wp\/v2\/media?parent=176152"}],"wp:term":[{"taxonomy":"product_brand","embeddable":true,"href":"https:\/\/leatai.com\/es\/wp-json\/wp\/v2\/product_brand?post=176152"},{"taxonomy":"product_cat","embeddable":true,"href":"https:\/\/leatai.com\/es\/wp-json\/wp\/v2\/product_cat?post=176152"},{"taxonomy":"product_tag","embeddable":true,"href":"https:\/\/leatai.com\/es\/wp-json\/wp\/v2\/product_tag?post=176152"},{"taxonomy":"home_works","embeddable":true,"href":"https:\/\/leatai.com\/es\/wp-json\/wp\/v2\/home_works?post=176152"}],"curies":[{"name":"wp","href":"https:\/\/api.w.org\/{rel}","templated":true}]}}