{"id":176149,"date":"2023-05-08T21:13:43","date_gmt":"2023-05-08T13:13:43","guid":{"rendered":"https:\/\/leatai.com\/product\/sin%20categor\u00eda\/carpeta-para-entrega-de-vivienda-entrega-de-vehiculo-03\/"},"modified":"2025-04-30T13:54:47","modified_gmt":"2025-04-30T05:54:47","slug":"carpeta-para-entrega-de-vivienda-entrega-de-vehiculo-03","status":"publish","type":"product","link":"https:\/\/leatai.com\/es\/product\/bolsa-de-entrega-entrega-de-autos\/carpeta-para-entrega-de-vivienda-entrega-de-vehiculo-03\/","title":{"rendered":"Carpeta para entrega de vivienda \/ entrega de veh\u00edculo  &#8211; 03"},"content":{"rendered":"<p>Modelo del producto: Carpeta para entrega de vivienda \/ entrega de veh\u00edculo \u2013 03<br \/>\nMaterial de la cubierta: Cuero sint\u00e9tico<br \/>\nColores: Negro, gris<br \/>\nTama\u00f1o: A4<a href=\"https:\/\/leatai.com\/es\/faq\/cuales-son-los-tamanos-de-planificadores-8k-16k-y-25k-que-tan-grandes-son\/\" target=\"_blank\" rel=\"noopener\"> (tama\u00f1o com\u00fan)<\/a><br \/>\nInterior: Sin hojas<a href=\"https:\/\/leatai.com\/es\/categoria-producto\/formato-de-pagina-interna\/paginas-internas-a5-es\/\" target=\"_blank\" rel=\"noopener\"> (formato interior personalizable)<\/a><br \/>\nEmbalaje: Bolsa OPP (opcional)<br \/>\nM\u00e9todo de personalizaci\u00f3n del logo: Estampado en dorado, plateado o grabado en caliente<\/p>\n<p>Descripci\u00f3n del producto<br \/>\nModelo Leatai: Carpeta para entrega de vivienda \/ entrega de veh\u00edculo \u2013 03<br \/>\nEste modelo incluye varios compartimentos transparentes integrados, lo que permite clasificar y visualizar f\u00e1cilmente documentos en peque\u00f1as cantidades, aumentando considerablemente su funcionalidad. Combinado con una carpeta para documentos tama\u00f1o A4, no solo aporta practicidad, sino que tambi\u00e9n eleva la sensaci\u00f3n de exclusividad para el cliente.<\/p>\n<p>&nbsp;<\/p>\n<p>\ud83d\udcd6\u202fDiarios corporativos est\u00e1ndar: <a href=\"https:\/\/leatai.com\/es\/categoria-producto\/planificador-personalizado\/\" target=\"_blank\" rel=\"noopener\">Todos los modelos de la serie de diarios corporativos<\/a> \/ <a href=\"https:\/\/leatai.com\/es\/categoria-producto\/formato-de-pagina-interna\/\" target=\"_blank\" rel=\"noopener\">P\u00e1ginas interiores de diarios corporativos<\/a><br \/>\n\ud83d\udcd6\u202fPara m\u00e1s recomendaciones sobre libretas personalizadas o impresi\u00f3n de diarios corporativos personalizados, consulta:<br \/>\n<a href=\"https:\/\/leatai.com\/es\/categoria-producto\/varias-muestras-oem\/cuaderno-de-tapa-dura-oem\/\" target=\"_blank\" rel=\"noopener\">Cuaderno de tapa dura OEM<\/a><br \/>\n<a href=\"https:\/\/leatai.com\/es\/categoria-producto\/varias-muestras-oem\/cuaderno-de-hojas-sueltas-oem\/\" target=\"_blank\" rel=\"noopener\">Cuaderno de anillas OEM<\/a><br \/>\n<a href=\"https:\/\/leatai.com\/es\/categoria-producto\/varias-muestras-oem\/cuaderno-removible-oem\/\" target=\"_blank\" rel=\"noopener\">Cuaderno de hojas removibles OEM<\/a><br \/>\n<a href=\"https:\/\/leatai.com\/es\/categoria-producto\/varias-muestras-oem\/cuaderno-de-tapa-blanda-oem\/\" target=\"_blank\" rel=\"noopener\">Cuaderno de tapa blanda OEM<\/a><br \/>\n<a href=\"https:\/\/leatai.com\/es\/categoria-producto\/varias-muestras-oem\/cuaderno-de-espiral-oem\/\" target=\"_blank\" rel=\"noopener\">Cuaderno con espiral OEM<\/a><br \/>\n<a href=\"https:\/\/leatai.com\/es\/categoria-producto\/varias-muestras-oem\/calendario-oem-es\/\" target=\"_blank\" rel=\"noopener\">Mini calendarios personalizados arrancables OEM \/ Impresi\u00f3n personalizada de calendarios de escritorio<\/a><br \/>\n<a href=\"https:\/\/leatai.com\/es\/categoria-producto\/varias-muestras-oem\/oem-otros\/\" target=\"_blank\" rel=\"noopener\">Otros productos OEM personalizados<\/a><\/p>\n<p>&nbsp;<\/p>\n<p>\ud83d\udcd6\u202fPara una explicaci\u00f3n completa de los tama\u00f1os, consulta la gu\u00eda de tama\u00f1os de papel:<br \/>\n<a href=\"https:\/\/leatai.com\/es\/conocimiento-sobre-cuadernos\/guia-de-tamanos-de-papel-comprenda-los-tamanos-comunes-como-b3-a4-b5-8k-16k-y-mas-una-tabla-de-tamanos-completa-para-una-referencia-facil\/\" target=\"_blank\" rel=\"noopener\">Gu\u00eda de tama\u00f1os de papel: B3, A4, B5, 8K, 16K, etc. \u00bfC\u00f3mo se diferencian? \u00a1Una tabla clara para entenderlo de un vistazo!<\/a><\/p>\n","protected":false},"excerpt":{"rendered":"<p>Modelo del producto: Carpeta para entrega de vivienda \/ entrega de veh\u00edculo \u2013 03 Material de la cubierta: Cuero sint\u00e9tico Colores: Negro, gris Tama\u00f1o: A4 (tama\u00f1o com\u00fan) Interior: Sin hojas (formato interior personalizable) Embalaje: Bolsa OPP (opcional) M\u00e9todo de personalizaci\u00f3n del logo: Estampado en dorado, plateado o grabado en caliente Descripci\u00f3n del producto Modelo Leatai: [&hellip;]<\/p>\n","protected":false},"featured_media":67739,"template":"","meta":{"_acf_changed":false},"product_brand":[],"product_cat":[717],"product_tag":[],"home_works":[],"class_list":{"0":"post-176149","1":"product","2":"type-product","3":"status-publish","4":"has-post-thumbnail","6":"product_cat-bolsa-de-entrega-entrega-de-autos","8":"first","9":"outofstock","10":"sold-individually","11":"shipping-taxable","12":"purchasable","13":"product-type-variable","14":"has-default-attributes"},"acf":[],"yoast_head":"<!-- This site is optimized with the Yoast SEO plugin v27.2 - https:\/\/yoast.com\/product\/yoast-seo-wordpress\/ -->\n<title>Carpeta para entrega de vivienda \/ entrega de veh\u00edculo - 03 - Leatai \u2013 Fabricante de cuadernos personalizados<\/title>\n<meta name=\"description\" content=\"Modelo Leatai: Carpeta para entrega de vivienda \/ entrega de veh\u00edculo \u2013 03 Este modelo incluye varios compartimentos transparentes integrados, lo que permite clasificar y visualizar f\u00e1cilmente documentos en peque\u00f1as cantidades, aumentando considerablemente su funcionalidad. Combinado con una carpeta para documentos tama\u00f1o A4, no solo aporta practicidad, sino que tambi\u00e9n eleva la sensaci\u00f3n de exclusividad para el cliente.\" \/>\n<meta name=\"robots\" content=\"index, follow, max-snippet:-1, max-image-preview:large, max-video-preview:-1\" \/>\n<link rel=\"canonical\" href=\"https:\/\/leatai.com\/es\/product\/bolsa-de-entrega-entrega-de-autos\/carpeta-para-entrega-de-vivienda-entrega-de-vehiculo-03\/\" \/>\n<meta property=\"og:locale\" content=\"es_ES\" \/>\n<meta property=\"og:type\" content=\"article\" \/>\n<meta property=\"og:title\" content=\"Carpeta para entrega de vivienda \/ entrega de veh\u00edculo - 03 - Leatai \u2013 Fabricante de cuadernos personalizados\" \/>\n<meta property=\"og:description\" content=\"Modelo Leatai: Carpeta para entrega de vivienda \/ entrega de veh\u00edculo \u2013 03 Este modelo incluye varios compartimentos transparentes integrados, lo que permite clasificar y visualizar f\u00e1cilmente documentos en peque\u00f1as cantidades, aumentando considerablemente su funcionalidad. Combinado con una carpeta para documentos tama\u00f1o A4, no solo aporta practicidad, sino que tambi\u00e9n eleva la sensaci\u00f3n de exclusividad para el cliente.\" \/>\n<meta property=\"og:url\" content=\"https:\/\/leatai.com\/es\/product\/bolsa-de-entrega-entrega-de-autos\/carpeta-para-entrega-de-vivienda-entrega-de-vehiculo-03\/\" \/>\n<meta property=\"og:site_name\" content=\"Leatai \u2013 Fabricante de cuadernos personalizados\" \/>\n<meta property=\"article:modified_time\" content=\"2025-04-30T05:54:47+00:00\" \/>\n<meta property=\"og:image\" content=\"https:\/\/leatai.com\/wp-content\/uploads\/DSC_0366.jpg\" \/>\n\t<meta property=\"og:image:width\" content=\"1000\" \/>\n\t<meta property=\"og:image:height\" content=\"750\" \/>\n\t<meta property=\"og:image:type\" content=\"image\/jpeg\" \/>\n<meta name=\"twitter:card\" content=\"summary_large_image\" \/>\n<meta name=\"twitter:label1\" content=\"Tiempo de lectura\" \/>\n\t<meta name=\"twitter:data1\" content=\"2 minutos\" \/>\n<script type=\"application\/ld+json\" class=\"yoast-schema-graph\">{\"@context\":\"https:\/\/schema.org\",\"@graph\":[{\"@type\":\"WebPage\",\"@id\":\"https:\/\/leatai.com\/es\/product\/bolsa-de-entrega-entrega-de-autos\/carpeta-para-entrega-de-vivienda-entrega-de-vehiculo-03\/\",\"url\":\"https:\/\/leatai.com\/es\/product\/bolsa-de-entrega-entrega-de-autos\/carpeta-para-entrega-de-vivienda-entrega-de-vehiculo-03\/\",\"name\":\"Carpeta para entrega de vivienda \/ entrega de veh\u00edculo - 03 - Leatai \u2013 Fabricante de cuadernos personalizados\",\"isPartOf\":{\"@id\":\"https:\/\/leatai.com\/es\/#website\"},\"primaryImageOfPage\":{\"@id\":\"https:\/\/leatai.com\/es\/product\/bolsa-de-entrega-entrega-de-autos\/carpeta-para-entrega-de-vivienda-entrega-de-vehiculo-03\/#primaryimage\"},\"image\":{\"@id\":\"https:\/\/leatai.com\/es\/product\/bolsa-de-entrega-entrega-de-autos\/carpeta-para-entrega-de-vivienda-entrega-de-vehiculo-03\/#primaryimage\"},\"thumbnailUrl\":\"https:\/\/leatai.com\/wp-content\/uploads\/DSC_0366.jpg\",\"datePublished\":\"2023-05-08T13:13:43+00:00\",\"dateModified\":\"2025-04-30T05:54:47+00:00\",\"description\":\"Modelo Leatai: Carpeta para entrega de vivienda \/ entrega de veh\u00edculo \u2013 03 Este modelo incluye varios compartimentos transparentes integrados, lo que permite clasificar y visualizar f\u00e1cilmente documentos en peque\u00f1as cantidades, aumentando considerablemente su funcionalidad. Combinado con una carpeta para documentos tama\u00f1o A4, no solo aporta practicidad, sino que tambi\u00e9n eleva la sensaci\u00f3n de exclusividad para el cliente.\",\"breadcrumb\":{\"@id\":\"https:\/\/leatai.com\/es\/product\/bolsa-de-entrega-entrega-de-autos\/carpeta-para-entrega-de-vivienda-entrega-de-vehiculo-03\/#breadcrumb\"},\"inLanguage\":\"es\",\"potentialAction\":[{\"@type\":\"ReadAction\",\"target\":[\"https:\/\/leatai.com\/es\/product\/bolsa-de-entrega-entrega-de-autos\/carpeta-para-entrega-de-vivienda-entrega-de-vehiculo-03\/\"]}]},{\"@type\":\"ImageObject\",\"inLanguage\":\"es\",\"@id\":\"https:\/\/leatai.com\/es\/product\/bolsa-de-entrega-entrega-de-autos\/carpeta-para-entrega-de-vivienda-entrega-de-vehiculo-03\/#primaryimage\",\"url\":\"https:\/\/leatai.com\/wp-content\/uploads\/DSC_0366.jpg\",\"contentUrl\":\"https:\/\/leatai.com\/wp-content\/uploads\/DSC_0366.jpg\",\"width\":1000,\"height\":750,\"caption\":\"Carpeta para entrega de vivienda \/ entrega de veh\u00edculo\"},{\"@type\":\"BreadcrumbList\",\"@id\":\"https:\/\/leatai.com\/es\/product\/bolsa-de-entrega-entrega-de-autos\/carpeta-para-entrega-de-vivienda-entrega-de-vehiculo-03\/#breadcrumb\",\"itemListElement\":[{\"@type\":\"ListItem\",\"position\":1,\"name\":\"Home\",\"item\":\"https:\/\/leatai.com\/es\/\"},{\"@type\":\"ListItem\",\"position\":2,\"name\":\"Presentaci\u00f3n de productos\",\"item\":\"https:\/\/leatai.com\/products\/\"},{\"@type\":\"ListItem\",\"position\":3,\"name\":\"Bolsa de Entrega \/ Entrega de Autos\",\"item\":\"https:\/\/leatai.com\/es\/categoria-producto\/bolsa-de-entrega-entrega-de-autos\/\"},{\"@type\":\"ListItem\",\"position\":4,\"name\":\"Carpeta para entrega de vivienda \/ entrega de veh\u00edculo &#8211; 03\"}]},{\"@type\":\"WebSite\",\"@id\":\"https:\/\/leatai.com\/es\/#website\",\"url\":\"https:\/\/leatai.com\/es\/\",\"name\":\"Leatai \u2013 Fabricante de cuadernos personalizados\",\"description\":\"Leatai ofrece cuadernos y planificadores personalizados para marcas y distribuidores globales.\",\"publisher\":{\"@id\":\"https:\/\/leatai.com\/es\/#organization\"},\"potentialAction\":[{\"@type\":\"SearchAction\",\"target\":{\"@type\":\"EntryPoint\",\"urlTemplate\":\"https:\/\/leatai.com\/es\/?s={search_term_string}\"},\"query-input\":{\"@type\":\"PropertyValueSpecification\",\"valueRequired\":true,\"valueName\":\"search_term_string\"}}],\"inLanguage\":\"es\"},{\"@type\":\"Organization\",\"@id\":\"https:\/\/leatai.com\/es\/#organization\",\"name\":\"Leatai Diary, customized journal and business organizer\",\"url\":\"https:\/\/leatai.com\/es\/\",\"logo\":{\"@type\":\"ImageObject\",\"inLanguage\":\"es\",\"@id\":\"https:\/\/leatai.com\/es\/#\/schema\/logo\/image\/\",\"url\":\"https:\/\/leatai.com\/wp-content\/uploads\/logo-blue.png\",\"contentUrl\":\"https:\/\/leatai.com\/wp-content\/uploads\/logo-blue.png\",\"width\":230,\"height\":60,\"caption\":\"Leatai Diary, customized journal and business organizer\"},\"image\":{\"@id\":\"https:\/\/leatai.com\/es\/#\/schema\/logo\/image\/\"},\"telephone\":\"+886-2-8227-8800\",\"legalName\":\"Leatai Stationary Co., Ltd.\",\"description\":\"A leading notebook factory in Taiwan offering bespoke branding, high-quality binding, and premium paper selections for corporate gifts and stationery wholesale.\",\"address\":{\"@type\":\"PostalAddress\",\"streetAddress\":\"11F., No. 168, Jiankang Rd.\",\"addressLocality\":\"Zhonghe Dist.\",\"addressRegion\":\"New Taipei City\",\"postalCode\":\"235\",\"addressCountry\":\"TW\"},\"contactPoint\":{\"@type\":\"ContactPoint\",\"telephone\":\"+886-2-8227-8800\",\"contactType\":\"sales\",\"areaServed\":\"Worldwide\",\"availableLanguage\":[\"zh-TW\",\"en\"]}}]}<\/script>\n<!-- \/ Yoast SEO plugin. -->","yoast_head_json":{"title":"Carpeta para entrega de vivienda \/ entrega de veh\u00edculo - 03 - Leatai \u2013 Fabricante de cuadernos personalizados","description":"Modelo Leatai: Carpeta para entrega de vivienda \/ entrega de veh\u00edculo \u2013 03 Este modelo incluye varios compartimentos transparentes integrados, lo que permite clasificar y visualizar f\u00e1cilmente documentos en peque\u00f1as cantidades, aumentando considerablemente su funcionalidad. Combinado con una carpeta para documentos tama\u00f1o A4, no solo aporta practicidad, sino que tambi\u00e9n eleva la sensaci\u00f3n de exclusividad para el cliente.","robots":{"index":"index","follow":"follow","max-snippet":"max-snippet:-1","max-image-preview":"max-image-preview:large","max-video-preview":"max-video-preview:-1"},"canonical":"https:\/\/leatai.com\/es\/product\/bolsa-de-entrega-entrega-de-autos\/carpeta-para-entrega-de-vivienda-entrega-de-vehiculo-03\/","og_locale":"es_ES","og_type":"article","og_title":"Carpeta para entrega de vivienda \/ entrega de veh\u00edculo - 03 - Leatai \u2013 Fabricante de cuadernos personalizados","og_description":"Modelo Leatai: Carpeta para entrega de vivienda \/ entrega de veh\u00edculo \u2013 03 Este modelo incluye varios compartimentos transparentes integrados, lo que permite clasificar y visualizar f\u00e1cilmente documentos en peque\u00f1as cantidades, aumentando considerablemente su funcionalidad. Combinado con una carpeta para documentos tama\u00f1o A4, no solo aporta practicidad, sino que tambi\u00e9n eleva la sensaci\u00f3n de exclusividad para el cliente.","og_url":"https:\/\/leatai.com\/es\/product\/bolsa-de-entrega-entrega-de-autos\/carpeta-para-entrega-de-vivienda-entrega-de-vehiculo-03\/","og_site_name":"Leatai \u2013 Fabricante de cuadernos personalizados","article_modified_time":"2025-04-30T05:54:47+00:00","og_image":[{"width":1000,"height":750,"url":"https:\/\/leatai.com\/wp-content\/uploads\/DSC_0366.jpg","type":"image\/jpeg"}],"twitter_card":"summary_large_image","twitter_misc":{"Tiempo de lectura":"2 minutos"},"schema":{"@context":"https:\/\/schema.org","@graph":[{"@type":"WebPage","@id":"https:\/\/leatai.com\/es\/product\/bolsa-de-entrega-entrega-de-autos\/carpeta-para-entrega-de-vivienda-entrega-de-vehiculo-03\/","url":"https:\/\/leatai.com\/es\/product\/bolsa-de-entrega-entrega-de-autos\/carpeta-para-entrega-de-vivienda-entrega-de-vehiculo-03\/","name":"Carpeta para entrega de vivienda \/ entrega de veh\u00edculo - 03 - Leatai \u2013 Fabricante de cuadernos personalizados","isPartOf":{"@id":"https:\/\/leatai.com\/es\/#website"},"primaryImageOfPage":{"@id":"https:\/\/leatai.com\/es\/product\/bolsa-de-entrega-entrega-de-autos\/carpeta-para-entrega-de-vivienda-entrega-de-vehiculo-03\/#primaryimage"},"image":{"@id":"https:\/\/leatai.com\/es\/product\/bolsa-de-entrega-entrega-de-autos\/carpeta-para-entrega-de-vivienda-entrega-de-vehiculo-03\/#primaryimage"},"thumbnailUrl":"https:\/\/leatai.com\/wp-content\/uploads\/DSC_0366.jpg","datePublished":"2023-05-08T13:13:43+00:00","dateModified":"2025-04-30T05:54:47+00:00","description":"Modelo Leatai: Carpeta para entrega de vivienda \/ entrega de veh\u00edculo \u2013 03 Este modelo incluye varios compartimentos transparentes integrados, lo que permite clasificar y visualizar f\u00e1cilmente documentos en peque\u00f1as cantidades, aumentando considerablemente su funcionalidad. Combinado con una carpeta para documentos tama\u00f1o A4, no solo aporta practicidad, sino que tambi\u00e9n eleva la sensaci\u00f3n de exclusividad para el cliente.","breadcrumb":{"@id":"https:\/\/leatai.com\/es\/product\/bolsa-de-entrega-entrega-de-autos\/carpeta-para-entrega-de-vivienda-entrega-de-vehiculo-03\/#breadcrumb"},"inLanguage":"es","potentialAction":[{"@type":"ReadAction","target":["https:\/\/leatai.com\/es\/product\/bolsa-de-entrega-entrega-de-autos\/carpeta-para-entrega-de-vivienda-entrega-de-vehiculo-03\/"]}]},{"@type":"ImageObject","inLanguage":"es","@id":"https:\/\/leatai.com\/es\/product\/bolsa-de-entrega-entrega-de-autos\/carpeta-para-entrega-de-vivienda-entrega-de-vehiculo-03\/#primaryimage","url":"https:\/\/leatai.com\/wp-content\/uploads\/DSC_0366.jpg","contentUrl":"https:\/\/leatai.com\/wp-content\/uploads\/DSC_0366.jpg","width":1000,"height":750,"caption":"Carpeta para entrega de vivienda \/ entrega de veh\u00edculo"},{"@type":"BreadcrumbList","@id":"https:\/\/leatai.com\/es\/product\/bolsa-de-entrega-entrega-de-autos\/carpeta-para-entrega-de-vivienda-entrega-de-vehiculo-03\/#breadcrumb","itemListElement":[{"@type":"ListItem","position":1,"name":"Home","item":"https:\/\/leatai.com\/es\/"},{"@type":"ListItem","position":2,"name":"Presentaci\u00f3n de productos","item":"https:\/\/leatai.com\/products\/"},{"@type":"ListItem","position":3,"name":"Bolsa de Entrega \/ Entrega de Autos","item":"https:\/\/leatai.com\/es\/categoria-producto\/bolsa-de-entrega-entrega-de-autos\/"},{"@type":"ListItem","position":4,"name":"Carpeta para entrega de vivienda \/ entrega de veh\u00edculo &#8211; 03"}]},{"@type":"WebSite","@id":"https:\/\/leatai.com\/es\/#website","url":"https:\/\/leatai.com\/es\/","name":"Leatai \u2013 Fabricante de cuadernos personalizados","description":"Leatai ofrece cuadernos y planificadores personalizados para marcas y distribuidores globales.","publisher":{"@id":"https:\/\/leatai.com\/es\/#organization"},"potentialAction":[{"@type":"SearchAction","target":{"@type":"EntryPoint","urlTemplate":"https:\/\/leatai.com\/es\/?s={search_term_string}"},"query-input":{"@type":"PropertyValueSpecification","valueRequired":true,"valueName":"search_term_string"}}],"inLanguage":"es"},{"@type":"Organization","@id":"https:\/\/leatai.com\/es\/#organization","name":"Leatai Diary, customized journal and business organizer","url":"https:\/\/leatai.com\/es\/","logo":{"@type":"ImageObject","inLanguage":"es","@id":"https:\/\/leatai.com\/es\/#\/schema\/logo\/image\/","url":"https:\/\/leatai.com\/wp-content\/uploads\/logo-blue.png","contentUrl":"https:\/\/leatai.com\/wp-content\/uploads\/logo-blue.png","width":230,"height":60,"caption":"Leatai Diary, customized journal and business organizer"},"image":{"@id":"https:\/\/leatai.com\/es\/#\/schema\/logo\/image\/"},"telephone":"+886-2-8227-8800","legalName":"Leatai Stationary Co., Ltd.","description":"A leading notebook factory in Taiwan offering bespoke branding, high-quality binding, and premium paper selections for corporate gifts and stationery wholesale.","address":{"@type":"PostalAddress","streetAddress":"11F., No. 168, Jiankang Rd.","addressLocality":"Zhonghe Dist.","addressRegion":"New Taipei City","postalCode":"235","addressCountry":"TW"},"contactPoint":{"@type":"ContactPoint","telephone":"+886-2-8227-8800","contactType":"sales","areaServed":"Worldwide","availableLanguage":["zh-TW","en"]}}]}},"_links":{"self":[{"href":"https:\/\/leatai.com\/es\/wp-json\/wp\/v2\/product\/176149","targetHints":{"allow":["GET"]}}],"collection":[{"href":"https:\/\/leatai.com\/es\/wp-json\/wp\/v2\/product"}],"about":[{"href":"https:\/\/leatai.com\/es\/wp-json\/wp\/v2\/types\/product"}],"wp:featuredmedia":[{"embeddable":true,"href":"https:\/\/leatai.com\/es\/wp-json\/wp\/v2\/media\/67739"}],"wp:attachment":[{"href":"https:\/\/leatai.com\/es\/wp-json\/wp\/v2\/media?parent=176149"}],"wp:term":[{"taxonomy":"product_brand","embeddable":true,"href":"https:\/\/leatai.com\/es\/wp-json\/wp\/v2\/product_brand?post=176149"},{"taxonomy":"product_cat","embeddable":true,"href":"https:\/\/leatai.com\/es\/wp-json\/wp\/v2\/product_cat?post=176149"},{"taxonomy":"product_tag","embeddable":true,"href":"https:\/\/leatai.com\/es\/wp-json\/wp\/v2\/product_tag?post=176149"},{"taxonomy":"home_works","embeddable":true,"href":"https:\/\/leatai.com\/es\/wp-json\/wp\/v2\/home_works?post=176149"}],"curies":[{"name":"wp","href":"https:\/\/api.w.org\/{rel}","templated":true}]}}