{"id":176107,"date":"2021-06-24T13:22:46","date_gmt":"2021-06-24T05:22:46","guid":{"rendered":"https:\/\/leatai.com\/product\/sin%20categor\u00eda\/clutch-de-cuero-genuino-con-acabado-artesanal\/"},"modified":"2025-04-15T11:18:51","modified_gmt":"2025-04-15T03:18:51","slug":"clutch-de-cuero-genuino-con-acabado-artesanal","status":"publish","type":"product","link":"https:\/\/leatai.com\/es\/product\/productos-de-regalo-y-cuero\/productos-de-cuero-y-suministros-de-oficina\/clutch-de-cuero-genuino-con-acabado-artesanal\/","title":{"rendered":"Clutch de cuero genuino con acabado artesanal"},"content":{"rendered":"<p>Material: Cuero de res genuino importado<br \/>\nEmbalaje: Bolsa OPP<\/p>\n<p>Descripci\u00f3n del producto<\/p>\n<p>La muestra en la foto est\u00e1 cosida a mano con hilo encerado; para la producci\u00f3n en serie se utiliza costura a m\u00e1quina con hilo grueso para lograr un acabado m\u00e1s refinado.<br \/>\nTambi\u00e9n se pueden personalizar otros art\u00edculos de cuero genuino, como fundas, monederos, portapasaportes, tarjeteros, porta credenciales, entre otros.<br \/>\nConsulta con nosotros para m\u00e1s informaci\u00f3n.<\/p>\n","protected":false},"excerpt":{"rendered":"<p>Material: Cuero de res genuino importado Embalaje: Bolsa OPP Descripci\u00f3n del producto La muestra en la foto est\u00e1 cosida a mano con hilo encerado; para la producci\u00f3n en serie se utiliza costura a m\u00e1quina con hilo grueso para lograr un acabado m\u00e1s refinado. Tambi\u00e9n se pueden personalizar otros art\u00edculos de cuero genuino, como fundas, monederos, [&hellip;]<\/p>\n","protected":false},"featured_media":176108,"template":"","meta":{"_acf_changed":false},"product_brand":[],"product_cat":[1134],"product_tag":[],"home_works":[],"class_list":{"0":"post-176107","1":"product","2":"type-product","3":"status-publish","4":"has-post-thumbnail","6":"product_cat-productos-de-cuero-y-suministros-de-oficina","8":"first","9":"instock","10":"sold-individually","11":"shipping-taxable","12":"purchasable","13":"product-type-simple"},"acf":[],"yoast_head":"<!-- This site is optimized with the Yoast SEO plugin v27.2 - https:\/\/yoast.com\/product\/yoast-seo-wordpress\/ -->\n<title>Clutch de cuero genuino con acabado artesanal - Leatai \u2013 Fabricante de cuadernos personalizados<\/title>\n<meta name=\"description\" content=\"Clutch elaborado en cuero genuino, dise\u00f1ado especialmente en un tama\u00f1o y formato que se adapta a los h\u00e1bitos cotidianos. Con un estilo intencionalmente artesanal, garantiza un dise\u00f1o \u00fanico que evita coincidencias al llevarlo contigo.\" \/>\n<meta name=\"robots\" content=\"index, follow, max-snippet:-1, max-image-preview:large, max-video-preview:-1\" \/>\n<link rel=\"canonical\" href=\"https:\/\/leatai.com\/es\/product\/productos-de-regalo-y-cuero\/productos-de-cuero-y-suministros-de-oficina\/clutch-de-cuero-genuino-con-acabado-artesanal\/\" \/>\n<meta property=\"og:locale\" content=\"es_ES\" \/>\n<meta property=\"og:type\" content=\"article\" \/>\n<meta property=\"og:title\" content=\"Clutch de cuero genuino con acabado artesanal - Leatai \u2013 Fabricante de cuadernos personalizados\" \/>\n<meta property=\"og:description\" content=\"Clutch elaborado en cuero genuino, dise\u00f1ado especialmente en un tama\u00f1o y formato que se adapta a los h\u00e1bitos cotidianos. Con un estilo intencionalmente artesanal, garantiza un dise\u00f1o \u00fanico que evita coincidencias al llevarlo contigo.\" \/>\n<meta property=\"og:url\" content=\"https:\/\/leatai.com\/es\/product\/productos-de-regalo-y-cuero\/productos-de-cuero-y-suministros-de-oficina\/clutch-de-cuero-genuino-con-acabado-artesanal\/\" \/>\n<meta property=\"og:site_name\" content=\"Leatai \u2013 Fabricante de cuadernos personalizados\" \/>\n<meta property=\"article:modified_time\" content=\"2025-04-15T03:18:51+00:00\" \/>\n<meta property=\"og:image\" content=\"https:\/\/leatai.com\/wp-content\/uploads\/2016_01_20_1757090.jpg\" \/>\n\t<meta property=\"og:image:width\" content=\"1000\" \/>\n\t<meta property=\"og:image:height\" content=\"750\" \/>\n\t<meta property=\"og:image:type\" content=\"image\/jpeg\" \/>\n<meta name=\"twitter:card\" content=\"summary_large_image\" \/>\n<meta name=\"twitter:label1\" content=\"Tiempo de lectura\" \/>\n\t<meta name=\"twitter:data1\" content=\"1 minuto\" \/>\n<script type=\"application\/ld+json\" class=\"yoast-schema-graph\">{\"@context\":\"https:\/\/schema.org\",\"@graph\":[{\"@type\":\"WebPage\",\"@id\":\"https:\/\/leatai.com\/es\/product\/productos-de-regalo-y-cuero\/productos-de-cuero-y-suministros-de-oficina\/clutch-de-cuero-genuino-con-acabado-artesanal\/\",\"url\":\"https:\/\/leatai.com\/es\/product\/productos-de-regalo-y-cuero\/productos-de-cuero-y-suministros-de-oficina\/clutch-de-cuero-genuino-con-acabado-artesanal\/\",\"name\":\"Clutch de cuero genuino con acabado artesanal - Leatai \u2013 Fabricante de cuadernos personalizados\",\"isPartOf\":{\"@id\":\"https:\/\/leatai.com\/es\/#website\"},\"primaryImageOfPage\":{\"@id\":\"https:\/\/leatai.com\/es\/product\/productos-de-regalo-y-cuero\/productos-de-cuero-y-suministros-de-oficina\/clutch-de-cuero-genuino-con-acabado-artesanal\/#primaryimage\"},\"image\":{\"@id\":\"https:\/\/leatai.com\/es\/product\/productos-de-regalo-y-cuero\/productos-de-cuero-y-suministros-de-oficina\/clutch-de-cuero-genuino-con-acabado-artesanal\/#primaryimage\"},\"thumbnailUrl\":\"https:\/\/leatai.com\/wp-content\/uploads\/2016_01_20_1757090.jpg\",\"datePublished\":\"2021-06-24T05:22:46+00:00\",\"dateModified\":\"2025-04-15T03:18:51+00:00\",\"description\":\"Clutch elaborado en cuero genuino, dise\u00f1ado especialmente en un tama\u00f1o y formato que se adapta a los h\u00e1bitos cotidianos. Con un estilo intencionalmente artesanal, garantiza un dise\u00f1o \u00fanico que evita coincidencias al llevarlo contigo.\",\"breadcrumb\":{\"@id\":\"https:\/\/leatai.com\/es\/product\/productos-de-regalo-y-cuero\/productos-de-cuero-y-suministros-de-oficina\/clutch-de-cuero-genuino-con-acabado-artesanal\/#breadcrumb\"},\"inLanguage\":\"es\",\"potentialAction\":[{\"@type\":\"ReadAction\",\"target\":[\"https:\/\/leatai.com\/es\/product\/productos-de-regalo-y-cuero\/productos-de-cuero-y-suministros-de-oficina\/clutch-de-cuero-genuino-con-acabado-artesanal\/\"]}]},{\"@type\":\"ImageObject\",\"inLanguage\":\"es\",\"@id\":\"https:\/\/leatai.com\/es\/product\/productos-de-regalo-y-cuero\/productos-de-cuero-y-suministros-de-oficina\/clutch-de-cuero-genuino-con-acabado-artesanal\/#primaryimage\",\"url\":\"https:\/\/leatai.com\/wp-content\/uploads\/2016_01_20_1757090.jpg\",\"contentUrl\":\"https:\/\/leatai.com\/wp-content\/uploads\/2016_01_20_1757090.jpg\",\"width\":1000,\"height\":750},{\"@type\":\"BreadcrumbList\",\"@id\":\"https:\/\/leatai.com\/es\/product\/productos-de-regalo-y-cuero\/productos-de-cuero-y-suministros-de-oficina\/clutch-de-cuero-genuino-con-acabado-artesanal\/#breadcrumb\",\"itemListElement\":[{\"@type\":\"ListItem\",\"position\":1,\"name\":\"Home\",\"item\":\"https:\/\/leatai.com\/es\/\"},{\"@type\":\"ListItem\",\"position\":2,\"name\":\"Presentaci\u00f3n de productos\",\"item\":\"https:\/\/leatai.com\/products\/\"},{\"@type\":\"ListItem\",\"position\":3,\"name\":\"Productos de Regalo y Cuero\",\"item\":\"https:\/\/leatai.com\/es\/categoria-producto\/productos-de-regalo-y-cuero\/\"},{\"@type\":\"ListItem\",\"position\":4,\"name\":\"Productos de cuero y suministros de oficina\",\"item\":\"https:\/\/leatai.com\/es\/categoria-producto\/productos-de-regalo-y-cuero\/productos-de-cuero-y-suministros-de-oficina\/\"},{\"@type\":\"ListItem\",\"position\":5,\"name\":\"Clutch de cuero genuino con acabado artesanal\"}]},{\"@type\":\"WebSite\",\"@id\":\"https:\/\/leatai.com\/es\/#website\",\"url\":\"https:\/\/leatai.com\/es\/\",\"name\":\"Leatai \u2013 Fabricante de cuadernos personalizados\",\"description\":\"Leatai ofrece cuadernos y planificadores personalizados para marcas y distribuidores globales.\",\"publisher\":{\"@id\":\"https:\/\/leatai.com\/es\/#organization\"},\"potentialAction\":[{\"@type\":\"SearchAction\",\"target\":{\"@type\":\"EntryPoint\",\"urlTemplate\":\"https:\/\/leatai.com\/es\/?s={search_term_string}\"},\"query-input\":{\"@type\":\"PropertyValueSpecification\",\"valueRequired\":true,\"valueName\":\"search_term_string\"}}],\"inLanguage\":\"es\"},{\"@type\":\"Organization\",\"@id\":\"https:\/\/leatai.com\/es\/#organization\",\"name\":\"Leatai Diary, customized journal and business organizer\",\"url\":\"https:\/\/leatai.com\/es\/\",\"logo\":{\"@type\":\"ImageObject\",\"inLanguage\":\"es\",\"@id\":\"https:\/\/leatai.com\/es\/#\/schema\/logo\/image\/\",\"url\":\"https:\/\/leatai.com\/wp-content\/uploads\/logo-blue.png\",\"contentUrl\":\"https:\/\/leatai.com\/wp-content\/uploads\/logo-blue.png\",\"width\":230,\"height\":60,\"caption\":\"Leatai Diary, customized journal and business organizer\"},\"image\":{\"@id\":\"https:\/\/leatai.com\/es\/#\/schema\/logo\/image\/\"}}]}<\/script>\n<!-- \/ Yoast SEO plugin. -->","yoast_head_json":{"title":"Clutch de cuero genuino con acabado artesanal - Leatai \u2013 Fabricante de cuadernos personalizados","description":"Clutch elaborado en cuero genuino, dise\u00f1ado especialmente en un tama\u00f1o y formato que se adapta a los h\u00e1bitos cotidianos. Con un estilo intencionalmente artesanal, garantiza un dise\u00f1o \u00fanico que evita coincidencias al llevarlo contigo.","robots":{"index":"index","follow":"follow","max-snippet":"max-snippet:-1","max-image-preview":"max-image-preview:large","max-video-preview":"max-video-preview:-1"},"canonical":"https:\/\/leatai.com\/es\/product\/productos-de-regalo-y-cuero\/productos-de-cuero-y-suministros-de-oficina\/clutch-de-cuero-genuino-con-acabado-artesanal\/","og_locale":"es_ES","og_type":"article","og_title":"Clutch de cuero genuino con acabado artesanal - Leatai \u2013 Fabricante de cuadernos personalizados","og_description":"Clutch elaborado en cuero genuino, dise\u00f1ado especialmente en un tama\u00f1o y formato que se adapta a los h\u00e1bitos cotidianos. Con un estilo intencionalmente artesanal, garantiza un dise\u00f1o \u00fanico que evita coincidencias al llevarlo contigo.","og_url":"https:\/\/leatai.com\/es\/product\/productos-de-regalo-y-cuero\/productos-de-cuero-y-suministros-de-oficina\/clutch-de-cuero-genuino-con-acabado-artesanal\/","og_site_name":"Leatai \u2013 Fabricante de cuadernos personalizados","article_modified_time":"2025-04-15T03:18:51+00:00","og_image":[{"width":1000,"height":750,"url":"https:\/\/leatai.com\/wp-content\/uploads\/2016_01_20_1757090.jpg","type":"image\/jpeg"}],"twitter_card":"summary_large_image","twitter_misc":{"Tiempo de lectura":"1 minuto"},"schema":{"@context":"https:\/\/schema.org","@graph":[{"@type":"WebPage","@id":"https:\/\/leatai.com\/es\/product\/productos-de-regalo-y-cuero\/productos-de-cuero-y-suministros-de-oficina\/clutch-de-cuero-genuino-con-acabado-artesanal\/","url":"https:\/\/leatai.com\/es\/product\/productos-de-regalo-y-cuero\/productos-de-cuero-y-suministros-de-oficina\/clutch-de-cuero-genuino-con-acabado-artesanal\/","name":"Clutch de cuero genuino con acabado artesanal - Leatai \u2013 Fabricante de cuadernos personalizados","isPartOf":{"@id":"https:\/\/leatai.com\/es\/#website"},"primaryImageOfPage":{"@id":"https:\/\/leatai.com\/es\/product\/productos-de-regalo-y-cuero\/productos-de-cuero-y-suministros-de-oficina\/clutch-de-cuero-genuino-con-acabado-artesanal\/#primaryimage"},"image":{"@id":"https:\/\/leatai.com\/es\/product\/productos-de-regalo-y-cuero\/productos-de-cuero-y-suministros-de-oficina\/clutch-de-cuero-genuino-con-acabado-artesanal\/#primaryimage"},"thumbnailUrl":"https:\/\/leatai.com\/wp-content\/uploads\/2016_01_20_1757090.jpg","datePublished":"2021-06-24T05:22:46+00:00","dateModified":"2025-04-15T03:18:51+00:00","description":"Clutch elaborado en cuero genuino, dise\u00f1ado especialmente en un tama\u00f1o y formato que se adapta a los h\u00e1bitos cotidianos. Con un estilo intencionalmente artesanal, garantiza un dise\u00f1o \u00fanico que evita coincidencias al llevarlo contigo.","breadcrumb":{"@id":"https:\/\/leatai.com\/es\/product\/productos-de-regalo-y-cuero\/productos-de-cuero-y-suministros-de-oficina\/clutch-de-cuero-genuino-con-acabado-artesanal\/#breadcrumb"},"inLanguage":"es","potentialAction":[{"@type":"ReadAction","target":["https:\/\/leatai.com\/es\/product\/productos-de-regalo-y-cuero\/productos-de-cuero-y-suministros-de-oficina\/clutch-de-cuero-genuino-con-acabado-artesanal\/"]}]},{"@type":"ImageObject","inLanguage":"es","@id":"https:\/\/leatai.com\/es\/product\/productos-de-regalo-y-cuero\/productos-de-cuero-y-suministros-de-oficina\/clutch-de-cuero-genuino-con-acabado-artesanal\/#primaryimage","url":"https:\/\/leatai.com\/wp-content\/uploads\/2016_01_20_1757090.jpg","contentUrl":"https:\/\/leatai.com\/wp-content\/uploads\/2016_01_20_1757090.jpg","width":1000,"height":750},{"@type":"BreadcrumbList","@id":"https:\/\/leatai.com\/es\/product\/productos-de-regalo-y-cuero\/productos-de-cuero-y-suministros-de-oficina\/clutch-de-cuero-genuino-con-acabado-artesanal\/#breadcrumb","itemListElement":[{"@type":"ListItem","position":1,"name":"Home","item":"https:\/\/leatai.com\/es\/"},{"@type":"ListItem","position":2,"name":"Presentaci\u00f3n de productos","item":"https:\/\/leatai.com\/products\/"},{"@type":"ListItem","position":3,"name":"Productos de Regalo y Cuero","item":"https:\/\/leatai.com\/es\/categoria-producto\/productos-de-regalo-y-cuero\/"},{"@type":"ListItem","position":4,"name":"Productos de cuero y suministros de oficina","item":"https:\/\/leatai.com\/es\/categoria-producto\/productos-de-regalo-y-cuero\/productos-de-cuero-y-suministros-de-oficina\/"},{"@type":"ListItem","position":5,"name":"Clutch de cuero genuino con acabado artesanal"}]},{"@type":"WebSite","@id":"https:\/\/leatai.com\/es\/#website","url":"https:\/\/leatai.com\/es\/","name":"Leatai \u2013 Fabricante de cuadernos personalizados","description":"Leatai ofrece cuadernos y planificadores personalizados para marcas y distribuidores globales.","publisher":{"@id":"https:\/\/leatai.com\/es\/#organization"},"potentialAction":[{"@type":"SearchAction","target":{"@type":"EntryPoint","urlTemplate":"https:\/\/leatai.com\/es\/?s={search_term_string}"},"query-input":{"@type":"PropertyValueSpecification","valueRequired":true,"valueName":"search_term_string"}}],"inLanguage":"es"},{"@type":"Organization","@id":"https:\/\/leatai.com\/es\/#organization","name":"Leatai Diary, customized journal and business organizer","url":"https:\/\/leatai.com\/es\/","logo":{"@type":"ImageObject","inLanguage":"es","@id":"https:\/\/leatai.com\/es\/#\/schema\/logo\/image\/","url":"https:\/\/leatai.com\/wp-content\/uploads\/logo-blue.png","contentUrl":"https:\/\/leatai.com\/wp-content\/uploads\/logo-blue.png","width":230,"height":60,"caption":"Leatai Diary, customized journal and business organizer"},"image":{"@id":"https:\/\/leatai.com\/es\/#\/schema\/logo\/image\/"}}]}},"_links":{"self":[{"href":"https:\/\/leatai.com\/es\/wp-json\/wp\/v2\/product\/176107","targetHints":{"allow":["GET"]}}],"collection":[{"href":"https:\/\/leatai.com\/es\/wp-json\/wp\/v2\/product"}],"about":[{"href":"https:\/\/leatai.com\/es\/wp-json\/wp\/v2\/types\/product"}],"wp:featuredmedia":[{"embeddable":true,"href":"https:\/\/leatai.com\/es\/wp-json\/wp\/v2\/media\/176108"}],"wp:attachment":[{"href":"https:\/\/leatai.com\/es\/wp-json\/wp\/v2\/media?parent=176107"}],"wp:term":[{"taxonomy":"product_brand","embeddable":true,"href":"https:\/\/leatai.com\/es\/wp-json\/wp\/v2\/product_brand?post=176107"},{"taxonomy":"product_cat","embeddable":true,"href":"https:\/\/leatai.com\/es\/wp-json\/wp\/v2\/product_cat?post=176107"},{"taxonomy":"product_tag","embeddable":true,"href":"https:\/\/leatai.com\/es\/wp-json\/wp\/v2\/product_tag?post=176107"},{"taxonomy":"home_works","embeddable":true,"href":"https:\/\/leatai.com\/es\/wp-json\/wp\/v2\/home_works?post=176107"}],"curies":[{"name":"wp","href":"https:\/\/api.w.org\/{rel}","templated":true}]}}