{"id":176104,"date":"2021-06-24T13:22:46","date_gmt":"2021-06-24T05:22:46","guid":{"rendered":"https:\/\/leatai.com\/product\/sin%20categor\u00eda\/placa-de-escritorio-personalizada-de-cuero-genuino\/"},"modified":"2025-04-15T11:18:09","modified_gmt":"2025-04-15T03:18:09","slug":"placa-de-escritorio-personalizada-de-cuero-genuino","status":"publish","type":"product","link":"https:\/\/leatai.com\/es\/product\/productos-de-regalo-y-cuero\/productos-de-cuero-y-suministros-de-oficina\/placa-de-escritorio-personalizada-de-cuero-genuino\/","title":{"rendered":"Placa de escritorio personalizada de cuero genuino"},"content":{"rendered":"<p>Material: Cuero de res genuino importado<br \/>\nEmbalaje: Bolsa OPP<\/p>\n<p>Descripci\u00f3n del producto<\/p>\n<p>Ofrecemos una amplia variedad de art\u00edculos en cuero genuino. Bienvenidas las \u00f3rdenes de fabricaci\u00f3n personalizada a partir de muestras, o el desarrollo conjunto de dise\u00f1o. En Leatai ofrecemos un servicio integral de dise\u00f1o y producci\u00f3n para productos de cuero.<\/p>\n<p>Tambi\u00e9n aceptamos pedidos personalizados de otros art\u00edculos de cuero genuino, como fundas, monederos, portapasaportes, tarjeteros, porta credenciales, entre otros. No dudes en contactarnos para m\u00e1s informaci\u00f3n.<\/p>\n","protected":false},"excerpt":{"rendered":"<p>Material: Cuero de res genuino importado Embalaje: Bolsa OPP Descripci\u00f3n del producto Ofrecemos una amplia variedad de art\u00edculos en cuero genuino. Bienvenidas las \u00f3rdenes de fabricaci\u00f3n personalizada a partir de muestras, o el desarrollo conjunto de dise\u00f1o. En Leatai ofrecemos un servicio integral de dise\u00f1o y producci\u00f3n para productos de cuero. Tambi\u00e9n aceptamos pedidos personalizados [&hellip;]<\/p>\n","protected":false},"featured_media":176105,"template":"","meta":{"_acf_changed":false},"product_brand":[],"product_cat":[1134],"product_tag":[],"home_works":[],"class_list":{"0":"post-176104","1":"product","2":"type-product","3":"status-publish","4":"has-post-thumbnail","6":"product_cat-productos-de-cuero-y-suministros-de-oficina","8":"first","9":"instock","10":"sold-individually","11":"shipping-taxable","12":"purchasable","13":"product-type-simple"},"acf":[],"yoast_head":"<!-- This site is optimized with the Yoast SEO plugin v27.2 - https:\/\/yoast.com\/product\/yoast-seo-wordpress\/ -->\n<title>Placa de escritorio personalizada de cuero genuino - Leatai \u2013 Fabricante de cuadernos personalizados<\/title>\n<meta name=\"description\" content=\"Una placa de escritorio de cuero genuino sumamente rara y poco com\u00fan. Adem\u00e1s de resaltar el estilo personal, demuestra una atenci\u00f3n especial al detalle. Su elaboraci\u00f3n requiere tiempo y dedicaci\u00f3n, por lo que se recomienda como un obsequio significativo para alguien especial.\" \/>\n<meta name=\"robots\" content=\"index, follow, max-snippet:-1, max-image-preview:large, max-video-preview:-1\" \/>\n<link rel=\"canonical\" href=\"https:\/\/leatai.com\/es\/product\/productos-de-regalo-y-cuero\/productos-de-cuero-y-suministros-de-oficina\/placa-de-escritorio-personalizada-de-cuero-genuino\/\" \/>\n<meta property=\"og:locale\" content=\"es_ES\" \/>\n<meta property=\"og:type\" content=\"article\" \/>\n<meta property=\"og:title\" content=\"Placa de escritorio personalizada de cuero genuino - Leatai \u2013 Fabricante de cuadernos personalizados\" \/>\n<meta property=\"og:description\" content=\"Una placa de escritorio de cuero genuino sumamente rara y poco com\u00fan. Adem\u00e1s de resaltar el estilo personal, demuestra una atenci\u00f3n especial al detalle. Su elaboraci\u00f3n requiere tiempo y dedicaci\u00f3n, por lo que se recomienda como un obsequio significativo para alguien especial.\" \/>\n<meta property=\"og:url\" content=\"https:\/\/leatai.com\/es\/product\/productos-de-regalo-y-cuero\/productos-de-cuero-y-suministros-de-oficina\/placa-de-escritorio-personalizada-de-cuero-genuino\/\" \/>\n<meta property=\"og:site_name\" content=\"Leatai \u2013 Fabricante de cuadernos personalizados\" \/>\n<meta property=\"article:modified_time\" content=\"2025-04-15T03:18:09+00:00\" \/>\n<meta property=\"og:image\" content=\"https:\/\/leatai.com\/wp-content\/uploads\/2016_01_20_2227230.jpg\" \/>\n\t<meta property=\"og:image:width\" content=\"1000\" \/>\n\t<meta property=\"og:image:height\" content=\"750\" \/>\n\t<meta property=\"og:image:type\" content=\"image\/jpeg\" \/>\n<meta name=\"twitter:card\" content=\"summary_large_image\" \/>\n<meta name=\"twitter:label1\" content=\"Tiempo de lectura\" \/>\n\t<meta name=\"twitter:data1\" content=\"1 minuto\" \/>\n<script type=\"application\/ld+json\" class=\"yoast-schema-graph\">{\"@context\":\"https:\/\/schema.org\",\"@graph\":[{\"@type\":\"WebPage\",\"@id\":\"https:\/\/leatai.com\/es\/product\/productos-de-regalo-y-cuero\/productos-de-cuero-y-suministros-de-oficina\/placa-de-escritorio-personalizada-de-cuero-genuino\/\",\"url\":\"https:\/\/leatai.com\/es\/product\/productos-de-regalo-y-cuero\/productos-de-cuero-y-suministros-de-oficina\/placa-de-escritorio-personalizada-de-cuero-genuino\/\",\"name\":\"Placa de escritorio personalizada de cuero genuino - Leatai \u2013 Fabricante de cuadernos personalizados\",\"isPartOf\":{\"@id\":\"https:\/\/leatai.com\/es\/#website\"},\"primaryImageOfPage\":{\"@id\":\"https:\/\/leatai.com\/es\/product\/productos-de-regalo-y-cuero\/productos-de-cuero-y-suministros-de-oficina\/placa-de-escritorio-personalizada-de-cuero-genuino\/#primaryimage\"},\"image\":{\"@id\":\"https:\/\/leatai.com\/es\/product\/productos-de-regalo-y-cuero\/productos-de-cuero-y-suministros-de-oficina\/placa-de-escritorio-personalizada-de-cuero-genuino\/#primaryimage\"},\"thumbnailUrl\":\"https:\/\/leatai.com\/wp-content\/uploads\/2016_01_20_2227230.jpg\",\"datePublished\":\"2021-06-24T05:22:46+00:00\",\"dateModified\":\"2025-04-15T03:18:09+00:00\",\"description\":\"Una placa de escritorio de cuero genuino sumamente rara y poco com\u00fan. Adem\u00e1s de resaltar el estilo personal, demuestra una atenci\u00f3n especial al detalle. Su elaboraci\u00f3n requiere tiempo y dedicaci\u00f3n, por lo que se recomienda como un obsequio significativo para alguien especial.\",\"breadcrumb\":{\"@id\":\"https:\/\/leatai.com\/es\/product\/productos-de-regalo-y-cuero\/productos-de-cuero-y-suministros-de-oficina\/placa-de-escritorio-personalizada-de-cuero-genuino\/#breadcrumb\"},\"inLanguage\":\"es\",\"potentialAction\":[{\"@type\":\"ReadAction\",\"target\":[\"https:\/\/leatai.com\/es\/product\/productos-de-regalo-y-cuero\/productos-de-cuero-y-suministros-de-oficina\/placa-de-escritorio-personalizada-de-cuero-genuino\/\"]}]},{\"@type\":\"ImageObject\",\"inLanguage\":\"es\",\"@id\":\"https:\/\/leatai.com\/es\/product\/productos-de-regalo-y-cuero\/productos-de-cuero-y-suministros-de-oficina\/placa-de-escritorio-personalizada-de-cuero-genuino\/#primaryimage\",\"url\":\"https:\/\/leatai.com\/wp-content\/uploads\/2016_01_20_2227230.jpg\",\"contentUrl\":\"https:\/\/leatai.com\/wp-content\/uploads\/2016_01_20_2227230.jpg\",\"width\":1000,\"height\":750},{\"@type\":\"BreadcrumbList\",\"@id\":\"https:\/\/leatai.com\/es\/product\/productos-de-regalo-y-cuero\/productos-de-cuero-y-suministros-de-oficina\/placa-de-escritorio-personalizada-de-cuero-genuino\/#breadcrumb\",\"itemListElement\":[{\"@type\":\"ListItem\",\"position\":1,\"name\":\"Home\",\"item\":\"https:\/\/leatai.com\/es\/\"},{\"@type\":\"ListItem\",\"position\":2,\"name\":\"Presentaci\u00f3n de productos\",\"item\":\"https:\/\/leatai.com\/products\/\"},{\"@type\":\"ListItem\",\"position\":3,\"name\":\"Productos de Regalo y Cuero\",\"item\":\"https:\/\/leatai.com\/es\/categoria-producto\/productos-de-regalo-y-cuero\/\"},{\"@type\":\"ListItem\",\"position\":4,\"name\":\"Productos de cuero y suministros de oficina\",\"item\":\"https:\/\/leatai.com\/es\/categoria-producto\/productos-de-regalo-y-cuero\/productos-de-cuero-y-suministros-de-oficina\/\"},{\"@type\":\"ListItem\",\"position\":5,\"name\":\"Placa de escritorio personalizada de cuero genuino\"}]},{\"@type\":\"WebSite\",\"@id\":\"https:\/\/leatai.com\/es\/#website\",\"url\":\"https:\/\/leatai.com\/es\/\",\"name\":\"Leatai \u2013 Fabricante de cuadernos personalizados\",\"description\":\"Leatai ofrece cuadernos y planificadores personalizados para marcas y distribuidores globales.\",\"publisher\":{\"@id\":\"https:\/\/leatai.com\/es\/#organization\"},\"potentialAction\":[{\"@type\":\"SearchAction\",\"target\":{\"@type\":\"EntryPoint\",\"urlTemplate\":\"https:\/\/leatai.com\/es\/?s={search_term_string}\"},\"query-input\":{\"@type\":\"PropertyValueSpecification\",\"valueRequired\":true,\"valueName\":\"search_term_string\"}}],\"inLanguage\":\"es\"},{\"@type\":\"Organization\",\"@id\":\"https:\/\/leatai.com\/es\/#organization\",\"name\":\"Leatai Diary, customized journal and business organizer\",\"url\":\"https:\/\/leatai.com\/es\/\",\"logo\":{\"@type\":\"ImageObject\",\"inLanguage\":\"es\",\"@id\":\"https:\/\/leatai.com\/es\/#\/schema\/logo\/image\/\",\"url\":\"https:\/\/leatai.com\/wp-content\/uploads\/logo-blue.png\",\"contentUrl\":\"https:\/\/leatai.com\/wp-content\/uploads\/logo-blue.png\",\"width\":230,\"height\":60,\"caption\":\"Leatai Diary, customized journal and business organizer\"},\"image\":{\"@id\":\"https:\/\/leatai.com\/es\/#\/schema\/logo\/image\/\"}}]}<\/script>\n<!-- \/ Yoast SEO plugin. -->","yoast_head_json":{"title":"Placa de escritorio personalizada de cuero genuino - Leatai \u2013 Fabricante de cuadernos personalizados","description":"Una placa de escritorio de cuero genuino sumamente rara y poco com\u00fan. Adem\u00e1s de resaltar el estilo personal, demuestra una atenci\u00f3n especial al detalle. Su elaboraci\u00f3n requiere tiempo y dedicaci\u00f3n, por lo que se recomienda como un obsequio significativo para alguien especial.","robots":{"index":"index","follow":"follow","max-snippet":"max-snippet:-1","max-image-preview":"max-image-preview:large","max-video-preview":"max-video-preview:-1"},"canonical":"https:\/\/leatai.com\/es\/product\/productos-de-regalo-y-cuero\/productos-de-cuero-y-suministros-de-oficina\/placa-de-escritorio-personalizada-de-cuero-genuino\/","og_locale":"es_ES","og_type":"article","og_title":"Placa de escritorio personalizada de cuero genuino - Leatai \u2013 Fabricante de cuadernos personalizados","og_description":"Una placa de escritorio de cuero genuino sumamente rara y poco com\u00fan. Adem\u00e1s de resaltar el estilo personal, demuestra una atenci\u00f3n especial al detalle. Su elaboraci\u00f3n requiere tiempo y dedicaci\u00f3n, por lo que se recomienda como un obsequio significativo para alguien especial.","og_url":"https:\/\/leatai.com\/es\/product\/productos-de-regalo-y-cuero\/productos-de-cuero-y-suministros-de-oficina\/placa-de-escritorio-personalizada-de-cuero-genuino\/","og_site_name":"Leatai \u2013 Fabricante de cuadernos personalizados","article_modified_time":"2025-04-15T03:18:09+00:00","og_image":[{"width":1000,"height":750,"url":"https:\/\/leatai.com\/wp-content\/uploads\/2016_01_20_2227230.jpg","type":"image\/jpeg"}],"twitter_card":"summary_large_image","twitter_misc":{"Tiempo de lectura":"1 minuto"},"schema":{"@context":"https:\/\/schema.org","@graph":[{"@type":"WebPage","@id":"https:\/\/leatai.com\/es\/product\/productos-de-regalo-y-cuero\/productos-de-cuero-y-suministros-de-oficina\/placa-de-escritorio-personalizada-de-cuero-genuino\/","url":"https:\/\/leatai.com\/es\/product\/productos-de-regalo-y-cuero\/productos-de-cuero-y-suministros-de-oficina\/placa-de-escritorio-personalizada-de-cuero-genuino\/","name":"Placa de escritorio personalizada de cuero genuino - Leatai \u2013 Fabricante de cuadernos personalizados","isPartOf":{"@id":"https:\/\/leatai.com\/es\/#website"},"primaryImageOfPage":{"@id":"https:\/\/leatai.com\/es\/product\/productos-de-regalo-y-cuero\/productos-de-cuero-y-suministros-de-oficina\/placa-de-escritorio-personalizada-de-cuero-genuino\/#primaryimage"},"image":{"@id":"https:\/\/leatai.com\/es\/product\/productos-de-regalo-y-cuero\/productos-de-cuero-y-suministros-de-oficina\/placa-de-escritorio-personalizada-de-cuero-genuino\/#primaryimage"},"thumbnailUrl":"https:\/\/leatai.com\/wp-content\/uploads\/2016_01_20_2227230.jpg","datePublished":"2021-06-24T05:22:46+00:00","dateModified":"2025-04-15T03:18:09+00:00","description":"Una placa de escritorio de cuero genuino sumamente rara y poco com\u00fan. Adem\u00e1s de resaltar el estilo personal, demuestra una atenci\u00f3n especial al detalle. Su elaboraci\u00f3n requiere tiempo y dedicaci\u00f3n, por lo que se recomienda como un obsequio significativo para alguien especial.","breadcrumb":{"@id":"https:\/\/leatai.com\/es\/product\/productos-de-regalo-y-cuero\/productos-de-cuero-y-suministros-de-oficina\/placa-de-escritorio-personalizada-de-cuero-genuino\/#breadcrumb"},"inLanguage":"es","potentialAction":[{"@type":"ReadAction","target":["https:\/\/leatai.com\/es\/product\/productos-de-regalo-y-cuero\/productos-de-cuero-y-suministros-de-oficina\/placa-de-escritorio-personalizada-de-cuero-genuino\/"]}]},{"@type":"ImageObject","inLanguage":"es","@id":"https:\/\/leatai.com\/es\/product\/productos-de-regalo-y-cuero\/productos-de-cuero-y-suministros-de-oficina\/placa-de-escritorio-personalizada-de-cuero-genuino\/#primaryimage","url":"https:\/\/leatai.com\/wp-content\/uploads\/2016_01_20_2227230.jpg","contentUrl":"https:\/\/leatai.com\/wp-content\/uploads\/2016_01_20_2227230.jpg","width":1000,"height":750},{"@type":"BreadcrumbList","@id":"https:\/\/leatai.com\/es\/product\/productos-de-regalo-y-cuero\/productos-de-cuero-y-suministros-de-oficina\/placa-de-escritorio-personalizada-de-cuero-genuino\/#breadcrumb","itemListElement":[{"@type":"ListItem","position":1,"name":"Home","item":"https:\/\/leatai.com\/es\/"},{"@type":"ListItem","position":2,"name":"Presentaci\u00f3n de productos","item":"https:\/\/leatai.com\/products\/"},{"@type":"ListItem","position":3,"name":"Productos de Regalo y Cuero","item":"https:\/\/leatai.com\/es\/categoria-producto\/productos-de-regalo-y-cuero\/"},{"@type":"ListItem","position":4,"name":"Productos de cuero y suministros de oficina","item":"https:\/\/leatai.com\/es\/categoria-producto\/productos-de-regalo-y-cuero\/productos-de-cuero-y-suministros-de-oficina\/"},{"@type":"ListItem","position":5,"name":"Placa de escritorio personalizada de cuero genuino"}]},{"@type":"WebSite","@id":"https:\/\/leatai.com\/es\/#website","url":"https:\/\/leatai.com\/es\/","name":"Leatai \u2013 Fabricante de cuadernos personalizados","description":"Leatai ofrece cuadernos y planificadores personalizados para marcas y distribuidores globales.","publisher":{"@id":"https:\/\/leatai.com\/es\/#organization"},"potentialAction":[{"@type":"SearchAction","target":{"@type":"EntryPoint","urlTemplate":"https:\/\/leatai.com\/es\/?s={search_term_string}"},"query-input":{"@type":"PropertyValueSpecification","valueRequired":true,"valueName":"search_term_string"}}],"inLanguage":"es"},{"@type":"Organization","@id":"https:\/\/leatai.com\/es\/#organization","name":"Leatai Diary, customized journal and business organizer","url":"https:\/\/leatai.com\/es\/","logo":{"@type":"ImageObject","inLanguage":"es","@id":"https:\/\/leatai.com\/es\/#\/schema\/logo\/image\/","url":"https:\/\/leatai.com\/wp-content\/uploads\/logo-blue.png","contentUrl":"https:\/\/leatai.com\/wp-content\/uploads\/logo-blue.png","width":230,"height":60,"caption":"Leatai Diary, customized journal and business organizer"},"image":{"@id":"https:\/\/leatai.com\/es\/#\/schema\/logo\/image\/"}}]}},"_links":{"self":[{"href":"https:\/\/leatai.com\/es\/wp-json\/wp\/v2\/product\/176104","targetHints":{"allow":["GET"]}}],"collection":[{"href":"https:\/\/leatai.com\/es\/wp-json\/wp\/v2\/product"}],"about":[{"href":"https:\/\/leatai.com\/es\/wp-json\/wp\/v2\/types\/product"}],"wp:featuredmedia":[{"embeddable":true,"href":"https:\/\/leatai.com\/es\/wp-json\/wp\/v2\/media\/176105"}],"wp:attachment":[{"href":"https:\/\/leatai.com\/es\/wp-json\/wp\/v2\/media?parent=176104"}],"wp:term":[{"taxonomy":"product_brand","embeddable":true,"href":"https:\/\/leatai.com\/es\/wp-json\/wp\/v2\/product_brand?post=176104"},{"taxonomy":"product_cat","embeddable":true,"href":"https:\/\/leatai.com\/es\/wp-json\/wp\/v2\/product_cat?post=176104"},{"taxonomy":"product_tag","embeddable":true,"href":"https:\/\/leatai.com\/es\/wp-json\/wp\/v2\/product_tag?post=176104"},{"taxonomy":"home_works","embeddable":true,"href":"https:\/\/leatai.com\/es\/wp-json\/wp\/v2\/home_works?post=176104"}],"curies":[{"name":"wp","href":"https:\/\/api.w.org\/{rel}","templated":true}]}}