{"id":176098,"date":"2021-06-24T13:23:56","date_gmt":"2021-06-24T05:23:56","guid":{"rendered":"https:\/\/leatai.com\/product\/sin%20categor\u00eda\/ntu-art-fest-x-leatai\/"},"modified":"2025-04-15T10:37:44","modified_gmt":"2025-04-15T02:37:44","slug":"ntu-art-fest-x-leatai","status":"publish","type":"product","link":"https:\/\/leatai.com\/es\/product\/colaboracion-entre-industrias\/eventos-culturales-y-artisticos\/ntu-art-fest-x-leatai\/","title":{"rendered":"NTU Art Fest x Leatai"},"content":{"rendered":"<p>22\u201323 de mayo de 2016<br \/>\nNTU Art Fest<\/p>\n<p>El Festival de Arte de la Universidad Nacional de Taiw\u00e1n (NTU) se ha celebrado por m\u00e1s de veinte a\u00f1os, con el prop\u00f3sito de inspirar a los estudiantes a avanzar hacia una mayor conciencia de la vida y de s\u00ed mismos, a trav\u00e9s de temas diversos y expresiones art\u00edsticas variadas.<\/p>\n<p>El lema de este a\u00f1o fue: \u201cDeja que la imaginaci\u00f3n tome el poder\u201d. Se espera iniciar una peque\u00f1a revoluci\u00f3n en nuestras vidas, utilizando la imaginaci\u00f3n para expresar inquietudes personales hacia uno mismo, la comunidad y la sociedad, y as\u00ed dar lugar a un torbellino art\u00edstico que en mayo envolvi\u00f3 el campus de NTU.<\/p>\n","protected":false},"excerpt":{"rendered":"<p>22\u201323 de mayo de 2016 NTU Art Fest El Festival de Arte de la Universidad Nacional de Taiw\u00e1n (NTU) se ha celebrado por m\u00e1s de veinte a\u00f1os, con el prop\u00f3sito de inspirar a los estudiantes a avanzar hacia una mayor conciencia de la vida y de s\u00ed mismos, a trav\u00e9s de temas diversos y expresiones [&hellip;]<\/p>\n","protected":false},"featured_media":176099,"template":"","meta":{"_acf_changed":false},"product_brand":[],"product_cat":[1108],"product_tag":[],"home_works":[],"class_list":{"0":"post-176098","1":"product","2":"type-product","3":"status-publish","4":"has-post-thumbnail","6":"product_cat-eventos-culturales-y-artisticos","8":"first","9":"instock","10":"sold-individually","11":"shipping-taxable","12":"purchasable","13":"product-type-simple"},"acf":[],"yoast_head":"<!-- This site is optimized with the Yoast SEO plugin v27.2 - https:\/\/yoast.com\/product\/yoast-seo-wordpress\/ -->\n<title>NTU Art Fest x Leatai - Leatai \u2013 Fabricante de cuadernos personalizados<\/title>\n<meta name=\"robots\" content=\"index, follow, max-snippet:-1, max-image-preview:large, max-video-preview:-1\" \/>\n<link rel=\"canonical\" href=\"https:\/\/leatai.com\/es\/product\/colaboracion-entre-industrias\/eventos-culturales-y-artisticos\/ntu-art-fest-x-leatai\/\" \/>\n<meta property=\"og:locale\" content=\"es_ES\" \/>\n<meta property=\"og:type\" content=\"article\" \/>\n<meta property=\"og:title\" content=\"NTU Art Fest x Leatai - Leatai \u2013 Fabricante de cuadernos personalizados\" \/>\n<meta property=\"og:description\" content=\"22\u201323 de mayo de 2016 NTU Art Fest El Festival de Arte de la Universidad Nacional de Taiw\u00e1n (NTU) se ha celebrado por m\u00e1s de veinte a\u00f1os, con el prop\u00f3sito de inspirar a los estudiantes a avanzar hacia una mayor conciencia de la vida y de s\u00ed mismos, a trav\u00e9s de temas diversos y expresiones [&hellip;]\" \/>\n<meta property=\"og:url\" content=\"https:\/\/leatai.com\/es\/product\/colaboracion-entre-industrias\/eventos-culturales-y-artisticos\/ntu-art-fest-x-leatai\/\" \/>\n<meta property=\"og:site_name\" content=\"Leatai \u2013 Fabricante de cuadernos personalizados\" \/>\n<meta property=\"article:modified_time\" content=\"2025-04-15T02:37:44+00:00\" \/>\n<meta property=\"og:image\" content=\"https:\/\/leatai.com\/wp-content\/uploads\/2020_06_17_1417490.jpg\" \/>\n\t<meta property=\"og:image:width\" content=\"1684\" \/>\n\t<meta property=\"og:image:height\" content=\"1190\" \/>\n\t<meta property=\"og:image:type\" content=\"image\/jpeg\" \/>\n<meta name=\"twitter:card\" content=\"summary_large_image\" \/>\n<meta name=\"twitter:label1\" content=\"Tiempo de lectura\" \/>\n\t<meta name=\"twitter:data1\" content=\"1 minuto\" \/>\n<script type=\"application\/ld+json\" class=\"yoast-schema-graph\">{\"@context\":\"https:\/\/schema.org\",\"@graph\":[{\"@type\":\"WebPage\",\"@id\":\"https:\/\/leatai.com\/es\/product\/colaboracion-entre-industrias\/eventos-culturales-y-artisticos\/ntu-art-fest-x-leatai\/\",\"url\":\"https:\/\/leatai.com\/es\/product\/colaboracion-entre-industrias\/eventos-culturales-y-artisticos\/ntu-art-fest-x-leatai\/\",\"name\":\"NTU Art Fest x Leatai - Leatai \u2013 Fabricante de cuadernos personalizados\",\"isPartOf\":{\"@id\":\"https:\/\/leatai.com\/es\/#website\"},\"primaryImageOfPage\":{\"@id\":\"https:\/\/leatai.com\/es\/product\/colaboracion-entre-industrias\/eventos-culturales-y-artisticos\/ntu-art-fest-x-leatai\/#primaryimage\"},\"image\":{\"@id\":\"https:\/\/leatai.com\/es\/product\/colaboracion-entre-industrias\/eventos-culturales-y-artisticos\/ntu-art-fest-x-leatai\/#primaryimage\"},\"thumbnailUrl\":\"https:\/\/leatai.com\/wp-content\/uploads\/2020_06_17_1417490.jpg\",\"datePublished\":\"2021-06-24T05:23:56+00:00\",\"dateModified\":\"2025-04-15T02:37:44+00:00\",\"breadcrumb\":{\"@id\":\"https:\/\/leatai.com\/es\/product\/colaboracion-entre-industrias\/eventos-culturales-y-artisticos\/ntu-art-fest-x-leatai\/#breadcrumb\"},\"inLanguage\":\"es\",\"potentialAction\":[{\"@type\":\"ReadAction\",\"target\":[\"https:\/\/leatai.com\/es\/product\/colaboracion-entre-industrias\/eventos-culturales-y-artisticos\/ntu-art-fest-x-leatai\/\"]}]},{\"@type\":\"ImageObject\",\"inLanguage\":\"es\",\"@id\":\"https:\/\/leatai.com\/es\/product\/colaboracion-entre-industrias\/eventos-culturales-y-artisticos\/ntu-art-fest-x-leatai\/#primaryimage\",\"url\":\"https:\/\/leatai.com\/wp-content\/uploads\/2020_06_17_1417490.jpg\",\"contentUrl\":\"https:\/\/leatai.com\/wp-content\/uploads\/2020_06_17_1417490.jpg\",\"width\":1684,\"height\":1190},{\"@type\":\"BreadcrumbList\",\"@id\":\"https:\/\/leatai.com\/es\/product\/colaboracion-entre-industrias\/eventos-culturales-y-artisticos\/ntu-art-fest-x-leatai\/#breadcrumb\",\"itemListElement\":[{\"@type\":\"ListItem\",\"position\":1,\"name\":\"Home\",\"item\":\"https:\/\/leatai.com\/es\/\"},{\"@type\":\"ListItem\",\"position\":2,\"name\":\"Presentaci\u00f3n de productos\",\"item\":\"https:\/\/leatai.com\/products\/\"},{\"@type\":\"ListItem\",\"position\":3,\"name\":\"Colaboraci\u00f3n entre Industrias\",\"item\":\"https:\/\/leatai.com\/es\/categoria-producto\/colaboracion-entre-industrias\/\"},{\"@type\":\"ListItem\",\"position\":4,\"name\":\"Eventos Culturales y Art\u00edsticos\",\"item\":\"https:\/\/leatai.com\/es\/categoria-producto\/colaboracion-entre-industrias\/eventos-culturales-y-artisticos\/\"},{\"@type\":\"ListItem\",\"position\":5,\"name\":\"NTU Art Fest x Leatai\"}]},{\"@type\":\"WebSite\",\"@id\":\"https:\/\/leatai.com\/es\/#website\",\"url\":\"https:\/\/leatai.com\/es\/\",\"name\":\"Leatai \u2013 Fabricante de cuadernos personalizados\",\"description\":\"Leatai ofrece cuadernos y planificadores personalizados para marcas y distribuidores globales.\",\"publisher\":{\"@id\":\"https:\/\/leatai.com\/es\/#organization\"},\"potentialAction\":[{\"@type\":\"SearchAction\",\"target\":{\"@type\":\"EntryPoint\",\"urlTemplate\":\"https:\/\/leatai.com\/es\/?s={search_term_string}\"},\"query-input\":{\"@type\":\"PropertyValueSpecification\",\"valueRequired\":true,\"valueName\":\"search_term_string\"}}],\"inLanguage\":\"es\"},{\"@type\":\"Organization\",\"@id\":\"https:\/\/leatai.com\/es\/#organization\",\"name\":\"Leatai Diary, customized journal and business organizer\",\"url\":\"https:\/\/leatai.com\/es\/\",\"logo\":{\"@type\":\"ImageObject\",\"inLanguage\":\"es\",\"@id\":\"https:\/\/leatai.com\/es\/#\/schema\/logo\/image\/\",\"url\":\"https:\/\/leatai.com\/wp-content\/uploads\/logo-blue.png\",\"contentUrl\":\"https:\/\/leatai.com\/wp-content\/uploads\/logo-blue.png\",\"width\":230,\"height\":60,\"caption\":\"Leatai Diary, customized journal and business organizer\"},\"image\":{\"@id\":\"https:\/\/leatai.com\/es\/#\/schema\/logo\/image\/\"}}]}<\/script>\n<!-- \/ Yoast SEO plugin. -->","yoast_head_json":{"title":"NTU Art Fest x Leatai - Leatai \u2013 Fabricante de cuadernos personalizados","robots":{"index":"index","follow":"follow","max-snippet":"max-snippet:-1","max-image-preview":"max-image-preview:large","max-video-preview":"max-video-preview:-1"},"canonical":"https:\/\/leatai.com\/es\/product\/colaboracion-entre-industrias\/eventos-culturales-y-artisticos\/ntu-art-fest-x-leatai\/","og_locale":"es_ES","og_type":"article","og_title":"NTU Art Fest x Leatai - Leatai \u2013 Fabricante de cuadernos personalizados","og_description":"22\u201323 de mayo de 2016 NTU Art Fest El Festival de Arte de la Universidad Nacional de Taiw\u00e1n (NTU) se ha celebrado por m\u00e1s de veinte a\u00f1os, con el prop\u00f3sito de inspirar a los estudiantes a avanzar hacia una mayor conciencia de la vida y de s\u00ed mismos, a trav\u00e9s de temas diversos y expresiones [&hellip;]","og_url":"https:\/\/leatai.com\/es\/product\/colaboracion-entre-industrias\/eventos-culturales-y-artisticos\/ntu-art-fest-x-leatai\/","og_site_name":"Leatai \u2013 Fabricante de cuadernos personalizados","article_modified_time":"2025-04-15T02:37:44+00:00","og_image":[{"width":1684,"height":1190,"url":"https:\/\/leatai.com\/wp-content\/uploads\/2020_06_17_1417490.jpg","type":"image\/jpeg"}],"twitter_card":"summary_large_image","twitter_misc":{"Tiempo de lectura":"1 minuto"},"schema":{"@context":"https:\/\/schema.org","@graph":[{"@type":"WebPage","@id":"https:\/\/leatai.com\/es\/product\/colaboracion-entre-industrias\/eventos-culturales-y-artisticos\/ntu-art-fest-x-leatai\/","url":"https:\/\/leatai.com\/es\/product\/colaboracion-entre-industrias\/eventos-culturales-y-artisticos\/ntu-art-fest-x-leatai\/","name":"NTU Art Fest x Leatai - Leatai \u2013 Fabricante de cuadernos personalizados","isPartOf":{"@id":"https:\/\/leatai.com\/es\/#website"},"primaryImageOfPage":{"@id":"https:\/\/leatai.com\/es\/product\/colaboracion-entre-industrias\/eventos-culturales-y-artisticos\/ntu-art-fest-x-leatai\/#primaryimage"},"image":{"@id":"https:\/\/leatai.com\/es\/product\/colaboracion-entre-industrias\/eventos-culturales-y-artisticos\/ntu-art-fest-x-leatai\/#primaryimage"},"thumbnailUrl":"https:\/\/leatai.com\/wp-content\/uploads\/2020_06_17_1417490.jpg","datePublished":"2021-06-24T05:23:56+00:00","dateModified":"2025-04-15T02:37:44+00:00","breadcrumb":{"@id":"https:\/\/leatai.com\/es\/product\/colaboracion-entre-industrias\/eventos-culturales-y-artisticos\/ntu-art-fest-x-leatai\/#breadcrumb"},"inLanguage":"es","potentialAction":[{"@type":"ReadAction","target":["https:\/\/leatai.com\/es\/product\/colaboracion-entre-industrias\/eventos-culturales-y-artisticos\/ntu-art-fest-x-leatai\/"]}]},{"@type":"ImageObject","inLanguage":"es","@id":"https:\/\/leatai.com\/es\/product\/colaboracion-entre-industrias\/eventos-culturales-y-artisticos\/ntu-art-fest-x-leatai\/#primaryimage","url":"https:\/\/leatai.com\/wp-content\/uploads\/2020_06_17_1417490.jpg","contentUrl":"https:\/\/leatai.com\/wp-content\/uploads\/2020_06_17_1417490.jpg","width":1684,"height":1190},{"@type":"BreadcrumbList","@id":"https:\/\/leatai.com\/es\/product\/colaboracion-entre-industrias\/eventos-culturales-y-artisticos\/ntu-art-fest-x-leatai\/#breadcrumb","itemListElement":[{"@type":"ListItem","position":1,"name":"Home","item":"https:\/\/leatai.com\/es\/"},{"@type":"ListItem","position":2,"name":"Presentaci\u00f3n de productos","item":"https:\/\/leatai.com\/products\/"},{"@type":"ListItem","position":3,"name":"Colaboraci\u00f3n entre Industrias","item":"https:\/\/leatai.com\/es\/categoria-producto\/colaboracion-entre-industrias\/"},{"@type":"ListItem","position":4,"name":"Eventos Culturales y Art\u00edsticos","item":"https:\/\/leatai.com\/es\/categoria-producto\/colaboracion-entre-industrias\/eventos-culturales-y-artisticos\/"},{"@type":"ListItem","position":5,"name":"NTU Art Fest x Leatai"}]},{"@type":"WebSite","@id":"https:\/\/leatai.com\/es\/#website","url":"https:\/\/leatai.com\/es\/","name":"Leatai \u2013 Fabricante de cuadernos personalizados","description":"Leatai ofrece cuadernos y planificadores personalizados para marcas y distribuidores globales.","publisher":{"@id":"https:\/\/leatai.com\/es\/#organization"},"potentialAction":[{"@type":"SearchAction","target":{"@type":"EntryPoint","urlTemplate":"https:\/\/leatai.com\/es\/?s={search_term_string}"},"query-input":{"@type":"PropertyValueSpecification","valueRequired":true,"valueName":"search_term_string"}}],"inLanguage":"es"},{"@type":"Organization","@id":"https:\/\/leatai.com\/es\/#organization","name":"Leatai Diary, customized journal and business organizer","url":"https:\/\/leatai.com\/es\/","logo":{"@type":"ImageObject","inLanguage":"es","@id":"https:\/\/leatai.com\/es\/#\/schema\/logo\/image\/","url":"https:\/\/leatai.com\/wp-content\/uploads\/logo-blue.png","contentUrl":"https:\/\/leatai.com\/wp-content\/uploads\/logo-blue.png","width":230,"height":60,"caption":"Leatai Diary, customized journal and business organizer"},"image":{"@id":"https:\/\/leatai.com\/es\/#\/schema\/logo\/image\/"}}]}},"_links":{"self":[{"href":"https:\/\/leatai.com\/es\/wp-json\/wp\/v2\/product\/176098","targetHints":{"allow":["GET"]}}],"collection":[{"href":"https:\/\/leatai.com\/es\/wp-json\/wp\/v2\/product"}],"about":[{"href":"https:\/\/leatai.com\/es\/wp-json\/wp\/v2\/types\/product"}],"wp:featuredmedia":[{"embeddable":true,"href":"https:\/\/leatai.com\/es\/wp-json\/wp\/v2\/media\/176099"}],"wp:attachment":[{"href":"https:\/\/leatai.com\/es\/wp-json\/wp\/v2\/media?parent=176098"}],"wp:term":[{"taxonomy":"product_brand","embeddable":true,"href":"https:\/\/leatai.com\/es\/wp-json\/wp\/v2\/product_brand?post=176098"},{"taxonomy":"product_cat","embeddable":true,"href":"https:\/\/leatai.com\/es\/wp-json\/wp\/v2\/product_cat?post=176098"},{"taxonomy":"product_tag","embeddable":true,"href":"https:\/\/leatai.com\/es\/wp-json\/wp\/v2\/product_tag?post=176098"},{"taxonomy":"home_works","embeddable":true,"href":"https:\/\/leatai.com\/es\/wp-json\/wp\/v2\/home_works?post=176098"}],"curies":[{"name":"wp","href":"https:\/\/api.w.org\/{rel}","templated":true}]}}