{"id":176078,"date":"2021-06-24T13:24:25","date_gmt":"2021-06-24T05:24:25","guid":{"rendered":"https:\/\/leatai.com\/product\/sin%20categor\u00eda\/cola-films-x-leatai-2\/"},"modified":"2025-04-15T10:18:21","modified_gmt":"2025-04-15T02:18:21","slug":"cola-films-x-leatai-2","status":"publish","type":"product","link":"https:\/\/leatai.com\/es\/product\/colaboracion-entre-industrias\/industria-cinematografica-es\/cola-films-x-leatai-2\/","title":{"rendered":"Cola films x Leatai"},"content":{"rendered":"<p>La obra maestra del amor m\u00e1s hermosa del renombrado director japon\u00e9s de juventud, Shunji Iwai, regresa a la gran pantalla en Taiw\u00e1n para conmemorar el 20.\u00ba aniversario de su estreno, despertando de nuevo la nostalgia de la era dorada de los dramas japoneses.<\/p>\n<p>&#8220;Una carta enviada al cielo dio inicio a dos historias de amor inolvidables&#8230;&#8221;<\/p>\n","protected":false},"excerpt":{"rendered":"<p>La obra maestra del amor m\u00e1s hermosa del renombrado director japon\u00e9s de juventud, Shunji Iwai, regresa a la gran pantalla en Taiw\u00e1n para conmemorar el 20.\u00ba aniversario de su estreno, despertando de nuevo la nostalgia de la era dorada de los dramas japoneses. &#8220;Una carta enviada al cielo dio inicio a dos historias de amor [&hellip;]<\/p>\n","protected":false},"featured_media":176079,"template":"","meta":{"_acf_changed":false},"product_brand":[],"product_cat":[1095],"product_tag":[],"home_works":[],"class_list":{"0":"post-176078","1":"product","2":"type-product","3":"status-publish","4":"has-post-thumbnail","6":"product_cat-industria-cinematografica-es","8":"first","9":"instock","10":"sold-individually","11":"shipping-taxable","12":"purchasable","13":"product-type-simple"},"acf":[],"yoast_head":"<!-- This site is optimized with the Yoast SEO plugin v27.2 - https:\/\/yoast.com\/product\/yoast-seo-wordpress\/ -->\n<title>Cola films x Leatai - Cuaderno de colaboraci\u00f3n \u2013 El regreso de un cl\u00e1sico - Leatai \u2013 Fabricante de cuadernos personalizados<\/title>\n<meta name=\"description\" content=\"El m\u00e1s hermoso cl\u00e1sico del amor del aclamado director japon\u00e9s de juventud, Shunji Iwai, regresa a la gran pantalla en Taiw\u00e1n para conmemorar el 20.\u00ba aniversario de su estreno, reavivando la ola de nostalgia por la era dorada de los dramas japoneses. &quot;Una carta enviada al cielo dio inicio a dos historias de amor que dejaron una profunda huella...&quot;\" \/>\n<meta name=\"robots\" content=\"index, follow, max-snippet:-1, max-image-preview:large, max-video-preview:-1\" \/>\n<link rel=\"canonical\" href=\"https:\/\/leatai.com\/es\/product\/colaboracion-entre-industrias\/industria-cinematografica-es\/cola-films-x-leatai-2\/\" \/>\n<meta property=\"og:locale\" content=\"es_ES\" \/>\n<meta property=\"og:type\" content=\"article\" \/>\n<meta property=\"og:title\" content=\"Cola films x Leatai - Cuaderno de colaboraci\u00f3n \u2013 El regreso de un cl\u00e1sico - Leatai \u2013 Fabricante de cuadernos personalizados\" \/>\n<meta property=\"og:description\" content=\"El m\u00e1s hermoso cl\u00e1sico del amor del aclamado director japon\u00e9s de juventud, Shunji Iwai, regresa a la gran pantalla en Taiw\u00e1n para conmemorar el 20.\u00ba aniversario de su estreno, reavivando la ola de nostalgia por la era dorada de los dramas japoneses. &quot;Una carta enviada al cielo dio inicio a dos historias de amor que dejaron una profunda huella...&quot;\" \/>\n<meta property=\"og:url\" content=\"https:\/\/leatai.com\/es\/product\/colaboracion-entre-industrias\/industria-cinematografica-es\/cola-films-x-leatai-2\/\" \/>\n<meta property=\"og:site_name\" content=\"Leatai \u2013 Fabricante de cuadernos personalizados\" \/>\n<meta property=\"article:modified_time\" content=\"2025-04-15T02:18:21+00:00\" \/>\n<meta property=\"og:image\" content=\"https:\/\/leatai.com\/wp-content\/uploads\/2020_06_17_1147370.jpg\" \/>\n\t<meta property=\"og:image:width\" content=\"1000\" \/>\n\t<meta property=\"og:image:height\" content=\"750\" \/>\n\t<meta property=\"og:image:type\" content=\"image\/jpeg\" \/>\n<meta name=\"twitter:card\" content=\"summary_large_image\" \/>\n<meta name=\"twitter:label1\" content=\"Tiempo de lectura\" \/>\n\t<meta name=\"twitter:data1\" content=\"1 minuto\" \/>\n<script type=\"application\/ld+json\" class=\"yoast-schema-graph\">{\"@context\":\"https:\/\/schema.org\",\"@graph\":[{\"@type\":\"WebPage\",\"@id\":\"https:\/\/leatai.com\/es\/product\/colaboracion-entre-industrias\/industria-cinematografica-es\/cola-films-x-leatai-2\/\",\"url\":\"https:\/\/leatai.com\/es\/product\/colaboracion-entre-industrias\/industria-cinematografica-es\/cola-films-x-leatai-2\/\",\"name\":\"Cola films x Leatai - Cuaderno de colaboraci\u00f3n \u2013 El regreso de un cl\u00e1sico - Leatai \u2013 Fabricante de cuadernos personalizados\",\"isPartOf\":{\"@id\":\"https:\/\/leatai.com\/es\/#website\"},\"primaryImageOfPage\":{\"@id\":\"https:\/\/leatai.com\/es\/product\/colaboracion-entre-industrias\/industria-cinematografica-es\/cola-films-x-leatai-2\/#primaryimage\"},\"image\":{\"@id\":\"https:\/\/leatai.com\/es\/product\/colaboracion-entre-industrias\/industria-cinematografica-es\/cola-films-x-leatai-2\/#primaryimage\"},\"thumbnailUrl\":\"https:\/\/leatai.com\/wp-content\/uploads\/2020_06_17_1147370.jpg\",\"datePublished\":\"2021-06-24T05:24:25+00:00\",\"dateModified\":\"2025-04-15T02:18:21+00:00\",\"description\":\"El m\u00e1s hermoso cl\u00e1sico del amor del aclamado director japon\u00e9s de juventud, Shunji Iwai, regresa a la gran pantalla en Taiw\u00e1n para conmemorar el 20.\u00ba aniversario de su estreno, reavivando la ola de nostalgia por la era dorada de los dramas japoneses. \\\"Una carta enviada al cielo dio inicio a dos historias de amor que dejaron una profunda huella...\\\"\",\"breadcrumb\":{\"@id\":\"https:\/\/leatai.com\/es\/product\/colaboracion-entre-industrias\/industria-cinematografica-es\/cola-films-x-leatai-2\/#breadcrumb\"},\"inLanguage\":\"es\",\"potentialAction\":[{\"@type\":\"ReadAction\",\"target\":[\"https:\/\/leatai.com\/es\/product\/colaboracion-entre-industrias\/industria-cinematografica-es\/cola-films-x-leatai-2\/\"]}]},{\"@type\":\"ImageObject\",\"inLanguage\":\"es\",\"@id\":\"https:\/\/leatai.com\/es\/product\/colaboracion-entre-industrias\/industria-cinematografica-es\/cola-films-x-leatai-2\/#primaryimage\",\"url\":\"https:\/\/leatai.com\/wp-content\/uploads\/2020_06_17_1147370.jpg\",\"contentUrl\":\"https:\/\/leatai.com\/wp-content\/uploads\/2020_06_17_1147370.jpg\",\"width\":1000,\"height\":750,\"caption\":\"Cuaderno de colaboraci\u00f3n\"},{\"@type\":\"BreadcrumbList\",\"@id\":\"https:\/\/leatai.com\/es\/product\/colaboracion-entre-industrias\/industria-cinematografica-es\/cola-films-x-leatai-2\/#breadcrumb\",\"itemListElement\":[{\"@type\":\"ListItem\",\"position\":1,\"name\":\"Home\",\"item\":\"https:\/\/leatai.com\/es\/\"},{\"@type\":\"ListItem\",\"position\":2,\"name\":\"Presentaci\u00f3n de productos\",\"item\":\"https:\/\/leatai.com\/products\/\"},{\"@type\":\"ListItem\",\"position\":3,\"name\":\"Colaboraci\u00f3n entre Industrias\",\"item\":\"https:\/\/leatai.com\/es\/categoria-producto\/colaboracion-entre-industrias\/\"},{\"@type\":\"ListItem\",\"position\":4,\"name\":\"Industria cinematogr\u00e1fica\",\"item\":\"https:\/\/leatai.com\/es\/categoria-producto\/colaboracion-entre-industrias\/industria-cinematografica-es\/\"},{\"@type\":\"ListItem\",\"position\":5,\"name\":\"Cola films x Leatai\"}]},{\"@type\":\"WebSite\",\"@id\":\"https:\/\/leatai.com\/es\/#website\",\"url\":\"https:\/\/leatai.com\/es\/\",\"name\":\"Leatai \u2013 Fabricante de cuadernos personalizados\",\"description\":\"Leatai ofrece cuadernos y planificadores personalizados para marcas y distribuidores globales.\",\"publisher\":{\"@id\":\"https:\/\/leatai.com\/es\/#organization\"},\"potentialAction\":[{\"@type\":\"SearchAction\",\"target\":{\"@type\":\"EntryPoint\",\"urlTemplate\":\"https:\/\/leatai.com\/es\/?s={search_term_string}\"},\"query-input\":{\"@type\":\"PropertyValueSpecification\",\"valueRequired\":true,\"valueName\":\"search_term_string\"}}],\"inLanguage\":\"es\"},{\"@type\":\"Organization\",\"@id\":\"https:\/\/leatai.com\/es\/#organization\",\"name\":\"Leatai Diary, customized journal and business organizer\",\"url\":\"https:\/\/leatai.com\/es\/\",\"logo\":{\"@type\":\"ImageObject\",\"inLanguage\":\"es\",\"@id\":\"https:\/\/leatai.com\/es\/#\/schema\/logo\/image\/\",\"url\":\"https:\/\/leatai.com\/wp-content\/uploads\/logo-blue.png\",\"contentUrl\":\"https:\/\/leatai.com\/wp-content\/uploads\/logo-blue.png\",\"width\":230,\"height\":60,\"caption\":\"Leatai Diary, customized journal and business organizer\"},\"image\":{\"@id\":\"https:\/\/leatai.com\/es\/#\/schema\/logo\/image\/\"}}]}<\/script>\n<!-- \/ Yoast SEO plugin. -->","yoast_head_json":{"title":"Cola films x Leatai - Cuaderno de colaboraci\u00f3n \u2013 El regreso de un cl\u00e1sico - Leatai \u2013 Fabricante de cuadernos personalizados","description":"El m\u00e1s hermoso cl\u00e1sico del amor del aclamado director japon\u00e9s de juventud, Shunji Iwai, regresa a la gran pantalla en Taiw\u00e1n para conmemorar el 20.\u00ba aniversario de su estreno, reavivando la ola de nostalgia por la era dorada de los dramas japoneses. \"Una carta enviada al cielo dio inicio a dos historias de amor que dejaron una profunda huella...\"","robots":{"index":"index","follow":"follow","max-snippet":"max-snippet:-1","max-image-preview":"max-image-preview:large","max-video-preview":"max-video-preview:-1"},"canonical":"https:\/\/leatai.com\/es\/product\/colaboracion-entre-industrias\/industria-cinematografica-es\/cola-films-x-leatai-2\/","og_locale":"es_ES","og_type":"article","og_title":"Cola films x Leatai - Cuaderno de colaboraci\u00f3n \u2013 El regreso de un cl\u00e1sico - Leatai \u2013 Fabricante de cuadernos personalizados","og_description":"El m\u00e1s hermoso cl\u00e1sico del amor del aclamado director japon\u00e9s de juventud, Shunji Iwai, regresa a la gran pantalla en Taiw\u00e1n para conmemorar el 20.\u00ba aniversario de su estreno, reavivando la ola de nostalgia por la era dorada de los dramas japoneses. \"Una carta enviada al cielo dio inicio a dos historias de amor que dejaron una profunda huella...\"","og_url":"https:\/\/leatai.com\/es\/product\/colaboracion-entre-industrias\/industria-cinematografica-es\/cola-films-x-leatai-2\/","og_site_name":"Leatai \u2013 Fabricante de cuadernos personalizados","article_modified_time":"2025-04-15T02:18:21+00:00","og_image":[{"width":1000,"height":750,"url":"https:\/\/leatai.com\/wp-content\/uploads\/2020_06_17_1147370.jpg","type":"image\/jpeg"}],"twitter_card":"summary_large_image","twitter_misc":{"Tiempo de lectura":"1 minuto"},"schema":{"@context":"https:\/\/schema.org","@graph":[{"@type":"WebPage","@id":"https:\/\/leatai.com\/es\/product\/colaboracion-entre-industrias\/industria-cinematografica-es\/cola-films-x-leatai-2\/","url":"https:\/\/leatai.com\/es\/product\/colaboracion-entre-industrias\/industria-cinematografica-es\/cola-films-x-leatai-2\/","name":"Cola films x Leatai - Cuaderno de colaboraci\u00f3n \u2013 El regreso de un cl\u00e1sico - Leatai \u2013 Fabricante de cuadernos personalizados","isPartOf":{"@id":"https:\/\/leatai.com\/es\/#website"},"primaryImageOfPage":{"@id":"https:\/\/leatai.com\/es\/product\/colaboracion-entre-industrias\/industria-cinematografica-es\/cola-films-x-leatai-2\/#primaryimage"},"image":{"@id":"https:\/\/leatai.com\/es\/product\/colaboracion-entre-industrias\/industria-cinematografica-es\/cola-films-x-leatai-2\/#primaryimage"},"thumbnailUrl":"https:\/\/leatai.com\/wp-content\/uploads\/2020_06_17_1147370.jpg","datePublished":"2021-06-24T05:24:25+00:00","dateModified":"2025-04-15T02:18:21+00:00","description":"El m\u00e1s hermoso cl\u00e1sico del amor del aclamado director japon\u00e9s de juventud, Shunji Iwai, regresa a la gran pantalla en Taiw\u00e1n para conmemorar el 20.\u00ba aniversario de su estreno, reavivando la ola de nostalgia por la era dorada de los dramas japoneses. \"Una carta enviada al cielo dio inicio a dos historias de amor que dejaron una profunda huella...\"","breadcrumb":{"@id":"https:\/\/leatai.com\/es\/product\/colaboracion-entre-industrias\/industria-cinematografica-es\/cola-films-x-leatai-2\/#breadcrumb"},"inLanguage":"es","potentialAction":[{"@type":"ReadAction","target":["https:\/\/leatai.com\/es\/product\/colaboracion-entre-industrias\/industria-cinematografica-es\/cola-films-x-leatai-2\/"]}]},{"@type":"ImageObject","inLanguage":"es","@id":"https:\/\/leatai.com\/es\/product\/colaboracion-entre-industrias\/industria-cinematografica-es\/cola-films-x-leatai-2\/#primaryimage","url":"https:\/\/leatai.com\/wp-content\/uploads\/2020_06_17_1147370.jpg","contentUrl":"https:\/\/leatai.com\/wp-content\/uploads\/2020_06_17_1147370.jpg","width":1000,"height":750,"caption":"Cuaderno de colaboraci\u00f3n"},{"@type":"BreadcrumbList","@id":"https:\/\/leatai.com\/es\/product\/colaboracion-entre-industrias\/industria-cinematografica-es\/cola-films-x-leatai-2\/#breadcrumb","itemListElement":[{"@type":"ListItem","position":1,"name":"Home","item":"https:\/\/leatai.com\/es\/"},{"@type":"ListItem","position":2,"name":"Presentaci\u00f3n de productos","item":"https:\/\/leatai.com\/products\/"},{"@type":"ListItem","position":3,"name":"Colaboraci\u00f3n entre Industrias","item":"https:\/\/leatai.com\/es\/categoria-producto\/colaboracion-entre-industrias\/"},{"@type":"ListItem","position":4,"name":"Industria cinematogr\u00e1fica","item":"https:\/\/leatai.com\/es\/categoria-producto\/colaboracion-entre-industrias\/industria-cinematografica-es\/"},{"@type":"ListItem","position":5,"name":"Cola films x Leatai"}]},{"@type":"WebSite","@id":"https:\/\/leatai.com\/es\/#website","url":"https:\/\/leatai.com\/es\/","name":"Leatai \u2013 Fabricante de cuadernos personalizados","description":"Leatai ofrece cuadernos y planificadores personalizados para marcas y distribuidores globales.","publisher":{"@id":"https:\/\/leatai.com\/es\/#organization"},"potentialAction":[{"@type":"SearchAction","target":{"@type":"EntryPoint","urlTemplate":"https:\/\/leatai.com\/es\/?s={search_term_string}"},"query-input":{"@type":"PropertyValueSpecification","valueRequired":true,"valueName":"search_term_string"}}],"inLanguage":"es"},{"@type":"Organization","@id":"https:\/\/leatai.com\/es\/#organization","name":"Leatai Diary, customized journal and business organizer","url":"https:\/\/leatai.com\/es\/","logo":{"@type":"ImageObject","inLanguage":"es","@id":"https:\/\/leatai.com\/es\/#\/schema\/logo\/image\/","url":"https:\/\/leatai.com\/wp-content\/uploads\/logo-blue.png","contentUrl":"https:\/\/leatai.com\/wp-content\/uploads\/logo-blue.png","width":230,"height":60,"caption":"Leatai Diary, customized journal and business organizer"},"image":{"@id":"https:\/\/leatai.com\/es\/#\/schema\/logo\/image\/"}}]}},"_links":{"self":[{"href":"https:\/\/leatai.com\/es\/wp-json\/wp\/v2\/product\/176078","targetHints":{"allow":["GET"]}}],"collection":[{"href":"https:\/\/leatai.com\/es\/wp-json\/wp\/v2\/product"}],"about":[{"href":"https:\/\/leatai.com\/es\/wp-json\/wp\/v2\/types\/product"}],"wp:featuredmedia":[{"embeddable":true,"href":"https:\/\/leatai.com\/es\/wp-json\/wp\/v2\/media\/176079"}],"wp:attachment":[{"href":"https:\/\/leatai.com\/es\/wp-json\/wp\/v2\/media?parent=176078"}],"wp:term":[{"taxonomy":"product_brand","embeddable":true,"href":"https:\/\/leatai.com\/es\/wp-json\/wp\/v2\/product_brand?post=176078"},{"taxonomy":"product_cat","embeddable":true,"href":"https:\/\/leatai.com\/es\/wp-json\/wp\/v2\/product_cat?post=176078"},{"taxonomy":"product_tag","embeddable":true,"href":"https:\/\/leatai.com\/es\/wp-json\/wp\/v2\/product_tag?post=176078"},{"taxonomy":"home_works","embeddable":true,"href":"https:\/\/leatai.com\/es\/wp-json\/wp\/v2\/home_works?post=176078"}],"curies":[{"name":"wp","href":"https:\/\/api.w.org\/{rel}","templated":true}]}}