{"id":176074,"date":"2021-06-24T13:23:56","date_gmt":"2021-06-24T05:23:56","guid":{"rendered":"https:\/\/leatai.com\/product\/sin%20categor\u00eda\/mapple-plus-taipei\/"},"modified":"2025-04-15T10:18:31","modified_gmt":"2025-04-15T02:18:31","slug":"mapple-plus-taipei","status":"publish","type":"product","link":"https:\/\/leatai.com\/es\/product\/colaboracion-entre-industrias\/industria-cinematografica-es\/mapple-plus-taipei\/","title":{"rendered":"Mapple PLUS Taipei"},"content":{"rendered":"<article class=\"text-token-text-primary w-full\" dir=\"auto\" data-testid=\"conversation-turn-4\" data-scroll-anchor=\"true\">\n<div class=\"text-base my-auto mx-auto py-5 [--thread-content-margin:--spacing(4)] @[37rem]:[--thread-content-margin:--spacing(6)] @[70rem]:[--thread-content-margin:--spacing(12)] px-(--thread-content-margin)\">\n<div class=\"[--thread-content-max-width:32rem] @[34rem]:[--thread-content-max-width:40rem] @[64rem]:[--thread-content-max-width:48rem] mx-auto flex max-w-(--thread-content-max-width) flex-1 text-base gap-4 md:gap-5 lg:gap-6 group\/turn-messages focus-visible:outline-hidden\" tabindex=\"-1\">\n<div class=\"group\/conversation-turn relative flex w-full min-w-0 flex-col agent-turn\">\n<div class=\"relative flex-col gap-1 md:gap-3\">\n<div class=\"flex max-w-full flex-col grow\">\n<div class=\"min-h-8 text-message relative flex w-full flex-col items-end gap-2 text-start break-words whitespace-normal [.text-message+&amp;]:mt-5\" dir=\"auto\" data-message-author-role=\"assistant\" data-message-id=\"c3c89187-5b85-45f1-ac70-e7c83b70356b\" data-message-model-slug=\"gpt-4o\">\n<div class=\"flex w-full flex-col gap-1 empty:hidden first:pt-[3px]\">\n<div class=\"markdown prose dark:prose-invert w-full break-words dark\">\n<p class=\"\" data-start=\"43\" data-end=\"239\">Mapple PLUS es una revista de viajes japonesa. En esta edici\u00f3n, adem\u00e1s de presentar comida, bebida y entretenimiento en Taip\u00e9i, tambi\u00e9n recomienda lugares ideales para los amantes de la papeler\u00eda.<\/p>\n<p class=\"\" data-start=\"241\" data-end=\"620\">Como una marca taiwanesa de cuadernos hechos a mano, consideramos la compatibilidad con plumas estilogr\u00e1ficas: la escritura es fluida y no traspasa la p\u00e1gina. Con un dise\u00f1o que permite abrir el cuaderno a 180 grados y una resistencia pensada para minimizar los da\u00f1os, mantenemos nuestro compromiso con la practicidad. Adem\u00e1s, su dise\u00f1o port\u00e1til es muy apreciado por los usuarios.<\/p>\n<\/div>\n<\/div>\n<\/div>\n<\/div>\n<\/div>\n<\/div>\n<\/div>\n<\/div>\n<\/article>\n","protected":false},"excerpt":{"rendered":"<p>Mapple PLUS es una revista de viajes japonesa. En esta edici\u00f3n, adem\u00e1s de presentar comida, bebida y entretenimiento en Taip\u00e9i, tambi\u00e9n recomienda lugares ideales para los amantes de la papeler\u00eda. Como una marca taiwanesa de cuadernos hechos a mano, consideramos la compatibilidad con plumas estilogr\u00e1ficas: la escritura es fluida y no traspasa la p\u00e1gina. Con [&hellip;]<\/p>\n","protected":false},"featured_media":176075,"template":"","meta":{"_acf_changed":false},"product_brand":[],"product_cat":[1095],"product_tag":[],"home_works":[],"class_list":{"0":"post-176074","1":"product","2":"type-product","3":"status-publish","4":"has-post-thumbnail","6":"product_cat-industria-cinematografica-es","8":"first","9":"instock","10":"sold-individually","11":"shipping-taxable","12":"purchasable","13":"product-type-simple"},"acf":[],"yoast_head":"<!-- This site is optimized with the Yoast SEO plugin v27.2 - https:\/\/yoast.com\/product\/yoast-seo-wordpress\/ -->\n<title>Mapple PLUS Taipei - Uno de los lugares imprescindibles para visitar en Taiw\u00e1n - Leatai \u2013 Fabricante de cuadernos personalizados<\/title>\n<meta name=\"description\" content=\"Mapple PLUS es una revista de viajes japonesa que, adem\u00e1s de presentar la comida, el entretenimiento y las actividades en Taip\u00e9i, tambi\u00e9n recomienda lugares representativos de la papeler\u00eda taiwanesa, convirti\u00e9ndose poco a poco en uno de los destinos m\u00e1s importantes para los turistas japoneses, especialmente para los amantes de la papeler\u00eda.\" \/>\n<meta name=\"robots\" content=\"index, follow, max-snippet:-1, max-image-preview:large, max-video-preview:-1\" \/>\n<link rel=\"canonical\" href=\"https:\/\/leatai.com\/es\/product\/colaboracion-entre-industrias\/industria-cinematografica-es\/mapple-plus-taipei\/\" \/>\n<meta property=\"og:locale\" content=\"es_ES\" \/>\n<meta property=\"og:type\" content=\"article\" \/>\n<meta property=\"og:title\" content=\"Mapple PLUS Taipei - Uno de los lugares imprescindibles para visitar en Taiw\u00e1n - Leatai \u2013 Fabricante de cuadernos personalizados\" \/>\n<meta property=\"og:description\" content=\"Mapple PLUS es una revista de viajes japonesa que, adem\u00e1s de presentar la comida, el entretenimiento y las actividades en Taip\u00e9i, tambi\u00e9n recomienda lugares representativos de la papeler\u00eda taiwanesa, convirti\u00e9ndose poco a poco en uno de los destinos m\u00e1s importantes para los turistas japoneses, especialmente para los amantes de la papeler\u00eda.\" \/>\n<meta property=\"og:url\" content=\"https:\/\/leatai.com\/es\/product\/colaboracion-entre-industrias\/industria-cinematografica-es\/mapple-plus-taipei\/\" \/>\n<meta property=\"og:site_name\" content=\"Leatai \u2013 Fabricante de cuadernos personalizados\" \/>\n<meta property=\"article:modified_time\" content=\"2025-04-15T02:18:31+00:00\" \/>\n<meta property=\"og:image\" content=\"https:\/\/leatai.com\/wp-content\/uploads\/2020_04_25_1733260.jpg\" \/>\n\t<meta property=\"og:image:width\" content=\"1000\" \/>\n\t<meta property=\"og:image:height\" content=\"750\" \/>\n\t<meta property=\"og:image:type\" content=\"image\/jpeg\" \/>\n<meta name=\"twitter:card\" content=\"summary_large_image\" \/>\n<meta name=\"twitter:label1\" content=\"Tiempo de lectura\" \/>\n\t<meta name=\"twitter:data1\" content=\"1 minuto\" \/>\n<script type=\"application\/ld+json\" class=\"yoast-schema-graph\">{\"@context\":\"https:\/\/schema.org\",\"@graph\":[{\"@type\":\"WebPage\",\"@id\":\"https:\/\/leatai.com\/es\/product\/colaboracion-entre-industrias\/industria-cinematografica-es\/mapple-plus-taipei\/\",\"url\":\"https:\/\/leatai.com\/es\/product\/colaboracion-entre-industrias\/industria-cinematografica-es\/mapple-plus-taipei\/\",\"name\":\"Mapple PLUS Taipei - Uno de los lugares imprescindibles para visitar en Taiw\u00e1n - Leatai \u2013 Fabricante de cuadernos personalizados\",\"isPartOf\":{\"@id\":\"https:\/\/leatai.com\/es\/#website\"},\"primaryImageOfPage\":{\"@id\":\"https:\/\/leatai.com\/es\/product\/colaboracion-entre-industrias\/industria-cinematografica-es\/mapple-plus-taipei\/#primaryimage\"},\"image\":{\"@id\":\"https:\/\/leatai.com\/es\/product\/colaboracion-entre-industrias\/industria-cinematografica-es\/mapple-plus-taipei\/#primaryimage\"},\"thumbnailUrl\":\"https:\/\/leatai.com\/wp-content\/uploads\/2020_04_25_1733260.jpg\",\"datePublished\":\"2021-06-24T05:23:56+00:00\",\"dateModified\":\"2025-04-15T02:18:31+00:00\",\"description\":\"Mapple PLUS es una revista de viajes japonesa que, adem\u00e1s de presentar la comida, el entretenimiento y las actividades en Taip\u00e9i, tambi\u00e9n recomienda lugares representativos de la papeler\u00eda taiwanesa, convirti\u00e9ndose poco a poco en uno de los destinos m\u00e1s importantes para los turistas japoneses, especialmente para los amantes de la papeler\u00eda.\",\"breadcrumb\":{\"@id\":\"https:\/\/leatai.com\/es\/product\/colaboracion-entre-industrias\/industria-cinematografica-es\/mapple-plus-taipei\/#breadcrumb\"},\"inLanguage\":\"es\",\"potentialAction\":[{\"@type\":\"ReadAction\",\"target\":[\"https:\/\/leatai.com\/es\/product\/colaboracion-entre-industrias\/industria-cinematografica-es\/mapple-plus-taipei\/\"]}]},{\"@type\":\"ImageObject\",\"inLanguage\":\"es\",\"@id\":\"https:\/\/leatai.com\/es\/product\/colaboracion-entre-industrias\/industria-cinematografica-es\/mapple-plus-taipei\/#primaryimage\",\"url\":\"https:\/\/leatai.com\/wp-content\/uploads\/2020_04_25_1733260.jpg\",\"contentUrl\":\"https:\/\/leatai.com\/wp-content\/uploads\/2020_04_25_1733260.jpg\",\"width\":1000,\"height\":750,\"caption\":\"Revista japonesa Mapple PLUS\"},{\"@type\":\"BreadcrumbList\",\"@id\":\"https:\/\/leatai.com\/es\/product\/colaboracion-entre-industrias\/industria-cinematografica-es\/mapple-plus-taipei\/#breadcrumb\",\"itemListElement\":[{\"@type\":\"ListItem\",\"position\":1,\"name\":\"Home\",\"item\":\"https:\/\/leatai.com\/es\/\"},{\"@type\":\"ListItem\",\"position\":2,\"name\":\"Presentaci\u00f3n de productos\",\"item\":\"https:\/\/leatai.com\/products\/\"},{\"@type\":\"ListItem\",\"position\":3,\"name\":\"Colaboraci\u00f3n entre Industrias\",\"item\":\"https:\/\/leatai.com\/es\/categoria-producto\/colaboracion-entre-industrias\/\"},{\"@type\":\"ListItem\",\"position\":4,\"name\":\"Industria cinematogr\u00e1fica\",\"item\":\"https:\/\/leatai.com\/es\/categoria-producto\/colaboracion-entre-industrias\/industria-cinematografica-es\/\"},{\"@type\":\"ListItem\",\"position\":5,\"name\":\"Mapple PLUS Taipei\"}]},{\"@type\":\"WebSite\",\"@id\":\"https:\/\/leatai.com\/es\/#website\",\"url\":\"https:\/\/leatai.com\/es\/\",\"name\":\"Leatai \u2013 Fabricante de cuadernos personalizados\",\"description\":\"Leatai ofrece cuadernos y planificadores personalizados para marcas y distribuidores globales.\",\"publisher\":{\"@id\":\"https:\/\/leatai.com\/es\/#organization\"},\"potentialAction\":[{\"@type\":\"SearchAction\",\"target\":{\"@type\":\"EntryPoint\",\"urlTemplate\":\"https:\/\/leatai.com\/es\/?s={search_term_string}\"},\"query-input\":{\"@type\":\"PropertyValueSpecification\",\"valueRequired\":true,\"valueName\":\"search_term_string\"}}],\"inLanguage\":\"es\"},{\"@type\":\"Organization\",\"@id\":\"https:\/\/leatai.com\/es\/#organization\",\"name\":\"Leatai Diary, customized journal and business organizer\",\"url\":\"https:\/\/leatai.com\/es\/\",\"logo\":{\"@type\":\"ImageObject\",\"inLanguage\":\"es\",\"@id\":\"https:\/\/leatai.com\/es\/#\/schema\/logo\/image\/\",\"url\":\"https:\/\/leatai.com\/wp-content\/uploads\/logo-blue.png\",\"contentUrl\":\"https:\/\/leatai.com\/wp-content\/uploads\/logo-blue.png\",\"width\":230,\"height\":60,\"caption\":\"Leatai Diary, customized journal and business organizer\"},\"image\":{\"@id\":\"https:\/\/leatai.com\/es\/#\/schema\/logo\/image\/\"}}]}<\/script>\n<!-- \/ Yoast SEO plugin. -->","yoast_head_json":{"title":"Mapple PLUS Taipei - Uno de los lugares imprescindibles para visitar en Taiw\u00e1n - Leatai \u2013 Fabricante de cuadernos personalizados","description":"Mapple PLUS es una revista de viajes japonesa que, adem\u00e1s de presentar la comida, el entretenimiento y las actividades en Taip\u00e9i, tambi\u00e9n recomienda lugares representativos de la papeler\u00eda taiwanesa, convirti\u00e9ndose poco a poco en uno de los destinos m\u00e1s importantes para los turistas japoneses, especialmente para los amantes de la papeler\u00eda.","robots":{"index":"index","follow":"follow","max-snippet":"max-snippet:-1","max-image-preview":"max-image-preview:large","max-video-preview":"max-video-preview:-1"},"canonical":"https:\/\/leatai.com\/es\/product\/colaboracion-entre-industrias\/industria-cinematografica-es\/mapple-plus-taipei\/","og_locale":"es_ES","og_type":"article","og_title":"Mapple PLUS Taipei - Uno de los lugares imprescindibles para visitar en Taiw\u00e1n - Leatai \u2013 Fabricante de cuadernos personalizados","og_description":"Mapple PLUS es una revista de viajes japonesa que, adem\u00e1s de presentar la comida, el entretenimiento y las actividades en Taip\u00e9i, tambi\u00e9n recomienda lugares representativos de la papeler\u00eda taiwanesa, convirti\u00e9ndose poco a poco en uno de los destinos m\u00e1s importantes para los turistas japoneses, especialmente para los amantes de la papeler\u00eda.","og_url":"https:\/\/leatai.com\/es\/product\/colaboracion-entre-industrias\/industria-cinematografica-es\/mapple-plus-taipei\/","og_site_name":"Leatai \u2013 Fabricante de cuadernos personalizados","article_modified_time":"2025-04-15T02:18:31+00:00","og_image":[{"width":1000,"height":750,"url":"https:\/\/leatai.com\/wp-content\/uploads\/2020_04_25_1733260.jpg","type":"image\/jpeg"}],"twitter_card":"summary_large_image","twitter_misc":{"Tiempo de lectura":"1 minuto"},"schema":{"@context":"https:\/\/schema.org","@graph":[{"@type":"WebPage","@id":"https:\/\/leatai.com\/es\/product\/colaboracion-entre-industrias\/industria-cinematografica-es\/mapple-plus-taipei\/","url":"https:\/\/leatai.com\/es\/product\/colaboracion-entre-industrias\/industria-cinematografica-es\/mapple-plus-taipei\/","name":"Mapple PLUS Taipei - Uno de los lugares imprescindibles para visitar en Taiw\u00e1n - Leatai \u2013 Fabricante de cuadernos personalizados","isPartOf":{"@id":"https:\/\/leatai.com\/es\/#website"},"primaryImageOfPage":{"@id":"https:\/\/leatai.com\/es\/product\/colaboracion-entre-industrias\/industria-cinematografica-es\/mapple-plus-taipei\/#primaryimage"},"image":{"@id":"https:\/\/leatai.com\/es\/product\/colaboracion-entre-industrias\/industria-cinematografica-es\/mapple-plus-taipei\/#primaryimage"},"thumbnailUrl":"https:\/\/leatai.com\/wp-content\/uploads\/2020_04_25_1733260.jpg","datePublished":"2021-06-24T05:23:56+00:00","dateModified":"2025-04-15T02:18:31+00:00","description":"Mapple PLUS es una revista de viajes japonesa que, adem\u00e1s de presentar la comida, el entretenimiento y las actividades en Taip\u00e9i, tambi\u00e9n recomienda lugares representativos de la papeler\u00eda taiwanesa, convirti\u00e9ndose poco a poco en uno de los destinos m\u00e1s importantes para los turistas japoneses, especialmente para los amantes de la papeler\u00eda.","breadcrumb":{"@id":"https:\/\/leatai.com\/es\/product\/colaboracion-entre-industrias\/industria-cinematografica-es\/mapple-plus-taipei\/#breadcrumb"},"inLanguage":"es","potentialAction":[{"@type":"ReadAction","target":["https:\/\/leatai.com\/es\/product\/colaboracion-entre-industrias\/industria-cinematografica-es\/mapple-plus-taipei\/"]}]},{"@type":"ImageObject","inLanguage":"es","@id":"https:\/\/leatai.com\/es\/product\/colaboracion-entre-industrias\/industria-cinematografica-es\/mapple-plus-taipei\/#primaryimage","url":"https:\/\/leatai.com\/wp-content\/uploads\/2020_04_25_1733260.jpg","contentUrl":"https:\/\/leatai.com\/wp-content\/uploads\/2020_04_25_1733260.jpg","width":1000,"height":750,"caption":"Revista japonesa Mapple PLUS"},{"@type":"BreadcrumbList","@id":"https:\/\/leatai.com\/es\/product\/colaboracion-entre-industrias\/industria-cinematografica-es\/mapple-plus-taipei\/#breadcrumb","itemListElement":[{"@type":"ListItem","position":1,"name":"Home","item":"https:\/\/leatai.com\/es\/"},{"@type":"ListItem","position":2,"name":"Presentaci\u00f3n de productos","item":"https:\/\/leatai.com\/products\/"},{"@type":"ListItem","position":3,"name":"Colaboraci\u00f3n entre Industrias","item":"https:\/\/leatai.com\/es\/categoria-producto\/colaboracion-entre-industrias\/"},{"@type":"ListItem","position":4,"name":"Industria cinematogr\u00e1fica","item":"https:\/\/leatai.com\/es\/categoria-producto\/colaboracion-entre-industrias\/industria-cinematografica-es\/"},{"@type":"ListItem","position":5,"name":"Mapple PLUS Taipei"}]},{"@type":"WebSite","@id":"https:\/\/leatai.com\/es\/#website","url":"https:\/\/leatai.com\/es\/","name":"Leatai \u2013 Fabricante de cuadernos personalizados","description":"Leatai ofrece cuadernos y planificadores personalizados para marcas y distribuidores globales.","publisher":{"@id":"https:\/\/leatai.com\/es\/#organization"},"potentialAction":[{"@type":"SearchAction","target":{"@type":"EntryPoint","urlTemplate":"https:\/\/leatai.com\/es\/?s={search_term_string}"},"query-input":{"@type":"PropertyValueSpecification","valueRequired":true,"valueName":"search_term_string"}}],"inLanguage":"es"},{"@type":"Organization","@id":"https:\/\/leatai.com\/es\/#organization","name":"Leatai Diary, customized journal and business organizer","url":"https:\/\/leatai.com\/es\/","logo":{"@type":"ImageObject","inLanguage":"es","@id":"https:\/\/leatai.com\/es\/#\/schema\/logo\/image\/","url":"https:\/\/leatai.com\/wp-content\/uploads\/logo-blue.png","contentUrl":"https:\/\/leatai.com\/wp-content\/uploads\/logo-blue.png","width":230,"height":60,"caption":"Leatai Diary, customized journal and business organizer"},"image":{"@id":"https:\/\/leatai.com\/es\/#\/schema\/logo\/image\/"}}]}},"_links":{"self":[{"href":"https:\/\/leatai.com\/es\/wp-json\/wp\/v2\/product\/176074","targetHints":{"allow":["GET"]}}],"collection":[{"href":"https:\/\/leatai.com\/es\/wp-json\/wp\/v2\/product"}],"about":[{"href":"https:\/\/leatai.com\/es\/wp-json\/wp\/v2\/types\/product"}],"wp:featuredmedia":[{"embeddable":true,"href":"https:\/\/leatai.com\/es\/wp-json\/wp\/v2\/media\/176075"}],"wp:attachment":[{"href":"https:\/\/leatai.com\/es\/wp-json\/wp\/v2\/media?parent=176074"}],"wp:term":[{"taxonomy":"product_brand","embeddable":true,"href":"https:\/\/leatai.com\/es\/wp-json\/wp\/v2\/product_brand?post=176074"},{"taxonomy":"product_cat","embeddable":true,"href":"https:\/\/leatai.com\/es\/wp-json\/wp\/v2\/product_cat?post=176074"},{"taxonomy":"product_tag","embeddable":true,"href":"https:\/\/leatai.com\/es\/wp-json\/wp\/v2\/product_tag?post=176074"},{"taxonomy":"home_works","embeddable":true,"href":"https:\/\/leatai.com\/es\/wp-json\/wp\/v2\/home_works?post=176074"}],"curies":[{"name":"wp","href":"https:\/\/api.w.org\/{rel}","templated":true}]}}