{"id":176066,"date":"2021-06-24T13:23:56","date_gmt":"2021-06-24T05:23:56","guid":{"rendered":"https:\/\/leatai.com\/product\/sin%20categor\u00eda\/cola-films-x-leatai\/"},"modified":"2025-04-15T10:15:36","modified_gmt":"2025-04-15T02:15:36","slug":"cola-films-x-leatai","status":"publish","type":"product","link":"https:\/\/leatai.com\/es\/product\/colaboracion-entre-industrias\/industria-cinematografica-es\/cola-films-x-leatai\/","title":{"rendered":"Cola films x Leatai"},"content":{"rendered":"<p>\u2605 La obra \u00e9pica m\u00e1s controvertida del aclamado director Luc Besson<br \/>\n\u2605 Ocho nominaciones en la 25\u00aa edici\u00f3n de los Premios C\u00e9sar, ganadora de Mejor Vestuario y Mejor Sonido<br \/>\n\u2605 Una poderosa colaboraci\u00f3n entre Luc Besson y su entonces esposa, la actriz Milla Jovovich<br \/>\n\u2605 Un elenco de actores de alto nivel que ofrece actuaciones memorables como referencia interpretativa<\/p>\n<p>\u27a2 La pel\u00edcula m\u00e1s monumental y pol\u00e9mica de Luc Besson: un cl\u00e1sico imprescindible sobre una hero\u00edna de guerra que no se puede dejar de ver.<\/p>\n","protected":false},"excerpt":{"rendered":"<p>\u2605 La obra \u00e9pica m\u00e1s controvertida del aclamado director Luc Besson \u2605 Ocho nominaciones en la 25\u00aa edici\u00f3n de los Premios C\u00e9sar, ganadora de Mejor Vestuario y Mejor Sonido \u2605 Una poderosa colaboraci\u00f3n entre Luc Besson y su entonces esposa, la actriz Milla Jovovich \u2605 Un elenco de actores de alto nivel que ofrece actuaciones [&hellip;]<\/p>\n","protected":false},"featured_media":176067,"template":"","meta":{"_acf_changed":false},"product_brand":[],"product_cat":[1095],"product_tag":[],"home_works":[],"class_list":{"0":"post-176066","1":"product","2":"type-product","3":"status-publish","4":"has-post-thumbnail","6":"product_cat-industria-cinematografica-es","8":"first","9":"instock","10":"sold-individually","11":"shipping-taxable","12":"purchasable","13":"product-type-simple"},"acf":[],"yoast_head":"<!-- This site is optimized with the Yoast SEO plugin v27.2 - https:\/\/yoast.com\/product\/yoast-seo-wordpress\/ -->\n<title>Cola films x Leatai - Cuaderno de edici\u00f3n especial en colaboraci\u00f3n con Juana de Arco - Leatai \u2013 Fabricante de cuadernos personalizados<\/title>\n<meta name=\"description\" content=\"La obra \u00e9pica m\u00e1s controversial del aclamado director Luc Besson: una hero\u00edna de guerra inolvidable en una historia que hay que ver al menos una vez en la vida. Luc Besson, junto a su entonces esposa, la actriz Milla Jovovich, cre\u00f3 una pel\u00edcula conmovedora que regresa a la pantalla grande y no se puede dejar pasar. Una pieza digna de colecci\u00f3n: el cuaderno en edici\u00f3n especial de Juana de Arco, una colaboraci\u00f3n que rinde homenaje al coraje y la historia.\" \/>\n<meta name=\"robots\" content=\"index, follow, max-snippet:-1, max-image-preview:large, max-video-preview:-1\" \/>\n<link rel=\"canonical\" href=\"https:\/\/leatai.com\/es\/product\/colaboracion-entre-industrias\/industria-cinematografica-es\/cola-films-x-leatai\/\" \/>\n<meta property=\"og:locale\" content=\"es_ES\" \/>\n<meta property=\"og:type\" content=\"article\" \/>\n<meta property=\"og:title\" content=\"Cola films x Leatai - Cuaderno de edici\u00f3n especial en colaboraci\u00f3n con Juana de Arco - Leatai \u2013 Fabricante de cuadernos personalizados\" \/>\n<meta property=\"og:description\" content=\"La obra \u00e9pica m\u00e1s controversial del aclamado director Luc Besson: una hero\u00edna de guerra inolvidable en una historia que hay que ver al menos una vez en la vida. Luc Besson, junto a su entonces esposa, la actriz Milla Jovovich, cre\u00f3 una pel\u00edcula conmovedora que regresa a la pantalla grande y no se puede dejar pasar. Una pieza digna de colecci\u00f3n: el cuaderno en edici\u00f3n especial de Juana de Arco, una colaboraci\u00f3n que rinde homenaje al coraje y la historia.\" \/>\n<meta property=\"og:url\" content=\"https:\/\/leatai.com\/es\/product\/colaboracion-entre-industrias\/industria-cinematografica-es\/cola-films-x-leatai\/\" \/>\n<meta property=\"og:site_name\" content=\"Leatai \u2013 Fabricante de cuadernos personalizados\" \/>\n<meta property=\"article:modified_time\" content=\"2025-04-15T02:15:36+00:00\" \/>\n<meta property=\"og:image\" content=\"https:\/\/leatai.com\/wp-content\/uploads\/2020_07_07_1418530.jpg\" \/>\n\t<meta property=\"og:image:width\" content=\"1000\" \/>\n\t<meta property=\"og:image:height\" content=\"750\" \/>\n\t<meta property=\"og:image:type\" content=\"image\/jpeg\" \/>\n<meta name=\"twitter:card\" content=\"summary_large_image\" \/>\n<meta name=\"twitter:label1\" content=\"Tiempo de lectura\" \/>\n\t<meta name=\"twitter:data1\" content=\"1 minuto\" \/>\n<script type=\"application\/ld+json\" class=\"yoast-schema-graph\">{\"@context\":\"https:\/\/schema.org\",\"@graph\":[{\"@type\":\"WebPage\",\"@id\":\"https:\/\/leatai.com\/es\/product\/colaboracion-entre-industrias\/industria-cinematografica-es\/cola-films-x-leatai\/\",\"url\":\"https:\/\/leatai.com\/es\/product\/colaboracion-entre-industrias\/industria-cinematografica-es\/cola-films-x-leatai\/\",\"name\":\"Cola films x Leatai - Cuaderno de edici\u00f3n especial en colaboraci\u00f3n con Juana de Arco - Leatai \u2013 Fabricante de cuadernos personalizados\",\"isPartOf\":{\"@id\":\"https:\/\/leatai.com\/es\/#website\"},\"primaryImageOfPage\":{\"@id\":\"https:\/\/leatai.com\/es\/product\/colaboracion-entre-industrias\/industria-cinematografica-es\/cola-films-x-leatai\/#primaryimage\"},\"image\":{\"@id\":\"https:\/\/leatai.com\/es\/product\/colaboracion-entre-industrias\/industria-cinematografica-es\/cola-films-x-leatai\/#primaryimage\"},\"thumbnailUrl\":\"https:\/\/leatai.com\/wp-content\/uploads\/2020_07_07_1418530.jpg\",\"datePublished\":\"2021-06-24T05:23:56+00:00\",\"dateModified\":\"2025-04-15T02:15:36+00:00\",\"description\":\"La obra \u00e9pica m\u00e1s controversial del aclamado director Luc Besson: una hero\u00edna de guerra inolvidable en una historia que hay que ver al menos una vez en la vida. Luc Besson, junto a su entonces esposa, la actriz Milla Jovovich, cre\u00f3 una pel\u00edcula conmovedora que regresa a la pantalla grande y no se puede dejar pasar. Una pieza digna de colecci\u00f3n: el cuaderno en edici\u00f3n especial de Juana de Arco, una colaboraci\u00f3n que rinde homenaje al coraje y la historia.\",\"breadcrumb\":{\"@id\":\"https:\/\/leatai.com\/es\/product\/colaboracion-entre-industrias\/industria-cinematografica-es\/cola-films-x-leatai\/#breadcrumb\"},\"inLanguage\":\"es\",\"potentialAction\":[{\"@type\":\"ReadAction\",\"target\":[\"https:\/\/leatai.com\/es\/product\/colaboracion-entre-industrias\/industria-cinematografica-es\/cola-films-x-leatai\/\"]}]},{\"@type\":\"ImageObject\",\"inLanguage\":\"es\",\"@id\":\"https:\/\/leatai.com\/es\/product\/colaboracion-entre-industrias\/industria-cinematografica-es\/cola-films-x-leatai\/#primaryimage\",\"url\":\"https:\/\/leatai.com\/wp-content\/uploads\/2020_07_07_1418530.jpg\",\"contentUrl\":\"https:\/\/leatai.com\/wp-content\/uploads\/2020_07_07_1418530.jpg\",\"width\":1000,\"height\":750,\"caption\":\"Cuaderno de edici\u00f3n especial en colaboraci\u00f3n con Juana de Arco\"},{\"@type\":\"BreadcrumbList\",\"@id\":\"https:\/\/leatai.com\/es\/product\/colaboracion-entre-industrias\/industria-cinematografica-es\/cola-films-x-leatai\/#breadcrumb\",\"itemListElement\":[{\"@type\":\"ListItem\",\"position\":1,\"name\":\"Home\",\"item\":\"https:\/\/leatai.com\/es\/\"},{\"@type\":\"ListItem\",\"position\":2,\"name\":\"Presentaci\u00f3n de productos\",\"item\":\"https:\/\/leatai.com\/products\/\"},{\"@type\":\"ListItem\",\"position\":3,\"name\":\"Colaboraci\u00f3n entre Industrias\",\"item\":\"https:\/\/leatai.com\/es\/categoria-producto\/colaboracion-entre-industrias\/\"},{\"@type\":\"ListItem\",\"position\":4,\"name\":\"Industria cinematogr\u00e1fica\",\"item\":\"https:\/\/leatai.com\/es\/categoria-producto\/colaboracion-entre-industrias\/industria-cinematografica-es\/\"},{\"@type\":\"ListItem\",\"position\":5,\"name\":\"Cola films x Leatai\"}]},{\"@type\":\"WebSite\",\"@id\":\"https:\/\/leatai.com\/es\/#website\",\"url\":\"https:\/\/leatai.com\/es\/\",\"name\":\"Leatai \u2013 Fabricante de cuadernos personalizados\",\"description\":\"Leatai ofrece cuadernos y planificadores personalizados para marcas y distribuidores globales.\",\"publisher\":{\"@id\":\"https:\/\/leatai.com\/es\/#organization\"},\"potentialAction\":[{\"@type\":\"SearchAction\",\"target\":{\"@type\":\"EntryPoint\",\"urlTemplate\":\"https:\/\/leatai.com\/es\/?s={search_term_string}\"},\"query-input\":{\"@type\":\"PropertyValueSpecification\",\"valueRequired\":true,\"valueName\":\"search_term_string\"}}],\"inLanguage\":\"es\"},{\"@type\":\"Organization\",\"@id\":\"https:\/\/leatai.com\/es\/#organization\",\"name\":\"Leatai Diary, customized journal and business organizer\",\"url\":\"https:\/\/leatai.com\/es\/\",\"logo\":{\"@type\":\"ImageObject\",\"inLanguage\":\"es\",\"@id\":\"https:\/\/leatai.com\/es\/#\/schema\/logo\/image\/\",\"url\":\"https:\/\/leatai.com\/wp-content\/uploads\/logo-blue.png\",\"contentUrl\":\"https:\/\/leatai.com\/wp-content\/uploads\/logo-blue.png\",\"width\":230,\"height\":60,\"caption\":\"Leatai Diary, customized journal and business organizer\"},\"image\":{\"@id\":\"https:\/\/leatai.com\/es\/#\/schema\/logo\/image\/\"}}]}<\/script>\n<!-- \/ Yoast SEO plugin. -->","yoast_head_json":{"title":"Cola films x Leatai - Cuaderno de edici\u00f3n especial en colaboraci\u00f3n con Juana de Arco - Leatai \u2013 Fabricante de cuadernos personalizados","description":"La obra \u00e9pica m\u00e1s controversial del aclamado director Luc Besson: una hero\u00edna de guerra inolvidable en una historia que hay que ver al menos una vez en la vida. Luc Besson, junto a su entonces esposa, la actriz Milla Jovovich, cre\u00f3 una pel\u00edcula conmovedora que regresa a la pantalla grande y no se puede dejar pasar. Una pieza digna de colecci\u00f3n: el cuaderno en edici\u00f3n especial de Juana de Arco, una colaboraci\u00f3n que rinde homenaje al coraje y la historia.","robots":{"index":"index","follow":"follow","max-snippet":"max-snippet:-1","max-image-preview":"max-image-preview:large","max-video-preview":"max-video-preview:-1"},"canonical":"https:\/\/leatai.com\/es\/product\/colaboracion-entre-industrias\/industria-cinematografica-es\/cola-films-x-leatai\/","og_locale":"es_ES","og_type":"article","og_title":"Cola films x Leatai - Cuaderno de edici\u00f3n especial en colaboraci\u00f3n con Juana de Arco - Leatai \u2013 Fabricante de cuadernos personalizados","og_description":"La obra \u00e9pica m\u00e1s controversial del aclamado director Luc Besson: una hero\u00edna de guerra inolvidable en una historia que hay que ver al menos una vez en la vida. Luc Besson, junto a su entonces esposa, la actriz Milla Jovovich, cre\u00f3 una pel\u00edcula conmovedora que regresa a la pantalla grande y no se puede dejar pasar. Una pieza digna de colecci\u00f3n: el cuaderno en edici\u00f3n especial de Juana de Arco, una colaboraci\u00f3n que rinde homenaje al coraje y la historia.","og_url":"https:\/\/leatai.com\/es\/product\/colaboracion-entre-industrias\/industria-cinematografica-es\/cola-films-x-leatai\/","og_site_name":"Leatai \u2013 Fabricante de cuadernos personalizados","article_modified_time":"2025-04-15T02:15:36+00:00","og_image":[{"width":1000,"height":750,"url":"https:\/\/leatai.com\/wp-content\/uploads\/2020_07_07_1418530.jpg","type":"image\/jpeg"}],"twitter_card":"summary_large_image","twitter_misc":{"Tiempo de lectura":"1 minuto"},"schema":{"@context":"https:\/\/schema.org","@graph":[{"@type":"WebPage","@id":"https:\/\/leatai.com\/es\/product\/colaboracion-entre-industrias\/industria-cinematografica-es\/cola-films-x-leatai\/","url":"https:\/\/leatai.com\/es\/product\/colaboracion-entre-industrias\/industria-cinematografica-es\/cola-films-x-leatai\/","name":"Cola films x Leatai - Cuaderno de edici\u00f3n especial en colaboraci\u00f3n con Juana de Arco - Leatai \u2013 Fabricante de cuadernos personalizados","isPartOf":{"@id":"https:\/\/leatai.com\/es\/#website"},"primaryImageOfPage":{"@id":"https:\/\/leatai.com\/es\/product\/colaboracion-entre-industrias\/industria-cinematografica-es\/cola-films-x-leatai\/#primaryimage"},"image":{"@id":"https:\/\/leatai.com\/es\/product\/colaboracion-entre-industrias\/industria-cinematografica-es\/cola-films-x-leatai\/#primaryimage"},"thumbnailUrl":"https:\/\/leatai.com\/wp-content\/uploads\/2020_07_07_1418530.jpg","datePublished":"2021-06-24T05:23:56+00:00","dateModified":"2025-04-15T02:15:36+00:00","description":"La obra \u00e9pica m\u00e1s controversial del aclamado director Luc Besson: una hero\u00edna de guerra inolvidable en una historia que hay que ver al menos una vez en la vida. Luc Besson, junto a su entonces esposa, la actriz Milla Jovovich, cre\u00f3 una pel\u00edcula conmovedora que regresa a la pantalla grande y no se puede dejar pasar. Una pieza digna de colecci\u00f3n: el cuaderno en edici\u00f3n especial de Juana de Arco, una colaboraci\u00f3n que rinde homenaje al coraje y la historia.","breadcrumb":{"@id":"https:\/\/leatai.com\/es\/product\/colaboracion-entre-industrias\/industria-cinematografica-es\/cola-films-x-leatai\/#breadcrumb"},"inLanguage":"es","potentialAction":[{"@type":"ReadAction","target":["https:\/\/leatai.com\/es\/product\/colaboracion-entre-industrias\/industria-cinematografica-es\/cola-films-x-leatai\/"]}]},{"@type":"ImageObject","inLanguage":"es","@id":"https:\/\/leatai.com\/es\/product\/colaboracion-entre-industrias\/industria-cinematografica-es\/cola-films-x-leatai\/#primaryimage","url":"https:\/\/leatai.com\/wp-content\/uploads\/2020_07_07_1418530.jpg","contentUrl":"https:\/\/leatai.com\/wp-content\/uploads\/2020_07_07_1418530.jpg","width":1000,"height":750,"caption":"Cuaderno de edici\u00f3n especial en colaboraci\u00f3n con Juana de Arco"},{"@type":"BreadcrumbList","@id":"https:\/\/leatai.com\/es\/product\/colaboracion-entre-industrias\/industria-cinematografica-es\/cola-films-x-leatai\/#breadcrumb","itemListElement":[{"@type":"ListItem","position":1,"name":"Home","item":"https:\/\/leatai.com\/es\/"},{"@type":"ListItem","position":2,"name":"Presentaci\u00f3n de productos","item":"https:\/\/leatai.com\/products\/"},{"@type":"ListItem","position":3,"name":"Colaboraci\u00f3n entre Industrias","item":"https:\/\/leatai.com\/es\/categoria-producto\/colaboracion-entre-industrias\/"},{"@type":"ListItem","position":4,"name":"Industria cinematogr\u00e1fica","item":"https:\/\/leatai.com\/es\/categoria-producto\/colaboracion-entre-industrias\/industria-cinematografica-es\/"},{"@type":"ListItem","position":5,"name":"Cola films x Leatai"}]},{"@type":"WebSite","@id":"https:\/\/leatai.com\/es\/#website","url":"https:\/\/leatai.com\/es\/","name":"Leatai \u2013 Fabricante de cuadernos personalizados","description":"Leatai ofrece cuadernos y planificadores personalizados para marcas y distribuidores globales.","publisher":{"@id":"https:\/\/leatai.com\/es\/#organization"},"potentialAction":[{"@type":"SearchAction","target":{"@type":"EntryPoint","urlTemplate":"https:\/\/leatai.com\/es\/?s={search_term_string}"},"query-input":{"@type":"PropertyValueSpecification","valueRequired":true,"valueName":"search_term_string"}}],"inLanguage":"es"},{"@type":"Organization","@id":"https:\/\/leatai.com\/es\/#organization","name":"Leatai Diary, customized journal and business organizer","url":"https:\/\/leatai.com\/es\/","logo":{"@type":"ImageObject","inLanguage":"es","@id":"https:\/\/leatai.com\/es\/#\/schema\/logo\/image\/","url":"https:\/\/leatai.com\/wp-content\/uploads\/logo-blue.png","contentUrl":"https:\/\/leatai.com\/wp-content\/uploads\/logo-blue.png","width":230,"height":60,"caption":"Leatai Diary, customized journal and business organizer"},"image":{"@id":"https:\/\/leatai.com\/es\/#\/schema\/logo\/image\/"}}]}},"_links":{"self":[{"href":"https:\/\/leatai.com\/es\/wp-json\/wp\/v2\/product\/176066","targetHints":{"allow":["GET"]}}],"collection":[{"href":"https:\/\/leatai.com\/es\/wp-json\/wp\/v2\/product"}],"about":[{"href":"https:\/\/leatai.com\/es\/wp-json\/wp\/v2\/types\/product"}],"wp:featuredmedia":[{"embeddable":true,"href":"https:\/\/leatai.com\/es\/wp-json\/wp\/v2\/media\/176067"}],"wp:attachment":[{"href":"https:\/\/leatai.com\/es\/wp-json\/wp\/v2\/media?parent=176066"}],"wp:term":[{"taxonomy":"product_brand","embeddable":true,"href":"https:\/\/leatai.com\/es\/wp-json\/wp\/v2\/product_brand?post=176066"},{"taxonomy":"product_cat","embeddable":true,"href":"https:\/\/leatai.com\/es\/wp-json\/wp\/v2\/product_cat?post=176066"},{"taxonomy":"product_tag","embeddable":true,"href":"https:\/\/leatai.com\/es\/wp-json\/wp\/v2\/product_tag?post=176066"},{"taxonomy":"home_works","embeddable":true,"href":"https:\/\/leatai.com\/es\/wp-json\/wp\/v2\/home_works?post=176066"}],"curies":[{"name":"wp","href":"https:\/\/api.w.org\/{rel}","templated":true}]}}