{"id":176021,"date":"2021-06-24T13:17:30","date_gmt":"2021-06-24T05:17:30","guid":{"rendered":"https:\/\/leatai.com\/product\/sin%20categor\u00eda\/lgp-cuadricula-de-pagina-completa-l32k\/"},"modified":"2025-04-14T16:02:26","modified_gmt":"2025-04-14T08:02:26","slug":"lgp-cuadricula-de-pagina-completa-l32k","status":"publish","type":"product","link":"https:\/\/leatai.com\/es\/product\/formato-de-pagina-interna\/paginas-internas-b6-es\/lgp-cuadricula-de-pagina-completa-l32k\/","title":{"rendered":"LGP-Cuadr\u00edcula de p\u00e1gina completa-L32K"},"content":{"rendered":"<p>Papel: Papel apto para pluma estilogr\u00e1fica<br \/>\nTama\u00f1o: <a href=\"https:\/\/leatai.com\/es\/faq\/cuales-son-los-tamanos-de-planificadores-8k-16k-y-25k-que-tan-grandes-son\/\" target=\"_blank\" rel=\"noopener\">32K (B6)<\/a> <a href=\"https:\/\/leatai.com\/es\/faq\/cuales-son-los-tamanos-de-planificadores-8k-16k-y-25k-que-tan-grandes-son\/\" target=\"_blank\" rel=\"noopener\">(tabla detallada de tama\u00f1os de diarios comerciales)<\/a><br \/>\nGrosor: 80g (80 hojas por cuaderno, 160 p\u00e1ginas en total)<br \/>\nImpresi\u00f3n: A un solo color<br \/>\nContenido: Cuadr\u00edcula de p\u00e1gina completa sin fechas, con espaciado de 5 mm entre l\u00edneas<\/p>\n","protected":false},"excerpt":{"rendered":"<p>Papel: Papel apto para pluma estilogr\u00e1fica Tama\u00f1o: 32K (B6) (tabla detallada de tama\u00f1os de diarios comerciales) Grosor: 80g (80 hojas por cuaderno, 160 p\u00e1ginas en total) Impresi\u00f3n: A un solo color Contenido: Cuadr\u00edcula de p\u00e1gina completa sin fechas, con espaciado de 5 mm entre l\u00edneas<\/p>\n","protected":false},"featured_media":176014,"template":"","meta":{"_acf_changed":false},"product_brand":[],"product_cat":[978,1017],"product_tag":[1499,1500,1495],"home_works":[],"class_list":{"0":"post-176021","1":"product","2":"type-product","3":"status-publish","4":"has-post-thumbnail","6":"product_cat-formato-de-pagina-interna","7":"product_cat-paginas-internas-b6-es","8":"product_tag-32k-es","9":"product_tag-b6-es","10":"product_tag-paginas-interiores-de-agenda-ejecutiva","12":"first","13":"instock","14":"sold-individually","15":"shipping-taxable","16":"purchasable","17":"product-type-simple"},"acf":[],"yoast_head":"<!-- This site is optimized with the Yoast SEO plugin v27.2 - https:\/\/yoast.com\/product\/yoast-seo-wordpress\/ -->\n<title>LGP-Cuadr\u00edcula de p\u00e1gina completa-L32K - p\u00e1ginas interiores de agenda ejecutiva - Leatai \u2013 Fabricante de cuadernos personalizados<\/title>\n<meta name=\"description\" content=\"Formato de interior para diario comercial: Cuadr\u00edcula de p\u00e1gina completa Papel: Papel apto para pluma estilogr\u00e1fica Tama\u00f1o: 32K (B6) Grosor: 80 libras (80 hojas por cuaderno, 160 p\u00e1ginas en total) Impresi\u00f3n: A un solo color Contenido: Cuadr\u00edcula de p\u00e1gina completa sin fechas, con espaciado de 5 mm Un dise\u00f1o sumamente pr\u00e1ctico, ideal para escribir, dibujar, organizar ideas o crear esquemas con total libertad y precisi\u00f3n.\" \/>\n<meta name=\"robots\" content=\"index, follow, max-snippet:-1, max-image-preview:large, max-video-preview:-1\" \/>\n<link rel=\"canonical\" href=\"https:\/\/leatai.com\/es\/product\/formato-de-pagina-interna\/paginas-internas-b6-es\/lgp-cuadricula-de-pagina-completa-l32k\/\" \/>\n<meta property=\"og:locale\" content=\"es_ES\" \/>\n<meta property=\"og:type\" content=\"article\" \/>\n<meta property=\"og:title\" content=\"LGP-Cuadr\u00edcula de p\u00e1gina completa-L32K - p\u00e1ginas interiores de agenda ejecutiva - Leatai \u2013 Fabricante de cuadernos personalizados\" \/>\n<meta property=\"og:description\" content=\"Formato de interior para diario comercial: Cuadr\u00edcula de p\u00e1gina completa Papel: Papel apto para pluma estilogr\u00e1fica Tama\u00f1o: 32K (B6) Grosor: 80 libras (80 hojas por cuaderno, 160 p\u00e1ginas en total) Impresi\u00f3n: A un solo color Contenido: Cuadr\u00edcula de p\u00e1gina completa sin fechas, con espaciado de 5 mm Un dise\u00f1o sumamente pr\u00e1ctico, ideal para escribir, dibujar, organizar ideas o crear esquemas con total libertad y precisi\u00f3n.\" \/>\n<meta property=\"og:url\" content=\"https:\/\/leatai.com\/es\/product\/formato-de-pagina-interna\/paginas-internas-b6-es\/lgp-cuadricula-de-pagina-completa-l32k\/\" \/>\n<meta property=\"og:site_name\" content=\"Leatai \u2013 Fabricante de cuadernos personalizados\" \/>\n<meta property=\"article:modified_time\" content=\"2025-04-14T08:02:26+00:00\" \/>\n<meta property=\"og:image\" content=\"https:\/\/leatai.com\/wp-content\/uploads\/2020_06_16_1046200.jpg\" \/>\n\t<meta property=\"og:image:width\" content=\"1000\" \/>\n\t<meta property=\"og:image:height\" content=\"713\" \/>\n\t<meta property=\"og:image:type\" content=\"image\/jpeg\" \/>\n<meta name=\"twitter:card\" content=\"summary_large_image\" \/>\n<meta name=\"twitter:label1\" content=\"Tiempo de lectura\" \/>\n\t<meta name=\"twitter:data1\" content=\"1 minuto\" \/>\n<script type=\"application\/ld+json\" class=\"yoast-schema-graph\">{\"@context\":\"https:\/\/schema.org\",\"@graph\":[{\"@type\":\"WebPage\",\"@id\":\"https:\/\/leatai.com\/es\/product\/formato-de-pagina-interna\/paginas-internas-b6-es\/lgp-cuadricula-de-pagina-completa-l32k\/\",\"url\":\"https:\/\/leatai.com\/es\/product\/formato-de-pagina-interna\/paginas-internas-b6-es\/lgp-cuadricula-de-pagina-completa-l32k\/\",\"name\":\"LGP-Cuadr\u00edcula de p\u00e1gina completa-L32K - p\u00e1ginas interiores de agenda ejecutiva - Leatai \u2013 Fabricante de cuadernos personalizados\",\"isPartOf\":{\"@id\":\"https:\/\/leatai.com\/es\/#website\"},\"primaryImageOfPage\":{\"@id\":\"https:\/\/leatai.com\/es\/product\/formato-de-pagina-interna\/paginas-internas-b6-es\/lgp-cuadricula-de-pagina-completa-l32k\/#primaryimage\"},\"image\":{\"@id\":\"https:\/\/leatai.com\/es\/product\/formato-de-pagina-interna\/paginas-internas-b6-es\/lgp-cuadricula-de-pagina-completa-l32k\/#primaryimage\"},\"thumbnailUrl\":\"https:\/\/leatai.com\/wp-content\/uploads\/2020_06_16_1046200.jpg\",\"datePublished\":\"2021-06-24T05:17:30+00:00\",\"dateModified\":\"2025-04-14T08:02:26+00:00\",\"description\":\"Formato de interior para diario comercial: Cuadr\u00edcula de p\u00e1gina completa Papel: Papel apto para pluma estilogr\u00e1fica Tama\u00f1o: 32K (B6) Grosor: 80 libras (80 hojas por cuaderno, 160 p\u00e1ginas en total) Impresi\u00f3n: A un solo color Contenido: Cuadr\u00edcula de p\u00e1gina completa sin fechas, con espaciado de 5 mm Un dise\u00f1o sumamente pr\u00e1ctico, ideal para escribir, dibujar, organizar ideas o crear esquemas con total libertad y precisi\u00f3n.\",\"breadcrumb\":{\"@id\":\"https:\/\/leatai.com\/es\/product\/formato-de-pagina-interna\/paginas-internas-b6-es\/lgp-cuadricula-de-pagina-completa-l32k\/#breadcrumb\"},\"inLanguage\":\"es\",\"potentialAction\":[{\"@type\":\"ReadAction\",\"target\":[\"https:\/\/leatai.com\/es\/product\/formato-de-pagina-interna\/paginas-internas-b6-es\/lgp-cuadricula-de-pagina-completa-l32k\/\"]}]},{\"@type\":\"ImageObject\",\"inLanguage\":\"es\",\"@id\":\"https:\/\/leatai.com\/es\/product\/formato-de-pagina-interna\/paginas-internas-b6-es\/lgp-cuadricula-de-pagina-completa-l32k\/#primaryimage\",\"url\":\"https:\/\/leatai.com\/wp-content\/uploads\/2020_06_16_1046200.jpg\",\"contentUrl\":\"https:\/\/leatai.com\/wp-content\/uploads\/2020_06_16_1046200.jpg\",\"width\":1000,\"height\":713,\"caption\":\"p\u00e1ginas interiores de agenda ejecutiva\"},{\"@type\":\"BreadcrumbList\",\"@id\":\"https:\/\/leatai.com\/es\/product\/formato-de-pagina-interna\/paginas-internas-b6-es\/lgp-cuadricula-de-pagina-completa-l32k\/#breadcrumb\",\"itemListElement\":[{\"@type\":\"ListItem\",\"position\":1,\"name\":\"Home\",\"item\":\"https:\/\/leatai.com\/es\/\"},{\"@type\":\"ListItem\",\"position\":2,\"name\":\"Presentaci\u00f3n de productos\",\"item\":\"https:\/\/leatai.com\/products\/\"},{\"@type\":\"ListItem\",\"position\":3,\"name\":\"Formato de P\u00e1gina Interna\",\"item\":\"https:\/\/leatai.com\/es\/categoria-producto\/formato-de-pagina-interna\/\"},{\"@type\":\"ListItem\",\"position\":4,\"name\":\"P\u00e1ginas Internas B6\",\"item\":\"https:\/\/leatai.com\/es\/categoria-producto\/formato-de-pagina-interna\/paginas-internas-b6-es\/\"},{\"@type\":\"ListItem\",\"position\":5,\"name\":\"LGP-Cuadr\u00edcula de p\u00e1gina completa-L32K\"}]},{\"@type\":\"WebSite\",\"@id\":\"https:\/\/leatai.com\/es\/#website\",\"url\":\"https:\/\/leatai.com\/es\/\",\"name\":\"Leatai \u2013 Fabricante de cuadernos personalizados\",\"description\":\"Leatai ofrece cuadernos y planificadores personalizados para marcas y distribuidores globales.\",\"publisher\":{\"@id\":\"https:\/\/leatai.com\/es\/#organization\"},\"potentialAction\":[{\"@type\":\"SearchAction\",\"target\":{\"@type\":\"EntryPoint\",\"urlTemplate\":\"https:\/\/leatai.com\/es\/?s={search_term_string}\"},\"query-input\":{\"@type\":\"PropertyValueSpecification\",\"valueRequired\":true,\"valueName\":\"search_term_string\"}}],\"inLanguage\":\"es\"},{\"@type\":\"Organization\",\"@id\":\"https:\/\/leatai.com\/es\/#organization\",\"name\":\"Leatai Diary, customized journal and business organizer\",\"url\":\"https:\/\/leatai.com\/es\/\",\"logo\":{\"@type\":\"ImageObject\",\"inLanguage\":\"es\",\"@id\":\"https:\/\/leatai.com\/es\/#\/schema\/logo\/image\/\",\"url\":\"https:\/\/leatai.com\/wp-content\/uploads\/logo-blue.png\",\"contentUrl\":\"https:\/\/leatai.com\/wp-content\/uploads\/logo-blue.png\",\"width\":230,\"height\":60,\"caption\":\"Leatai Diary, customized journal and business organizer\"},\"image\":{\"@id\":\"https:\/\/leatai.com\/es\/#\/schema\/logo\/image\/\"}}]}<\/script>\n<!-- \/ Yoast SEO plugin. -->","yoast_head_json":{"title":"LGP-Cuadr\u00edcula de p\u00e1gina completa-L32K - p\u00e1ginas interiores de agenda ejecutiva - Leatai \u2013 Fabricante de cuadernos personalizados","description":"Formato de interior para diario comercial: Cuadr\u00edcula de p\u00e1gina completa Papel: Papel apto para pluma estilogr\u00e1fica Tama\u00f1o: 32K (B6) Grosor: 80 libras (80 hojas por cuaderno, 160 p\u00e1ginas en total) Impresi\u00f3n: A un solo color Contenido: Cuadr\u00edcula de p\u00e1gina completa sin fechas, con espaciado de 5 mm Un dise\u00f1o sumamente pr\u00e1ctico, ideal para escribir, dibujar, organizar ideas o crear esquemas con total libertad y precisi\u00f3n.","robots":{"index":"index","follow":"follow","max-snippet":"max-snippet:-1","max-image-preview":"max-image-preview:large","max-video-preview":"max-video-preview:-1"},"canonical":"https:\/\/leatai.com\/es\/product\/formato-de-pagina-interna\/paginas-internas-b6-es\/lgp-cuadricula-de-pagina-completa-l32k\/","og_locale":"es_ES","og_type":"article","og_title":"LGP-Cuadr\u00edcula de p\u00e1gina completa-L32K - p\u00e1ginas interiores de agenda ejecutiva - Leatai \u2013 Fabricante de cuadernos personalizados","og_description":"Formato de interior para diario comercial: Cuadr\u00edcula de p\u00e1gina completa Papel: Papel apto para pluma estilogr\u00e1fica Tama\u00f1o: 32K (B6) Grosor: 80 libras (80 hojas por cuaderno, 160 p\u00e1ginas en total) Impresi\u00f3n: A un solo color Contenido: Cuadr\u00edcula de p\u00e1gina completa sin fechas, con espaciado de 5 mm Un dise\u00f1o sumamente pr\u00e1ctico, ideal para escribir, dibujar, organizar ideas o crear esquemas con total libertad y precisi\u00f3n.","og_url":"https:\/\/leatai.com\/es\/product\/formato-de-pagina-interna\/paginas-internas-b6-es\/lgp-cuadricula-de-pagina-completa-l32k\/","og_site_name":"Leatai \u2013 Fabricante de cuadernos personalizados","article_modified_time":"2025-04-14T08:02:26+00:00","og_image":[{"width":1000,"height":713,"url":"https:\/\/leatai.com\/wp-content\/uploads\/2020_06_16_1046200.jpg","type":"image\/jpeg"}],"twitter_card":"summary_large_image","twitter_misc":{"Tiempo de lectura":"1 minuto"},"schema":{"@context":"https:\/\/schema.org","@graph":[{"@type":"WebPage","@id":"https:\/\/leatai.com\/es\/product\/formato-de-pagina-interna\/paginas-internas-b6-es\/lgp-cuadricula-de-pagina-completa-l32k\/","url":"https:\/\/leatai.com\/es\/product\/formato-de-pagina-interna\/paginas-internas-b6-es\/lgp-cuadricula-de-pagina-completa-l32k\/","name":"LGP-Cuadr\u00edcula de p\u00e1gina completa-L32K - p\u00e1ginas interiores de agenda ejecutiva - Leatai \u2013 Fabricante de cuadernos personalizados","isPartOf":{"@id":"https:\/\/leatai.com\/es\/#website"},"primaryImageOfPage":{"@id":"https:\/\/leatai.com\/es\/product\/formato-de-pagina-interna\/paginas-internas-b6-es\/lgp-cuadricula-de-pagina-completa-l32k\/#primaryimage"},"image":{"@id":"https:\/\/leatai.com\/es\/product\/formato-de-pagina-interna\/paginas-internas-b6-es\/lgp-cuadricula-de-pagina-completa-l32k\/#primaryimage"},"thumbnailUrl":"https:\/\/leatai.com\/wp-content\/uploads\/2020_06_16_1046200.jpg","datePublished":"2021-06-24T05:17:30+00:00","dateModified":"2025-04-14T08:02:26+00:00","description":"Formato de interior para diario comercial: Cuadr\u00edcula de p\u00e1gina completa Papel: Papel apto para pluma estilogr\u00e1fica Tama\u00f1o: 32K (B6) Grosor: 80 libras (80 hojas por cuaderno, 160 p\u00e1ginas en total) Impresi\u00f3n: A un solo color Contenido: Cuadr\u00edcula de p\u00e1gina completa sin fechas, con espaciado de 5 mm Un dise\u00f1o sumamente pr\u00e1ctico, ideal para escribir, dibujar, organizar ideas o crear esquemas con total libertad y precisi\u00f3n.","breadcrumb":{"@id":"https:\/\/leatai.com\/es\/product\/formato-de-pagina-interna\/paginas-internas-b6-es\/lgp-cuadricula-de-pagina-completa-l32k\/#breadcrumb"},"inLanguage":"es","potentialAction":[{"@type":"ReadAction","target":["https:\/\/leatai.com\/es\/product\/formato-de-pagina-interna\/paginas-internas-b6-es\/lgp-cuadricula-de-pagina-completa-l32k\/"]}]},{"@type":"ImageObject","inLanguage":"es","@id":"https:\/\/leatai.com\/es\/product\/formato-de-pagina-interna\/paginas-internas-b6-es\/lgp-cuadricula-de-pagina-completa-l32k\/#primaryimage","url":"https:\/\/leatai.com\/wp-content\/uploads\/2020_06_16_1046200.jpg","contentUrl":"https:\/\/leatai.com\/wp-content\/uploads\/2020_06_16_1046200.jpg","width":1000,"height":713,"caption":"p\u00e1ginas interiores de agenda ejecutiva"},{"@type":"BreadcrumbList","@id":"https:\/\/leatai.com\/es\/product\/formato-de-pagina-interna\/paginas-internas-b6-es\/lgp-cuadricula-de-pagina-completa-l32k\/#breadcrumb","itemListElement":[{"@type":"ListItem","position":1,"name":"Home","item":"https:\/\/leatai.com\/es\/"},{"@type":"ListItem","position":2,"name":"Presentaci\u00f3n de productos","item":"https:\/\/leatai.com\/products\/"},{"@type":"ListItem","position":3,"name":"Formato de P\u00e1gina Interna","item":"https:\/\/leatai.com\/es\/categoria-producto\/formato-de-pagina-interna\/"},{"@type":"ListItem","position":4,"name":"P\u00e1ginas Internas B6","item":"https:\/\/leatai.com\/es\/categoria-producto\/formato-de-pagina-interna\/paginas-internas-b6-es\/"},{"@type":"ListItem","position":5,"name":"LGP-Cuadr\u00edcula de p\u00e1gina completa-L32K"}]},{"@type":"WebSite","@id":"https:\/\/leatai.com\/es\/#website","url":"https:\/\/leatai.com\/es\/","name":"Leatai \u2013 Fabricante de cuadernos personalizados","description":"Leatai ofrece cuadernos y planificadores personalizados para marcas y distribuidores globales.","publisher":{"@id":"https:\/\/leatai.com\/es\/#organization"},"potentialAction":[{"@type":"SearchAction","target":{"@type":"EntryPoint","urlTemplate":"https:\/\/leatai.com\/es\/?s={search_term_string}"},"query-input":{"@type":"PropertyValueSpecification","valueRequired":true,"valueName":"search_term_string"}}],"inLanguage":"es"},{"@type":"Organization","@id":"https:\/\/leatai.com\/es\/#organization","name":"Leatai Diary, customized journal and business organizer","url":"https:\/\/leatai.com\/es\/","logo":{"@type":"ImageObject","inLanguage":"es","@id":"https:\/\/leatai.com\/es\/#\/schema\/logo\/image\/","url":"https:\/\/leatai.com\/wp-content\/uploads\/logo-blue.png","contentUrl":"https:\/\/leatai.com\/wp-content\/uploads\/logo-blue.png","width":230,"height":60,"caption":"Leatai Diary, customized journal and business organizer"},"image":{"@id":"https:\/\/leatai.com\/es\/#\/schema\/logo\/image\/"}}]}},"_links":{"self":[{"href":"https:\/\/leatai.com\/es\/wp-json\/wp\/v2\/product\/176021","targetHints":{"allow":["GET"]}}],"collection":[{"href":"https:\/\/leatai.com\/es\/wp-json\/wp\/v2\/product"}],"about":[{"href":"https:\/\/leatai.com\/es\/wp-json\/wp\/v2\/types\/product"}],"wp:featuredmedia":[{"embeddable":true,"href":"https:\/\/leatai.com\/es\/wp-json\/wp\/v2\/media\/176014"}],"wp:attachment":[{"href":"https:\/\/leatai.com\/es\/wp-json\/wp\/v2\/media?parent=176021"}],"wp:term":[{"taxonomy":"product_brand","embeddable":true,"href":"https:\/\/leatai.com\/es\/wp-json\/wp\/v2\/product_brand?post=176021"},{"taxonomy":"product_cat","embeddable":true,"href":"https:\/\/leatai.com\/es\/wp-json\/wp\/v2\/product_cat?post=176021"},{"taxonomy":"product_tag","embeddable":true,"href":"https:\/\/leatai.com\/es\/wp-json\/wp\/v2\/product_tag?post=176021"},{"taxonomy":"home_works","embeddable":true,"href":"https:\/\/leatai.com\/es\/wp-json\/wp\/v2\/home_works?post=176021"}],"curies":[{"name":"wp","href":"https:\/\/api.w.org\/{rel}","templated":true}]}}