{"id":175910,"date":"2021-06-24T13:17:29","date_gmt":"2021-06-24T05:17:29","guid":{"rendered":"https:\/\/leatai.com\/product\/sin%20categor\u00eda\/lgp-planificacion-mensual-tipo-cuaderno-de-notas-a16k\/"},"modified":"2025-04-14T10:40:53","modified_gmt":"2025-04-14T02:40:53","slug":"lgp-planificacion-mensual-tipo-cuaderno-de-notas-a16k","status":"publish","type":"product","link":"https:\/\/leatai.com\/es\/product\/formato-de-pagina-interna\/paginas-internas-b5-es\/lgp-planificacion-mensual-tipo-cuaderno-de-notas-a16k\/","title":{"rendered":"LGP- Planificaci\u00f3n mensual tipo cuaderno de notas-A16K"},"content":{"rendered":"<p>Papel: Papel Dowling blanco<br \/>\nTama\u00f1o: <a href=\"https:\/\/leatai.com\/es\/faq\/cuales-son-los-tamanos-de-planificadores-8k-16k-y-25k-que-tan-grandes-son\/\" target=\"_blank\" rel=\"noopener\">16K (B5)<\/a> <a href=\"https:\/\/leatai.com\/es\/faq\/cuales-son-los-tamanos-de-planificadores-8k-16k-y-25k-que-tan-grandes-son\/\" target=\"_blank\" rel=\"noopener\">(Tabla detallada de tama\u00f1os de diarios comerciales)<\/a><br \/>\nGrosor: 80 libras (72 hojas por cuaderno, 144 p\u00e1ginas)<br \/>\nImpresi\u00f3n: A dos colores<br \/>\nContenido: Calendario anual + Planificaci\u00f3n mensual + P\u00e1ginas de notas con l\u00edneas + Secci\u00f3n de informaci\u00f3n<\/p>\n<p>Distribuci\u00f3n de p\u00e1ginas:<br \/>\nP.1\u2003Lista de feriados y festividades<br \/>\nP.2\u2013P.3\u2003Calendario anual<br \/>\nP.4\u2013P.5\u2003Planificaci\u00f3n anual<br \/>\nP.6\u2013P.29\u2003Planificaci\u00f3n mensual (de enero a diciembre del a\u00f1o en curso, dos p\u00e1ginas por mes)<br \/>\nP.30\u2013P.128\u2003P\u00e1ginas de notas con l\u00edneas<br \/>\nP.129\u2013P.130\u2003Agenda de contactos<br \/>\nP.131\u2013P.144\u2003Secci\u00f3n de informaci\u00f3n (tel\u00e9fonos de servicios de transporte, tabla de conversi\u00f3n de medidas, tabla de volumen, directorio de servicios, gu\u00eda a\u00e9rea internacional, c\u00f3digos de ciudades principales en China continental, mapa del metro, mapa de autopistas y ficha de datos personales)<\/p>\n<p>Este dise\u00f1o de tipo &#8220;planificaci\u00f3n mensual con notas&#8221; es ideal para quienes desean una organizaci\u00f3n mensual clara y mucho espacio para escribir, perfecto para el uso diario en la vida profesional o personal.<\/p>\n","protected":false},"excerpt":{"rendered":"<p>Papel: Papel Dowling blanco Tama\u00f1o: 16K (B5) (Tabla detallada de tama\u00f1os de diarios comerciales) Grosor: 80 libras (72 hojas por cuaderno, 144 p\u00e1ginas) Impresi\u00f3n: A dos colores Contenido: Calendario anual + Planificaci\u00f3n mensual + P\u00e1ginas de notas con l\u00edneas + Secci\u00f3n de informaci\u00f3n Distribuci\u00f3n de p\u00e1ginas: P.1\u2003Lista de feriados y festividades P.2\u2013P.3\u2003Calendario anual P.4\u2013P.5\u2003Planificaci\u00f3n anual [&hellip;]<\/p>\n","protected":false},"featured_media":175906,"template":"","meta":{"_acf_changed":false},"product_brand":[],"product_cat":[978,991],"product_tag":[1494,1496,1495],"home_works":[],"class_list":{"0":"post-175910","1":"product","2":"type-product","3":"status-publish","4":"has-post-thumbnail","6":"product_cat-formato-de-pagina-interna","7":"product_cat-paginas-internas-b5-es","8":"product_tag-16k-es","9":"product_tag-b5-es","10":"product_tag-paginas-interiores-de-agenda-ejecutiva","12":"first","13":"instock","14":"sold-individually","15":"shipping-taxable","16":"purchasable","17":"product-type-simple"},"acf":[],"yoast_head":"<!-- This site is optimized with the Yoast SEO plugin v27.2 - https:\/\/yoast.com\/product\/yoast-seo-wordpress\/ -->\n<title>LGP- Planificaci\u00f3n mensual tipo cuaderno de notas-A16K - p\u00e1ginas interiores de agenda ejecutiva - Leatai \u2013 Fabricante de cuadernos personalizados<\/title>\n<meta name=\"description\" content=\"Formato de interior para diario comercial: Planificaci\u00f3n mensual Papel: Papel Dowling blanco Tama\u00f1o: 16K (B5) Grosor: 80 libras (72 hojas por cuaderno, 144 p\u00e1ginas) Impresi\u00f3n: A dos colores Contenido: - Calendario anual - P\u00e1ginas de planificaci\u00f3n mensual - P\u00e1ginas de notas con l\u00edneas - Secci\u00f3n de informaci\u00f3n \u00a1Las p\u00e1ginas de planificaci\u00f3n mensual le permiten hacer que cada mes sea verdaderamente extraordinario!\" \/>\n<meta name=\"robots\" content=\"index, follow, max-snippet:-1, max-image-preview:large, max-video-preview:-1\" \/>\n<link rel=\"canonical\" href=\"https:\/\/leatai.com\/es\/product\/formato-de-pagina-interna\/paginas-internas-b5-es\/lgp-planificacion-mensual-tipo-cuaderno-de-notas-a16k\/\" \/>\n<meta property=\"og:locale\" content=\"es_ES\" \/>\n<meta property=\"og:type\" content=\"article\" \/>\n<meta property=\"og:title\" content=\"LGP- Planificaci\u00f3n mensual tipo cuaderno de notas-A16K - p\u00e1ginas interiores de agenda ejecutiva - Leatai \u2013 Fabricante de cuadernos personalizados\" \/>\n<meta property=\"og:description\" content=\"Formato de interior para diario comercial: Planificaci\u00f3n mensual Papel: Papel Dowling blanco Tama\u00f1o: 16K (B5) Grosor: 80 libras (72 hojas por cuaderno, 144 p\u00e1ginas) Impresi\u00f3n: A dos colores Contenido: - Calendario anual - P\u00e1ginas de planificaci\u00f3n mensual - P\u00e1ginas de notas con l\u00edneas - Secci\u00f3n de informaci\u00f3n \u00a1Las p\u00e1ginas de planificaci\u00f3n mensual le permiten hacer que cada mes sea verdaderamente extraordinario!\" \/>\n<meta property=\"og:url\" content=\"https:\/\/leatai.com\/es\/product\/formato-de-pagina-interna\/paginas-internas-b5-es\/lgp-planificacion-mensual-tipo-cuaderno-de-notas-a16k\/\" \/>\n<meta property=\"og:site_name\" content=\"Leatai \u2013 Fabricante de cuadernos personalizados\" \/>\n<meta property=\"article:modified_time\" content=\"2025-04-14T02:40:53+00:00\" \/>\n<meta property=\"og:image\" content=\"https:\/\/leatai.com\/wp-content\/uploads\/\u6708\u8a08\u756b-01-scaled.jpg\" \/>\n\t<meta property=\"og:image:width\" content=\"2560\" \/>\n\t<meta property=\"og:image:height\" content=\"1776\" \/>\n\t<meta property=\"og:image:type\" content=\"image\/jpeg\" \/>\n<meta name=\"twitter:card\" content=\"summary_large_image\" \/>\n<meta name=\"twitter:label1\" content=\"Tiempo de lectura\" \/>\n\t<meta name=\"twitter:data1\" content=\"2 minutos\" \/>\n<script type=\"application\/ld+json\" class=\"yoast-schema-graph\">{\"@context\":\"https:\/\/schema.org\",\"@graph\":[{\"@type\":\"WebPage\",\"@id\":\"https:\/\/leatai.com\/es\/product\/formato-de-pagina-interna\/paginas-internas-b5-es\/lgp-planificacion-mensual-tipo-cuaderno-de-notas-a16k\/\",\"url\":\"https:\/\/leatai.com\/es\/product\/formato-de-pagina-interna\/paginas-internas-b5-es\/lgp-planificacion-mensual-tipo-cuaderno-de-notas-a16k\/\",\"name\":\"LGP- Planificaci\u00f3n mensual tipo cuaderno de notas-A16K - p\u00e1ginas interiores de agenda ejecutiva - Leatai \u2013 Fabricante de cuadernos personalizados\",\"isPartOf\":{\"@id\":\"https:\/\/leatai.com\/es\/#website\"},\"primaryImageOfPage\":{\"@id\":\"https:\/\/leatai.com\/es\/product\/formato-de-pagina-interna\/paginas-internas-b5-es\/lgp-planificacion-mensual-tipo-cuaderno-de-notas-a16k\/#primaryimage\"},\"image\":{\"@id\":\"https:\/\/leatai.com\/es\/product\/formato-de-pagina-interna\/paginas-internas-b5-es\/lgp-planificacion-mensual-tipo-cuaderno-de-notas-a16k\/#primaryimage\"},\"thumbnailUrl\":\"https:\/\/leatai.com\/wp-content\/uploads\/\u6708\u8a08\u756b-01-scaled.jpg\",\"datePublished\":\"2021-06-24T05:17:29+00:00\",\"dateModified\":\"2025-04-14T02:40:53+00:00\",\"description\":\"Formato de interior para diario comercial: Planificaci\u00f3n mensual Papel: Papel Dowling blanco Tama\u00f1o: 16K (B5) Grosor: 80 libras (72 hojas por cuaderno, 144 p\u00e1ginas) Impresi\u00f3n: A dos colores Contenido: - Calendario anual - P\u00e1ginas de planificaci\u00f3n mensual - P\u00e1ginas de notas con l\u00edneas - Secci\u00f3n de informaci\u00f3n \u00a1Las p\u00e1ginas de planificaci\u00f3n mensual le permiten hacer que cada mes sea verdaderamente extraordinario!\",\"breadcrumb\":{\"@id\":\"https:\/\/leatai.com\/es\/product\/formato-de-pagina-interna\/paginas-internas-b5-es\/lgp-planificacion-mensual-tipo-cuaderno-de-notas-a16k\/#breadcrumb\"},\"inLanguage\":\"es\",\"potentialAction\":[{\"@type\":\"ReadAction\",\"target\":[\"https:\/\/leatai.com\/es\/product\/formato-de-pagina-interna\/paginas-internas-b5-es\/lgp-planificacion-mensual-tipo-cuaderno-de-notas-a16k\/\"]}]},{\"@type\":\"ImageObject\",\"inLanguage\":\"es\",\"@id\":\"https:\/\/leatai.com\/es\/product\/formato-de-pagina-interna\/paginas-internas-b5-es\/lgp-planificacion-mensual-tipo-cuaderno-de-notas-a16k\/#primaryimage\",\"url\":\"https:\/\/leatai.com\/wp-content\/uploads\/\u6708\u8a08\u756b-01-scaled.jpg\",\"contentUrl\":\"https:\/\/leatai.com\/wp-content\/uploads\/\u6708\u8a08\u756b-01-scaled.jpg\",\"width\":2560,\"height\":1776,\"caption\":\"p\u00e1ginas interiores de agenda ejecutiva\"},{\"@type\":\"BreadcrumbList\",\"@id\":\"https:\/\/leatai.com\/es\/product\/formato-de-pagina-interna\/paginas-internas-b5-es\/lgp-planificacion-mensual-tipo-cuaderno-de-notas-a16k\/#breadcrumb\",\"itemListElement\":[{\"@type\":\"ListItem\",\"position\":1,\"name\":\"Home\",\"item\":\"https:\/\/leatai.com\/es\/\"},{\"@type\":\"ListItem\",\"position\":2,\"name\":\"Presentaci\u00f3n de productos\",\"item\":\"https:\/\/leatai.com\/products\/\"},{\"@type\":\"ListItem\",\"position\":3,\"name\":\"Formato de P\u00e1gina Interna\",\"item\":\"https:\/\/leatai.com\/es\/categoria-producto\/formato-de-pagina-interna\/\"},{\"@type\":\"ListItem\",\"position\":4,\"name\":\"P\u00e1ginas Internas B5\",\"item\":\"https:\/\/leatai.com\/es\/categoria-producto\/formato-de-pagina-interna\/paginas-internas-b5-es\/\"},{\"@type\":\"ListItem\",\"position\":5,\"name\":\"LGP- Planificaci\u00f3n mensual tipo cuaderno de notas-A16K\"}]},{\"@type\":\"WebSite\",\"@id\":\"https:\/\/leatai.com\/es\/#website\",\"url\":\"https:\/\/leatai.com\/es\/\",\"name\":\"Leatai \u2013 Fabricante de cuadernos personalizados\",\"description\":\"Leatai ofrece cuadernos y planificadores personalizados para marcas y distribuidores globales.\",\"publisher\":{\"@id\":\"https:\/\/leatai.com\/es\/#organization\"},\"potentialAction\":[{\"@type\":\"SearchAction\",\"target\":{\"@type\":\"EntryPoint\",\"urlTemplate\":\"https:\/\/leatai.com\/es\/?s={search_term_string}\"},\"query-input\":{\"@type\":\"PropertyValueSpecification\",\"valueRequired\":true,\"valueName\":\"search_term_string\"}}],\"inLanguage\":\"es\"},{\"@type\":\"Organization\",\"@id\":\"https:\/\/leatai.com\/es\/#organization\",\"name\":\"Leatai Diary, customized journal and business organizer\",\"url\":\"https:\/\/leatai.com\/es\/\",\"logo\":{\"@type\":\"ImageObject\",\"inLanguage\":\"es\",\"@id\":\"https:\/\/leatai.com\/es\/#\/schema\/logo\/image\/\",\"url\":\"https:\/\/leatai.com\/wp-content\/uploads\/logo-blue.png\",\"contentUrl\":\"https:\/\/leatai.com\/wp-content\/uploads\/logo-blue.png\",\"width\":230,\"height\":60,\"caption\":\"Leatai Diary, customized journal and business organizer\"},\"image\":{\"@id\":\"https:\/\/leatai.com\/es\/#\/schema\/logo\/image\/\"}}]}<\/script>\n<!-- \/ Yoast SEO plugin. -->","yoast_head_json":{"title":"LGP- Planificaci\u00f3n mensual tipo cuaderno de notas-A16K - p\u00e1ginas interiores de agenda ejecutiva - Leatai \u2013 Fabricante de cuadernos personalizados","description":"Formato de interior para diario comercial: Planificaci\u00f3n mensual Papel: Papel Dowling blanco Tama\u00f1o: 16K (B5) Grosor: 80 libras (72 hojas por cuaderno, 144 p\u00e1ginas) Impresi\u00f3n: A dos colores Contenido: - Calendario anual - P\u00e1ginas de planificaci\u00f3n mensual - P\u00e1ginas de notas con l\u00edneas - Secci\u00f3n de informaci\u00f3n \u00a1Las p\u00e1ginas de planificaci\u00f3n mensual le permiten hacer que cada mes sea verdaderamente extraordinario!","robots":{"index":"index","follow":"follow","max-snippet":"max-snippet:-1","max-image-preview":"max-image-preview:large","max-video-preview":"max-video-preview:-1"},"canonical":"https:\/\/leatai.com\/es\/product\/formato-de-pagina-interna\/paginas-internas-b5-es\/lgp-planificacion-mensual-tipo-cuaderno-de-notas-a16k\/","og_locale":"es_ES","og_type":"article","og_title":"LGP- Planificaci\u00f3n mensual tipo cuaderno de notas-A16K - p\u00e1ginas interiores de agenda ejecutiva - Leatai \u2013 Fabricante de cuadernos personalizados","og_description":"Formato de interior para diario comercial: Planificaci\u00f3n mensual Papel: Papel Dowling blanco Tama\u00f1o: 16K (B5) Grosor: 80 libras (72 hojas por cuaderno, 144 p\u00e1ginas) Impresi\u00f3n: A dos colores Contenido: - Calendario anual - P\u00e1ginas de planificaci\u00f3n mensual - P\u00e1ginas de notas con l\u00edneas - Secci\u00f3n de informaci\u00f3n \u00a1Las p\u00e1ginas de planificaci\u00f3n mensual le permiten hacer que cada mes sea verdaderamente extraordinario!","og_url":"https:\/\/leatai.com\/es\/product\/formato-de-pagina-interna\/paginas-internas-b5-es\/lgp-planificacion-mensual-tipo-cuaderno-de-notas-a16k\/","og_site_name":"Leatai \u2013 Fabricante de cuadernos personalizados","article_modified_time":"2025-04-14T02:40:53+00:00","og_image":[{"width":2560,"height":1776,"url":"https:\/\/leatai.com\/wp-content\/uploads\/\u6708\u8a08\u756b-01-scaled.jpg","type":"image\/jpeg"}],"twitter_card":"summary_large_image","twitter_misc":{"Tiempo de lectura":"2 minutos"},"schema":{"@context":"https:\/\/schema.org","@graph":[{"@type":"WebPage","@id":"https:\/\/leatai.com\/es\/product\/formato-de-pagina-interna\/paginas-internas-b5-es\/lgp-planificacion-mensual-tipo-cuaderno-de-notas-a16k\/","url":"https:\/\/leatai.com\/es\/product\/formato-de-pagina-interna\/paginas-internas-b5-es\/lgp-planificacion-mensual-tipo-cuaderno-de-notas-a16k\/","name":"LGP- Planificaci\u00f3n mensual tipo cuaderno de notas-A16K - p\u00e1ginas interiores de agenda ejecutiva - Leatai \u2013 Fabricante de cuadernos personalizados","isPartOf":{"@id":"https:\/\/leatai.com\/es\/#website"},"primaryImageOfPage":{"@id":"https:\/\/leatai.com\/es\/product\/formato-de-pagina-interna\/paginas-internas-b5-es\/lgp-planificacion-mensual-tipo-cuaderno-de-notas-a16k\/#primaryimage"},"image":{"@id":"https:\/\/leatai.com\/es\/product\/formato-de-pagina-interna\/paginas-internas-b5-es\/lgp-planificacion-mensual-tipo-cuaderno-de-notas-a16k\/#primaryimage"},"thumbnailUrl":"https:\/\/leatai.com\/wp-content\/uploads\/\u6708\u8a08\u756b-01-scaled.jpg","datePublished":"2021-06-24T05:17:29+00:00","dateModified":"2025-04-14T02:40:53+00:00","description":"Formato de interior para diario comercial: Planificaci\u00f3n mensual Papel: Papel Dowling blanco Tama\u00f1o: 16K (B5) Grosor: 80 libras (72 hojas por cuaderno, 144 p\u00e1ginas) Impresi\u00f3n: A dos colores Contenido: - Calendario anual - P\u00e1ginas de planificaci\u00f3n mensual - P\u00e1ginas de notas con l\u00edneas - Secci\u00f3n de informaci\u00f3n \u00a1Las p\u00e1ginas de planificaci\u00f3n mensual le permiten hacer que cada mes sea verdaderamente extraordinario!","breadcrumb":{"@id":"https:\/\/leatai.com\/es\/product\/formato-de-pagina-interna\/paginas-internas-b5-es\/lgp-planificacion-mensual-tipo-cuaderno-de-notas-a16k\/#breadcrumb"},"inLanguage":"es","potentialAction":[{"@type":"ReadAction","target":["https:\/\/leatai.com\/es\/product\/formato-de-pagina-interna\/paginas-internas-b5-es\/lgp-planificacion-mensual-tipo-cuaderno-de-notas-a16k\/"]}]},{"@type":"ImageObject","inLanguage":"es","@id":"https:\/\/leatai.com\/es\/product\/formato-de-pagina-interna\/paginas-internas-b5-es\/lgp-planificacion-mensual-tipo-cuaderno-de-notas-a16k\/#primaryimage","url":"https:\/\/leatai.com\/wp-content\/uploads\/\u6708\u8a08\u756b-01-scaled.jpg","contentUrl":"https:\/\/leatai.com\/wp-content\/uploads\/\u6708\u8a08\u756b-01-scaled.jpg","width":2560,"height":1776,"caption":"p\u00e1ginas interiores de agenda ejecutiva"},{"@type":"BreadcrumbList","@id":"https:\/\/leatai.com\/es\/product\/formato-de-pagina-interna\/paginas-internas-b5-es\/lgp-planificacion-mensual-tipo-cuaderno-de-notas-a16k\/#breadcrumb","itemListElement":[{"@type":"ListItem","position":1,"name":"Home","item":"https:\/\/leatai.com\/es\/"},{"@type":"ListItem","position":2,"name":"Presentaci\u00f3n de productos","item":"https:\/\/leatai.com\/products\/"},{"@type":"ListItem","position":3,"name":"Formato de P\u00e1gina Interna","item":"https:\/\/leatai.com\/es\/categoria-producto\/formato-de-pagina-interna\/"},{"@type":"ListItem","position":4,"name":"P\u00e1ginas Internas B5","item":"https:\/\/leatai.com\/es\/categoria-producto\/formato-de-pagina-interna\/paginas-internas-b5-es\/"},{"@type":"ListItem","position":5,"name":"LGP- Planificaci\u00f3n mensual tipo cuaderno de notas-A16K"}]},{"@type":"WebSite","@id":"https:\/\/leatai.com\/es\/#website","url":"https:\/\/leatai.com\/es\/","name":"Leatai \u2013 Fabricante de cuadernos personalizados","description":"Leatai ofrece cuadernos y planificadores personalizados para marcas y distribuidores globales.","publisher":{"@id":"https:\/\/leatai.com\/es\/#organization"},"potentialAction":[{"@type":"SearchAction","target":{"@type":"EntryPoint","urlTemplate":"https:\/\/leatai.com\/es\/?s={search_term_string}"},"query-input":{"@type":"PropertyValueSpecification","valueRequired":true,"valueName":"search_term_string"}}],"inLanguage":"es"},{"@type":"Organization","@id":"https:\/\/leatai.com\/es\/#organization","name":"Leatai Diary, customized journal and business organizer","url":"https:\/\/leatai.com\/es\/","logo":{"@type":"ImageObject","inLanguage":"es","@id":"https:\/\/leatai.com\/es\/#\/schema\/logo\/image\/","url":"https:\/\/leatai.com\/wp-content\/uploads\/logo-blue.png","contentUrl":"https:\/\/leatai.com\/wp-content\/uploads\/logo-blue.png","width":230,"height":60,"caption":"Leatai Diary, customized journal and business organizer"},"image":{"@id":"https:\/\/leatai.com\/es\/#\/schema\/logo\/image\/"}}]}},"_links":{"self":[{"href":"https:\/\/leatai.com\/es\/wp-json\/wp\/v2\/product\/175910","targetHints":{"allow":["GET"]}}],"collection":[{"href":"https:\/\/leatai.com\/es\/wp-json\/wp\/v2\/product"}],"about":[{"href":"https:\/\/leatai.com\/es\/wp-json\/wp\/v2\/types\/product"}],"wp:featuredmedia":[{"embeddable":true,"href":"https:\/\/leatai.com\/es\/wp-json\/wp\/v2\/media\/175906"}],"wp:attachment":[{"href":"https:\/\/leatai.com\/es\/wp-json\/wp\/v2\/media?parent=175910"}],"wp:term":[{"taxonomy":"product_brand","embeddable":true,"href":"https:\/\/leatai.com\/es\/wp-json\/wp\/v2\/product_brand?post=175910"},{"taxonomy":"product_cat","embeddable":true,"href":"https:\/\/leatai.com\/es\/wp-json\/wp\/v2\/product_cat?post=175910"},{"taxonomy":"product_tag","embeddable":true,"href":"https:\/\/leatai.com\/es\/wp-json\/wp\/v2\/product_tag?post=175910"},{"taxonomy":"home_works","embeddable":true,"href":"https:\/\/leatai.com\/es\/wp-json\/wp\/v2\/home_works?post=175910"}],"curies":[{"name":"wp","href":"https:\/\/api.w.org\/{rel}","templated":true}]}}