{"id":175860,"date":"2021-06-24T13:17:29","date_gmt":"2021-06-24T05:17:29","guid":{"rendered":"https:\/\/leatai.com\/product\/sin%20categor\u00eda\/lgp-planificacion-semanal-con-tres-dias-a-la-izquierda-y-cuatro-dias-a-la-derecha-formato-vertical-l16k\/"},"modified":"2025-06-07T16:17:01","modified_gmt":"2025-06-07T08:17:01","slug":"lgp-planificacion-semanal-con-tres-dias-a-la-izquierda-y-cuatro-dias-a-la-derecha-formato-vertical-l16k","status":"publish","type":"product","link":"https:\/\/leatai.com\/es\/product\/formato-de-pagina-interna\/paginas-internas-b5-es\/lgp-planificacion-semanal-con-tres-dias-a-la-izquierda-y-cuatro-dias-a-la-derecha-formato-vertical-l16k\/","title":{"rendered":"LGP-Planificaci\u00f3n semanal con tres d\u00edas a la izquierda y cuatro d\u00edas a la derecha \u2013 formato vertical-L16K"},"content":{"rendered":"<p>Papel: Papel Dowling<br \/>\nTama\u00f1o: <a href=\"https:\/\/leatai.com\/es\/faq\/cuales-son-los-tamanos-de-planificadores-8k-16k-y-25k-que-tan-grandes-son\/\" target=\"_blank\" rel=\"noopener\">16K (B5)<\/a> <a href=\"https:\/\/leatai.com\/es\/faq\/cuales-son-los-tamanos-de-planificadores-8k-16k-y-25k-que-tan-grandes-son\/\" target=\"_blank\" rel=\"noopener\">(Tabla detallada de tama\u00f1os de diarios comerciales)<\/a><br \/>\nGrosor: 80 libras (80 hojas por cuaderno, 160 p\u00e1ginas)<br \/>\nImpresi\u00f3n: A tres colores<br \/>\nContenido: Plan mensual + Plan semanal vertical (tres d\u00edas a la izquierda, cuatro a la derecha) + Secci\u00f3n de informaci\u00f3n<\/p>\n<p>Distribuci\u00f3n de p\u00e1ginas:<br \/>\nP.1\u2003P\u00e1gina de imagen de marca<br \/>\nP.2\u2013P.3\u2003Calendario anual<br \/>\nP.4\u2013P.5\u2003Planificaci\u00f3n anual<br \/>\nP.6\u2013P.31\u2003Plan mensual (desde enero del a\u00f1o actual hasta enero del a\u00f1o siguiente, cada mes ocupa dos p\u00e1ginas enfrentadas)<br \/>\nP.32\u2013P.33\u2003Objetivos anuales importantes<br \/>\nP.34\u2013P.149\u2003Planificaci\u00f3n semanal vertical estilo &#8220;tres a la izquierda, cuatro a la derecha&#8221; (desde enero del a\u00f1o actual hasta finales de enero del a\u00f1o siguiente, cada semana ocupa dos p\u00e1ginas enfrentadas)<br \/>\nP.150\u2013P.155\u2003P\u00e1ginas con l\u00edneas horizontales para notas<br \/>\nP.156\u2013P.160\u2003Secci\u00f3n de informaci\u00f3n (referencias de efectos comunes de impresi\u00f3n, mapa del metro, hoja de datos personales)<\/p>\n","protected":false},"excerpt":{"rendered":"<p>Papel: Papel Dowling Tama\u00f1o: 16K (B5) (Tabla detallada de tama\u00f1os de diarios comerciales) Grosor: 80 libras (80 hojas por cuaderno, 160 p\u00e1ginas) Impresi\u00f3n: A tres colores Contenido: Plan mensual + Plan semanal vertical (tres d\u00edas a la izquierda, cuatro a la derecha) + Secci\u00f3n de informaci\u00f3n Distribuci\u00f3n de p\u00e1ginas: P.1\u2003P\u00e1gina de imagen de marca P.2\u2013P.3\u2003Calendario [&hellip;]<\/p>\n","protected":false},"featured_media":175878,"template":"","meta":{"_acf_changed":false},"product_brand":[],"product_cat":[978,991],"product_tag":[1494,1496,1495],"home_works":[],"class_list":{"0":"post-175860","1":"product","2":"type-product","3":"status-publish","4":"has-post-thumbnail","6":"product_cat-formato-de-pagina-interna","7":"product_cat-paginas-internas-b5-es","8":"product_tag-16k-es","9":"product_tag-b5-es","10":"product_tag-paginas-interiores-de-agenda-ejecutiva","12":"first","13":"instock","14":"sold-individually","15":"shipping-taxable","16":"purchasable","17":"product-type-simple"},"acf":[],"yoast_head":"<!-- This site is optimized with the Yoast SEO plugin v27.2 - https:\/\/yoast.com\/product\/yoast-seo-wordpress\/ -->\n<title>LGP-Planificaci\u00f3n semanal con tres d\u00edas a la izquierda y cuatro d\u00edas a la derecha \u2013 formato vertical-L16K - p\u00e1ginas interiores de agenda ejecutiva - Leatai \u2013 Fabricante de cuadernos personalizados<\/title>\n<meta name=\"description\" content=\"Optimice su gesti\u00f3n del tiempo con el formato L16K, que ofrece una vista clara de la semana con tres d\u00edas a la izquierda y cuatro a la derecha en dise\u00f1o vertical.\" \/>\n<meta name=\"robots\" content=\"index, follow, max-snippet:-1, max-image-preview:large, max-video-preview:-1\" \/>\n<link rel=\"canonical\" href=\"https:\/\/leatai.com\/es\/product\/formato-de-pagina-interna\/paginas-internas-b5-es\/lgp-planificacion-semanal-con-tres-dias-a-la-izquierda-y-cuatro-dias-a-la-derecha-formato-vertical-l16k\/\" \/>\n<meta property=\"og:locale\" content=\"es_ES\" \/>\n<meta property=\"og:type\" content=\"article\" \/>\n<meta property=\"og:title\" content=\"LGP-Planificaci\u00f3n semanal con tres d\u00edas a la izquierda y cuatro d\u00edas a la derecha \u2013 formato vertical-L16K - p\u00e1ginas interiores de agenda ejecutiva - Leatai \u2013 Fabricante de cuadernos personalizados\" \/>\n<meta property=\"og:description\" content=\"Optimice su gesti\u00f3n del tiempo con el formato L16K, que ofrece una vista clara de la semana con tres d\u00edas a la izquierda y cuatro a la derecha en dise\u00f1o vertical.\" \/>\n<meta property=\"og:url\" content=\"https:\/\/leatai.com\/es\/product\/formato-de-pagina-interna\/paginas-internas-b5-es\/lgp-planificacion-semanal-con-tres-dias-a-la-izquierda-y-cuatro-dias-a-la-derecha-formato-vertical-l16k\/\" \/>\n<meta property=\"og:site_name\" content=\"Leatai \u2013 Fabricante de cuadernos personalizados\" \/>\n<meta property=\"article:modified_time\" content=\"2025-06-07T08:17:01+00:00\" \/>\n<meta property=\"og:image\" content=\"https:\/\/leatai.com\/wp-content\/uploads\/16K\u9031\u8a08\u756b-1000X750-4.jpg\" \/>\n\t<meta property=\"og:image:width\" content=\"1000\" \/>\n\t<meta property=\"og:image:height\" content=\"750\" \/>\n\t<meta property=\"og:image:type\" content=\"image\/jpeg\" \/>\n<meta name=\"twitter:card\" content=\"summary_large_image\" \/>\n<meta name=\"twitter:label1\" content=\"Tiempo de lectura\" \/>\n\t<meta name=\"twitter:data1\" content=\"1 minuto\" \/>\n<script type=\"application\/ld+json\" class=\"yoast-schema-graph\">{\"@context\":\"https:\/\/schema.org\",\"@graph\":[{\"@type\":\"WebPage\",\"@id\":\"https:\/\/leatai.com\/es\/product\/formato-de-pagina-interna\/paginas-internas-b5-es\/lgp-planificacion-semanal-con-tres-dias-a-la-izquierda-y-cuatro-dias-a-la-derecha-formato-vertical-l16k\/\",\"url\":\"https:\/\/leatai.com\/es\/product\/formato-de-pagina-interna\/paginas-internas-b5-es\/lgp-planificacion-semanal-con-tres-dias-a-la-izquierda-y-cuatro-dias-a-la-derecha-formato-vertical-l16k\/\",\"name\":\"LGP-Planificaci\u00f3n semanal con tres d\u00edas a la izquierda y cuatro d\u00edas a la derecha \u2013 formato vertical-L16K - p\u00e1ginas interiores de agenda ejecutiva - Leatai \u2013 Fabricante de cuadernos personalizados\",\"isPartOf\":{\"@id\":\"https:\/\/leatai.com\/es\/#website\"},\"primaryImageOfPage\":{\"@id\":\"https:\/\/leatai.com\/es\/product\/formato-de-pagina-interna\/paginas-internas-b5-es\/lgp-planificacion-semanal-con-tres-dias-a-la-izquierda-y-cuatro-dias-a-la-derecha-formato-vertical-l16k\/#primaryimage\"},\"image\":{\"@id\":\"https:\/\/leatai.com\/es\/product\/formato-de-pagina-interna\/paginas-internas-b5-es\/lgp-planificacion-semanal-con-tres-dias-a-la-izquierda-y-cuatro-dias-a-la-derecha-formato-vertical-l16k\/#primaryimage\"},\"thumbnailUrl\":\"https:\/\/leatai.com\/wp-content\/uploads\/16K\u9031\u8a08\u756b-1000X750-4.jpg\",\"datePublished\":\"2021-06-24T05:17:29+00:00\",\"dateModified\":\"2025-06-07T08:17:01+00:00\",\"description\":\"Optimice su gesti\u00f3n del tiempo con el formato L16K, que ofrece una vista clara de la semana con tres d\u00edas a la izquierda y cuatro a la derecha en dise\u00f1o vertical.\",\"breadcrumb\":{\"@id\":\"https:\/\/leatai.com\/es\/product\/formato-de-pagina-interna\/paginas-internas-b5-es\/lgp-planificacion-semanal-con-tres-dias-a-la-izquierda-y-cuatro-dias-a-la-derecha-formato-vertical-l16k\/#breadcrumb\"},\"inLanguage\":\"es\",\"potentialAction\":[{\"@type\":\"ReadAction\",\"target\":[\"https:\/\/leatai.com\/es\/product\/formato-de-pagina-interna\/paginas-internas-b5-es\/lgp-planificacion-semanal-con-tres-dias-a-la-izquierda-y-cuatro-dias-a-la-derecha-formato-vertical-l16k\/\"]}]},{\"@type\":\"ImageObject\",\"inLanguage\":\"es\",\"@id\":\"https:\/\/leatai.com\/es\/product\/formato-de-pagina-interna\/paginas-internas-b5-es\/lgp-planificacion-semanal-con-tres-dias-a-la-izquierda-y-cuatro-dias-a-la-derecha-formato-vertical-l16k\/#primaryimage\",\"url\":\"https:\/\/leatai.com\/wp-content\/uploads\/16K\u9031\u8a08\u756b-1000X750-4.jpg\",\"contentUrl\":\"https:\/\/leatai.com\/wp-content\/uploads\/16K\u9031\u8a08\u756b-1000X750-4.jpg\",\"width\":1000,\"height\":750,\"caption\":\"p\u00e1ginas interiores de agenda ejecutiva\"},{\"@type\":\"BreadcrumbList\",\"@id\":\"https:\/\/leatai.com\/es\/product\/formato-de-pagina-interna\/paginas-internas-b5-es\/lgp-planificacion-semanal-con-tres-dias-a-la-izquierda-y-cuatro-dias-a-la-derecha-formato-vertical-l16k\/#breadcrumb\",\"itemListElement\":[{\"@type\":\"ListItem\",\"position\":1,\"name\":\"Home\",\"item\":\"https:\/\/leatai.com\/es\/\"},{\"@type\":\"ListItem\",\"position\":2,\"name\":\"Presentaci\u00f3n de productos\",\"item\":\"https:\/\/leatai.com\/products\/\"},{\"@type\":\"ListItem\",\"position\":3,\"name\":\"Formato de P\u00e1gina Interna\",\"item\":\"https:\/\/leatai.com\/es\/categoria-producto\/formato-de-pagina-interna\/\"},{\"@type\":\"ListItem\",\"position\":4,\"name\":\"P\u00e1ginas Internas B5\",\"item\":\"https:\/\/leatai.com\/es\/categoria-producto\/formato-de-pagina-interna\/paginas-internas-b5-es\/\"},{\"@type\":\"ListItem\",\"position\":5,\"name\":\"LGP-Planificaci\u00f3n semanal con tres d\u00edas a la izquierda y cuatro d\u00edas a la derecha \u2013 formato vertical-L16K\"}]},{\"@type\":\"WebSite\",\"@id\":\"https:\/\/leatai.com\/es\/#website\",\"url\":\"https:\/\/leatai.com\/es\/\",\"name\":\"Leatai \u2013 Fabricante de cuadernos personalizados\",\"description\":\"Leatai ofrece cuadernos y planificadores personalizados para marcas y distribuidores globales.\",\"publisher\":{\"@id\":\"https:\/\/leatai.com\/es\/#organization\"},\"potentialAction\":[{\"@type\":\"SearchAction\",\"target\":{\"@type\":\"EntryPoint\",\"urlTemplate\":\"https:\/\/leatai.com\/es\/?s={search_term_string}\"},\"query-input\":{\"@type\":\"PropertyValueSpecification\",\"valueRequired\":true,\"valueName\":\"search_term_string\"}}],\"inLanguage\":\"es\"},{\"@type\":\"Organization\",\"@id\":\"https:\/\/leatai.com\/es\/#organization\",\"name\":\"Leatai Diary, customized journal and business organizer\",\"url\":\"https:\/\/leatai.com\/es\/\",\"logo\":{\"@type\":\"ImageObject\",\"inLanguage\":\"es\",\"@id\":\"https:\/\/leatai.com\/es\/#\/schema\/logo\/image\/\",\"url\":\"https:\/\/leatai.com\/wp-content\/uploads\/logo-blue.png\",\"contentUrl\":\"https:\/\/leatai.com\/wp-content\/uploads\/logo-blue.png\",\"width\":230,\"height\":60,\"caption\":\"Leatai Diary, customized journal and business organizer\"},\"image\":{\"@id\":\"https:\/\/leatai.com\/es\/#\/schema\/logo\/image\/\"}}]}<\/script>\n<!-- \/ Yoast SEO plugin. -->","yoast_head_json":{"title":"LGP-Planificaci\u00f3n semanal con tres d\u00edas a la izquierda y cuatro d\u00edas a la derecha \u2013 formato vertical-L16K - p\u00e1ginas interiores de agenda ejecutiva - Leatai \u2013 Fabricante de cuadernos personalizados","description":"Optimice su gesti\u00f3n del tiempo con el formato L16K, que ofrece una vista clara de la semana con tres d\u00edas a la izquierda y cuatro a la derecha en dise\u00f1o vertical.","robots":{"index":"index","follow":"follow","max-snippet":"max-snippet:-1","max-image-preview":"max-image-preview:large","max-video-preview":"max-video-preview:-1"},"canonical":"https:\/\/leatai.com\/es\/product\/formato-de-pagina-interna\/paginas-internas-b5-es\/lgp-planificacion-semanal-con-tres-dias-a-la-izquierda-y-cuatro-dias-a-la-derecha-formato-vertical-l16k\/","og_locale":"es_ES","og_type":"article","og_title":"LGP-Planificaci\u00f3n semanal con tres d\u00edas a la izquierda y cuatro d\u00edas a la derecha \u2013 formato vertical-L16K - p\u00e1ginas interiores de agenda ejecutiva - Leatai \u2013 Fabricante de cuadernos personalizados","og_description":"Optimice su gesti\u00f3n del tiempo con el formato L16K, que ofrece una vista clara de la semana con tres d\u00edas a la izquierda y cuatro a la derecha en dise\u00f1o vertical.","og_url":"https:\/\/leatai.com\/es\/product\/formato-de-pagina-interna\/paginas-internas-b5-es\/lgp-planificacion-semanal-con-tres-dias-a-la-izquierda-y-cuatro-dias-a-la-derecha-formato-vertical-l16k\/","og_site_name":"Leatai \u2013 Fabricante de cuadernos personalizados","article_modified_time":"2025-06-07T08:17:01+00:00","og_image":[{"width":1000,"height":750,"url":"https:\/\/leatai.com\/wp-content\/uploads\/16K\u9031\u8a08\u756b-1000X750-4.jpg","type":"image\/jpeg"}],"twitter_card":"summary_large_image","twitter_misc":{"Tiempo de lectura":"1 minuto"},"schema":{"@context":"https:\/\/schema.org","@graph":[{"@type":"WebPage","@id":"https:\/\/leatai.com\/es\/product\/formato-de-pagina-interna\/paginas-internas-b5-es\/lgp-planificacion-semanal-con-tres-dias-a-la-izquierda-y-cuatro-dias-a-la-derecha-formato-vertical-l16k\/","url":"https:\/\/leatai.com\/es\/product\/formato-de-pagina-interna\/paginas-internas-b5-es\/lgp-planificacion-semanal-con-tres-dias-a-la-izquierda-y-cuatro-dias-a-la-derecha-formato-vertical-l16k\/","name":"LGP-Planificaci\u00f3n semanal con tres d\u00edas a la izquierda y cuatro d\u00edas a la derecha \u2013 formato vertical-L16K - p\u00e1ginas interiores de agenda ejecutiva - Leatai \u2013 Fabricante de cuadernos personalizados","isPartOf":{"@id":"https:\/\/leatai.com\/es\/#website"},"primaryImageOfPage":{"@id":"https:\/\/leatai.com\/es\/product\/formato-de-pagina-interna\/paginas-internas-b5-es\/lgp-planificacion-semanal-con-tres-dias-a-la-izquierda-y-cuatro-dias-a-la-derecha-formato-vertical-l16k\/#primaryimage"},"image":{"@id":"https:\/\/leatai.com\/es\/product\/formato-de-pagina-interna\/paginas-internas-b5-es\/lgp-planificacion-semanal-con-tres-dias-a-la-izquierda-y-cuatro-dias-a-la-derecha-formato-vertical-l16k\/#primaryimage"},"thumbnailUrl":"https:\/\/leatai.com\/wp-content\/uploads\/16K\u9031\u8a08\u756b-1000X750-4.jpg","datePublished":"2021-06-24T05:17:29+00:00","dateModified":"2025-06-07T08:17:01+00:00","description":"Optimice su gesti\u00f3n del tiempo con el formato L16K, que ofrece una vista clara de la semana con tres d\u00edas a la izquierda y cuatro a la derecha en dise\u00f1o vertical.","breadcrumb":{"@id":"https:\/\/leatai.com\/es\/product\/formato-de-pagina-interna\/paginas-internas-b5-es\/lgp-planificacion-semanal-con-tres-dias-a-la-izquierda-y-cuatro-dias-a-la-derecha-formato-vertical-l16k\/#breadcrumb"},"inLanguage":"es","potentialAction":[{"@type":"ReadAction","target":["https:\/\/leatai.com\/es\/product\/formato-de-pagina-interna\/paginas-internas-b5-es\/lgp-planificacion-semanal-con-tres-dias-a-la-izquierda-y-cuatro-dias-a-la-derecha-formato-vertical-l16k\/"]}]},{"@type":"ImageObject","inLanguage":"es","@id":"https:\/\/leatai.com\/es\/product\/formato-de-pagina-interna\/paginas-internas-b5-es\/lgp-planificacion-semanal-con-tres-dias-a-la-izquierda-y-cuatro-dias-a-la-derecha-formato-vertical-l16k\/#primaryimage","url":"https:\/\/leatai.com\/wp-content\/uploads\/16K\u9031\u8a08\u756b-1000X750-4.jpg","contentUrl":"https:\/\/leatai.com\/wp-content\/uploads\/16K\u9031\u8a08\u756b-1000X750-4.jpg","width":1000,"height":750,"caption":"p\u00e1ginas interiores de agenda ejecutiva"},{"@type":"BreadcrumbList","@id":"https:\/\/leatai.com\/es\/product\/formato-de-pagina-interna\/paginas-internas-b5-es\/lgp-planificacion-semanal-con-tres-dias-a-la-izquierda-y-cuatro-dias-a-la-derecha-formato-vertical-l16k\/#breadcrumb","itemListElement":[{"@type":"ListItem","position":1,"name":"Home","item":"https:\/\/leatai.com\/es\/"},{"@type":"ListItem","position":2,"name":"Presentaci\u00f3n de productos","item":"https:\/\/leatai.com\/products\/"},{"@type":"ListItem","position":3,"name":"Formato de P\u00e1gina Interna","item":"https:\/\/leatai.com\/es\/categoria-producto\/formato-de-pagina-interna\/"},{"@type":"ListItem","position":4,"name":"P\u00e1ginas Internas B5","item":"https:\/\/leatai.com\/es\/categoria-producto\/formato-de-pagina-interna\/paginas-internas-b5-es\/"},{"@type":"ListItem","position":5,"name":"LGP-Planificaci\u00f3n semanal con tres d\u00edas a la izquierda y cuatro d\u00edas a la derecha \u2013 formato vertical-L16K"}]},{"@type":"WebSite","@id":"https:\/\/leatai.com\/es\/#website","url":"https:\/\/leatai.com\/es\/","name":"Leatai \u2013 Fabricante de cuadernos personalizados","description":"Leatai ofrece cuadernos y planificadores personalizados para marcas y distribuidores globales.","publisher":{"@id":"https:\/\/leatai.com\/es\/#organization"},"potentialAction":[{"@type":"SearchAction","target":{"@type":"EntryPoint","urlTemplate":"https:\/\/leatai.com\/es\/?s={search_term_string}"},"query-input":{"@type":"PropertyValueSpecification","valueRequired":true,"valueName":"search_term_string"}}],"inLanguage":"es"},{"@type":"Organization","@id":"https:\/\/leatai.com\/es\/#organization","name":"Leatai Diary, customized journal and business organizer","url":"https:\/\/leatai.com\/es\/","logo":{"@type":"ImageObject","inLanguage":"es","@id":"https:\/\/leatai.com\/es\/#\/schema\/logo\/image\/","url":"https:\/\/leatai.com\/wp-content\/uploads\/logo-blue.png","contentUrl":"https:\/\/leatai.com\/wp-content\/uploads\/logo-blue.png","width":230,"height":60,"caption":"Leatai Diary, customized journal and business organizer"},"image":{"@id":"https:\/\/leatai.com\/es\/#\/schema\/logo\/image\/"}}]}},"_links":{"self":[{"href":"https:\/\/leatai.com\/es\/wp-json\/wp\/v2\/product\/175860","targetHints":{"allow":["GET"]}}],"collection":[{"href":"https:\/\/leatai.com\/es\/wp-json\/wp\/v2\/product"}],"about":[{"href":"https:\/\/leatai.com\/es\/wp-json\/wp\/v2\/types\/product"}],"wp:featuredmedia":[{"embeddable":true,"href":"https:\/\/leatai.com\/es\/wp-json\/wp\/v2\/media\/175878"}],"wp:attachment":[{"href":"https:\/\/leatai.com\/es\/wp-json\/wp\/v2\/media?parent=175860"}],"wp:term":[{"taxonomy":"product_brand","embeddable":true,"href":"https:\/\/leatai.com\/es\/wp-json\/wp\/v2\/product_brand?post=175860"},{"taxonomy":"product_cat","embeddable":true,"href":"https:\/\/leatai.com\/es\/wp-json\/wp\/v2\/product_cat?post=175860"},{"taxonomy":"product_tag","embeddable":true,"href":"https:\/\/leatai.com\/es\/wp-json\/wp\/v2\/product_tag?post=175860"},{"taxonomy":"home_works","embeddable":true,"href":"https:\/\/leatai.com\/es\/wp-json\/wp\/v2\/home_works?post=175860"}],"curies":[{"name":"wp","href":"https:\/\/api.w.org\/{rel}","templated":true}]}}