{"id":175811,"date":"2021-06-24T13:21:40","date_gmt":"2021-06-24T05:21:40","guid":{"rendered":"https:\/\/leatai.com\/product\/sin%20categor\u00eda\/subcontratacion-de-creacion-de-prototipos\/"},"modified":"2025-04-28T15:23:50","modified_gmt":"2025-04-28T07:23:50","slug":"subcontratacion-de-creacion-de-prototipos","status":"publish","type":"product","link":"https:\/\/leatai.com\/es\/product\/otra-manufactura\/subcontratacion-de-creacion-de-prototipos\/","title":{"rendered":"Subcontrataci\u00f3n de creaci\u00f3n de prototipos"},"content":{"rendered":"<p>Proyecto de subcontrataci\u00f3n: Creaci\u00f3n de prototipos<br \/>\nDescripci\u00f3n: Durante el desarrollo de un producto, la creaci\u00f3n de prototipos es una de las etapas m\u00e1s complejas, ya que determina la estructura del art\u00edculo. Incluso una desviaci\u00f3n de solo 1 a 2 mm puede causar el fracaso de toda la producci\u00f3n. El prototipado manual requiere, en muchos casos, la experiencia de artesanos con una excelente percepci\u00f3n tridimensional.<\/p>\n","protected":false},"excerpt":{"rendered":"<p>Subcontrataci\u00f3n de prototipado para todo tipo de estructuras en papel<\/p>\n","protected":false},"featured_media":175812,"template":"","meta":{"_acf_changed":false},"product_brand":[],"product_cat":[1160],"product_tag":[],"home_works":[],"class_list":{"0":"post-175811","1":"product","2":"type-product","3":"status-publish","4":"has-post-thumbnail","6":"product_cat-otra-manufactura","8":"first","9":"instock","10":"sold-individually","11":"shipping-taxable","12":"purchasable","13":"product-type-simple"},"acf":[],"yoast_head":"<!-- This site is optimized with the Yoast SEO plugin v27.2 - https:\/\/yoast.com\/product\/yoast-seo-wordpress\/ -->\n<title>Subcontrataci\u00f3n de creaci\u00f3n de prototipos - La etapa m\u00e1s dif\u00edcil en el proceso de desarrollo de productos. - Leatai \u2013 Fabricante de cuadernos personalizados<\/title>\n<meta name=\"description\" content=\"Proyecto de subcontrataci\u00f3n: Creaci\u00f3n de prototipos Descripci\u00f3n: En el proceso de desarrollo de productos, la creaci\u00f3n de prototipos es una de las etapas m\u00e1s dif\u00edciles, ya que est\u00e1 directamente relacionada con la estructura del producto. Un peque\u00f1o error de tan solo 1 a 2 mm puede hacer que toda la producci\u00f3n fracase. El prototipado manual suele requerir la habilidad de artesanos experimentados con una excelente percepci\u00f3n tridimensional.\" \/>\n<meta name=\"robots\" content=\"index, follow, max-snippet:-1, max-image-preview:large, max-video-preview:-1\" \/>\n<link rel=\"canonical\" href=\"https:\/\/leatai.com\/es\/product\/otra-manufactura\/subcontratacion-de-creacion-de-prototipos\/\" \/>\n<meta property=\"og:locale\" content=\"es_ES\" \/>\n<meta property=\"og:type\" content=\"article\" \/>\n<meta property=\"og:title\" content=\"Subcontrataci\u00f3n de creaci\u00f3n de prototipos - La etapa m\u00e1s dif\u00edcil en el proceso de desarrollo de productos. - Leatai \u2013 Fabricante de cuadernos personalizados\" \/>\n<meta property=\"og:description\" content=\"Proyecto de subcontrataci\u00f3n: Creaci\u00f3n de prototipos Descripci\u00f3n: En el proceso de desarrollo de productos, la creaci\u00f3n de prototipos es una de las etapas m\u00e1s dif\u00edciles, ya que est\u00e1 directamente relacionada con la estructura del producto. Un peque\u00f1o error de tan solo 1 a 2 mm puede hacer que toda la producci\u00f3n fracase. El prototipado manual suele requerir la habilidad de artesanos experimentados con una excelente percepci\u00f3n tridimensional.\" \/>\n<meta property=\"og:url\" content=\"https:\/\/leatai.com\/es\/product\/otra-manufactura\/subcontratacion-de-creacion-de-prototipos\/\" \/>\n<meta property=\"og:site_name\" content=\"Leatai \u2013 Fabricante de cuadernos personalizados\" \/>\n<meta property=\"article:modified_time\" content=\"2025-04-28T07:23:50+00:00\" \/>\n<meta property=\"og:image\" content=\"https:\/\/leatai.com\/wp-content\/uploads\/2016_01_20_1206180.jpg\" \/>\n\t<meta property=\"og:image:width\" content=\"1000\" \/>\n\t<meta property=\"og:image:height\" content=\"750\" \/>\n\t<meta property=\"og:image:type\" content=\"image\/jpeg\" \/>\n<meta name=\"twitter:card\" content=\"summary_large_image\" \/>\n<meta name=\"twitter:label1\" content=\"Tiempo de lectura\" \/>\n\t<meta name=\"twitter:data1\" content=\"1 minuto\" \/>\n<script type=\"application\/ld+json\" class=\"yoast-schema-graph\">{\"@context\":\"https:\/\/schema.org\",\"@graph\":[{\"@type\":\"WebPage\",\"@id\":\"https:\/\/leatai.com\/es\/product\/otra-manufactura\/subcontratacion-de-creacion-de-prototipos\/\",\"url\":\"https:\/\/leatai.com\/es\/product\/otra-manufactura\/subcontratacion-de-creacion-de-prototipos\/\",\"name\":\"Subcontrataci\u00f3n de creaci\u00f3n de prototipos - La etapa m\u00e1s dif\u00edcil en el proceso de desarrollo de productos. - Leatai \u2013 Fabricante de cuadernos personalizados\",\"isPartOf\":{\"@id\":\"https:\/\/leatai.com\/es\/#website\"},\"primaryImageOfPage\":{\"@id\":\"https:\/\/leatai.com\/es\/product\/otra-manufactura\/subcontratacion-de-creacion-de-prototipos\/#primaryimage\"},\"image\":{\"@id\":\"https:\/\/leatai.com\/es\/product\/otra-manufactura\/subcontratacion-de-creacion-de-prototipos\/#primaryimage\"},\"thumbnailUrl\":\"https:\/\/leatai.com\/wp-content\/uploads\/2016_01_20_1206180.jpg\",\"datePublished\":\"2021-06-24T05:21:40+00:00\",\"dateModified\":\"2025-04-28T07:23:50+00:00\",\"description\":\"Proyecto de subcontrataci\u00f3n: Creaci\u00f3n de prototipos Descripci\u00f3n: En el proceso de desarrollo de productos, la creaci\u00f3n de prototipos es una de las etapas m\u00e1s dif\u00edciles, ya que est\u00e1 directamente relacionada con la estructura del producto. Un peque\u00f1o error de tan solo 1 a 2 mm puede hacer que toda la producci\u00f3n fracase. El prototipado manual suele requerir la habilidad de artesanos experimentados con una excelente percepci\u00f3n tridimensional.\",\"breadcrumb\":{\"@id\":\"https:\/\/leatai.com\/es\/product\/otra-manufactura\/subcontratacion-de-creacion-de-prototipos\/#breadcrumb\"},\"inLanguage\":\"es\",\"potentialAction\":[{\"@type\":\"ReadAction\",\"target\":[\"https:\/\/leatai.com\/es\/product\/otra-manufactura\/subcontratacion-de-creacion-de-prototipos\/\"]}]},{\"@type\":\"ImageObject\",\"inLanguage\":\"es\",\"@id\":\"https:\/\/leatai.com\/es\/product\/otra-manufactura\/subcontratacion-de-creacion-de-prototipos\/#primaryimage\",\"url\":\"https:\/\/leatai.com\/wp-content\/uploads\/2016_01_20_1206180.jpg\",\"contentUrl\":\"https:\/\/leatai.com\/wp-content\/uploads\/2016_01_20_1206180.jpg\",\"width\":1000,\"height\":750,\"caption\":\"Subcontrataci\u00f3n de creaci\u00f3n de prototipos\"},{\"@type\":\"BreadcrumbList\",\"@id\":\"https:\/\/leatai.com\/es\/product\/otra-manufactura\/subcontratacion-de-creacion-de-prototipos\/#breadcrumb\",\"itemListElement\":[{\"@type\":\"ListItem\",\"position\":1,\"name\":\"Home\",\"item\":\"https:\/\/leatai.com\/es\/\"},{\"@type\":\"ListItem\",\"position\":2,\"name\":\"Presentaci\u00f3n de productos\",\"item\":\"https:\/\/leatai.com\/products\/\"},{\"@type\":\"ListItem\",\"position\":3,\"name\":\"Otra manufactura\",\"item\":\"https:\/\/leatai.com\/es\/categoria-producto\/otra-manufactura\/\"},{\"@type\":\"ListItem\",\"position\":4,\"name\":\"Subcontrataci\u00f3n de creaci\u00f3n de prototipos\"}]},{\"@type\":\"WebSite\",\"@id\":\"https:\/\/leatai.com\/es\/#website\",\"url\":\"https:\/\/leatai.com\/es\/\",\"name\":\"Leatai \u2013 Fabricante de cuadernos personalizados\",\"description\":\"Leatai ofrece cuadernos y planificadores personalizados para marcas y distribuidores globales.\",\"publisher\":{\"@id\":\"https:\/\/leatai.com\/es\/#organization\"},\"potentialAction\":[{\"@type\":\"SearchAction\",\"target\":{\"@type\":\"EntryPoint\",\"urlTemplate\":\"https:\/\/leatai.com\/es\/?s={search_term_string}\"},\"query-input\":{\"@type\":\"PropertyValueSpecification\",\"valueRequired\":true,\"valueName\":\"search_term_string\"}}],\"inLanguage\":\"es\"},{\"@type\":\"Organization\",\"@id\":\"https:\/\/leatai.com\/es\/#organization\",\"name\":\"Leatai Diary, customized journal and business organizer\",\"url\":\"https:\/\/leatai.com\/es\/\",\"logo\":{\"@type\":\"ImageObject\",\"inLanguage\":\"es\",\"@id\":\"https:\/\/leatai.com\/es\/#\/schema\/logo\/image\/\",\"url\":\"https:\/\/leatai.com\/wp-content\/uploads\/logo-blue.png\",\"contentUrl\":\"https:\/\/leatai.com\/wp-content\/uploads\/logo-blue.png\",\"width\":230,\"height\":60,\"caption\":\"Leatai Diary, customized journal and business organizer\"},\"image\":{\"@id\":\"https:\/\/leatai.com\/es\/#\/schema\/logo\/image\/\"}}]}<\/script>\n<!-- \/ Yoast SEO plugin. -->","yoast_head_json":{"title":"Subcontrataci\u00f3n de creaci\u00f3n de prototipos - La etapa m\u00e1s dif\u00edcil en el proceso de desarrollo de productos. - Leatai \u2013 Fabricante de cuadernos personalizados","description":"Proyecto de subcontrataci\u00f3n: Creaci\u00f3n de prototipos Descripci\u00f3n: En el proceso de desarrollo de productos, la creaci\u00f3n de prototipos es una de las etapas m\u00e1s dif\u00edciles, ya que est\u00e1 directamente relacionada con la estructura del producto. Un peque\u00f1o error de tan solo 1 a 2 mm puede hacer que toda la producci\u00f3n fracase. El prototipado manual suele requerir la habilidad de artesanos experimentados con una excelente percepci\u00f3n tridimensional.","robots":{"index":"index","follow":"follow","max-snippet":"max-snippet:-1","max-image-preview":"max-image-preview:large","max-video-preview":"max-video-preview:-1"},"canonical":"https:\/\/leatai.com\/es\/product\/otra-manufactura\/subcontratacion-de-creacion-de-prototipos\/","og_locale":"es_ES","og_type":"article","og_title":"Subcontrataci\u00f3n de creaci\u00f3n de prototipos - La etapa m\u00e1s dif\u00edcil en el proceso de desarrollo de productos. - Leatai \u2013 Fabricante de cuadernos personalizados","og_description":"Proyecto de subcontrataci\u00f3n: Creaci\u00f3n de prototipos Descripci\u00f3n: En el proceso de desarrollo de productos, la creaci\u00f3n de prototipos es una de las etapas m\u00e1s dif\u00edciles, ya que est\u00e1 directamente relacionada con la estructura del producto. Un peque\u00f1o error de tan solo 1 a 2 mm puede hacer que toda la producci\u00f3n fracase. El prototipado manual suele requerir la habilidad de artesanos experimentados con una excelente percepci\u00f3n tridimensional.","og_url":"https:\/\/leatai.com\/es\/product\/otra-manufactura\/subcontratacion-de-creacion-de-prototipos\/","og_site_name":"Leatai \u2013 Fabricante de cuadernos personalizados","article_modified_time":"2025-04-28T07:23:50+00:00","og_image":[{"width":1000,"height":750,"url":"https:\/\/leatai.com\/wp-content\/uploads\/2016_01_20_1206180.jpg","type":"image\/jpeg"}],"twitter_card":"summary_large_image","twitter_misc":{"Tiempo de lectura":"1 minuto"},"schema":{"@context":"https:\/\/schema.org","@graph":[{"@type":"WebPage","@id":"https:\/\/leatai.com\/es\/product\/otra-manufactura\/subcontratacion-de-creacion-de-prototipos\/","url":"https:\/\/leatai.com\/es\/product\/otra-manufactura\/subcontratacion-de-creacion-de-prototipos\/","name":"Subcontrataci\u00f3n de creaci\u00f3n de prototipos - La etapa m\u00e1s dif\u00edcil en el proceso de desarrollo de productos. - Leatai \u2013 Fabricante de cuadernos personalizados","isPartOf":{"@id":"https:\/\/leatai.com\/es\/#website"},"primaryImageOfPage":{"@id":"https:\/\/leatai.com\/es\/product\/otra-manufactura\/subcontratacion-de-creacion-de-prototipos\/#primaryimage"},"image":{"@id":"https:\/\/leatai.com\/es\/product\/otra-manufactura\/subcontratacion-de-creacion-de-prototipos\/#primaryimage"},"thumbnailUrl":"https:\/\/leatai.com\/wp-content\/uploads\/2016_01_20_1206180.jpg","datePublished":"2021-06-24T05:21:40+00:00","dateModified":"2025-04-28T07:23:50+00:00","description":"Proyecto de subcontrataci\u00f3n: Creaci\u00f3n de prototipos Descripci\u00f3n: En el proceso de desarrollo de productos, la creaci\u00f3n de prototipos es una de las etapas m\u00e1s dif\u00edciles, ya que est\u00e1 directamente relacionada con la estructura del producto. Un peque\u00f1o error de tan solo 1 a 2 mm puede hacer que toda la producci\u00f3n fracase. El prototipado manual suele requerir la habilidad de artesanos experimentados con una excelente percepci\u00f3n tridimensional.","breadcrumb":{"@id":"https:\/\/leatai.com\/es\/product\/otra-manufactura\/subcontratacion-de-creacion-de-prototipos\/#breadcrumb"},"inLanguage":"es","potentialAction":[{"@type":"ReadAction","target":["https:\/\/leatai.com\/es\/product\/otra-manufactura\/subcontratacion-de-creacion-de-prototipos\/"]}]},{"@type":"ImageObject","inLanguage":"es","@id":"https:\/\/leatai.com\/es\/product\/otra-manufactura\/subcontratacion-de-creacion-de-prototipos\/#primaryimage","url":"https:\/\/leatai.com\/wp-content\/uploads\/2016_01_20_1206180.jpg","contentUrl":"https:\/\/leatai.com\/wp-content\/uploads\/2016_01_20_1206180.jpg","width":1000,"height":750,"caption":"Subcontrataci\u00f3n de creaci\u00f3n de prototipos"},{"@type":"BreadcrumbList","@id":"https:\/\/leatai.com\/es\/product\/otra-manufactura\/subcontratacion-de-creacion-de-prototipos\/#breadcrumb","itemListElement":[{"@type":"ListItem","position":1,"name":"Home","item":"https:\/\/leatai.com\/es\/"},{"@type":"ListItem","position":2,"name":"Presentaci\u00f3n de productos","item":"https:\/\/leatai.com\/products\/"},{"@type":"ListItem","position":3,"name":"Otra manufactura","item":"https:\/\/leatai.com\/es\/categoria-producto\/otra-manufactura\/"},{"@type":"ListItem","position":4,"name":"Subcontrataci\u00f3n de creaci\u00f3n de prototipos"}]},{"@type":"WebSite","@id":"https:\/\/leatai.com\/es\/#website","url":"https:\/\/leatai.com\/es\/","name":"Leatai \u2013 Fabricante de cuadernos personalizados","description":"Leatai ofrece cuadernos y planificadores personalizados para marcas y distribuidores globales.","publisher":{"@id":"https:\/\/leatai.com\/es\/#organization"},"potentialAction":[{"@type":"SearchAction","target":{"@type":"EntryPoint","urlTemplate":"https:\/\/leatai.com\/es\/?s={search_term_string}"},"query-input":{"@type":"PropertyValueSpecification","valueRequired":true,"valueName":"search_term_string"}}],"inLanguage":"es"},{"@type":"Organization","@id":"https:\/\/leatai.com\/es\/#organization","name":"Leatai Diary, customized journal and business organizer","url":"https:\/\/leatai.com\/es\/","logo":{"@type":"ImageObject","inLanguage":"es","@id":"https:\/\/leatai.com\/es\/#\/schema\/logo\/image\/","url":"https:\/\/leatai.com\/wp-content\/uploads\/logo-blue.png","contentUrl":"https:\/\/leatai.com\/wp-content\/uploads\/logo-blue.png","width":230,"height":60,"caption":"Leatai Diary, customized journal and business organizer"},"image":{"@id":"https:\/\/leatai.com\/es\/#\/schema\/logo\/image\/"}}]}},"_links":{"self":[{"href":"https:\/\/leatai.com\/es\/wp-json\/wp\/v2\/product\/175811","targetHints":{"allow":["GET"]}}],"collection":[{"href":"https:\/\/leatai.com\/es\/wp-json\/wp\/v2\/product"}],"about":[{"href":"https:\/\/leatai.com\/es\/wp-json\/wp\/v2\/types\/product"}],"wp:featuredmedia":[{"embeddable":true,"href":"https:\/\/leatai.com\/es\/wp-json\/wp\/v2\/media\/175812"}],"wp:attachment":[{"href":"https:\/\/leatai.com\/es\/wp-json\/wp\/v2\/media?parent=175811"}],"wp:term":[{"taxonomy":"product_brand","embeddable":true,"href":"https:\/\/leatai.com\/es\/wp-json\/wp\/v2\/product_brand?post=175811"},{"taxonomy":"product_cat","embeddable":true,"href":"https:\/\/leatai.com\/es\/wp-json\/wp\/v2\/product_cat?post=175811"},{"taxonomy":"product_tag","embeddable":true,"href":"https:\/\/leatai.com\/es\/wp-json\/wp\/v2\/product_tag?post=175811"},{"taxonomy":"home_works","embeddable":true,"href":"https:\/\/leatai.com\/es\/wp-json\/wp\/v2\/home_works?post=175811"}],"curies":[{"name":"wp","href":"https:\/\/api.w.org\/{rel}","templated":true}]}}