{"id":175791,"date":"2021-06-24T13:21:17","date_gmt":"2021-06-24T05:21:17","guid":{"rendered":"https:\/\/leatai.com\/product\/sin%20categor\u00eda\/%e7%9a%ae%e6%96%99%e9%96%8b%e6%96%99%e5%88%87%e7%89%87%e5%88%86%e6%a2%9d%e4%bb%a3%e5%b7%a5\/"},"modified":"2025-04-28T15:25:21","modified_gmt":"2025-04-28T07:25:21","slug":"subcontratacion-de-corte-rebanado-y-division-de-materiales-de-cuero","status":"publish","type":"product","link":"https:\/\/leatai.com\/es\/product\/otra-manufactura\/subcontratacion-de-corte-rebanado-y-division-de-materiales-de-cuero\/","title":{"rendered":"Servicio de subcontrataci\u00f3n para el corte, rebanado y divisi\u00f3n de materiales de cuero."},"content":{"rendered":"<p>Proyecto de subcontrataci\u00f3n: Corte, rebanado y divisi\u00f3n de materiales de cuero<br \/>\nDescripci\u00f3n: Leatai es uno de los pocos fabricantes de diarios comerciales en Taiw\u00e1n con la capacidad de realizar internamente el corte y la divisi\u00f3n de materiales. Desde el montaje de rollos completos de cuero, se utilizan mesas de corte de gran tama\u00f1o para realizar el rebanado y la divisi\u00f3n, lo que permite conectar directamente con los siguientes procesos como troquelado o costura.<\/p>\n<p><iframe title=\"Leather Slicing and Cutting\" width=\"800\" height=\"450\" src=\"https:\/\/www.youtube.com\/embed\/W2uRI2v_gFU?feature=oembed&#038;enablejsapi=1&#038;origin=https:\/\/leatai.com\" frameborder=\"0\" allow=\"accelerometer; autoplay; clipboard-write; encrypted-media; gyroscope; picture-in-picture; web-share\" referrerpolicy=\"strict-origin-when-cross-origin\" allowfullscreen><\/iframe><\/p>\n","protected":false},"excerpt":{"rendered":"<p>Subcontrataci\u00f3n para corte, rebanado y divisi\u00f3n de materiales de cuero.<\/p>\n","protected":false},"featured_media":175792,"template":"","meta":{"_acf_changed":false},"product_brand":[],"product_cat":[1160],"product_tag":[],"home_works":[],"class_list":{"0":"post-175791","1":"product","2":"type-product","3":"status-publish","4":"has-post-thumbnail","6":"product_cat-otra-manufactura","8":"first","9":"outofstock","10":"sold-individually","11":"shipping-taxable","12":"purchasable","13":"product-type-variable","14":"has-default-attributes"},"acf":[],"yoast_head":"<!-- This site is optimized with the Yoast SEO plugin v27.2 - https:\/\/yoast.com\/product\/yoast-seo-wordpress\/ -->\n<title>Servicio de subcontrataci\u00f3n para el corte, rebanado y divisi\u00f3n de materiales de cuero. - Uno de los pocos fabricantes capaces de cortar y preparar materiales por s\u00ed mismos para diarios comerciales. - Leatai \u2013 Fabricante de cuadernos personalizados<\/title>\n<meta name=\"description\" content=\"Proyecto de subcontrataci\u00f3n: Corte, rebanado y divisi\u00f3n de materiales de cuero Descripci\u00f3n: Leatai es uno de los pocos fabricantes de diarios comerciales en Taiw\u00e1n con capacidad para realizar internamente el corte y la divisi\u00f3n de materiales. A partir de rollos completos de cuero montados directamente en la m\u00e1quina, se utilizan mesas de corte de gran tama\u00f1o para llevar a cabo el rebanado y la divisi\u00f3n, lo que permite pasar directamente a los siguientes procesos como el troquelado o la costura.\" \/>\n<meta name=\"robots\" content=\"index, follow, max-snippet:-1, max-image-preview:large, max-video-preview:-1\" \/>\n<link rel=\"canonical\" href=\"https:\/\/leatai.com\/es\/product\/otra-manufactura\/subcontratacion-de-corte-rebanado-y-division-de-materiales-de-cuero\/\" \/>\n<meta property=\"og:locale\" content=\"es_ES\" \/>\n<meta property=\"og:type\" content=\"article\" \/>\n<meta property=\"og:title\" content=\"Servicio de subcontrataci\u00f3n para el corte, rebanado y divisi\u00f3n de materiales de cuero. - Uno de los pocos fabricantes capaces de cortar y preparar materiales por s\u00ed mismos para diarios comerciales. - Leatai \u2013 Fabricante de cuadernos personalizados\" \/>\n<meta property=\"og:description\" content=\"Proyecto de subcontrataci\u00f3n: Corte, rebanado y divisi\u00f3n de materiales de cuero Descripci\u00f3n: Leatai es uno de los pocos fabricantes de diarios comerciales en Taiw\u00e1n con capacidad para realizar internamente el corte y la divisi\u00f3n de materiales. A partir de rollos completos de cuero montados directamente en la m\u00e1quina, se utilizan mesas de corte de gran tama\u00f1o para llevar a cabo el rebanado y la divisi\u00f3n, lo que permite pasar directamente a los siguientes procesos como el troquelado o la costura.\" \/>\n<meta property=\"og:url\" content=\"https:\/\/leatai.com\/es\/product\/otra-manufactura\/subcontratacion-de-corte-rebanado-y-division-de-materiales-de-cuero\/\" \/>\n<meta property=\"og:site_name\" content=\"Leatai \u2013 Fabricante de cuadernos personalizados\" \/>\n<meta property=\"article:modified_time\" content=\"2025-04-28T07:25:21+00:00\" \/>\n<meta property=\"og:image\" content=\"https:\/\/leatai.com\/wp-content\/uploads\/2016_01_20_1817390.jpg\" \/>\n\t<meta property=\"og:image:width\" content=\"1000\" \/>\n\t<meta property=\"og:image:height\" content=\"750\" \/>\n\t<meta property=\"og:image:type\" content=\"image\/jpeg\" \/>\n<meta name=\"twitter:card\" content=\"summary_large_image\" \/>\n<meta name=\"twitter:label1\" content=\"Tiempo de lectura\" \/>\n\t<meta name=\"twitter:data1\" content=\"1 minuto\" \/>\n<script type=\"application\/ld+json\" class=\"yoast-schema-graph\">{\"@context\":\"https:\/\/schema.org\",\"@graph\":[{\"@type\":\"WebPage\",\"@id\":\"https:\/\/leatai.com\/es\/product\/otra-manufactura\/subcontratacion-de-corte-rebanado-y-division-de-materiales-de-cuero\/\",\"url\":\"https:\/\/leatai.com\/es\/product\/otra-manufactura\/subcontratacion-de-corte-rebanado-y-division-de-materiales-de-cuero\/\",\"name\":\"Servicio de subcontrataci\u00f3n para el corte, rebanado y divisi\u00f3n de materiales de cuero. - Uno de los pocos fabricantes capaces de cortar y preparar materiales por s\u00ed mismos para diarios comerciales. - Leatai \u2013 Fabricante de cuadernos personalizados\",\"isPartOf\":{\"@id\":\"https:\/\/leatai.com\/es\/#website\"},\"primaryImageOfPage\":{\"@id\":\"https:\/\/leatai.com\/es\/product\/otra-manufactura\/subcontratacion-de-corte-rebanado-y-division-de-materiales-de-cuero\/#primaryimage\"},\"image\":{\"@id\":\"https:\/\/leatai.com\/es\/product\/otra-manufactura\/subcontratacion-de-corte-rebanado-y-division-de-materiales-de-cuero\/#primaryimage\"},\"thumbnailUrl\":\"https:\/\/leatai.com\/wp-content\/uploads\/2016_01_20_1817390.jpg\",\"datePublished\":\"2021-06-24T05:21:17+00:00\",\"dateModified\":\"2025-04-28T07:25:21+00:00\",\"description\":\"Proyecto de subcontrataci\u00f3n: Corte, rebanado y divisi\u00f3n de materiales de cuero Descripci\u00f3n: Leatai es uno de los pocos fabricantes de diarios comerciales en Taiw\u00e1n con capacidad para realizar internamente el corte y la divisi\u00f3n de materiales. A partir de rollos completos de cuero montados directamente en la m\u00e1quina, se utilizan mesas de corte de gran tama\u00f1o para llevar a cabo el rebanado y la divisi\u00f3n, lo que permite pasar directamente a los siguientes procesos como el troquelado o la costura.\",\"breadcrumb\":{\"@id\":\"https:\/\/leatai.com\/es\/product\/otra-manufactura\/subcontratacion-de-corte-rebanado-y-division-de-materiales-de-cuero\/#breadcrumb\"},\"inLanguage\":\"es\",\"potentialAction\":[{\"@type\":\"ReadAction\",\"target\":[\"https:\/\/leatai.com\/es\/product\/otra-manufactura\/subcontratacion-de-corte-rebanado-y-division-de-materiales-de-cuero\/\"]}]},{\"@type\":\"ImageObject\",\"inLanguage\":\"es\",\"@id\":\"https:\/\/leatai.com\/es\/product\/otra-manufactura\/subcontratacion-de-corte-rebanado-y-division-de-materiales-de-cuero\/#primaryimage\",\"url\":\"https:\/\/leatai.com\/wp-content\/uploads\/2016_01_20_1817390.jpg\",\"contentUrl\":\"https:\/\/leatai.com\/wp-content\/uploads\/2016_01_20_1817390.jpg\",\"width\":1000,\"height\":750,\"caption\":\"Corte, rebanado y divisi\u00f3n de materiales de cuero.\"},{\"@type\":\"BreadcrumbList\",\"@id\":\"https:\/\/leatai.com\/es\/product\/otra-manufactura\/subcontratacion-de-corte-rebanado-y-division-de-materiales-de-cuero\/#breadcrumb\",\"itemListElement\":[{\"@type\":\"ListItem\",\"position\":1,\"name\":\"Home\",\"item\":\"https:\/\/leatai.com\/es\/\"},{\"@type\":\"ListItem\",\"position\":2,\"name\":\"Presentaci\u00f3n de productos\",\"item\":\"https:\/\/leatai.com\/products\/\"},{\"@type\":\"ListItem\",\"position\":3,\"name\":\"Otra manufactura\",\"item\":\"https:\/\/leatai.com\/es\/categoria-producto\/otra-manufactura\/\"},{\"@type\":\"ListItem\",\"position\":4,\"name\":\"Servicio de subcontrataci\u00f3n para el corte, rebanado y divisi\u00f3n de materiales de cuero.\"}]},{\"@type\":\"WebSite\",\"@id\":\"https:\/\/leatai.com\/es\/#website\",\"url\":\"https:\/\/leatai.com\/es\/\",\"name\":\"Leatai \u2013 Fabricante de cuadernos personalizados\",\"description\":\"Leatai ofrece cuadernos y planificadores personalizados para marcas y distribuidores globales.\",\"publisher\":{\"@id\":\"https:\/\/leatai.com\/es\/#organization\"},\"potentialAction\":[{\"@type\":\"SearchAction\",\"target\":{\"@type\":\"EntryPoint\",\"urlTemplate\":\"https:\/\/leatai.com\/es\/?s={search_term_string}\"},\"query-input\":{\"@type\":\"PropertyValueSpecification\",\"valueRequired\":true,\"valueName\":\"search_term_string\"}}],\"inLanguage\":\"es\"},{\"@type\":\"Organization\",\"@id\":\"https:\/\/leatai.com\/es\/#organization\",\"name\":\"Leatai Diary, customized journal and business organizer\",\"url\":\"https:\/\/leatai.com\/es\/\",\"logo\":{\"@type\":\"ImageObject\",\"inLanguage\":\"es\",\"@id\":\"https:\/\/leatai.com\/es\/#\/schema\/logo\/image\/\",\"url\":\"https:\/\/leatai.com\/wp-content\/uploads\/logo-blue.png\",\"contentUrl\":\"https:\/\/leatai.com\/wp-content\/uploads\/logo-blue.png\",\"width\":230,\"height\":60,\"caption\":\"Leatai Diary, customized journal and business organizer\"},\"image\":{\"@id\":\"https:\/\/leatai.com\/es\/#\/schema\/logo\/image\/\"}}]}<\/script>\n<!-- \/ Yoast SEO plugin. -->","yoast_head_json":{"title":"Servicio de subcontrataci\u00f3n para el corte, rebanado y divisi\u00f3n de materiales de cuero. - Uno de los pocos fabricantes capaces de cortar y preparar materiales por s\u00ed mismos para diarios comerciales. - Leatai \u2013 Fabricante de cuadernos personalizados","description":"Proyecto de subcontrataci\u00f3n: Corte, rebanado y divisi\u00f3n de materiales de cuero Descripci\u00f3n: Leatai es uno de los pocos fabricantes de diarios comerciales en Taiw\u00e1n con capacidad para realizar internamente el corte y la divisi\u00f3n de materiales. A partir de rollos completos de cuero montados directamente en la m\u00e1quina, se utilizan mesas de corte de gran tama\u00f1o para llevar a cabo el rebanado y la divisi\u00f3n, lo que permite pasar directamente a los siguientes procesos como el troquelado o la costura.","robots":{"index":"index","follow":"follow","max-snippet":"max-snippet:-1","max-image-preview":"max-image-preview:large","max-video-preview":"max-video-preview:-1"},"canonical":"https:\/\/leatai.com\/es\/product\/otra-manufactura\/subcontratacion-de-corte-rebanado-y-division-de-materiales-de-cuero\/","og_locale":"es_ES","og_type":"article","og_title":"Servicio de subcontrataci\u00f3n para el corte, rebanado y divisi\u00f3n de materiales de cuero. - Uno de los pocos fabricantes capaces de cortar y preparar materiales por s\u00ed mismos para diarios comerciales. - Leatai \u2013 Fabricante de cuadernos personalizados","og_description":"Proyecto de subcontrataci\u00f3n: Corte, rebanado y divisi\u00f3n de materiales de cuero Descripci\u00f3n: Leatai es uno de los pocos fabricantes de diarios comerciales en Taiw\u00e1n con capacidad para realizar internamente el corte y la divisi\u00f3n de materiales. A partir de rollos completos de cuero montados directamente en la m\u00e1quina, se utilizan mesas de corte de gran tama\u00f1o para llevar a cabo el rebanado y la divisi\u00f3n, lo que permite pasar directamente a los siguientes procesos como el troquelado o la costura.","og_url":"https:\/\/leatai.com\/es\/product\/otra-manufactura\/subcontratacion-de-corte-rebanado-y-division-de-materiales-de-cuero\/","og_site_name":"Leatai \u2013 Fabricante de cuadernos personalizados","article_modified_time":"2025-04-28T07:25:21+00:00","og_image":[{"width":1000,"height":750,"url":"https:\/\/leatai.com\/wp-content\/uploads\/2016_01_20_1817390.jpg","type":"image\/jpeg"}],"twitter_card":"summary_large_image","twitter_misc":{"Tiempo de lectura":"1 minuto"},"schema":{"@context":"https:\/\/schema.org","@graph":[{"@type":"WebPage","@id":"https:\/\/leatai.com\/es\/product\/otra-manufactura\/subcontratacion-de-corte-rebanado-y-division-de-materiales-de-cuero\/","url":"https:\/\/leatai.com\/es\/product\/otra-manufactura\/subcontratacion-de-corte-rebanado-y-division-de-materiales-de-cuero\/","name":"Servicio de subcontrataci\u00f3n para el corte, rebanado y divisi\u00f3n de materiales de cuero. - Uno de los pocos fabricantes capaces de cortar y preparar materiales por s\u00ed mismos para diarios comerciales. - Leatai \u2013 Fabricante de cuadernos personalizados","isPartOf":{"@id":"https:\/\/leatai.com\/es\/#website"},"primaryImageOfPage":{"@id":"https:\/\/leatai.com\/es\/product\/otra-manufactura\/subcontratacion-de-corte-rebanado-y-division-de-materiales-de-cuero\/#primaryimage"},"image":{"@id":"https:\/\/leatai.com\/es\/product\/otra-manufactura\/subcontratacion-de-corte-rebanado-y-division-de-materiales-de-cuero\/#primaryimage"},"thumbnailUrl":"https:\/\/leatai.com\/wp-content\/uploads\/2016_01_20_1817390.jpg","datePublished":"2021-06-24T05:21:17+00:00","dateModified":"2025-04-28T07:25:21+00:00","description":"Proyecto de subcontrataci\u00f3n: Corte, rebanado y divisi\u00f3n de materiales de cuero Descripci\u00f3n: Leatai es uno de los pocos fabricantes de diarios comerciales en Taiw\u00e1n con capacidad para realizar internamente el corte y la divisi\u00f3n de materiales. A partir de rollos completos de cuero montados directamente en la m\u00e1quina, se utilizan mesas de corte de gran tama\u00f1o para llevar a cabo el rebanado y la divisi\u00f3n, lo que permite pasar directamente a los siguientes procesos como el troquelado o la costura.","breadcrumb":{"@id":"https:\/\/leatai.com\/es\/product\/otra-manufactura\/subcontratacion-de-corte-rebanado-y-division-de-materiales-de-cuero\/#breadcrumb"},"inLanguage":"es","potentialAction":[{"@type":"ReadAction","target":["https:\/\/leatai.com\/es\/product\/otra-manufactura\/subcontratacion-de-corte-rebanado-y-division-de-materiales-de-cuero\/"]}]},{"@type":"ImageObject","inLanguage":"es","@id":"https:\/\/leatai.com\/es\/product\/otra-manufactura\/subcontratacion-de-corte-rebanado-y-division-de-materiales-de-cuero\/#primaryimage","url":"https:\/\/leatai.com\/wp-content\/uploads\/2016_01_20_1817390.jpg","contentUrl":"https:\/\/leatai.com\/wp-content\/uploads\/2016_01_20_1817390.jpg","width":1000,"height":750,"caption":"Corte, rebanado y divisi\u00f3n de materiales de cuero."},{"@type":"BreadcrumbList","@id":"https:\/\/leatai.com\/es\/product\/otra-manufactura\/subcontratacion-de-corte-rebanado-y-division-de-materiales-de-cuero\/#breadcrumb","itemListElement":[{"@type":"ListItem","position":1,"name":"Home","item":"https:\/\/leatai.com\/es\/"},{"@type":"ListItem","position":2,"name":"Presentaci\u00f3n de productos","item":"https:\/\/leatai.com\/products\/"},{"@type":"ListItem","position":3,"name":"Otra manufactura","item":"https:\/\/leatai.com\/es\/categoria-producto\/otra-manufactura\/"},{"@type":"ListItem","position":4,"name":"Servicio de subcontrataci\u00f3n para el corte, rebanado y divisi\u00f3n de materiales de cuero."}]},{"@type":"WebSite","@id":"https:\/\/leatai.com\/es\/#website","url":"https:\/\/leatai.com\/es\/","name":"Leatai \u2013 Fabricante de cuadernos personalizados","description":"Leatai ofrece cuadernos y planificadores personalizados para marcas y distribuidores globales.","publisher":{"@id":"https:\/\/leatai.com\/es\/#organization"},"potentialAction":[{"@type":"SearchAction","target":{"@type":"EntryPoint","urlTemplate":"https:\/\/leatai.com\/es\/?s={search_term_string}"},"query-input":{"@type":"PropertyValueSpecification","valueRequired":true,"valueName":"search_term_string"}}],"inLanguage":"es"},{"@type":"Organization","@id":"https:\/\/leatai.com\/es\/#organization","name":"Leatai Diary, customized journal and business organizer","url":"https:\/\/leatai.com\/es\/","logo":{"@type":"ImageObject","inLanguage":"es","@id":"https:\/\/leatai.com\/es\/#\/schema\/logo\/image\/","url":"https:\/\/leatai.com\/wp-content\/uploads\/logo-blue.png","contentUrl":"https:\/\/leatai.com\/wp-content\/uploads\/logo-blue.png","width":230,"height":60,"caption":"Leatai Diary, customized journal and business organizer"},"image":{"@id":"https:\/\/leatai.com\/es\/#\/schema\/logo\/image\/"}}]}},"_links":{"self":[{"href":"https:\/\/leatai.com\/es\/wp-json\/wp\/v2\/product\/175791","targetHints":{"allow":["GET"]}}],"collection":[{"href":"https:\/\/leatai.com\/es\/wp-json\/wp\/v2\/product"}],"about":[{"href":"https:\/\/leatai.com\/es\/wp-json\/wp\/v2\/types\/product"}],"wp:featuredmedia":[{"embeddable":true,"href":"https:\/\/leatai.com\/es\/wp-json\/wp\/v2\/media\/175792"}],"wp:attachment":[{"href":"https:\/\/leatai.com\/es\/wp-json\/wp\/v2\/media?parent=175791"}],"wp:term":[{"taxonomy":"product_brand","embeddable":true,"href":"https:\/\/leatai.com\/es\/wp-json\/wp\/v2\/product_brand?post=175791"},{"taxonomy":"product_cat","embeddable":true,"href":"https:\/\/leatai.com\/es\/wp-json\/wp\/v2\/product_cat?post=175791"},{"taxonomy":"product_tag","embeddable":true,"href":"https:\/\/leatai.com\/es\/wp-json\/wp\/v2\/product_tag?post=175791"},{"taxonomy":"home_works","embeddable":true,"href":"https:\/\/leatai.com\/es\/wp-json\/wp\/v2\/home_works?post=175791"}],"curies":[{"name":"wp","href":"https:\/\/api.w.org\/{rel}","templated":true}]}}