{"id":175604,"date":"2022-07-13T20:18:00","date_gmt":"2022-07-13T12:18:00","guid":{"rendered":"https:\/\/leatai.com\/product\/sin%20categor\u00eda\/dentall\/"},"modified":"2025-04-28T09:36:06","modified_gmt":"2025-04-28T01:36:06","slug":"dentall","status":"publish","type":"product","link":"https:\/\/leatai.com\/es\/product\/varias-muestras-oem\/cuaderno-de-espiral-oem\/dentall\/","title":{"rendered":"Dentall"},"content":{"rendered":"<p>Nombre del cliente: Dentall<br \/>\nTama\u00f1o del caso: Tama\u00f1o personalizado<br \/>\nEstilo del caso: Cuaderno de anillas<br \/>\nAplicaci\u00f3n del logotipo: Estampado en blanco<\/p>\n<p>Puntos destacados:<br \/>\nComo la mayor plataforma de integraci\u00f3n de informaci\u00f3n odontol\u00f3gica en Taiw\u00e1n, Dentall ha hecho una gran contribuci\u00f3n al sector dental. El cuaderno de anillas con apertura superior, dise\u00f1ado en un tama\u00f1o personalizado, facilita el uso durante las consultas, brindando a los dentistas una experiencia m\u00e1s fluida.<\/p>\n<p>&nbsp;<\/p>\n<p>\ud83d\udcd6 Tutti gli esempi personalizzati: <a href=\"https:\/\/leatai.com\/it\/tag-prodotto\/oem-it\/\" target=\"_blank\" rel=\"noopener\">Quaderno personalizzato \/ Diario commerciale personalizzato<\/a><br \/>\n\ud83d\udcd6 Per i prodotti standard di quaderni \/ diari commerciali personalizzati, fare riferimento a:<br \/>\n<a href=\"https:\/\/leatai.com\/it\/categoria-prodotto\/taccuino-personalizzato\/taccuino-con-copertina-rigida\/\" target=\"_blank\" rel=\"noopener\">Quaderno con copertina rigida \/ Diario commerciale con copertina rigida<\/a><br \/>\n<a href=\"https:\/\/leatai.com\/it\/categoria-prodotto\/taccuino-personalizzato\/taccuino-a-fogli-mobili\/\" target=\"_blank\" rel=\"noopener\">Quaderno ad anelli \/ Diario commerciale ad anelli<\/a><br \/>\n<a href=\"https:\/\/leatai.com\/it\/categoria-prodotto\/taccuino-personalizzato\/taccuino-rimovibile\/\" target=\"_blank\" rel=\"noopener\">Quaderno ad anelli con fogli estraibili \/ Diario commerciale ad anelli con fogli estraibili<\/a><br \/>\n<a href=\"https:\/\/leatai.com\/it\/categoria-prodotto\/taccuino-personalizzato\/taccuino-brossurato\/\" target=\"_blank\" rel=\"noopener\">Quaderno con copertina flessibile \/ Diario commerciale con copertina flessibile<\/a><br \/>\n<a href=\"https:\/\/leatai.com\/it\/categoria-prodotto\/taccuino-personalizzato\/taccuino-a-spirale\/\" target=\"_blank\" rel=\"noopener\">Quaderno a spirale \/ Diario commerciale a spirale<\/a><\/p>\n<p>\ud83d\udcd6 Per la guida completa alle dimensioni, fare riferimento a:<br \/>\n<a href=\"https:\/\/leatai.com\/es\/conocimiento-sobre-cuadernos\/guia-de-tamanos-de-papel-comprenda-los-tamanos-comunes-como-b3-a4-b5-8k-16k-y-mas-una-tabla-de-tamanos-completa-para-una-referencia-facil\/\" target=\"_blank\" rel=\"noopener\">Guida ai formati di carta: B3, A4, B5, 8K, 16K e altri formati comuni spiegati chiaramente con una tabella di confronto delle dimensioni!<\/a><\/p>\n","protected":false},"excerpt":{"rendered":"<p>Nombre del cliente: Dentall Tama\u00f1o del caso: Tama\u00f1o personalizado Estilo del caso: Cuaderno de anillas Aplicaci\u00f3n del logotipo: Estampado en blanco Puntos destacados: Como la mayor plataforma de integraci\u00f3n de informaci\u00f3n odontol\u00f3gica en Taiw\u00e1n, Dentall ha hecho una gran contribuci\u00f3n al sector dental. El cuaderno de anillas con apertura superior, dise\u00f1ado en un tama\u00f1o personalizado, [&hellip;]<\/p>\n","protected":false},"featured_media":175605,"template":"","meta":{"_acf_changed":false},"product_brand":[],"product_cat":[926],"product_tag":[1465],"home_works":[],"class_list":{"0":"post-175604","1":"product","2":"type-product","3":"status-publish","4":"has-post-thumbnail","6":"product_cat-cuaderno-de-espiral-oem","7":"product_tag-oem-es","9":"first","10":"outofstock","11":"sold-individually","12":"shipping-taxable","13":"purchasable","14":"product-type-variable","15":"has-default-attributes"},"acf":[],"yoast_head":"<!-- This site is optimized with the Yoast SEO plugin v27.2 - https:\/\/yoast.com\/product\/yoast-seo-wordpress\/ -->\n<title>Dentall - Plataforma innovadora de integraci\u00f3n de informaci\u00f3n dental, la mejor aliada para los dentistas.- Leatai \u2013 Fabricante de cuadernos personalizados<\/title>\n<meta name=\"description\" content=\"Caso OEM de cuaderno con anillas: Dentall Estilo: Cuaderno con anillas Tama\u00f1o: Dimensiones personalizadas Puntos destacados: La mayor plataforma de integraci\u00f3n de informaci\u00f3n dental de Taiw\u00e1n, con una gran contribuci\u00f3n al sector odontol\u00f3gico. El cuaderno con anillas de apertura superior y tama\u00f1o personalizado est\u00e1 dise\u00f1ado para facilitar el trabajo diario de los dentistas, brind\u00e1ndoles una experiencia de uso m\u00e1s eficiente.\" \/>\n<meta name=\"robots\" content=\"index, follow, max-snippet:-1, max-image-preview:large, max-video-preview:-1\" \/>\n<link rel=\"canonical\" href=\"https:\/\/leatai.com\/es\/product\/varias-muestras-oem\/cuaderno-de-espiral-oem\/dentall\/\" \/>\n<meta property=\"og:locale\" content=\"es_ES\" \/>\n<meta property=\"og:type\" content=\"article\" \/>\n<meta property=\"og:title\" content=\"Dentall - Plataforma innovadora de integraci\u00f3n de informaci\u00f3n dental, la mejor aliada para los dentistas.- Leatai \u2013 Fabricante de cuadernos personalizados\" \/>\n<meta property=\"og:description\" content=\"Caso OEM de cuaderno con anillas: Dentall Estilo: Cuaderno con anillas Tama\u00f1o: Dimensiones personalizadas Puntos destacados: La mayor plataforma de integraci\u00f3n de informaci\u00f3n dental de Taiw\u00e1n, con una gran contribuci\u00f3n al sector odontol\u00f3gico. El cuaderno con anillas de apertura superior y tama\u00f1o personalizado est\u00e1 dise\u00f1ado para facilitar el trabajo diario de los dentistas, brind\u00e1ndoles una experiencia de uso m\u00e1s eficiente.\" \/>\n<meta property=\"og:url\" content=\"https:\/\/leatai.com\/es\/product\/varias-muestras-oem\/cuaderno-de-espiral-oem\/dentall\/\" \/>\n<meta property=\"og:site_name\" content=\"Leatai \u2013 Fabricante de cuadernos personalizados\" \/>\n<meta property=\"article:modified_time\" content=\"2025-04-28T01:36:06+00:00\" \/>\n<meta property=\"og:image\" content=\"https:\/\/leatai.com\/wp-content\/uploads\/DSC_6348-1.jpg\" \/>\n\t<meta property=\"og:image:width\" content=\"1000\" \/>\n\t<meta property=\"og:image:height\" content=\"750\" \/>\n\t<meta property=\"og:image:type\" content=\"image\/jpeg\" \/>\n<meta name=\"twitter:card\" content=\"summary_large_image\" \/>\n<meta name=\"twitter:label1\" content=\"Tiempo de lectura\" \/>\n\t<meta name=\"twitter:data1\" content=\"2 minutos\" \/>\n<script type=\"application\/ld+json\" class=\"yoast-schema-graph\">{\"@context\":\"https:\/\/schema.org\",\"@graph\":[{\"@type\":\"WebPage\",\"@id\":\"https:\/\/leatai.com\/es\/product\/varias-muestras-oem\/cuaderno-de-espiral-oem\/dentall\/\",\"url\":\"https:\/\/leatai.com\/es\/product\/varias-muestras-oem\/cuaderno-de-espiral-oem\/dentall\/\",\"name\":\"Dentall - Plataforma innovadora de integraci\u00f3n de informaci\u00f3n dental, la mejor aliada para los dentistas.- Leatai \u2013 Fabricante de cuadernos personalizados\",\"isPartOf\":{\"@id\":\"https:\/\/leatai.com\/es\/#website\"},\"primaryImageOfPage\":{\"@id\":\"https:\/\/leatai.com\/es\/product\/varias-muestras-oem\/cuaderno-de-espiral-oem\/dentall\/#primaryimage\"},\"image\":{\"@id\":\"https:\/\/leatai.com\/es\/product\/varias-muestras-oem\/cuaderno-de-espiral-oem\/dentall\/#primaryimage\"},\"thumbnailUrl\":\"https:\/\/leatai.com\/wp-content\/uploads\/DSC_6348-1.jpg\",\"datePublished\":\"2022-07-13T12:18:00+00:00\",\"dateModified\":\"2025-04-28T01:36:06+00:00\",\"description\":\"Caso OEM de cuaderno con anillas: Dentall Estilo: Cuaderno con anillas Tama\u00f1o: Dimensiones personalizadas Puntos destacados: La mayor plataforma de integraci\u00f3n de informaci\u00f3n dental de Taiw\u00e1n, con una gran contribuci\u00f3n al sector odontol\u00f3gico. El cuaderno con anillas de apertura superior y tama\u00f1o personalizado est\u00e1 dise\u00f1ado para facilitar el trabajo diario de los dentistas, brind\u00e1ndoles una experiencia de uso m\u00e1s eficiente.\",\"breadcrumb\":{\"@id\":\"https:\/\/leatai.com\/es\/product\/varias-muestras-oem\/cuaderno-de-espiral-oem\/dentall\/#breadcrumb\"},\"inLanguage\":\"es\",\"potentialAction\":[{\"@type\":\"ReadAction\",\"target\":[\"https:\/\/leatai.com\/es\/product\/varias-muestras-oem\/cuaderno-de-espiral-oem\/dentall\/\"]}]},{\"@type\":\"ImageObject\",\"inLanguage\":\"es\",\"@id\":\"https:\/\/leatai.com\/es\/product\/varias-muestras-oem\/cuaderno-de-espiral-oem\/dentall\/#primaryimage\",\"url\":\"https:\/\/leatai.com\/wp-content\/uploads\/DSC_6348-1.jpg\",\"contentUrl\":\"https:\/\/leatai.com\/wp-content\/uploads\/DSC_6348-1.jpg\",\"width\":1000,\"height\":750,\"caption\":\"Estuche de regalo con cuaderno de espiral.\"},{\"@type\":\"BreadcrumbList\",\"@id\":\"https:\/\/leatai.com\/es\/product\/varias-muestras-oem\/cuaderno-de-espiral-oem\/dentall\/#breadcrumb\",\"itemListElement\":[{\"@type\":\"ListItem\",\"position\":1,\"name\":\"Home\",\"item\":\"https:\/\/leatai.com\/es\/\"},{\"@type\":\"ListItem\",\"position\":2,\"name\":\"Presentaci\u00f3n de productos\",\"item\":\"https:\/\/leatai.com\/products\/\"},{\"@type\":\"ListItem\",\"position\":3,\"name\":\"Varias Muestras OEM\",\"item\":\"https:\/\/leatai.com\/es\/categoria-producto\/varias-muestras-oem\/\"},{\"@type\":\"ListItem\",\"position\":4,\"name\":\"Cuaderno de Espiral OEM\",\"item\":\"https:\/\/leatai.com\/es\/categoria-producto\/varias-muestras-oem\/cuaderno-de-espiral-oem\/\"},{\"@type\":\"ListItem\",\"position\":5,\"name\":\"Dentall\"}]},{\"@type\":\"WebSite\",\"@id\":\"https:\/\/leatai.com\/es\/#website\",\"url\":\"https:\/\/leatai.com\/es\/\",\"name\":\"Leatai \u2013 Fabricante de cuadernos personalizados\",\"description\":\"Leatai ofrece cuadernos y planificadores personalizados para marcas y distribuidores globales.\",\"publisher\":{\"@id\":\"https:\/\/leatai.com\/es\/#organization\"},\"potentialAction\":[{\"@type\":\"SearchAction\",\"target\":{\"@type\":\"EntryPoint\",\"urlTemplate\":\"https:\/\/leatai.com\/es\/?s={search_term_string}\"},\"query-input\":{\"@type\":\"PropertyValueSpecification\",\"valueRequired\":true,\"valueName\":\"search_term_string\"}}],\"inLanguage\":\"es\"},{\"@type\":\"Organization\",\"@id\":\"https:\/\/leatai.com\/es\/#organization\",\"name\":\"Leatai Diary, customized journal and business organizer\",\"url\":\"https:\/\/leatai.com\/es\/\",\"logo\":{\"@type\":\"ImageObject\",\"inLanguage\":\"es\",\"@id\":\"https:\/\/leatai.com\/es\/#\/schema\/logo\/image\/\",\"url\":\"https:\/\/leatai.com\/wp-content\/uploads\/logo-blue.png\",\"contentUrl\":\"https:\/\/leatai.com\/wp-content\/uploads\/logo-blue.png\",\"width\":230,\"height\":60,\"caption\":\"Leatai Diary, customized journal and business organizer\"},\"image\":{\"@id\":\"https:\/\/leatai.com\/es\/#\/schema\/logo\/image\/\"}}]}<\/script>\n<!-- \/ Yoast SEO plugin. -->","yoast_head_json":{"title":"Dentall - Plataforma innovadora de integraci\u00f3n de informaci\u00f3n dental, la mejor aliada para los dentistas.- Leatai \u2013 Fabricante de cuadernos personalizados","description":"Caso OEM de cuaderno con anillas: Dentall Estilo: Cuaderno con anillas Tama\u00f1o: Dimensiones personalizadas Puntos destacados: La mayor plataforma de integraci\u00f3n de informaci\u00f3n dental de Taiw\u00e1n, con una gran contribuci\u00f3n al sector odontol\u00f3gico. El cuaderno con anillas de apertura superior y tama\u00f1o personalizado est\u00e1 dise\u00f1ado para facilitar el trabajo diario de los dentistas, brind\u00e1ndoles una experiencia de uso m\u00e1s eficiente.","robots":{"index":"index","follow":"follow","max-snippet":"max-snippet:-1","max-image-preview":"max-image-preview:large","max-video-preview":"max-video-preview:-1"},"canonical":"https:\/\/leatai.com\/es\/product\/varias-muestras-oem\/cuaderno-de-espiral-oem\/dentall\/","og_locale":"es_ES","og_type":"article","og_title":"Dentall - Plataforma innovadora de integraci\u00f3n de informaci\u00f3n dental, la mejor aliada para los dentistas.- Leatai \u2013 Fabricante de cuadernos personalizados","og_description":"Caso OEM de cuaderno con anillas: Dentall Estilo: Cuaderno con anillas Tama\u00f1o: Dimensiones personalizadas Puntos destacados: La mayor plataforma de integraci\u00f3n de informaci\u00f3n dental de Taiw\u00e1n, con una gran contribuci\u00f3n al sector odontol\u00f3gico. El cuaderno con anillas de apertura superior y tama\u00f1o personalizado est\u00e1 dise\u00f1ado para facilitar el trabajo diario de los dentistas, brind\u00e1ndoles una experiencia de uso m\u00e1s eficiente.","og_url":"https:\/\/leatai.com\/es\/product\/varias-muestras-oem\/cuaderno-de-espiral-oem\/dentall\/","og_site_name":"Leatai \u2013 Fabricante de cuadernos personalizados","article_modified_time":"2025-04-28T01:36:06+00:00","og_image":[{"width":1000,"height":750,"url":"https:\/\/leatai.com\/wp-content\/uploads\/DSC_6348-1.jpg","type":"image\/jpeg"}],"twitter_card":"summary_large_image","twitter_misc":{"Tiempo de lectura":"2 minutos"},"schema":{"@context":"https:\/\/schema.org","@graph":[{"@type":"WebPage","@id":"https:\/\/leatai.com\/es\/product\/varias-muestras-oem\/cuaderno-de-espiral-oem\/dentall\/","url":"https:\/\/leatai.com\/es\/product\/varias-muestras-oem\/cuaderno-de-espiral-oem\/dentall\/","name":"Dentall - Plataforma innovadora de integraci\u00f3n de informaci\u00f3n dental, la mejor aliada para los dentistas.- Leatai \u2013 Fabricante de cuadernos personalizados","isPartOf":{"@id":"https:\/\/leatai.com\/es\/#website"},"primaryImageOfPage":{"@id":"https:\/\/leatai.com\/es\/product\/varias-muestras-oem\/cuaderno-de-espiral-oem\/dentall\/#primaryimage"},"image":{"@id":"https:\/\/leatai.com\/es\/product\/varias-muestras-oem\/cuaderno-de-espiral-oem\/dentall\/#primaryimage"},"thumbnailUrl":"https:\/\/leatai.com\/wp-content\/uploads\/DSC_6348-1.jpg","datePublished":"2022-07-13T12:18:00+00:00","dateModified":"2025-04-28T01:36:06+00:00","description":"Caso OEM de cuaderno con anillas: Dentall Estilo: Cuaderno con anillas Tama\u00f1o: Dimensiones personalizadas Puntos destacados: La mayor plataforma de integraci\u00f3n de informaci\u00f3n dental de Taiw\u00e1n, con una gran contribuci\u00f3n al sector odontol\u00f3gico. El cuaderno con anillas de apertura superior y tama\u00f1o personalizado est\u00e1 dise\u00f1ado para facilitar el trabajo diario de los dentistas, brind\u00e1ndoles una experiencia de uso m\u00e1s eficiente.","breadcrumb":{"@id":"https:\/\/leatai.com\/es\/product\/varias-muestras-oem\/cuaderno-de-espiral-oem\/dentall\/#breadcrumb"},"inLanguage":"es","potentialAction":[{"@type":"ReadAction","target":["https:\/\/leatai.com\/es\/product\/varias-muestras-oem\/cuaderno-de-espiral-oem\/dentall\/"]}]},{"@type":"ImageObject","inLanguage":"es","@id":"https:\/\/leatai.com\/es\/product\/varias-muestras-oem\/cuaderno-de-espiral-oem\/dentall\/#primaryimage","url":"https:\/\/leatai.com\/wp-content\/uploads\/DSC_6348-1.jpg","contentUrl":"https:\/\/leatai.com\/wp-content\/uploads\/DSC_6348-1.jpg","width":1000,"height":750,"caption":"Estuche de regalo con cuaderno de espiral."},{"@type":"BreadcrumbList","@id":"https:\/\/leatai.com\/es\/product\/varias-muestras-oem\/cuaderno-de-espiral-oem\/dentall\/#breadcrumb","itemListElement":[{"@type":"ListItem","position":1,"name":"Home","item":"https:\/\/leatai.com\/es\/"},{"@type":"ListItem","position":2,"name":"Presentaci\u00f3n de productos","item":"https:\/\/leatai.com\/products\/"},{"@type":"ListItem","position":3,"name":"Varias Muestras OEM","item":"https:\/\/leatai.com\/es\/categoria-producto\/varias-muestras-oem\/"},{"@type":"ListItem","position":4,"name":"Cuaderno de Espiral OEM","item":"https:\/\/leatai.com\/es\/categoria-producto\/varias-muestras-oem\/cuaderno-de-espiral-oem\/"},{"@type":"ListItem","position":5,"name":"Dentall"}]},{"@type":"WebSite","@id":"https:\/\/leatai.com\/es\/#website","url":"https:\/\/leatai.com\/es\/","name":"Leatai \u2013 Fabricante de cuadernos personalizados","description":"Leatai ofrece cuadernos y planificadores personalizados para marcas y distribuidores globales.","publisher":{"@id":"https:\/\/leatai.com\/es\/#organization"},"potentialAction":[{"@type":"SearchAction","target":{"@type":"EntryPoint","urlTemplate":"https:\/\/leatai.com\/es\/?s={search_term_string}"},"query-input":{"@type":"PropertyValueSpecification","valueRequired":true,"valueName":"search_term_string"}}],"inLanguage":"es"},{"@type":"Organization","@id":"https:\/\/leatai.com\/es\/#organization","name":"Leatai Diary, customized journal and business organizer","url":"https:\/\/leatai.com\/es\/","logo":{"@type":"ImageObject","inLanguage":"es","@id":"https:\/\/leatai.com\/es\/#\/schema\/logo\/image\/","url":"https:\/\/leatai.com\/wp-content\/uploads\/logo-blue.png","contentUrl":"https:\/\/leatai.com\/wp-content\/uploads\/logo-blue.png","width":230,"height":60,"caption":"Leatai Diary, customized journal and business organizer"},"image":{"@id":"https:\/\/leatai.com\/es\/#\/schema\/logo\/image\/"}}]}},"_links":{"self":[{"href":"https:\/\/leatai.com\/es\/wp-json\/wp\/v2\/product\/175604","targetHints":{"allow":["GET"]}}],"collection":[{"href":"https:\/\/leatai.com\/es\/wp-json\/wp\/v2\/product"}],"about":[{"href":"https:\/\/leatai.com\/es\/wp-json\/wp\/v2\/types\/product"}],"wp:featuredmedia":[{"embeddable":true,"href":"https:\/\/leatai.com\/es\/wp-json\/wp\/v2\/media\/175605"}],"wp:attachment":[{"href":"https:\/\/leatai.com\/es\/wp-json\/wp\/v2\/media?parent=175604"}],"wp:term":[{"taxonomy":"product_brand","embeddable":true,"href":"https:\/\/leatai.com\/es\/wp-json\/wp\/v2\/product_brand?post=175604"},{"taxonomy":"product_cat","embeddable":true,"href":"https:\/\/leatai.com\/es\/wp-json\/wp\/v2\/product_cat?post=175604"},{"taxonomy":"product_tag","embeddable":true,"href":"https:\/\/leatai.com\/es\/wp-json\/wp\/v2\/product_tag?post=175604"},{"taxonomy":"home_works","embeddable":true,"href":"https:\/\/leatai.com\/es\/wp-json\/wp\/v2\/home_works?post=175604"}],"curies":[{"name":"wp","href":"https:\/\/api.w.org\/{rel}","templated":true}]}}