{"id":175158,"date":"2021-08-18T14:16:13","date_gmt":"2021-08-18T06:16:13","guid":{"rendered":"https:\/\/leatai.com\/product\/sin%20categor\u00eda\/pcg-bros\/"},"modified":"2025-10-28T17:16:50","modified_gmt":"2025-10-28T09:16:50","slug":"pcg-bros","status":"publish","type":"product","link":"https:\/\/leatai.com\/es\/product\/varias-muestras-oem\/cuaderno-de-tapa-dura-oem\/pcg-bros\/","title":{"rendered":"PCG Bros"},"content":{"rendered":"<p>Cliente: PCG Bros<br \/>\nTama\u00f1o del caso: 25K<br \/>\nEstilo del caso: cuaderno de tapa dura en piel sint\u00e9tica<br \/>\nAplicaci\u00f3n del logo: grabado en caliente<br \/>\nAccesorios adicionales: banda el\u00e1stica + banda de encuadernaci\u00f3n<\/p>\n<p>Puntos destacados:<br \/>\nCon una combinaci\u00f3n cl\u00e1sica de rojo y azul, este cuaderno evoca de inmediato la imagen del equipo nacional chino Taipei. El logotipo &#8220;Chinese Taipei&#8221; est\u00e1 grabado en caliente, destacando con un acabado personalizado excepcional que deja una impresi\u00f3n duradera. El dise\u00f1o tambi\u00e9n incluye una banda el\u00e1stica y una banda de encuadernaci\u00f3n, agregando funcionalidad y elegancia al conjunto.<\/p>\n<p>&nbsp;<\/p>\n<p>\ud83d\udcd6 Tutti gli esempi personalizzati: <a href=\"https:\/\/leatai.com\/it\/tag-prodotto\/oem-it\/\" target=\"_blank\" rel=\"noopener\">Quaderno personalizzato \/ Diario commerciale personalizzato<\/a><br \/>\n\ud83d\udcd6 Per i prodotti standard di quaderni \/ diari commerciali personalizzati, fare riferimento a:<br \/>\n<a href=\"https:\/\/leatai.com\/it\/categoria-prodotto\/taccuino-personalizzato\/taccuino-con-copertina-rigida\/\" target=\"_blank\" rel=\"noopener\">Quaderno con copertina rigida \/ Diario commerciale con copertina rigida<\/a><br \/>\n<a href=\"https:\/\/leatai.com\/it\/categoria-prodotto\/taccuino-personalizzato\/taccuino-a-fogli-mobili\/\" target=\"_blank\" rel=\"noopener\">Quaderno ad anelli \/ Diario commerciale ad anelli<\/a><br \/>\n<a href=\"https:\/\/leatai.com\/it\/categoria-prodotto\/taccuino-personalizzato\/taccuino-rimovibile\/\" target=\"_blank\" rel=\"noopener\">Quaderno ad anelli con fogli estraibili \/ Diario commerciale ad anelli con fogli estraibili<\/a><br \/>\n<a href=\"https:\/\/leatai.com\/it\/categoria-prodotto\/taccuino-personalizzato\/taccuino-brossurato\/\" target=\"_blank\" rel=\"noopener\">Quaderno con copertina flessibile \/ Diario commerciale con copertina flessibile<\/a><br \/>\n<a href=\"https:\/\/leatai.com\/it\/categoria-prodotto\/taccuino-personalizzato\/taccuino-a-spirale\/\" target=\"_blank\" rel=\"noopener\">Quaderno a spirale \/ Diario commerciale a spirale<\/a><\/p>\n<p>\ud83d\udcd6 Per la guida completa alle dimensioni, fare riferimento a:<br \/>\n<a href=\"https:\/\/leatai.com\/es\/conocimiento-sobre-cuadernos\/guia-de-tamanos-de-papel-comprenda-los-tamanos-comunes-como-b3-a4-b5-8k-16k-y-mas-una-tabla-de-tamanos-completa-para-una-referencia-facil\/\" target=\"_blank\" rel=\"noopener\">Guida ai formati di carta: B3, A4, B5, 8K, 16K e altri formati comuni spiegati chiaramente con una tabella di confronto delle dimensioni!<\/a><\/p>\n","protected":false},"excerpt":{"rendered":"<p>Cliente: PCG Bros Tama\u00f1o del caso: 25K Estilo del caso: cuaderno de tapa dura en piel sint\u00e9tica Aplicaci\u00f3n del logo: grabado en caliente Accesorios adicionales: banda el\u00e1stica + banda de encuadernaci\u00f3n Puntos destacados: Con una combinaci\u00f3n cl\u00e1sica de rojo y azul, este cuaderno evoca de inmediato la imagen del equipo nacional chino Taipei. El logotipo [&hellip;]<\/p>\n","protected":false},"featured_media":175161,"template":"","meta":{"_acf_changed":false},"product_brand":[],"product_cat":[887],"product_tag":[1465],"home_works":[1453],"class_list":{"0":"post-175158","1":"product","2":"type-product","3":"status-publish","4":"has-post-thumbnail","6":"product_cat-cuaderno-de-tapa-dura-oem","7":"product_tag-oem-es","8":"home_works--es","10":"first","11":"instock","12":"sold-individually","13":"shipping-taxable","14":"purchasable","15":"product-type-variable","16":"has-default-attributes"},"acf":[],"yoast_head":"<!-- This site is optimized with the Yoast SEO plugin v27.2 - https:\/\/yoast.com\/product\/yoast-seo-wordpress\/ -->\n<title>PCG Bros - El equipo de b\u00e9isbol de Taiw\u00e1n es mundialmente conocido, y su cl\u00e1sica combinaci\u00f3n de colores de la selecci\u00f3n nacional china evoca un sentido de orgullo y tradici\u00f3n. - Leatai \u2013 Fabricante de cuadernos personalizados<\/title>\n<meta name=\"description\" content=\"Caso OEM de cuaderno de tapa dura: PCG Bros Estilo: cuaderno de tapa dura Tama\u00f1o: 25K Puntos destacados: Con una combinaci\u00f3n cl\u00e1sica de rojo y azul, este cuaderno recuerda inmediatamente a la imagen del equipo nacional de b\u00e9isbol de Taiw\u00e1n, &quot;Chinese Taipei&quot;. El logotipo est\u00e1 grabado en caliente, lo que resalta con un acabado personalizado y de alta calidad. El dise\u00f1o es impactante, logrando una excelente combinaci\u00f3n de est\u00e9tica y funcionalidad que deja una impresi\u00f3n duradera.\" \/>\n<meta name=\"robots\" content=\"index, follow, max-snippet:-1, max-image-preview:large, max-video-preview:-1\" \/>\n<link rel=\"canonical\" href=\"https:\/\/leatai.com\/es\/product\/varias-muestras-oem\/cuaderno-de-tapa-dura-oem\/pcg-bros\/\" \/>\n<meta property=\"og:locale\" content=\"es_ES\" \/>\n<meta property=\"og:type\" content=\"article\" \/>\n<meta property=\"og:title\" content=\"PCG Bros - El equipo de b\u00e9isbol de Taiw\u00e1n es mundialmente conocido, y su cl\u00e1sica combinaci\u00f3n de colores de la selecci\u00f3n nacional china evoca un sentido de orgullo y tradici\u00f3n. - Leatai \u2013 Fabricante de cuadernos personalizados\" \/>\n<meta property=\"og:description\" content=\"Caso OEM de cuaderno de tapa dura: PCG Bros Estilo: cuaderno de tapa dura Tama\u00f1o: 25K Puntos destacados: Con una combinaci\u00f3n cl\u00e1sica de rojo y azul, este cuaderno recuerda inmediatamente a la imagen del equipo nacional de b\u00e9isbol de Taiw\u00e1n, &quot;Chinese Taipei&quot;. El logotipo est\u00e1 grabado en caliente, lo que resalta con un acabado personalizado y de alta calidad. El dise\u00f1o es impactante, logrando una excelente combinaci\u00f3n de est\u00e9tica y funcionalidad que deja una impresi\u00f3n duradera.\" \/>\n<meta property=\"og:url\" content=\"https:\/\/leatai.com\/es\/product\/varias-muestras-oem\/cuaderno-de-tapa-dura-oem\/pcg-bros\/\" \/>\n<meta property=\"og:site_name\" content=\"Leatai \u2013 Fabricante de cuadernos personalizados\" \/>\n<meta property=\"article:modified_time\" content=\"2025-10-28T09:16:50+00:00\" \/>\n<meta property=\"og:image\" content=\"https:\/\/leatai.com\/wp-content\/uploads\/DSC_6823.jpg\" \/>\n\t<meta property=\"og:image:width\" content=\"1000\" \/>\n\t<meta property=\"og:image:height\" content=\"750\" \/>\n\t<meta property=\"og:image:type\" content=\"image\/jpeg\" \/>\n<meta name=\"twitter:card\" content=\"summary_large_image\" \/>\n<meta name=\"twitter:label1\" content=\"Tiempo de lectura\" \/>\n\t<meta name=\"twitter:data1\" content=\"2 minutos\" \/>\n<script type=\"application\/ld+json\" class=\"yoast-schema-graph\">{\"@context\":\"https:\/\/schema.org\",\"@graph\":[{\"@type\":\"WebPage\",\"@id\":\"https:\/\/leatai.com\/es\/product\/varias-muestras-oem\/cuaderno-de-tapa-dura-oem\/pcg-bros\/\",\"url\":\"https:\/\/leatai.com\/es\/product\/varias-muestras-oem\/cuaderno-de-tapa-dura-oem\/pcg-bros\/\",\"name\":\"PCG Bros - El equipo de b\u00e9isbol de Taiw\u00e1n es mundialmente conocido, y su cl\u00e1sica combinaci\u00f3n de colores de la selecci\u00f3n nacional china evoca un sentido de orgullo y tradici\u00f3n. - Leatai \u2013 Fabricante de cuadernos personalizados\",\"isPartOf\":{\"@id\":\"https:\/\/leatai.com\/es\/#website\"},\"primaryImageOfPage\":{\"@id\":\"https:\/\/leatai.com\/es\/product\/varias-muestras-oem\/cuaderno-de-tapa-dura-oem\/pcg-bros\/#primaryimage\"},\"image\":{\"@id\":\"https:\/\/leatai.com\/es\/product\/varias-muestras-oem\/cuaderno-de-tapa-dura-oem\/pcg-bros\/#primaryimage\"},\"thumbnailUrl\":\"https:\/\/leatai.com\/wp-content\/uploads\/DSC_6823.jpg\",\"datePublished\":\"2021-08-18T06:16:13+00:00\",\"dateModified\":\"2025-10-28T09:16:50+00:00\",\"description\":\"Caso OEM de cuaderno de tapa dura: PCG Bros Estilo: cuaderno de tapa dura Tama\u00f1o: 25K Puntos destacados: Con una combinaci\u00f3n cl\u00e1sica de rojo y azul, este cuaderno recuerda inmediatamente a la imagen del equipo nacional de b\u00e9isbol de Taiw\u00e1n, \\\"Chinese Taipei\\\". El logotipo est\u00e1 grabado en caliente, lo que resalta con un acabado personalizado y de alta calidad. El dise\u00f1o es impactante, logrando una excelente combinaci\u00f3n de est\u00e9tica y funcionalidad que deja una impresi\u00f3n duradera.\",\"breadcrumb\":{\"@id\":\"https:\/\/leatai.com\/es\/product\/varias-muestras-oem\/cuaderno-de-tapa-dura-oem\/pcg-bros\/#breadcrumb\"},\"inLanguage\":\"es\",\"potentialAction\":[{\"@type\":\"ReadAction\",\"target\":[\"https:\/\/leatai.com\/es\/product\/varias-muestras-oem\/cuaderno-de-tapa-dura-oem\/pcg-bros\/\"]}]},{\"@type\":\"ImageObject\",\"inLanguage\":\"es\",\"@id\":\"https:\/\/leatai.com\/es\/product\/varias-muestras-oem\/cuaderno-de-tapa-dura-oem\/pcg-bros\/#primaryimage\",\"url\":\"https:\/\/leatai.com\/wp-content\/uploads\/DSC_6823.jpg\",\"contentUrl\":\"https:\/\/leatai.com\/wp-content\/uploads\/DSC_6823.jpg\",\"width\":1000,\"height\":750,\"caption\":\"cuaderno de tapa dura\"},{\"@type\":\"BreadcrumbList\",\"@id\":\"https:\/\/leatai.com\/es\/product\/varias-muestras-oem\/cuaderno-de-tapa-dura-oem\/pcg-bros\/#breadcrumb\",\"itemListElement\":[{\"@type\":\"ListItem\",\"position\":1,\"name\":\"Home\",\"item\":\"https:\/\/leatai.com\/es\/\"},{\"@type\":\"ListItem\",\"position\":2,\"name\":\"Presentaci\u00f3n de productos\",\"item\":\"https:\/\/leatai.com\/products\/\"},{\"@type\":\"ListItem\",\"position\":3,\"name\":\"Varias Muestras OEM\",\"item\":\"https:\/\/leatai.com\/es\/categoria-producto\/varias-muestras-oem\/\"},{\"@type\":\"ListItem\",\"position\":4,\"name\":\"Cuaderno de Tapa Dura OEM\",\"item\":\"https:\/\/leatai.com\/es\/categoria-producto\/varias-muestras-oem\/cuaderno-de-tapa-dura-oem\/\"},{\"@type\":\"ListItem\",\"position\":5,\"name\":\"PCG Bros\"}]},{\"@type\":\"WebSite\",\"@id\":\"https:\/\/leatai.com\/es\/#website\",\"url\":\"https:\/\/leatai.com\/es\/\",\"name\":\"Leatai \u2013 Fabricante de cuadernos personalizados\",\"description\":\"Leatai ofrece cuadernos y planificadores personalizados para marcas y distribuidores globales.\",\"publisher\":{\"@id\":\"https:\/\/leatai.com\/es\/#organization\"},\"potentialAction\":[{\"@type\":\"SearchAction\",\"target\":{\"@type\":\"EntryPoint\",\"urlTemplate\":\"https:\/\/leatai.com\/es\/?s={search_term_string}\"},\"query-input\":{\"@type\":\"PropertyValueSpecification\",\"valueRequired\":true,\"valueName\":\"search_term_string\"}}],\"inLanguage\":\"es\"},{\"@type\":\"Organization\",\"@id\":\"https:\/\/leatai.com\/es\/#organization\",\"name\":\"Leatai Diary, customized journal and business organizer\",\"url\":\"https:\/\/leatai.com\/es\/\",\"logo\":{\"@type\":\"ImageObject\",\"inLanguage\":\"es\",\"@id\":\"https:\/\/leatai.com\/es\/#\/schema\/logo\/image\/\",\"url\":\"https:\/\/leatai.com\/wp-content\/uploads\/logo-blue.png\",\"contentUrl\":\"https:\/\/leatai.com\/wp-content\/uploads\/logo-blue.png\",\"width\":230,\"height\":60,\"caption\":\"Leatai Diary, customized journal and business organizer\"},\"image\":{\"@id\":\"https:\/\/leatai.com\/es\/#\/schema\/logo\/image\/\"},\"telephone\":\"+886-2-8227-8800\",\"legalName\":\"Leatai Stationary Co., Ltd.\",\"description\":\"A leading notebook factory in Taiwan offering bespoke branding, high-quality binding, and premium paper selections for corporate gifts and stationery wholesale.\",\"address\":{\"@type\":\"PostalAddress\",\"streetAddress\":\"11F., No. 168, Jiankang Rd.\",\"addressLocality\":\"Zhonghe Dist.\",\"addressRegion\":\"New Taipei City\",\"postalCode\":\"235\",\"addressCountry\":\"TW\"},\"contactPoint\":{\"@type\":\"ContactPoint\",\"telephone\":\"+886-2-8227-8800\",\"contactType\":\"sales\",\"areaServed\":\"Worldwide\",\"availableLanguage\":[\"zh-TW\",\"en\"]}}]}<\/script>\n<!-- \/ Yoast SEO plugin. -->","yoast_head_json":{"title":"PCG Bros - El equipo de b\u00e9isbol de Taiw\u00e1n es mundialmente conocido, y su cl\u00e1sica combinaci\u00f3n de colores de la selecci\u00f3n nacional china evoca un sentido de orgullo y tradici\u00f3n. - Leatai \u2013 Fabricante de cuadernos personalizados","description":"Caso OEM de cuaderno de tapa dura: PCG Bros Estilo: cuaderno de tapa dura Tama\u00f1o: 25K Puntos destacados: Con una combinaci\u00f3n cl\u00e1sica de rojo y azul, este cuaderno recuerda inmediatamente a la imagen del equipo nacional de b\u00e9isbol de Taiw\u00e1n, \"Chinese Taipei\". El logotipo est\u00e1 grabado en caliente, lo que resalta con un acabado personalizado y de alta calidad. El dise\u00f1o es impactante, logrando una excelente combinaci\u00f3n de est\u00e9tica y funcionalidad que deja una impresi\u00f3n duradera.","robots":{"index":"index","follow":"follow","max-snippet":"max-snippet:-1","max-image-preview":"max-image-preview:large","max-video-preview":"max-video-preview:-1"},"canonical":"https:\/\/leatai.com\/es\/product\/varias-muestras-oem\/cuaderno-de-tapa-dura-oem\/pcg-bros\/","og_locale":"es_ES","og_type":"article","og_title":"PCG Bros - El equipo de b\u00e9isbol de Taiw\u00e1n es mundialmente conocido, y su cl\u00e1sica combinaci\u00f3n de colores de la selecci\u00f3n nacional china evoca un sentido de orgullo y tradici\u00f3n. - Leatai \u2013 Fabricante de cuadernos personalizados","og_description":"Caso OEM de cuaderno de tapa dura: PCG Bros Estilo: cuaderno de tapa dura Tama\u00f1o: 25K Puntos destacados: Con una combinaci\u00f3n cl\u00e1sica de rojo y azul, este cuaderno recuerda inmediatamente a la imagen del equipo nacional de b\u00e9isbol de Taiw\u00e1n, \"Chinese Taipei\". El logotipo est\u00e1 grabado en caliente, lo que resalta con un acabado personalizado y de alta calidad. El dise\u00f1o es impactante, logrando una excelente combinaci\u00f3n de est\u00e9tica y funcionalidad que deja una impresi\u00f3n duradera.","og_url":"https:\/\/leatai.com\/es\/product\/varias-muestras-oem\/cuaderno-de-tapa-dura-oem\/pcg-bros\/","og_site_name":"Leatai \u2013 Fabricante de cuadernos personalizados","article_modified_time":"2025-10-28T09:16:50+00:00","og_image":[{"width":1000,"height":750,"url":"https:\/\/leatai.com\/wp-content\/uploads\/DSC_6823.jpg","type":"image\/jpeg"}],"twitter_card":"summary_large_image","twitter_misc":{"Tiempo de lectura":"2 minutos"},"schema":{"@context":"https:\/\/schema.org","@graph":[{"@type":"WebPage","@id":"https:\/\/leatai.com\/es\/product\/varias-muestras-oem\/cuaderno-de-tapa-dura-oem\/pcg-bros\/","url":"https:\/\/leatai.com\/es\/product\/varias-muestras-oem\/cuaderno-de-tapa-dura-oem\/pcg-bros\/","name":"PCG Bros - El equipo de b\u00e9isbol de Taiw\u00e1n es mundialmente conocido, y su cl\u00e1sica combinaci\u00f3n de colores de la selecci\u00f3n nacional china evoca un sentido de orgullo y tradici\u00f3n. - Leatai \u2013 Fabricante de cuadernos personalizados","isPartOf":{"@id":"https:\/\/leatai.com\/es\/#website"},"primaryImageOfPage":{"@id":"https:\/\/leatai.com\/es\/product\/varias-muestras-oem\/cuaderno-de-tapa-dura-oem\/pcg-bros\/#primaryimage"},"image":{"@id":"https:\/\/leatai.com\/es\/product\/varias-muestras-oem\/cuaderno-de-tapa-dura-oem\/pcg-bros\/#primaryimage"},"thumbnailUrl":"https:\/\/leatai.com\/wp-content\/uploads\/DSC_6823.jpg","datePublished":"2021-08-18T06:16:13+00:00","dateModified":"2025-10-28T09:16:50+00:00","description":"Caso OEM de cuaderno de tapa dura: PCG Bros Estilo: cuaderno de tapa dura Tama\u00f1o: 25K Puntos destacados: Con una combinaci\u00f3n cl\u00e1sica de rojo y azul, este cuaderno recuerda inmediatamente a la imagen del equipo nacional de b\u00e9isbol de Taiw\u00e1n, \"Chinese Taipei\". El logotipo est\u00e1 grabado en caliente, lo que resalta con un acabado personalizado y de alta calidad. El dise\u00f1o es impactante, logrando una excelente combinaci\u00f3n de est\u00e9tica y funcionalidad que deja una impresi\u00f3n duradera.","breadcrumb":{"@id":"https:\/\/leatai.com\/es\/product\/varias-muestras-oem\/cuaderno-de-tapa-dura-oem\/pcg-bros\/#breadcrumb"},"inLanguage":"es","potentialAction":[{"@type":"ReadAction","target":["https:\/\/leatai.com\/es\/product\/varias-muestras-oem\/cuaderno-de-tapa-dura-oem\/pcg-bros\/"]}]},{"@type":"ImageObject","inLanguage":"es","@id":"https:\/\/leatai.com\/es\/product\/varias-muestras-oem\/cuaderno-de-tapa-dura-oem\/pcg-bros\/#primaryimage","url":"https:\/\/leatai.com\/wp-content\/uploads\/DSC_6823.jpg","contentUrl":"https:\/\/leatai.com\/wp-content\/uploads\/DSC_6823.jpg","width":1000,"height":750,"caption":"cuaderno de tapa dura"},{"@type":"BreadcrumbList","@id":"https:\/\/leatai.com\/es\/product\/varias-muestras-oem\/cuaderno-de-tapa-dura-oem\/pcg-bros\/#breadcrumb","itemListElement":[{"@type":"ListItem","position":1,"name":"Home","item":"https:\/\/leatai.com\/es\/"},{"@type":"ListItem","position":2,"name":"Presentaci\u00f3n de productos","item":"https:\/\/leatai.com\/products\/"},{"@type":"ListItem","position":3,"name":"Varias Muestras OEM","item":"https:\/\/leatai.com\/es\/categoria-producto\/varias-muestras-oem\/"},{"@type":"ListItem","position":4,"name":"Cuaderno de Tapa Dura OEM","item":"https:\/\/leatai.com\/es\/categoria-producto\/varias-muestras-oem\/cuaderno-de-tapa-dura-oem\/"},{"@type":"ListItem","position":5,"name":"PCG Bros"}]},{"@type":"WebSite","@id":"https:\/\/leatai.com\/es\/#website","url":"https:\/\/leatai.com\/es\/","name":"Leatai \u2013 Fabricante de cuadernos personalizados","description":"Leatai ofrece cuadernos y planificadores personalizados para marcas y distribuidores globales.","publisher":{"@id":"https:\/\/leatai.com\/es\/#organization"},"potentialAction":[{"@type":"SearchAction","target":{"@type":"EntryPoint","urlTemplate":"https:\/\/leatai.com\/es\/?s={search_term_string}"},"query-input":{"@type":"PropertyValueSpecification","valueRequired":true,"valueName":"search_term_string"}}],"inLanguage":"es"},{"@type":"Organization","@id":"https:\/\/leatai.com\/es\/#organization","name":"Leatai Diary, customized journal and business organizer","url":"https:\/\/leatai.com\/es\/","logo":{"@type":"ImageObject","inLanguage":"es","@id":"https:\/\/leatai.com\/es\/#\/schema\/logo\/image\/","url":"https:\/\/leatai.com\/wp-content\/uploads\/logo-blue.png","contentUrl":"https:\/\/leatai.com\/wp-content\/uploads\/logo-blue.png","width":230,"height":60,"caption":"Leatai Diary, customized journal and business organizer"},"image":{"@id":"https:\/\/leatai.com\/es\/#\/schema\/logo\/image\/"},"telephone":"+886-2-8227-8800","legalName":"Leatai Stationary Co., Ltd.","description":"A leading notebook factory in Taiwan offering bespoke branding, high-quality binding, and premium paper selections for corporate gifts and stationery wholesale.","address":{"@type":"PostalAddress","streetAddress":"11F., No. 168, Jiankang Rd.","addressLocality":"Zhonghe Dist.","addressRegion":"New Taipei City","postalCode":"235","addressCountry":"TW"},"contactPoint":{"@type":"ContactPoint","telephone":"+886-2-8227-8800","contactType":"sales","areaServed":"Worldwide","availableLanguage":["zh-TW","en"]}}]}},"_links":{"self":[{"href":"https:\/\/leatai.com\/es\/wp-json\/wp\/v2\/product\/175158","targetHints":{"allow":["GET"]}}],"collection":[{"href":"https:\/\/leatai.com\/es\/wp-json\/wp\/v2\/product"}],"about":[{"href":"https:\/\/leatai.com\/es\/wp-json\/wp\/v2\/types\/product"}],"wp:featuredmedia":[{"embeddable":true,"href":"https:\/\/leatai.com\/es\/wp-json\/wp\/v2\/media\/175161"}],"wp:attachment":[{"href":"https:\/\/leatai.com\/es\/wp-json\/wp\/v2\/media?parent=175158"}],"wp:term":[{"taxonomy":"product_brand","embeddable":true,"href":"https:\/\/leatai.com\/es\/wp-json\/wp\/v2\/product_brand?post=175158"},{"taxonomy":"product_cat","embeddable":true,"href":"https:\/\/leatai.com\/es\/wp-json\/wp\/v2\/product_cat?post=175158"},{"taxonomy":"product_tag","embeddable":true,"href":"https:\/\/leatai.com\/es\/wp-json\/wp\/v2\/product_tag?post=175158"},{"taxonomy":"home_works","embeddable":true,"href":"https:\/\/leatai.com\/es\/wp-json\/wp\/v2\/home_works?post=175158"}],"curies":[{"name":"wp","href":"https:\/\/api.w.org\/{rel}","templated":true}]}}