{"id":175078,"date":"2021-08-18T15:59:08","date_gmt":"2021-08-18T07:59:08","guid":{"rendered":"https:\/\/leatai.com\/product\/sin%20categor\u00eda\/longines\/"},"modified":"2025-10-28T17:15:01","modified_gmt":"2025-10-28T09:15:01","slug":"longines","status":"publish","type":"product","link":"https:\/\/leatai.com\/es\/product\/varias-muestras-oem\/cuaderno-de-tapa-dura-oem\/longines\/","title":{"rendered":"Longines"},"content":{"rendered":"<p>Cliente: Longines<br \/>\nTama\u00f1o del caso: tama\u00f1o personalizado<br \/>\nEstilo del caso: cuaderno de tapa dura en piel sint\u00e9tica<br \/>\nAplicaci\u00f3n del logo: grabado en caliente en la parte frontal<br \/>\nAccesorios adicionales: cinta de marcaci\u00f3n + banda el\u00e1stica<\/p>\n<p>Puntos destacados:<br \/>\nComo m\u00e1ximo exponente de elegancia de marca, Longines elige su caracter\u00edstico azul profundo como color principal, transmitiendo una sensaci\u00f3n de prestigio inconfundible. El tama\u00f1o personalizado en formato estrecho refuerza la exclusividad del dise\u00f1o, con una est\u00e9tica refinada y una alt\u00edsima capacidad de reconocimiento visual. Un cuaderno que encarna a la perfecci\u00f3n el esp\u00edritu distinguido de la marca.<\/p>\n<p>&nbsp;<\/p>\n<p>\ud83d\udcd6 Tutti gli esempi personalizzati: <a href=\"https:\/\/leatai.com\/it\/tag-prodotto\/oem-it\/\" target=\"_blank\" rel=\"noopener\">Quaderno personalizzato \/ Diario commerciale personalizzato<\/a><br \/>\n\ud83d\udcd6 Per i prodotti standard di quaderni \/ diari commerciali personalizzati, fare riferimento a:<br \/>\n<a href=\"https:\/\/leatai.com\/it\/categoria-prodotto\/taccuino-personalizzato\/taccuino-con-copertina-rigida\/\" target=\"_blank\" rel=\"noopener\">Quaderno con copertina rigida \/ Diario commerciale con copertina rigida<\/a><br \/>\n<a href=\"https:\/\/leatai.com\/it\/categoria-prodotto\/taccuino-personalizzato\/taccuino-a-fogli-mobili\/\" target=\"_blank\" rel=\"noopener\">Quaderno ad anelli \/ Diario commerciale ad anelli<\/a><br \/>\n<a href=\"https:\/\/leatai.com\/it\/categoria-prodotto\/taccuino-personalizzato\/taccuino-rimovibile\/\" target=\"_blank\" rel=\"noopener\">Quaderno ad anelli con fogli estraibili \/ Diario commerciale ad anelli con fogli estraibili<\/a><br \/>\n<a href=\"https:\/\/leatai.com\/it\/categoria-prodotto\/taccuino-personalizzato\/taccuino-brossurato\/\" target=\"_blank\" rel=\"noopener\">Quaderno con copertina flessibile \/ Diario commerciale con copertina flessibile<\/a><br \/>\n<a href=\"https:\/\/leatai.com\/it\/categoria-prodotto\/taccuino-personalizzato\/taccuino-a-spirale\/\" target=\"_blank\" rel=\"noopener\">Quaderno a spirale \/ Diario commerciale a spirale<\/a><\/p>\n<p>\ud83d\udcd6 Per la guida completa alle dimensioni, fare riferimento a:<br \/>\n<a href=\"https:\/\/leatai.com\/es\/conocimiento-sobre-cuadernos\/guia-de-tamanos-de-papel-comprenda-los-tamanos-comunes-como-b3-a4-b5-8k-16k-y-mas-una-tabla-de-tamanos-completa-para-una-referencia-facil\/\" target=\"_blank\" rel=\"noopener\">Guida ai formati di carta: B3, A4, B5, 8K, 16K e altri formati comuni spiegati chiaramente con una tabella di confronto delle dimensioni!<\/a><\/p>\n","protected":false},"excerpt":{"rendered":"<p>Cliente: Longines Tama\u00f1o del caso: tama\u00f1o personalizado Estilo del caso: cuaderno de tapa dura en piel sint\u00e9tica Aplicaci\u00f3n del logo: grabado en caliente en la parte frontal Accesorios adicionales: cinta de marcaci\u00f3n + banda el\u00e1stica Puntos destacados: Como m\u00e1ximo exponente de elegancia de marca, Longines elige su caracter\u00edstico azul profundo como color principal, transmitiendo una [&hellip;]<\/p>\n","protected":false},"featured_media":175079,"template":"","meta":{"_acf_changed":false},"product_brand":[],"product_cat":[887],"product_tag":[1465],"home_works":[1453],"class_list":{"0":"post-175078","1":"product","2":"type-product","3":"status-publish","4":"has-post-thumbnail","6":"product_cat-cuaderno-de-tapa-dura-oem","7":"product_tag-oem-es","8":"home_works--es","10":"first","11":"outofstock","12":"sold-individually","13":"shipping-taxable","14":"purchasable","15":"product-type-variable","16":"has-default-attributes"},"acf":[],"yoast_head":"<!-- This site is optimized with the Yoast SEO plugin v27.2 - https:\/\/yoast.com\/product\/yoast-seo-wordpress\/ -->\n<title>Longines - Una poderosa aura de elegancia, una presencia imposible de ignorar. - Leatai \u2013 Fabricante de cuadernos personalizados<\/title>\n<meta name=\"description\" content=\"Caso OEM de cuaderno de tapa dura: Longines Estilo: cuaderno de tapa dura Tama\u00f1o: tama\u00f1o personalizado Puntos destacados: Representando la m\u00e1xima expresi\u00f3n de elegancia de marca, Longines elige su cl\u00e1sico azul profundo como color principal. El dise\u00f1o en un formato estrecho y personalizado acent\u00faa a\u00fan m\u00e1s la sensaci\u00f3n de distinci\u00f3n y lujo. Un cuaderno con gran fuerza visual y alt\u00edsima identificaci\u00f3n de marca, que refleja perfectamente el esp\u00edritu refinado y exclusivo de Longines.\" \/>\n<meta name=\"robots\" content=\"index, follow, max-snippet:-1, max-image-preview:large, max-video-preview:-1\" \/>\n<link rel=\"canonical\" href=\"https:\/\/leatai.com\/es\/product\/varias-muestras-oem\/cuaderno-de-tapa-dura-oem\/longines\/\" \/>\n<meta property=\"og:locale\" content=\"es_ES\" \/>\n<meta property=\"og:type\" content=\"article\" \/>\n<meta property=\"og:title\" content=\"Longines - Una poderosa aura de elegancia, una presencia imposible de ignorar. - Leatai \u2013 Fabricante de cuadernos personalizados\" \/>\n<meta property=\"og:description\" content=\"Caso OEM de cuaderno de tapa dura: Longines Estilo: cuaderno de tapa dura Tama\u00f1o: tama\u00f1o personalizado Puntos destacados: Representando la m\u00e1xima expresi\u00f3n de elegancia de marca, Longines elige su cl\u00e1sico azul profundo como color principal. El dise\u00f1o en un formato estrecho y personalizado acent\u00faa a\u00fan m\u00e1s la sensaci\u00f3n de distinci\u00f3n y lujo. Un cuaderno con gran fuerza visual y alt\u00edsima identificaci\u00f3n de marca, que refleja perfectamente el esp\u00edritu refinado y exclusivo de Longines.\" \/>\n<meta property=\"og:url\" content=\"https:\/\/leatai.com\/es\/product\/varias-muestras-oem\/cuaderno-de-tapa-dura-oem\/longines\/\" \/>\n<meta property=\"og:site_name\" content=\"Leatai \u2013 Fabricante de cuadernos personalizados\" \/>\n<meta property=\"article:modified_time\" content=\"2025-10-28T09:15:01+00:00\" \/>\n<meta property=\"og:image\" content=\"https:\/\/leatai.com\/wp-content\/uploads\/P1360842.jpg\" \/>\n\t<meta property=\"og:image:width\" content=\"1000\" \/>\n\t<meta property=\"og:image:height\" content=\"750\" \/>\n\t<meta property=\"og:image:type\" content=\"image\/jpeg\" \/>\n<meta name=\"twitter:card\" content=\"summary_large_image\" \/>\n<meta name=\"twitter:label1\" content=\"Tiempo de lectura\" \/>\n\t<meta name=\"twitter:data1\" content=\"2 minutos\" \/>\n<script type=\"application\/ld+json\" class=\"yoast-schema-graph\">{\"@context\":\"https:\/\/schema.org\",\"@graph\":[{\"@type\":\"WebPage\",\"@id\":\"https:\/\/leatai.com\/es\/product\/varias-muestras-oem\/cuaderno-de-tapa-dura-oem\/longines\/\",\"url\":\"https:\/\/leatai.com\/es\/product\/varias-muestras-oem\/cuaderno-de-tapa-dura-oem\/longines\/\",\"name\":\"Longines - Una poderosa aura de elegancia, una presencia imposible de ignorar. - Leatai \u2013 Fabricante de cuadernos personalizados\",\"isPartOf\":{\"@id\":\"https:\/\/leatai.com\/es\/#website\"},\"primaryImageOfPage\":{\"@id\":\"https:\/\/leatai.com\/es\/product\/varias-muestras-oem\/cuaderno-de-tapa-dura-oem\/longines\/#primaryimage\"},\"image\":{\"@id\":\"https:\/\/leatai.com\/es\/product\/varias-muestras-oem\/cuaderno-de-tapa-dura-oem\/longines\/#primaryimage\"},\"thumbnailUrl\":\"https:\/\/leatai.com\/wp-content\/uploads\/P1360842.jpg\",\"datePublished\":\"2021-08-18T07:59:08+00:00\",\"dateModified\":\"2025-10-28T09:15:01+00:00\",\"description\":\"Caso OEM de cuaderno de tapa dura: Longines Estilo: cuaderno de tapa dura Tama\u00f1o: tama\u00f1o personalizado Puntos destacados: Representando la m\u00e1xima expresi\u00f3n de elegancia de marca, Longines elige su cl\u00e1sico azul profundo como color principal. El dise\u00f1o en un formato estrecho y personalizado acent\u00faa a\u00fan m\u00e1s la sensaci\u00f3n de distinci\u00f3n y lujo. Un cuaderno con gran fuerza visual y alt\u00edsima identificaci\u00f3n de marca, que refleja perfectamente el esp\u00edritu refinado y exclusivo de Longines.\",\"breadcrumb\":{\"@id\":\"https:\/\/leatai.com\/es\/product\/varias-muestras-oem\/cuaderno-de-tapa-dura-oem\/longines\/#breadcrumb\"},\"inLanguage\":\"es\",\"potentialAction\":[{\"@type\":\"ReadAction\",\"target\":[\"https:\/\/leatai.com\/es\/product\/varias-muestras-oem\/cuaderno-de-tapa-dura-oem\/longines\/\"]}]},{\"@type\":\"ImageObject\",\"inLanguage\":\"es\",\"@id\":\"https:\/\/leatai.com\/es\/product\/varias-muestras-oem\/cuaderno-de-tapa-dura-oem\/longines\/#primaryimage\",\"url\":\"https:\/\/leatai.com\/wp-content\/uploads\/P1360842.jpg\",\"contentUrl\":\"https:\/\/leatai.com\/wp-content\/uploads\/P1360842.jpg\",\"width\":1000,\"height\":750,\"caption\":\"Caso de colaboraci\u00f3n para recuerdos personalizados y obsequios promocionales: Longines.\"},{\"@type\":\"BreadcrumbList\",\"@id\":\"https:\/\/leatai.com\/es\/product\/varias-muestras-oem\/cuaderno-de-tapa-dura-oem\/longines\/#breadcrumb\",\"itemListElement\":[{\"@type\":\"ListItem\",\"position\":1,\"name\":\"Home\",\"item\":\"https:\/\/leatai.com\/es\/\"},{\"@type\":\"ListItem\",\"position\":2,\"name\":\"Presentaci\u00f3n de productos\",\"item\":\"https:\/\/leatai.com\/products\/\"},{\"@type\":\"ListItem\",\"position\":3,\"name\":\"Varias Muestras OEM\",\"item\":\"https:\/\/leatai.com\/es\/categoria-producto\/varias-muestras-oem\/\"},{\"@type\":\"ListItem\",\"position\":4,\"name\":\"Cuaderno de Tapa Dura OEM\",\"item\":\"https:\/\/leatai.com\/es\/categoria-producto\/varias-muestras-oem\/cuaderno-de-tapa-dura-oem\/\"},{\"@type\":\"ListItem\",\"position\":5,\"name\":\"Longines\"}]},{\"@type\":\"WebSite\",\"@id\":\"https:\/\/leatai.com\/es\/#website\",\"url\":\"https:\/\/leatai.com\/es\/\",\"name\":\"Leatai \u2013 Fabricante de cuadernos personalizados\",\"description\":\"Leatai ofrece cuadernos y planificadores personalizados para marcas y distribuidores globales.\",\"publisher\":{\"@id\":\"https:\/\/leatai.com\/es\/#organization\"},\"potentialAction\":[{\"@type\":\"SearchAction\",\"target\":{\"@type\":\"EntryPoint\",\"urlTemplate\":\"https:\/\/leatai.com\/es\/?s={search_term_string}\"},\"query-input\":{\"@type\":\"PropertyValueSpecification\",\"valueRequired\":true,\"valueName\":\"search_term_string\"}}],\"inLanguage\":\"es\"},{\"@type\":\"Organization\",\"@id\":\"https:\/\/leatai.com\/es\/#organization\",\"name\":\"Leatai Diary, customized journal and business organizer\",\"url\":\"https:\/\/leatai.com\/es\/\",\"logo\":{\"@type\":\"ImageObject\",\"inLanguage\":\"es\",\"@id\":\"https:\/\/leatai.com\/es\/#\/schema\/logo\/image\/\",\"url\":\"https:\/\/leatai.com\/wp-content\/uploads\/logo-blue.png\",\"contentUrl\":\"https:\/\/leatai.com\/wp-content\/uploads\/logo-blue.png\",\"width\":230,\"height\":60,\"caption\":\"Leatai Diary, customized journal and business organizer\"},\"image\":{\"@id\":\"https:\/\/leatai.com\/es\/#\/schema\/logo\/image\/\"}}]}<\/script>\n<!-- \/ Yoast SEO plugin. -->","yoast_head_json":{"title":"Longines - Una poderosa aura de elegancia, una presencia imposible de ignorar. - Leatai \u2013 Fabricante de cuadernos personalizados","description":"Caso OEM de cuaderno de tapa dura: Longines Estilo: cuaderno de tapa dura Tama\u00f1o: tama\u00f1o personalizado Puntos destacados: Representando la m\u00e1xima expresi\u00f3n de elegancia de marca, Longines elige su cl\u00e1sico azul profundo como color principal. El dise\u00f1o en un formato estrecho y personalizado acent\u00faa a\u00fan m\u00e1s la sensaci\u00f3n de distinci\u00f3n y lujo. Un cuaderno con gran fuerza visual y alt\u00edsima identificaci\u00f3n de marca, que refleja perfectamente el esp\u00edritu refinado y exclusivo de Longines.","robots":{"index":"index","follow":"follow","max-snippet":"max-snippet:-1","max-image-preview":"max-image-preview:large","max-video-preview":"max-video-preview:-1"},"canonical":"https:\/\/leatai.com\/es\/product\/varias-muestras-oem\/cuaderno-de-tapa-dura-oem\/longines\/","og_locale":"es_ES","og_type":"article","og_title":"Longines - Una poderosa aura de elegancia, una presencia imposible de ignorar. - Leatai \u2013 Fabricante de cuadernos personalizados","og_description":"Caso OEM de cuaderno de tapa dura: Longines Estilo: cuaderno de tapa dura Tama\u00f1o: tama\u00f1o personalizado Puntos destacados: Representando la m\u00e1xima expresi\u00f3n de elegancia de marca, Longines elige su cl\u00e1sico azul profundo como color principal. El dise\u00f1o en un formato estrecho y personalizado acent\u00faa a\u00fan m\u00e1s la sensaci\u00f3n de distinci\u00f3n y lujo. Un cuaderno con gran fuerza visual y alt\u00edsima identificaci\u00f3n de marca, que refleja perfectamente el esp\u00edritu refinado y exclusivo de Longines.","og_url":"https:\/\/leatai.com\/es\/product\/varias-muestras-oem\/cuaderno-de-tapa-dura-oem\/longines\/","og_site_name":"Leatai \u2013 Fabricante de cuadernos personalizados","article_modified_time":"2025-10-28T09:15:01+00:00","og_image":[{"width":1000,"height":750,"url":"https:\/\/leatai.com\/wp-content\/uploads\/P1360842.jpg","type":"image\/jpeg"}],"twitter_card":"summary_large_image","twitter_misc":{"Tiempo de lectura":"2 minutos"},"schema":{"@context":"https:\/\/schema.org","@graph":[{"@type":"WebPage","@id":"https:\/\/leatai.com\/es\/product\/varias-muestras-oem\/cuaderno-de-tapa-dura-oem\/longines\/","url":"https:\/\/leatai.com\/es\/product\/varias-muestras-oem\/cuaderno-de-tapa-dura-oem\/longines\/","name":"Longines - Una poderosa aura de elegancia, una presencia imposible de ignorar. - Leatai \u2013 Fabricante de cuadernos personalizados","isPartOf":{"@id":"https:\/\/leatai.com\/es\/#website"},"primaryImageOfPage":{"@id":"https:\/\/leatai.com\/es\/product\/varias-muestras-oem\/cuaderno-de-tapa-dura-oem\/longines\/#primaryimage"},"image":{"@id":"https:\/\/leatai.com\/es\/product\/varias-muestras-oem\/cuaderno-de-tapa-dura-oem\/longines\/#primaryimage"},"thumbnailUrl":"https:\/\/leatai.com\/wp-content\/uploads\/P1360842.jpg","datePublished":"2021-08-18T07:59:08+00:00","dateModified":"2025-10-28T09:15:01+00:00","description":"Caso OEM de cuaderno de tapa dura: Longines Estilo: cuaderno de tapa dura Tama\u00f1o: tama\u00f1o personalizado Puntos destacados: Representando la m\u00e1xima expresi\u00f3n de elegancia de marca, Longines elige su cl\u00e1sico azul profundo como color principal. El dise\u00f1o en un formato estrecho y personalizado acent\u00faa a\u00fan m\u00e1s la sensaci\u00f3n de distinci\u00f3n y lujo. Un cuaderno con gran fuerza visual y alt\u00edsima identificaci\u00f3n de marca, que refleja perfectamente el esp\u00edritu refinado y exclusivo de Longines.","breadcrumb":{"@id":"https:\/\/leatai.com\/es\/product\/varias-muestras-oem\/cuaderno-de-tapa-dura-oem\/longines\/#breadcrumb"},"inLanguage":"es","potentialAction":[{"@type":"ReadAction","target":["https:\/\/leatai.com\/es\/product\/varias-muestras-oem\/cuaderno-de-tapa-dura-oem\/longines\/"]}]},{"@type":"ImageObject","inLanguage":"es","@id":"https:\/\/leatai.com\/es\/product\/varias-muestras-oem\/cuaderno-de-tapa-dura-oem\/longines\/#primaryimage","url":"https:\/\/leatai.com\/wp-content\/uploads\/P1360842.jpg","contentUrl":"https:\/\/leatai.com\/wp-content\/uploads\/P1360842.jpg","width":1000,"height":750,"caption":"Caso de colaboraci\u00f3n para recuerdos personalizados y obsequios promocionales: Longines."},{"@type":"BreadcrumbList","@id":"https:\/\/leatai.com\/es\/product\/varias-muestras-oem\/cuaderno-de-tapa-dura-oem\/longines\/#breadcrumb","itemListElement":[{"@type":"ListItem","position":1,"name":"Home","item":"https:\/\/leatai.com\/es\/"},{"@type":"ListItem","position":2,"name":"Presentaci\u00f3n de productos","item":"https:\/\/leatai.com\/products\/"},{"@type":"ListItem","position":3,"name":"Varias Muestras OEM","item":"https:\/\/leatai.com\/es\/categoria-producto\/varias-muestras-oem\/"},{"@type":"ListItem","position":4,"name":"Cuaderno de Tapa Dura OEM","item":"https:\/\/leatai.com\/es\/categoria-producto\/varias-muestras-oem\/cuaderno-de-tapa-dura-oem\/"},{"@type":"ListItem","position":5,"name":"Longines"}]},{"@type":"WebSite","@id":"https:\/\/leatai.com\/es\/#website","url":"https:\/\/leatai.com\/es\/","name":"Leatai \u2013 Fabricante de cuadernos personalizados","description":"Leatai ofrece cuadernos y planificadores personalizados para marcas y distribuidores globales.","publisher":{"@id":"https:\/\/leatai.com\/es\/#organization"},"potentialAction":[{"@type":"SearchAction","target":{"@type":"EntryPoint","urlTemplate":"https:\/\/leatai.com\/es\/?s={search_term_string}"},"query-input":{"@type":"PropertyValueSpecification","valueRequired":true,"valueName":"search_term_string"}}],"inLanguage":"es"},{"@type":"Organization","@id":"https:\/\/leatai.com\/es\/#organization","name":"Leatai Diary, customized journal and business organizer","url":"https:\/\/leatai.com\/es\/","logo":{"@type":"ImageObject","inLanguage":"es","@id":"https:\/\/leatai.com\/es\/#\/schema\/logo\/image\/","url":"https:\/\/leatai.com\/wp-content\/uploads\/logo-blue.png","contentUrl":"https:\/\/leatai.com\/wp-content\/uploads\/logo-blue.png","width":230,"height":60,"caption":"Leatai Diary, customized journal and business organizer"},"image":{"@id":"https:\/\/leatai.com\/es\/#\/schema\/logo\/image\/"}}]}},"_links":{"self":[{"href":"https:\/\/leatai.com\/es\/wp-json\/wp\/v2\/product\/175078","targetHints":{"allow":["GET"]}}],"collection":[{"href":"https:\/\/leatai.com\/es\/wp-json\/wp\/v2\/product"}],"about":[{"href":"https:\/\/leatai.com\/es\/wp-json\/wp\/v2\/types\/product"}],"wp:featuredmedia":[{"embeddable":true,"href":"https:\/\/leatai.com\/es\/wp-json\/wp\/v2\/media\/175079"}],"wp:attachment":[{"href":"https:\/\/leatai.com\/es\/wp-json\/wp\/v2\/media?parent=175078"}],"wp:term":[{"taxonomy":"product_brand","embeddable":true,"href":"https:\/\/leatai.com\/es\/wp-json\/wp\/v2\/product_brand?post=175078"},{"taxonomy":"product_cat","embeddable":true,"href":"https:\/\/leatai.com\/es\/wp-json\/wp\/v2\/product_cat?post=175078"},{"taxonomy":"product_tag","embeddable":true,"href":"https:\/\/leatai.com\/es\/wp-json\/wp\/v2\/product_tag?post=175078"},{"taxonomy":"home_works","embeddable":true,"href":"https:\/\/leatai.com\/es\/wp-json\/wp\/v2\/home_works?post=175078"}],"curies":[{"name":"wp","href":"https:\/\/api.w.org\/{rel}","templated":true}]}}