{"id":174948,"date":"2021-08-18T17:18:34","date_gmt":"2021-08-18T09:18:34","guid":{"rendered":"https:\/\/leatai.com\/product\/sin%20categor\u00eda\/designer-edition-creative-antique-book\/"},"modified":"2025-10-28T17:12:20","modified_gmt":"2025-10-28T09:12:20","slug":"designer-edition-creative-antique-book","status":"publish","type":"product","link":"https:\/\/leatai.com\/es\/product\/varias-muestras-oem\/cuaderno-de-tapa-dura-oem\/designer-edition-creative-antique-book\/","title":{"rendered":"Designer Edition \u2013 Creative Antique Book"},"content":{"rendered":"<p>Cliente: Designer Edition \u2013 Creative Antique Book<br \/>\nTama\u00f1o del caso: 25K<br \/>\nEstilo del caso: cuaderno de tapa dura con encuadernaci\u00f3n cosida a mano<br \/>\nAplicaci\u00f3n del logo: adhesivo<\/p>\n<p>Puntos destacados:<br \/>\nEste cuaderno adopta la t\u00e9cnica tradicional de encuadernaci\u00f3n cosida a mano, inspirada en los antiguos libros artesanales. Es un m\u00e9todo complejo y laborioso que rara vez se realiza en el mercado actual, ya que cada ejemplar requiere un trabajo manual minucioso. Una creaci\u00f3n apasionada que literalmente \u201cquema vida\u201d en cada puntada, reflejando dedicaci\u00f3n absoluta al arte del papel.<\/p>\n<p>&nbsp;<\/p>\n<p>\ud83d\udcd6 Tutti gli esempi personalizzati: <a href=\"https:\/\/leatai.com\/it\/tag-prodotto\/oem-it\/\" target=\"_blank\" rel=\"noopener\">Quaderno personalizzato \/ Diario commerciale personalizzato<\/a><br \/>\n\ud83d\udcd6 Per i prodotti standard di quaderni \/ diari commerciali personalizzati, fare riferimento a:<br \/>\n<a href=\"https:\/\/leatai.com\/it\/categoria-prodotto\/taccuino-personalizzato\/taccuino-con-copertina-rigida\/\" target=\"_blank\" rel=\"noopener\">Quaderno con copertina rigida \/ Diario commerciale con copertina rigida<\/a><br \/>\n<a href=\"https:\/\/leatai.com\/it\/categoria-prodotto\/taccuino-personalizzato\/taccuino-a-fogli-mobili\/\" target=\"_blank\" rel=\"noopener\">Quaderno ad anelli \/ Diario commerciale ad anelli<\/a><br \/>\n<a href=\"https:\/\/leatai.com\/it\/categoria-prodotto\/taccuino-personalizzato\/taccuino-rimovibile\/\" target=\"_blank\" rel=\"noopener\">Quaderno ad anelli con fogli estraibili \/ Diario commerciale ad anelli con fogli estraibili<\/a><br \/>\n<a href=\"https:\/\/leatai.com\/it\/categoria-prodotto\/taccuino-personalizzato\/taccuino-brossurato\/\" target=\"_blank\" rel=\"noopener\">Quaderno con copertina flessibile \/ Diario commerciale con copertina flessibile<\/a><br \/>\n<a href=\"https:\/\/leatai.com\/it\/categoria-prodotto\/taccuino-personalizzato\/taccuino-a-spirale\/\" target=\"_blank\" rel=\"noopener\">Quaderno a spirale \/ Diario commerciale a spirale<\/a><\/p>\n<p>\ud83d\udcd6 Per la guida completa alle dimensioni, fare riferimento a:<br \/>\n<a href=\"https:\/\/leatai.com\/es\/conocimiento-sobre-cuadernos\/guia-de-tamanos-de-papel-comprenda-los-tamanos-comunes-como-b3-a4-b5-8k-16k-y-mas-una-tabla-de-tamanos-completa-para-una-referencia-facil\/\" target=\"_blank\" rel=\"noopener\">Guida ai formati di carta: B3, A4, B5, 8K, 16K e altri formati comuni spiegati chiaramente con una tabella di confronto delle dimensioni!<\/a><\/p>\n","protected":false},"excerpt":{"rendered":"<p>Cliente: Designer Edition \u2013 Creative Antique Book Tama\u00f1o del caso: 25K Estilo del caso: cuaderno de tapa dura con encuadernaci\u00f3n cosida a mano Aplicaci\u00f3n del logo: adhesivo Puntos destacados: Este cuaderno adopta la t\u00e9cnica tradicional de encuadernaci\u00f3n cosida a mano, inspirada en los antiguos libros artesanales. Es un m\u00e9todo complejo y laborioso que rara vez [&hellip;]<\/p>\n","protected":false},"featured_media":174949,"template":"","meta":{"_acf_changed":false},"product_brand":[],"product_cat":[887],"product_tag":[1465],"home_works":[],"class_list":{"0":"post-174948","1":"product","2":"type-product","3":"status-publish","4":"has-post-thumbnail","6":"product_cat-cuaderno-de-tapa-dura-oem","7":"product_tag-oem-es","9":"first","10":"instock","11":"sold-individually","12":"shipping-taxable","13":"purchasable","14":"product-type-variable","15":"has-default-attributes"},"acf":[],"yoast_head":"<!-- This site is optimized with the Yoast SEO plugin v27.2 - https:\/\/yoast.com\/product\/yoast-seo-wordpress\/ -->\n<title>Designer Edition \u2013 Creative Antique Book - Hecho con la vida en cada puntada; cada ejemplar cosido a mano es \u00fanico e irrepetible. Una vez terminado, queda uno menos. - Leatai \u2013 Fabricante de cuadernos personalizados<\/title>\n<meta name=\"description\" content=\"Caso OEM de cuaderno de tapa dura: Designer Edition \u2013 Creative Antique Book Estilo: cuaderno de tapa dura con encuadernaci\u00f3n cosida a mano Tama\u00f1o: 25K Puntos destacados: Este cuaderno se inspira en las t\u00e9cnicas tradicionales de encuadernaci\u00f3n de libros antiguos, utilizando un proceso completamente artesanal de costura a mano. Debido a su alto grado de dificultad, son muy pocos quienes se atreven a realizarlo en el mercado actual. Cada ejemplar es fruto de una dedicaci\u00f3n intensa, una verdadera creaci\u00f3n que parece quemar vida en cada hilo: cuanto m\u00e1s se produce, m\u00e1s valioso se vuelve.\" \/>\n<meta name=\"robots\" content=\"index, follow, max-snippet:-1, max-image-preview:large, max-video-preview:-1\" \/>\n<link rel=\"canonical\" href=\"https:\/\/leatai.com\/es\/product\/varias-muestras-oem\/cuaderno-de-tapa-dura-oem\/designer-edition-creative-antique-book\/\" \/>\n<meta property=\"og:locale\" content=\"es_ES\" \/>\n<meta property=\"og:type\" content=\"article\" \/>\n<meta property=\"og:title\" content=\"Designer Edition \u2013 Creative Antique Book - Hecho con la vida en cada puntada; cada ejemplar cosido a mano es \u00fanico e irrepetible. Una vez terminado, queda uno menos. - Leatai \u2013 Fabricante de cuadernos personalizados\" \/>\n<meta property=\"og:description\" content=\"Caso OEM de cuaderno de tapa dura: Designer Edition \u2013 Creative Antique Book Estilo: cuaderno de tapa dura con encuadernaci\u00f3n cosida a mano Tama\u00f1o: 25K Puntos destacados: Este cuaderno se inspira en las t\u00e9cnicas tradicionales de encuadernaci\u00f3n de libros antiguos, utilizando un proceso completamente artesanal de costura a mano. Debido a su alto grado de dificultad, son muy pocos quienes se atreven a realizarlo en el mercado actual. Cada ejemplar es fruto de una dedicaci\u00f3n intensa, una verdadera creaci\u00f3n que parece quemar vida en cada hilo: cuanto m\u00e1s se produce, m\u00e1s valioso se vuelve.\" \/>\n<meta property=\"og:url\" content=\"https:\/\/leatai.com\/es\/product\/varias-muestras-oem\/cuaderno-de-tapa-dura-oem\/designer-edition-creative-antique-book\/\" \/>\n<meta property=\"og:site_name\" content=\"Leatai \u2013 Fabricante de cuadernos personalizados\" \/>\n<meta property=\"article:modified_time\" content=\"2025-10-28T09:12:20+00:00\" \/>\n<meta property=\"og:image\" content=\"https:\/\/leatai.com\/wp-content\/uploads\/1-18.jpg\" \/>\n\t<meta property=\"og:image:width\" content=\"1000\" \/>\n\t<meta property=\"og:image:height\" content=\"750\" \/>\n\t<meta property=\"og:image:type\" content=\"image\/jpeg\" \/>\n<meta name=\"twitter:card\" content=\"summary_large_image\" \/>\n<meta name=\"twitter:label1\" content=\"Tiempo de lectura\" \/>\n\t<meta name=\"twitter:data1\" content=\"2 minutos\" \/>\n<script type=\"application\/ld+json\" class=\"yoast-schema-graph\">{\"@context\":\"https:\/\/schema.org\",\"@graph\":[{\"@type\":\"WebPage\",\"@id\":\"https:\/\/leatai.com\/es\/product\/varias-muestras-oem\/cuaderno-de-tapa-dura-oem\/designer-edition-creative-antique-book\/\",\"url\":\"https:\/\/leatai.com\/es\/product\/varias-muestras-oem\/cuaderno-de-tapa-dura-oem\/designer-edition-creative-antique-book\/\",\"name\":\"Designer Edition \u2013 Creative Antique Book - Hecho con la vida en cada puntada; cada ejemplar cosido a mano es \u00fanico e irrepetible. Una vez terminado, queda uno menos. - Leatai \u2013 Fabricante de cuadernos personalizados\",\"isPartOf\":{\"@id\":\"https:\/\/leatai.com\/es\/#website\"},\"primaryImageOfPage\":{\"@id\":\"https:\/\/leatai.com\/es\/product\/varias-muestras-oem\/cuaderno-de-tapa-dura-oem\/designer-edition-creative-antique-book\/#primaryimage\"},\"image\":{\"@id\":\"https:\/\/leatai.com\/es\/product\/varias-muestras-oem\/cuaderno-de-tapa-dura-oem\/designer-edition-creative-antique-book\/#primaryimage\"},\"thumbnailUrl\":\"https:\/\/leatai.com\/wp-content\/uploads\/1-18.jpg\",\"datePublished\":\"2021-08-18T09:18:34+00:00\",\"dateModified\":\"2025-10-28T09:12:20+00:00\",\"description\":\"Caso OEM de cuaderno de tapa dura: Designer Edition \u2013 Creative Antique Book Estilo: cuaderno de tapa dura con encuadernaci\u00f3n cosida a mano Tama\u00f1o: 25K Puntos destacados: Este cuaderno se inspira en las t\u00e9cnicas tradicionales de encuadernaci\u00f3n de libros antiguos, utilizando un proceso completamente artesanal de costura a mano. Debido a su alto grado de dificultad, son muy pocos quienes se atreven a realizarlo en el mercado actual. Cada ejemplar es fruto de una dedicaci\u00f3n intensa, una verdadera creaci\u00f3n que parece quemar vida en cada hilo: cuanto m\u00e1s se produce, m\u00e1s valioso se vuelve.\",\"breadcrumb\":{\"@id\":\"https:\/\/leatai.com\/es\/product\/varias-muestras-oem\/cuaderno-de-tapa-dura-oem\/designer-edition-creative-antique-book\/#breadcrumb\"},\"inLanguage\":\"es\",\"potentialAction\":[{\"@type\":\"ReadAction\",\"target\":[\"https:\/\/leatai.com\/es\/product\/varias-muestras-oem\/cuaderno-de-tapa-dura-oem\/designer-edition-creative-antique-book\/\"]}]},{\"@type\":\"ImageObject\",\"inLanguage\":\"es\",\"@id\":\"https:\/\/leatai.com\/es\/product\/varias-muestras-oem\/cuaderno-de-tapa-dura-oem\/designer-edition-creative-antique-book\/#primaryimage\",\"url\":\"https:\/\/leatai.com\/wp-content\/uploads\/1-18.jpg\",\"contentUrl\":\"https:\/\/leatai.com\/wp-content\/uploads\/1-18.jpg\",\"width\":1000,\"height\":750,\"caption\":\"Cuaderno de tapa dura cosido a mano.\"},{\"@type\":\"BreadcrumbList\",\"@id\":\"https:\/\/leatai.com\/es\/product\/varias-muestras-oem\/cuaderno-de-tapa-dura-oem\/designer-edition-creative-antique-book\/#breadcrumb\",\"itemListElement\":[{\"@type\":\"ListItem\",\"position\":1,\"name\":\"Home\",\"item\":\"https:\/\/leatai.com\/es\/\"},{\"@type\":\"ListItem\",\"position\":2,\"name\":\"Presentaci\u00f3n de productos\",\"item\":\"https:\/\/leatai.com\/products\/\"},{\"@type\":\"ListItem\",\"position\":3,\"name\":\"Varias Muestras OEM\",\"item\":\"https:\/\/leatai.com\/es\/categoria-producto\/varias-muestras-oem\/\"},{\"@type\":\"ListItem\",\"position\":4,\"name\":\"Cuaderno de Tapa Dura OEM\",\"item\":\"https:\/\/leatai.com\/es\/categoria-producto\/varias-muestras-oem\/cuaderno-de-tapa-dura-oem\/\"},{\"@type\":\"ListItem\",\"position\":5,\"name\":\"Designer Edition \u2013 Creative Antique Book\"}]},{\"@type\":\"WebSite\",\"@id\":\"https:\/\/leatai.com\/es\/#website\",\"url\":\"https:\/\/leatai.com\/es\/\",\"name\":\"Leatai \u2013 Fabricante de cuadernos personalizados\",\"description\":\"Leatai ofrece cuadernos y planificadores personalizados para marcas y distribuidores globales.\",\"publisher\":{\"@id\":\"https:\/\/leatai.com\/es\/#organization\"},\"potentialAction\":[{\"@type\":\"SearchAction\",\"target\":{\"@type\":\"EntryPoint\",\"urlTemplate\":\"https:\/\/leatai.com\/es\/?s={search_term_string}\"},\"query-input\":{\"@type\":\"PropertyValueSpecification\",\"valueRequired\":true,\"valueName\":\"search_term_string\"}}],\"inLanguage\":\"es\"},{\"@type\":\"Organization\",\"@id\":\"https:\/\/leatai.com\/es\/#organization\",\"name\":\"Leatai Diary, customized journal and business organizer\",\"url\":\"https:\/\/leatai.com\/es\/\",\"logo\":{\"@type\":\"ImageObject\",\"inLanguage\":\"es\",\"@id\":\"https:\/\/leatai.com\/es\/#\/schema\/logo\/image\/\",\"url\":\"https:\/\/leatai.com\/wp-content\/uploads\/logo-blue.png\",\"contentUrl\":\"https:\/\/leatai.com\/wp-content\/uploads\/logo-blue.png\",\"width\":230,\"height\":60,\"caption\":\"Leatai Diary, customized journal and business organizer\"},\"image\":{\"@id\":\"https:\/\/leatai.com\/es\/#\/schema\/logo\/image\/\"}}]}<\/script>\n<!-- \/ Yoast SEO plugin. -->","yoast_head_json":{"title":"Designer Edition \u2013 Creative Antique Book - Hecho con la vida en cada puntada; cada ejemplar cosido a mano es \u00fanico e irrepetible. Una vez terminado, queda uno menos. - Leatai \u2013 Fabricante de cuadernos personalizados","description":"Caso OEM de cuaderno de tapa dura: Designer Edition \u2013 Creative Antique Book Estilo: cuaderno de tapa dura con encuadernaci\u00f3n cosida a mano Tama\u00f1o: 25K Puntos destacados: Este cuaderno se inspira en las t\u00e9cnicas tradicionales de encuadernaci\u00f3n de libros antiguos, utilizando un proceso completamente artesanal de costura a mano. Debido a su alto grado de dificultad, son muy pocos quienes se atreven a realizarlo en el mercado actual. Cada ejemplar es fruto de una dedicaci\u00f3n intensa, una verdadera creaci\u00f3n que parece quemar vida en cada hilo: cuanto m\u00e1s se produce, m\u00e1s valioso se vuelve.","robots":{"index":"index","follow":"follow","max-snippet":"max-snippet:-1","max-image-preview":"max-image-preview:large","max-video-preview":"max-video-preview:-1"},"canonical":"https:\/\/leatai.com\/es\/product\/varias-muestras-oem\/cuaderno-de-tapa-dura-oem\/designer-edition-creative-antique-book\/","og_locale":"es_ES","og_type":"article","og_title":"Designer Edition \u2013 Creative Antique Book - Hecho con la vida en cada puntada; cada ejemplar cosido a mano es \u00fanico e irrepetible. Una vez terminado, queda uno menos. - Leatai \u2013 Fabricante de cuadernos personalizados","og_description":"Caso OEM de cuaderno de tapa dura: Designer Edition \u2013 Creative Antique Book Estilo: cuaderno de tapa dura con encuadernaci\u00f3n cosida a mano Tama\u00f1o: 25K Puntos destacados: Este cuaderno se inspira en las t\u00e9cnicas tradicionales de encuadernaci\u00f3n de libros antiguos, utilizando un proceso completamente artesanal de costura a mano. Debido a su alto grado de dificultad, son muy pocos quienes se atreven a realizarlo en el mercado actual. Cada ejemplar es fruto de una dedicaci\u00f3n intensa, una verdadera creaci\u00f3n que parece quemar vida en cada hilo: cuanto m\u00e1s se produce, m\u00e1s valioso se vuelve.","og_url":"https:\/\/leatai.com\/es\/product\/varias-muestras-oem\/cuaderno-de-tapa-dura-oem\/designer-edition-creative-antique-book\/","og_site_name":"Leatai \u2013 Fabricante de cuadernos personalizados","article_modified_time":"2025-10-28T09:12:20+00:00","og_image":[{"width":1000,"height":750,"url":"https:\/\/leatai.com\/wp-content\/uploads\/1-18.jpg","type":"image\/jpeg"}],"twitter_card":"summary_large_image","twitter_misc":{"Tiempo de lectura":"2 minutos"},"schema":{"@context":"https:\/\/schema.org","@graph":[{"@type":"WebPage","@id":"https:\/\/leatai.com\/es\/product\/varias-muestras-oem\/cuaderno-de-tapa-dura-oem\/designer-edition-creative-antique-book\/","url":"https:\/\/leatai.com\/es\/product\/varias-muestras-oem\/cuaderno-de-tapa-dura-oem\/designer-edition-creative-antique-book\/","name":"Designer Edition \u2013 Creative Antique Book - Hecho con la vida en cada puntada; cada ejemplar cosido a mano es \u00fanico e irrepetible. Una vez terminado, queda uno menos. - Leatai \u2013 Fabricante de cuadernos personalizados","isPartOf":{"@id":"https:\/\/leatai.com\/es\/#website"},"primaryImageOfPage":{"@id":"https:\/\/leatai.com\/es\/product\/varias-muestras-oem\/cuaderno-de-tapa-dura-oem\/designer-edition-creative-antique-book\/#primaryimage"},"image":{"@id":"https:\/\/leatai.com\/es\/product\/varias-muestras-oem\/cuaderno-de-tapa-dura-oem\/designer-edition-creative-antique-book\/#primaryimage"},"thumbnailUrl":"https:\/\/leatai.com\/wp-content\/uploads\/1-18.jpg","datePublished":"2021-08-18T09:18:34+00:00","dateModified":"2025-10-28T09:12:20+00:00","description":"Caso OEM de cuaderno de tapa dura: Designer Edition \u2013 Creative Antique Book Estilo: cuaderno de tapa dura con encuadernaci\u00f3n cosida a mano Tama\u00f1o: 25K Puntos destacados: Este cuaderno se inspira en las t\u00e9cnicas tradicionales de encuadernaci\u00f3n de libros antiguos, utilizando un proceso completamente artesanal de costura a mano. Debido a su alto grado de dificultad, son muy pocos quienes se atreven a realizarlo en el mercado actual. Cada ejemplar es fruto de una dedicaci\u00f3n intensa, una verdadera creaci\u00f3n que parece quemar vida en cada hilo: cuanto m\u00e1s se produce, m\u00e1s valioso se vuelve.","breadcrumb":{"@id":"https:\/\/leatai.com\/es\/product\/varias-muestras-oem\/cuaderno-de-tapa-dura-oem\/designer-edition-creative-antique-book\/#breadcrumb"},"inLanguage":"es","potentialAction":[{"@type":"ReadAction","target":["https:\/\/leatai.com\/es\/product\/varias-muestras-oem\/cuaderno-de-tapa-dura-oem\/designer-edition-creative-antique-book\/"]}]},{"@type":"ImageObject","inLanguage":"es","@id":"https:\/\/leatai.com\/es\/product\/varias-muestras-oem\/cuaderno-de-tapa-dura-oem\/designer-edition-creative-antique-book\/#primaryimage","url":"https:\/\/leatai.com\/wp-content\/uploads\/1-18.jpg","contentUrl":"https:\/\/leatai.com\/wp-content\/uploads\/1-18.jpg","width":1000,"height":750,"caption":"Cuaderno de tapa dura cosido a mano."},{"@type":"BreadcrumbList","@id":"https:\/\/leatai.com\/es\/product\/varias-muestras-oem\/cuaderno-de-tapa-dura-oem\/designer-edition-creative-antique-book\/#breadcrumb","itemListElement":[{"@type":"ListItem","position":1,"name":"Home","item":"https:\/\/leatai.com\/es\/"},{"@type":"ListItem","position":2,"name":"Presentaci\u00f3n de productos","item":"https:\/\/leatai.com\/products\/"},{"@type":"ListItem","position":3,"name":"Varias Muestras OEM","item":"https:\/\/leatai.com\/es\/categoria-producto\/varias-muestras-oem\/"},{"@type":"ListItem","position":4,"name":"Cuaderno de Tapa Dura OEM","item":"https:\/\/leatai.com\/es\/categoria-producto\/varias-muestras-oem\/cuaderno-de-tapa-dura-oem\/"},{"@type":"ListItem","position":5,"name":"Designer Edition \u2013 Creative Antique Book"}]},{"@type":"WebSite","@id":"https:\/\/leatai.com\/es\/#website","url":"https:\/\/leatai.com\/es\/","name":"Leatai \u2013 Fabricante de cuadernos personalizados","description":"Leatai ofrece cuadernos y planificadores personalizados para marcas y distribuidores globales.","publisher":{"@id":"https:\/\/leatai.com\/es\/#organization"},"potentialAction":[{"@type":"SearchAction","target":{"@type":"EntryPoint","urlTemplate":"https:\/\/leatai.com\/es\/?s={search_term_string}"},"query-input":{"@type":"PropertyValueSpecification","valueRequired":true,"valueName":"search_term_string"}}],"inLanguage":"es"},{"@type":"Organization","@id":"https:\/\/leatai.com\/es\/#organization","name":"Leatai Diary, customized journal and business organizer","url":"https:\/\/leatai.com\/es\/","logo":{"@type":"ImageObject","inLanguage":"es","@id":"https:\/\/leatai.com\/es\/#\/schema\/logo\/image\/","url":"https:\/\/leatai.com\/wp-content\/uploads\/logo-blue.png","contentUrl":"https:\/\/leatai.com\/wp-content\/uploads\/logo-blue.png","width":230,"height":60,"caption":"Leatai Diary, customized journal and business organizer"},"image":{"@id":"https:\/\/leatai.com\/es\/#\/schema\/logo\/image\/"}}]}},"_links":{"self":[{"href":"https:\/\/leatai.com\/es\/wp-json\/wp\/v2\/product\/174948","targetHints":{"allow":["GET"]}}],"collection":[{"href":"https:\/\/leatai.com\/es\/wp-json\/wp\/v2\/product"}],"about":[{"href":"https:\/\/leatai.com\/es\/wp-json\/wp\/v2\/types\/product"}],"wp:featuredmedia":[{"embeddable":true,"href":"https:\/\/leatai.com\/es\/wp-json\/wp\/v2\/media\/174949"}],"wp:attachment":[{"href":"https:\/\/leatai.com\/es\/wp-json\/wp\/v2\/media?parent=174948"}],"wp:term":[{"taxonomy":"product_brand","embeddable":true,"href":"https:\/\/leatai.com\/es\/wp-json\/wp\/v2\/product_brand?post=174948"},{"taxonomy":"product_cat","embeddable":true,"href":"https:\/\/leatai.com\/es\/wp-json\/wp\/v2\/product_cat?post=174948"},{"taxonomy":"product_tag","embeddable":true,"href":"https:\/\/leatai.com\/es\/wp-json\/wp\/v2\/product_tag?post=174948"},{"taxonomy":"home_works","embeddable":true,"href":"https:\/\/leatai.com\/es\/wp-json\/wp\/v2\/home_works?post=174948"}],"curies":[{"name":"wp","href":"https:\/\/api.w.org\/{rel}","templated":true}]}}