{"id":174048,"date":"2024-08-22T15:17:39","date_gmt":"2024-08-22T07:17:39","guid":{"rendered":"https:\/\/leatai.com\/product\/sin%20categor\u00eda\/lixil-group-2023\/"},"modified":"2025-10-29T11:12:28","modified_gmt":"2025-10-29T03:12:28","slug":"lixil-group-2023","status":"publish","type":"product","link":"https:\/\/leatai.com\/es\/product\/varias-muestras-oem\/cuaderno-de-tapa-dura-oem\/lixil-group-2023\/","title":{"rendered":"LIXIL Group 2023"},"content":{"rendered":"<p>Cliente: LIXIL Group 2023<br \/>\nTama\u00f1o del caso: 25K<br \/>\nEstilo del caso: cuaderno de tapa dura<br \/>\nAplicaci\u00f3n del logo: estampado plateado y grabado en caliente<\/p>\n<p>Puntos destacados:<br \/>\nComo uno de los principales grupos de materiales de construcci\u00f3n de Jap\u00f3n, LIXIL demuestra su atenci\u00f3n al detalle con este refinado cuaderno de tapa dura. Adem\u00e1s, la incorporaci\u00f3n de una caja personalizada a\u00f1ade un toque de ceremonia y cuidado, elevando la experiencia de entrega y mostrando una dedicaci\u00f3n que va m\u00e1s all\u00e1 de lo funcional.<\/p>\n<p>&nbsp;<\/p>\n<p>\ud83d\udcd6 Tutti gli esempi personalizzati: <a href=\"https:\/\/leatai.com\/it\/tag-prodotto\/oem-it\/\" target=\"_blank\" rel=\"noopener\">Quaderno personalizzato \/ Diario commerciale personalizzato<\/a><br \/>\n\ud83d\udcd6 Per i prodotti standard di quaderni \/ diari commerciali personalizzati, fare riferimento a:<br \/>\n<a href=\"https:\/\/leatai.com\/it\/categoria-prodotto\/taccuino-personalizzato\/taccuino-con-copertina-rigida\/\" target=\"_blank\" rel=\"noopener\">Quaderno con copertina rigida \/ Diario commerciale con copertina rigida<\/a><br \/>\n<a href=\"https:\/\/leatai.com\/it\/categoria-prodotto\/taccuino-personalizzato\/taccuino-a-fogli-mobili\/\" target=\"_blank\" rel=\"noopener\">Quaderno ad anelli \/ Diario commerciale ad anelli<\/a><br \/>\n<a href=\"https:\/\/leatai.com\/it\/categoria-prodotto\/taccuino-personalizzato\/taccuino-rimovibile\/\" target=\"_blank\" rel=\"noopener\">Quaderno ad anelli con fogli estraibili \/ Diario commerciale ad anelli con fogli estraibili<\/a><br \/>\n<a href=\"https:\/\/leatai.com\/it\/categoria-prodotto\/taccuino-personalizzato\/taccuino-brossurato\/\" target=\"_blank\" rel=\"noopener\">Quaderno con copertina flessibile \/ Diario commerciale con copertina flessibile<\/a><br \/>\n<a href=\"https:\/\/leatai.com\/it\/categoria-prodotto\/taccuino-personalizzato\/taccuino-a-spirale\/\" target=\"_blank\" rel=\"noopener\">Quaderno a spirale \/ Diario commerciale a spirale<\/a><\/p>\n<p>\ud83d\udcd6 Per la guida completa alle dimensioni, fare riferimento a:<br \/>\n<a href=\"https:\/\/leatai.com\/es\/conocimiento-sobre-cuadernos\/guia-de-tamanos-de-papel-comprenda-los-tamanos-comunes-como-b3-a4-b5-8k-16k-y-mas-una-tabla-de-tamanos-completa-para-una-referencia-facil\/\" target=\"_blank\" rel=\"noopener\">Guida ai formati di carta: B3, A4, B5, 8K, 16K e altri formati comuni spiegati chiaramente con una tabella di confronto delle dimensioni!<\/a><\/p>\n","protected":false},"excerpt":{"rendered":"<p>Cliente: LIXIL Group 2023 Tama\u00f1o del caso: 25K Estilo del caso: cuaderno de tapa dura Aplicaci\u00f3n del logo: estampado plateado y grabado en caliente Puntos destacados: Como uno de los principales grupos de materiales de construcci\u00f3n de Jap\u00f3n, LIXIL demuestra su atenci\u00f3n al detalle con este refinado cuaderno de tapa dura. Adem\u00e1s, la incorporaci\u00f3n de [&hellip;]<\/p>\n","protected":false},"featured_media":78065,"template":"","meta":{"_acf_changed":false},"product_brand":[],"product_cat":[887],"product_tag":[1465],"home_works":[],"class_list":{"0":"post-174048","1":"product","2":"type-product","3":"status-publish","4":"has-post-thumbnail","6":"product_cat-cuaderno-de-tapa-dura-oem","7":"product_tag-oem-es","9":"first","10":"instock","11":"sold-individually","12":"shipping-taxable","13":"purchasable","14":"product-type-variable","15":"has-default-attributes"},"acf":[],"yoast_head":"<!-- This site is optimized with the Yoast SEO plugin v27.2 - https:\/\/yoast.com\/product\/yoast-seo-wordpress\/ -->\n<title>LIXIL Group 2023 - Leatai \u2013 Fabricante de cuadernos personalizados<\/title>\n<meta name=\"description\" content=\"Cliente: LIXIL Group 2023 Tama\u00f1o del caso: 25K Estilo del caso: cuaderno de tapa dura Aplicaci\u00f3n del logo: estampado plateado y grabado en caliente Puntos destacados: Como uno de los principales grupos de materiales de construcci\u00f3n de Jap\u00f3n, LIXIL no solo presenta un cuaderno de tapa dura finamente elaborado, sino que tambi\u00e9n lo acompa\u00f1a con una caja personalizada. Esta presentaci\u00f3n a\u00f1ade un toque de ceremonia al conjunto, transmitiendo una mayor atenci\u00f3n al detalle y reforzando la percepci\u00f3n de calidad y cuidado que caracteriza a la marca.\" \/>\n<meta name=\"robots\" content=\"index, follow, max-snippet:-1, max-image-preview:large, max-video-preview:-1\" \/>\n<link rel=\"canonical\" href=\"https:\/\/leatai.com\/es\/product\/varias-muestras-oem\/cuaderno-de-tapa-dura-oem\/lixil-group-2023\/\" \/>\n<meta property=\"og:locale\" content=\"es_ES\" \/>\n<meta property=\"og:type\" content=\"article\" \/>\n<meta property=\"og:title\" content=\"LIXIL Group 2023 - Leatai \u2013 Fabricante de cuadernos personalizados\" \/>\n<meta property=\"og:description\" content=\"Cliente: LIXIL Group 2023 Tama\u00f1o del caso: 25K Estilo del caso: cuaderno de tapa dura Aplicaci\u00f3n del logo: estampado plateado y grabado en caliente Puntos destacados: Como uno de los principales grupos de materiales de construcci\u00f3n de Jap\u00f3n, LIXIL no solo presenta un cuaderno de tapa dura finamente elaborado, sino que tambi\u00e9n lo acompa\u00f1a con una caja personalizada. Esta presentaci\u00f3n a\u00f1ade un toque de ceremonia al conjunto, transmitiendo una mayor atenci\u00f3n al detalle y reforzando la percepci\u00f3n de calidad y cuidado que caracteriza a la marca.\" \/>\n<meta property=\"og:url\" content=\"https:\/\/leatai.com\/es\/product\/varias-muestras-oem\/cuaderno-de-tapa-dura-oem\/lixil-group-2023\/\" \/>\n<meta property=\"og:site_name\" content=\"Leatai \u2013 Fabricante de cuadernos personalizados\" \/>\n<meta property=\"article:modified_time\" content=\"2025-10-29T03:12:28+00:00\" \/>\n<meta property=\"og:image\" content=\"https:\/\/leatai.com\/wp-content\/uploads\/DSC_0350.jpg\" \/>\n\t<meta property=\"og:image:width\" content=\"1000\" \/>\n\t<meta property=\"og:image:height\" content=\"750\" \/>\n\t<meta property=\"og:image:type\" content=\"image\/jpeg\" \/>\n<meta name=\"twitter:card\" content=\"summary_large_image\" \/>\n<meta name=\"twitter:label1\" content=\"Tiempo de lectura\" \/>\n\t<meta name=\"twitter:data1\" content=\"2 minutos\" \/>\n<script type=\"application\/ld+json\" class=\"yoast-schema-graph\">{\"@context\":\"https:\/\/schema.org\",\"@graph\":[{\"@type\":\"WebPage\",\"@id\":\"https:\/\/leatai.com\/es\/product\/varias-muestras-oem\/cuaderno-de-tapa-dura-oem\/lixil-group-2023\/\",\"url\":\"https:\/\/leatai.com\/es\/product\/varias-muestras-oem\/cuaderno-de-tapa-dura-oem\/lixil-group-2023\/\",\"name\":\"LIXIL Group 2023 - Leatai \u2013 Fabricante de cuadernos personalizados\",\"isPartOf\":{\"@id\":\"https:\/\/leatai.com\/es\/#website\"},\"primaryImageOfPage\":{\"@id\":\"https:\/\/leatai.com\/es\/product\/varias-muestras-oem\/cuaderno-de-tapa-dura-oem\/lixil-group-2023\/#primaryimage\"},\"image\":{\"@id\":\"https:\/\/leatai.com\/es\/product\/varias-muestras-oem\/cuaderno-de-tapa-dura-oem\/lixil-group-2023\/#primaryimage\"},\"thumbnailUrl\":\"https:\/\/leatai.com\/wp-content\/uploads\/DSC_0350.jpg\",\"datePublished\":\"2024-08-22T07:17:39+00:00\",\"dateModified\":\"2025-10-29T03:12:28+00:00\",\"description\":\"Cliente: LIXIL Group 2023 Tama\u00f1o del caso: 25K Estilo del caso: cuaderno de tapa dura Aplicaci\u00f3n del logo: estampado plateado y grabado en caliente Puntos destacados: Como uno de los principales grupos de materiales de construcci\u00f3n de Jap\u00f3n, LIXIL no solo presenta un cuaderno de tapa dura finamente elaborado, sino que tambi\u00e9n lo acompa\u00f1a con una caja personalizada. Esta presentaci\u00f3n a\u00f1ade un toque de ceremonia al conjunto, transmitiendo una mayor atenci\u00f3n al detalle y reforzando la percepci\u00f3n de calidad y cuidado que caracteriza a la marca.\",\"breadcrumb\":{\"@id\":\"https:\/\/leatai.com\/es\/product\/varias-muestras-oem\/cuaderno-de-tapa-dura-oem\/lixil-group-2023\/#breadcrumb\"},\"inLanguage\":\"es\",\"potentialAction\":[{\"@type\":\"ReadAction\",\"target\":[\"https:\/\/leatai.com\/es\/product\/varias-muestras-oem\/cuaderno-de-tapa-dura-oem\/lixil-group-2023\/\"]}]},{\"@type\":\"ImageObject\",\"inLanguage\":\"es\",\"@id\":\"https:\/\/leatai.com\/es\/product\/varias-muestras-oem\/cuaderno-de-tapa-dura-oem\/lixil-group-2023\/#primaryimage\",\"url\":\"https:\/\/leatai.com\/wp-content\/uploads\/DSC_0350.jpg\",\"contentUrl\":\"https:\/\/leatai.com\/wp-content\/uploads\/DSC_0350.jpg\",\"width\":1000,\"height\":750},{\"@type\":\"BreadcrumbList\",\"@id\":\"https:\/\/leatai.com\/es\/product\/varias-muestras-oem\/cuaderno-de-tapa-dura-oem\/lixil-group-2023\/#breadcrumb\",\"itemListElement\":[{\"@type\":\"ListItem\",\"position\":1,\"name\":\"Home\",\"item\":\"https:\/\/leatai.com\/es\/\"},{\"@type\":\"ListItem\",\"position\":2,\"name\":\"Presentaci\u00f3n de productos\",\"item\":\"https:\/\/leatai.com\/products\/\"},{\"@type\":\"ListItem\",\"position\":3,\"name\":\"Varias Muestras OEM\",\"item\":\"https:\/\/leatai.com\/es\/categoria-producto\/varias-muestras-oem\/\"},{\"@type\":\"ListItem\",\"position\":4,\"name\":\"Cuaderno de Tapa Dura OEM\",\"item\":\"https:\/\/leatai.com\/es\/categoria-producto\/varias-muestras-oem\/cuaderno-de-tapa-dura-oem\/\"},{\"@type\":\"ListItem\",\"position\":5,\"name\":\"LIXIL Group 2023\"}]},{\"@type\":\"WebSite\",\"@id\":\"https:\/\/leatai.com\/es\/#website\",\"url\":\"https:\/\/leatai.com\/es\/\",\"name\":\"Leatai \u2013 Fabricante de cuadernos personalizados\",\"description\":\"Leatai ofrece cuadernos y planificadores personalizados para marcas y distribuidores globales.\",\"publisher\":{\"@id\":\"https:\/\/leatai.com\/es\/#organization\"},\"potentialAction\":[{\"@type\":\"SearchAction\",\"target\":{\"@type\":\"EntryPoint\",\"urlTemplate\":\"https:\/\/leatai.com\/es\/?s={search_term_string}\"},\"query-input\":{\"@type\":\"PropertyValueSpecification\",\"valueRequired\":true,\"valueName\":\"search_term_string\"}}],\"inLanguage\":\"es\"},{\"@type\":\"Organization\",\"@id\":\"https:\/\/leatai.com\/es\/#organization\",\"name\":\"Leatai Diary, customized journal and business organizer\",\"url\":\"https:\/\/leatai.com\/es\/\",\"logo\":{\"@type\":\"ImageObject\",\"inLanguage\":\"es\",\"@id\":\"https:\/\/leatai.com\/es\/#\/schema\/logo\/image\/\",\"url\":\"https:\/\/leatai.com\/wp-content\/uploads\/logo-blue.png\",\"contentUrl\":\"https:\/\/leatai.com\/wp-content\/uploads\/logo-blue.png\",\"width\":230,\"height\":60,\"caption\":\"Leatai Diary, customized journal and business organizer\"},\"image\":{\"@id\":\"https:\/\/leatai.com\/es\/#\/schema\/logo\/image\/\"},\"telephone\":\"+886-2-8227-8800\",\"legalName\":\"Leatai Stationary Co., Ltd.\",\"description\":\"A leading notebook factory in Taiwan offering bespoke branding, high-quality binding, and premium paper selections for corporate gifts and stationery wholesale.\",\"address\":{\"@type\":\"PostalAddress\",\"streetAddress\":\"11F., No. 168, Jiankang Rd.\",\"addressLocality\":\"Zhonghe Dist.\",\"addressRegion\":\"New Taipei City\",\"postalCode\":\"235\",\"addressCountry\":\"TW\"},\"contactPoint\":{\"@type\":\"ContactPoint\",\"telephone\":\"+886-2-8227-8800\",\"contactType\":\"sales\",\"areaServed\":\"Worldwide\",\"availableLanguage\":[\"zh-TW\",\"en\"]}}]}<\/script>\n<!-- \/ Yoast SEO plugin. -->","yoast_head_json":{"title":"LIXIL Group 2023 - Leatai \u2013 Fabricante de cuadernos personalizados","description":"Cliente: LIXIL Group 2023 Tama\u00f1o del caso: 25K Estilo del caso: cuaderno de tapa dura Aplicaci\u00f3n del logo: estampado plateado y grabado en caliente Puntos destacados: Como uno de los principales grupos de materiales de construcci\u00f3n de Jap\u00f3n, LIXIL no solo presenta un cuaderno de tapa dura finamente elaborado, sino que tambi\u00e9n lo acompa\u00f1a con una caja personalizada. Esta presentaci\u00f3n a\u00f1ade un toque de ceremonia al conjunto, transmitiendo una mayor atenci\u00f3n al detalle y reforzando la percepci\u00f3n de calidad y cuidado que caracteriza a la marca.","robots":{"index":"index","follow":"follow","max-snippet":"max-snippet:-1","max-image-preview":"max-image-preview:large","max-video-preview":"max-video-preview:-1"},"canonical":"https:\/\/leatai.com\/es\/product\/varias-muestras-oem\/cuaderno-de-tapa-dura-oem\/lixil-group-2023\/","og_locale":"es_ES","og_type":"article","og_title":"LIXIL Group 2023 - Leatai \u2013 Fabricante de cuadernos personalizados","og_description":"Cliente: LIXIL Group 2023 Tama\u00f1o del caso: 25K Estilo del caso: cuaderno de tapa dura Aplicaci\u00f3n del logo: estampado plateado y grabado en caliente Puntos destacados: Como uno de los principales grupos de materiales de construcci\u00f3n de Jap\u00f3n, LIXIL no solo presenta un cuaderno de tapa dura finamente elaborado, sino que tambi\u00e9n lo acompa\u00f1a con una caja personalizada. Esta presentaci\u00f3n a\u00f1ade un toque de ceremonia al conjunto, transmitiendo una mayor atenci\u00f3n al detalle y reforzando la percepci\u00f3n de calidad y cuidado que caracteriza a la marca.","og_url":"https:\/\/leatai.com\/es\/product\/varias-muestras-oem\/cuaderno-de-tapa-dura-oem\/lixil-group-2023\/","og_site_name":"Leatai \u2013 Fabricante de cuadernos personalizados","article_modified_time":"2025-10-29T03:12:28+00:00","og_image":[{"width":1000,"height":750,"url":"https:\/\/leatai.com\/wp-content\/uploads\/DSC_0350.jpg","type":"image\/jpeg"}],"twitter_card":"summary_large_image","twitter_misc":{"Tiempo de lectura":"2 minutos"},"schema":{"@context":"https:\/\/schema.org","@graph":[{"@type":"WebPage","@id":"https:\/\/leatai.com\/es\/product\/varias-muestras-oem\/cuaderno-de-tapa-dura-oem\/lixil-group-2023\/","url":"https:\/\/leatai.com\/es\/product\/varias-muestras-oem\/cuaderno-de-tapa-dura-oem\/lixil-group-2023\/","name":"LIXIL Group 2023 - Leatai \u2013 Fabricante de cuadernos personalizados","isPartOf":{"@id":"https:\/\/leatai.com\/es\/#website"},"primaryImageOfPage":{"@id":"https:\/\/leatai.com\/es\/product\/varias-muestras-oem\/cuaderno-de-tapa-dura-oem\/lixil-group-2023\/#primaryimage"},"image":{"@id":"https:\/\/leatai.com\/es\/product\/varias-muestras-oem\/cuaderno-de-tapa-dura-oem\/lixil-group-2023\/#primaryimage"},"thumbnailUrl":"https:\/\/leatai.com\/wp-content\/uploads\/DSC_0350.jpg","datePublished":"2024-08-22T07:17:39+00:00","dateModified":"2025-10-29T03:12:28+00:00","description":"Cliente: LIXIL Group 2023 Tama\u00f1o del caso: 25K Estilo del caso: cuaderno de tapa dura Aplicaci\u00f3n del logo: estampado plateado y grabado en caliente Puntos destacados: Como uno de los principales grupos de materiales de construcci\u00f3n de Jap\u00f3n, LIXIL no solo presenta un cuaderno de tapa dura finamente elaborado, sino que tambi\u00e9n lo acompa\u00f1a con una caja personalizada. Esta presentaci\u00f3n a\u00f1ade un toque de ceremonia al conjunto, transmitiendo una mayor atenci\u00f3n al detalle y reforzando la percepci\u00f3n de calidad y cuidado que caracteriza a la marca.","breadcrumb":{"@id":"https:\/\/leatai.com\/es\/product\/varias-muestras-oem\/cuaderno-de-tapa-dura-oem\/lixil-group-2023\/#breadcrumb"},"inLanguage":"es","potentialAction":[{"@type":"ReadAction","target":["https:\/\/leatai.com\/es\/product\/varias-muestras-oem\/cuaderno-de-tapa-dura-oem\/lixil-group-2023\/"]}]},{"@type":"ImageObject","inLanguage":"es","@id":"https:\/\/leatai.com\/es\/product\/varias-muestras-oem\/cuaderno-de-tapa-dura-oem\/lixil-group-2023\/#primaryimage","url":"https:\/\/leatai.com\/wp-content\/uploads\/DSC_0350.jpg","contentUrl":"https:\/\/leatai.com\/wp-content\/uploads\/DSC_0350.jpg","width":1000,"height":750},{"@type":"BreadcrumbList","@id":"https:\/\/leatai.com\/es\/product\/varias-muestras-oem\/cuaderno-de-tapa-dura-oem\/lixil-group-2023\/#breadcrumb","itemListElement":[{"@type":"ListItem","position":1,"name":"Home","item":"https:\/\/leatai.com\/es\/"},{"@type":"ListItem","position":2,"name":"Presentaci\u00f3n de productos","item":"https:\/\/leatai.com\/products\/"},{"@type":"ListItem","position":3,"name":"Varias Muestras OEM","item":"https:\/\/leatai.com\/es\/categoria-producto\/varias-muestras-oem\/"},{"@type":"ListItem","position":4,"name":"Cuaderno de Tapa Dura OEM","item":"https:\/\/leatai.com\/es\/categoria-producto\/varias-muestras-oem\/cuaderno-de-tapa-dura-oem\/"},{"@type":"ListItem","position":5,"name":"LIXIL Group 2023"}]},{"@type":"WebSite","@id":"https:\/\/leatai.com\/es\/#website","url":"https:\/\/leatai.com\/es\/","name":"Leatai \u2013 Fabricante de cuadernos personalizados","description":"Leatai ofrece cuadernos y planificadores personalizados para marcas y distribuidores globales.","publisher":{"@id":"https:\/\/leatai.com\/es\/#organization"},"potentialAction":[{"@type":"SearchAction","target":{"@type":"EntryPoint","urlTemplate":"https:\/\/leatai.com\/es\/?s={search_term_string}"},"query-input":{"@type":"PropertyValueSpecification","valueRequired":true,"valueName":"search_term_string"}}],"inLanguage":"es"},{"@type":"Organization","@id":"https:\/\/leatai.com\/es\/#organization","name":"Leatai Diary, customized journal and business organizer","url":"https:\/\/leatai.com\/es\/","logo":{"@type":"ImageObject","inLanguage":"es","@id":"https:\/\/leatai.com\/es\/#\/schema\/logo\/image\/","url":"https:\/\/leatai.com\/wp-content\/uploads\/logo-blue.png","contentUrl":"https:\/\/leatai.com\/wp-content\/uploads\/logo-blue.png","width":230,"height":60,"caption":"Leatai Diary, customized journal and business organizer"},"image":{"@id":"https:\/\/leatai.com\/es\/#\/schema\/logo\/image\/"},"telephone":"+886-2-8227-8800","legalName":"Leatai Stationary Co., Ltd.","description":"A leading notebook factory in Taiwan offering bespoke branding, high-quality binding, and premium paper selections for corporate gifts and stationery wholesale.","address":{"@type":"PostalAddress","streetAddress":"11F., No. 168, Jiankang Rd.","addressLocality":"Zhonghe Dist.","addressRegion":"New Taipei City","postalCode":"235","addressCountry":"TW"},"contactPoint":{"@type":"ContactPoint","telephone":"+886-2-8227-8800","contactType":"sales","areaServed":"Worldwide","availableLanguage":["zh-TW","en"]}}]}},"_links":{"self":[{"href":"https:\/\/leatai.com\/es\/wp-json\/wp\/v2\/product\/174048","targetHints":{"allow":["GET"]}}],"collection":[{"href":"https:\/\/leatai.com\/es\/wp-json\/wp\/v2\/product"}],"about":[{"href":"https:\/\/leatai.com\/es\/wp-json\/wp\/v2\/types\/product"}],"wp:featuredmedia":[{"embeddable":true,"href":"https:\/\/leatai.com\/es\/wp-json\/wp\/v2\/media\/78065"}],"wp:attachment":[{"href":"https:\/\/leatai.com\/es\/wp-json\/wp\/v2\/media?parent=174048"}],"wp:term":[{"taxonomy":"product_brand","embeddable":true,"href":"https:\/\/leatai.com\/es\/wp-json\/wp\/v2\/product_brand?post=174048"},{"taxonomy":"product_cat","embeddable":true,"href":"https:\/\/leatai.com\/es\/wp-json\/wp\/v2\/product_cat?post=174048"},{"taxonomy":"product_tag","embeddable":true,"href":"https:\/\/leatai.com\/es\/wp-json\/wp\/v2\/product_tag?post=174048"},{"taxonomy":"home_works","embeddable":true,"href":"https:\/\/leatai.com\/es\/wp-json\/wp\/v2\/home_works?post=174048"}],"curies":[{"name":"wp","href":"https:\/\/api.w.org\/{rel}","templated":true}]}}