{"id":172375,"date":"2021-08-17T20:41:29","date_gmt":"2021-08-17T12:41:29","guid":{"rendered":"https:\/\/leatai.com\/product\/sin%20categor\u00eda\/juluen-enterprise\/"},"modified":"2025-10-27T14:51:56","modified_gmt":"2025-10-27T06:51:56","slug":"juluen-enterprise","status":"publish","type":"product","link":"https:\/\/leatai.com\/es\/product\/varias-muestras-oem\/cuaderno-de-hojas-sueltas-oem\/juluen-enterprise\/","title":{"rendered":"Juluen Enterprise"},"content":{"rendered":"<p>Cliente: Juluen Enterprise<br \/>\nTama\u00f1o del caso: 25K<br \/>\nEstilo del caso: cuaderno de anillas<br \/>\nAplicaci\u00f3n del logo: grabado en caliente<\/p>\n<p>Puntos destacados:<br \/>\nEn el proceso de crecimiento empresarial, la presentaci\u00f3n de los colores de marca es un arte clave. Juluen combina el gris y el verde, generando una est\u00e9tica contrastante que transmite una belleza inesperada. Una propuesta visual que vale la pena estudiar y aprender.<\/p>\n<p>&nbsp;<\/p>\n<p>\ud83d\udcd6 Tutti gli esempi personalizzati: <a href=\"https:\/\/leatai.com\/it\/tag-prodotto\/oem-it\/\" target=\"_blank\" rel=\"noopener\">Quaderno personalizzato \/ Diario commerciale personalizzato<\/a><br \/>\n\ud83d\udcd6 Per i prodotti standard di quaderni \/ diari commerciali personalizzati, fare riferimento a:<br \/>\n<a href=\"https:\/\/leatai.com\/it\/categoria-prodotto\/taccuino-personalizzato\/taccuino-con-copertina-rigida\/\" target=\"_blank\" rel=\"noopener\">Quaderno con copertina rigida \/ Diario commerciale con copertina rigida<\/a><br \/>\n<a href=\"https:\/\/leatai.com\/it\/categoria-prodotto\/taccuino-personalizzato\/taccuino-a-fogli-mobili\/\" target=\"_blank\" rel=\"noopener\">Quaderno ad anelli \/ Diario commerciale ad anelli<\/a><br \/>\n<a href=\"https:\/\/leatai.com\/it\/categoria-prodotto\/taccuino-personalizzato\/taccuino-rimovibile\/\" target=\"_blank\" rel=\"noopener\">Quaderno ad anelli con fogli estraibili \/ Diario commerciale ad anelli con fogli estraibili<\/a><br \/>\n<a href=\"https:\/\/leatai.com\/it\/categoria-prodotto\/taccuino-personalizzato\/taccuino-brossurato\/\" target=\"_blank\" rel=\"noopener\">Quaderno con copertina flessibile \/ Diario commerciale con copertina flessibile<\/a><br \/>\n<a href=\"https:\/\/leatai.com\/it\/categoria-prodotto\/taccuino-personalizzato\/taccuino-a-spirale\/\" target=\"_blank\" rel=\"noopener\">Quaderno a spirale \/ Diario commerciale a spirale<\/a><\/p>\n<p>\ud83d\udcd6 Per la guida completa alle dimensioni, fare riferimento a:<br \/>\n<a href=\"https:\/\/leatai.com\/es\/conocimiento-sobre-cuadernos\/guia-de-tamanos-de-papel-comprenda-los-tamanos-comunes-como-b3-a4-b5-8k-16k-y-mas-una-tabla-de-tamanos-completa-para-una-referencia-facil\/\" target=\"_blank\" rel=\"noopener\">Guida ai formati di carta: B3, A4, B5, 8K, 16K e altri formati comuni spiegati chiaramente con una tabella di confronto delle dimensioni!<\/a><\/p>\n","protected":false},"excerpt":{"rendered":"<p>Cliente: Juluen Enterprise Tama\u00f1o del caso: 25K Estilo del caso: cuaderno de anillas Aplicaci\u00f3n del logo: grabado en caliente Puntos destacados: En el proceso de crecimiento empresarial, la presentaci\u00f3n de los colores de marca es un arte clave. Juluen combina el gris y el verde, generando una est\u00e9tica contrastante que transmite una belleza inesperada. Una [&hellip;]<\/p>\n","protected":false},"featured_media":172376,"template":"","meta":{"_acf_changed":false},"product_brand":[],"product_cat":[900],"product_tag":[1465],"home_works":[],"class_list":{"0":"post-172375","1":"product","2":"type-product","3":"status-publish","4":"has-post-thumbnail","6":"product_cat-cuaderno-de-hojas-sueltas-oem","7":"product_tag-oem-es","9":"first","10":"instock","11":"sold-individually","12":"shipping-taxable","13":"purchasable","14":"product-type-variable","15":"has-default-attributes"},"acf":[],"yoast_head":"<!-- This site is optimized with the Yoast SEO plugin v27.2 - https:\/\/yoast.com\/product\/yoast-seo-wordpress\/ -->\n<title>Juluen Enterprise - Leatai \u2013 Fabricante de cuadernos personalizados<\/title>\n<meta name=\"description\" content=\"OEM\u6d3b\u9801\u672c\u6848\u4f8b\uff1aJuluen Enterprise\uff0c\u6b3e\u5f0f\uff1a\u6d3b\u9801\u7b46\u8a18\u672c\uff0c\u5c3a\u5bf8\uff1a25K\u3002\u7279\u8272\u91cd\u9ede\uff1a\u4f01\u696d\u6210\u9577\u7684\u904e\u7a0b\u4e2d\uff0c\u5448\u73fe\u54c1\u724c\u8272\u662f\u4e00\u9580\u91cd\u9ede\u5b78\u554f\uff0c\u4ee5\u7070\u8272\u3001\u7da0\u8272\u70ba\u4e3b\u7684\u5de8\u8f2a\uff0c\u642d\u914d\u8d77\u4f86\u6709\u7a2e\u885d\u7a81\u7684\u7f8e\u611f\uff0c\u503c\u5f97\u5b78\u7fd2\u3002\" \/>\n<meta name=\"robots\" content=\"index, follow, max-snippet:-1, max-image-preview:large, max-video-preview:-1\" \/>\n<link rel=\"canonical\" href=\"https:\/\/leatai.com\/es\/product\/varias-muestras-oem\/cuaderno-de-hojas-sueltas-oem\/juluen-enterprise\/\" \/>\n<meta property=\"og:locale\" content=\"es_ES\" \/>\n<meta property=\"og:type\" content=\"article\" \/>\n<meta property=\"og:title\" content=\"Juluen Enterprise - Leatai \u2013 Fabricante de cuadernos personalizados\" \/>\n<meta property=\"og:description\" content=\"OEM\u6d3b\u9801\u672c\u6848\u4f8b\uff1aJuluen Enterprise\uff0c\u6b3e\u5f0f\uff1a\u6d3b\u9801\u7b46\u8a18\u672c\uff0c\u5c3a\u5bf8\uff1a25K\u3002\u7279\u8272\u91cd\u9ede\uff1a\u4f01\u696d\u6210\u9577\u7684\u904e\u7a0b\u4e2d\uff0c\u5448\u73fe\u54c1\u724c\u8272\u662f\u4e00\u9580\u91cd\u9ede\u5b78\u554f\uff0c\u4ee5\u7070\u8272\u3001\u7da0\u8272\u70ba\u4e3b\u7684\u5de8\u8f2a\uff0c\u642d\u914d\u8d77\u4f86\u6709\u7a2e\u885d\u7a81\u7684\u7f8e\u611f\uff0c\u503c\u5f97\u5b78\u7fd2\u3002\" \/>\n<meta property=\"og:url\" content=\"https:\/\/leatai.com\/es\/product\/varias-muestras-oem\/cuaderno-de-hojas-sueltas-oem\/juluen-enterprise\/\" \/>\n<meta property=\"og:site_name\" content=\"Leatai \u2013 Fabricante de cuadernos personalizados\" \/>\n<meta property=\"article:modified_time\" content=\"2025-10-27T06:51:56+00:00\" \/>\n<meta property=\"og:image\" content=\"https:\/\/leatai.com\/wp-content\/uploads\/1-8.jpg\" \/>\n\t<meta property=\"og:image:width\" content=\"1000\" \/>\n\t<meta property=\"og:image:height\" content=\"750\" \/>\n\t<meta property=\"og:image:type\" content=\"image\/jpeg\" \/>\n<meta name=\"twitter:card\" content=\"summary_large_image\" \/>\n<meta name=\"twitter:label1\" content=\"Tiempo de lectura\" \/>\n\t<meta name=\"twitter:data1\" content=\"2 minutos\" \/>\n<script type=\"application\/ld+json\" class=\"yoast-schema-graph\">{\"@context\":\"https:\/\/schema.org\",\"@graph\":[{\"@type\":\"WebPage\",\"@id\":\"https:\/\/leatai.com\/es\/product\/varias-muestras-oem\/cuaderno-de-hojas-sueltas-oem\/juluen-enterprise\/\",\"url\":\"https:\/\/leatai.com\/es\/product\/varias-muestras-oem\/cuaderno-de-hojas-sueltas-oem\/juluen-enterprise\/\",\"name\":\"Juluen Enterprise - Leatai \u2013 Fabricante de cuadernos personalizados\",\"isPartOf\":{\"@id\":\"https:\/\/leatai.com\/es\/#website\"},\"primaryImageOfPage\":{\"@id\":\"https:\/\/leatai.com\/es\/product\/varias-muestras-oem\/cuaderno-de-hojas-sueltas-oem\/juluen-enterprise\/#primaryimage\"},\"image\":{\"@id\":\"https:\/\/leatai.com\/es\/product\/varias-muestras-oem\/cuaderno-de-hojas-sueltas-oem\/juluen-enterprise\/#primaryimage\"},\"thumbnailUrl\":\"https:\/\/leatai.com\/wp-content\/uploads\/1-8.jpg\",\"datePublished\":\"2021-08-17T12:41:29+00:00\",\"dateModified\":\"2025-10-27T06:51:56+00:00\",\"description\":\"OEM\u6d3b\u9801\u672c\u6848\u4f8b\uff1aJuluen Enterprise\uff0c\u6b3e\u5f0f\uff1a\u6d3b\u9801\u7b46\u8a18\u672c\uff0c\u5c3a\u5bf8\uff1a25K\u3002\u7279\u8272\u91cd\u9ede\uff1a\u4f01\u696d\u6210\u9577\u7684\u904e\u7a0b\u4e2d\uff0c\u5448\u73fe\u54c1\u724c\u8272\u662f\u4e00\u9580\u91cd\u9ede\u5b78\u554f\uff0c\u4ee5\u7070\u8272\u3001\u7da0\u8272\u70ba\u4e3b\u7684\u5de8\u8f2a\uff0c\u642d\u914d\u8d77\u4f86\u6709\u7a2e\u885d\u7a81\u7684\u7f8e\u611f\uff0c\u503c\u5f97\u5b78\u7fd2\u3002\",\"breadcrumb\":{\"@id\":\"https:\/\/leatai.com\/es\/product\/varias-muestras-oem\/cuaderno-de-hojas-sueltas-oem\/juluen-enterprise\/#breadcrumb\"},\"inLanguage\":\"es\",\"potentialAction\":[{\"@type\":\"ReadAction\",\"target\":[\"https:\/\/leatai.com\/es\/product\/varias-muestras-oem\/cuaderno-de-hojas-sueltas-oem\/juluen-enterprise\/\"]}]},{\"@type\":\"ImageObject\",\"inLanguage\":\"es\",\"@id\":\"https:\/\/leatai.com\/es\/product\/varias-muestras-oem\/cuaderno-de-hojas-sueltas-oem\/juluen-enterprise\/#primaryimage\",\"url\":\"https:\/\/leatai.com\/wp-content\/uploads\/1-8.jpg\",\"contentUrl\":\"https:\/\/leatai.com\/wp-content\/uploads\/1-8.jpg\",\"width\":1000,\"height\":750,\"caption\":\"cuaderno de anillas\"},{\"@type\":\"BreadcrumbList\",\"@id\":\"https:\/\/leatai.com\/es\/product\/varias-muestras-oem\/cuaderno-de-hojas-sueltas-oem\/juluen-enterprise\/#breadcrumb\",\"itemListElement\":[{\"@type\":\"ListItem\",\"position\":1,\"name\":\"Home\",\"item\":\"https:\/\/leatai.com\/es\/\"},{\"@type\":\"ListItem\",\"position\":2,\"name\":\"Presentaci\u00f3n de productos\",\"item\":\"https:\/\/leatai.com\/products\/\"},{\"@type\":\"ListItem\",\"position\":3,\"name\":\"Varias Muestras OEM\",\"item\":\"https:\/\/leatai.com\/es\/categoria-producto\/varias-muestras-oem\/\"},{\"@type\":\"ListItem\",\"position\":4,\"name\":\"Cuaderno de Hojas Sueltas OEM\",\"item\":\"https:\/\/leatai.com\/es\/categoria-producto\/varias-muestras-oem\/cuaderno-de-hojas-sueltas-oem\/\"},{\"@type\":\"ListItem\",\"position\":5,\"name\":\"Juluen Enterprise\"}]},{\"@type\":\"WebSite\",\"@id\":\"https:\/\/leatai.com\/es\/#website\",\"url\":\"https:\/\/leatai.com\/es\/\",\"name\":\"Leatai \u2013 Fabricante de cuadernos personalizados\",\"description\":\"Leatai ofrece cuadernos y planificadores personalizados para marcas y distribuidores globales.\",\"publisher\":{\"@id\":\"https:\/\/leatai.com\/es\/#organization\"},\"potentialAction\":[{\"@type\":\"SearchAction\",\"target\":{\"@type\":\"EntryPoint\",\"urlTemplate\":\"https:\/\/leatai.com\/es\/?s={search_term_string}\"},\"query-input\":{\"@type\":\"PropertyValueSpecification\",\"valueRequired\":true,\"valueName\":\"search_term_string\"}}],\"inLanguage\":\"es\"},{\"@type\":\"Organization\",\"@id\":\"https:\/\/leatai.com\/es\/#organization\",\"name\":\"Leatai Diary, customized journal and business organizer\",\"url\":\"https:\/\/leatai.com\/es\/\",\"logo\":{\"@type\":\"ImageObject\",\"inLanguage\":\"es\",\"@id\":\"https:\/\/leatai.com\/es\/#\/schema\/logo\/image\/\",\"url\":\"https:\/\/leatai.com\/wp-content\/uploads\/logo-blue.png\",\"contentUrl\":\"https:\/\/leatai.com\/wp-content\/uploads\/logo-blue.png\",\"width\":230,\"height\":60,\"caption\":\"Leatai Diary, customized journal and business organizer\"},\"image\":{\"@id\":\"https:\/\/leatai.com\/es\/#\/schema\/logo\/image\/\"}}]}<\/script>\n<!-- \/ Yoast SEO plugin. -->","yoast_head_json":{"title":"Juluen Enterprise - Leatai \u2013 Fabricante de cuadernos personalizados","description":"OEM\u6d3b\u9801\u672c\u6848\u4f8b\uff1aJuluen Enterprise\uff0c\u6b3e\u5f0f\uff1a\u6d3b\u9801\u7b46\u8a18\u672c\uff0c\u5c3a\u5bf8\uff1a25K\u3002\u7279\u8272\u91cd\u9ede\uff1a\u4f01\u696d\u6210\u9577\u7684\u904e\u7a0b\u4e2d\uff0c\u5448\u73fe\u54c1\u724c\u8272\u662f\u4e00\u9580\u91cd\u9ede\u5b78\u554f\uff0c\u4ee5\u7070\u8272\u3001\u7da0\u8272\u70ba\u4e3b\u7684\u5de8\u8f2a\uff0c\u642d\u914d\u8d77\u4f86\u6709\u7a2e\u885d\u7a81\u7684\u7f8e\u611f\uff0c\u503c\u5f97\u5b78\u7fd2\u3002","robots":{"index":"index","follow":"follow","max-snippet":"max-snippet:-1","max-image-preview":"max-image-preview:large","max-video-preview":"max-video-preview:-1"},"canonical":"https:\/\/leatai.com\/es\/product\/varias-muestras-oem\/cuaderno-de-hojas-sueltas-oem\/juluen-enterprise\/","og_locale":"es_ES","og_type":"article","og_title":"Juluen Enterprise - Leatai \u2013 Fabricante de cuadernos personalizados","og_description":"OEM\u6d3b\u9801\u672c\u6848\u4f8b\uff1aJuluen Enterprise\uff0c\u6b3e\u5f0f\uff1a\u6d3b\u9801\u7b46\u8a18\u672c\uff0c\u5c3a\u5bf8\uff1a25K\u3002\u7279\u8272\u91cd\u9ede\uff1a\u4f01\u696d\u6210\u9577\u7684\u904e\u7a0b\u4e2d\uff0c\u5448\u73fe\u54c1\u724c\u8272\u662f\u4e00\u9580\u91cd\u9ede\u5b78\u554f\uff0c\u4ee5\u7070\u8272\u3001\u7da0\u8272\u70ba\u4e3b\u7684\u5de8\u8f2a\uff0c\u642d\u914d\u8d77\u4f86\u6709\u7a2e\u885d\u7a81\u7684\u7f8e\u611f\uff0c\u503c\u5f97\u5b78\u7fd2\u3002","og_url":"https:\/\/leatai.com\/es\/product\/varias-muestras-oem\/cuaderno-de-hojas-sueltas-oem\/juluen-enterprise\/","og_site_name":"Leatai \u2013 Fabricante de cuadernos personalizados","article_modified_time":"2025-10-27T06:51:56+00:00","og_image":[{"width":1000,"height":750,"url":"https:\/\/leatai.com\/wp-content\/uploads\/1-8.jpg","type":"image\/jpeg"}],"twitter_card":"summary_large_image","twitter_misc":{"Tiempo de lectura":"2 minutos"},"schema":{"@context":"https:\/\/schema.org","@graph":[{"@type":"WebPage","@id":"https:\/\/leatai.com\/es\/product\/varias-muestras-oem\/cuaderno-de-hojas-sueltas-oem\/juluen-enterprise\/","url":"https:\/\/leatai.com\/es\/product\/varias-muestras-oem\/cuaderno-de-hojas-sueltas-oem\/juluen-enterprise\/","name":"Juluen Enterprise - Leatai \u2013 Fabricante de cuadernos personalizados","isPartOf":{"@id":"https:\/\/leatai.com\/es\/#website"},"primaryImageOfPage":{"@id":"https:\/\/leatai.com\/es\/product\/varias-muestras-oem\/cuaderno-de-hojas-sueltas-oem\/juluen-enterprise\/#primaryimage"},"image":{"@id":"https:\/\/leatai.com\/es\/product\/varias-muestras-oem\/cuaderno-de-hojas-sueltas-oem\/juluen-enterprise\/#primaryimage"},"thumbnailUrl":"https:\/\/leatai.com\/wp-content\/uploads\/1-8.jpg","datePublished":"2021-08-17T12:41:29+00:00","dateModified":"2025-10-27T06:51:56+00:00","description":"OEM\u6d3b\u9801\u672c\u6848\u4f8b\uff1aJuluen Enterprise\uff0c\u6b3e\u5f0f\uff1a\u6d3b\u9801\u7b46\u8a18\u672c\uff0c\u5c3a\u5bf8\uff1a25K\u3002\u7279\u8272\u91cd\u9ede\uff1a\u4f01\u696d\u6210\u9577\u7684\u904e\u7a0b\u4e2d\uff0c\u5448\u73fe\u54c1\u724c\u8272\u662f\u4e00\u9580\u91cd\u9ede\u5b78\u554f\uff0c\u4ee5\u7070\u8272\u3001\u7da0\u8272\u70ba\u4e3b\u7684\u5de8\u8f2a\uff0c\u642d\u914d\u8d77\u4f86\u6709\u7a2e\u885d\u7a81\u7684\u7f8e\u611f\uff0c\u503c\u5f97\u5b78\u7fd2\u3002","breadcrumb":{"@id":"https:\/\/leatai.com\/es\/product\/varias-muestras-oem\/cuaderno-de-hojas-sueltas-oem\/juluen-enterprise\/#breadcrumb"},"inLanguage":"es","potentialAction":[{"@type":"ReadAction","target":["https:\/\/leatai.com\/es\/product\/varias-muestras-oem\/cuaderno-de-hojas-sueltas-oem\/juluen-enterprise\/"]}]},{"@type":"ImageObject","inLanguage":"es","@id":"https:\/\/leatai.com\/es\/product\/varias-muestras-oem\/cuaderno-de-hojas-sueltas-oem\/juluen-enterprise\/#primaryimage","url":"https:\/\/leatai.com\/wp-content\/uploads\/1-8.jpg","contentUrl":"https:\/\/leatai.com\/wp-content\/uploads\/1-8.jpg","width":1000,"height":750,"caption":"cuaderno de anillas"},{"@type":"BreadcrumbList","@id":"https:\/\/leatai.com\/es\/product\/varias-muestras-oem\/cuaderno-de-hojas-sueltas-oem\/juluen-enterprise\/#breadcrumb","itemListElement":[{"@type":"ListItem","position":1,"name":"Home","item":"https:\/\/leatai.com\/es\/"},{"@type":"ListItem","position":2,"name":"Presentaci\u00f3n de productos","item":"https:\/\/leatai.com\/products\/"},{"@type":"ListItem","position":3,"name":"Varias Muestras OEM","item":"https:\/\/leatai.com\/es\/categoria-producto\/varias-muestras-oem\/"},{"@type":"ListItem","position":4,"name":"Cuaderno de Hojas Sueltas OEM","item":"https:\/\/leatai.com\/es\/categoria-producto\/varias-muestras-oem\/cuaderno-de-hojas-sueltas-oem\/"},{"@type":"ListItem","position":5,"name":"Juluen Enterprise"}]},{"@type":"WebSite","@id":"https:\/\/leatai.com\/es\/#website","url":"https:\/\/leatai.com\/es\/","name":"Leatai \u2013 Fabricante de cuadernos personalizados","description":"Leatai ofrece cuadernos y planificadores personalizados para marcas y distribuidores globales.","publisher":{"@id":"https:\/\/leatai.com\/es\/#organization"},"potentialAction":[{"@type":"SearchAction","target":{"@type":"EntryPoint","urlTemplate":"https:\/\/leatai.com\/es\/?s={search_term_string}"},"query-input":{"@type":"PropertyValueSpecification","valueRequired":true,"valueName":"search_term_string"}}],"inLanguage":"es"},{"@type":"Organization","@id":"https:\/\/leatai.com\/es\/#organization","name":"Leatai Diary, customized journal and business organizer","url":"https:\/\/leatai.com\/es\/","logo":{"@type":"ImageObject","inLanguage":"es","@id":"https:\/\/leatai.com\/es\/#\/schema\/logo\/image\/","url":"https:\/\/leatai.com\/wp-content\/uploads\/logo-blue.png","contentUrl":"https:\/\/leatai.com\/wp-content\/uploads\/logo-blue.png","width":230,"height":60,"caption":"Leatai Diary, customized journal and business organizer"},"image":{"@id":"https:\/\/leatai.com\/es\/#\/schema\/logo\/image\/"}}]}},"_links":{"self":[{"href":"https:\/\/leatai.com\/es\/wp-json\/wp\/v2\/product\/172375","targetHints":{"allow":["GET"]}}],"collection":[{"href":"https:\/\/leatai.com\/es\/wp-json\/wp\/v2\/product"}],"about":[{"href":"https:\/\/leatai.com\/es\/wp-json\/wp\/v2\/types\/product"}],"wp:featuredmedia":[{"embeddable":true,"href":"https:\/\/leatai.com\/es\/wp-json\/wp\/v2\/media\/172376"}],"wp:attachment":[{"href":"https:\/\/leatai.com\/es\/wp-json\/wp\/v2\/media?parent=172375"}],"wp:term":[{"taxonomy":"product_brand","embeddable":true,"href":"https:\/\/leatai.com\/es\/wp-json\/wp\/v2\/product_brand?post=172375"},{"taxonomy":"product_cat","embeddable":true,"href":"https:\/\/leatai.com\/es\/wp-json\/wp\/v2\/product_cat?post=172375"},{"taxonomy":"product_tag","embeddable":true,"href":"https:\/\/leatai.com\/es\/wp-json\/wp\/v2\/product_tag?post=172375"},{"taxonomy":"home_works","embeddable":true,"href":"https:\/\/leatai.com\/es\/wp-json\/wp\/v2\/home_works?post=172375"}],"curies":[{"name":"wp","href":"https:\/\/api.w.org\/{rel}","templated":true}]}}