{"id":172358,"date":"2021-08-17T20:39:29","date_gmt":"2021-08-17T12:39:29","guid":{"rendered":"https:\/\/leatai.com\/product\/sin%20categor\u00eda\/timing-pharmaceutical\/"},"modified":"2025-10-27T14:53:15","modified_gmt":"2025-10-27T06:53:15","slug":"timing-pharmaceutical","status":"publish","type":"product","link":"https:\/\/leatai.com\/es\/product\/varias-muestras-oem\/cuaderno-de-hojas-sueltas-oem\/timing-pharmaceutical\/","title":{"rendered":"Timing Pharmaceutical"},"content":{"rendered":"<p>Cliente: Timing Pharmaceutical<br \/>\nTama\u00f1o del caso: 25K<br \/>\nEstilo del caso: cuaderno de anillas<br \/>\nAplicaci\u00f3n del logo: grabado en caliente<\/p>\n<p>Puntos destacados:<br \/>\nLa combinaci\u00f3n de f\u00f3rmulas tradicionales de la medicina china con la ciencia moderna permite lograr una mayor eficacia terap\u00e9utica. En su proceso de transformaci\u00f3n, la empresa mantiene los valores fundamentales de la tradici\u00f3n. La seguridad y la confiabilidad son la clave para un crecimiento s\u00f3lido y sostenido.<\/p>\n<p>&nbsp;<\/p>\n<p>\ud83d\udcd6 Tutti gli esempi personalizzati: <a href=\"https:\/\/leatai.com\/it\/tag-prodotto\/oem-it\/\" target=\"_blank\" rel=\"noopener\">Quaderno personalizzato \/ Diario commerciale personalizzato<\/a><br \/>\n\ud83d\udcd6 Per i prodotti standard di quaderni \/ diari commerciali personalizzati, fare riferimento a:<br \/>\n<a href=\"https:\/\/leatai.com\/it\/categoria-prodotto\/taccuino-personalizzato\/taccuino-con-copertina-rigida\/\" target=\"_blank\" rel=\"noopener\">Quaderno con copertina rigida \/ Diario commerciale con copertina rigida<\/a><br \/>\n<a href=\"https:\/\/leatai.com\/it\/categoria-prodotto\/taccuino-personalizzato\/taccuino-a-fogli-mobili\/\" target=\"_blank\" rel=\"noopener\">Quaderno ad anelli \/ Diario commerciale ad anelli<\/a><br \/>\n<a href=\"https:\/\/leatai.com\/it\/categoria-prodotto\/taccuino-personalizzato\/taccuino-rimovibile\/\" target=\"_blank\" rel=\"noopener\">Quaderno ad anelli con fogli estraibili \/ Diario commerciale ad anelli con fogli estraibili<\/a><br \/>\n<a href=\"https:\/\/leatai.com\/it\/categoria-prodotto\/taccuino-personalizzato\/taccuino-brossurato\/\" target=\"_blank\" rel=\"noopener\">Quaderno con copertina flessibile \/ Diario commerciale con copertina flessibile<\/a><br \/>\n<a href=\"https:\/\/leatai.com\/it\/categoria-prodotto\/taccuino-personalizzato\/taccuino-a-spirale\/\" target=\"_blank\" rel=\"noopener\">Quaderno a spirale \/ Diario commerciale a spirale<\/a><\/p>\n<p>\ud83d\udcd6 Per la guida completa alle dimensioni, fare riferimento a:<br \/>\n<a href=\"https:\/\/leatai.com\/es\/conocimiento-sobre-cuadernos\/guia-de-tamanos-de-papel-comprenda-los-tamanos-comunes-como-b3-a4-b5-8k-16k-y-mas-una-tabla-de-tamanos-completa-para-una-referencia-facil\/\" target=\"_blank\" rel=\"noopener\">Guida ai formati di carta: B3, A4, B5, 8K, 16K e altri formati comuni spiegati chiaramente con una tabella di confronto delle dimensioni!<\/a><\/p>\n","protected":false},"excerpt":{"rendered":"<p>Cliente: Timing Pharmaceutical Tama\u00f1o del caso: 25K Estilo del caso: cuaderno de anillas Aplicaci\u00f3n del logo: grabado en caliente Puntos destacados: La combinaci\u00f3n de f\u00f3rmulas tradicionales de la medicina china con la ciencia moderna permite lograr una mayor eficacia terap\u00e9utica. En su proceso de transformaci\u00f3n, la empresa mantiene los valores fundamentales de la tradici\u00f3n. La [&hellip;]<\/p>\n","protected":false},"featured_media":172359,"template":"","meta":{"_acf_changed":false},"product_brand":[],"product_cat":[900],"product_tag":[1465],"home_works":[],"class_list":{"0":"post-172358","1":"product","2":"type-product","3":"status-publish","4":"has-post-thumbnail","6":"product_cat-cuaderno-de-hojas-sueltas-oem","7":"product_tag-oem-es","9":"first","10":"outofstock","11":"sold-individually","12":"shipping-taxable","13":"purchasable","14":"product-type-variable","15":"has-default-attributes"},"acf":[],"yoast_head":"<!-- This site is optimized with the Yoast SEO plugin v27.2 - https:\/\/yoast.com\/product\/yoast-seo-wordpress\/ -->\n<title>Timing Pharmaceutical - Clave para un crecimiento estable: seguridad y fiabilidad. - Leatai \u2013 Fabricante de cuadernos personalizados<\/title>\n<meta name=\"description\" content=\"Entendido. Aqu\u00ed tienes la traducci\u00f3n al espa\u00f1ol: **Caso de cuaderno de anillas OEM: Timing Pharmaceutical** **Estilo:** Cuaderno de anillas **Tama\u00f1o:** 25K **Punto destacado:** Una f\u00f3rmula tradicional de medicina china combinada con la ciencia moderna puede lograr una mejor eficacia terap\u00e9utica. La transformaci\u00f3n no olvida el valioso n\u00facleo tradicional: la seguridad y la fiabilidad son la clave para un crecimiento s\u00f3lido.\" \/>\n<meta name=\"robots\" content=\"index, follow, max-snippet:-1, max-image-preview:large, max-video-preview:-1\" \/>\n<link rel=\"canonical\" href=\"https:\/\/leatai.com\/es\/product\/varias-muestras-oem\/cuaderno-de-hojas-sueltas-oem\/timing-pharmaceutical\/\" \/>\n<meta property=\"og:locale\" content=\"es_ES\" \/>\n<meta property=\"og:type\" content=\"article\" \/>\n<meta property=\"og:title\" content=\"Timing Pharmaceutical - Clave para un crecimiento estable: seguridad y fiabilidad. - Leatai \u2013 Fabricante de cuadernos personalizados\" \/>\n<meta property=\"og:description\" content=\"Entendido. Aqu\u00ed tienes la traducci\u00f3n al espa\u00f1ol: **Caso de cuaderno de anillas OEM: Timing Pharmaceutical** **Estilo:** Cuaderno de anillas **Tama\u00f1o:** 25K **Punto destacado:** Una f\u00f3rmula tradicional de medicina china combinada con la ciencia moderna puede lograr una mejor eficacia terap\u00e9utica. La transformaci\u00f3n no olvida el valioso n\u00facleo tradicional: la seguridad y la fiabilidad son la clave para un crecimiento s\u00f3lido.\" \/>\n<meta property=\"og:url\" content=\"https:\/\/leatai.com\/es\/product\/varias-muestras-oem\/cuaderno-de-hojas-sueltas-oem\/timing-pharmaceutical\/\" \/>\n<meta property=\"og:site_name\" content=\"Leatai \u2013 Fabricante de cuadernos personalizados\" \/>\n<meta property=\"article:modified_time\" content=\"2025-10-27T06:53:15+00:00\" \/>\n<meta property=\"og:image\" content=\"https:\/\/leatai.com\/wp-content\/uploads\/DSC_8521-1.jpg\" \/>\n\t<meta property=\"og:image:width\" content=\"1000\" \/>\n\t<meta property=\"og:image:height\" content=\"750\" \/>\n\t<meta property=\"og:image:type\" content=\"image\/jpeg\" \/>\n<meta name=\"twitter:card\" content=\"summary_large_image\" \/>\n<meta name=\"twitter:label1\" content=\"Tiempo de lectura\" \/>\n\t<meta name=\"twitter:data1\" content=\"2 minutos\" \/>\n<script type=\"application\/ld+json\" class=\"yoast-schema-graph\">{\"@context\":\"https:\/\/schema.org\",\"@graph\":[{\"@type\":\"WebPage\",\"@id\":\"https:\/\/leatai.com\/es\/product\/varias-muestras-oem\/cuaderno-de-hojas-sueltas-oem\/timing-pharmaceutical\/\",\"url\":\"https:\/\/leatai.com\/es\/product\/varias-muestras-oem\/cuaderno-de-hojas-sueltas-oem\/timing-pharmaceutical\/\",\"name\":\"Timing Pharmaceutical - Clave para un crecimiento estable: seguridad y fiabilidad. - Leatai \u2013 Fabricante de cuadernos personalizados\",\"isPartOf\":{\"@id\":\"https:\/\/leatai.com\/es\/#website\"},\"primaryImageOfPage\":{\"@id\":\"https:\/\/leatai.com\/es\/product\/varias-muestras-oem\/cuaderno-de-hojas-sueltas-oem\/timing-pharmaceutical\/#primaryimage\"},\"image\":{\"@id\":\"https:\/\/leatai.com\/es\/product\/varias-muestras-oem\/cuaderno-de-hojas-sueltas-oem\/timing-pharmaceutical\/#primaryimage\"},\"thumbnailUrl\":\"https:\/\/leatai.com\/wp-content\/uploads\/DSC_8521-1.jpg\",\"datePublished\":\"2021-08-17T12:39:29+00:00\",\"dateModified\":\"2025-10-27T06:53:15+00:00\",\"description\":\"Entendido. Aqu\u00ed tienes la traducci\u00f3n al espa\u00f1ol: **Caso de cuaderno de anillas OEM: Timing Pharmaceutical** **Estilo:** Cuaderno de anillas **Tama\u00f1o:** 25K **Punto destacado:** Una f\u00f3rmula tradicional de medicina china combinada con la ciencia moderna puede lograr una mejor eficacia terap\u00e9utica. La transformaci\u00f3n no olvida el valioso n\u00facleo tradicional: la seguridad y la fiabilidad son la clave para un crecimiento s\u00f3lido.\",\"breadcrumb\":{\"@id\":\"https:\/\/leatai.com\/es\/product\/varias-muestras-oem\/cuaderno-de-hojas-sueltas-oem\/timing-pharmaceutical\/#breadcrumb\"},\"inLanguage\":\"es\",\"potentialAction\":[{\"@type\":\"ReadAction\",\"target\":[\"https:\/\/leatai.com\/es\/product\/varias-muestras-oem\/cuaderno-de-hojas-sueltas-oem\/timing-pharmaceutical\/\"]}]},{\"@type\":\"ImageObject\",\"inLanguage\":\"es\",\"@id\":\"https:\/\/leatai.com\/es\/product\/varias-muestras-oem\/cuaderno-de-hojas-sueltas-oem\/timing-pharmaceutical\/#primaryimage\",\"url\":\"https:\/\/leatai.com\/wp-content\/uploads\/DSC_8521-1.jpg\",\"contentUrl\":\"https:\/\/leatai.com\/wp-content\/uploads\/DSC_8521-1.jpg\",\"width\":1000,\"height\":750,\"caption\":\"cuaderno de anillas\"},{\"@type\":\"BreadcrumbList\",\"@id\":\"https:\/\/leatai.com\/es\/product\/varias-muestras-oem\/cuaderno-de-hojas-sueltas-oem\/timing-pharmaceutical\/#breadcrumb\",\"itemListElement\":[{\"@type\":\"ListItem\",\"position\":1,\"name\":\"Home\",\"item\":\"https:\/\/leatai.com\/es\/\"},{\"@type\":\"ListItem\",\"position\":2,\"name\":\"Presentaci\u00f3n de productos\",\"item\":\"https:\/\/leatai.com\/products\/\"},{\"@type\":\"ListItem\",\"position\":3,\"name\":\"Varias Muestras OEM\",\"item\":\"https:\/\/leatai.com\/es\/categoria-producto\/varias-muestras-oem\/\"},{\"@type\":\"ListItem\",\"position\":4,\"name\":\"Cuaderno de Hojas Sueltas OEM\",\"item\":\"https:\/\/leatai.com\/es\/categoria-producto\/varias-muestras-oem\/cuaderno-de-hojas-sueltas-oem\/\"},{\"@type\":\"ListItem\",\"position\":5,\"name\":\"Timing Pharmaceutical\"}]},{\"@type\":\"WebSite\",\"@id\":\"https:\/\/leatai.com\/es\/#website\",\"url\":\"https:\/\/leatai.com\/es\/\",\"name\":\"Leatai \u2013 Fabricante de cuadernos personalizados\",\"description\":\"Leatai ofrece cuadernos y planificadores personalizados para marcas y distribuidores globales.\",\"publisher\":{\"@id\":\"https:\/\/leatai.com\/es\/#organization\"},\"potentialAction\":[{\"@type\":\"SearchAction\",\"target\":{\"@type\":\"EntryPoint\",\"urlTemplate\":\"https:\/\/leatai.com\/es\/?s={search_term_string}\"},\"query-input\":{\"@type\":\"PropertyValueSpecification\",\"valueRequired\":true,\"valueName\":\"search_term_string\"}}],\"inLanguage\":\"es\"},{\"@type\":\"Organization\",\"@id\":\"https:\/\/leatai.com\/es\/#organization\",\"name\":\"Leatai Diary, customized journal and business organizer\",\"url\":\"https:\/\/leatai.com\/es\/\",\"logo\":{\"@type\":\"ImageObject\",\"inLanguage\":\"es\",\"@id\":\"https:\/\/leatai.com\/es\/#\/schema\/logo\/image\/\",\"url\":\"https:\/\/leatai.com\/wp-content\/uploads\/logo-blue.png\",\"contentUrl\":\"https:\/\/leatai.com\/wp-content\/uploads\/logo-blue.png\",\"width\":230,\"height\":60,\"caption\":\"Leatai Diary, customized journal and business organizer\"},\"image\":{\"@id\":\"https:\/\/leatai.com\/es\/#\/schema\/logo\/image\/\"}}]}<\/script>\n<!-- \/ Yoast SEO plugin. -->","yoast_head_json":{"title":"Timing Pharmaceutical - Clave para un crecimiento estable: seguridad y fiabilidad. - Leatai \u2013 Fabricante de cuadernos personalizados","description":"Entendido. Aqu\u00ed tienes la traducci\u00f3n al espa\u00f1ol: **Caso de cuaderno de anillas OEM: Timing Pharmaceutical** **Estilo:** Cuaderno de anillas **Tama\u00f1o:** 25K **Punto destacado:** Una f\u00f3rmula tradicional de medicina china combinada con la ciencia moderna puede lograr una mejor eficacia terap\u00e9utica. La transformaci\u00f3n no olvida el valioso n\u00facleo tradicional: la seguridad y la fiabilidad son la clave para un crecimiento s\u00f3lido.","robots":{"index":"index","follow":"follow","max-snippet":"max-snippet:-1","max-image-preview":"max-image-preview:large","max-video-preview":"max-video-preview:-1"},"canonical":"https:\/\/leatai.com\/es\/product\/varias-muestras-oem\/cuaderno-de-hojas-sueltas-oem\/timing-pharmaceutical\/","og_locale":"es_ES","og_type":"article","og_title":"Timing Pharmaceutical - Clave para un crecimiento estable: seguridad y fiabilidad. - Leatai \u2013 Fabricante de cuadernos personalizados","og_description":"Entendido. Aqu\u00ed tienes la traducci\u00f3n al espa\u00f1ol: **Caso de cuaderno de anillas OEM: Timing Pharmaceutical** **Estilo:** Cuaderno de anillas **Tama\u00f1o:** 25K **Punto destacado:** Una f\u00f3rmula tradicional de medicina china combinada con la ciencia moderna puede lograr una mejor eficacia terap\u00e9utica. La transformaci\u00f3n no olvida el valioso n\u00facleo tradicional: la seguridad y la fiabilidad son la clave para un crecimiento s\u00f3lido.","og_url":"https:\/\/leatai.com\/es\/product\/varias-muestras-oem\/cuaderno-de-hojas-sueltas-oem\/timing-pharmaceutical\/","og_site_name":"Leatai \u2013 Fabricante de cuadernos personalizados","article_modified_time":"2025-10-27T06:53:15+00:00","og_image":[{"width":1000,"height":750,"url":"https:\/\/leatai.com\/wp-content\/uploads\/DSC_8521-1.jpg","type":"image\/jpeg"}],"twitter_card":"summary_large_image","twitter_misc":{"Tiempo de lectura":"2 minutos"},"schema":{"@context":"https:\/\/schema.org","@graph":[{"@type":"WebPage","@id":"https:\/\/leatai.com\/es\/product\/varias-muestras-oem\/cuaderno-de-hojas-sueltas-oem\/timing-pharmaceutical\/","url":"https:\/\/leatai.com\/es\/product\/varias-muestras-oem\/cuaderno-de-hojas-sueltas-oem\/timing-pharmaceutical\/","name":"Timing Pharmaceutical - Clave para un crecimiento estable: seguridad y fiabilidad. - Leatai \u2013 Fabricante de cuadernos personalizados","isPartOf":{"@id":"https:\/\/leatai.com\/es\/#website"},"primaryImageOfPage":{"@id":"https:\/\/leatai.com\/es\/product\/varias-muestras-oem\/cuaderno-de-hojas-sueltas-oem\/timing-pharmaceutical\/#primaryimage"},"image":{"@id":"https:\/\/leatai.com\/es\/product\/varias-muestras-oem\/cuaderno-de-hojas-sueltas-oem\/timing-pharmaceutical\/#primaryimage"},"thumbnailUrl":"https:\/\/leatai.com\/wp-content\/uploads\/DSC_8521-1.jpg","datePublished":"2021-08-17T12:39:29+00:00","dateModified":"2025-10-27T06:53:15+00:00","description":"Entendido. Aqu\u00ed tienes la traducci\u00f3n al espa\u00f1ol: **Caso de cuaderno de anillas OEM: Timing Pharmaceutical** **Estilo:** Cuaderno de anillas **Tama\u00f1o:** 25K **Punto destacado:** Una f\u00f3rmula tradicional de medicina china combinada con la ciencia moderna puede lograr una mejor eficacia terap\u00e9utica. La transformaci\u00f3n no olvida el valioso n\u00facleo tradicional: la seguridad y la fiabilidad son la clave para un crecimiento s\u00f3lido.","breadcrumb":{"@id":"https:\/\/leatai.com\/es\/product\/varias-muestras-oem\/cuaderno-de-hojas-sueltas-oem\/timing-pharmaceutical\/#breadcrumb"},"inLanguage":"es","potentialAction":[{"@type":"ReadAction","target":["https:\/\/leatai.com\/es\/product\/varias-muestras-oem\/cuaderno-de-hojas-sueltas-oem\/timing-pharmaceutical\/"]}]},{"@type":"ImageObject","inLanguage":"es","@id":"https:\/\/leatai.com\/es\/product\/varias-muestras-oem\/cuaderno-de-hojas-sueltas-oem\/timing-pharmaceutical\/#primaryimage","url":"https:\/\/leatai.com\/wp-content\/uploads\/DSC_8521-1.jpg","contentUrl":"https:\/\/leatai.com\/wp-content\/uploads\/DSC_8521-1.jpg","width":1000,"height":750,"caption":"cuaderno de anillas"},{"@type":"BreadcrumbList","@id":"https:\/\/leatai.com\/es\/product\/varias-muestras-oem\/cuaderno-de-hojas-sueltas-oem\/timing-pharmaceutical\/#breadcrumb","itemListElement":[{"@type":"ListItem","position":1,"name":"Home","item":"https:\/\/leatai.com\/es\/"},{"@type":"ListItem","position":2,"name":"Presentaci\u00f3n de productos","item":"https:\/\/leatai.com\/products\/"},{"@type":"ListItem","position":3,"name":"Varias Muestras OEM","item":"https:\/\/leatai.com\/es\/categoria-producto\/varias-muestras-oem\/"},{"@type":"ListItem","position":4,"name":"Cuaderno de Hojas Sueltas OEM","item":"https:\/\/leatai.com\/es\/categoria-producto\/varias-muestras-oem\/cuaderno-de-hojas-sueltas-oem\/"},{"@type":"ListItem","position":5,"name":"Timing Pharmaceutical"}]},{"@type":"WebSite","@id":"https:\/\/leatai.com\/es\/#website","url":"https:\/\/leatai.com\/es\/","name":"Leatai \u2013 Fabricante de cuadernos personalizados","description":"Leatai ofrece cuadernos y planificadores personalizados para marcas y distribuidores globales.","publisher":{"@id":"https:\/\/leatai.com\/es\/#organization"},"potentialAction":[{"@type":"SearchAction","target":{"@type":"EntryPoint","urlTemplate":"https:\/\/leatai.com\/es\/?s={search_term_string}"},"query-input":{"@type":"PropertyValueSpecification","valueRequired":true,"valueName":"search_term_string"}}],"inLanguage":"es"},{"@type":"Organization","@id":"https:\/\/leatai.com\/es\/#organization","name":"Leatai Diary, customized journal and business organizer","url":"https:\/\/leatai.com\/es\/","logo":{"@type":"ImageObject","inLanguage":"es","@id":"https:\/\/leatai.com\/es\/#\/schema\/logo\/image\/","url":"https:\/\/leatai.com\/wp-content\/uploads\/logo-blue.png","contentUrl":"https:\/\/leatai.com\/wp-content\/uploads\/logo-blue.png","width":230,"height":60,"caption":"Leatai Diary, customized journal and business organizer"},"image":{"@id":"https:\/\/leatai.com\/es\/#\/schema\/logo\/image\/"}}]}},"_links":{"self":[{"href":"https:\/\/leatai.com\/es\/wp-json\/wp\/v2\/product\/172358","targetHints":{"allow":["GET"]}}],"collection":[{"href":"https:\/\/leatai.com\/es\/wp-json\/wp\/v2\/product"}],"about":[{"href":"https:\/\/leatai.com\/es\/wp-json\/wp\/v2\/types\/product"}],"wp:featuredmedia":[{"embeddable":true,"href":"https:\/\/leatai.com\/es\/wp-json\/wp\/v2\/media\/172359"}],"wp:attachment":[{"href":"https:\/\/leatai.com\/es\/wp-json\/wp\/v2\/media?parent=172358"}],"wp:term":[{"taxonomy":"product_brand","embeddable":true,"href":"https:\/\/leatai.com\/es\/wp-json\/wp\/v2\/product_brand?post=172358"},{"taxonomy":"product_cat","embeddable":true,"href":"https:\/\/leatai.com\/es\/wp-json\/wp\/v2\/product_cat?post=172358"},{"taxonomy":"product_tag","embeddable":true,"href":"https:\/\/leatai.com\/es\/wp-json\/wp\/v2\/product_tag?post=172358"},{"taxonomy":"home_works","embeddable":true,"href":"https:\/\/leatai.com\/es\/wp-json\/wp\/v2\/home_works?post=172358"}],"curies":[{"name":"wp","href":"https:\/\/api.w.org\/{rel}","templated":true}]}}