{"id":171837,"date":"2023-04-29T20:49:10","date_gmt":"2023-04-29T12:49:10","guid":{"rendered":"https:\/\/leatai.com\/product\/sin%20categor\u00eda\/demon-slayer-x-tsutaya-x-leatai\/"},"modified":"2025-10-28T13:54:37","modified_gmt":"2025-10-28T05:54:37","slug":"demon-slayer-x-tsutaya-x-leatai","status":"publish","type":"product","link":"https:\/\/leatai.com\/es\/product\/colaboracion-entre-industrias\/industria-cinematografica-es\/demon-slayer-x-tsutaya-x-leatai\/","title":{"rendered":"Demon Slayer x TSUTAYA x Leatai"},"content":{"rendered":"<p>TSUTAYA Jap\u00f3n, en colaboraci\u00f3n con la popular franquicia de anime &#8220;Kimetsu no Yaiba&#8221; y la marca taiwanesa de cuadernos de alta calidad Leatai, ha lanzado una edici\u00f3n especial de cuadernos en alianza entre las tres marcas. Esta colecci\u00f3n exclusiva est\u00e1 disponible \u00fanicamente en Jap\u00f3n.<\/p>\n<p>&nbsp;<\/p>\n<p class=\"\" data-start=\"0\" data-end=\"480\"><strong>\ud83d\udcd6<\/strong>Todos los ejemplos personalizados:<a href=\"https:\/\/leatai.com\/es\/etiqueta-producto\/oem-es\/\" target=\"_blank\" rel=\"noopener\"> cuadernos personalizados \/ agendas ejecutivas personalizadas<\/a><br data-start=\"95\" data-end=\"98\" \/><strong>\ud83d\udcd6<\/strong>Para productos est\u00e1ndar de cuadernos personalizados \/ agendas ejecutivas, consulta:<br data-start=\"181\" data-end=\"184\" \/><a href=\"https:\/\/leatai.com\/es\/categoria-producto\/planificador-personalizado\/cuaderno-de-tapa-dura\/\" target=\"_blank\" rel=\"noopener\">cuadernos de tapa dura \/ agendas ejecutivas de tapa dura<\/a><br data-start=\"240\" data-end=\"243\" \/><a href=\"https:\/\/leatai.com\/es\/categoria-producto\/planificador-personalizado\/cuaderno-de-hojas-sueltas\/\" target=\"_blank\" rel=\"noopener\">cuadernos de anillas \/ agendas ejecutivas de anillas<\/a><br data-start=\"295\" data-end=\"298\" \/><a href=\"https:\/\/leatai.com\/es\/categoria-producto\/planificador-personalizado\/cuaderno-extraible\/\" target=\"_blank\" rel=\"noopener\">cuadernos de anillas extra\u00edbles \/ agendas ejecutivas de anillas extra\u00edbles<\/a><br data-start=\"372\" data-end=\"375\" \/><a href=\"https:\/\/leatai.com\/es\/categoria-producto\/planificador-personalizado\/cuaderno-de-tapa-blanda\/\" target=\"_blank\" rel=\"noopener\">cuadernos r\u00fasticos \/ agendas ejecutivas r\u00fasticas<\/a><br data-start=\"423\" data-end=\"426\" \/><a href=\"https:\/\/leatai.com\/es\/categoria-producto\/planificador-personalizado\/cuaderno-de-espiral\/\" target=\"_blank\" rel=\"noopener\">cuadernos de espiral \/ agendas ejecutivas de espiral<\/a><\/p>\n<p class=\"\" data-start=\"482\" data-end=\"698\"><strong>\ud83d\udcd6<\/strong>Para una explicaci\u00f3n completa de los tama\u00f1os, consulta:<br data-start=\"537\" data-end=\"540\" \/><a href=\"https:\/\/leatai.com\/es\/conocimiento-sobre-cuadernos\/guia-de-tamanos-de-papel-comprenda-los-tamanos-comunes-como-b3-a4-b5-8k-16k-y-mas-una-tabla-de-tamanos-completa-para-una-referencia-facil\/\" target=\"_blank\" rel=\"noopener\">Gu\u00eda de tama\u00f1os de papel: \u00bfC\u00f3mo se clasifican los tama\u00f1os comunes como B3, A4, B5, 8K, 16K? \u00a1Una tabla de comparaci\u00f3n de tama\u00f1os de papel que lo explica todo!<\/a><\/p>\n","protected":false},"excerpt":{"rendered":"<p>TSUTAYA Jap\u00f3n, en colaboraci\u00f3n con la popular franquicia de anime &#8220;Kimetsu no Yaiba&#8221; y la marca taiwanesa de cuadernos de alta calidad Leatai, ha lanzado una edici\u00f3n especial de cuadernos en alianza entre las tres marcas. Esta colecci\u00f3n exclusiva est\u00e1 disponible \u00fanicamente en Jap\u00f3n. &nbsp; \ud83d\udcd6Todos los ejemplos personalizados: cuadernos personalizados \/ agendas ejecutivas personalizadas\ud83d\udcd6Para [&hellip;]<\/p>\n","protected":false},"featured_media":171838,"template":"","meta":{"_acf_changed":false},"product_brand":[],"product_cat":[913,1095],"product_tag":[1465],"home_works":[],"class_list":{"0":"post-171837","1":"product","2":"type-product","3":"status-publish","4":"has-post-thumbnail","6":"product_cat-cuaderno-removible-oem","7":"product_cat-industria-cinematografica-es","8":"product_tag-oem-es","10":"first","11":"outofstock","12":"sold-individually","13":"shipping-taxable","14":"purchasable","15":"product-type-variable","16":"has-default-attributes"},"acf":[],"yoast_head":"<!-- This site is optimized with the Yoast SEO plugin v27.2 - https:\/\/yoast.com\/product\/yoast-seo-wordpress\/ -->\n<title>Demon Slayer x TSUTAYA x Leatai - Cuaderno de edici\u00f3n especial en colaboraci\u00f3n con una reconocida propiedad intelectual (IP) japonesa. - Leatai \u2013 Fabricante de cuadernos personalizados<\/title>\n<meta name=\"description\" content=\"TSUTAYA, la reconocida cadena japonesa, se ha unido a la popular franquicia de anime *Kimetsu no Yaiba* y a la marca taiwanesa de cuadernos de alta calidad Leatai para lanzar una colaboraci\u00f3n exclusiva de cuadernos en edici\u00f3n tripartita. Esta colecci\u00f3n especial, que combina dise\u00f1o, cultura pop y artesan\u00eda premium, est\u00e1 disponible exclusivamente en Jap\u00f3n.\" \/>\n<meta name=\"robots\" content=\"index, follow, max-snippet:-1, max-image-preview:large, max-video-preview:-1\" \/>\n<link rel=\"canonical\" href=\"https:\/\/leatai.com\/es\/product\/colaboracion-entre-industrias\/industria-cinematografica-es\/demon-slayer-x-tsutaya-x-leatai\/\" \/>\n<meta property=\"og:locale\" content=\"es_ES\" \/>\n<meta property=\"og:type\" content=\"article\" \/>\n<meta property=\"og:title\" content=\"Demon Slayer x TSUTAYA x Leatai - Cuaderno de edici\u00f3n especial en colaboraci\u00f3n con una reconocida propiedad intelectual (IP) japonesa. - Leatai \u2013 Fabricante de cuadernos personalizados\" \/>\n<meta property=\"og:description\" content=\"TSUTAYA, la reconocida cadena japonesa, se ha unido a la popular franquicia de anime *Kimetsu no Yaiba* y a la marca taiwanesa de cuadernos de alta calidad Leatai para lanzar una colaboraci\u00f3n exclusiva de cuadernos en edici\u00f3n tripartita. Esta colecci\u00f3n especial, que combina dise\u00f1o, cultura pop y artesan\u00eda premium, est\u00e1 disponible exclusivamente en Jap\u00f3n.\" \/>\n<meta property=\"og:url\" content=\"https:\/\/leatai.com\/es\/product\/colaboracion-entre-industrias\/industria-cinematografica-es\/demon-slayer-x-tsutaya-x-leatai\/\" \/>\n<meta property=\"og:site_name\" content=\"Leatai \u2013 Fabricante de cuadernos personalizados\" \/>\n<meta property=\"article:modified_time\" content=\"2025-10-28T05:54:37+00:00\" \/>\n<meta property=\"og:image\" content=\"https:\/\/leatai.com\/wp-content\/uploads\/DSC_5986-2.jpg\" \/>\n\t<meta property=\"og:image:width\" content=\"1000\" \/>\n\t<meta property=\"og:image:height\" content=\"750\" \/>\n\t<meta property=\"og:image:type\" content=\"image\/jpeg\" \/>\n<meta name=\"twitter:card\" content=\"summary_large_image\" \/>\n<meta name=\"twitter:label1\" content=\"Tiempo de lectura\" \/>\n\t<meta name=\"twitter:data1\" content=\"1 minuto\" \/>\n<script type=\"application\/ld+json\" class=\"yoast-schema-graph\">{\"@context\":\"https:\/\/schema.org\",\"@graph\":[{\"@type\":\"WebPage\",\"@id\":\"https:\/\/leatai.com\/es\/product\/colaboracion-entre-industrias\/industria-cinematografica-es\/demon-slayer-x-tsutaya-x-leatai\/\",\"url\":\"https:\/\/leatai.com\/es\/product\/colaboracion-entre-industrias\/industria-cinematografica-es\/demon-slayer-x-tsutaya-x-leatai\/\",\"name\":\"Demon Slayer x TSUTAYA x Leatai - Cuaderno de edici\u00f3n especial en colaboraci\u00f3n con una reconocida propiedad intelectual (IP) japonesa. - Leatai \u2013 Fabricante de cuadernos personalizados\",\"isPartOf\":{\"@id\":\"https:\/\/leatai.com\/es\/#website\"},\"primaryImageOfPage\":{\"@id\":\"https:\/\/leatai.com\/es\/product\/colaboracion-entre-industrias\/industria-cinematografica-es\/demon-slayer-x-tsutaya-x-leatai\/#primaryimage\"},\"image\":{\"@id\":\"https:\/\/leatai.com\/es\/product\/colaboracion-entre-industrias\/industria-cinematografica-es\/demon-slayer-x-tsutaya-x-leatai\/#primaryimage\"},\"thumbnailUrl\":\"https:\/\/leatai.com\/wp-content\/uploads\/DSC_5986-2.jpg\",\"datePublished\":\"2023-04-29T12:49:10+00:00\",\"dateModified\":\"2025-10-28T05:54:37+00:00\",\"description\":\"TSUTAYA, la reconocida cadena japonesa, se ha unido a la popular franquicia de anime *Kimetsu no Yaiba* y a la marca taiwanesa de cuadernos de alta calidad Leatai para lanzar una colaboraci\u00f3n exclusiva de cuadernos en edici\u00f3n tripartita. Esta colecci\u00f3n especial, que combina dise\u00f1o, cultura pop y artesan\u00eda premium, est\u00e1 disponible exclusivamente en Jap\u00f3n.\",\"breadcrumb\":{\"@id\":\"https:\/\/leatai.com\/es\/product\/colaboracion-entre-industrias\/industria-cinematografica-es\/demon-slayer-x-tsutaya-x-leatai\/#breadcrumb\"},\"inLanguage\":\"es\",\"potentialAction\":[{\"@type\":\"ReadAction\",\"target\":[\"https:\/\/leatai.com\/es\/product\/colaboracion-entre-industrias\/industria-cinematografica-es\/demon-slayer-x-tsutaya-x-leatai\/\"]}]},{\"@type\":\"ImageObject\",\"inLanguage\":\"es\",\"@id\":\"https:\/\/leatai.com\/es\/product\/colaboracion-entre-industrias\/industria-cinematografica-es\/demon-slayer-x-tsutaya-x-leatai\/#primaryimage\",\"url\":\"https:\/\/leatai.com\/wp-content\/uploads\/DSC_5986-2.jpg\",\"contentUrl\":\"https:\/\/leatai.com\/wp-content\/uploads\/DSC_5986-2.jpg\",\"width\":1000,\"height\":750,\"caption\":\"Caso de colaboraci\u00f3n para recuerdos personalizados y obsequios promocionales: Kimetsu no Yaiba \u00d7 Tsutaya Jap\u00f3n \u00d7 Leatai\"},{\"@type\":\"BreadcrumbList\",\"@id\":\"https:\/\/leatai.com\/es\/product\/colaboracion-entre-industrias\/industria-cinematografica-es\/demon-slayer-x-tsutaya-x-leatai\/#breadcrumb\",\"itemListElement\":[{\"@type\":\"ListItem\",\"position\":1,\"name\":\"Home\",\"item\":\"https:\/\/leatai.com\/es\/\"},{\"@type\":\"ListItem\",\"position\":2,\"name\":\"Presentaci\u00f3n de productos\",\"item\":\"https:\/\/leatai.com\/products\/\"},{\"@type\":\"ListItem\",\"position\":3,\"name\":\"Colaboraci\u00f3n entre Industrias\",\"item\":\"https:\/\/leatai.com\/es\/categoria-producto\/colaboracion-entre-industrias\/\"},{\"@type\":\"ListItem\",\"position\":4,\"name\":\"Industria cinematogr\u00e1fica\",\"item\":\"https:\/\/leatai.com\/es\/categoria-producto\/colaboracion-entre-industrias\/industria-cinematografica-es\/\"},{\"@type\":\"ListItem\",\"position\":5,\"name\":\"Demon Slayer x TSUTAYA x Leatai\"}]},{\"@type\":\"WebSite\",\"@id\":\"https:\/\/leatai.com\/es\/#website\",\"url\":\"https:\/\/leatai.com\/es\/\",\"name\":\"Leatai \u2013 Fabricante de cuadernos personalizados\",\"description\":\"Leatai ofrece cuadernos y planificadores personalizados para marcas y distribuidores globales.\",\"publisher\":{\"@id\":\"https:\/\/leatai.com\/es\/#organization\"},\"potentialAction\":[{\"@type\":\"SearchAction\",\"target\":{\"@type\":\"EntryPoint\",\"urlTemplate\":\"https:\/\/leatai.com\/es\/?s={search_term_string}\"},\"query-input\":{\"@type\":\"PropertyValueSpecification\",\"valueRequired\":true,\"valueName\":\"search_term_string\"}}],\"inLanguage\":\"es\"},{\"@type\":\"Organization\",\"@id\":\"https:\/\/leatai.com\/es\/#organization\",\"name\":\"Leatai Diary, customized journal and business organizer\",\"url\":\"https:\/\/leatai.com\/es\/\",\"logo\":{\"@type\":\"ImageObject\",\"inLanguage\":\"es\",\"@id\":\"https:\/\/leatai.com\/es\/#\/schema\/logo\/image\/\",\"url\":\"https:\/\/leatai.com\/wp-content\/uploads\/logo-blue.png\",\"contentUrl\":\"https:\/\/leatai.com\/wp-content\/uploads\/logo-blue.png\",\"width\":230,\"height\":60,\"caption\":\"Leatai Diary, customized journal and business organizer\"},\"image\":{\"@id\":\"https:\/\/leatai.com\/es\/#\/schema\/logo\/image\/\"}}]}<\/script>\n<!-- \/ Yoast SEO plugin. -->","yoast_head_json":{"title":"Demon Slayer x TSUTAYA x Leatai - Cuaderno de edici\u00f3n especial en colaboraci\u00f3n con una reconocida propiedad intelectual (IP) japonesa. - Leatai \u2013 Fabricante de cuadernos personalizados","description":"TSUTAYA, la reconocida cadena japonesa, se ha unido a la popular franquicia de anime *Kimetsu no Yaiba* y a la marca taiwanesa de cuadernos de alta calidad Leatai para lanzar una colaboraci\u00f3n exclusiva de cuadernos en edici\u00f3n tripartita. Esta colecci\u00f3n especial, que combina dise\u00f1o, cultura pop y artesan\u00eda premium, est\u00e1 disponible exclusivamente en Jap\u00f3n.","robots":{"index":"index","follow":"follow","max-snippet":"max-snippet:-1","max-image-preview":"max-image-preview:large","max-video-preview":"max-video-preview:-1"},"canonical":"https:\/\/leatai.com\/es\/product\/colaboracion-entre-industrias\/industria-cinematografica-es\/demon-slayer-x-tsutaya-x-leatai\/","og_locale":"es_ES","og_type":"article","og_title":"Demon Slayer x TSUTAYA x Leatai - Cuaderno de edici\u00f3n especial en colaboraci\u00f3n con una reconocida propiedad intelectual (IP) japonesa. - Leatai \u2013 Fabricante de cuadernos personalizados","og_description":"TSUTAYA, la reconocida cadena japonesa, se ha unido a la popular franquicia de anime *Kimetsu no Yaiba* y a la marca taiwanesa de cuadernos de alta calidad Leatai para lanzar una colaboraci\u00f3n exclusiva de cuadernos en edici\u00f3n tripartita. Esta colecci\u00f3n especial, que combina dise\u00f1o, cultura pop y artesan\u00eda premium, est\u00e1 disponible exclusivamente en Jap\u00f3n.","og_url":"https:\/\/leatai.com\/es\/product\/colaboracion-entre-industrias\/industria-cinematografica-es\/demon-slayer-x-tsutaya-x-leatai\/","og_site_name":"Leatai \u2013 Fabricante de cuadernos personalizados","article_modified_time":"2025-10-28T05:54:37+00:00","og_image":[{"width":1000,"height":750,"url":"https:\/\/leatai.com\/wp-content\/uploads\/DSC_5986-2.jpg","type":"image\/jpeg"}],"twitter_card":"summary_large_image","twitter_misc":{"Tiempo de lectura":"1 minuto"},"schema":{"@context":"https:\/\/schema.org","@graph":[{"@type":"WebPage","@id":"https:\/\/leatai.com\/es\/product\/colaboracion-entre-industrias\/industria-cinematografica-es\/demon-slayer-x-tsutaya-x-leatai\/","url":"https:\/\/leatai.com\/es\/product\/colaboracion-entre-industrias\/industria-cinematografica-es\/demon-slayer-x-tsutaya-x-leatai\/","name":"Demon Slayer x TSUTAYA x Leatai - Cuaderno de edici\u00f3n especial en colaboraci\u00f3n con una reconocida propiedad intelectual (IP) japonesa. - Leatai \u2013 Fabricante de cuadernos personalizados","isPartOf":{"@id":"https:\/\/leatai.com\/es\/#website"},"primaryImageOfPage":{"@id":"https:\/\/leatai.com\/es\/product\/colaboracion-entre-industrias\/industria-cinematografica-es\/demon-slayer-x-tsutaya-x-leatai\/#primaryimage"},"image":{"@id":"https:\/\/leatai.com\/es\/product\/colaboracion-entre-industrias\/industria-cinematografica-es\/demon-slayer-x-tsutaya-x-leatai\/#primaryimage"},"thumbnailUrl":"https:\/\/leatai.com\/wp-content\/uploads\/DSC_5986-2.jpg","datePublished":"2023-04-29T12:49:10+00:00","dateModified":"2025-10-28T05:54:37+00:00","description":"TSUTAYA, la reconocida cadena japonesa, se ha unido a la popular franquicia de anime *Kimetsu no Yaiba* y a la marca taiwanesa de cuadernos de alta calidad Leatai para lanzar una colaboraci\u00f3n exclusiva de cuadernos en edici\u00f3n tripartita. Esta colecci\u00f3n especial, que combina dise\u00f1o, cultura pop y artesan\u00eda premium, est\u00e1 disponible exclusivamente en Jap\u00f3n.","breadcrumb":{"@id":"https:\/\/leatai.com\/es\/product\/colaboracion-entre-industrias\/industria-cinematografica-es\/demon-slayer-x-tsutaya-x-leatai\/#breadcrumb"},"inLanguage":"es","potentialAction":[{"@type":"ReadAction","target":["https:\/\/leatai.com\/es\/product\/colaboracion-entre-industrias\/industria-cinematografica-es\/demon-slayer-x-tsutaya-x-leatai\/"]}]},{"@type":"ImageObject","inLanguage":"es","@id":"https:\/\/leatai.com\/es\/product\/colaboracion-entre-industrias\/industria-cinematografica-es\/demon-slayer-x-tsutaya-x-leatai\/#primaryimage","url":"https:\/\/leatai.com\/wp-content\/uploads\/DSC_5986-2.jpg","contentUrl":"https:\/\/leatai.com\/wp-content\/uploads\/DSC_5986-2.jpg","width":1000,"height":750,"caption":"Caso de colaboraci\u00f3n para recuerdos personalizados y obsequios promocionales: Kimetsu no Yaiba \u00d7 Tsutaya Jap\u00f3n \u00d7 Leatai"},{"@type":"BreadcrumbList","@id":"https:\/\/leatai.com\/es\/product\/colaboracion-entre-industrias\/industria-cinematografica-es\/demon-slayer-x-tsutaya-x-leatai\/#breadcrumb","itemListElement":[{"@type":"ListItem","position":1,"name":"Home","item":"https:\/\/leatai.com\/es\/"},{"@type":"ListItem","position":2,"name":"Presentaci\u00f3n de productos","item":"https:\/\/leatai.com\/products\/"},{"@type":"ListItem","position":3,"name":"Colaboraci\u00f3n entre Industrias","item":"https:\/\/leatai.com\/es\/categoria-producto\/colaboracion-entre-industrias\/"},{"@type":"ListItem","position":4,"name":"Industria cinematogr\u00e1fica","item":"https:\/\/leatai.com\/es\/categoria-producto\/colaboracion-entre-industrias\/industria-cinematografica-es\/"},{"@type":"ListItem","position":5,"name":"Demon Slayer x TSUTAYA x Leatai"}]},{"@type":"WebSite","@id":"https:\/\/leatai.com\/es\/#website","url":"https:\/\/leatai.com\/es\/","name":"Leatai \u2013 Fabricante de cuadernos personalizados","description":"Leatai ofrece cuadernos y planificadores personalizados para marcas y distribuidores globales.","publisher":{"@id":"https:\/\/leatai.com\/es\/#organization"},"potentialAction":[{"@type":"SearchAction","target":{"@type":"EntryPoint","urlTemplate":"https:\/\/leatai.com\/es\/?s={search_term_string}"},"query-input":{"@type":"PropertyValueSpecification","valueRequired":true,"valueName":"search_term_string"}}],"inLanguage":"es"},{"@type":"Organization","@id":"https:\/\/leatai.com\/es\/#organization","name":"Leatai Diary, customized journal and business organizer","url":"https:\/\/leatai.com\/es\/","logo":{"@type":"ImageObject","inLanguage":"es","@id":"https:\/\/leatai.com\/es\/#\/schema\/logo\/image\/","url":"https:\/\/leatai.com\/wp-content\/uploads\/logo-blue.png","contentUrl":"https:\/\/leatai.com\/wp-content\/uploads\/logo-blue.png","width":230,"height":60,"caption":"Leatai Diary, customized journal and business organizer"},"image":{"@id":"https:\/\/leatai.com\/es\/#\/schema\/logo\/image\/"}}]}},"_links":{"self":[{"href":"https:\/\/leatai.com\/es\/wp-json\/wp\/v2\/product\/171837","targetHints":{"allow":["GET"]}}],"collection":[{"href":"https:\/\/leatai.com\/es\/wp-json\/wp\/v2\/product"}],"about":[{"href":"https:\/\/leatai.com\/es\/wp-json\/wp\/v2\/types\/product"}],"wp:featuredmedia":[{"embeddable":true,"href":"https:\/\/leatai.com\/es\/wp-json\/wp\/v2\/media\/171838"}],"wp:attachment":[{"href":"https:\/\/leatai.com\/es\/wp-json\/wp\/v2\/media?parent=171837"}],"wp:term":[{"taxonomy":"product_brand","embeddable":true,"href":"https:\/\/leatai.com\/es\/wp-json\/wp\/v2\/product_brand?post=171837"},{"taxonomy":"product_cat","embeddable":true,"href":"https:\/\/leatai.com\/es\/wp-json\/wp\/v2\/product_cat?post=171837"},{"taxonomy":"product_tag","embeddable":true,"href":"https:\/\/leatai.com\/es\/wp-json\/wp\/v2\/product_tag?post=171837"},{"taxonomy":"home_works","embeddable":true,"href":"https:\/\/leatai.com\/es\/wp-json\/wp\/v2\/home_works?post=171837"}],"curies":[{"name":"wp","href":"https:\/\/api.w.org\/{rel}","templated":true}]}}