{"id":171492,"date":"2021-08-19T22:00:36","date_gmt":"2021-08-19T14:00:36","guid":{"rendered":"https:\/\/leatai.com\/product\/sin%20categor\u00eda\/industrial-technology-research-institute\/"},"modified":"2025-04-02T17:10:08","modified_gmt":"2025-04-02T09:10:08","slug":"industrial-technology-research-institute","status":"publish","type":"product","link":"https:\/\/leatai.com\/es\/product\/varias-muestras-oem\/cuaderno-de-tapa-blanda-oem\/industrial-technology-research-institute\/","title":{"rendered":"Industrial Technology Research Institute"},"content":{"rendered":"<p>Nombre del cliente: Industrial Technology Research Institute<br \/>\nTama\u00f1o del caso: 25K<br \/>\nEstilo del caso: Cuaderno r\u00fastico<br \/>\nEfecto del logo: Grabado<br \/>\nPuntos destacados: Una de las instituciones acad\u00e9micas m\u00e1s prestigiosas del pa\u00eds. Dado que su trabajo diario requiere registrar numerosos detalles, un cuaderno personalizado es la mejor opci\u00f3n para satisfacer todos los desaf\u00edos del trabajo cotidiano.<\/p>\n<p>&nbsp;<\/p>\n<p class=\"\" data-start=\"0\" data-end=\"480\"><strong>\ud83d\udcd6<\/strong>Todos los ejemplos personalizados:<a href=\"https:\/\/leatai.com\/es\/etiqueta-producto\/oem-es\/\" target=\"_blank\" rel=\"noopener\"> cuadernos personalizados \/ agendas ejecutivas personalizadas<\/a><br data-start=\"95\" data-end=\"98\" \/><strong>\ud83d\udcd6<\/strong>Para productos est\u00e1ndar de cuadernos personalizados \/ agendas ejecutivas, consulta:<br data-start=\"181\" data-end=\"184\" \/><a href=\"https:\/\/leatai.com\/es\/categoria-producto\/planificador-personalizado\/cuaderno-de-tapa-dura\/\" target=\"_blank\" rel=\"noopener\">cuadernos de tapa dura \/ agendas ejecutivas de tapa dura<\/a><br data-start=\"240\" data-end=\"243\" \/><a href=\"https:\/\/leatai.com\/es\/categoria-producto\/planificador-personalizado\/cuaderno-de-hojas-sueltas\/\" target=\"_blank\" rel=\"noopener\">cuadernos de anillas \/ agendas ejecutivas de anillas<\/a><br data-start=\"295\" data-end=\"298\" \/><a href=\"https:\/\/leatai.com\/es\/categoria-producto\/planificador-personalizado\/cuaderno-extraible\/\" target=\"_blank\" rel=\"noopener\">cuadernos de anillas extra\u00edbles \/ agendas ejecutivas de anillas extra\u00edbles<\/a><br data-start=\"372\" data-end=\"375\" \/><a href=\"https:\/\/leatai.com\/es\/categoria-producto\/planificador-personalizado\/cuaderno-de-tapa-blanda\/\" target=\"_blank\" rel=\"noopener\">cuadernos r\u00fasticos \/ agendas ejecutivas r\u00fasticas<\/a><br data-start=\"423\" data-end=\"426\" \/><a href=\"https:\/\/leatai.com\/es\/categoria-producto\/planificador-personalizado\/cuaderno-de-espiral\/\" target=\"_blank\" rel=\"noopener\">cuadernos de espiral \/ agendas ejecutivas de espiral<\/a><\/p>\n<p class=\"\" data-start=\"482\" data-end=\"698\"><strong>\ud83d\udcd6<\/strong>Para una explicaci\u00f3n completa de los tama\u00f1os, consulta:<br data-start=\"537\" data-end=\"540\" \/><a href=\"https:\/\/leatai.com\/es\/conocimiento-sobre-cuadernos\/guia-de-tamanos-de-papel-comprenda-los-tamanos-comunes-como-b3-a4-b5-8k-16k-y-mas-una-tabla-de-tamanos-completa-para-una-referencia-facil\/\" target=\"_blank\" rel=\"noopener\">Gu\u00eda de tama\u00f1os de papel: \u00bfC\u00f3mo se clasifican los tama\u00f1os comunes como B3, A4, B5, 8K, 16K? \u00a1Una tabla de comparaci\u00f3n de tama\u00f1os de papel que lo explica todo!<\/a><\/p>\n","protected":false},"excerpt":{"rendered":"<p>Nombre del cliente: Industrial Technology Research Institute Tama\u00f1o del caso: 25K Estilo del caso: Cuaderno r\u00fastico Efecto del logo: Grabado Puntos destacados: Una de las instituciones acad\u00e9micas m\u00e1s prestigiosas del pa\u00eds. Dado que su trabajo diario requiere registrar numerosos detalles, un cuaderno personalizado es la mejor opci\u00f3n para satisfacer todos los desaf\u00edos del trabajo cotidiano. [&hellip;]<\/p>\n","protected":false},"featured_media":171493,"template":"","meta":{"_acf_changed":false},"product_brand":[],"product_cat":[939],"product_tag":[1465],"home_works":[],"class_list":{"0":"post-171492","1":"product","2":"type-product","3":"status-publish","4":"has-post-thumbnail","6":"product_cat-cuaderno-de-tapa-blanda-oem","7":"product_tag-oem-es","9":"first","10":"outofstock","11":"sold-individually","12":"shipping-taxable","13":"purchasable","14":"product-type-variable","15":"has-default-attributes"},"acf":[],"yoast_head":"<!-- This site is optimized with the Yoast SEO plugin v27.2 - https:\/\/yoast.com\/product\/yoast-seo-wordpress\/ -->\n<title>Industrial Technology Research Institute - Una instituci\u00f3n acad\u00e9mica de \u00e9lite, que m\u00e1s necesita cuadernos personalizados. - Leatai \u2013 Fabricante de cuadernos personalizados<\/title>\n<meta name=\"description\" content=\"Caso de cuaderno r\u00fastico OEM: Industrial Technology Research Institute Estilo: Cuaderno r\u00fastico Tama\u00f1o: 25K Puntos destacados: Una instituci\u00f3n acad\u00e9mica de primer nivel en el pa\u00eds. Dado que a diario se necesita escribir y registrar muchos peque\u00f1os detalles, un cuaderno personalizado es la opci\u00f3n m\u00e1s adecuada para enfrentar todos los retos del trabajo cotidiano.\" \/>\n<meta name=\"robots\" content=\"index, follow, max-snippet:-1, max-image-preview:large, max-video-preview:-1\" \/>\n<link rel=\"canonical\" href=\"https:\/\/leatai.com\/es\/product\/varias-muestras-oem\/cuaderno-de-tapa-blanda-oem\/industrial-technology-research-institute\/\" \/>\n<meta property=\"og:locale\" content=\"es_ES\" \/>\n<meta property=\"og:type\" content=\"article\" \/>\n<meta property=\"og:title\" content=\"Industrial Technology Research Institute - Una instituci\u00f3n acad\u00e9mica de \u00e9lite, que m\u00e1s necesita cuadernos personalizados. - Leatai \u2013 Fabricante de cuadernos personalizados\" \/>\n<meta property=\"og:description\" content=\"Caso de cuaderno r\u00fastico OEM: Industrial Technology Research Institute Estilo: Cuaderno r\u00fastico Tama\u00f1o: 25K Puntos destacados: Una instituci\u00f3n acad\u00e9mica de primer nivel en el pa\u00eds. Dado que a diario se necesita escribir y registrar muchos peque\u00f1os detalles, un cuaderno personalizado es la opci\u00f3n m\u00e1s adecuada para enfrentar todos los retos del trabajo cotidiano.\" \/>\n<meta property=\"og:url\" content=\"https:\/\/leatai.com\/es\/product\/varias-muestras-oem\/cuaderno-de-tapa-blanda-oem\/industrial-technology-research-institute\/\" \/>\n<meta property=\"og:site_name\" content=\"Leatai \u2013 Fabricante de cuadernos personalizados\" \/>\n<meta property=\"article:modified_time\" content=\"2025-04-02T09:10:08+00:00\" \/>\n<meta property=\"og:image\" content=\"https:\/\/leatai.com\/wp-content\/uploads\/1-23.jpg\" \/>\n\t<meta property=\"og:image:width\" content=\"1000\" \/>\n\t<meta property=\"og:image:height\" content=\"750\" \/>\n\t<meta property=\"og:image:type\" content=\"image\/jpeg\" \/>\n<meta name=\"twitter:card\" content=\"summary_large_image\" \/>\n<meta name=\"twitter:label1\" content=\"Tiempo de lectura\" \/>\n\t<meta name=\"twitter:data1\" content=\"2 minutos\" \/>\n<script type=\"application\/ld+json\" class=\"yoast-schema-graph\">{\"@context\":\"https:\/\/schema.org\",\"@graph\":[{\"@type\":\"WebPage\",\"@id\":\"https:\/\/leatai.com\/es\/product\/varias-muestras-oem\/cuaderno-de-tapa-blanda-oem\/industrial-technology-research-institute\/\",\"url\":\"https:\/\/leatai.com\/es\/product\/varias-muestras-oem\/cuaderno-de-tapa-blanda-oem\/industrial-technology-research-institute\/\",\"name\":\"Industrial Technology Research Institute - Una instituci\u00f3n acad\u00e9mica de \u00e9lite, que m\u00e1s necesita cuadernos personalizados. - Leatai \u2013 Fabricante de cuadernos personalizados\",\"isPartOf\":{\"@id\":\"https:\/\/leatai.com\/es\/#website\"},\"primaryImageOfPage\":{\"@id\":\"https:\/\/leatai.com\/es\/product\/varias-muestras-oem\/cuaderno-de-tapa-blanda-oem\/industrial-technology-research-institute\/#primaryimage\"},\"image\":{\"@id\":\"https:\/\/leatai.com\/es\/product\/varias-muestras-oem\/cuaderno-de-tapa-blanda-oem\/industrial-technology-research-institute\/#primaryimage\"},\"thumbnailUrl\":\"https:\/\/leatai.com\/wp-content\/uploads\/1-23.jpg\",\"datePublished\":\"2021-08-19T14:00:36+00:00\",\"dateModified\":\"2025-04-02T09:10:08+00:00\",\"description\":\"Caso de cuaderno r\u00fastico OEM: Industrial Technology Research Institute Estilo: Cuaderno r\u00fastico Tama\u00f1o: 25K Puntos destacados: Una instituci\u00f3n acad\u00e9mica de primer nivel en el pa\u00eds. Dado que a diario se necesita escribir y registrar muchos peque\u00f1os detalles, un cuaderno personalizado es la opci\u00f3n m\u00e1s adecuada para enfrentar todos los retos del trabajo cotidiano.\",\"breadcrumb\":{\"@id\":\"https:\/\/leatai.com\/es\/product\/varias-muestras-oem\/cuaderno-de-tapa-blanda-oem\/industrial-technology-research-institute\/#breadcrumb\"},\"inLanguage\":\"es\",\"potentialAction\":[{\"@type\":\"ReadAction\",\"target\":[\"https:\/\/leatai.com\/es\/product\/varias-muestras-oem\/cuaderno-de-tapa-blanda-oem\/industrial-technology-research-institute\/\"]}]},{\"@type\":\"ImageObject\",\"inLanguage\":\"es\",\"@id\":\"https:\/\/leatai.com\/es\/product\/varias-muestras-oem\/cuaderno-de-tapa-blanda-oem\/industrial-technology-research-institute\/#primaryimage\",\"url\":\"https:\/\/leatai.com\/wp-content\/uploads\/1-23.jpg\",\"contentUrl\":\"https:\/\/leatai.com\/wp-content\/uploads\/1-23.jpg\",\"width\":1000,\"height\":750,\"caption\":\"cuaderno r\u00fastico\"},{\"@type\":\"BreadcrumbList\",\"@id\":\"https:\/\/leatai.com\/es\/product\/varias-muestras-oem\/cuaderno-de-tapa-blanda-oem\/industrial-technology-research-institute\/#breadcrumb\",\"itemListElement\":[{\"@type\":\"ListItem\",\"position\":1,\"name\":\"Home\",\"item\":\"https:\/\/leatai.com\/es\/\"},{\"@type\":\"ListItem\",\"position\":2,\"name\":\"Presentaci\u00f3n de productos\",\"item\":\"https:\/\/leatai.com\/products\/\"},{\"@type\":\"ListItem\",\"position\":3,\"name\":\"Varias Muestras OEM\",\"item\":\"https:\/\/leatai.com\/es\/categoria-producto\/varias-muestras-oem\/\"},{\"@type\":\"ListItem\",\"position\":4,\"name\":\"Cuaderno de Tapa Blanda OEM\",\"item\":\"https:\/\/leatai.com\/es\/categoria-producto\/varias-muestras-oem\/cuaderno-de-tapa-blanda-oem\/\"},{\"@type\":\"ListItem\",\"position\":5,\"name\":\"Industrial Technology Research Institute\"}]},{\"@type\":\"WebSite\",\"@id\":\"https:\/\/leatai.com\/es\/#website\",\"url\":\"https:\/\/leatai.com\/es\/\",\"name\":\"Leatai \u2013 Fabricante de cuadernos personalizados\",\"description\":\"Leatai ofrece cuadernos y planificadores personalizados para marcas y distribuidores globales.\",\"publisher\":{\"@id\":\"https:\/\/leatai.com\/es\/#organization\"},\"potentialAction\":[{\"@type\":\"SearchAction\",\"target\":{\"@type\":\"EntryPoint\",\"urlTemplate\":\"https:\/\/leatai.com\/es\/?s={search_term_string}\"},\"query-input\":{\"@type\":\"PropertyValueSpecification\",\"valueRequired\":true,\"valueName\":\"search_term_string\"}}],\"inLanguage\":\"es\"},{\"@type\":\"Organization\",\"@id\":\"https:\/\/leatai.com\/es\/#organization\",\"name\":\"Leatai Diary, customized journal and business organizer\",\"url\":\"https:\/\/leatai.com\/es\/\",\"logo\":{\"@type\":\"ImageObject\",\"inLanguage\":\"es\",\"@id\":\"https:\/\/leatai.com\/es\/#\/schema\/logo\/image\/\",\"url\":\"https:\/\/leatai.com\/wp-content\/uploads\/logo-blue.png\",\"contentUrl\":\"https:\/\/leatai.com\/wp-content\/uploads\/logo-blue.png\",\"width\":230,\"height\":60,\"caption\":\"Leatai Diary, customized journal and business organizer\"},\"image\":{\"@id\":\"https:\/\/leatai.com\/es\/#\/schema\/logo\/image\/\"}}]}<\/script>\n<!-- \/ Yoast SEO plugin. -->","yoast_head_json":{"title":"Industrial Technology Research Institute - Una instituci\u00f3n acad\u00e9mica de \u00e9lite, que m\u00e1s necesita cuadernos personalizados. - Leatai \u2013 Fabricante de cuadernos personalizados","description":"Caso de cuaderno r\u00fastico OEM: Industrial Technology Research Institute Estilo: Cuaderno r\u00fastico Tama\u00f1o: 25K Puntos destacados: Una instituci\u00f3n acad\u00e9mica de primer nivel en el pa\u00eds. Dado que a diario se necesita escribir y registrar muchos peque\u00f1os detalles, un cuaderno personalizado es la opci\u00f3n m\u00e1s adecuada para enfrentar todos los retos del trabajo cotidiano.","robots":{"index":"index","follow":"follow","max-snippet":"max-snippet:-1","max-image-preview":"max-image-preview:large","max-video-preview":"max-video-preview:-1"},"canonical":"https:\/\/leatai.com\/es\/product\/varias-muestras-oem\/cuaderno-de-tapa-blanda-oem\/industrial-technology-research-institute\/","og_locale":"es_ES","og_type":"article","og_title":"Industrial Technology Research Institute - Una instituci\u00f3n acad\u00e9mica de \u00e9lite, que m\u00e1s necesita cuadernos personalizados. - Leatai \u2013 Fabricante de cuadernos personalizados","og_description":"Caso de cuaderno r\u00fastico OEM: Industrial Technology Research Institute Estilo: Cuaderno r\u00fastico Tama\u00f1o: 25K Puntos destacados: Una instituci\u00f3n acad\u00e9mica de primer nivel en el pa\u00eds. Dado que a diario se necesita escribir y registrar muchos peque\u00f1os detalles, un cuaderno personalizado es la opci\u00f3n m\u00e1s adecuada para enfrentar todos los retos del trabajo cotidiano.","og_url":"https:\/\/leatai.com\/es\/product\/varias-muestras-oem\/cuaderno-de-tapa-blanda-oem\/industrial-technology-research-institute\/","og_site_name":"Leatai \u2013 Fabricante de cuadernos personalizados","article_modified_time":"2025-04-02T09:10:08+00:00","og_image":[{"width":1000,"height":750,"url":"https:\/\/leatai.com\/wp-content\/uploads\/1-23.jpg","type":"image\/jpeg"}],"twitter_card":"summary_large_image","twitter_misc":{"Tiempo de lectura":"2 minutos"},"schema":{"@context":"https:\/\/schema.org","@graph":[{"@type":"WebPage","@id":"https:\/\/leatai.com\/es\/product\/varias-muestras-oem\/cuaderno-de-tapa-blanda-oem\/industrial-technology-research-institute\/","url":"https:\/\/leatai.com\/es\/product\/varias-muestras-oem\/cuaderno-de-tapa-blanda-oem\/industrial-technology-research-institute\/","name":"Industrial Technology Research Institute - Una instituci\u00f3n acad\u00e9mica de \u00e9lite, que m\u00e1s necesita cuadernos personalizados. - Leatai \u2013 Fabricante de cuadernos personalizados","isPartOf":{"@id":"https:\/\/leatai.com\/es\/#website"},"primaryImageOfPage":{"@id":"https:\/\/leatai.com\/es\/product\/varias-muestras-oem\/cuaderno-de-tapa-blanda-oem\/industrial-technology-research-institute\/#primaryimage"},"image":{"@id":"https:\/\/leatai.com\/es\/product\/varias-muestras-oem\/cuaderno-de-tapa-blanda-oem\/industrial-technology-research-institute\/#primaryimage"},"thumbnailUrl":"https:\/\/leatai.com\/wp-content\/uploads\/1-23.jpg","datePublished":"2021-08-19T14:00:36+00:00","dateModified":"2025-04-02T09:10:08+00:00","description":"Caso de cuaderno r\u00fastico OEM: Industrial Technology Research Institute Estilo: Cuaderno r\u00fastico Tama\u00f1o: 25K Puntos destacados: Una instituci\u00f3n acad\u00e9mica de primer nivel en el pa\u00eds. Dado que a diario se necesita escribir y registrar muchos peque\u00f1os detalles, un cuaderno personalizado es la opci\u00f3n m\u00e1s adecuada para enfrentar todos los retos del trabajo cotidiano.","breadcrumb":{"@id":"https:\/\/leatai.com\/es\/product\/varias-muestras-oem\/cuaderno-de-tapa-blanda-oem\/industrial-technology-research-institute\/#breadcrumb"},"inLanguage":"es","potentialAction":[{"@type":"ReadAction","target":["https:\/\/leatai.com\/es\/product\/varias-muestras-oem\/cuaderno-de-tapa-blanda-oem\/industrial-technology-research-institute\/"]}]},{"@type":"ImageObject","inLanguage":"es","@id":"https:\/\/leatai.com\/es\/product\/varias-muestras-oem\/cuaderno-de-tapa-blanda-oem\/industrial-technology-research-institute\/#primaryimage","url":"https:\/\/leatai.com\/wp-content\/uploads\/1-23.jpg","contentUrl":"https:\/\/leatai.com\/wp-content\/uploads\/1-23.jpg","width":1000,"height":750,"caption":"cuaderno r\u00fastico"},{"@type":"BreadcrumbList","@id":"https:\/\/leatai.com\/es\/product\/varias-muestras-oem\/cuaderno-de-tapa-blanda-oem\/industrial-technology-research-institute\/#breadcrumb","itemListElement":[{"@type":"ListItem","position":1,"name":"Home","item":"https:\/\/leatai.com\/es\/"},{"@type":"ListItem","position":2,"name":"Presentaci\u00f3n de productos","item":"https:\/\/leatai.com\/products\/"},{"@type":"ListItem","position":3,"name":"Varias Muestras OEM","item":"https:\/\/leatai.com\/es\/categoria-producto\/varias-muestras-oem\/"},{"@type":"ListItem","position":4,"name":"Cuaderno de Tapa Blanda OEM","item":"https:\/\/leatai.com\/es\/categoria-producto\/varias-muestras-oem\/cuaderno-de-tapa-blanda-oem\/"},{"@type":"ListItem","position":5,"name":"Industrial Technology Research Institute"}]},{"@type":"WebSite","@id":"https:\/\/leatai.com\/es\/#website","url":"https:\/\/leatai.com\/es\/","name":"Leatai \u2013 Fabricante de cuadernos personalizados","description":"Leatai ofrece cuadernos y planificadores personalizados para marcas y distribuidores globales.","publisher":{"@id":"https:\/\/leatai.com\/es\/#organization"},"potentialAction":[{"@type":"SearchAction","target":{"@type":"EntryPoint","urlTemplate":"https:\/\/leatai.com\/es\/?s={search_term_string}"},"query-input":{"@type":"PropertyValueSpecification","valueRequired":true,"valueName":"search_term_string"}}],"inLanguage":"es"},{"@type":"Organization","@id":"https:\/\/leatai.com\/es\/#organization","name":"Leatai Diary, customized journal and business organizer","url":"https:\/\/leatai.com\/es\/","logo":{"@type":"ImageObject","inLanguage":"es","@id":"https:\/\/leatai.com\/es\/#\/schema\/logo\/image\/","url":"https:\/\/leatai.com\/wp-content\/uploads\/logo-blue.png","contentUrl":"https:\/\/leatai.com\/wp-content\/uploads\/logo-blue.png","width":230,"height":60,"caption":"Leatai Diary, customized journal and business organizer"},"image":{"@id":"https:\/\/leatai.com\/es\/#\/schema\/logo\/image\/"}}]}},"_links":{"self":[{"href":"https:\/\/leatai.com\/es\/wp-json\/wp\/v2\/product\/171492","targetHints":{"allow":["GET"]}}],"collection":[{"href":"https:\/\/leatai.com\/es\/wp-json\/wp\/v2\/product"}],"about":[{"href":"https:\/\/leatai.com\/es\/wp-json\/wp\/v2\/types\/product"}],"wp:featuredmedia":[{"embeddable":true,"href":"https:\/\/leatai.com\/es\/wp-json\/wp\/v2\/media\/171493"}],"wp:attachment":[{"href":"https:\/\/leatai.com\/es\/wp-json\/wp\/v2\/media?parent=171492"}],"wp:term":[{"taxonomy":"product_brand","embeddable":true,"href":"https:\/\/leatai.com\/es\/wp-json\/wp\/v2\/product_brand?post=171492"},{"taxonomy":"product_cat","embeddable":true,"href":"https:\/\/leatai.com\/es\/wp-json\/wp\/v2\/product_cat?post=171492"},{"taxonomy":"product_tag","embeddable":true,"href":"https:\/\/leatai.com\/es\/wp-json\/wp\/v2\/product_tag?post=171492"},{"taxonomy":"home_works","embeddable":true,"href":"https:\/\/leatai.com\/es\/wp-json\/wp\/v2\/home_works?post=171492"}],"curies":[{"name":"wp","href":"https:\/\/api.w.org\/{rel}","templated":true}]}}