{"id":171325,"date":"2024-08-21T19:34:22","date_gmt":"2024-08-21T11:34:22","guid":{"rendered":"https:\/\/leatai.com\/?post_type=product&#038;p=171325"},"modified":"2025-12-10T15:09:21","modified_gmt":"2025-12-10T07:09:21","slug":"hoya-bit-exchange","status":"publish","type":"product","link":"https:\/\/leatai.com\/es\/product\/varias-muestras-oem\/oem-otros\/hoya-bit-exchange\/","title":{"rendered":"HOYA BIT Exchange"},"content":{"rendered":"<p>Nombre del cliente: HOYA BIT Exchange<br \/>\nTama\u00f1o del proyecto: tama\u00f1o personalizado<br \/>\nTipo de producto: bloc de notas de cubierta completa<br \/>\nAplicaci\u00f3n en la portada: impresi\u00f3n<br \/>\nPunto destacado: Este bloc de notas con apertura superior responde a diferentes necesidades de uso: en ocasiones se desea que las hojas se desprendan con facilidad, y en otras, que permanezcan firmes. Para estas dos preferencias, se aplican distintas soluciones estructurales. Consulta las fotos de referencia para m\u00e1s detalles.<\/p>\n<p>&nbsp;<\/p>\n<p class=\"\" data-start=\"0\" data-end=\"480\"><strong>\ud83d\udcd6<\/strong>Todos los ejemplos personalizados:<a href=\"https:\/\/leatai.com\/es\/etiqueta-producto\/oem-es\/\" target=\"_blank\" rel=\"noopener\"> cuadernos personalizados \/ agendas ejecutivas personalizadas<\/a><br data-start=\"95\" data-end=\"98\" \/><strong>\ud83d\udcd6<\/strong>Para productos est\u00e1ndar de cuadernos personalizados \/ agendas ejecutivas, consulta:<br data-start=\"181\" data-end=\"184\" \/><a href=\"https:\/\/leatai.com\/es\/categoria-producto\/planificador-personalizado\/cuaderno-de-tapa-dura\/\" target=\"_blank\" rel=\"noopener\">cuadernos de tapa dura \/ agendas ejecutivas de tapa dura<\/a><br data-start=\"240\" data-end=\"243\" \/><a href=\"https:\/\/leatai.com\/es\/categoria-producto\/planificador-personalizado\/cuaderno-de-hojas-sueltas\/\" target=\"_blank\" rel=\"noopener\">cuadernos de anillas \/ agendas ejecutivas de anillas<\/a><br data-start=\"295\" data-end=\"298\" \/><a href=\"https:\/\/leatai.com\/es\/categoria-producto\/planificador-personalizado\/cuaderno-extraible\/\" target=\"_blank\" rel=\"noopener\">cuadernos de anillas extra\u00edbles \/ agendas ejecutivas de anillas extra\u00edbles<\/a><br data-start=\"372\" data-end=\"375\" \/><a href=\"https:\/\/leatai.com\/es\/categoria-producto\/planificador-personalizado\/cuaderno-de-tapa-blanda\/\" target=\"_blank\" rel=\"noopener\">cuadernos r\u00fasticos \/ agendas ejecutivas r\u00fasticas<\/a><br data-start=\"423\" data-end=\"426\" \/><a href=\"https:\/\/leatai.com\/es\/categoria-producto\/planificador-personalizado\/cuaderno-de-espiral\/\" target=\"_blank\" rel=\"noopener\">cuadernos de espiral \/ agendas ejecutivas de espiral<\/a><\/p>\n<p class=\"\" data-start=\"482\" data-end=\"698\"><strong>\ud83d\udcd6<\/strong>Para una explicaci\u00f3n completa de los tama\u00f1os, consulta:<br data-start=\"537\" data-end=\"540\" \/><a href=\"https:\/\/leatai.com\/es\/conocimiento-sobre-cuadernos\/guia-de-tamanos-de-papel-comprenda-los-tamanos-comunes-como-b3-a4-b5-8k-16k-y-mas-una-tabla-de-tamanos-completa-para-una-referencia-facil\/\" target=\"_blank\" rel=\"noopener\">Gu\u00eda de tama\u00f1os de papel: \u00bfC\u00f3mo se clasifican los tama\u00f1os comunes como B3, A4, B5, 8K, 16K? \u00a1Una tabla de comparaci\u00f3n de tama\u00f1os de papel que lo explica todo!<\/a><\/p>\n","protected":false},"excerpt":{"rendered":"<p>Nombre del cliente: HOYA BIT Exchange Tama\u00f1o del proyecto: tama\u00f1o personalizado Tipo de producto: bloc de notas de cubierta completa Aplicaci\u00f3n en la portada: impresi\u00f3n Punto destacado: Este bloc de notas con apertura superior responde a diferentes necesidades de uso: en ocasiones se desea que las hojas se desprendan con facilidad, y en otras, que [&hellip;]<\/p>\n","protected":false},"featured_media":77319,"template":"","meta":{"_acf_changed":false},"product_brand":[],"product_cat":[952],"product_tag":[1465],"home_works":[],"class_list":{"0":"post-171325","1":"product","2":"type-product","3":"status-publish","4":"has-post-thumbnail","6":"product_cat-oem-otros","7":"product_tag-oem-es","9":"first","10":"outofstock","11":"sold-individually","12":"shipping-taxable","13":"purchasable","14":"product-type-variable","15":"has-default-attributes"},"acf":[],"yoast_head":"<!-- This site is optimized with the Yoast SEO plugin v27.2 - https:\/\/yoast.com\/product\/yoast-seo-wordpress\/ -->\n<title>HOYA BIT Exchange - Leatai \u2013 Fabricante de cuadernos personalizados<\/title>\n<meta name=\"description\" content=\"Caso OEM: HOYA BIT Exchange Estilo: bloc de notas de cubierta completa Tama\u00f1o: tama\u00f1o personalizado Punto destacado: Este bloc de notas con apertura superior se adapta a distintas necesidades: en algunos casos se busca que las hojas se desprendan con facilidad, mientras que en otros se prefiere que se mantengan firmemente unidas. Existen diferentes estructuras seg\u00fan el requerimiento. Consulta las fotos de referencia para m\u00e1s detalles.\" \/>\n<meta name=\"robots\" content=\"index, follow, max-snippet:-1, max-image-preview:large, max-video-preview:-1\" \/>\n<link rel=\"canonical\" href=\"https:\/\/leatai.com\/es\/product\/varias-muestras-oem\/oem-otros\/hoya-bit-exchange\/\" \/>\n<meta property=\"og:locale\" content=\"es_ES\" \/>\n<meta property=\"og:type\" content=\"article\" \/>\n<meta property=\"og:title\" content=\"HOYA BIT Exchange - Leatai \u2013 Fabricante de cuadernos personalizados\" \/>\n<meta property=\"og:description\" content=\"Caso OEM: HOYA BIT Exchange Estilo: bloc de notas de cubierta completa Tama\u00f1o: tama\u00f1o personalizado Punto destacado: Este bloc de notas con apertura superior se adapta a distintas necesidades: en algunos casos se busca que las hojas se desprendan con facilidad, mientras que en otros se prefiere que se mantengan firmemente unidas. Existen diferentes estructuras seg\u00fan el requerimiento. Consulta las fotos de referencia para m\u00e1s detalles.\" \/>\n<meta property=\"og:url\" content=\"https:\/\/leatai.com\/es\/product\/varias-muestras-oem\/oem-otros\/hoya-bit-exchange\/\" \/>\n<meta property=\"og:site_name\" content=\"Leatai \u2013 Fabricante de cuadernos personalizados\" \/>\n<meta property=\"article:modified_time\" content=\"2025-12-10T07:09:21+00:00\" \/>\n<meta property=\"og:image\" content=\"https:\/\/leatai.com\/wp-content\/uploads\/DSC_6859.jpg\" \/>\n\t<meta property=\"og:image:width\" content=\"1000\" \/>\n\t<meta property=\"og:image:height\" content=\"668\" \/>\n\t<meta property=\"og:image:type\" content=\"image\/jpeg\" \/>\n<meta name=\"twitter:card\" content=\"summary_large_image\" \/>\n<meta name=\"twitter:label1\" content=\"Tiempo de lectura\" \/>\n\t<meta name=\"twitter:data1\" content=\"2 minutos\" \/>\n<script type=\"application\/ld+json\" class=\"yoast-schema-graph\">{\"@context\":\"https:\/\/schema.org\",\"@graph\":[{\"@type\":\"WebPage\",\"@id\":\"https:\/\/leatai.com\/es\/product\/varias-muestras-oem\/oem-otros\/hoya-bit-exchange\/\",\"url\":\"https:\/\/leatai.com\/es\/product\/varias-muestras-oem\/oem-otros\/hoya-bit-exchange\/\",\"name\":\"HOYA BIT Exchange - Leatai \u2013 Fabricante de cuadernos personalizados\",\"isPartOf\":{\"@id\":\"https:\/\/leatai.com\/es\/#website\"},\"primaryImageOfPage\":{\"@id\":\"https:\/\/leatai.com\/es\/product\/varias-muestras-oem\/oem-otros\/hoya-bit-exchange\/#primaryimage\"},\"image\":{\"@id\":\"https:\/\/leatai.com\/es\/product\/varias-muestras-oem\/oem-otros\/hoya-bit-exchange\/#primaryimage\"},\"thumbnailUrl\":\"https:\/\/leatai.com\/wp-content\/uploads\/DSC_6859.jpg\",\"datePublished\":\"2024-08-21T11:34:22+00:00\",\"dateModified\":\"2025-12-10T07:09:21+00:00\",\"description\":\"Caso OEM: HOYA BIT Exchange Estilo: bloc de notas de cubierta completa Tama\u00f1o: tama\u00f1o personalizado Punto destacado: Este bloc de notas con apertura superior se adapta a distintas necesidades: en algunos casos se busca que las hojas se desprendan con facilidad, mientras que en otros se prefiere que se mantengan firmemente unidas. Existen diferentes estructuras seg\u00fan el requerimiento. Consulta las fotos de referencia para m\u00e1s detalles.\",\"breadcrumb\":{\"@id\":\"https:\/\/leatai.com\/es\/product\/varias-muestras-oem\/oem-otros\/hoya-bit-exchange\/#breadcrumb\"},\"inLanguage\":\"es\",\"potentialAction\":[{\"@type\":\"ReadAction\",\"target\":[\"https:\/\/leatai.com\/es\/product\/varias-muestras-oem\/oem-otros\/hoya-bit-exchange\/\"]}]},{\"@type\":\"ImageObject\",\"inLanguage\":\"es\",\"@id\":\"https:\/\/leatai.com\/es\/product\/varias-muestras-oem\/oem-otros\/hoya-bit-exchange\/#primaryimage\",\"url\":\"https:\/\/leatai.com\/wp-content\/uploads\/DSC_6859.jpg\",\"contentUrl\":\"https:\/\/leatai.com\/wp-content\/uploads\/DSC_6859.jpg\",\"width\":1000,\"height\":668},{\"@type\":\"BreadcrumbList\",\"@id\":\"https:\/\/leatai.com\/es\/product\/varias-muestras-oem\/oem-otros\/hoya-bit-exchange\/#breadcrumb\",\"itemListElement\":[{\"@type\":\"ListItem\",\"position\":1,\"name\":\"Home\",\"item\":\"https:\/\/leatai.com\/es\/\"},{\"@type\":\"ListItem\",\"position\":2,\"name\":\"Presentaci\u00f3n de productos\",\"item\":\"https:\/\/leatai.com\/products\/\"},{\"@type\":\"ListItem\",\"position\":3,\"name\":\"Varias Muestras OEM\",\"item\":\"https:\/\/leatai.com\/es\/categoria-producto\/varias-muestras-oem\/\"},{\"@type\":\"ListItem\",\"position\":4,\"name\":\"OEM Otros\",\"item\":\"https:\/\/leatai.com\/es\/categoria-producto\/varias-muestras-oem\/oem-otros\/\"},{\"@type\":\"ListItem\",\"position\":5,\"name\":\"HOYA BIT Exchange\"}]},{\"@type\":\"WebSite\",\"@id\":\"https:\/\/leatai.com\/es\/#website\",\"url\":\"https:\/\/leatai.com\/es\/\",\"name\":\"Leatai \u2013 Fabricante de cuadernos personalizados\",\"description\":\"Leatai ofrece cuadernos y planificadores personalizados para marcas y distribuidores globales.\",\"publisher\":{\"@id\":\"https:\/\/leatai.com\/es\/#organization\"},\"potentialAction\":[{\"@type\":\"SearchAction\",\"target\":{\"@type\":\"EntryPoint\",\"urlTemplate\":\"https:\/\/leatai.com\/es\/?s={search_term_string}\"},\"query-input\":{\"@type\":\"PropertyValueSpecification\",\"valueRequired\":true,\"valueName\":\"search_term_string\"}}],\"inLanguage\":\"es\"},{\"@type\":\"Organization\",\"@id\":\"https:\/\/leatai.com\/es\/#organization\",\"name\":\"Leatai Diary, customized journal and business organizer\",\"url\":\"https:\/\/leatai.com\/es\/\",\"logo\":{\"@type\":\"ImageObject\",\"inLanguage\":\"es\",\"@id\":\"https:\/\/leatai.com\/es\/#\/schema\/logo\/image\/\",\"url\":\"https:\/\/leatai.com\/wp-content\/uploads\/logo-blue.png\",\"contentUrl\":\"https:\/\/leatai.com\/wp-content\/uploads\/logo-blue.png\",\"width\":230,\"height\":60,\"caption\":\"Leatai Diary, customized journal and business organizer\"},\"image\":{\"@id\":\"https:\/\/leatai.com\/es\/#\/schema\/logo\/image\/\"}}]}<\/script>\n<!-- \/ Yoast SEO plugin. -->","yoast_head_json":{"title":"HOYA BIT Exchange - Leatai \u2013 Fabricante de cuadernos personalizados","description":"Caso OEM: HOYA BIT Exchange Estilo: bloc de notas de cubierta completa Tama\u00f1o: tama\u00f1o personalizado Punto destacado: Este bloc de notas con apertura superior se adapta a distintas necesidades: en algunos casos se busca que las hojas se desprendan con facilidad, mientras que en otros se prefiere que se mantengan firmemente unidas. Existen diferentes estructuras seg\u00fan el requerimiento. Consulta las fotos de referencia para m\u00e1s detalles.","robots":{"index":"index","follow":"follow","max-snippet":"max-snippet:-1","max-image-preview":"max-image-preview:large","max-video-preview":"max-video-preview:-1"},"canonical":"https:\/\/leatai.com\/es\/product\/varias-muestras-oem\/oem-otros\/hoya-bit-exchange\/","og_locale":"es_ES","og_type":"article","og_title":"HOYA BIT Exchange - Leatai \u2013 Fabricante de cuadernos personalizados","og_description":"Caso OEM: HOYA BIT Exchange Estilo: bloc de notas de cubierta completa Tama\u00f1o: tama\u00f1o personalizado Punto destacado: Este bloc de notas con apertura superior se adapta a distintas necesidades: en algunos casos se busca que las hojas se desprendan con facilidad, mientras que en otros se prefiere que se mantengan firmemente unidas. Existen diferentes estructuras seg\u00fan el requerimiento. Consulta las fotos de referencia para m\u00e1s detalles.","og_url":"https:\/\/leatai.com\/es\/product\/varias-muestras-oem\/oem-otros\/hoya-bit-exchange\/","og_site_name":"Leatai \u2013 Fabricante de cuadernos personalizados","article_modified_time":"2025-12-10T07:09:21+00:00","og_image":[{"width":1000,"height":668,"url":"https:\/\/leatai.com\/wp-content\/uploads\/DSC_6859.jpg","type":"image\/jpeg"}],"twitter_card":"summary_large_image","twitter_misc":{"Tiempo de lectura":"2 minutos"},"schema":{"@context":"https:\/\/schema.org","@graph":[{"@type":"WebPage","@id":"https:\/\/leatai.com\/es\/product\/varias-muestras-oem\/oem-otros\/hoya-bit-exchange\/","url":"https:\/\/leatai.com\/es\/product\/varias-muestras-oem\/oem-otros\/hoya-bit-exchange\/","name":"HOYA BIT Exchange - Leatai \u2013 Fabricante de cuadernos personalizados","isPartOf":{"@id":"https:\/\/leatai.com\/es\/#website"},"primaryImageOfPage":{"@id":"https:\/\/leatai.com\/es\/product\/varias-muestras-oem\/oem-otros\/hoya-bit-exchange\/#primaryimage"},"image":{"@id":"https:\/\/leatai.com\/es\/product\/varias-muestras-oem\/oem-otros\/hoya-bit-exchange\/#primaryimage"},"thumbnailUrl":"https:\/\/leatai.com\/wp-content\/uploads\/DSC_6859.jpg","datePublished":"2024-08-21T11:34:22+00:00","dateModified":"2025-12-10T07:09:21+00:00","description":"Caso OEM: HOYA BIT Exchange Estilo: bloc de notas de cubierta completa Tama\u00f1o: tama\u00f1o personalizado Punto destacado: Este bloc de notas con apertura superior se adapta a distintas necesidades: en algunos casos se busca que las hojas se desprendan con facilidad, mientras que en otros se prefiere que se mantengan firmemente unidas. Existen diferentes estructuras seg\u00fan el requerimiento. Consulta las fotos de referencia para m\u00e1s detalles.","breadcrumb":{"@id":"https:\/\/leatai.com\/es\/product\/varias-muestras-oem\/oem-otros\/hoya-bit-exchange\/#breadcrumb"},"inLanguage":"es","potentialAction":[{"@type":"ReadAction","target":["https:\/\/leatai.com\/es\/product\/varias-muestras-oem\/oem-otros\/hoya-bit-exchange\/"]}]},{"@type":"ImageObject","inLanguage":"es","@id":"https:\/\/leatai.com\/es\/product\/varias-muestras-oem\/oem-otros\/hoya-bit-exchange\/#primaryimage","url":"https:\/\/leatai.com\/wp-content\/uploads\/DSC_6859.jpg","contentUrl":"https:\/\/leatai.com\/wp-content\/uploads\/DSC_6859.jpg","width":1000,"height":668},{"@type":"BreadcrumbList","@id":"https:\/\/leatai.com\/es\/product\/varias-muestras-oem\/oem-otros\/hoya-bit-exchange\/#breadcrumb","itemListElement":[{"@type":"ListItem","position":1,"name":"Home","item":"https:\/\/leatai.com\/es\/"},{"@type":"ListItem","position":2,"name":"Presentaci\u00f3n de productos","item":"https:\/\/leatai.com\/products\/"},{"@type":"ListItem","position":3,"name":"Varias Muestras OEM","item":"https:\/\/leatai.com\/es\/categoria-producto\/varias-muestras-oem\/"},{"@type":"ListItem","position":4,"name":"OEM Otros","item":"https:\/\/leatai.com\/es\/categoria-producto\/varias-muestras-oem\/oem-otros\/"},{"@type":"ListItem","position":5,"name":"HOYA BIT Exchange"}]},{"@type":"WebSite","@id":"https:\/\/leatai.com\/es\/#website","url":"https:\/\/leatai.com\/es\/","name":"Leatai \u2013 Fabricante de cuadernos personalizados","description":"Leatai ofrece cuadernos y planificadores personalizados para marcas y distribuidores globales.","publisher":{"@id":"https:\/\/leatai.com\/es\/#organization"},"potentialAction":[{"@type":"SearchAction","target":{"@type":"EntryPoint","urlTemplate":"https:\/\/leatai.com\/es\/?s={search_term_string}"},"query-input":{"@type":"PropertyValueSpecification","valueRequired":true,"valueName":"search_term_string"}}],"inLanguage":"es"},{"@type":"Organization","@id":"https:\/\/leatai.com\/es\/#organization","name":"Leatai Diary, customized journal and business organizer","url":"https:\/\/leatai.com\/es\/","logo":{"@type":"ImageObject","inLanguage":"es","@id":"https:\/\/leatai.com\/es\/#\/schema\/logo\/image\/","url":"https:\/\/leatai.com\/wp-content\/uploads\/logo-blue.png","contentUrl":"https:\/\/leatai.com\/wp-content\/uploads\/logo-blue.png","width":230,"height":60,"caption":"Leatai Diary, customized journal and business organizer"},"image":{"@id":"https:\/\/leatai.com\/es\/#\/schema\/logo\/image\/"}}]}},"_links":{"self":[{"href":"https:\/\/leatai.com\/es\/wp-json\/wp\/v2\/product\/171325","targetHints":{"allow":["GET"]}}],"collection":[{"href":"https:\/\/leatai.com\/es\/wp-json\/wp\/v2\/product"}],"about":[{"href":"https:\/\/leatai.com\/es\/wp-json\/wp\/v2\/types\/product"}],"wp:featuredmedia":[{"embeddable":true,"href":"https:\/\/leatai.com\/es\/wp-json\/wp\/v2\/media\/77319"}],"wp:attachment":[{"href":"https:\/\/leatai.com\/es\/wp-json\/wp\/v2\/media?parent=171325"}],"wp:term":[{"taxonomy":"product_brand","embeddable":true,"href":"https:\/\/leatai.com\/es\/wp-json\/wp\/v2\/product_brand?post=171325"},{"taxonomy":"product_cat","embeddable":true,"href":"https:\/\/leatai.com\/es\/wp-json\/wp\/v2\/product_cat?post=171325"},{"taxonomy":"product_tag","embeddable":true,"href":"https:\/\/leatai.com\/es\/wp-json\/wp\/v2\/product_tag?post=171325"},{"taxonomy":"home_works","embeddable":true,"href":"https:\/\/leatai.com\/es\/wp-json\/wp\/v2\/home_works?post=171325"}],"curies":[{"name":"wp","href":"https:\/\/api.w.org\/{rel}","templated":true}]}}