{"id":219043,"date":"2025-07-10T18:27:00","date_gmt":"2025-07-10T10:27:00","guid":{"rendered":"https:\/\/leatai.com\/product\/unkategorisiert\/ldo-036\/"},"modified":"2025-07-10T18:27:00","modified_gmt":"2025-07-10T10:27:00","slug":"ldo-036","status":"publish","type":"product","link":"https:\/\/leatai.com\/de\/product\/individueller-planer\/entfernbares-notizbuch\/ldo-036\/","title":{"rendered":"LDO-036"},"content":{"rendered":"<p><strong>Produktmodell:<\/strong> LDO-036<br \/>\n<strong>Einbandmaterial:<\/strong> Synthetisches Leder<br \/>\n<strong>Farben:<\/strong> Blau \/ Gr\u00fcn<br \/>\n<strong>Formate:<\/strong> 25K (20-Ring\/6-Ring) \/ 48K (18-Ring\/6-Ring) <a href=\"https:\/\/leatai.com\/de\/faq\/was-sind-8k-16k-und-25k-planergroessen-wie-gross-sind-sie\/\" target=\"_blank\" rel=\"noopener\">(G\u00e4ngige Formate)<\/a><br \/>\n<strong>Innenseiten:<\/strong> Standardlayout<a href=\"https:\/\/leatai.com\/de\/produkt-kategorie\/innenseitenformat\/\" target=\"_blank\" rel=\"noopener\">(Auswahl an Innenseiten-Layouts)<\/a><br \/>\n<strong>Verpackung:<\/strong> OPP-Beutel (optional)<br \/>\n<strong>Logo-Veredelungsoptionen:<\/strong> Goldfolienpr\u00e4gung, Silberfolienpr\u00e4gung, Blindpr\u00e4gung<\/p>\n<p><strong>Produktbeschreibung:<\/strong><br \/>\nDas Produktmodell LDO-036 von Leatai verf\u00fcgt \u00fcber ein Frontdesign, das an eine praktische Aufbewahrungstasche erinnert \u2013 und das nicht nur optisch, sondern mit echter Funktionalit\u00e4t. Der Einsatz von Kontrastfarben verst\u00e4rkt die Verbindung zwischen Markenidentit\u00e4t und Alltagstauglichkeit und hinterl\u00e4sst dabei subtil einen st\u00e4rkeren und positiveren Eindruck.<\/p>\n<p>&nbsp;<\/p>\n<p><strong>\ud83d\udcd6<\/strong>Standard-Gesch\u00e4ftskalender: <a href=\"https:\/\/leatai.com\/de\/produkt-kategorie\/individueller-planer\/\" target=\"_blank\" rel=\"noopener\">Alle Modelle der Gesch\u00e4ftskalender-Serien<\/a> \/ <a href=\"https:\/\/leatai.com\/de\/produkt-kategorie\/innenseitenformat\/\" target=\"_blank\" rel=\"noopener\">\u00dcbersicht der Innenseitenlayouts<\/a><\/p>\n<p><strong>\ud83d\udcd6<\/strong>Weitere Empfehlungen f\u00fcr individuell gestaltete Notizb\u00fccher \/ personalisierte Gesch\u00e4ftskalender und deren Druck finden Sie hier:<br \/>\n<a href=\"https:\/\/leatai.com\/de\/produkt-kategorie\/verschiedene-oem-muster\/oem-hardcover-notizbuch\/\" target=\"_blank\" rel=\"noopener\">OEM Hardcover-Notizb\u00fccher<\/a><br \/>\n<a href=\"https:\/\/leatai.com\/de\/produkt-kategorie\/verschiedene-oem-muster\/oem-ringbuch\/\" target=\"_blank\" rel=\"noopener\">OEM Ringbuch-Notizb\u00fccher<\/a><br \/>\n<a href=\"https:\/\/leatai.com\/de\/produkt-kategorie\/verschiedene-oem-muster\/oem-abnehmbarer-notizbuch\/\" target=\"_blank\" rel=\"noopener\">OEM Einsteck-Ringb\u00fccher<\/a><br \/>\n<a href=\"https:\/\/leatai.com\/de\/produkt-kategorie\/verschiedene-oem-muster\/oem-taschenbuch-notizbuch\/\" target=\"_blank\" rel=\"noopener\">OEM Softcover-Notizb\u00fccher<\/a><br \/>\n<a href=\"https:\/\/leatai.com\/de\/produkt-kategorie\/verschiedene-oem-muster\/oem-spiralgebundenes-notizbuch\/\" target=\"_blank\" rel=\"noopener\">OEM Spiralnotizb\u00fccher<\/a><br \/>\n<a href=\"https:\/\/leatai.com\/de\/produkt-kategorie\/verschiedene-oem-muster\/oem-kalender-de\/\" target=\"_blank\" rel=\"noopener\">OEM individuell gestaltete Abrei\u00dfkalender \/ Tischkalender<\/a><br \/>\n<a href=\"https:\/\/leatai.com\/de\/produkt-kategorie\/verschiedene-oem-muster\/oem-andere\/\" target=\"_blank\" rel=\"noopener\">OEM Sonstige kundenspezifische Produkte<\/a><\/p>\n<p>F\u00fcr eine vollst\u00e4ndige Erkl\u00e4rung der Formate besuchen Sie bitte:<br \/>\nPapiergr\u00f6\u00dfen-Guide: <a href=\"https:\/\/leatai.com\/de\/notizbuchwissen\/papiergroessen-leitfaden-verstehen-sie-gaengige-groessen-wie-b3-a4-b5-8k-16k-und-mehr-eine-umfassende-groessentabelle-zur-einfachen-referenz\/\" target=\"_blank\" rel=\"noopener\">Wie unterscheidet man B3, A4, B5, 8K, 16K usw.? Eine \u00fcbersichtliche Vergleichstabelle macht alle g\u00e4ngigen Papierformate leicht verst\u00e4ndlich!<\/a><\/p>\n<p>&nbsp;<\/p>\n<p><iframe title=\"How to DIY a removable notebook\" width=\"800\" height=\"450\" src=\"https:\/\/www.youtube.com\/embed\/OsLvh1PRzxo?feature=oembed&#038;enablejsapi=1&#038;origin=https:\/\/leatai.com\" frameborder=\"0\" allow=\"accelerometer; autoplay; clipboard-write; encrypted-media; gyroscope; picture-in-picture; web-share\" referrerpolicy=\"strict-origin-when-cross-origin\" allowfullscreen><\/iframe><\/p>\n<p>&nbsp;<\/p>\n","protected":false},"excerpt":{"rendered":"<p>Produktmodell: LDO-036 Einbandmaterial: Synthetisches Leder Farben: Blau \/ Gr\u00fcn Formate: 25K (20-Ring\/6-Ring) \/ 48K (18-Ring\/6-Ring) (G\u00e4ngige Formate) Innenseiten: Standardlayout(Auswahl an Innenseiten-Layouts) Verpackung: OPP-Beutel (optional) Logo-Veredelungsoptionen: Goldfolienpr\u00e4gung, Silberfolienpr\u00e4gung, Blindpr\u00e4gung Produktbeschreibung: Das Produktmodell LDO-036 von Leatai verf\u00fcgt \u00fcber ein Frontdesign, das an eine praktische Aufbewahrungstasche erinnert \u2013 und das nicht nur optisch, sondern mit echter Funktionalit\u00e4t. Der [&hellip;]<\/p>\n","protected":false},"featured_media":215411,"template":"","meta":{"_acf_changed":false},"product_brand":[],"product_cat":[703],"product_tag":[1578],"home_works":[],"class_list":{"0":"post-219043","1":"product","2":"type-product","3":"status-publish","4":"has-post-thumbnail","6":"product_cat-entfernbares-notizbuch","7":"product_tag-2026new-de","9":"first","10":"outofstock","11":"sold-individually","12":"shipping-taxable","13":"purchasable","14":"product-type-variable"},"acf":[],"yoast_head":"<!-- This site is optimized with the Yoast SEO plugin v27.2 - https:\/\/yoast.com\/product\/yoast-seo-wordpress\/ -->\n<title>LDO-036 - Leatai \u2013 Hersteller ma\u00dfgeschneiderter Notizb\u00fccher<\/title>\n<meta name=\"description\" content=\"Produktbeschreibung: Das Produktmodell LDO-036 von Leatai verf\u00fcgt \u00fcber ein Frontdesign, das an eine praktische Aufbewahrungstasche erinnert \u2013 und das nicht nur optisch, sondern mit echter Funktionalit\u00e4t. Der Einsatz von Kontrastfarben verst\u00e4rkt die Verbindung zwischen Markenidentit\u00e4t und Alltagstauglichkeit und hinterl\u00e4sst dabei subtil einen st\u00e4rkeren und positiveren Eindruck.\" \/>\n<meta name=\"robots\" content=\"index, follow, max-snippet:-1, max-image-preview:large, max-video-preview:-1\" \/>\n<link rel=\"canonical\" href=\"https:\/\/leatai.com\/de\/product\/individueller-planer\/entfernbares-notizbuch\/ldo-036\/\" \/>\n<meta property=\"og:locale\" content=\"de_DE\" \/>\n<meta property=\"og:type\" content=\"article\" \/>\n<meta property=\"og:title\" content=\"LDO-036 - Leatai \u2013 Hersteller ma\u00dfgeschneiderter Notizb\u00fccher\" \/>\n<meta property=\"og:description\" content=\"Produktbeschreibung: Das Produktmodell LDO-036 von Leatai verf\u00fcgt \u00fcber ein Frontdesign, das an eine praktische Aufbewahrungstasche erinnert \u2013 und das nicht nur optisch, sondern mit echter Funktionalit\u00e4t. Der Einsatz von Kontrastfarben verst\u00e4rkt die Verbindung zwischen Markenidentit\u00e4t und Alltagstauglichkeit und hinterl\u00e4sst dabei subtil einen st\u00e4rkeren und positiveren Eindruck.\" \/>\n<meta property=\"og:url\" content=\"https:\/\/leatai.com\/de\/product\/individueller-planer\/entfernbares-notizbuch\/ldo-036\/\" \/>\n<meta property=\"og:site_name\" content=\"Leatai \u2013 Hersteller ma\u00dfgeschneiderter Notizb\u00fccher\" \/>\n<meta property=\"og:image\" content=\"https:\/\/leatai.com\/wp-content\/uploads\/DSC_3228-1.jpg\" \/>\n\t<meta property=\"og:image:width\" content=\"1000\" \/>\n\t<meta property=\"og:image:height\" content=\"750\" \/>\n\t<meta property=\"og:image:type\" content=\"image\/jpeg\" \/>\n<meta name=\"twitter:card\" content=\"summary_large_image\" \/>\n<meta name=\"twitter:label1\" content=\"Gesch\u00e4tzte Lesezeit\" \/>\n\t<meta name=\"twitter:data1\" content=\"1\u00a0Minute\" \/>\n<script type=\"application\/ld+json\" class=\"yoast-schema-graph\">{\"@context\":\"https:\/\/schema.org\",\"@graph\":[{\"@type\":\"WebPage\",\"@id\":\"https:\/\/leatai.com\/de\/product\/individueller-planer\/entfernbares-notizbuch\/ldo-036\/\",\"url\":\"https:\/\/leatai.com\/de\/product\/individueller-planer\/entfernbares-notizbuch\/ldo-036\/\",\"name\":\"LDO-036 - Leatai \u2013 Hersteller ma\u00dfgeschneiderter Notizb\u00fccher\",\"isPartOf\":{\"@id\":\"https:\/\/leatai.com\/de\/#website\"},\"primaryImageOfPage\":{\"@id\":\"https:\/\/leatai.com\/de\/product\/individueller-planer\/entfernbares-notizbuch\/ldo-036\/#primaryimage\"},\"image\":{\"@id\":\"https:\/\/leatai.com\/de\/product\/individueller-planer\/entfernbares-notizbuch\/ldo-036\/#primaryimage\"},\"thumbnailUrl\":\"https:\/\/leatai.com\/wp-content\/uploads\/DSC_3228-1.jpg\",\"datePublished\":\"2025-07-10T10:27:00+00:00\",\"description\":\"Produktbeschreibung: Das Produktmodell LDO-036 von Leatai verf\u00fcgt \u00fcber ein Frontdesign, das an eine praktische Aufbewahrungstasche erinnert \u2013 und das nicht nur optisch, sondern mit echter Funktionalit\u00e4t. Der Einsatz von Kontrastfarben verst\u00e4rkt die Verbindung zwischen Markenidentit\u00e4t und Alltagstauglichkeit und hinterl\u00e4sst dabei subtil einen st\u00e4rkeren und positiveren Eindruck.\",\"breadcrumb\":{\"@id\":\"https:\/\/leatai.com\/de\/product\/individueller-planer\/entfernbares-notizbuch\/ldo-036\/#breadcrumb\"},\"inLanguage\":\"de\",\"potentialAction\":[{\"@type\":\"ReadAction\",\"target\":[\"https:\/\/leatai.com\/de\/product\/individueller-planer\/entfernbares-notizbuch\/ldo-036\/\"]}]},{\"@type\":\"ImageObject\",\"inLanguage\":\"de\",\"@id\":\"https:\/\/leatai.com\/de\/product\/individueller-planer\/entfernbares-notizbuch\/ldo-036\/#primaryimage\",\"url\":\"https:\/\/leatai.com\/wp-content\/uploads\/DSC_3228-1.jpg\",\"contentUrl\":\"https:\/\/leatai.com\/wp-content\/uploads\/DSC_3228-1.jpg\",\"width\":1000,\"height\":750,\"caption\":\"Herausnehmbares Ringbuch-Notizbuch\"},{\"@type\":\"BreadcrumbList\",\"@id\":\"https:\/\/leatai.com\/de\/product\/individueller-planer\/entfernbares-notizbuch\/ldo-036\/#breadcrumb\",\"itemListElement\":[{\"@type\":\"ListItem\",\"position\":1,\"name\":\"Home\",\"item\":\"https:\/\/leatai.com\/de\/\"},{\"@type\":\"ListItem\",\"position\":2,\"name\":\"Produktvorstellung\",\"item\":\"https:\/\/leatai.com\/products\/\"},{\"@type\":\"ListItem\",\"position\":3,\"name\":\"Individueller Planer\",\"item\":\"https:\/\/leatai.com\/de\/produkt-kategorie\/individueller-planer\/\"},{\"@type\":\"ListItem\",\"position\":4,\"name\":\"Entfernbares Notizbuch\",\"item\":\"https:\/\/leatai.com\/de\/produkt-kategorie\/individueller-planer\/entfernbares-notizbuch\/\"},{\"@type\":\"ListItem\",\"position\":5,\"name\":\"LDO-036\"}]},{\"@type\":\"WebSite\",\"@id\":\"https:\/\/leatai.com\/de\/#website\",\"url\":\"https:\/\/leatai.com\/de\/\",\"name\":\"Leatai \u2013 Hersteller ma\u00dfgeschneiderter Notizb\u00fccher\",\"description\":\"Leatai liefert individuelle Notizb\u00fccher und Planer f\u00fcr Marken und H\u00e4ndler weltweit.\",\"publisher\":{\"@id\":\"https:\/\/leatai.com\/de\/#organization\"},\"potentialAction\":[{\"@type\":\"SearchAction\",\"target\":{\"@type\":\"EntryPoint\",\"urlTemplate\":\"https:\/\/leatai.com\/de\/?s={search_term_string}\"},\"query-input\":{\"@type\":\"PropertyValueSpecification\",\"valueRequired\":true,\"valueName\":\"search_term_string\"}}],\"inLanguage\":\"de\"},{\"@type\":\"Organization\",\"@id\":\"https:\/\/leatai.com\/de\/#organization\",\"name\":\"Leatai Diary, customized journal and business organizer\",\"url\":\"https:\/\/leatai.com\/de\/\",\"logo\":{\"@type\":\"ImageObject\",\"inLanguage\":\"de\",\"@id\":\"https:\/\/leatai.com\/de\/#\/schema\/logo\/image\/\",\"url\":\"https:\/\/leatai.com\/wp-content\/uploads\/logo-blue.png\",\"contentUrl\":\"https:\/\/leatai.com\/wp-content\/uploads\/logo-blue.png\",\"width\":230,\"height\":60,\"caption\":\"Leatai Diary, customized journal and business organizer\"},\"image\":{\"@id\":\"https:\/\/leatai.com\/de\/#\/schema\/logo\/image\/\"}}]}<\/script>\n<!-- \/ Yoast SEO plugin. -->","yoast_head_json":{"title":"LDO-036 - Leatai \u2013 Hersteller ma\u00dfgeschneiderter Notizb\u00fccher","description":"Produktbeschreibung: Das Produktmodell LDO-036 von Leatai verf\u00fcgt \u00fcber ein Frontdesign, das an eine praktische Aufbewahrungstasche erinnert \u2013 und das nicht nur optisch, sondern mit echter Funktionalit\u00e4t. Der Einsatz von Kontrastfarben verst\u00e4rkt die Verbindung zwischen Markenidentit\u00e4t und Alltagstauglichkeit und hinterl\u00e4sst dabei subtil einen st\u00e4rkeren und positiveren Eindruck.","robots":{"index":"index","follow":"follow","max-snippet":"max-snippet:-1","max-image-preview":"max-image-preview:large","max-video-preview":"max-video-preview:-1"},"canonical":"https:\/\/leatai.com\/de\/product\/individueller-planer\/entfernbares-notizbuch\/ldo-036\/","og_locale":"de_DE","og_type":"article","og_title":"LDO-036 - Leatai \u2013 Hersteller ma\u00dfgeschneiderter Notizb\u00fccher","og_description":"Produktbeschreibung: Das Produktmodell LDO-036 von Leatai verf\u00fcgt \u00fcber ein Frontdesign, das an eine praktische Aufbewahrungstasche erinnert \u2013 und das nicht nur optisch, sondern mit echter Funktionalit\u00e4t. Der Einsatz von Kontrastfarben verst\u00e4rkt die Verbindung zwischen Markenidentit\u00e4t und Alltagstauglichkeit und hinterl\u00e4sst dabei subtil einen st\u00e4rkeren und positiveren Eindruck.","og_url":"https:\/\/leatai.com\/de\/product\/individueller-planer\/entfernbares-notizbuch\/ldo-036\/","og_site_name":"Leatai \u2013 Hersteller ma\u00dfgeschneiderter Notizb\u00fccher","og_image":[{"width":1000,"height":750,"url":"https:\/\/leatai.com\/wp-content\/uploads\/DSC_3228-1.jpg","type":"image\/jpeg"}],"twitter_card":"summary_large_image","twitter_misc":{"Gesch\u00e4tzte Lesezeit":"1\u00a0Minute"},"schema":{"@context":"https:\/\/schema.org","@graph":[{"@type":"WebPage","@id":"https:\/\/leatai.com\/de\/product\/individueller-planer\/entfernbares-notizbuch\/ldo-036\/","url":"https:\/\/leatai.com\/de\/product\/individueller-planer\/entfernbares-notizbuch\/ldo-036\/","name":"LDO-036 - Leatai \u2013 Hersteller ma\u00dfgeschneiderter Notizb\u00fccher","isPartOf":{"@id":"https:\/\/leatai.com\/de\/#website"},"primaryImageOfPage":{"@id":"https:\/\/leatai.com\/de\/product\/individueller-planer\/entfernbares-notizbuch\/ldo-036\/#primaryimage"},"image":{"@id":"https:\/\/leatai.com\/de\/product\/individueller-planer\/entfernbares-notizbuch\/ldo-036\/#primaryimage"},"thumbnailUrl":"https:\/\/leatai.com\/wp-content\/uploads\/DSC_3228-1.jpg","datePublished":"2025-07-10T10:27:00+00:00","description":"Produktbeschreibung: Das Produktmodell LDO-036 von Leatai verf\u00fcgt \u00fcber ein Frontdesign, das an eine praktische Aufbewahrungstasche erinnert \u2013 und das nicht nur optisch, sondern mit echter Funktionalit\u00e4t. Der Einsatz von Kontrastfarben verst\u00e4rkt die Verbindung zwischen Markenidentit\u00e4t und Alltagstauglichkeit und hinterl\u00e4sst dabei subtil einen st\u00e4rkeren und positiveren Eindruck.","breadcrumb":{"@id":"https:\/\/leatai.com\/de\/product\/individueller-planer\/entfernbares-notizbuch\/ldo-036\/#breadcrumb"},"inLanguage":"de","potentialAction":[{"@type":"ReadAction","target":["https:\/\/leatai.com\/de\/product\/individueller-planer\/entfernbares-notizbuch\/ldo-036\/"]}]},{"@type":"ImageObject","inLanguage":"de","@id":"https:\/\/leatai.com\/de\/product\/individueller-planer\/entfernbares-notizbuch\/ldo-036\/#primaryimage","url":"https:\/\/leatai.com\/wp-content\/uploads\/DSC_3228-1.jpg","contentUrl":"https:\/\/leatai.com\/wp-content\/uploads\/DSC_3228-1.jpg","width":1000,"height":750,"caption":"Herausnehmbares Ringbuch-Notizbuch"},{"@type":"BreadcrumbList","@id":"https:\/\/leatai.com\/de\/product\/individueller-planer\/entfernbares-notizbuch\/ldo-036\/#breadcrumb","itemListElement":[{"@type":"ListItem","position":1,"name":"Home","item":"https:\/\/leatai.com\/de\/"},{"@type":"ListItem","position":2,"name":"Produktvorstellung","item":"https:\/\/leatai.com\/products\/"},{"@type":"ListItem","position":3,"name":"Individueller Planer","item":"https:\/\/leatai.com\/de\/produkt-kategorie\/individueller-planer\/"},{"@type":"ListItem","position":4,"name":"Entfernbares Notizbuch","item":"https:\/\/leatai.com\/de\/produkt-kategorie\/individueller-planer\/entfernbares-notizbuch\/"},{"@type":"ListItem","position":5,"name":"LDO-036"}]},{"@type":"WebSite","@id":"https:\/\/leatai.com\/de\/#website","url":"https:\/\/leatai.com\/de\/","name":"Leatai \u2013 Hersteller ma\u00dfgeschneiderter Notizb\u00fccher","description":"Leatai liefert individuelle Notizb\u00fccher und Planer f\u00fcr Marken und H\u00e4ndler weltweit.","publisher":{"@id":"https:\/\/leatai.com\/de\/#organization"},"potentialAction":[{"@type":"SearchAction","target":{"@type":"EntryPoint","urlTemplate":"https:\/\/leatai.com\/de\/?s={search_term_string}"},"query-input":{"@type":"PropertyValueSpecification","valueRequired":true,"valueName":"search_term_string"}}],"inLanguage":"de"},{"@type":"Organization","@id":"https:\/\/leatai.com\/de\/#organization","name":"Leatai Diary, customized journal and business organizer","url":"https:\/\/leatai.com\/de\/","logo":{"@type":"ImageObject","inLanguage":"de","@id":"https:\/\/leatai.com\/de\/#\/schema\/logo\/image\/","url":"https:\/\/leatai.com\/wp-content\/uploads\/logo-blue.png","contentUrl":"https:\/\/leatai.com\/wp-content\/uploads\/logo-blue.png","width":230,"height":60,"caption":"Leatai Diary, customized journal and business organizer"},"image":{"@id":"https:\/\/leatai.com\/de\/#\/schema\/logo\/image\/"}}]}},"_links":{"self":[{"href":"https:\/\/leatai.com\/de\/wp-json\/wp\/v2\/product\/219043","targetHints":{"allow":["GET"]}}],"collection":[{"href":"https:\/\/leatai.com\/de\/wp-json\/wp\/v2\/product"}],"about":[{"href":"https:\/\/leatai.com\/de\/wp-json\/wp\/v2\/types\/product"}],"wp:featuredmedia":[{"embeddable":true,"href":"https:\/\/leatai.com\/de\/wp-json\/wp\/v2\/media\/215411"}],"wp:attachment":[{"href":"https:\/\/leatai.com\/de\/wp-json\/wp\/v2\/media?parent=219043"}],"wp:term":[{"taxonomy":"product_brand","embeddable":true,"href":"https:\/\/leatai.com\/de\/wp-json\/wp\/v2\/product_brand?post=219043"},{"taxonomy":"product_cat","embeddable":true,"href":"https:\/\/leatai.com\/de\/wp-json\/wp\/v2\/product_cat?post=219043"},{"taxonomy":"product_tag","embeddable":true,"href":"https:\/\/leatai.com\/de\/wp-json\/wp\/v2\/product_tag?post=219043"},{"taxonomy":"home_works","embeddable":true,"href":"https:\/\/leatai.com\/de\/wp-json\/wp\/v2\/home_works?post=219043"}],"curies":[{"name":"wp","href":"https:\/\/api.w.org\/{rel}","templated":true}]}}