{"id":218779,"date":"2025-07-12T11:24:49","date_gmt":"2025-07-12T03:24:49","guid":{"rendered":"https:\/\/leatai.com\/product\/unkategorisiert\/lsc-024\/"},"modified":"2025-07-15T15:10:59","modified_gmt":"2025-07-15T07:10:59","slug":"lsc-024","status":"publish","type":"product","link":"https:\/\/leatai.com\/de\/product\/individueller-planer\/notizbuch-mit-taschenbuch\/lsc-024\/","title":{"rendered":"LSC-024"},"content":{"rendered":"<p><strong>Produktmodell:<\/strong> LSC-024<br \/>\n<strong>Einbandmaterial:<\/strong> Premium Farbwechselndes PU-Kunstleder<br \/>\n<strong>Farben:<\/strong> Gr\u00fcn \/ Dunkelblau<br \/>\n<strong>Format:<\/strong> 25K <a href=\"https:\/\/leatai.com\/de\/faq\/was-sind-8k-16k-und-25k-planergroessen-wie-gross-sind-sie\/\" target=\"_blank\" rel=\"noopener\">(G\u00e4ngige Formate)<\/a><br \/>\n<strong>Innenseiten:<\/strong> Standardlayout<a href=\"https:\/\/leatai.com\/de\/produkt-kategorie\/innenseitenformat\/\" target=\"_blank\" rel=\"noopener\">(Auswahl an Innenseiten-Layouts)<\/a><br \/>\n<strong>Verpackung:<\/strong> OPP-Beutel (optional)<br \/>\n<strong>Logo-Veredelungsoptionen:<\/strong> Blindpr\u00e4gung, Goldfolienpr\u00e4gung, Silberfolienpr\u00e4gung<\/p>\n<p><strong>Produktbeschreibung:<\/strong><br \/>\nDas Produktmodell LSC-024 von Leatai erinnert uns daran, dass im Alltag die Einfachheit das gr\u00f6\u00dfte Gl\u00fcck bedeutet. Es braucht weder \u00fcberm\u00e4\u00dfige Sorgen noch drastische Ver\u00e4nderungen. Doch ein Blick ins Innere offenbart ein kontrastreiches Farbdesign, das der Ruhe des Lebens eine sanfte Bewegung verleiht.<\/p>\n<p><strong>\ud83d\udcd6For more examples of custom planners\/business planners, please refer to\uff1a<\/strong><br \/>\n<a href=\"https:\/\/leatai.com\/en\/product-category\/all-oem-sample\/oem-hardcover\/\">OEM-Hardcover business planner<\/a><br \/>\n<a href=\"https:\/\/leatai.com\/en\/product-category\/all-oem-sample\/oem-loose-leaf\/\">OEM-Loose leaf business planner<\/a><br \/>\n<a href=\"https:\/\/leatai.com\/en\/product-category\/all-oem-sample\/oem-removable\/\">OEM-Removable business planner<\/a><br \/>\n<a href=\"https:\/\/leatai.com\/en\/product-category\/all-oem-sample\/oem-paperpack\/\">OEM-Paperback business planner<\/a><br \/>\n<a href=\"https:\/\/leatai.com\/en\/product-category\/all-oem-sample\/oem-spiral\/\">OEM-Spiral bound business planner<\/a><br \/>\n<a href=\"https:\/\/leatai.com\/en\/product-category\/all-oem-sample\/oem-calendar\/\">OEM-Customized calendar<\/a><br \/>\n<a href=\"https:\/\/leatai.com\/en\/product-category\/all-oem-sample\/oem-others\/\">OEM-Others<\/a><\/p>\n<p>&nbsp;<\/p>\n<p><strong>For complete explanations of planner and paper sizes, please refer to\u00a0<\/strong><a href=\"https:\/\/leatai.com\/de\/notizbuchwissen\/papiergroessen-leitfaden-verstehen-sie-gaengige-groessen-wie-b3-a4-b5-8k-16k-und-mehr-eine-umfassende-groessentabelle-zur-einfachen-referenz\/\">Paper Size Guide: Understanding Common Sizes like B3, A4, B5, 8K, 16K, and More! A Comprehensive Size Chart for Easy Reference!<\/a><\/p>\n","protected":false},"excerpt":{"rendered":"<p>Produktmodell: LSC-024 Einbandmaterial: Premium Farbwechselndes PU-Kunstleder Farben: Gr\u00fcn \/ Dunkelblau Format: 25K (G\u00e4ngige Formate) Innenseiten: Standardlayout(Auswahl an Innenseiten-Layouts) Verpackung: OPP-Beutel (optional) Logo-Veredelungsoptionen: Blindpr\u00e4gung, Goldfolienpr\u00e4gung, Silberfolienpr\u00e4gung Produktbeschreibung: Das Produktmodell LSC-024 von Leatai erinnert uns daran, dass im Alltag die Einfachheit das gr\u00f6\u00dfte Gl\u00fcck bedeutet. Es braucht weder \u00fcberm\u00e4\u00dfige Sorgen noch drastische Ver\u00e4nderungen. Doch ein Blick ins [&hellip;]<\/p>\n","protected":false},"featured_media":215475,"template":"","meta":{"_acf_changed":false},"product_brand":[],"product_cat":[711],"product_tag":[1578],"home_works":[],"class_list":{"0":"post-218779","1":"product","2":"type-product","3":"status-publish","4":"has-post-thumbnail","6":"product_cat-notizbuch-mit-taschenbuch","7":"product_tag-2026new-de","9":"first","10":"instock","11":"sold-individually","12":"shipping-taxable","13":"purchasable","14":"product-type-variable"},"acf":[],"yoast_head":"<!-- This site is optimized with the Yoast SEO plugin v27.2 - https:\/\/yoast.com\/product\/yoast-seo-wordpress\/ -->\n<title>LSC-024 - Leatai \u2013 Hersteller ma\u00dfgeschneiderter Notizb\u00fccher<\/title>\n<meta name=\"description\" content=\"Produktbeschreibung: Das Produktmodell LSC-024 von Leatai erinnert uns daran, dass im Alltag die Einfachheit das gr\u00f6\u00dfte Gl\u00fcck bedeutet. Es braucht weder \u00fcberm\u00e4\u00dfige Sorgen noch drastische Ver\u00e4nderungen. Doch ein Blick ins Innere offenbart ein kontrastreiches Farbdesign, das der Ruhe des Lebens eine sanfte Bewegung verleiht.\" \/>\n<meta name=\"robots\" content=\"index, follow, max-snippet:-1, max-image-preview:large, max-video-preview:-1\" \/>\n<link rel=\"canonical\" href=\"https:\/\/leatai.com\/de\/product\/individueller-planer\/notizbuch-mit-taschenbuch\/lsc-024\/\" \/>\n<meta property=\"og:locale\" content=\"de_DE\" \/>\n<meta property=\"og:type\" content=\"article\" \/>\n<meta property=\"og:title\" content=\"LSC-024 - Leatai \u2013 Hersteller ma\u00dfgeschneiderter Notizb\u00fccher\" \/>\n<meta property=\"og:description\" content=\"Produktbeschreibung: Das Produktmodell LSC-024 von Leatai erinnert uns daran, dass im Alltag die Einfachheit das gr\u00f6\u00dfte Gl\u00fcck bedeutet. Es braucht weder \u00fcberm\u00e4\u00dfige Sorgen noch drastische Ver\u00e4nderungen. Doch ein Blick ins Innere offenbart ein kontrastreiches Farbdesign, das der Ruhe des Lebens eine sanfte Bewegung verleiht.\" \/>\n<meta property=\"og:url\" content=\"https:\/\/leatai.com\/de\/product\/individueller-planer\/notizbuch-mit-taschenbuch\/lsc-024\/\" \/>\n<meta property=\"og:site_name\" content=\"Leatai \u2013 Hersteller ma\u00dfgeschneiderter Notizb\u00fccher\" \/>\n<meta property=\"article:modified_time\" content=\"2025-07-15T07:10:59+00:00\" \/>\n<meta property=\"og:image\" content=\"https:\/\/leatai.com\/wp-content\/uploads\/DSC_3235-1.jpg\" \/>\n\t<meta property=\"og:image:width\" content=\"1000\" \/>\n\t<meta property=\"og:image:height\" content=\"750\" \/>\n\t<meta property=\"og:image:type\" content=\"image\/jpeg\" \/>\n<meta name=\"twitter:card\" content=\"summary_large_image\" \/>\n<meta name=\"twitter:label1\" content=\"Gesch\u00e4tzte Lesezeit\" \/>\n\t<meta name=\"twitter:data1\" content=\"1\u00a0Minute\" \/>\n<script type=\"application\/ld+json\" class=\"yoast-schema-graph\">{\"@context\":\"https:\/\/schema.org\",\"@graph\":[{\"@type\":\"WebPage\",\"@id\":\"https:\/\/leatai.com\/de\/product\/individueller-planer\/notizbuch-mit-taschenbuch\/lsc-024\/\",\"url\":\"https:\/\/leatai.com\/de\/product\/individueller-planer\/notizbuch-mit-taschenbuch\/lsc-024\/\",\"name\":\"LSC-024 - Leatai \u2013 Hersteller ma\u00dfgeschneiderter Notizb\u00fccher\",\"isPartOf\":{\"@id\":\"https:\/\/leatai.com\/de\/#website\"},\"primaryImageOfPage\":{\"@id\":\"https:\/\/leatai.com\/de\/product\/individueller-planer\/notizbuch-mit-taschenbuch\/lsc-024\/#primaryimage\"},\"image\":{\"@id\":\"https:\/\/leatai.com\/de\/product\/individueller-planer\/notizbuch-mit-taschenbuch\/lsc-024\/#primaryimage\"},\"thumbnailUrl\":\"https:\/\/leatai.com\/wp-content\/uploads\/DSC_3235-1.jpg\",\"datePublished\":\"2025-07-12T03:24:49+00:00\",\"dateModified\":\"2025-07-15T07:10:59+00:00\",\"description\":\"Produktbeschreibung: Das Produktmodell LSC-024 von Leatai erinnert uns daran, dass im Alltag die Einfachheit das gr\u00f6\u00dfte Gl\u00fcck bedeutet. Es braucht weder \u00fcberm\u00e4\u00dfige Sorgen noch drastische Ver\u00e4nderungen. Doch ein Blick ins Innere offenbart ein kontrastreiches Farbdesign, das der Ruhe des Lebens eine sanfte Bewegung verleiht.\",\"breadcrumb\":{\"@id\":\"https:\/\/leatai.com\/de\/product\/individueller-planer\/notizbuch-mit-taschenbuch\/lsc-024\/#breadcrumb\"},\"inLanguage\":\"de\",\"potentialAction\":[{\"@type\":\"ReadAction\",\"target\":[\"https:\/\/leatai.com\/de\/product\/individueller-planer\/notizbuch-mit-taschenbuch\/lsc-024\/\"]}]},{\"@type\":\"ImageObject\",\"inLanguage\":\"de\",\"@id\":\"https:\/\/leatai.com\/de\/product\/individueller-planer\/notizbuch-mit-taschenbuch\/lsc-024\/#primaryimage\",\"url\":\"https:\/\/leatai.com\/wp-content\/uploads\/DSC_3235-1.jpg\",\"contentUrl\":\"https:\/\/leatai.com\/wp-content\/uploads\/DSC_3235-1.jpg\",\"width\":1000,\"height\":750,\"caption\":\"Taschenbuch-Notizbuch\"},{\"@type\":\"BreadcrumbList\",\"@id\":\"https:\/\/leatai.com\/de\/product\/individueller-planer\/notizbuch-mit-taschenbuch\/lsc-024\/#breadcrumb\",\"itemListElement\":[{\"@type\":\"ListItem\",\"position\":1,\"name\":\"Home\",\"item\":\"https:\/\/leatai.com\/de\/\"},{\"@type\":\"ListItem\",\"position\":2,\"name\":\"Produktvorstellung\",\"item\":\"https:\/\/leatai.com\/products\/\"},{\"@type\":\"ListItem\",\"position\":3,\"name\":\"Individueller Planer\",\"item\":\"https:\/\/leatai.com\/de\/produkt-kategorie\/individueller-planer\/\"},{\"@type\":\"ListItem\",\"position\":4,\"name\":\"Notizbuch mit Taschenbuch\",\"item\":\"https:\/\/leatai.com\/de\/produkt-kategorie\/individueller-planer\/notizbuch-mit-taschenbuch\/\"},{\"@type\":\"ListItem\",\"position\":5,\"name\":\"LSC-024\"}]},{\"@type\":\"WebSite\",\"@id\":\"https:\/\/leatai.com\/de\/#website\",\"url\":\"https:\/\/leatai.com\/de\/\",\"name\":\"Leatai \u2013 Hersteller ma\u00dfgeschneiderter Notizb\u00fccher\",\"description\":\"Leatai liefert individuelle Notizb\u00fccher und Planer f\u00fcr Marken und H\u00e4ndler weltweit.\",\"publisher\":{\"@id\":\"https:\/\/leatai.com\/de\/#organization\"},\"potentialAction\":[{\"@type\":\"SearchAction\",\"target\":{\"@type\":\"EntryPoint\",\"urlTemplate\":\"https:\/\/leatai.com\/de\/?s={search_term_string}\"},\"query-input\":{\"@type\":\"PropertyValueSpecification\",\"valueRequired\":true,\"valueName\":\"search_term_string\"}}],\"inLanguage\":\"de\"},{\"@type\":\"Organization\",\"@id\":\"https:\/\/leatai.com\/de\/#organization\",\"name\":\"Leatai Diary, customized journal and business organizer\",\"url\":\"https:\/\/leatai.com\/de\/\",\"logo\":{\"@type\":\"ImageObject\",\"inLanguage\":\"de\",\"@id\":\"https:\/\/leatai.com\/de\/#\/schema\/logo\/image\/\",\"url\":\"https:\/\/leatai.com\/wp-content\/uploads\/logo-blue.png\",\"contentUrl\":\"https:\/\/leatai.com\/wp-content\/uploads\/logo-blue.png\",\"width\":230,\"height\":60,\"caption\":\"Leatai Diary, customized journal and business organizer\"},\"image\":{\"@id\":\"https:\/\/leatai.com\/de\/#\/schema\/logo\/image\/\"}}]}<\/script>\n<!-- \/ Yoast SEO plugin. -->","yoast_head_json":{"title":"LSC-024 - Leatai \u2013 Hersteller ma\u00dfgeschneiderter Notizb\u00fccher","description":"Produktbeschreibung: Das Produktmodell LSC-024 von Leatai erinnert uns daran, dass im Alltag die Einfachheit das gr\u00f6\u00dfte Gl\u00fcck bedeutet. Es braucht weder \u00fcberm\u00e4\u00dfige Sorgen noch drastische Ver\u00e4nderungen. Doch ein Blick ins Innere offenbart ein kontrastreiches Farbdesign, das der Ruhe des Lebens eine sanfte Bewegung verleiht.","robots":{"index":"index","follow":"follow","max-snippet":"max-snippet:-1","max-image-preview":"max-image-preview:large","max-video-preview":"max-video-preview:-1"},"canonical":"https:\/\/leatai.com\/de\/product\/individueller-planer\/notizbuch-mit-taschenbuch\/lsc-024\/","og_locale":"de_DE","og_type":"article","og_title":"LSC-024 - Leatai \u2013 Hersteller ma\u00dfgeschneiderter Notizb\u00fccher","og_description":"Produktbeschreibung: Das Produktmodell LSC-024 von Leatai erinnert uns daran, dass im Alltag die Einfachheit das gr\u00f6\u00dfte Gl\u00fcck bedeutet. Es braucht weder \u00fcberm\u00e4\u00dfige Sorgen noch drastische Ver\u00e4nderungen. Doch ein Blick ins Innere offenbart ein kontrastreiches Farbdesign, das der Ruhe des Lebens eine sanfte Bewegung verleiht.","og_url":"https:\/\/leatai.com\/de\/product\/individueller-planer\/notizbuch-mit-taschenbuch\/lsc-024\/","og_site_name":"Leatai \u2013 Hersteller ma\u00dfgeschneiderter Notizb\u00fccher","article_modified_time":"2025-07-15T07:10:59+00:00","og_image":[{"width":1000,"height":750,"url":"https:\/\/leatai.com\/wp-content\/uploads\/DSC_3235-1.jpg","type":"image\/jpeg"}],"twitter_card":"summary_large_image","twitter_misc":{"Gesch\u00e4tzte Lesezeit":"1\u00a0Minute"},"schema":{"@context":"https:\/\/schema.org","@graph":[{"@type":"WebPage","@id":"https:\/\/leatai.com\/de\/product\/individueller-planer\/notizbuch-mit-taschenbuch\/lsc-024\/","url":"https:\/\/leatai.com\/de\/product\/individueller-planer\/notizbuch-mit-taschenbuch\/lsc-024\/","name":"LSC-024 - Leatai \u2013 Hersteller ma\u00dfgeschneiderter Notizb\u00fccher","isPartOf":{"@id":"https:\/\/leatai.com\/de\/#website"},"primaryImageOfPage":{"@id":"https:\/\/leatai.com\/de\/product\/individueller-planer\/notizbuch-mit-taschenbuch\/lsc-024\/#primaryimage"},"image":{"@id":"https:\/\/leatai.com\/de\/product\/individueller-planer\/notizbuch-mit-taschenbuch\/lsc-024\/#primaryimage"},"thumbnailUrl":"https:\/\/leatai.com\/wp-content\/uploads\/DSC_3235-1.jpg","datePublished":"2025-07-12T03:24:49+00:00","dateModified":"2025-07-15T07:10:59+00:00","description":"Produktbeschreibung: Das Produktmodell LSC-024 von Leatai erinnert uns daran, dass im Alltag die Einfachheit das gr\u00f6\u00dfte Gl\u00fcck bedeutet. Es braucht weder \u00fcberm\u00e4\u00dfige Sorgen noch drastische Ver\u00e4nderungen. Doch ein Blick ins Innere offenbart ein kontrastreiches Farbdesign, das der Ruhe des Lebens eine sanfte Bewegung verleiht.","breadcrumb":{"@id":"https:\/\/leatai.com\/de\/product\/individueller-planer\/notizbuch-mit-taschenbuch\/lsc-024\/#breadcrumb"},"inLanguage":"de","potentialAction":[{"@type":"ReadAction","target":["https:\/\/leatai.com\/de\/product\/individueller-planer\/notizbuch-mit-taschenbuch\/lsc-024\/"]}]},{"@type":"ImageObject","inLanguage":"de","@id":"https:\/\/leatai.com\/de\/product\/individueller-planer\/notizbuch-mit-taschenbuch\/lsc-024\/#primaryimage","url":"https:\/\/leatai.com\/wp-content\/uploads\/DSC_3235-1.jpg","contentUrl":"https:\/\/leatai.com\/wp-content\/uploads\/DSC_3235-1.jpg","width":1000,"height":750,"caption":"Taschenbuch-Notizbuch"},{"@type":"BreadcrumbList","@id":"https:\/\/leatai.com\/de\/product\/individueller-planer\/notizbuch-mit-taschenbuch\/lsc-024\/#breadcrumb","itemListElement":[{"@type":"ListItem","position":1,"name":"Home","item":"https:\/\/leatai.com\/de\/"},{"@type":"ListItem","position":2,"name":"Produktvorstellung","item":"https:\/\/leatai.com\/products\/"},{"@type":"ListItem","position":3,"name":"Individueller Planer","item":"https:\/\/leatai.com\/de\/produkt-kategorie\/individueller-planer\/"},{"@type":"ListItem","position":4,"name":"Notizbuch mit Taschenbuch","item":"https:\/\/leatai.com\/de\/produkt-kategorie\/individueller-planer\/notizbuch-mit-taschenbuch\/"},{"@type":"ListItem","position":5,"name":"LSC-024"}]},{"@type":"WebSite","@id":"https:\/\/leatai.com\/de\/#website","url":"https:\/\/leatai.com\/de\/","name":"Leatai \u2013 Hersteller ma\u00dfgeschneiderter Notizb\u00fccher","description":"Leatai liefert individuelle Notizb\u00fccher und Planer f\u00fcr Marken und H\u00e4ndler weltweit.","publisher":{"@id":"https:\/\/leatai.com\/de\/#organization"},"potentialAction":[{"@type":"SearchAction","target":{"@type":"EntryPoint","urlTemplate":"https:\/\/leatai.com\/de\/?s={search_term_string}"},"query-input":{"@type":"PropertyValueSpecification","valueRequired":true,"valueName":"search_term_string"}}],"inLanguage":"de"},{"@type":"Organization","@id":"https:\/\/leatai.com\/de\/#organization","name":"Leatai Diary, customized journal and business organizer","url":"https:\/\/leatai.com\/de\/","logo":{"@type":"ImageObject","inLanguage":"de","@id":"https:\/\/leatai.com\/de\/#\/schema\/logo\/image\/","url":"https:\/\/leatai.com\/wp-content\/uploads\/logo-blue.png","contentUrl":"https:\/\/leatai.com\/wp-content\/uploads\/logo-blue.png","width":230,"height":60,"caption":"Leatai Diary, customized journal and business organizer"},"image":{"@id":"https:\/\/leatai.com\/de\/#\/schema\/logo\/image\/"}}]}},"_links":{"self":[{"href":"https:\/\/leatai.com\/de\/wp-json\/wp\/v2\/product\/218779","targetHints":{"allow":["GET"]}}],"collection":[{"href":"https:\/\/leatai.com\/de\/wp-json\/wp\/v2\/product"}],"about":[{"href":"https:\/\/leatai.com\/de\/wp-json\/wp\/v2\/types\/product"}],"wp:featuredmedia":[{"embeddable":true,"href":"https:\/\/leatai.com\/de\/wp-json\/wp\/v2\/media\/215475"}],"wp:attachment":[{"href":"https:\/\/leatai.com\/de\/wp-json\/wp\/v2\/media?parent=218779"}],"wp:term":[{"taxonomy":"product_brand","embeddable":true,"href":"https:\/\/leatai.com\/de\/wp-json\/wp\/v2\/product_brand?post=218779"},{"taxonomy":"product_cat","embeddable":true,"href":"https:\/\/leatai.com\/de\/wp-json\/wp\/v2\/product_cat?post=218779"},{"taxonomy":"product_tag","embeddable":true,"href":"https:\/\/leatai.com\/de\/wp-json\/wp\/v2\/product_tag?post=218779"},{"taxonomy":"home_works","embeddable":true,"href":"https:\/\/leatai.com\/de\/wp-json\/wp\/v2\/home_works?post=218779"}],"curies":[{"name":"wp","href":"https:\/\/api.w.org\/{rel}","templated":true}]}}