{"id":188791,"date":"2025-04-20T16:47:55","date_gmt":"2025-04-20T08:47:55","guid":{"rendered":"https:\/\/leatai.com\/?post_type=product&#038;p=188791"},"modified":"2026-03-04T11:17:45","modified_gmt":"2026-03-04T03:17:45","slug":"lady-flavor","status":"publish","type":"product","link":"https:\/\/leatai.com\/de\/product\/verschiedene-oem-muster\/oem-kalender-de\/lady-flavor\/","title":{"rendered":"Lady Flavor"},"content":{"rendered":"<p data-start=\"2000\" data-end=\"2448\">Kundenname: Lady Flavor<br data-start=\"2041\" data-end=\"2044\" \/>Beispielgr\u00f6\u00dfe: Ma\u00dfgeschneiderte Gr\u00f6\u00dfe<br data-start=\"2081\" data-end=\"2084\" \/>Beispielstil: Individuell gefertigter Abrei\u00df-Minitageskalender<br data-start=\"2146\" data-end=\"2149\" \/>Logoeffekt: Farbdruck<br data-start=\"2170\" data-end=\"2173\" \/>Besonderes Merkmal: Lady Flavor dokumentiert das Leben mit Katzen aus einer sanften Perspektive, erz\u00e4hlt Geschichten durch Kochen und erschafft ein einzigartiges Universum zwischen Alltag und Heilung. Der individuell gestaltete kleine Kalender hat einen ganz besonderen Reiz.<\/p>\n<p>&nbsp;<\/p>\n<p><span style=\"color: #8b4513;\"><strong>\ud83d\udcd6<\/strong><\/span>Alle personalisierten Beispiele: <a href=\"https:\/\/leatai.com\/de\/produkt-schlagwort\/oem-de\/\" target=\"_blank\" rel=\"noopener\">personalisierte Notizb\u00fccher \/ personalisierte Gesch\u00e4ftsjournale<\/a><br \/>\n<span style=\"color: #8b4513;\"><strong>\ud83d\udcd6<\/strong><\/span>F\u00fcr Standardprodukte personalisierter Notizb\u00fccher \/ Gesch\u00e4ftsjournale siehe:<\/p>\n<ul>\n<li><a href=\"https:\/\/leatai.com\/de\/produkt-kategorie\/individueller-planer\/notizbuch-mit-hardcover\/\" target=\"_blank\" rel=\"noopener\">Gebundenes Notizbuch \/ Gebundenes Gesch\u00e4ftsjournal<\/a><\/li>\n<li><a href=\"https:\/\/leatai.com\/de\/produkt-kategorie\/individueller-planer\/loseblatt-notebook\/\" target=\"_blank\" rel=\"noopener\">Ringbuch-Notizbuch \/ Ringbuch-Gesch\u00e4ftsjournal<\/a><\/li>\n<li><a href=\"https:\/\/leatai.com\/de\/produkt-kategorie\/individueller-planer\/entfernbares-notizbuch\/\" target=\"_blank\" rel=\"noopener\">Herausnehmbares Ringbuch-Notizbuch \/ Herausnehmbares Gesch\u00e4ftsjournal<\/a><\/li>\n<li><a href=\"https:\/\/leatai.com\/de\/produkt-kategorie\/individueller-planer\/notizbuch-mit-taschenbuch\/\" target=\"_blank\" rel=\"noopener\">Taschenbuch-Notizbuch \/ Taschenbuch-Gesch\u00e4ftsjournal<\/a><\/li>\n<li><a href=\"https:\/\/leatai.com\/de\/produkt-kategorie\/individueller-planer\/spiralnotizbuch\/\" target=\"_blank\" rel=\"noopener\">Spiral-Notizbuch \/ Spiral-Gesch\u00e4ftsjournal<\/a><\/li>\n<\/ul>\n<p><span style=\"color: #8b4513;\"><strong>\ud83d\udcd6<\/strong><\/span>F\u00fcr eine vollst\u00e4ndige Gr\u00f6\u00dfen\u00fcbersicht siehe:<br \/>\n<a href=\"https:\/\/leatai.com\/de\/notizbuchwissen\/papiergroessen-leitfaden-verstehen-sie-gaengige-groessen-wie-b3-a4-b5-8k-16k-und-mehr-eine-umfassende-groessentabelle-zur-einfachen-referenz\/\" target=\"_blank\" rel=\"noopener\">Papiergr\u00f6\u00dfen-Leitfaden: Wie unterscheiden sich B3, A4, B5, 8K, 16K und andere g\u00e4ngige Formate? Die Papiergr\u00f6\u00dfentabelle erkl\u00e4rt es auf einen Blick!<\/a><\/p>\n","protected":false},"excerpt":{"rendered":"<p>Kundenname: Lady FlavorBeispielgr\u00f6\u00dfe: Ma\u00dfgeschneiderte Gr\u00f6\u00dfeBeispielstil: Individuell gefertigter Abrei\u00df-MinitageskalenderLogoeffekt: FarbdruckBesonderes Merkmal: Lady Flavor dokumentiert das Leben mit Katzen aus einer sanften Perspektive, erz\u00e4hlt Geschichten durch Kochen und erschafft ein einzigartiges Universum zwischen Alltag und Heilung. Der individuell gestaltete kleine Kalender hat einen ganz besonderen Reiz. &nbsp; \ud83d\udcd6Alle personalisierten Beispiele: personalisierte Notizb\u00fccher \/ personalisierte Gesch\u00e4ftsjournale \ud83d\udcd6F\u00fcr Standardprodukte [&hellip;]<\/p>\n","protected":false},"featured_media":188068,"template":"","meta":{"_acf_changed":false},"product_brand":[],"product_cat":[959],"product_tag":[1413],"home_works":[],"class_list":{"0":"post-188791","1":"product","2":"type-product","3":"status-publish","4":"has-post-thumbnail","6":"product_cat-oem-kalender-de","7":"product_tag-oem-de","9":"first","10":"instock","11":"sold-individually","12":"shipping-taxable","13":"purchasable","14":"product-type-variable","15":"has-default-attributes"},"acf":[],"yoast_head":"<!-- This site is optimized with the Yoast SEO plugin v27.2 - https:\/\/yoast.com\/product\/yoast-seo-wordpress\/ -->\n<title>Lady Flavor - Beliebter Crowdfunding-Abrei\u00dfkalender, personalisierter Druck und Herstellung- Leatai \u2013 Hersteller ma\u00dfgeschneiderter Notizb\u00fccher<\/title>\n<meta name=\"description\" content=\"Entdecken Sie Leatais hochwertige Dienstleistungen zur individuellen Gestaltung, zum Druck und zur Herstellung von Abrei\u00dfkalendern. Unsere Kalender zeichnen sich durch elegantes Design und erstklassige Materialien aus \u2013 ideal f\u00fcr Firmenanpassungen und den pers\u00f6nlichen Gebrauch. W\u00e4hlen Sie den passenden Abrei\u00dfkalender-Hersteller, um Ihr Markenimage und Ihre t\u00e4gliche Planungsf\u00e4higkeit zu st\u00e4rken. Besuchen Sie jetzt die offizielle Website von Leatai, um mehr \u00fcber unsere Kalender zu erfahren und ein effizientes Planungserlebnis zu genie\u00dfen!\" \/>\n<meta name=\"robots\" content=\"index, follow, max-snippet:-1, max-image-preview:large, max-video-preview:-1\" \/>\n<link rel=\"canonical\" href=\"https:\/\/leatai.com\/de\/product\/verschiedene-oem-muster\/oem-kalender-de\/lady-flavor\/\" \/>\n<meta property=\"og:locale\" content=\"de_DE\" \/>\n<meta property=\"og:type\" content=\"article\" \/>\n<meta property=\"og:title\" content=\"Lady Flavor - Beliebter Crowdfunding-Abrei\u00dfkalender, personalisierter Druck und Herstellung- Leatai \u2013 Hersteller ma\u00dfgeschneiderter Notizb\u00fccher\" \/>\n<meta property=\"og:description\" content=\"Entdecken Sie Leatais hochwertige Dienstleistungen zur individuellen Gestaltung, zum Druck und zur Herstellung von Abrei\u00dfkalendern. Unsere Kalender zeichnen sich durch elegantes Design und erstklassige Materialien aus \u2013 ideal f\u00fcr Firmenanpassungen und den pers\u00f6nlichen Gebrauch. W\u00e4hlen Sie den passenden Abrei\u00dfkalender-Hersteller, um Ihr Markenimage und Ihre t\u00e4gliche Planungsf\u00e4higkeit zu st\u00e4rken. Besuchen Sie jetzt die offizielle Website von Leatai, um mehr \u00fcber unsere Kalender zu erfahren und ein effizientes Planungserlebnis zu genie\u00dfen!\" \/>\n<meta property=\"og:url\" content=\"https:\/\/leatai.com\/de\/product\/verschiedene-oem-muster\/oem-kalender-de\/lady-flavor\/\" \/>\n<meta property=\"og:site_name\" content=\"Leatai \u2013 Hersteller ma\u00dfgeschneiderter Notizb\u00fccher\" \/>\n<meta property=\"article:modified_time\" content=\"2026-03-04T03:17:45+00:00\" \/>\n<meta property=\"og:image\" content=\"https:\/\/leatai.com\/wp-content\/uploads\/DSC_2992.jpg\" \/>\n\t<meta property=\"og:image:width\" content=\"1000\" \/>\n\t<meta property=\"og:image:height\" content=\"750\" \/>\n\t<meta property=\"og:image:type\" content=\"image\/jpeg\" \/>\n<meta name=\"twitter:card\" content=\"summary_large_image\" \/>\n<meta name=\"twitter:label1\" content=\"Gesch\u00e4tzte Lesezeit\" \/>\n\t<meta name=\"twitter:data1\" content=\"1\u00a0Minute\" \/>\n<script type=\"application\/ld+json\" class=\"yoast-schema-graph\">{\"@context\":\"https:\/\/schema.org\",\"@graph\":[{\"@type\":\"WebPage\",\"@id\":\"https:\/\/leatai.com\/de\/product\/verschiedene-oem-muster\/oem-kalender-de\/lady-flavor\/\",\"url\":\"https:\/\/leatai.com\/de\/product\/verschiedene-oem-muster\/oem-kalender-de\/lady-flavor\/\",\"name\":\"Lady Flavor - Beliebter Crowdfunding-Abrei\u00dfkalender, personalisierter Druck und Herstellung- Leatai \u2013 Hersteller ma\u00dfgeschneiderter Notizb\u00fccher\",\"isPartOf\":{\"@id\":\"https:\/\/leatai.com\/de\/#website\"},\"primaryImageOfPage\":{\"@id\":\"https:\/\/leatai.com\/de\/product\/verschiedene-oem-muster\/oem-kalender-de\/lady-flavor\/#primaryimage\"},\"image\":{\"@id\":\"https:\/\/leatai.com\/de\/product\/verschiedene-oem-muster\/oem-kalender-de\/lady-flavor\/#primaryimage\"},\"thumbnailUrl\":\"https:\/\/leatai.com\/wp-content\/uploads\/DSC_2992.jpg\",\"datePublished\":\"2025-04-20T08:47:55+00:00\",\"dateModified\":\"2026-03-04T03:17:45+00:00\",\"description\":\"Entdecken Sie Leatais hochwertige Dienstleistungen zur individuellen Gestaltung, zum Druck und zur Herstellung von Abrei\u00dfkalendern. Unsere Kalender zeichnen sich durch elegantes Design und erstklassige Materialien aus \u2013 ideal f\u00fcr Firmenanpassungen und den pers\u00f6nlichen Gebrauch. W\u00e4hlen Sie den passenden Abrei\u00dfkalender-Hersteller, um Ihr Markenimage und Ihre t\u00e4gliche Planungsf\u00e4higkeit zu st\u00e4rken. Besuchen Sie jetzt die offizielle Website von Leatai, um mehr \u00fcber unsere Kalender zu erfahren und ein effizientes Planungserlebnis zu genie\u00dfen!\",\"breadcrumb\":{\"@id\":\"https:\/\/leatai.com\/de\/product\/verschiedene-oem-muster\/oem-kalender-de\/lady-flavor\/#breadcrumb\"},\"inLanguage\":\"de\",\"potentialAction\":[{\"@type\":\"ReadAction\",\"target\":[\"https:\/\/leatai.com\/de\/product\/verschiedene-oem-muster\/oem-kalender-de\/lady-flavor\/\"]}]},{\"@type\":\"ImageObject\",\"inLanguage\":\"de\",\"@id\":\"https:\/\/leatai.com\/de\/product\/verschiedene-oem-muster\/oem-kalender-de\/lady-flavor\/#primaryimage\",\"url\":\"https:\/\/leatai.com\/wp-content\/uploads\/DSC_2992.jpg\",\"contentUrl\":\"https:\/\/leatai.com\/wp-content\/uploads\/DSC_2992.jpg\",\"width\":1000,\"height\":750,\"caption\":\"\u624b\u6495\u5c0f\u65e5\u66c6\"},{\"@type\":\"BreadcrumbList\",\"@id\":\"https:\/\/leatai.com\/de\/product\/verschiedene-oem-muster\/oem-kalender-de\/lady-flavor\/#breadcrumb\",\"itemListElement\":[{\"@type\":\"ListItem\",\"position\":1,\"name\":\"Home\",\"item\":\"https:\/\/leatai.com\/de\/\"},{\"@type\":\"ListItem\",\"position\":2,\"name\":\"Produktvorstellung\",\"item\":\"https:\/\/leatai.com\/products\/\"},{\"@type\":\"ListItem\",\"position\":3,\"name\":\"Verschiedene OEM-Muster\",\"item\":\"https:\/\/leatai.com\/de\/produkt-kategorie\/verschiedene-oem-muster\/\"},{\"@type\":\"ListItem\",\"position\":4,\"name\":\"OEM-Kalender\",\"item\":\"https:\/\/leatai.com\/de\/produkt-kategorie\/verschiedene-oem-muster\/oem-kalender-de\/\"},{\"@type\":\"ListItem\",\"position\":5,\"name\":\"Lady Flavor\"}]},{\"@type\":\"WebSite\",\"@id\":\"https:\/\/leatai.com\/de\/#website\",\"url\":\"https:\/\/leatai.com\/de\/\",\"name\":\"Leatai \u2013 Hersteller ma\u00dfgeschneiderter Notizb\u00fccher\",\"description\":\"Leatai liefert individuelle Notizb\u00fccher und Planer f\u00fcr Marken und H\u00e4ndler weltweit.\",\"publisher\":{\"@id\":\"https:\/\/leatai.com\/de\/#organization\"},\"potentialAction\":[{\"@type\":\"SearchAction\",\"target\":{\"@type\":\"EntryPoint\",\"urlTemplate\":\"https:\/\/leatai.com\/de\/?s={search_term_string}\"},\"query-input\":{\"@type\":\"PropertyValueSpecification\",\"valueRequired\":true,\"valueName\":\"search_term_string\"}}],\"inLanguage\":\"de\"},{\"@type\":\"Organization\",\"@id\":\"https:\/\/leatai.com\/de\/#organization\",\"name\":\"Leatai Diary, customized journal and business organizer\",\"url\":\"https:\/\/leatai.com\/de\/\",\"logo\":{\"@type\":\"ImageObject\",\"inLanguage\":\"de\",\"@id\":\"https:\/\/leatai.com\/de\/#\/schema\/logo\/image\/\",\"url\":\"https:\/\/leatai.com\/wp-content\/uploads\/logo-blue.png\",\"contentUrl\":\"https:\/\/leatai.com\/wp-content\/uploads\/logo-blue.png\",\"width\":230,\"height\":60,\"caption\":\"Leatai Diary, customized journal and business organizer\"},\"image\":{\"@id\":\"https:\/\/leatai.com\/de\/#\/schema\/logo\/image\/\"}}]}<\/script>\n<!-- \/ Yoast SEO plugin. -->","yoast_head_json":{"title":"Lady Flavor - Beliebter Crowdfunding-Abrei\u00dfkalender, personalisierter Druck und Herstellung- Leatai \u2013 Hersteller ma\u00dfgeschneiderter Notizb\u00fccher","description":"Entdecken Sie Leatais hochwertige Dienstleistungen zur individuellen Gestaltung, zum Druck und zur Herstellung von Abrei\u00dfkalendern. Unsere Kalender zeichnen sich durch elegantes Design und erstklassige Materialien aus \u2013 ideal f\u00fcr Firmenanpassungen und den pers\u00f6nlichen Gebrauch. W\u00e4hlen Sie den passenden Abrei\u00dfkalender-Hersteller, um Ihr Markenimage und Ihre t\u00e4gliche Planungsf\u00e4higkeit zu st\u00e4rken. Besuchen Sie jetzt die offizielle Website von Leatai, um mehr \u00fcber unsere Kalender zu erfahren und ein effizientes Planungserlebnis zu genie\u00dfen!","robots":{"index":"index","follow":"follow","max-snippet":"max-snippet:-1","max-image-preview":"max-image-preview:large","max-video-preview":"max-video-preview:-1"},"canonical":"https:\/\/leatai.com\/de\/product\/verschiedene-oem-muster\/oem-kalender-de\/lady-flavor\/","og_locale":"de_DE","og_type":"article","og_title":"Lady Flavor - Beliebter Crowdfunding-Abrei\u00dfkalender, personalisierter Druck und Herstellung- Leatai \u2013 Hersteller ma\u00dfgeschneiderter Notizb\u00fccher","og_description":"Entdecken Sie Leatais hochwertige Dienstleistungen zur individuellen Gestaltung, zum Druck und zur Herstellung von Abrei\u00dfkalendern. Unsere Kalender zeichnen sich durch elegantes Design und erstklassige Materialien aus \u2013 ideal f\u00fcr Firmenanpassungen und den pers\u00f6nlichen Gebrauch. W\u00e4hlen Sie den passenden Abrei\u00dfkalender-Hersteller, um Ihr Markenimage und Ihre t\u00e4gliche Planungsf\u00e4higkeit zu st\u00e4rken. Besuchen Sie jetzt die offizielle Website von Leatai, um mehr \u00fcber unsere Kalender zu erfahren und ein effizientes Planungserlebnis zu genie\u00dfen!","og_url":"https:\/\/leatai.com\/de\/product\/verschiedene-oem-muster\/oem-kalender-de\/lady-flavor\/","og_site_name":"Leatai \u2013 Hersteller ma\u00dfgeschneiderter Notizb\u00fccher","article_modified_time":"2026-03-04T03:17:45+00:00","og_image":[{"width":1000,"height":750,"url":"https:\/\/leatai.com\/wp-content\/uploads\/DSC_2992.jpg","type":"image\/jpeg"}],"twitter_card":"summary_large_image","twitter_misc":{"Gesch\u00e4tzte Lesezeit":"1\u00a0Minute"},"schema":{"@context":"https:\/\/schema.org","@graph":[{"@type":"WebPage","@id":"https:\/\/leatai.com\/de\/product\/verschiedene-oem-muster\/oem-kalender-de\/lady-flavor\/","url":"https:\/\/leatai.com\/de\/product\/verschiedene-oem-muster\/oem-kalender-de\/lady-flavor\/","name":"Lady Flavor - Beliebter Crowdfunding-Abrei\u00dfkalender, personalisierter Druck und Herstellung- Leatai \u2013 Hersteller ma\u00dfgeschneiderter Notizb\u00fccher","isPartOf":{"@id":"https:\/\/leatai.com\/de\/#website"},"primaryImageOfPage":{"@id":"https:\/\/leatai.com\/de\/product\/verschiedene-oem-muster\/oem-kalender-de\/lady-flavor\/#primaryimage"},"image":{"@id":"https:\/\/leatai.com\/de\/product\/verschiedene-oem-muster\/oem-kalender-de\/lady-flavor\/#primaryimage"},"thumbnailUrl":"https:\/\/leatai.com\/wp-content\/uploads\/DSC_2992.jpg","datePublished":"2025-04-20T08:47:55+00:00","dateModified":"2026-03-04T03:17:45+00:00","description":"Entdecken Sie Leatais hochwertige Dienstleistungen zur individuellen Gestaltung, zum Druck und zur Herstellung von Abrei\u00dfkalendern. Unsere Kalender zeichnen sich durch elegantes Design und erstklassige Materialien aus \u2013 ideal f\u00fcr Firmenanpassungen und den pers\u00f6nlichen Gebrauch. W\u00e4hlen Sie den passenden Abrei\u00dfkalender-Hersteller, um Ihr Markenimage und Ihre t\u00e4gliche Planungsf\u00e4higkeit zu st\u00e4rken. Besuchen Sie jetzt die offizielle Website von Leatai, um mehr \u00fcber unsere Kalender zu erfahren und ein effizientes Planungserlebnis zu genie\u00dfen!","breadcrumb":{"@id":"https:\/\/leatai.com\/de\/product\/verschiedene-oem-muster\/oem-kalender-de\/lady-flavor\/#breadcrumb"},"inLanguage":"de","potentialAction":[{"@type":"ReadAction","target":["https:\/\/leatai.com\/de\/product\/verschiedene-oem-muster\/oem-kalender-de\/lady-flavor\/"]}]},{"@type":"ImageObject","inLanguage":"de","@id":"https:\/\/leatai.com\/de\/product\/verschiedene-oem-muster\/oem-kalender-de\/lady-flavor\/#primaryimage","url":"https:\/\/leatai.com\/wp-content\/uploads\/DSC_2992.jpg","contentUrl":"https:\/\/leatai.com\/wp-content\/uploads\/DSC_2992.jpg","width":1000,"height":750,"caption":"\u624b\u6495\u5c0f\u65e5\u66c6"},{"@type":"BreadcrumbList","@id":"https:\/\/leatai.com\/de\/product\/verschiedene-oem-muster\/oem-kalender-de\/lady-flavor\/#breadcrumb","itemListElement":[{"@type":"ListItem","position":1,"name":"Home","item":"https:\/\/leatai.com\/de\/"},{"@type":"ListItem","position":2,"name":"Produktvorstellung","item":"https:\/\/leatai.com\/products\/"},{"@type":"ListItem","position":3,"name":"Verschiedene OEM-Muster","item":"https:\/\/leatai.com\/de\/produkt-kategorie\/verschiedene-oem-muster\/"},{"@type":"ListItem","position":4,"name":"OEM-Kalender","item":"https:\/\/leatai.com\/de\/produkt-kategorie\/verschiedene-oem-muster\/oem-kalender-de\/"},{"@type":"ListItem","position":5,"name":"Lady Flavor"}]},{"@type":"WebSite","@id":"https:\/\/leatai.com\/de\/#website","url":"https:\/\/leatai.com\/de\/","name":"Leatai \u2013 Hersteller ma\u00dfgeschneiderter Notizb\u00fccher","description":"Leatai liefert individuelle Notizb\u00fccher und Planer f\u00fcr Marken und H\u00e4ndler weltweit.","publisher":{"@id":"https:\/\/leatai.com\/de\/#organization"},"potentialAction":[{"@type":"SearchAction","target":{"@type":"EntryPoint","urlTemplate":"https:\/\/leatai.com\/de\/?s={search_term_string}"},"query-input":{"@type":"PropertyValueSpecification","valueRequired":true,"valueName":"search_term_string"}}],"inLanguage":"de"},{"@type":"Organization","@id":"https:\/\/leatai.com\/de\/#organization","name":"Leatai Diary, customized journal and business organizer","url":"https:\/\/leatai.com\/de\/","logo":{"@type":"ImageObject","inLanguage":"de","@id":"https:\/\/leatai.com\/de\/#\/schema\/logo\/image\/","url":"https:\/\/leatai.com\/wp-content\/uploads\/logo-blue.png","contentUrl":"https:\/\/leatai.com\/wp-content\/uploads\/logo-blue.png","width":230,"height":60,"caption":"Leatai Diary, customized journal and business organizer"},"image":{"@id":"https:\/\/leatai.com\/de\/#\/schema\/logo\/image\/"}}]}},"_links":{"self":[{"href":"https:\/\/leatai.com\/de\/wp-json\/wp\/v2\/product\/188791","targetHints":{"allow":["GET"]}}],"collection":[{"href":"https:\/\/leatai.com\/de\/wp-json\/wp\/v2\/product"}],"about":[{"href":"https:\/\/leatai.com\/de\/wp-json\/wp\/v2\/types\/product"}],"wp:featuredmedia":[{"embeddable":true,"href":"https:\/\/leatai.com\/de\/wp-json\/wp\/v2\/media\/188068"}],"wp:attachment":[{"href":"https:\/\/leatai.com\/de\/wp-json\/wp\/v2\/media?parent=188791"}],"wp:term":[{"taxonomy":"product_brand","embeddable":true,"href":"https:\/\/leatai.com\/de\/wp-json\/wp\/v2\/product_brand?post=188791"},{"taxonomy":"product_cat","embeddable":true,"href":"https:\/\/leatai.com\/de\/wp-json\/wp\/v2\/product_cat?post=188791"},{"taxonomy":"product_tag","embeddable":true,"href":"https:\/\/leatai.com\/de\/wp-json\/wp\/v2\/product_tag?post=188791"},{"taxonomy":"home_works","embeddable":true,"href":"https:\/\/leatai.com\/de\/wp-json\/wp\/v2\/home_works?post=188791"}],"curies":[{"name":"wp","href":"https:\/\/api.w.org\/{rel}","templated":true}]}}