{"id":171049,"date":"2021-06-24T13:28:51","date_gmt":"2021-06-24T05:28:51","guid":{"rendered":"https:\/\/leatai.com\/product\/unkategorisiert\/lcl-017\/"},"modified":"2025-04-02T10:04:22","modified_gmt":"2025-04-02T02:04:22","slug":"lcl-017","status":"publish","type":"product","link":"https:\/\/leatai.com\/de\/product\/individueller-planer\/spiralnotizbuch\/lcl-017\/","title":{"rendered":"LCL-017"},"content":{"rendered":"<p>Produktmodell: LCL-017<br \/>\nUmschlagmaterial: Synthetisches Material in Lammleder-Optik<br \/>\nFarben: Rot \/ Blau \/ Schwarz \/ Braun<br \/>\nFormate: 16K \/ 25K \/ 48K <a href=\"https:\/\/leatai.com\/de\/faq\/was-sind-8k-16k-und-25k-planergroessen-wie-gross-sind-sie\/\" target=\"_blank\" rel=\"noopener\">(G\u00e4ngige Formate)<\/a><br data-start=\"194\" data-end=\"197\" \/>Innenseiten: Standardvorlage<a href=\"https:\/\/leatai.com\/de\/produkt-kategorie\/innenseitenformat\/a5-innenseiten\/\" target=\"_blank\" rel=\"noopener\"> (Auswahl an Layouts verf\u00fcgbar)<\/a><br \/>\nVerpackung: OPP-Beutel (optional)<br \/>\nLOGO-Veredelung: Hei\u00dfpr\u00e4gung in Gold, Silber oder Brandpr\u00e4gung<br \/>\nDoppelte Spiralbindung Farben: Schwarz \/ Wei\u00df \/ Silber \/ Antikbronze (Standard: Schwarz)<\/p>\n<p>Produktbeschreibung<br \/>\nLeatai Produktmodell: LCL-017. Die Oberfl\u00e4che in Lammleder-Optik f\u00fchlt sich angenehm weich und besonders an. Das minimalistische Design, kombiniert mit einem komplett umklappbaren Umschlag, unterstreicht die typischen Vorteile eines Spiralnotizbuchs. Flach aufgelegt liegt es gut in der Hand \u2013 ideal auch f\u00fcr unterwegs, wenn Schreiben in Bewegung gefragt ist.<\/p>\n<p>&nbsp;<\/p>\n<p><strong>\ud83d\udcd6<\/strong>Standard-Gesch\u00e4ftskalender: <a href=\"https:\/\/leatai.com\/de\/produkt-kategorie\/individueller-planer\/\" target=\"_blank\" rel=\"noopener\">Alle Modelle der Gesch\u00e4ftskalender-Serien<\/a> \/ <a href=\"https:\/\/leatai.com\/de\/produkt-kategorie\/innenseitenformat\/\" target=\"_blank\" rel=\"noopener\">\u00dcbersicht der Innenseitenlayouts<\/a><\/p>\n<p><strong>\ud83d\udcd6<\/strong>Weitere Empfehlungen f\u00fcr individuell gestaltete Notizb\u00fccher \/ personalisierte Gesch\u00e4ftskalender und deren Druck finden Sie hier:<br \/>\n<a href=\"https:\/\/leatai.com\/de\/produkt-kategorie\/verschiedene-oem-muster\/oem-hardcover-notizbuch\/\" target=\"_blank\" rel=\"noopener\">OEM Hardcover-Notizb\u00fccher<\/a><br \/>\n<a href=\"https:\/\/leatai.com\/de\/produkt-kategorie\/verschiedene-oem-muster\/oem-ringbuch\/\" target=\"_blank\" rel=\"noopener\">OEM Ringbuch-Notizb\u00fccher<\/a><br \/>\n<a href=\"https:\/\/leatai.com\/de\/produkt-kategorie\/verschiedene-oem-muster\/oem-abnehmbarer-notizbuch\/\" target=\"_blank\" rel=\"noopener\">OEM Einsteck-Ringb\u00fccher<\/a><br \/>\n<a href=\"https:\/\/leatai.com\/de\/produkt-kategorie\/verschiedene-oem-muster\/oem-taschenbuch-notizbuch\/\" target=\"_blank\" rel=\"noopener\">OEM Softcover-Notizb\u00fccher<\/a><br \/>\n<a href=\"https:\/\/leatai.com\/de\/produkt-kategorie\/verschiedene-oem-muster\/oem-spiralgebundenes-notizbuch\/\" target=\"_blank\" rel=\"noopener\">OEM Spiralnotizb\u00fccher<\/a><br \/>\n<a href=\"https:\/\/leatai.com\/de\/produkt-kategorie\/verschiedene-oem-muster\/oem-kalender-de\/\" target=\"_blank\" rel=\"noopener\">OEM individuell gestaltete Abrei\u00dfkalender \/ Tischkalender<\/a><br \/>\n<a href=\"https:\/\/leatai.com\/de\/produkt-kategorie\/verschiedene-oem-muster\/oem-andere\/\" target=\"_blank\" rel=\"noopener\">OEM Sonstige kundenspezifische Produkte<\/a><\/p>\n<p>F\u00fcr eine vollst\u00e4ndige Erkl\u00e4rung der Formate besuchen Sie bitte:<br \/>\nPapiergr\u00f6\u00dfen-Guide: <a href=\"https:\/\/leatai.com\/de\/notizbuchwissen\/papiergroessen-leitfaden-verstehen-sie-gaengige-groessen-wie-b3-a4-b5-8k-16k-und-mehr-eine-umfassende-groessentabelle-zur-einfachen-referenz\/\" target=\"_blank\" rel=\"noopener\">Wie unterscheidet man B3, A4, B5, 8K, 16K usw.? Eine \u00fcbersichtliche Vergleichstabelle macht alle g\u00e4ngigen Papierformate leicht verst\u00e4ndlich!<\/a><\/p>\n","protected":false},"excerpt":{"rendered":"<p>Produktmodell: LCL-017 Umschlagmaterial: Synthetisches Material in Lammleder-Optik Farben: Rot \/ Blau \/ Schwarz \/ Braun Formate: 16K \/ 25K \/ 48K (G\u00e4ngige Formate)Innenseiten: Standardvorlage (Auswahl an Layouts verf\u00fcgbar) Verpackung: OPP-Beutel (optional) LOGO-Veredelung: Hei\u00dfpr\u00e4gung in Gold, Silber oder Brandpr\u00e4gung Doppelte Spiralbindung Farben: Schwarz \/ Wei\u00df \/ Silber \/ Antikbronze (Standard: Schwarz) Produktbeschreibung Leatai Produktmodell: LCL-017. Die [&hellip;]<\/p>\n","protected":false},"featured_media":171050,"template":"","meta":{"_acf_changed":false},"product_brand":[],"product_cat":[707],"product_tag":[1435],"home_works":[],"class_list":{"0":"post-171049","1":"product","2":"type-product","3":"status-publish","4":"has-post-thumbnail","6":"product_cat-spiralnotizbuch","7":"product_tag-personalisiertes-notizbuch","9":"first","10":"outofstock","11":"sold-individually","12":"shipping-taxable","13":"purchasable","14":"product-type-variable","15":"has-default-attributes"},"acf":[],"yoast_head":"<!-- This site is optimized with the Yoast SEO plugin v27.2 - https:\/\/yoast.com\/product\/yoast-seo-wordpress\/ -->\n<title>LCL-017 - Beliebtes Modell bei europ\u00e4ischen und amerikanischen Kunden - Leatai \u2013 Hersteller ma\u00dfgeschneiderter Notizb\u00fccher<\/title>\n<meta name=\"description\" content=\"Leatai Produktmodell: LCL-017. Die Oberfl\u00e4che in Lammleder-Optik f\u00fchlt sich angenehm weich und besonders an. Das minimalistische Design, kombiniert mit einem komplett umklappbaren Umschlag, unterstreicht die typischen Vorteile eines Spiralnotizbuchs. Flach aufgelegt liegt es gut in der Hand \u2013 ideal auch f\u00fcr unterwegs, wenn Schreiben in Bewegung gefragt ist.\" \/>\n<meta name=\"robots\" content=\"index, follow, max-snippet:-1, max-image-preview:large, max-video-preview:-1\" \/>\n<link rel=\"canonical\" href=\"https:\/\/leatai.com\/de\/product\/individueller-planer\/spiralnotizbuch\/lcl-017\/\" \/>\n<meta property=\"og:locale\" content=\"de_DE\" \/>\n<meta property=\"og:type\" content=\"article\" \/>\n<meta property=\"og:title\" content=\"LCL-017 - Beliebtes Modell bei europ\u00e4ischen und amerikanischen Kunden - Leatai \u2013 Hersteller ma\u00dfgeschneiderter Notizb\u00fccher\" \/>\n<meta property=\"og:description\" content=\"Leatai Produktmodell: LCL-017. Die Oberfl\u00e4che in Lammleder-Optik f\u00fchlt sich angenehm weich und besonders an. Das minimalistische Design, kombiniert mit einem komplett umklappbaren Umschlag, unterstreicht die typischen Vorteile eines Spiralnotizbuchs. Flach aufgelegt liegt es gut in der Hand \u2013 ideal auch f\u00fcr unterwegs, wenn Schreiben in Bewegung gefragt ist.\" \/>\n<meta property=\"og:url\" content=\"https:\/\/leatai.com\/de\/product\/individueller-planer\/spiralnotizbuch\/lcl-017\/\" \/>\n<meta property=\"og:site_name\" content=\"Leatai \u2013 Hersteller ma\u00dfgeschneiderter Notizb\u00fccher\" \/>\n<meta property=\"article:modified_time\" content=\"2025-04-02T02:04:22+00:00\" \/>\n<meta property=\"og:image\" content=\"https:\/\/leatai.com\/wp-content\/uploads\/2015_09_09_2024350.jpg\" \/>\n\t<meta property=\"og:image:width\" content=\"1000\" \/>\n\t<meta property=\"og:image:height\" content=\"750\" \/>\n\t<meta property=\"og:image:type\" content=\"image\/jpeg\" \/>\n<meta name=\"twitter:card\" content=\"summary_large_image\" \/>\n<meta name=\"twitter:label1\" content=\"Gesch\u00e4tzte Lesezeit\" \/>\n\t<meta name=\"twitter:data1\" content=\"2\u00a0Minuten\" \/>\n<script type=\"application\/ld+json\" class=\"yoast-schema-graph\">{\"@context\":\"https:\/\/schema.org\",\"@graph\":[{\"@type\":\"WebPage\",\"@id\":\"https:\/\/leatai.com\/de\/product\/individueller-planer\/spiralnotizbuch\/lcl-017\/\",\"url\":\"https:\/\/leatai.com\/de\/product\/individueller-planer\/spiralnotizbuch\/lcl-017\/\",\"name\":\"LCL-017 - Beliebtes Modell bei europ\u00e4ischen und amerikanischen Kunden - Leatai \u2013 Hersteller ma\u00dfgeschneiderter Notizb\u00fccher\",\"isPartOf\":{\"@id\":\"https:\/\/leatai.com\/de\/#website\"},\"primaryImageOfPage\":{\"@id\":\"https:\/\/leatai.com\/de\/product\/individueller-planer\/spiralnotizbuch\/lcl-017\/#primaryimage\"},\"image\":{\"@id\":\"https:\/\/leatai.com\/de\/product\/individueller-planer\/spiralnotizbuch\/lcl-017\/#primaryimage\"},\"thumbnailUrl\":\"https:\/\/leatai.com\/wp-content\/uploads\/2015_09_09_2024350.jpg\",\"datePublished\":\"2021-06-24T05:28:51+00:00\",\"dateModified\":\"2025-04-02T02:04:22+00:00\",\"description\":\"Leatai Produktmodell: LCL-017. Die Oberfl\u00e4che in Lammleder-Optik f\u00fchlt sich angenehm weich und besonders an. Das minimalistische Design, kombiniert mit einem komplett umklappbaren Umschlag, unterstreicht die typischen Vorteile eines Spiralnotizbuchs. Flach aufgelegt liegt es gut in der Hand \u2013 ideal auch f\u00fcr unterwegs, wenn Schreiben in Bewegung gefragt ist.\",\"breadcrumb\":{\"@id\":\"https:\/\/leatai.com\/de\/product\/individueller-planer\/spiralnotizbuch\/lcl-017\/#breadcrumb\"},\"inLanguage\":\"de\",\"potentialAction\":[{\"@type\":\"ReadAction\",\"target\":[\"https:\/\/leatai.com\/de\/product\/individueller-planer\/spiralnotizbuch\/lcl-017\/\"]}]},{\"@type\":\"ImageObject\",\"inLanguage\":\"de\",\"@id\":\"https:\/\/leatai.com\/de\/product\/individueller-planer\/spiralnotizbuch\/lcl-017\/#primaryimage\",\"url\":\"https:\/\/leatai.com\/wp-content\/uploads\/2015_09_09_2024350.jpg\",\"contentUrl\":\"https:\/\/leatai.com\/wp-content\/uploads\/2015_09_09_2024350.jpg\",\"width\":1000,\"height\":750,\"caption\":\"Gesch\u00e4ftsjournal\"},{\"@type\":\"BreadcrumbList\",\"@id\":\"https:\/\/leatai.com\/de\/product\/individueller-planer\/spiralnotizbuch\/lcl-017\/#breadcrumb\",\"itemListElement\":[{\"@type\":\"ListItem\",\"position\":1,\"name\":\"Home\",\"item\":\"https:\/\/leatai.com\/de\/\"},{\"@type\":\"ListItem\",\"position\":2,\"name\":\"Produktvorstellung\",\"item\":\"https:\/\/leatai.com\/products\/\"},{\"@type\":\"ListItem\",\"position\":3,\"name\":\"Individueller Planer\",\"item\":\"https:\/\/leatai.com\/de\/produkt-kategorie\/individueller-planer\/\"},{\"@type\":\"ListItem\",\"position\":4,\"name\":\"Spiralnotizbuch\",\"item\":\"https:\/\/leatai.com\/de\/produkt-kategorie\/individueller-planer\/spiralnotizbuch\/\"},{\"@type\":\"ListItem\",\"position\":5,\"name\":\"LCL-017\"}]},{\"@type\":\"WebSite\",\"@id\":\"https:\/\/leatai.com\/de\/#website\",\"url\":\"https:\/\/leatai.com\/de\/\",\"name\":\"Leatai \u2013 Hersteller ma\u00dfgeschneiderter Notizb\u00fccher\",\"description\":\"Leatai liefert individuelle Notizb\u00fccher und Planer f\u00fcr Marken und H\u00e4ndler weltweit.\",\"publisher\":{\"@id\":\"https:\/\/leatai.com\/de\/#organization\"},\"potentialAction\":[{\"@type\":\"SearchAction\",\"target\":{\"@type\":\"EntryPoint\",\"urlTemplate\":\"https:\/\/leatai.com\/de\/?s={search_term_string}\"},\"query-input\":{\"@type\":\"PropertyValueSpecification\",\"valueRequired\":true,\"valueName\":\"search_term_string\"}}],\"inLanguage\":\"de\"},{\"@type\":\"Organization\",\"@id\":\"https:\/\/leatai.com\/de\/#organization\",\"name\":\"Leatai Diary, customized journal and business organizer\",\"url\":\"https:\/\/leatai.com\/de\/\",\"logo\":{\"@type\":\"ImageObject\",\"inLanguage\":\"de\",\"@id\":\"https:\/\/leatai.com\/de\/#\/schema\/logo\/image\/\",\"url\":\"https:\/\/leatai.com\/wp-content\/uploads\/logo-blue.png\",\"contentUrl\":\"https:\/\/leatai.com\/wp-content\/uploads\/logo-blue.png\",\"width\":230,\"height\":60,\"caption\":\"Leatai Diary, customized journal and business organizer\"},\"image\":{\"@id\":\"https:\/\/leatai.com\/de\/#\/schema\/logo\/image\/\"}}]}<\/script>\n<!-- \/ Yoast SEO plugin. -->","yoast_head_json":{"title":"LCL-017 - Beliebtes Modell bei europ\u00e4ischen und amerikanischen Kunden - Leatai \u2013 Hersteller ma\u00dfgeschneiderter Notizb\u00fccher","description":"Leatai Produktmodell: LCL-017. Die Oberfl\u00e4che in Lammleder-Optik f\u00fchlt sich angenehm weich und besonders an. Das minimalistische Design, kombiniert mit einem komplett umklappbaren Umschlag, unterstreicht die typischen Vorteile eines Spiralnotizbuchs. Flach aufgelegt liegt es gut in der Hand \u2013 ideal auch f\u00fcr unterwegs, wenn Schreiben in Bewegung gefragt ist.","robots":{"index":"index","follow":"follow","max-snippet":"max-snippet:-1","max-image-preview":"max-image-preview:large","max-video-preview":"max-video-preview:-1"},"canonical":"https:\/\/leatai.com\/de\/product\/individueller-planer\/spiralnotizbuch\/lcl-017\/","og_locale":"de_DE","og_type":"article","og_title":"LCL-017 - Beliebtes Modell bei europ\u00e4ischen und amerikanischen Kunden - Leatai \u2013 Hersteller ma\u00dfgeschneiderter Notizb\u00fccher","og_description":"Leatai Produktmodell: LCL-017. Die Oberfl\u00e4che in Lammleder-Optik f\u00fchlt sich angenehm weich und besonders an. Das minimalistische Design, kombiniert mit einem komplett umklappbaren Umschlag, unterstreicht die typischen Vorteile eines Spiralnotizbuchs. Flach aufgelegt liegt es gut in der Hand \u2013 ideal auch f\u00fcr unterwegs, wenn Schreiben in Bewegung gefragt ist.","og_url":"https:\/\/leatai.com\/de\/product\/individueller-planer\/spiralnotizbuch\/lcl-017\/","og_site_name":"Leatai \u2013 Hersteller ma\u00dfgeschneiderter Notizb\u00fccher","article_modified_time":"2025-04-02T02:04:22+00:00","og_image":[{"width":1000,"height":750,"url":"https:\/\/leatai.com\/wp-content\/uploads\/2015_09_09_2024350.jpg","type":"image\/jpeg"}],"twitter_card":"summary_large_image","twitter_misc":{"Gesch\u00e4tzte Lesezeit":"2\u00a0Minuten"},"schema":{"@context":"https:\/\/schema.org","@graph":[{"@type":"WebPage","@id":"https:\/\/leatai.com\/de\/product\/individueller-planer\/spiralnotizbuch\/lcl-017\/","url":"https:\/\/leatai.com\/de\/product\/individueller-planer\/spiralnotizbuch\/lcl-017\/","name":"LCL-017 - Beliebtes Modell bei europ\u00e4ischen und amerikanischen Kunden - Leatai \u2013 Hersteller ma\u00dfgeschneiderter Notizb\u00fccher","isPartOf":{"@id":"https:\/\/leatai.com\/de\/#website"},"primaryImageOfPage":{"@id":"https:\/\/leatai.com\/de\/product\/individueller-planer\/spiralnotizbuch\/lcl-017\/#primaryimage"},"image":{"@id":"https:\/\/leatai.com\/de\/product\/individueller-planer\/spiralnotizbuch\/lcl-017\/#primaryimage"},"thumbnailUrl":"https:\/\/leatai.com\/wp-content\/uploads\/2015_09_09_2024350.jpg","datePublished":"2021-06-24T05:28:51+00:00","dateModified":"2025-04-02T02:04:22+00:00","description":"Leatai Produktmodell: LCL-017. Die Oberfl\u00e4che in Lammleder-Optik f\u00fchlt sich angenehm weich und besonders an. Das minimalistische Design, kombiniert mit einem komplett umklappbaren Umschlag, unterstreicht die typischen Vorteile eines Spiralnotizbuchs. Flach aufgelegt liegt es gut in der Hand \u2013 ideal auch f\u00fcr unterwegs, wenn Schreiben in Bewegung gefragt ist.","breadcrumb":{"@id":"https:\/\/leatai.com\/de\/product\/individueller-planer\/spiralnotizbuch\/lcl-017\/#breadcrumb"},"inLanguage":"de","potentialAction":[{"@type":"ReadAction","target":["https:\/\/leatai.com\/de\/product\/individueller-planer\/spiralnotizbuch\/lcl-017\/"]}]},{"@type":"ImageObject","inLanguage":"de","@id":"https:\/\/leatai.com\/de\/product\/individueller-planer\/spiralnotizbuch\/lcl-017\/#primaryimage","url":"https:\/\/leatai.com\/wp-content\/uploads\/2015_09_09_2024350.jpg","contentUrl":"https:\/\/leatai.com\/wp-content\/uploads\/2015_09_09_2024350.jpg","width":1000,"height":750,"caption":"Gesch\u00e4ftsjournal"},{"@type":"BreadcrumbList","@id":"https:\/\/leatai.com\/de\/product\/individueller-planer\/spiralnotizbuch\/lcl-017\/#breadcrumb","itemListElement":[{"@type":"ListItem","position":1,"name":"Home","item":"https:\/\/leatai.com\/de\/"},{"@type":"ListItem","position":2,"name":"Produktvorstellung","item":"https:\/\/leatai.com\/products\/"},{"@type":"ListItem","position":3,"name":"Individueller Planer","item":"https:\/\/leatai.com\/de\/produkt-kategorie\/individueller-planer\/"},{"@type":"ListItem","position":4,"name":"Spiralnotizbuch","item":"https:\/\/leatai.com\/de\/produkt-kategorie\/individueller-planer\/spiralnotizbuch\/"},{"@type":"ListItem","position":5,"name":"LCL-017"}]},{"@type":"WebSite","@id":"https:\/\/leatai.com\/de\/#website","url":"https:\/\/leatai.com\/de\/","name":"Leatai \u2013 Hersteller ma\u00dfgeschneiderter Notizb\u00fccher","description":"Leatai liefert individuelle Notizb\u00fccher und Planer f\u00fcr Marken und H\u00e4ndler weltweit.","publisher":{"@id":"https:\/\/leatai.com\/de\/#organization"},"potentialAction":[{"@type":"SearchAction","target":{"@type":"EntryPoint","urlTemplate":"https:\/\/leatai.com\/de\/?s={search_term_string}"},"query-input":{"@type":"PropertyValueSpecification","valueRequired":true,"valueName":"search_term_string"}}],"inLanguage":"de"},{"@type":"Organization","@id":"https:\/\/leatai.com\/de\/#organization","name":"Leatai Diary, customized journal and business organizer","url":"https:\/\/leatai.com\/de\/","logo":{"@type":"ImageObject","inLanguage":"de","@id":"https:\/\/leatai.com\/de\/#\/schema\/logo\/image\/","url":"https:\/\/leatai.com\/wp-content\/uploads\/logo-blue.png","contentUrl":"https:\/\/leatai.com\/wp-content\/uploads\/logo-blue.png","width":230,"height":60,"caption":"Leatai Diary, customized journal and business organizer"},"image":{"@id":"https:\/\/leatai.com\/de\/#\/schema\/logo\/image\/"}}]}},"_links":{"self":[{"href":"https:\/\/leatai.com\/de\/wp-json\/wp\/v2\/product\/171049","targetHints":{"allow":["GET"]}}],"collection":[{"href":"https:\/\/leatai.com\/de\/wp-json\/wp\/v2\/product"}],"about":[{"href":"https:\/\/leatai.com\/de\/wp-json\/wp\/v2\/types\/product"}],"wp:featuredmedia":[{"embeddable":true,"href":"https:\/\/leatai.com\/de\/wp-json\/wp\/v2\/media\/171050"}],"wp:attachment":[{"href":"https:\/\/leatai.com\/de\/wp-json\/wp\/v2\/media?parent=171049"}],"wp:term":[{"taxonomy":"product_brand","embeddable":true,"href":"https:\/\/leatai.com\/de\/wp-json\/wp\/v2\/product_brand?post=171049"},{"taxonomy":"product_cat","embeddable":true,"href":"https:\/\/leatai.com\/de\/wp-json\/wp\/v2\/product_cat?post=171049"},{"taxonomy":"product_tag","embeddable":true,"href":"https:\/\/leatai.com\/de\/wp-json\/wp\/v2\/product_tag?post=171049"},{"taxonomy":"home_works","embeddable":true,"href":"https:\/\/leatai.com\/de\/wp-json\/wp\/v2\/home_works?post=171049"}],"curies":[{"name":"wp","href":"https:\/\/api.w.org\/{rel}","templated":true}]}}