{"id":168420,"date":"2023-05-22T16:24:23","date_gmt":"2023-05-22T08:24:23","guid":{"rendered":"https:\/\/leatai.com\/product\/unkategorisiert\/notizbuch-geschenkset-02\/"},"modified":"2025-04-01T14:36:54","modified_gmt":"2025-04-01T06:36:54","slug":"notizbuch-geschenkset-02","status":"publish","type":"product","link":"https:\/\/leatai.com\/de\/product\/individueller-planer\/geschenkset\/notizbuch-geschenkset-02\/","title":{"rendered":"Notizbuch-Geschenkset \u2013 02"},"content":{"rendered":"<p>Produktmodell: Notizbuch-Geschenkset \u2013 02<br \/>\nMaterial der Geschenkbox: Japanisches Leinenpapier<br \/>\nFarbe der Geschenkbox: Dousha (warmer Rosen-Ton)<br \/>\nMa\u00dfe der Geschenkbox (geschlossen): L\u00e4nge 23,3 cm \u00d7 Breite 25,2 cm \u00d7 H\u00f6he 2,7 cm<br \/>\nInhalt:<br \/>\n\u2013 Individuell gestaltetes Hardcover-Notizbuch oder herausnehmbares Ringbuch im Format 25K (eines zur Auswahl)<br \/>\n\u2013 Hochwertiger Kugelschreiber Modell <a href=\"https:\/\/leatai.com\/de\/product\/individueller-planer\/geschenkset\/hochwertiger-kugelschreiber-aus-carbonfaser-modell-1\/\" target=\"_blank\" rel=\"noopener\">01<\/a>\/\u00a0<a href=\"https:\/\/leatai.com\/de\/product\/individueller-planer\/geschenkset\/hochwertiger-kugelschreiber-modell-2\/\" target=\"_blank\" rel=\"noopener\">02<\/a> \/\u00a0<a href=\"https:\/\/leatai.com\/de\/product\/individueller-planer\/geschenkset\/hochwertiger-kugelschreiber-modell-3\/\" target=\"_blank\" rel=\"noopener\">03<\/a>(eines zur Auswahl)<br \/>\nNotizbuch-Gr\u00f6\u00dfen: 16K \/ 25K \/ 48K (g\u00e4ngige Formate)<br \/>\nVerpackung: Satinband \/ Kraftpapier (optional)<br \/>\nLogo-Veredelung: Hei\u00dfpr\u00e4gung in Gold oder Silber, Brandpr\u00e4gung<\/p>\n<p>Produktbeschreibung<br \/>\nLeatai Produktmodell \u2013 das Notizbuch-Geschenkset mit edler Geschenkbox aus japanischem Leinenpapier in einem stilvollen Dousha-Farbton. Die Oberfl\u00e4che \u00fcberzeugt durch eine besonders hochwertige Haptik. Im Inneren befinden sich ein individuell gestaltbares Notizbuch und ein hochwertiger Kugelschreiber. Der Magnetverschluss an der Seite sorgt f\u00fcr elegantes Handling, die optionale Schleifenverpackung rundet das Gesamtbild ab.<br \/>\nAuf Wunsch kann das Notizbuch durch ein Hardcover-Modell ersetzt werden \u2013 f\u00fcr ein noch exakteres, individuell abgestimmtes Geschenkset.<\/p>\n<p><strong>\ud83d\udcd6<\/strong>Standard-Gesch\u00e4ftskalender: <a href=\"https:\/\/leatai.com\/de\/produkt-kategorie\/individueller-planer\/\" target=\"_blank\" rel=\"noopener\">Alle Modelle der Gesch\u00e4ftskalender-Serien<\/a> \/ <a href=\"https:\/\/leatai.com\/de\/produkt-kategorie\/innenseitenformat\/\" target=\"_blank\" rel=\"noopener\">\u00dcbersicht der Innenseitenlayouts<\/a><\/p>\n<p><strong>\ud83d\udcd6<\/strong>Weitere Empfehlungen f\u00fcr individuell gestaltete Notizb\u00fccher \/ personalisierte Gesch\u00e4ftskalender und deren Druck finden Sie hier:<br \/>\n<a href=\"https:\/\/leatai.com\/de\/produkt-kategorie\/verschiedene-oem-muster\/oem-hardcover-notizbuch\/\" target=\"_blank\" rel=\"noopener\">OEM Hardcover-Notizb\u00fccher<\/a><br \/>\n<a href=\"https:\/\/leatai.com\/de\/produkt-kategorie\/verschiedene-oem-muster\/oem-ringbuch\/\" target=\"_blank\" rel=\"noopener\">OEM Ringbuch-Notizb\u00fccher<\/a><br \/>\n<a href=\"https:\/\/leatai.com\/de\/produkt-kategorie\/verschiedene-oem-muster\/oem-abnehmbarer-notizbuch\/\" target=\"_blank\" rel=\"noopener\">OEM Einsteck-Ringb\u00fccher<\/a><br \/>\n<a href=\"https:\/\/leatai.com\/de\/produkt-kategorie\/verschiedene-oem-muster\/oem-taschenbuch-notizbuch\/\" target=\"_blank\" rel=\"noopener\">OEM Softcover-Notizb\u00fccher<\/a><br \/>\n<a href=\"https:\/\/leatai.com\/de\/produkt-kategorie\/verschiedene-oem-muster\/oem-spiralgebundenes-notizbuch\/\" target=\"_blank\" rel=\"noopener\">OEM Spiralnotizb\u00fccher<\/a><br \/>\n<a href=\"https:\/\/leatai.com\/de\/produkt-kategorie\/verschiedene-oem-muster\/oem-kalender-de\/\" target=\"_blank\" rel=\"noopener\">OEM individuell gestaltete Abrei\u00dfkalender \/ Tischkalender<\/a><br \/>\n<a href=\"https:\/\/leatai.com\/de\/produkt-kategorie\/verschiedene-oem-muster\/oem-andere\/\" target=\"_blank\" rel=\"noopener\">OEM Sonstige kundenspezifische Produkte<\/a><\/p>\n<p>F\u00fcr eine vollst\u00e4ndige Erkl\u00e4rung der Formate besuchen Sie bitte:<br \/>\nPapiergr\u00f6\u00dfen-Guide: <a href=\"https:\/\/leatai.com\/de\/notizbuchwissen\/papiergroessen-leitfaden-verstehen-sie-gaengige-groessen-wie-b3-a4-b5-8k-16k-und-mehr-eine-umfassende-groessentabelle-zur-einfachen-referenz\/\" target=\"_blank\" rel=\"noopener\">Wie unterscheidet man B3, A4, B5, 8K, 16K usw.?<\/a><br \/>\nEine \u00fcbersichtliche Vergleichstabelle macht alle g\u00e4ngigen Papierformate leicht verst\u00e4ndlich!<\/p>\n","protected":false},"excerpt":{"rendered":"<p>Produktmodell: Notizbuch-Geschenkset \u2013 02 Material der Geschenkbox: Japanisches Leinenpapier Farbe der Geschenkbox: Dousha (warmer Rosen-Ton) Ma\u00dfe der Geschenkbox (geschlossen): L\u00e4nge 23,3 cm \u00d7 Breite 25,2 cm \u00d7 H\u00f6he 2,7 cm Inhalt: \u2013 Individuell gestaltetes Hardcover-Notizbuch oder herausnehmbares Ringbuch im Format 25K (eines zur Auswahl) \u2013 Hochwertiger Kugelschreiber Modell 01\/\u00a002 \/\u00a003(eines zur Auswahl) Notizbuch-Gr\u00f6\u00dfen: 16K \/ [&hellip;]<\/p>\n","protected":false},"featured_media":168421,"template":"","meta":{"_acf_changed":false},"product_brand":[],"product_cat":[719],"product_tag":[1452],"home_works":[],"class_list":{"0":"post-168420","1":"product","2":"type-product","3":"status-publish","4":"has-post-thumbnail","6":"product_cat-geschenkset","7":"product_tag-notizbuch-geschenkset","9":"first","10":"outofstock","11":"sold-individually","12":"shipping-taxable","13":"purchasable","14":"product-type-variable","15":"has-default-attributes"},"acf":[],"yoast_head":"<!-- This site is optimized with the Yoast SEO plugin v27.2 - https:\/\/yoast.com\/product\/yoast-seo-wordpress\/ -->\n<title>Individuell gestaltetes Notizbuch-Geschenkset - Japanisches Leinenpapier - Leatai \u2013 Hersteller ma\u00dfgeschneiderter Notizb\u00fccher<\/title>\n<meta name=\"description\" content=\"Leatai Produktmodell: Die Geschenkbox besteht aus japanischem Leinenpapier in einem eleganten Dousha-Farbton und bietet eine besonders hochwertige Haptik. Enthalten sind ein individuell gestaltbares Notizbuch sowie ein hochwertiger Kugelschreiber. Der seitliche Magnetverschluss sorgt f\u00fcr stilvolles \u00d6ffnen und Schlie\u00dfen, erg\u00e4nzt durch eine dekorative Satinschleife. Auf Wunsch kann das Notizbuch durch ein Hardcover-Modell ersetzt werden \u2013 f\u00fcr noch mehr Individualit\u00e4t und Pr\u00e4zision bei der Gestaltung.\" \/>\n<meta name=\"robots\" content=\"index, follow, max-snippet:-1, max-image-preview:large, max-video-preview:-1\" \/>\n<link rel=\"canonical\" href=\"https:\/\/leatai.com\/de\/product\/individueller-planer\/geschenkset\/notizbuch-geschenkset-02\/\" \/>\n<meta property=\"og:locale\" content=\"de_DE\" \/>\n<meta property=\"og:type\" content=\"article\" \/>\n<meta property=\"og:title\" content=\"Individuell gestaltetes Notizbuch-Geschenkset - Japanisches Leinenpapier - Leatai \u2013 Hersteller ma\u00dfgeschneiderter Notizb\u00fccher\" \/>\n<meta property=\"og:description\" content=\"Leatai Produktmodell: Die Geschenkbox besteht aus japanischem Leinenpapier in einem eleganten Dousha-Farbton und bietet eine besonders hochwertige Haptik. Enthalten sind ein individuell gestaltbares Notizbuch sowie ein hochwertiger Kugelschreiber. Der seitliche Magnetverschluss sorgt f\u00fcr stilvolles \u00d6ffnen und Schlie\u00dfen, erg\u00e4nzt durch eine dekorative Satinschleife. Auf Wunsch kann das Notizbuch durch ein Hardcover-Modell ersetzt werden \u2013 f\u00fcr noch mehr Individualit\u00e4t und Pr\u00e4zision bei der Gestaltung.\" \/>\n<meta property=\"og:url\" content=\"https:\/\/leatai.com\/de\/product\/individueller-planer\/geschenkset\/notizbuch-geschenkset-02\/\" \/>\n<meta property=\"og:site_name\" content=\"Leatai \u2013 Hersteller ma\u00dfgeschneiderter Notizb\u00fccher\" \/>\n<meta property=\"article:modified_time\" content=\"2025-04-01T06:36:54+00:00\" \/>\n<meta property=\"og:image\" content=\"https:\/\/leatai.com\/wp-content\/uploads\/DSC_0716.jpg\" \/>\n\t<meta property=\"og:image:width\" content=\"1000\" \/>\n\t<meta property=\"og:image:height\" content=\"750\" \/>\n\t<meta property=\"og:image:type\" content=\"image\/jpeg\" \/>\n<meta name=\"twitter:card\" content=\"summary_large_image\" \/>\n<meta name=\"twitter:label1\" content=\"Gesch\u00e4tzte Lesezeit\" \/>\n\t<meta name=\"twitter:data1\" content=\"2\u00a0Minuten\" \/>\n<script type=\"application\/ld+json\" class=\"yoast-schema-graph\">{\"@context\":\"https:\/\/schema.org\",\"@graph\":[{\"@type\":\"WebPage\",\"@id\":\"https:\/\/leatai.com\/de\/product\/individueller-planer\/geschenkset\/notizbuch-geschenkset-02\/\",\"url\":\"https:\/\/leatai.com\/de\/product\/individueller-planer\/geschenkset\/notizbuch-geschenkset-02\/\",\"name\":\"Individuell gestaltetes Notizbuch-Geschenkset - Japanisches Leinenpapier - Leatai \u2013 Hersteller ma\u00dfgeschneiderter Notizb\u00fccher\",\"isPartOf\":{\"@id\":\"https:\/\/leatai.com\/de\/#website\"},\"primaryImageOfPage\":{\"@id\":\"https:\/\/leatai.com\/de\/product\/individueller-planer\/geschenkset\/notizbuch-geschenkset-02\/#primaryimage\"},\"image\":{\"@id\":\"https:\/\/leatai.com\/de\/product\/individueller-planer\/geschenkset\/notizbuch-geschenkset-02\/#primaryimage\"},\"thumbnailUrl\":\"https:\/\/leatai.com\/wp-content\/uploads\/DSC_0716.jpg\",\"datePublished\":\"2023-05-22T08:24:23+00:00\",\"dateModified\":\"2025-04-01T06:36:54+00:00\",\"description\":\"Leatai Produktmodell: Die Geschenkbox besteht aus japanischem Leinenpapier in einem eleganten Dousha-Farbton und bietet eine besonders hochwertige Haptik. Enthalten sind ein individuell gestaltbares Notizbuch sowie ein hochwertiger Kugelschreiber. Der seitliche Magnetverschluss sorgt f\u00fcr stilvolles \u00d6ffnen und Schlie\u00dfen, erg\u00e4nzt durch eine dekorative Satinschleife. Auf Wunsch kann das Notizbuch durch ein Hardcover-Modell ersetzt werden \u2013 f\u00fcr noch mehr Individualit\u00e4t und Pr\u00e4zision bei der Gestaltung.\",\"breadcrumb\":{\"@id\":\"https:\/\/leatai.com\/de\/product\/individueller-planer\/geschenkset\/notizbuch-geschenkset-02\/#breadcrumb\"},\"inLanguage\":\"de\",\"potentialAction\":[{\"@type\":\"ReadAction\",\"target\":[\"https:\/\/leatai.com\/de\/product\/individueller-planer\/geschenkset\/notizbuch-geschenkset-02\/\"]}]},{\"@type\":\"ImageObject\",\"inLanguage\":\"de\",\"@id\":\"https:\/\/leatai.com\/de\/product\/individueller-planer\/geschenkset\/notizbuch-geschenkset-02\/#primaryimage\",\"url\":\"https:\/\/leatai.com\/wp-content\/uploads\/DSC_0716.jpg\",\"contentUrl\":\"https:\/\/leatai.com\/wp-content\/uploads\/DSC_0716.jpg\",\"width\":1000,\"height\":750,\"caption\":\"Notizbuch-Geschenkset\"},{\"@type\":\"BreadcrumbList\",\"@id\":\"https:\/\/leatai.com\/de\/product\/individueller-planer\/geschenkset\/notizbuch-geschenkset-02\/#breadcrumb\",\"itemListElement\":[{\"@type\":\"ListItem\",\"position\":1,\"name\":\"Home\",\"item\":\"https:\/\/leatai.com\/de\/\"},{\"@type\":\"ListItem\",\"position\":2,\"name\":\"Produktvorstellung\",\"item\":\"https:\/\/leatai.com\/products\/\"},{\"@type\":\"ListItem\",\"position\":3,\"name\":\"Individueller Planer\",\"item\":\"https:\/\/leatai.com\/de\/produkt-kategorie\/individueller-planer\/\"},{\"@type\":\"ListItem\",\"position\":4,\"name\":\"Geschenkset\",\"item\":\"https:\/\/leatai.com\/de\/produkt-kategorie\/individueller-planer\/geschenkset\/\"},{\"@type\":\"ListItem\",\"position\":5,\"name\":\"Notizbuch-Geschenkset \u2013 02\"}]},{\"@type\":\"WebSite\",\"@id\":\"https:\/\/leatai.com\/de\/#website\",\"url\":\"https:\/\/leatai.com\/de\/\",\"name\":\"Leatai \u2013 Hersteller ma\u00dfgeschneiderter Notizb\u00fccher\",\"description\":\"Leatai liefert individuelle Notizb\u00fccher und Planer f\u00fcr Marken und H\u00e4ndler weltweit.\",\"publisher\":{\"@id\":\"https:\/\/leatai.com\/de\/#organization\"},\"potentialAction\":[{\"@type\":\"SearchAction\",\"target\":{\"@type\":\"EntryPoint\",\"urlTemplate\":\"https:\/\/leatai.com\/de\/?s={search_term_string}\"},\"query-input\":{\"@type\":\"PropertyValueSpecification\",\"valueRequired\":true,\"valueName\":\"search_term_string\"}}],\"inLanguage\":\"de\"},{\"@type\":\"Organization\",\"@id\":\"https:\/\/leatai.com\/de\/#organization\",\"name\":\"Leatai Diary, customized journal and business organizer\",\"url\":\"https:\/\/leatai.com\/de\/\",\"logo\":{\"@type\":\"ImageObject\",\"inLanguage\":\"de\",\"@id\":\"https:\/\/leatai.com\/de\/#\/schema\/logo\/image\/\",\"url\":\"https:\/\/leatai.com\/wp-content\/uploads\/logo-blue.png\",\"contentUrl\":\"https:\/\/leatai.com\/wp-content\/uploads\/logo-blue.png\",\"width\":230,\"height\":60,\"caption\":\"Leatai Diary, customized journal and business organizer\"},\"image\":{\"@id\":\"https:\/\/leatai.com\/de\/#\/schema\/logo\/image\/\"}}]}<\/script>\n<!-- \/ Yoast SEO plugin. -->","yoast_head_json":{"title":"Individuell gestaltetes Notizbuch-Geschenkset - Japanisches Leinenpapier - Leatai \u2013 Hersteller ma\u00dfgeschneiderter Notizb\u00fccher","description":"Leatai Produktmodell: Die Geschenkbox besteht aus japanischem Leinenpapier in einem eleganten Dousha-Farbton und bietet eine besonders hochwertige Haptik. Enthalten sind ein individuell gestaltbares Notizbuch sowie ein hochwertiger Kugelschreiber. Der seitliche Magnetverschluss sorgt f\u00fcr stilvolles \u00d6ffnen und Schlie\u00dfen, erg\u00e4nzt durch eine dekorative Satinschleife. Auf Wunsch kann das Notizbuch durch ein Hardcover-Modell ersetzt werden \u2013 f\u00fcr noch mehr Individualit\u00e4t und Pr\u00e4zision bei der Gestaltung.","robots":{"index":"index","follow":"follow","max-snippet":"max-snippet:-1","max-image-preview":"max-image-preview:large","max-video-preview":"max-video-preview:-1"},"canonical":"https:\/\/leatai.com\/de\/product\/individueller-planer\/geschenkset\/notizbuch-geschenkset-02\/","og_locale":"de_DE","og_type":"article","og_title":"Individuell gestaltetes Notizbuch-Geschenkset - Japanisches Leinenpapier - Leatai \u2013 Hersteller ma\u00dfgeschneiderter Notizb\u00fccher","og_description":"Leatai Produktmodell: Die Geschenkbox besteht aus japanischem Leinenpapier in einem eleganten Dousha-Farbton und bietet eine besonders hochwertige Haptik. Enthalten sind ein individuell gestaltbares Notizbuch sowie ein hochwertiger Kugelschreiber. Der seitliche Magnetverschluss sorgt f\u00fcr stilvolles \u00d6ffnen und Schlie\u00dfen, erg\u00e4nzt durch eine dekorative Satinschleife. Auf Wunsch kann das Notizbuch durch ein Hardcover-Modell ersetzt werden \u2013 f\u00fcr noch mehr Individualit\u00e4t und Pr\u00e4zision bei der Gestaltung.","og_url":"https:\/\/leatai.com\/de\/product\/individueller-planer\/geschenkset\/notizbuch-geschenkset-02\/","og_site_name":"Leatai \u2013 Hersteller ma\u00dfgeschneiderter Notizb\u00fccher","article_modified_time":"2025-04-01T06:36:54+00:00","og_image":[{"width":1000,"height":750,"url":"https:\/\/leatai.com\/wp-content\/uploads\/DSC_0716.jpg","type":"image\/jpeg"}],"twitter_card":"summary_large_image","twitter_misc":{"Gesch\u00e4tzte Lesezeit":"2\u00a0Minuten"},"schema":{"@context":"https:\/\/schema.org","@graph":[{"@type":"WebPage","@id":"https:\/\/leatai.com\/de\/product\/individueller-planer\/geschenkset\/notizbuch-geschenkset-02\/","url":"https:\/\/leatai.com\/de\/product\/individueller-planer\/geschenkset\/notizbuch-geschenkset-02\/","name":"Individuell gestaltetes Notizbuch-Geschenkset - Japanisches Leinenpapier - Leatai \u2013 Hersteller ma\u00dfgeschneiderter Notizb\u00fccher","isPartOf":{"@id":"https:\/\/leatai.com\/de\/#website"},"primaryImageOfPage":{"@id":"https:\/\/leatai.com\/de\/product\/individueller-planer\/geschenkset\/notizbuch-geschenkset-02\/#primaryimage"},"image":{"@id":"https:\/\/leatai.com\/de\/product\/individueller-planer\/geschenkset\/notizbuch-geschenkset-02\/#primaryimage"},"thumbnailUrl":"https:\/\/leatai.com\/wp-content\/uploads\/DSC_0716.jpg","datePublished":"2023-05-22T08:24:23+00:00","dateModified":"2025-04-01T06:36:54+00:00","description":"Leatai Produktmodell: Die Geschenkbox besteht aus japanischem Leinenpapier in einem eleganten Dousha-Farbton und bietet eine besonders hochwertige Haptik. Enthalten sind ein individuell gestaltbares Notizbuch sowie ein hochwertiger Kugelschreiber. Der seitliche Magnetverschluss sorgt f\u00fcr stilvolles \u00d6ffnen und Schlie\u00dfen, erg\u00e4nzt durch eine dekorative Satinschleife. Auf Wunsch kann das Notizbuch durch ein Hardcover-Modell ersetzt werden \u2013 f\u00fcr noch mehr Individualit\u00e4t und Pr\u00e4zision bei der Gestaltung.","breadcrumb":{"@id":"https:\/\/leatai.com\/de\/product\/individueller-planer\/geschenkset\/notizbuch-geschenkset-02\/#breadcrumb"},"inLanguage":"de","potentialAction":[{"@type":"ReadAction","target":["https:\/\/leatai.com\/de\/product\/individueller-planer\/geschenkset\/notizbuch-geschenkset-02\/"]}]},{"@type":"ImageObject","inLanguage":"de","@id":"https:\/\/leatai.com\/de\/product\/individueller-planer\/geschenkset\/notizbuch-geschenkset-02\/#primaryimage","url":"https:\/\/leatai.com\/wp-content\/uploads\/DSC_0716.jpg","contentUrl":"https:\/\/leatai.com\/wp-content\/uploads\/DSC_0716.jpg","width":1000,"height":750,"caption":"Notizbuch-Geschenkset"},{"@type":"BreadcrumbList","@id":"https:\/\/leatai.com\/de\/product\/individueller-planer\/geschenkset\/notizbuch-geschenkset-02\/#breadcrumb","itemListElement":[{"@type":"ListItem","position":1,"name":"Home","item":"https:\/\/leatai.com\/de\/"},{"@type":"ListItem","position":2,"name":"Produktvorstellung","item":"https:\/\/leatai.com\/products\/"},{"@type":"ListItem","position":3,"name":"Individueller Planer","item":"https:\/\/leatai.com\/de\/produkt-kategorie\/individueller-planer\/"},{"@type":"ListItem","position":4,"name":"Geschenkset","item":"https:\/\/leatai.com\/de\/produkt-kategorie\/individueller-planer\/geschenkset\/"},{"@type":"ListItem","position":5,"name":"Notizbuch-Geschenkset \u2013 02"}]},{"@type":"WebSite","@id":"https:\/\/leatai.com\/de\/#website","url":"https:\/\/leatai.com\/de\/","name":"Leatai \u2013 Hersteller ma\u00dfgeschneiderter Notizb\u00fccher","description":"Leatai liefert individuelle Notizb\u00fccher und Planer f\u00fcr Marken und H\u00e4ndler weltweit.","publisher":{"@id":"https:\/\/leatai.com\/de\/#organization"},"potentialAction":[{"@type":"SearchAction","target":{"@type":"EntryPoint","urlTemplate":"https:\/\/leatai.com\/de\/?s={search_term_string}"},"query-input":{"@type":"PropertyValueSpecification","valueRequired":true,"valueName":"search_term_string"}}],"inLanguage":"de"},{"@type":"Organization","@id":"https:\/\/leatai.com\/de\/#organization","name":"Leatai Diary, customized journal and business organizer","url":"https:\/\/leatai.com\/de\/","logo":{"@type":"ImageObject","inLanguage":"de","@id":"https:\/\/leatai.com\/de\/#\/schema\/logo\/image\/","url":"https:\/\/leatai.com\/wp-content\/uploads\/logo-blue.png","contentUrl":"https:\/\/leatai.com\/wp-content\/uploads\/logo-blue.png","width":230,"height":60,"caption":"Leatai Diary, customized journal and business organizer"},"image":{"@id":"https:\/\/leatai.com\/de\/#\/schema\/logo\/image\/"}}]}},"_links":{"self":[{"href":"https:\/\/leatai.com\/de\/wp-json\/wp\/v2\/product\/168420","targetHints":{"allow":["GET"]}}],"collection":[{"href":"https:\/\/leatai.com\/de\/wp-json\/wp\/v2\/product"}],"about":[{"href":"https:\/\/leatai.com\/de\/wp-json\/wp\/v2\/types\/product"}],"wp:featuredmedia":[{"embeddable":true,"href":"https:\/\/leatai.com\/de\/wp-json\/wp\/v2\/media\/168421"}],"wp:attachment":[{"href":"https:\/\/leatai.com\/de\/wp-json\/wp\/v2\/media?parent=168420"}],"wp:term":[{"taxonomy":"product_brand","embeddable":true,"href":"https:\/\/leatai.com\/de\/wp-json\/wp\/v2\/product_brand?post=168420"},{"taxonomy":"product_cat","embeddable":true,"href":"https:\/\/leatai.com\/de\/wp-json\/wp\/v2\/product_cat?post=168420"},{"taxonomy":"product_tag","embeddable":true,"href":"https:\/\/leatai.com\/de\/wp-json\/wp\/v2\/product_tag?post=168420"},{"taxonomy":"home_works","embeddable":true,"href":"https:\/\/leatai.com\/de\/wp-json\/wp\/v2\/home_works?post=168420"}],"curies":[{"name":"wp","href":"https:\/\/api.w.org\/{rel}","templated":true}]}}