{"id":168403,"date":"2023-05-22T15:38:22","date_gmt":"2023-05-22T07:38:22","guid":{"rendered":"https:\/\/leatai.com\/product\/unkategorisiert\/produktmodell-notizbuch-geschenkset-01\/"},"modified":"2025-04-01T14:35:36","modified_gmt":"2025-04-01T06:35:36","slug":"produktmodell-notizbuch-geschenkset-01","status":"publish","type":"product","link":"https:\/\/leatai.com\/de\/product\/individueller-planer\/geschenkset\/produktmodell-notizbuch-geschenkset-01\/","title":{"rendered":"Notizbuch-Geschenkset \u2013 01"},"content":{"rendered":"<p>Produktmodell: Notizbuch-Geschenkset \u2013 01<br \/>\nMaterial der Geschenkbox: Japanisches Vitalpapier<br \/>\nFarbe der Geschenkbox: Gr\u00fcn<br \/>\nMa\u00dfe der Geschenkbox (geschlossen): L\u00e4nge 23,3 cm \u00d7 Breite 25,2 cm \u00d7 H\u00f6he 2,7 cm<br \/>\nInhalt:<br \/>\n\u2013 Individuell gestaltetes Hardcover-Notizbuch oder herausnehmbares Ringbuch im Format 25K (zur Auswahl eines)<br \/>\n\u2013 Hochwertiger Kugelschreiber Modell <a href=\"https:\/\/leatai.com\/de\/product\/individueller-planer\/geschenkset\/hochwertiger-kugelschreiber-aus-carbonfaser-modell-1\/\" target=\"_blank\" rel=\"noopener\">01<\/a>\/\u00a0<a href=\"https:\/\/leatai.com\/de\/product\/individueller-planer\/geschenkset\/hochwertiger-kugelschreiber-modell-2\/\" target=\"_blank\" rel=\"noopener\">02<\/a> \/\u00a0<a href=\"https:\/\/leatai.com\/de\/product\/individueller-planer\/geschenkset\/hochwertiger-kugelschreiber-modell-3\/\" target=\"_blank\" rel=\"noopener\">03<\/a> (zur Auswahl eines)<br \/>\nVerf\u00fcgbare Notizbuchformate: 16K \/ 25K \/ 48K (g\u00e4ngige Gr\u00f6\u00dfen)<br \/>\nVerpackung: Satinband \/ Kraftpapier (optional)<br \/>\nLogo-Veredelung: Hei\u00dfpr\u00e4gung in Gold oder Silber, Brandpr\u00e4gung<\/p>\n<p>Produktbeschreibung<br \/>\nDas individuell gestaltbare Notizbuch-Geschenkset von Leatai (Modell 01) \u00fcberzeugt durch seine sorgf\u00e4ltige Ausf\u00fchrung. Die Geschenkbox besteht aus edlem japanischen Vitalpapier und enth\u00e4lt ein kundenspezifisches Notizbuch sowie einen hochwertigen Kugelschreiber Ihrer Wahl. Der seitliche Magnetverschluss sorgt f\u00fcr elegantes \u00d6ffnen und Schlie\u00dfen, w\u00e4hrend eine optional sch\u00f6ne Satinschleife das Gesamtbild abrundet. Die detailreiche Gestaltung macht dieses Set zu einer stilvollen und w\u00fcrdevollen Geschenkwahl \u2013 ideal f\u00fcr VIPs und besondere Anl\u00e4sse.<\/p>\n<p><strong>\ud83d\udcd6<\/strong>Standard-Gesch\u00e4ftskalender: <a href=\"https:\/\/leatai.com\/de\/produkt-kategorie\/individueller-planer\/\" target=\"_blank\" rel=\"noopener\">Alle Modelle der Gesch\u00e4ftskalender-Serien<\/a> \/ <a href=\"https:\/\/leatai.com\/de\/produkt-kategorie\/innenseitenformat\/\" target=\"_blank\" rel=\"noopener\">\u00dcbersicht der Innenseitenlayouts<\/a><\/p>\n<p><strong>\ud83d\udcd6<\/strong>Weitere Empfehlungen f\u00fcr individuell gestaltete Notizb\u00fccher \/ personalisierte Gesch\u00e4ftskalender und deren Druck finden Sie hier:<br \/>\n<a href=\"https:\/\/leatai.com\/de\/produkt-kategorie\/verschiedene-oem-muster\/oem-hardcover-notizbuch\/\" target=\"_blank\" rel=\"noopener\">OEM Hardcover-Notizb\u00fccher<\/a><br \/>\n<a href=\"https:\/\/leatai.com\/de\/produkt-kategorie\/verschiedene-oem-muster\/oem-ringbuch\/\" target=\"_blank\" rel=\"noopener\">OEM Ringbuch-Notizb\u00fccher<\/a><br \/>\n<a href=\"https:\/\/leatai.com\/de\/produkt-kategorie\/verschiedene-oem-muster\/oem-abnehmbarer-notizbuch\/\" target=\"_blank\" rel=\"noopener\">OEM Einsteck-Ringb\u00fccher<\/a><br \/>\n<a href=\"https:\/\/leatai.com\/de\/produkt-kategorie\/verschiedene-oem-muster\/oem-taschenbuch-notizbuch\/\" target=\"_blank\" rel=\"noopener\">OEM Softcover-Notizb\u00fccher<\/a><br \/>\n<a href=\"https:\/\/leatai.com\/de\/produkt-kategorie\/verschiedene-oem-muster\/oem-spiralgebundenes-notizbuch\/\" target=\"_blank\" rel=\"noopener\">OEM Spiralnotizb\u00fccher<\/a><br \/>\n<a href=\"https:\/\/leatai.com\/de\/produkt-kategorie\/verschiedene-oem-muster\/oem-kalender-de\/\" target=\"_blank\" rel=\"noopener\">OEM individuell gestaltete Abrei\u00dfkalender \/ Tischkalender<\/a><br \/>\n<a href=\"https:\/\/leatai.com\/de\/produkt-kategorie\/verschiedene-oem-muster\/oem-andere\/\" target=\"_blank\" rel=\"noopener\">OEM Sonstige kundenspezifische Produkte<\/a><\/p>\n<p>F\u00fcr eine vollst\u00e4ndige Erkl\u00e4rung der Formate besuchen Sie bitte:<br \/>\nPapiergr\u00f6\u00dfen-Guide: <a href=\"https:\/\/leatai.com\/de\/notizbuchwissen\/papiergroessen-leitfaden-verstehen-sie-gaengige-groessen-wie-b3-a4-b5-8k-16k-und-mehr-eine-umfassende-groessentabelle-zur-einfachen-referenz\/\" target=\"_blank\" rel=\"noopener\">Wie unterscheidet man B3, A4, B5, 8K, 16K usw.?<\/a><br \/>\nEine \u00fcbersichtliche Vergleichstabelle macht alle g\u00e4ngigen Papierformate leicht verst\u00e4ndlich!<\/p>\n","protected":false},"excerpt":{"rendered":"<p>Produktmodell: Notizbuch-Geschenkset \u2013 01 Material der Geschenkbox: Japanisches Vitalpapier Farbe der Geschenkbox: Gr\u00fcn Ma\u00dfe der Geschenkbox (geschlossen): L\u00e4nge 23,3 cm \u00d7 Breite 25,2 cm \u00d7 H\u00f6he 2,7 cm Inhalt: \u2013 Individuell gestaltetes Hardcover-Notizbuch oder herausnehmbares Ringbuch im Format 25K (zur Auswahl eines) \u2013 Hochwertiger Kugelschreiber Modell 01\/\u00a002 \/\u00a003 (zur Auswahl eines) Verf\u00fcgbare Notizbuchformate: 16K \/ [&hellip;]<\/p>\n","protected":false},"featured_media":168404,"template":"","meta":{"_acf_changed":false},"product_brand":[],"product_cat":[719],"product_tag":[1452],"home_works":[],"class_list":{"0":"post-168403","1":"product","2":"type-product","3":"status-publish","4":"has-post-thumbnail","6":"product_cat-geschenkset","7":"product_tag-notizbuch-geschenkset","9":"first","10":"outofstock","11":"sold-individually","12":"shipping-taxable","13":"purchasable","14":"product-type-variable","15":"has-default-attributes"},"acf":[],"yoast_head":"<!-- This site is optimized with the Yoast SEO plugin v27.2 - https:\/\/yoast.com\/product\/yoast-seo-wordpress\/ -->\n<title>Individuell gestaltetes Notizbuch-Geschenkset - Japanisches Vitalpapier - Leatai \u2013 Hersteller ma\u00dfgeschneiderter Notizb\u00fccher<\/title>\n<meta name=\"description\" content=\"Leatai Produktmodell: Individuell gestaltetes Notizbuch-Geschenkset. Die Geschenkbox besteht aus hochwertigem japanischem Vitalpapier und enth\u00e4lt ein personalisiertes Notizbuch sowie einen edlen Kugelschreiber. Der Magnetverschluss an der Seite der Box sorgt f\u00fcr ein elegantes \u00d6ffnen und Schlie\u00dfen. Erg\u00e4nzt wird das Set durch eine stilvolle Satinschleife \u2013 jedes Detail ist durchdacht. Ein geschmackvolles und repr\u00e4sentatives Geschenk, das wahre VIP-Wertsch\u00e4tzung vermittelt.\" \/>\n<meta name=\"robots\" content=\"index, follow, max-snippet:-1, max-image-preview:large, max-video-preview:-1\" \/>\n<link rel=\"canonical\" href=\"https:\/\/leatai.com\/de\/product\/individueller-planer\/geschenkset\/produktmodell-notizbuch-geschenkset-01\/\" \/>\n<meta property=\"og:locale\" content=\"de_DE\" \/>\n<meta property=\"og:type\" content=\"article\" \/>\n<meta property=\"og:title\" content=\"Individuell gestaltetes Notizbuch-Geschenkset - Japanisches Vitalpapier - Leatai \u2013 Hersteller ma\u00dfgeschneiderter Notizb\u00fccher\" \/>\n<meta property=\"og:description\" content=\"Leatai Produktmodell: Individuell gestaltetes Notizbuch-Geschenkset. Die Geschenkbox besteht aus hochwertigem japanischem Vitalpapier und enth\u00e4lt ein personalisiertes Notizbuch sowie einen edlen Kugelschreiber. Der Magnetverschluss an der Seite der Box sorgt f\u00fcr ein elegantes \u00d6ffnen und Schlie\u00dfen. Erg\u00e4nzt wird das Set durch eine stilvolle Satinschleife \u2013 jedes Detail ist durchdacht. Ein geschmackvolles und repr\u00e4sentatives Geschenk, das wahre VIP-Wertsch\u00e4tzung vermittelt.\" \/>\n<meta property=\"og:url\" content=\"https:\/\/leatai.com\/de\/product\/individueller-planer\/geschenkset\/produktmodell-notizbuch-geschenkset-01\/\" \/>\n<meta property=\"og:site_name\" content=\"Leatai \u2013 Hersteller ma\u00dfgeschneiderter Notizb\u00fccher\" \/>\n<meta property=\"article:modified_time\" content=\"2025-04-01T06:35:36+00:00\" \/>\n<meta property=\"og:image\" content=\"https:\/\/leatai.com\/wp-content\/uploads\/DSC_0674.jpg\" \/>\n\t<meta property=\"og:image:width\" content=\"1000\" \/>\n\t<meta property=\"og:image:height\" content=\"750\" \/>\n\t<meta property=\"og:image:type\" content=\"image\/jpeg\" \/>\n<meta name=\"twitter:card\" content=\"summary_large_image\" \/>\n<meta name=\"twitter:label1\" content=\"Gesch\u00e4tzte Lesezeit\" \/>\n\t<meta name=\"twitter:data1\" content=\"2\u00a0Minuten\" \/>\n<script type=\"application\/ld+json\" class=\"yoast-schema-graph\">{\"@context\":\"https:\/\/schema.org\",\"@graph\":[{\"@type\":\"WebPage\",\"@id\":\"https:\/\/leatai.com\/de\/product\/individueller-planer\/geschenkset\/produktmodell-notizbuch-geschenkset-01\/\",\"url\":\"https:\/\/leatai.com\/de\/product\/individueller-planer\/geschenkset\/produktmodell-notizbuch-geschenkset-01\/\",\"name\":\"Individuell gestaltetes Notizbuch-Geschenkset - Japanisches Vitalpapier - Leatai \u2013 Hersteller ma\u00dfgeschneiderter Notizb\u00fccher\",\"isPartOf\":{\"@id\":\"https:\/\/leatai.com\/de\/#website\"},\"primaryImageOfPage\":{\"@id\":\"https:\/\/leatai.com\/de\/product\/individueller-planer\/geschenkset\/produktmodell-notizbuch-geschenkset-01\/#primaryimage\"},\"image\":{\"@id\":\"https:\/\/leatai.com\/de\/product\/individueller-planer\/geschenkset\/produktmodell-notizbuch-geschenkset-01\/#primaryimage\"},\"thumbnailUrl\":\"https:\/\/leatai.com\/wp-content\/uploads\/DSC_0674.jpg\",\"datePublished\":\"2023-05-22T07:38:22+00:00\",\"dateModified\":\"2025-04-01T06:35:36+00:00\",\"description\":\"Leatai Produktmodell: Individuell gestaltetes Notizbuch-Geschenkset. Die Geschenkbox besteht aus hochwertigem japanischem Vitalpapier und enth\u00e4lt ein personalisiertes Notizbuch sowie einen edlen Kugelschreiber. Der Magnetverschluss an der Seite der Box sorgt f\u00fcr ein elegantes \u00d6ffnen und Schlie\u00dfen. Erg\u00e4nzt wird das Set durch eine stilvolle Satinschleife \u2013 jedes Detail ist durchdacht. Ein geschmackvolles und repr\u00e4sentatives Geschenk, das wahre VIP-Wertsch\u00e4tzung vermittelt.\",\"breadcrumb\":{\"@id\":\"https:\/\/leatai.com\/de\/product\/individueller-planer\/geschenkset\/produktmodell-notizbuch-geschenkset-01\/#breadcrumb\"},\"inLanguage\":\"de\",\"potentialAction\":[{\"@type\":\"ReadAction\",\"target\":[\"https:\/\/leatai.com\/de\/product\/individueller-planer\/geschenkset\/produktmodell-notizbuch-geschenkset-01\/\"]}]},{\"@type\":\"ImageObject\",\"inLanguage\":\"de\",\"@id\":\"https:\/\/leatai.com\/de\/product\/individueller-planer\/geschenkset\/produktmodell-notizbuch-geschenkset-01\/#primaryimage\",\"url\":\"https:\/\/leatai.com\/wp-content\/uploads\/DSC_0674.jpg\",\"contentUrl\":\"https:\/\/leatai.com\/wp-content\/uploads\/DSC_0674.jpg\",\"width\":1000,\"height\":750,\"caption\":\"Notizbuch-Geschenkset\"},{\"@type\":\"BreadcrumbList\",\"@id\":\"https:\/\/leatai.com\/de\/product\/individueller-planer\/geschenkset\/produktmodell-notizbuch-geschenkset-01\/#breadcrumb\",\"itemListElement\":[{\"@type\":\"ListItem\",\"position\":1,\"name\":\"Home\",\"item\":\"https:\/\/leatai.com\/de\/\"},{\"@type\":\"ListItem\",\"position\":2,\"name\":\"Produktvorstellung\",\"item\":\"https:\/\/leatai.com\/products\/\"},{\"@type\":\"ListItem\",\"position\":3,\"name\":\"Individueller Planer\",\"item\":\"https:\/\/leatai.com\/de\/produkt-kategorie\/individueller-planer\/\"},{\"@type\":\"ListItem\",\"position\":4,\"name\":\"Geschenkset\",\"item\":\"https:\/\/leatai.com\/de\/produkt-kategorie\/individueller-planer\/geschenkset\/\"},{\"@type\":\"ListItem\",\"position\":5,\"name\":\"Notizbuch-Geschenkset \u2013 01\"}]},{\"@type\":\"WebSite\",\"@id\":\"https:\/\/leatai.com\/de\/#website\",\"url\":\"https:\/\/leatai.com\/de\/\",\"name\":\"Leatai \u2013 Hersteller ma\u00dfgeschneiderter Notizb\u00fccher\",\"description\":\"Leatai liefert individuelle Notizb\u00fccher und Planer f\u00fcr Marken und H\u00e4ndler weltweit.\",\"publisher\":{\"@id\":\"https:\/\/leatai.com\/de\/#organization\"},\"potentialAction\":[{\"@type\":\"SearchAction\",\"target\":{\"@type\":\"EntryPoint\",\"urlTemplate\":\"https:\/\/leatai.com\/de\/?s={search_term_string}\"},\"query-input\":{\"@type\":\"PropertyValueSpecification\",\"valueRequired\":true,\"valueName\":\"search_term_string\"}}],\"inLanguage\":\"de\"},{\"@type\":\"Organization\",\"@id\":\"https:\/\/leatai.com\/de\/#organization\",\"name\":\"Leatai Diary, customized journal and business organizer\",\"url\":\"https:\/\/leatai.com\/de\/\",\"logo\":{\"@type\":\"ImageObject\",\"inLanguage\":\"de\",\"@id\":\"https:\/\/leatai.com\/de\/#\/schema\/logo\/image\/\",\"url\":\"https:\/\/leatai.com\/wp-content\/uploads\/logo-blue.png\",\"contentUrl\":\"https:\/\/leatai.com\/wp-content\/uploads\/logo-blue.png\",\"width\":230,\"height\":60,\"caption\":\"Leatai Diary, customized journal and business organizer\"},\"image\":{\"@id\":\"https:\/\/leatai.com\/de\/#\/schema\/logo\/image\/\"}}]}<\/script>\n<!-- \/ Yoast SEO plugin. -->","yoast_head_json":{"title":"Individuell gestaltetes Notizbuch-Geschenkset - Japanisches Vitalpapier - Leatai \u2013 Hersteller ma\u00dfgeschneiderter Notizb\u00fccher","description":"Leatai Produktmodell: Individuell gestaltetes Notizbuch-Geschenkset. Die Geschenkbox besteht aus hochwertigem japanischem Vitalpapier und enth\u00e4lt ein personalisiertes Notizbuch sowie einen edlen Kugelschreiber. Der Magnetverschluss an der Seite der Box sorgt f\u00fcr ein elegantes \u00d6ffnen und Schlie\u00dfen. Erg\u00e4nzt wird das Set durch eine stilvolle Satinschleife \u2013 jedes Detail ist durchdacht. Ein geschmackvolles und repr\u00e4sentatives Geschenk, das wahre VIP-Wertsch\u00e4tzung vermittelt.","robots":{"index":"index","follow":"follow","max-snippet":"max-snippet:-1","max-image-preview":"max-image-preview:large","max-video-preview":"max-video-preview:-1"},"canonical":"https:\/\/leatai.com\/de\/product\/individueller-planer\/geschenkset\/produktmodell-notizbuch-geschenkset-01\/","og_locale":"de_DE","og_type":"article","og_title":"Individuell gestaltetes Notizbuch-Geschenkset - Japanisches Vitalpapier - Leatai \u2013 Hersteller ma\u00dfgeschneiderter Notizb\u00fccher","og_description":"Leatai Produktmodell: Individuell gestaltetes Notizbuch-Geschenkset. Die Geschenkbox besteht aus hochwertigem japanischem Vitalpapier und enth\u00e4lt ein personalisiertes Notizbuch sowie einen edlen Kugelschreiber. Der Magnetverschluss an der Seite der Box sorgt f\u00fcr ein elegantes \u00d6ffnen und Schlie\u00dfen. Erg\u00e4nzt wird das Set durch eine stilvolle Satinschleife \u2013 jedes Detail ist durchdacht. Ein geschmackvolles und repr\u00e4sentatives Geschenk, das wahre VIP-Wertsch\u00e4tzung vermittelt.","og_url":"https:\/\/leatai.com\/de\/product\/individueller-planer\/geschenkset\/produktmodell-notizbuch-geschenkset-01\/","og_site_name":"Leatai \u2013 Hersteller ma\u00dfgeschneiderter Notizb\u00fccher","article_modified_time":"2025-04-01T06:35:36+00:00","og_image":[{"width":1000,"height":750,"url":"https:\/\/leatai.com\/wp-content\/uploads\/DSC_0674.jpg","type":"image\/jpeg"}],"twitter_card":"summary_large_image","twitter_misc":{"Gesch\u00e4tzte Lesezeit":"2\u00a0Minuten"},"schema":{"@context":"https:\/\/schema.org","@graph":[{"@type":"WebPage","@id":"https:\/\/leatai.com\/de\/product\/individueller-planer\/geschenkset\/produktmodell-notizbuch-geschenkset-01\/","url":"https:\/\/leatai.com\/de\/product\/individueller-planer\/geschenkset\/produktmodell-notizbuch-geschenkset-01\/","name":"Individuell gestaltetes Notizbuch-Geschenkset - Japanisches Vitalpapier - Leatai \u2013 Hersteller ma\u00dfgeschneiderter Notizb\u00fccher","isPartOf":{"@id":"https:\/\/leatai.com\/de\/#website"},"primaryImageOfPage":{"@id":"https:\/\/leatai.com\/de\/product\/individueller-planer\/geschenkset\/produktmodell-notizbuch-geschenkset-01\/#primaryimage"},"image":{"@id":"https:\/\/leatai.com\/de\/product\/individueller-planer\/geschenkset\/produktmodell-notizbuch-geschenkset-01\/#primaryimage"},"thumbnailUrl":"https:\/\/leatai.com\/wp-content\/uploads\/DSC_0674.jpg","datePublished":"2023-05-22T07:38:22+00:00","dateModified":"2025-04-01T06:35:36+00:00","description":"Leatai Produktmodell: Individuell gestaltetes Notizbuch-Geschenkset. Die Geschenkbox besteht aus hochwertigem japanischem Vitalpapier und enth\u00e4lt ein personalisiertes Notizbuch sowie einen edlen Kugelschreiber. Der Magnetverschluss an der Seite der Box sorgt f\u00fcr ein elegantes \u00d6ffnen und Schlie\u00dfen. Erg\u00e4nzt wird das Set durch eine stilvolle Satinschleife \u2013 jedes Detail ist durchdacht. Ein geschmackvolles und repr\u00e4sentatives Geschenk, das wahre VIP-Wertsch\u00e4tzung vermittelt.","breadcrumb":{"@id":"https:\/\/leatai.com\/de\/product\/individueller-planer\/geschenkset\/produktmodell-notizbuch-geschenkset-01\/#breadcrumb"},"inLanguage":"de","potentialAction":[{"@type":"ReadAction","target":["https:\/\/leatai.com\/de\/product\/individueller-planer\/geschenkset\/produktmodell-notizbuch-geschenkset-01\/"]}]},{"@type":"ImageObject","inLanguage":"de","@id":"https:\/\/leatai.com\/de\/product\/individueller-planer\/geschenkset\/produktmodell-notizbuch-geschenkset-01\/#primaryimage","url":"https:\/\/leatai.com\/wp-content\/uploads\/DSC_0674.jpg","contentUrl":"https:\/\/leatai.com\/wp-content\/uploads\/DSC_0674.jpg","width":1000,"height":750,"caption":"Notizbuch-Geschenkset"},{"@type":"BreadcrumbList","@id":"https:\/\/leatai.com\/de\/product\/individueller-planer\/geschenkset\/produktmodell-notizbuch-geschenkset-01\/#breadcrumb","itemListElement":[{"@type":"ListItem","position":1,"name":"Home","item":"https:\/\/leatai.com\/de\/"},{"@type":"ListItem","position":2,"name":"Produktvorstellung","item":"https:\/\/leatai.com\/products\/"},{"@type":"ListItem","position":3,"name":"Individueller Planer","item":"https:\/\/leatai.com\/de\/produkt-kategorie\/individueller-planer\/"},{"@type":"ListItem","position":4,"name":"Geschenkset","item":"https:\/\/leatai.com\/de\/produkt-kategorie\/individueller-planer\/geschenkset\/"},{"@type":"ListItem","position":5,"name":"Notizbuch-Geschenkset \u2013 01"}]},{"@type":"WebSite","@id":"https:\/\/leatai.com\/de\/#website","url":"https:\/\/leatai.com\/de\/","name":"Leatai \u2013 Hersteller ma\u00dfgeschneiderter Notizb\u00fccher","description":"Leatai liefert individuelle Notizb\u00fccher und Planer f\u00fcr Marken und H\u00e4ndler weltweit.","publisher":{"@id":"https:\/\/leatai.com\/de\/#organization"},"potentialAction":[{"@type":"SearchAction","target":{"@type":"EntryPoint","urlTemplate":"https:\/\/leatai.com\/de\/?s={search_term_string}"},"query-input":{"@type":"PropertyValueSpecification","valueRequired":true,"valueName":"search_term_string"}}],"inLanguage":"de"},{"@type":"Organization","@id":"https:\/\/leatai.com\/de\/#organization","name":"Leatai Diary, customized journal and business organizer","url":"https:\/\/leatai.com\/de\/","logo":{"@type":"ImageObject","inLanguage":"de","@id":"https:\/\/leatai.com\/de\/#\/schema\/logo\/image\/","url":"https:\/\/leatai.com\/wp-content\/uploads\/logo-blue.png","contentUrl":"https:\/\/leatai.com\/wp-content\/uploads\/logo-blue.png","width":230,"height":60,"caption":"Leatai Diary, customized journal and business organizer"},"image":{"@id":"https:\/\/leatai.com\/de\/#\/schema\/logo\/image\/"}}]}},"_links":{"self":[{"href":"https:\/\/leatai.com\/de\/wp-json\/wp\/v2\/product\/168403","targetHints":{"allow":["GET"]}}],"collection":[{"href":"https:\/\/leatai.com\/de\/wp-json\/wp\/v2\/product"}],"about":[{"href":"https:\/\/leatai.com\/de\/wp-json\/wp\/v2\/types\/product"}],"wp:featuredmedia":[{"embeddable":true,"href":"https:\/\/leatai.com\/de\/wp-json\/wp\/v2\/media\/168404"}],"wp:attachment":[{"href":"https:\/\/leatai.com\/de\/wp-json\/wp\/v2\/media?parent=168403"}],"wp:term":[{"taxonomy":"product_brand","embeddable":true,"href":"https:\/\/leatai.com\/de\/wp-json\/wp\/v2\/product_brand?post=168403"},{"taxonomy":"product_cat","embeddable":true,"href":"https:\/\/leatai.com\/de\/wp-json\/wp\/v2\/product_cat?post=168403"},{"taxonomy":"product_tag","embeddable":true,"href":"https:\/\/leatai.com\/de\/wp-json\/wp\/v2\/product_tag?post=168403"},{"taxonomy":"home_works","embeddable":true,"href":"https:\/\/leatai.com\/de\/wp-json\/wp\/v2\/home_works?post=168403"}],"curies":[{"name":"wp","href":"https:\/\/api.w.org\/{rel}","templated":true}]}}