{"id":168383,"date":"2023-05-22T20:33:11","date_gmt":"2023-05-22T12:33:11","guid":{"rendered":"https:\/\/leatai.com\/product\/unkategorisiert\/hochwertiger-kugelschreiber-modell-2\/"},"modified":"2025-04-01T14:32:23","modified_gmt":"2025-04-01T06:32:23","slug":"hochwertiger-kugelschreiber-modell-2","status":"publish","type":"product","link":"https:\/\/leatai.com\/de\/product\/individueller-planer\/geschenkset\/hochwertiger-kugelschreiber-modell-2\/","title":{"rendered":"Hochwertiger Kugelschreiber \u2013 Modell 2"},"content":{"rendered":"<p>Produktmodell: Hochwertiger Kugelschreiber \u2013 Modell 2<br \/>\nFarbe: Schwarz<br \/>\nL\u00e4nge: ca. 13,5 cm<br \/>\nMinenfarbe: Schwarz, 0,5 mm<br \/>\nVerpackung: OPP-Beutel (optional; Standardversand ohne OPP-Beutel, direkt im Karton)<br \/>\nLogo-Veredelung: Lasergravur<\/p>\n<p>Einzelpreis: 190 NT$, inklusive Lasergravur an einer Stelle<br \/>\n(Optionales Lederetui: Aufpreis 130 NT$ pro St\u00fcck, inklusive Hei\u00dfpr\u00e4gung an einer Stelle)<\/p>\n<p>Hinweis:<br \/>\nAufgrund des niedrigen St\u00fcckpreises ist der Gesamtbetrag \u2013 unabh\u00e4ngig von der Bestellmenge \u2013 bei Auftragserteilung vollst\u00e4ndig im Voraus zu entrichten.<\/p>\n<p><strong>\ud83d\udcd6<\/strong>Standard-Gesch\u00e4ftskalender: <a href=\"https:\/\/leatai.com\/de\/produkt-kategorie\/individueller-planer\/\" target=\"_blank\" rel=\"noopener\">Alle Modelle der Gesch\u00e4ftskalender-Serien<\/a> \/ <a href=\"https:\/\/leatai.com\/de\/produkt-kategorie\/innenseitenformat\/\" target=\"_blank\" rel=\"noopener\">\u00dcbersicht der Innenseitenlayouts<\/a><\/p>\n<p><strong>\ud83d\udcd6<\/strong>Weitere Empfehlungen f\u00fcr individuell gestaltete Notizb\u00fccher \/ personalisierte Gesch\u00e4ftskalender und deren Druck finden Sie hier:<br \/>\n<a href=\"https:\/\/leatai.com\/de\/produkt-kategorie\/verschiedene-oem-muster\/oem-hardcover-notizbuch\/\" target=\"_blank\" rel=\"noopener\">OEM Hardcover-Notizb\u00fccher<\/a><br \/>\n<a href=\"https:\/\/leatai.com\/de\/produkt-kategorie\/verschiedene-oem-muster\/oem-ringbuch\/\" target=\"_blank\" rel=\"noopener\">OEM Ringbuch-Notizb\u00fccher<\/a><br \/>\n<a href=\"https:\/\/leatai.com\/de\/produkt-kategorie\/verschiedene-oem-muster\/oem-abnehmbarer-notizbuch\/\" target=\"_blank\" rel=\"noopener\">OEM Einsteck-Ringb\u00fccher<\/a><br \/>\n<a href=\"https:\/\/leatai.com\/de\/produkt-kategorie\/verschiedene-oem-muster\/oem-taschenbuch-notizbuch\/\" target=\"_blank\" rel=\"noopener\">OEM Softcover-Notizb\u00fccher<\/a><br \/>\n<a href=\"https:\/\/leatai.com\/de\/produkt-kategorie\/verschiedene-oem-muster\/oem-spiralgebundenes-notizbuch\/\" target=\"_blank\" rel=\"noopener\">OEM Spiralnotizb\u00fccher<\/a><br \/>\n<a href=\"https:\/\/leatai.com\/de\/produkt-kategorie\/verschiedene-oem-muster\/oem-kalender-de\/\" target=\"_blank\" rel=\"noopener\">OEM individuell gestaltete Abrei\u00dfkalender \/ Tischkalender<\/a><br \/>\n<a href=\"https:\/\/leatai.com\/de\/produkt-kategorie\/verschiedene-oem-muster\/oem-andere\/\" target=\"_blank\" rel=\"noopener\">OEM Sonstige kundenspezifische Produkte<\/a><\/p>\n<p>F\u00fcr eine vollst\u00e4ndige Erkl\u00e4rung der Formate besuchen Sie bitte:<br \/>\nPapiergr\u00f6\u00dfen-Guide: <a href=\"https:\/\/leatai.com\/de\/notizbuchwissen\/papiergroessen-leitfaden-verstehen-sie-gaengige-groessen-wie-b3-a4-b5-8k-16k-und-mehr-eine-umfassende-groessentabelle-zur-einfachen-referenz\/\" target=\"_blank\" rel=\"noopener\">Wie unterscheidet man B3, A4, B5, 8K, 16K usw.?<\/a><br \/>\nEine \u00fcbersichtliche Vergleichstabelle macht alle g\u00e4ngigen Papierformate leicht verst\u00e4ndlich!<\/p>\n","protected":false},"excerpt":{"rendered":"<p>Produktmodell: Hochwertiger Kugelschreiber \u2013 Modell 2 Farbe: Schwarz L\u00e4nge: ca. 13,5 cm Minenfarbe: Schwarz, 0,5 mm Verpackung: OPP-Beutel (optional; Standardversand ohne OPP-Beutel, direkt im Karton) Logo-Veredelung: Lasergravur Einzelpreis: 190 NT$, inklusive Lasergravur an einer Stelle (Optionales Lederetui: Aufpreis 130 NT$ pro St\u00fcck, inklusive Hei\u00dfpr\u00e4gung an einer Stelle) Hinweis: Aufgrund des niedrigen St\u00fcckpreises ist der Gesamtbetrag [&hellip;]<\/p>\n","protected":false},"featured_media":168384,"template":"","meta":{"_acf_changed":false},"product_brand":[],"product_cat":[719],"product_tag":[],"home_works":[],"class_list":{"0":"post-168383","1":"product","2":"type-product","3":"status-publish","4":"has-post-thumbnail","6":"product_cat-geschenkset","8":"first","9":"outofstock","10":"sold-individually","11":"shipping-taxable","12":"purchasable","13":"product-type-variable","14":"has-default-attributes"},"acf":[],"yoast_head":"<!-- This site is optimized with the Yoast SEO plugin v27.2 - https:\/\/yoast.com\/product\/yoast-seo-wordpress\/ -->\n<title>Hochwertiger Kugelschreiber - Empfohlen als Firmengeschenk in Kombination mit - Leatai \u2013 Hersteller ma\u00dfgeschneiderter Notizb\u00fccher<\/title>\n<meta name=\"description\" content=\"Ein hochwertiges, individuell gestaltetes Notizbuch verdient einen ebenso edlen Kugelschreiber \u2013 nur so entsteht eine au\u00dfergew\u00f6hnliche Gesamtwirkung. F\u00fcr Firmengeschenke gilt: Wahre Besonderheit macht den Unterschied. Das Notizbuch-Geschenkset ist daher die sicherste Wahl \u2013 es vereint W\u00e4rme, Aufmerksamkeit und Sorgfalt. Mit liebevoll gestalteten Details voller Wertsch\u00e4tzung hinterl\u00e4sst es garantiert einen bleibenden Eindruck.\" \/>\n<meta name=\"robots\" content=\"index, follow, max-snippet:-1, max-image-preview:large, max-video-preview:-1\" \/>\n<link rel=\"canonical\" href=\"https:\/\/leatai.com\/de\/product\/individueller-planer\/geschenkset\/hochwertiger-kugelschreiber-modell-2\/\" \/>\n<meta property=\"og:locale\" content=\"de_DE\" \/>\n<meta property=\"og:type\" content=\"article\" \/>\n<meta property=\"og:title\" content=\"Hochwertiger Kugelschreiber - Empfohlen als Firmengeschenk in Kombination mit - Leatai \u2013 Hersteller ma\u00dfgeschneiderter Notizb\u00fccher\" \/>\n<meta property=\"og:description\" content=\"Ein hochwertiges, individuell gestaltetes Notizbuch verdient einen ebenso edlen Kugelschreiber \u2013 nur so entsteht eine au\u00dfergew\u00f6hnliche Gesamtwirkung. F\u00fcr Firmengeschenke gilt: Wahre Besonderheit macht den Unterschied. Das Notizbuch-Geschenkset ist daher die sicherste Wahl \u2013 es vereint W\u00e4rme, Aufmerksamkeit und Sorgfalt. Mit liebevoll gestalteten Details voller Wertsch\u00e4tzung hinterl\u00e4sst es garantiert einen bleibenden Eindruck.\" \/>\n<meta property=\"og:url\" content=\"https:\/\/leatai.com\/de\/product\/individueller-planer\/geschenkset\/hochwertiger-kugelschreiber-modell-2\/\" \/>\n<meta property=\"og:site_name\" content=\"Leatai \u2013 Hersteller ma\u00dfgeschneiderter Notizb\u00fccher\" \/>\n<meta property=\"article:modified_time\" content=\"2025-04-01T06:32:23+00:00\" \/>\n<meta property=\"og:image\" content=\"https:\/\/leatai.com\/wp-content\/uploads\/DSC_0620.jpg\" \/>\n\t<meta property=\"og:image:width\" content=\"1000\" \/>\n\t<meta property=\"og:image:height\" content=\"750\" \/>\n\t<meta property=\"og:image:type\" content=\"image\/jpeg\" \/>\n<meta name=\"twitter:card\" content=\"summary_large_image\" \/>\n<meta name=\"twitter:label1\" content=\"Gesch\u00e4tzte Lesezeit\" \/>\n\t<meta name=\"twitter:data1\" content=\"1\u00a0Minute\" \/>\n<script type=\"application\/ld+json\" class=\"yoast-schema-graph\">{\"@context\":\"https:\/\/schema.org\",\"@graph\":[{\"@type\":\"WebPage\",\"@id\":\"https:\/\/leatai.com\/de\/product\/individueller-planer\/geschenkset\/hochwertiger-kugelschreiber-modell-2\/\",\"url\":\"https:\/\/leatai.com\/de\/product\/individueller-planer\/geschenkset\/hochwertiger-kugelschreiber-modell-2\/\",\"name\":\"Hochwertiger Kugelschreiber - Empfohlen als Firmengeschenk in Kombination mit - Leatai \u2013 Hersteller ma\u00dfgeschneiderter Notizb\u00fccher\",\"isPartOf\":{\"@id\":\"https:\/\/leatai.com\/de\/#website\"},\"primaryImageOfPage\":{\"@id\":\"https:\/\/leatai.com\/de\/product\/individueller-planer\/geschenkset\/hochwertiger-kugelschreiber-modell-2\/#primaryimage\"},\"image\":{\"@id\":\"https:\/\/leatai.com\/de\/product\/individueller-planer\/geschenkset\/hochwertiger-kugelschreiber-modell-2\/#primaryimage\"},\"thumbnailUrl\":\"https:\/\/leatai.com\/wp-content\/uploads\/DSC_0620.jpg\",\"datePublished\":\"2023-05-22T12:33:11+00:00\",\"dateModified\":\"2025-04-01T06:32:23+00:00\",\"description\":\"Ein hochwertiges, individuell gestaltetes Notizbuch verdient einen ebenso edlen Kugelschreiber \u2013 nur so entsteht eine au\u00dfergew\u00f6hnliche Gesamtwirkung. F\u00fcr Firmengeschenke gilt: Wahre Besonderheit macht den Unterschied. Das Notizbuch-Geschenkset ist daher die sicherste Wahl \u2013 es vereint W\u00e4rme, Aufmerksamkeit und Sorgfalt. Mit liebevoll gestalteten Details voller Wertsch\u00e4tzung hinterl\u00e4sst es garantiert einen bleibenden Eindruck.\",\"breadcrumb\":{\"@id\":\"https:\/\/leatai.com\/de\/product\/individueller-planer\/geschenkset\/hochwertiger-kugelschreiber-modell-2\/#breadcrumb\"},\"inLanguage\":\"de\",\"potentialAction\":[{\"@type\":\"ReadAction\",\"target\":[\"https:\/\/leatai.com\/de\/product\/individueller-planer\/geschenkset\/hochwertiger-kugelschreiber-modell-2\/\"]}]},{\"@type\":\"ImageObject\",\"inLanguage\":\"de\",\"@id\":\"https:\/\/leatai.com\/de\/product\/individueller-planer\/geschenkset\/hochwertiger-kugelschreiber-modell-2\/#primaryimage\",\"url\":\"https:\/\/leatai.com\/wp-content\/uploads\/DSC_0620.jpg\",\"contentUrl\":\"https:\/\/leatai.com\/wp-content\/uploads\/DSC_0620.jpg\",\"width\":1000,\"height\":750,\"caption\":\"Hochwertiger Geschenk-Kugelschreiber\"},{\"@type\":\"BreadcrumbList\",\"@id\":\"https:\/\/leatai.com\/de\/product\/individueller-planer\/geschenkset\/hochwertiger-kugelschreiber-modell-2\/#breadcrumb\",\"itemListElement\":[{\"@type\":\"ListItem\",\"position\":1,\"name\":\"Home\",\"item\":\"https:\/\/leatai.com\/de\/\"},{\"@type\":\"ListItem\",\"position\":2,\"name\":\"Produktvorstellung\",\"item\":\"https:\/\/leatai.com\/products\/\"},{\"@type\":\"ListItem\",\"position\":3,\"name\":\"Individueller Planer\",\"item\":\"https:\/\/leatai.com\/de\/produkt-kategorie\/individueller-planer\/\"},{\"@type\":\"ListItem\",\"position\":4,\"name\":\"Geschenkset\",\"item\":\"https:\/\/leatai.com\/de\/produkt-kategorie\/individueller-planer\/geschenkset\/\"},{\"@type\":\"ListItem\",\"position\":5,\"name\":\"Hochwertiger Kugelschreiber \u2013 Modell 2\"}]},{\"@type\":\"WebSite\",\"@id\":\"https:\/\/leatai.com\/de\/#website\",\"url\":\"https:\/\/leatai.com\/de\/\",\"name\":\"Leatai \u2013 Hersteller ma\u00dfgeschneiderter Notizb\u00fccher\",\"description\":\"Leatai liefert individuelle Notizb\u00fccher und Planer f\u00fcr Marken und H\u00e4ndler weltweit.\",\"publisher\":{\"@id\":\"https:\/\/leatai.com\/de\/#organization\"},\"potentialAction\":[{\"@type\":\"SearchAction\",\"target\":{\"@type\":\"EntryPoint\",\"urlTemplate\":\"https:\/\/leatai.com\/de\/?s={search_term_string}\"},\"query-input\":{\"@type\":\"PropertyValueSpecification\",\"valueRequired\":true,\"valueName\":\"search_term_string\"}}],\"inLanguage\":\"de\"},{\"@type\":\"Organization\",\"@id\":\"https:\/\/leatai.com\/de\/#organization\",\"name\":\"Leatai Diary, customized journal and business organizer\",\"url\":\"https:\/\/leatai.com\/de\/\",\"logo\":{\"@type\":\"ImageObject\",\"inLanguage\":\"de\",\"@id\":\"https:\/\/leatai.com\/de\/#\/schema\/logo\/image\/\",\"url\":\"https:\/\/leatai.com\/wp-content\/uploads\/logo-blue.png\",\"contentUrl\":\"https:\/\/leatai.com\/wp-content\/uploads\/logo-blue.png\",\"width\":230,\"height\":60,\"caption\":\"Leatai Diary, customized journal and business organizer\"},\"image\":{\"@id\":\"https:\/\/leatai.com\/de\/#\/schema\/logo\/image\/\"}}]}<\/script>\n<!-- \/ Yoast SEO plugin. -->","yoast_head_json":{"title":"Hochwertiger Kugelschreiber - Empfohlen als Firmengeschenk in Kombination mit - Leatai \u2013 Hersteller ma\u00dfgeschneiderter Notizb\u00fccher","description":"Ein hochwertiges, individuell gestaltetes Notizbuch verdient einen ebenso edlen Kugelschreiber \u2013 nur so entsteht eine au\u00dfergew\u00f6hnliche Gesamtwirkung. F\u00fcr Firmengeschenke gilt: Wahre Besonderheit macht den Unterschied. Das Notizbuch-Geschenkset ist daher die sicherste Wahl \u2013 es vereint W\u00e4rme, Aufmerksamkeit und Sorgfalt. Mit liebevoll gestalteten Details voller Wertsch\u00e4tzung hinterl\u00e4sst es garantiert einen bleibenden Eindruck.","robots":{"index":"index","follow":"follow","max-snippet":"max-snippet:-1","max-image-preview":"max-image-preview:large","max-video-preview":"max-video-preview:-1"},"canonical":"https:\/\/leatai.com\/de\/product\/individueller-planer\/geschenkset\/hochwertiger-kugelschreiber-modell-2\/","og_locale":"de_DE","og_type":"article","og_title":"Hochwertiger Kugelschreiber - Empfohlen als Firmengeschenk in Kombination mit - Leatai \u2013 Hersteller ma\u00dfgeschneiderter Notizb\u00fccher","og_description":"Ein hochwertiges, individuell gestaltetes Notizbuch verdient einen ebenso edlen Kugelschreiber \u2013 nur so entsteht eine au\u00dfergew\u00f6hnliche Gesamtwirkung. F\u00fcr Firmengeschenke gilt: Wahre Besonderheit macht den Unterschied. Das Notizbuch-Geschenkset ist daher die sicherste Wahl \u2013 es vereint W\u00e4rme, Aufmerksamkeit und Sorgfalt. Mit liebevoll gestalteten Details voller Wertsch\u00e4tzung hinterl\u00e4sst es garantiert einen bleibenden Eindruck.","og_url":"https:\/\/leatai.com\/de\/product\/individueller-planer\/geschenkset\/hochwertiger-kugelschreiber-modell-2\/","og_site_name":"Leatai \u2013 Hersteller ma\u00dfgeschneiderter Notizb\u00fccher","article_modified_time":"2025-04-01T06:32:23+00:00","og_image":[{"width":1000,"height":750,"url":"https:\/\/leatai.com\/wp-content\/uploads\/DSC_0620.jpg","type":"image\/jpeg"}],"twitter_card":"summary_large_image","twitter_misc":{"Gesch\u00e4tzte Lesezeit":"1\u00a0Minute"},"schema":{"@context":"https:\/\/schema.org","@graph":[{"@type":"WebPage","@id":"https:\/\/leatai.com\/de\/product\/individueller-planer\/geschenkset\/hochwertiger-kugelschreiber-modell-2\/","url":"https:\/\/leatai.com\/de\/product\/individueller-planer\/geschenkset\/hochwertiger-kugelschreiber-modell-2\/","name":"Hochwertiger Kugelschreiber - Empfohlen als Firmengeschenk in Kombination mit - Leatai \u2013 Hersteller ma\u00dfgeschneiderter Notizb\u00fccher","isPartOf":{"@id":"https:\/\/leatai.com\/de\/#website"},"primaryImageOfPage":{"@id":"https:\/\/leatai.com\/de\/product\/individueller-planer\/geschenkset\/hochwertiger-kugelschreiber-modell-2\/#primaryimage"},"image":{"@id":"https:\/\/leatai.com\/de\/product\/individueller-planer\/geschenkset\/hochwertiger-kugelschreiber-modell-2\/#primaryimage"},"thumbnailUrl":"https:\/\/leatai.com\/wp-content\/uploads\/DSC_0620.jpg","datePublished":"2023-05-22T12:33:11+00:00","dateModified":"2025-04-01T06:32:23+00:00","description":"Ein hochwertiges, individuell gestaltetes Notizbuch verdient einen ebenso edlen Kugelschreiber \u2013 nur so entsteht eine au\u00dfergew\u00f6hnliche Gesamtwirkung. F\u00fcr Firmengeschenke gilt: Wahre Besonderheit macht den Unterschied. Das Notizbuch-Geschenkset ist daher die sicherste Wahl \u2013 es vereint W\u00e4rme, Aufmerksamkeit und Sorgfalt. Mit liebevoll gestalteten Details voller Wertsch\u00e4tzung hinterl\u00e4sst es garantiert einen bleibenden Eindruck.","breadcrumb":{"@id":"https:\/\/leatai.com\/de\/product\/individueller-planer\/geschenkset\/hochwertiger-kugelschreiber-modell-2\/#breadcrumb"},"inLanguage":"de","potentialAction":[{"@type":"ReadAction","target":["https:\/\/leatai.com\/de\/product\/individueller-planer\/geschenkset\/hochwertiger-kugelschreiber-modell-2\/"]}]},{"@type":"ImageObject","inLanguage":"de","@id":"https:\/\/leatai.com\/de\/product\/individueller-planer\/geschenkset\/hochwertiger-kugelschreiber-modell-2\/#primaryimage","url":"https:\/\/leatai.com\/wp-content\/uploads\/DSC_0620.jpg","contentUrl":"https:\/\/leatai.com\/wp-content\/uploads\/DSC_0620.jpg","width":1000,"height":750,"caption":"Hochwertiger Geschenk-Kugelschreiber"},{"@type":"BreadcrumbList","@id":"https:\/\/leatai.com\/de\/product\/individueller-planer\/geschenkset\/hochwertiger-kugelschreiber-modell-2\/#breadcrumb","itemListElement":[{"@type":"ListItem","position":1,"name":"Home","item":"https:\/\/leatai.com\/de\/"},{"@type":"ListItem","position":2,"name":"Produktvorstellung","item":"https:\/\/leatai.com\/products\/"},{"@type":"ListItem","position":3,"name":"Individueller Planer","item":"https:\/\/leatai.com\/de\/produkt-kategorie\/individueller-planer\/"},{"@type":"ListItem","position":4,"name":"Geschenkset","item":"https:\/\/leatai.com\/de\/produkt-kategorie\/individueller-planer\/geschenkset\/"},{"@type":"ListItem","position":5,"name":"Hochwertiger Kugelschreiber \u2013 Modell 2"}]},{"@type":"WebSite","@id":"https:\/\/leatai.com\/de\/#website","url":"https:\/\/leatai.com\/de\/","name":"Leatai \u2013 Hersteller ma\u00dfgeschneiderter Notizb\u00fccher","description":"Leatai liefert individuelle Notizb\u00fccher und Planer f\u00fcr Marken und H\u00e4ndler weltweit.","publisher":{"@id":"https:\/\/leatai.com\/de\/#organization"},"potentialAction":[{"@type":"SearchAction","target":{"@type":"EntryPoint","urlTemplate":"https:\/\/leatai.com\/de\/?s={search_term_string}"},"query-input":{"@type":"PropertyValueSpecification","valueRequired":true,"valueName":"search_term_string"}}],"inLanguage":"de"},{"@type":"Organization","@id":"https:\/\/leatai.com\/de\/#organization","name":"Leatai Diary, customized journal and business organizer","url":"https:\/\/leatai.com\/de\/","logo":{"@type":"ImageObject","inLanguage":"de","@id":"https:\/\/leatai.com\/de\/#\/schema\/logo\/image\/","url":"https:\/\/leatai.com\/wp-content\/uploads\/logo-blue.png","contentUrl":"https:\/\/leatai.com\/wp-content\/uploads\/logo-blue.png","width":230,"height":60,"caption":"Leatai Diary, customized journal and business organizer"},"image":{"@id":"https:\/\/leatai.com\/de\/#\/schema\/logo\/image\/"}}]}},"_links":{"self":[{"href":"https:\/\/leatai.com\/de\/wp-json\/wp\/v2\/product\/168383","targetHints":{"allow":["GET"]}}],"collection":[{"href":"https:\/\/leatai.com\/de\/wp-json\/wp\/v2\/product"}],"about":[{"href":"https:\/\/leatai.com\/de\/wp-json\/wp\/v2\/types\/product"}],"wp:featuredmedia":[{"embeddable":true,"href":"https:\/\/leatai.com\/de\/wp-json\/wp\/v2\/media\/168384"}],"wp:attachment":[{"href":"https:\/\/leatai.com\/de\/wp-json\/wp\/v2\/media?parent=168383"}],"wp:term":[{"taxonomy":"product_brand","embeddable":true,"href":"https:\/\/leatai.com\/de\/wp-json\/wp\/v2\/product_brand?post=168383"},{"taxonomy":"product_cat","embeddable":true,"href":"https:\/\/leatai.com\/de\/wp-json\/wp\/v2\/product_cat?post=168383"},{"taxonomy":"product_tag","embeddable":true,"href":"https:\/\/leatai.com\/de\/wp-json\/wp\/v2\/product_tag?post=168383"},{"taxonomy":"home_works","embeddable":true,"href":"https:\/\/leatai.com\/de\/wp-json\/wp\/v2\/home_works?post=168383"}],"curies":[{"name":"wp","href":"https:\/\/api.w.org\/{rel}","templated":true}]}}