{"id":166415,"date":"2021-06-24T13:38:55","date_gmt":"2021-06-24T05:38:55","guid":{"rendered":"https:\/\/leatai.com\/product\/unkategorisiert\/lef-032\/"},"modified":"2025-04-01T10:25:48","modified_gmt":"2025-04-01T02:25:48","slug":"lef-032","status":"publish","type":"product","link":"https:\/\/leatai.com\/de\/product\/individueller-planer\/loseblatt-notebook\/lef-032\/","title":{"rendered":"LEF-032"},"content":{"rendered":"<p>Produktmodell: LEF-032<br \/>\nEinbandmaterial: Farbwechselndes PU-Kunstleder<br \/>\nCover-Farben: Braun + Orange \/ Grau + Blau<br \/>\nFormate: 16K \/ 25K \/ 48K <a href=\"https:\/\/leatai.com\/de\/faq\/was-sind-8k-16k-und-25k-planergroessen-wie-gross-sind-sie\/\" target=\"_blank\" rel=\"noopener\">(G\u00e4ngige Formate)<\/a><br data-start=\"194\" data-end=\"197\" \/>Innenseiten: Standardvorlage<a href=\"https:\/\/leatai.com\/de\/produkt-kategorie\/innenseitenformat\/\" target=\"_blank\" rel=\"noopener\">(Auswahl an Innenseiten-Layouts)<\/a><br \/>\nVerpackung: OPP-Beutel (optional)<br \/>\nLogo-Veredelung: Hei\u00dfpr\u00e4gung in Gold oder Silber, Brandpr\u00e4gung<\/p>\n<p>Produktbeschreibung<br \/>\nDas Leatai-Produktmodell LEF-032 erinnert daran, dass Reife nicht \u00fcber Nacht entsteht. Entscheidungen von erfahrenen Kolleginnen und Kollegen erscheinen oft erst mit der Zeit nachvollziehbar \u2013 weil echtes Verst\u00e4ndnis und Lebenserfahrung wachsen m\u00fcssen. Diese Phase geh\u00f6rt f\u00fcr alle zum beruflichen und pers\u00f6nlichen Werdegang dazu. Du bist nicht allein \u2013 Leatai begleitet dich auf diesem Weg des Reifens und Lernens.<\/p>\n<p>&nbsp;<\/p>\n<p><strong>\ud83d\udcd6<\/strong>Standard-Gesch\u00e4ftskalender: <a href=\"https:\/\/leatai.com\/de\/produkt-kategorie\/individueller-planer\/\" target=\"_blank\" rel=\"noopener\">Alle Modelle der Gesch\u00e4ftskalender-Serien<\/a> \/ <a href=\"https:\/\/leatai.com\/de\/produkt-kategorie\/innenseitenformat\/\" target=\"_blank\" rel=\"noopener\">\u00dcbersicht der Innenseitenlayouts<\/a><\/p>\n<p><strong>\ud83d\udcd6<\/strong>Weitere Empfehlungen f\u00fcr individuell gestaltete Notizb\u00fccher \/ personalisierte Gesch\u00e4ftskalender und deren Druck finden Sie hier:<br \/>\n<a href=\"https:\/\/leatai.com\/de\/produkt-kategorie\/verschiedene-oem-muster\/oem-hardcover-notizbuch\/\" target=\"_blank\" rel=\"noopener\">OEM Hardcover-Notizb\u00fccher<\/a><br \/>\n<a href=\"https:\/\/leatai.com\/de\/produkt-kategorie\/verschiedene-oem-muster\/oem-ringbuch\/\" target=\"_blank\" rel=\"noopener\">OEM Ringbuch-Notizb\u00fccher<\/a><br \/>\n<a href=\"https:\/\/leatai.com\/de\/produkt-kategorie\/verschiedene-oem-muster\/oem-abnehmbarer-notizbuch\/\" target=\"_blank\" rel=\"noopener\">OEM Einsteck-Ringb\u00fccher<\/a><br \/>\n<a href=\"https:\/\/leatai.com\/de\/produkt-kategorie\/verschiedene-oem-muster\/oem-taschenbuch-notizbuch\/\" target=\"_blank\" rel=\"noopener\">OEM Softcover-Notizb\u00fccher<\/a><br \/>\n<a href=\"https:\/\/leatai.com\/de\/produkt-kategorie\/verschiedene-oem-muster\/oem-spiralgebundenes-notizbuch\/\" target=\"_blank\" rel=\"noopener\">OEM Spiralnotizb\u00fccher<\/a><br \/>\n<a href=\"https:\/\/leatai.com\/de\/produkt-kategorie\/verschiedene-oem-muster\/oem-kalender-de\/\" target=\"_blank\" rel=\"noopener\">OEM individuell gestaltete Abrei\u00dfkalender \/ Tischkalender<\/a><br \/>\n<a href=\"https:\/\/leatai.com\/de\/produkt-kategorie\/verschiedene-oem-muster\/oem-andere\/\" target=\"_blank\" rel=\"noopener\">OEM Sonstige kundenspezifische Produkte<\/a><\/p>\n<p>F\u00fcr eine vollst\u00e4ndige Erkl\u00e4rung der Formate besuchen Sie bitte:<br \/>\nPapiergr\u00f6\u00dfen-Guide: <a href=\"https:\/\/leatai.com\/de\/notizbuchwissen\/papiergroessen-leitfaden-verstehen-sie-gaengige-groessen-wie-b3-a4-b5-8k-16k-und-mehr-eine-umfassende-groessentabelle-zur-einfachen-referenz\/\" target=\"_blank\" rel=\"noopener\">Wie unterscheidet man B3, A4, B5, 8K, 16K usw.?<\/a><br \/>\nEine \u00fcbersichtliche Vergleichstabelle macht alle g\u00e4ngigen Papierformate leicht verst\u00e4ndlich!<\/p>\n","protected":false},"excerpt":{"rendered":"<p>Produktmodell: LEF-032 Einbandmaterial: Farbwechselndes PU-Kunstleder Cover-Farben: Braun + Orange \/ Grau + Blau Formate: 16K \/ 25K \/ 48K (G\u00e4ngige Formate)Innenseiten: Standardvorlage(Auswahl an Innenseiten-Layouts) Verpackung: OPP-Beutel (optional) Logo-Veredelung: Hei\u00dfpr\u00e4gung in Gold oder Silber, Brandpr\u00e4gung Produktbeschreibung Das Leatai-Produktmodell LEF-032 erinnert daran, dass Reife nicht \u00fcber Nacht entsteht. Entscheidungen von erfahrenen Kolleginnen und Kollegen erscheinen oft erst [&hellip;]<\/p>\n","protected":false},"featured_media":166416,"template":"","meta":{"_acf_changed":false},"product_brand":[],"product_cat":[695],"product_tag":[1435],"home_works":[],"class_list":{"0":"post-166415","1":"product","2":"type-product","3":"status-publish","4":"has-post-thumbnail","6":"product_cat-loseblatt-notebook","7":"product_tag-personalisiertes-notizbuch","9":"first","10":"outofstock","11":"sold-individually","12":"shipping-taxable","13":"purchasable","14":"product-type-variable","15":"has-default-attributes"},"acf":[],"yoast_head":"<!-- This site is optimized with the Yoast SEO plugin v27.2 - https:\/\/yoast.com\/product\/yoast-seo-wordpress\/ -->\n<title>LEF-032 - Der Weg zur Reife und inneren St\u00e4rke \u2013 gemeinsam Schritt f\u00fcr Schritt - Leatai \u2013 Hersteller ma\u00dfgeschneiderter Notizb\u00fccher<\/title>\n<meta name=\"description\" content=\"Das Leatai-Produktmodell LEF-032 erinnert daran, dass Reife nicht \u00fcber Nacht entsteht. Entscheidungen von erfahrenen Kolleginnen und Kollegen erscheinen oft erst mit der Zeit nachvollziehbar \u2013 weil echtes Verst\u00e4ndnis und Lebenserfahrung wachsen m\u00fcssen. Diese Phase geh\u00f6rt f\u00fcr alle zum beruflichen und pers\u00f6nlichen Werdegang dazu. Du bist nicht allein \u2013 Leatai begleitet dich auf diesem Weg des Reifens und Lernens.\" \/>\n<meta name=\"robots\" content=\"index, follow, max-snippet:-1, max-image-preview:large, max-video-preview:-1\" \/>\n<link rel=\"canonical\" href=\"https:\/\/leatai.com\/de\/product\/individueller-planer\/loseblatt-notebook\/lef-032\/\" \/>\n<meta property=\"og:locale\" content=\"de_DE\" \/>\n<meta property=\"og:type\" content=\"article\" \/>\n<meta property=\"og:title\" content=\"LEF-032 - Der Weg zur Reife und inneren St\u00e4rke \u2013 gemeinsam Schritt f\u00fcr Schritt - Leatai \u2013 Hersteller ma\u00dfgeschneiderter Notizb\u00fccher\" \/>\n<meta property=\"og:description\" content=\"Das Leatai-Produktmodell LEF-032 erinnert daran, dass Reife nicht \u00fcber Nacht entsteht. Entscheidungen von erfahrenen Kolleginnen und Kollegen erscheinen oft erst mit der Zeit nachvollziehbar \u2013 weil echtes Verst\u00e4ndnis und Lebenserfahrung wachsen m\u00fcssen. Diese Phase geh\u00f6rt f\u00fcr alle zum beruflichen und pers\u00f6nlichen Werdegang dazu. Du bist nicht allein \u2013 Leatai begleitet dich auf diesem Weg des Reifens und Lernens.\" \/>\n<meta property=\"og:url\" content=\"https:\/\/leatai.com\/de\/product\/individueller-planer\/loseblatt-notebook\/lef-032\/\" \/>\n<meta property=\"og:site_name\" content=\"Leatai \u2013 Hersteller ma\u00dfgeschneiderter Notizb\u00fccher\" \/>\n<meta property=\"article:modified_time\" content=\"2025-04-01T02:25:48+00:00\" \/>\n<meta property=\"og:image\" content=\"https:\/\/leatai.com\/wp-content\/uploads\/2015_10_16_1733450.jpg\" \/>\n\t<meta property=\"og:image:width\" content=\"1000\" \/>\n\t<meta property=\"og:image:height\" content=\"750\" \/>\n\t<meta property=\"og:image:type\" content=\"image\/jpeg\" \/>\n<meta name=\"twitter:card\" content=\"summary_large_image\" \/>\n<meta name=\"twitter:label1\" content=\"Gesch\u00e4tzte Lesezeit\" \/>\n\t<meta name=\"twitter:data1\" content=\"2\u00a0Minuten\" \/>\n<script type=\"application\/ld+json\" class=\"yoast-schema-graph\">{\"@context\":\"https:\/\/schema.org\",\"@graph\":[{\"@type\":\"WebPage\",\"@id\":\"https:\/\/leatai.com\/de\/product\/individueller-planer\/loseblatt-notebook\/lef-032\/\",\"url\":\"https:\/\/leatai.com\/de\/product\/individueller-planer\/loseblatt-notebook\/lef-032\/\",\"name\":\"LEF-032 - Der Weg zur Reife und inneren St\u00e4rke \u2013 gemeinsam Schritt f\u00fcr Schritt - Leatai \u2013 Hersteller ma\u00dfgeschneiderter Notizb\u00fccher\",\"isPartOf\":{\"@id\":\"https:\/\/leatai.com\/de\/#website\"},\"primaryImageOfPage\":{\"@id\":\"https:\/\/leatai.com\/de\/product\/individueller-planer\/loseblatt-notebook\/lef-032\/#primaryimage\"},\"image\":{\"@id\":\"https:\/\/leatai.com\/de\/product\/individueller-planer\/loseblatt-notebook\/lef-032\/#primaryimage\"},\"thumbnailUrl\":\"https:\/\/leatai.com\/wp-content\/uploads\/2015_10_16_1733450.jpg\",\"datePublished\":\"2021-06-24T05:38:55+00:00\",\"dateModified\":\"2025-04-01T02:25:48+00:00\",\"description\":\"Das Leatai-Produktmodell LEF-032 erinnert daran, dass Reife nicht \u00fcber Nacht entsteht. Entscheidungen von erfahrenen Kolleginnen und Kollegen erscheinen oft erst mit der Zeit nachvollziehbar \u2013 weil echtes Verst\u00e4ndnis und Lebenserfahrung wachsen m\u00fcssen. Diese Phase geh\u00f6rt f\u00fcr alle zum beruflichen und pers\u00f6nlichen Werdegang dazu. Du bist nicht allein \u2013 Leatai begleitet dich auf diesem Weg des Reifens und Lernens.\",\"breadcrumb\":{\"@id\":\"https:\/\/leatai.com\/de\/product\/individueller-planer\/loseblatt-notebook\/lef-032\/#breadcrumb\"},\"inLanguage\":\"de\",\"potentialAction\":[{\"@type\":\"ReadAction\",\"target\":[\"https:\/\/leatai.com\/de\/product\/individueller-planer\/loseblatt-notebook\/lef-032\/\"]}]},{\"@type\":\"ImageObject\",\"inLanguage\":\"de\",\"@id\":\"https:\/\/leatai.com\/de\/product\/individueller-planer\/loseblatt-notebook\/lef-032\/#primaryimage\",\"url\":\"https:\/\/leatai.com\/wp-content\/uploads\/2015_10_16_1733450.jpg\",\"contentUrl\":\"https:\/\/leatai.com\/wp-content\/uploads\/2015_10_16_1733450.jpg\",\"width\":1000,\"height\":750,\"caption\":\"Gesch\u00e4ftsjournal\"},{\"@type\":\"BreadcrumbList\",\"@id\":\"https:\/\/leatai.com\/de\/product\/individueller-planer\/loseblatt-notebook\/lef-032\/#breadcrumb\",\"itemListElement\":[{\"@type\":\"ListItem\",\"position\":1,\"name\":\"Home\",\"item\":\"https:\/\/leatai.com\/de\/\"},{\"@type\":\"ListItem\",\"position\":2,\"name\":\"Produktvorstellung\",\"item\":\"https:\/\/leatai.com\/products\/\"},{\"@type\":\"ListItem\",\"position\":3,\"name\":\"Individueller Planer\",\"item\":\"https:\/\/leatai.com\/de\/produkt-kategorie\/individueller-planer\/\"},{\"@type\":\"ListItem\",\"position\":4,\"name\":\"Loseblatt-Notebook\",\"item\":\"https:\/\/leatai.com\/de\/produkt-kategorie\/individueller-planer\/loseblatt-notebook\/\"},{\"@type\":\"ListItem\",\"position\":5,\"name\":\"LEF-032\"}]},{\"@type\":\"WebSite\",\"@id\":\"https:\/\/leatai.com\/de\/#website\",\"url\":\"https:\/\/leatai.com\/de\/\",\"name\":\"Leatai \u2013 Hersteller ma\u00dfgeschneiderter Notizb\u00fccher\",\"description\":\"Leatai liefert individuelle Notizb\u00fccher und Planer f\u00fcr Marken und H\u00e4ndler weltweit.\",\"publisher\":{\"@id\":\"https:\/\/leatai.com\/de\/#organization\"},\"potentialAction\":[{\"@type\":\"SearchAction\",\"target\":{\"@type\":\"EntryPoint\",\"urlTemplate\":\"https:\/\/leatai.com\/de\/?s={search_term_string}\"},\"query-input\":{\"@type\":\"PropertyValueSpecification\",\"valueRequired\":true,\"valueName\":\"search_term_string\"}}],\"inLanguage\":\"de\"},{\"@type\":\"Organization\",\"@id\":\"https:\/\/leatai.com\/de\/#organization\",\"name\":\"Leatai Diary, customized journal and business organizer\",\"url\":\"https:\/\/leatai.com\/de\/\",\"logo\":{\"@type\":\"ImageObject\",\"inLanguage\":\"de\",\"@id\":\"https:\/\/leatai.com\/de\/#\/schema\/logo\/image\/\",\"url\":\"https:\/\/leatai.com\/wp-content\/uploads\/logo-blue.png\",\"contentUrl\":\"https:\/\/leatai.com\/wp-content\/uploads\/logo-blue.png\",\"width\":230,\"height\":60,\"caption\":\"Leatai Diary, customized journal and business organizer\"},\"image\":{\"@id\":\"https:\/\/leatai.com\/de\/#\/schema\/logo\/image\/\"}}]}<\/script>\n<!-- \/ Yoast SEO plugin. -->","yoast_head_json":{"title":"LEF-032 - Der Weg zur Reife und inneren St\u00e4rke \u2013 gemeinsam Schritt f\u00fcr Schritt - Leatai \u2013 Hersteller ma\u00dfgeschneiderter Notizb\u00fccher","description":"Das Leatai-Produktmodell LEF-032 erinnert daran, dass Reife nicht \u00fcber Nacht entsteht. Entscheidungen von erfahrenen Kolleginnen und Kollegen erscheinen oft erst mit der Zeit nachvollziehbar \u2013 weil echtes Verst\u00e4ndnis und Lebenserfahrung wachsen m\u00fcssen. Diese Phase geh\u00f6rt f\u00fcr alle zum beruflichen und pers\u00f6nlichen Werdegang dazu. Du bist nicht allein \u2013 Leatai begleitet dich auf diesem Weg des Reifens und Lernens.","robots":{"index":"index","follow":"follow","max-snippet":"max-snippet:-1","max-image-preview":"max-image-preview:large","max-video-preview":"max-video-preview:-1"},"canonical":"https:\/\/leatai.com\/de\/product\/individueller-planer\/loseblatt-notebook\/lef-032\/","og_locale":"de_DE","og_type":"article","og_title":"LEF-032 - Der Weg zur Reife und inneren St\u00e4rke \u2013 gemeinsam Schritt f\u00fcr Schritt - Leatai \u2013 Hersteller ma\u00dfgeschneiderter Notizb\u00fccher","og_description":"Das Leatai-Produktmodell LEF-032 erinnert daran, dass Reife nicht \u00fcber Nacht entsteht. Entscheidungen von erfahrenen Kolleginnen und Kollegen erscheinen oft erst mit der Zeit nachvollziehbar \u2013 weil echtes Verst\u00e4ndnis und Lebenserfahrung wachsen m\u00fcssen. Diese Phase geh\u00f6rt f\u00fcr alle zum beruflichen und pers\u00f6nlichen Werdegang dazu. Du bist nicht allein \u2013 Leatai begleitet dich auf diesem Weg des Reifens und Lernens.","og_url":"https:\/\/leatai.com\/de\/product\/individueller-planer\/loseblatt-notebook\/lef-032\/","og_site_name":"Leatai \u2013 Hersteller ma\u00dfgeschneiderter Notizb\u00fccher","article_modified_time":"2025-04-01T02:25:48+00:00","og_image":[{"width":1000,"height":750,"url":"https:\/\/leatai.com\/wp-content\/uploads\/2015_10_16_1733450.jpg","type":"image\/jpeg"}],"twitter_card":"summary_large_image","twitter_misc":{"Gesch\u00e4tzte Lesezeit":"2\u00a0Minuten"},"schema":{"@context":"https:\/\/schema.org","@graph":[{"@type":"WebPage","@id":"https:\/\/leatai.com\/de\/product\/individueller-planer\/loseblatt-notebook\/lef-032\/","url":"https:\/\/leatai.com\/de\/product\/individueller-planer\/loseblatt-notebook\/lef-032\/","name":"LEF-032 - Der Weg zur Reife und inneren St\u00e4rke \u2013 gemeinsam Schritt f\u00fcr Schritt - Leatai \u2013 Hersteller ma\u00dfgeschneiderter Notizb\u00fccher","isPartOf":{"@id":"https:\/\/leatai.com\/de\/#website"},"primaryImageOfPage":{"@id":"https:\/\/leatai.com\/de\/product\/individueller-planer\/loseblatt-notebook\/lef-032\/#primaryimage"},"image":{"@id":"https:\/\/leatai.com\/de\/product\/individueller-planer\/loseblatt-notebook\/lef-032\/#primaryimage"},"thumbnailUrl":"https:\/\/leatai.com\/wp-content\/uploads\/2015_10_16_1733450.jpg","datePublished":"2021-06-24T05:38:55+00:00","dateModified":"2025-04-01T02:25:48+00:00","description":"Das Leatai-Produktmodell LEF-032 erinnert daran, dass Reife nicht \u00fcber Nacht entsteht. Entscheidungen von erfahrenen Kolleginnen und Kollegen erscheinen oft erst mit der Zeit nachvollziehbar \u2013 weil echtes Verst\u00e4ndnis und Lebenserfahrung wachsen m\u00fcssen. Diese Phase geh\u00f6rt f\u00fcr alle zum beruflichen und pers\u00f6nlichen Werdegang dazu. Du bist nicht allein \u2013 Leatai begleitet dich auf diesem Weg des Reifens und Lernens.","breadcrumb":{"@id":"https:\/\/leatai.com\/de\/product\/individueller-planer\/loseblatt-notebook\/lef-032\/#breadcrumb"},"inLanguage":"de","potentialAction":[{"@type":"ReadAction","target":["https:\/\/leatai.com\/de\/product\/individueller-planer\/loseblatt-notebook\/lef-032\/"]}]},{"@type":"ImageObject","inLanguage":"de","@id":"https:\/\/leatai.com\/de\/product\/individueller-planer\/loseblatt-notebook\/lef-032\/#primaryimage","url":"https:\/\/leatai.com\/wp-content\/uploads\/2015_10_16_1733450.jpg","contentUrl":"https:\/\/leatai.com\/wp-content\/uploads\/2015_10_16_1733450.jpg","width":1000,"height":750,"caption":"Gesch\u00e4ftsjournal"},{"@type":"BreadcrumbList","@id":"https:\/\/leatai.com\/de\/product\/individueller-planer\/loseblatt-notebook\/lef-032\/#breadcrumb","itemListElement":[{"@type":"ListItem","position":1,"name":"Home","item":"https:\/\/leatai.com\/de\/"},{"@type":"ListItem","position":2,"name":"Produktvorstellung","item":"https:\/\/leatai.com\/products\/"},{"@type":"ListItem","position":3,"name":"Individueller Planer","item":"https:\/\/leatai.com\/de\/produkt-kategorie\/individueller-planer\/"},{"@type":"ListItem","position":4,"name":"Loseblatt-Notebook","item":"https:\/\/leatai.com\/de\/produkt-kategorie\/individueller-planer\/loseblatt-notebook\/"},{"@type":"ListItem","position":5,"name":"LEF-032"}]},{"@type":"WebSite","@id":"https:\/\/leatai.com\/de\/#website","url":"https:\/\/leatai.com\/de\/","name":"Leatai \u2013 Hersteller ma\u00dfgeschneiderter Notizb\u00fccher","description":"Leatai liefert individuelle Notizb\u00fccher und Planer f\u00fcr Marken und H\u00e4ndler weltweit.","publisher":{"@id":"https:\/\/leatai.com\/de\/#organization"},"potentialAction":[{"@type":"SearchAction","target":{"@type":"EntryPoint","urlTemplate":"https:\/\/leatai.com\/de\/?s={search_term_string}"},"query-input":{"@type":"PropertyValueSpecification","valueRequired":true,"valueName":"search_term_string"}}],"inLanguage":"de"},{"@type":"Organization","@id":"https:\/\/leatai.com\/de\/#organization","name":"Leatai Diary, customized journal and business organizer","url":"https:\/\/leatai.com\/de\/","logo":{"@type":"ImageObject","inLanguage":"de","@id":"https:\/\/leatai.com\/de\/#\/schema\/logo\/image\/","url":"https:\/\/leatai.com\/wp-content\/uploads\/logo-blue.png","contentUrl":"https:\/\/leatai.com\/wp-content\/uploads\/logo-blue.png","width":230,"height":60,"caption":"Leatai Diary, customized journal and business organizer"},"image":{"@id":"https:\/\/leatai.com\/de\/#\/schema\/logo\/image\/"}}]}},"_links":{"self":[{"href":"https:\/\/leatai.com\/de\/wp-json\/wp\/v2\/product\/166415","targetHints":{"allow":["GET"]}}],"collection":[{"href":"https:\/\/leatai.com\/de\/wp-json\/wp\/v2\/product"}],"about":[{"href":"https:\/\/leatai.com\/de\/wp-json\/wp\/v2\/types\/product"}],"wp:featuredmedia":[{"embeddable":true,"href":"https:\/\/leatai.com\/de\/wp-json\/wp\/v2\/media\/166416"}],"wp:attachment":[{"href":"https:\/\/leatai.com\/de\/wp-json\/wp\/v2\/media?parent=166415"}],"wp:term":[{"taxonomy":"product_brand","embeddable":true,"href":"https:\/\/leatai.com\/de\/wp-json\/wp\/v2\/product_brand?post=166415"},{"taxonomy":"product_cat","embeddable":true,"href":"https:\/\/leatai.com\/de\/wp-json\/wp\/v2\/product_cat?post=166415"},{"taxonomy":"product_tag","embeddable":true,"href":"https:\/\/leatai.com\/de\/wp-json\/wp\/v2\/product_tag?post=166415"},{"taxonomy":"home_works","embeddable":true,"href":"https:\/\/leatai.com\/de\/wp-json\/wp\/v2\/home_works?post=166415"}],"curies":[{"name":"wp","href":"https:\/\/api.w.org\/{rel}","templated":true}]}}