{"id":165847,"date":"2021-06-24T13:37:43","date_gmt":"2021-06-24T05:37:43","guid":{"rendered":"https:\/\/leatai.com\/product\/unkategorisiert\/lef-024\/"},"modified":"2025-04-01T10:17:49","modified_gmt":"2025-04-01T02:17:49","slug":"lef-024","status":"publish","type":"product","link":"https:\/\/leatai.com\/de\/product\/individueller-planer\/loseblatt-notebook\/lef-024\/","title":{"rendered":"LEF-024"},"content":{"rendered":"<p>Produktmodell: LEF-024<br \/>\nEinbandmaterial: Farbwechselndes PU-Kunstleder<br \/>\nCover-Farben: Apfelgr\u00fcn \/ Braun<br \/>\nFormate: 16K \/ 25K \/ 48K <a href=\"https:\/\/leatai.com\/de\/faq\/was-sind-8k-16k-und-25k-planergroessen-wie-gross-sind-sie\/\" target=\"_blank\" rel=\"noopener\">(G\u00e4ngige Formate)<\/a><br data-start=\"194\" data-end=\"197\" \/>Innenseiten: Standardvorlage<a href=\"https:\/\/leatai.com\/de\/produkt-kategorie\/innenseitenformat\/\" target=\"_blank\" rel=\"noopener\">(Auswahl an Innenseiten-Layouts)<\/a><br \/>\nVerpackung: OPP-Beutel (optional)<br \/>\nLogo-Veredelung: Hei\u00dfpr\u00e4gung in Gold oder Silber, Brandpr\u00e4gung<\/p>\n<p>Produktbeschreibung<br \/>\nDas Leatai-Produktmodell LEF-024 zeigt, dass individuelle Gestaltung \u00fcber die Materialwahl hinausgehen kann. Wer sich f\u00fcr ein Lieblingsleder entscheidet, kann mit grafischen Elementen bei der Pr\u00e4gung ein zus\u00e4tzliches Highlight setzen. So entsteht ein Notizbuch, das nicht nur funktional ist, sondern sich auch durch ein einzigartiges Design von der Masse abhebt \u2013 und dabei die unverwechselbare Ausstrahlung und den Wert einer Marke unterstreicht.<\/p>\n<p><strong>\ud83d\udcd6<\/strong>Standard-Gesch\u00e4ftskalender: <a href=\"https:\/\/leatai.com\/de\/produkt-kategorie\/individueller-planer\/\" target=\"_blank\" rel=\"noopener\">Alle Modelle der Gesch\u00e4ftskalender-Serien<\/a> \/ <a href=\"https:\/\/leatai.com\/de\/produkt-kategorie\/innenseitenformat\/\" target=\"_blank\" rel=\"noopener\">\u00dcbersicht der Innenseitenlayouts<\/a><\/p>\n<p><strong>\ud83d\udcd6<\/strong>Weitere Empfehlungen f\u00fcr individuell gestaltete Notizb\u00fccher \/ personalisierte Gesch\u00e4ftskalender und deren Druck finden Sie hier:<br \/>\n<a href=\"https:\/\/leatai.com\/de\/produkt-kategorie\/verschiedene-oem-muster\/oem-hardcover-notizbuch\/\" target=\"_blank\" rel=\"noopener\">OEM Hardcover-Notizb\u00fccher<\/a><br \/>\n<a href=\"https:\/\/leatai.com\/de\/produkt-kategorie\/verschiedene-oem-muster\/oem-ringbuch\/\" target=\"_blank\" rel=\"noopener\">OEM Ringbuch-Notizb\u00fccher<\/a><br \/>\n<a href=\"https:\/\/leatai.com\/de\/produkt-kategorie\/verschiedene-oem-muster\/oem-abnehmbarer-notizbuch\/\" target=\"_blank\" rel=\"noopener\">OEM Einsteck-Ringb\u00fccher<\/a><br \/>\n<a href=\"https:\/\/leatai.com\/de\/produkt-kategorie\/verschiedene-oem-muster\/oem-taschenbuch-notizbuch\/\" target=\"_blank\" rel=\"noopener\">OEM Softcover-Notizb\u00fccher<\/a><br \/>\n<a href=\"https:\/\/leatai.com\/de\/produkt-kategorie\/verschiedene-oem-muster\/oem-spiralgebundenes-notizbuch\/\" target=\"_blank\" rel=\"noopener\">OEM Spiralnotizb\u00fccher<\/a><br \/>\n<a href=\"https:\/\/leatai.com\/de\/produkt-kategorie\/verschiedene-oem-muster\/oem-kalender-de\/\" target=\"_blank\" rel=\"noopener\">OEM individuell gestaltete Abrei\u00dfkalender \/ Tischkalender<\/a><br \/>\n<a href=\"https:\/\/leatai.com\/de\/produkt-kategorie\/verschiedene-oem-muster\/oem-andere\/\" target=\"_blank\" rel=\"noopener\">OEM Sonstige kundenspezifische Produkte<\/a><\/p>\n<p>F\u00fcr eine vollst\u00e4ndige Erkl\u00e4rung der Formate besuchen Sie bitte:<br \/>\nPapiergr\u00f6\u00dfen-Guide: <a href=\"https:\/\/leatai.com\/de\/notizbuchwissen\/papiergroessen-leitfaden-verstehen-sie-gaengige-groessen-wie-b3-a4-b5-8k-16k-und-mehr-eine-umfassende-groessentabelle-zur-einfachen-referenz\/\" target=\"_blank\" rel=\"noopener\">Wie unterscheidet man B3, A4, B5, 8K, 16K usw.?<\/a><br \/>\nEine \u00fcbersichtliche Vergleichstabelle macht alle g\u00e4ngigen Papierformate leicht verst\u00e4ndlich!<\/p>\n","protected":false},"excerpt":{"rendered":"<p>Produktmodell: LEF-024 Einbandmaterial: Farbwechselndes PU-Kunstleder Cover-Farben: Apfelgr\u00fcn \/ Braun Formate: 16K \/ 25K \/ 48K (G\u00e4ngige Formate)Innenseiten: Standardvorlage(Auswahl an Innenseiten-Layouts) Verpackung: OPP-Beutel (optional) Logo-Veredelung: Hei\u00dfpr\u00e4gung in Gold oder Silber, Brandpr\u00e4gung Produktbeschreibung Das Leatai-Produktmodell LEF-024 zeigt, dass individuelle Gestaltung \u00fcber die Materialwahl hinausgehen kann. Wer sich f\u00fcr ein Lieblingsleder entscheidet, kann mit grafischen Elementen bei der [&hellip;]<\/p>\n","protected":false},"featured_media":165848,"template":"","meta":{"_acf_changed":false},"product_brand":[],"product_cat":[695],"product_tag":[1435],"home_works":[],"class_list":{"0":"post-165847","1":"product","2":"type-product","3":"status-publish","4":"has-post-thumbnail","6":"product_cat-loseblatt-notebook","7":"product_tag-personalisiertes-notizbuch","9":"first","10":"outofstock","11":"sold-individually","12":"shipping-taxable","13":"purchasable","14":"product-type-variable","15":"has-default-attributes"},"acf":[],"yoast_head":"<!-- This site is optimized with the Yoast SEO plugin v27.2 - https:\/\/yoast.com\/product\/yoast-seo-wordpress\/ -->\n<title>LEF-024 - Gepr\u00e4gte Grafiken, die mit der Struktur des Leders harmonieren \u2013 ein stilvolles Plus an Raffinesse - Leatai \u2013 Hersteller ma\u00dfgeschneiderter Notizb\u00fccher<\/title>\n<meta name=\"description\" content=\"Das Leatai-Produktmodell LEF-024 zeigt, dass individuelle Gestaltung \u00fcber die Materialwahl hinausgehen kann. Wer sich f\u00fcr ein Lieblingsleder entscheidet, kann mit grafischen Elementen bei der Pr\u00e4gung ein zus\u00e4tzliches Highlight setzen. So entsteht ein Notizbuch, das nicht nur funktional ist, sondern sich auch durch ein einzigartiges Design von der Masse abhebt \u2013 und dabei die unverwechselbare Ausstrahlung und den Wert einer Marke unterstreicht.\" \/>\n<meta name=\"robots\" content=\"index, follow, max-snippet:-1, max-image-preview:large, max-video-preview:-1\" \/>\n<link rel=\"canonical\" href=\"https:\/\/leatai.com\/de\/product\/individueller-planer\/loseblatt-notebook\/lef-024\/\" \/>\n<meta property=\"og:locale\" content=\"de_DE\" \/>\n<meta property=\"og:type\" content=\"article\" \/>\n<meta property=\"og:title\" content=\"LEF-024 - Gepr\u00e4gte Grafiken, die mit der Struktur des Leders harmonieren \u2013 ein stilvolles Plus an Raffinesse - Leatai \u2013 Hersteller ma\u00dfgeschneiderter Notizb\u00fccher\" \/>\n<meta property=\"og:description\" content=\"Das Leatai-Produktmodell LEF-024 zeigt, dass individuelle Gestaltung \u00fcber die Materialwahl hinausgehen kann. Wer sich f\u00fcr ein Lieblingsleder entscheidet, kann mit grafischen Elementen bei der Pr\u00e4gung ein zus\u00e4tzliches Highlight setzen. So entsteht ein Notizbuch, das nicht nur funktional ist, sondern sich auch durch ein einzigartiges Design von der Masse abhebt \u2013 und dabei die unverwechselbare Ausstrahlung und den Wert einer Marke unterstreicht.\" \/>\n<meta property=\"og:url\" content=\"https:\/\/leatai.com\/de\/product\/individueller-planer\/loseblatt-notebook\/lef-024\/\" \/>\n<meta property=\"og:site_name\" content=\"Leatai \u2013 Hersteller ma\u00dfgeschneiderter Notizb\u00fccher\" \/>\n<meta property=\"article:modified_time\" content=\"2025-04-01T02:17:49+00:00\" \/>\n<meta property=\"og:image\" content=\"https:\/\/leatai.com\/wp-content\/uploads\/2015_09_19_1721560.jpg\" \/>\n\t<meta property=\"og:image:width\" content=\"1000\" \/>\n\t<meta property=\"og:image:height\" content=\"750\" \/>\n\t<meta property=\"og:image:type\" content=\"image\/jpeg\" \/>\n<meta name=\"twitter:card\" content=\"summary_large_image\" \/>\n<meta name=\"twitter:label1\" content=\"Gesch\u00e4tzte Lesezeit\" \/>\n\t<meta name=\"twitter:data1\" content=\"2\u00a0Minuten\" \/>\n<script type=\"application\/ld+json\" class=\"yoast-schema-graph\">{\"@context\":\"https:\/\/schema.org\",\"@graph\":[{\"@type\":\"WebPage\",\"@id\":\"https:\/\/leatai.com\/de\/product\/individueller-planer\/loseblatt-notebook\/lef-024\/\",\"url\":\"https:\/\/leatai.com\/de\/product\/individueller-planer\/loseblatt-notebook\/lef-024\/\",\"name\":\"LEF-024 - Gepr\u00e4gte Grafiken, die mit der Struktur des Leders harmonieren \u2013 ein stilvolles Plus an Raffinesse - Leatai \u2013 Hersteller ma\u00dfgeschneiderter Notizb\u00fccher\",\"isPartOf\":{\"@id\":\"https:\/\/leatai.com\/de\/#website\"},\"primaryImageOfPage\":{\"@id\":\"https:\/\/leatai.com\/de\/product\/individueller-planer\/loseblatt-notebook\/lef-024\/#primaryimage\"},\"image\":{\"@id\":\"https:\/\/leatai.com\/de\/product\/individueller-planer\/loseblatt-notebook\/lef-024\/#primaryimage\"},\"thumbnailUrl\":\"https:\/\/leatai.com\/wp-content\/uploads\/2015_09_19_1721560.jpg\",\"datePublished\":\"2021-06-24T05:37:43+00:00\",\"dateModified\":\"2025-04-01T02:17:49+00:00\",\"description\":\"Das Leatai-Produktmodell LEF-024 zeigt, dass individuelle Gestaltung \u00fcber die Materialwahl hinausgehen kann. Wer sich f\u00fcr ein Lieblingsleder entscheidet, kann mit grafischen Elementen bei der Pr\u00e4gung ein zus\u00e4tzliches Highlight setzen. So entsteht ein Notizbuch, das nicht nur funktional ist, sondern sich auch durch ein einzigartiges Design von der Masse abhebt \u2013 und dabei die unverwechselbare Ausstrahlung und den Wert einer Marke unterstreicht.\",\"breadcrumb\":{\"@id\":\"https:\/\/leatai.com\/de\/product\/individueller-planer\/loseblatt-notebook\/lef-024\/#breadcrumb\"},\"inLanguage\":\"de\",\"potentialAction\":[{\"@type\":\"ReadAction\",\"target\":[\"https:\/\/leatai.com\/de\/product\/individueller-planer\/loseblatt-notebook\/lef-024\/\"]}]},{\"@type\":\"ImageObject\",\"inLanguage\":\"de\",\"@id\":\"https:\/\/leatai.com\/de\/product\/individueller-planer\/loseblatt-notebook\/lef-024\/#primaryimage\",\"url\":\"https:\/\/leatai.com\/wp-content\/uploads\/2015_09_19_1721560.jpg\",\"contentUrl\":\"https:\/\/leatai.com\/wp-content\/uploads\/2015_09_19_1721560.jpg\",\"width\":1000,\"height\":750,\"caption\":\"Gesch\u00e4ftsjournal\"},{\"@type\":\"BreadcrumbList\",\"@id\":\"https:\/\/leatai.com\/de\/product\/individueller-planer\/loseblatt-notebook\/lef-024\/#breadcrumb\",\"itemListElement\":[{\"@type\":\"ListItem\",\"position\":1,\"name\":\"Home\",\"item\":\"https:\/\/leatai.com\/de\/\"},{\"@type\":\"ListItem\",\"position\":2,\"name\":\"Produktvorstellung\",\"item\":\"https:\/\/leatai.com\/products\/\"},{\"@type\":\"ListItem\",\"position\":3,\"name\":\"Individueller Planer\",\"item\":\"https:\/\/leatai.com\/de\/produkt-kategorie\/individueller-planer\/\"},{\"@type\":\"ListItem\",\"position\":4,\"name\":\"Loseblatt-Notebook\",\"item\":\"https:\/\/leatai.com\/de\/produkt-kategorie\/individueller-planer\/loseblatt-notebook\/\"},{\"@type\":\"ListItem\",\"position\":5,\"name\":\"LEF-024\"}]},{\"@type\":\"WebSite\",\"@id\":\"https:\/\/leatai.com\/de\/#website\",\"url\":\"https:\/\/leatai.com\/de\/\",\"name\":\"Leatai \u2013 Hersteller ma\u00dfgeschneiderter Notizb\u00fccher\",\"description\":\"Leatai liefert individuelle Notizb\u00fccher und Planer f\u00fcr Marken und H\u00e4ndler weltweit.\",\"publisher\":{\"@id\":\"https:\/\/leatai.com\/de\/#organization\"},\"potentialAction\":[{\"@type\":\"SearchAction\",\"target\":{\"@type\":\"EntryPoint\",\"urlTemplate\":\"https:\/\/leatai.com\/de\/?s={search_term_string}\"},\"query-input\":{\"@type\":\"PropertyValueSpecification\",\"valueRequired\":true,\"valueName\":\"search_term_string\"}}],\"inLanguage\":\"de\"},{\"@type\":\"Organization\",\"@id\":\"https:\/\/leatai.com\/de\/#organization\",\"name\":\"Leatai Diary, customized journal and business organizer\",\"url\":\"https:\/\/leatai.com\/de\/\",\"logo\":{\"@type\":\"ImageObject\",\"inLanguage\":\"de\",\"@id\":\"https:\/\/leatai.com\/de\/#\/schema\/logo\/image\/\",\"url\":\"https:\/\/leatai.com\/wp-content\/uploads\/logo-blue.png\",\"contentUrl\":\"https:\/\/leatai.com\/wp-content\/uploads\/logo-blue.png\",\"width\":230,\"height\":60,\"caption\":\"Leatai Diary, customized journal and business organizer\"},\"image\":{\"@id\":\"https:\/\/leatai.com\/de\/#\/schema\/logo\/image\/\"}}]}<\/script>\n<!-- \/ Yoast SEO plugin. -->","yoast_head_json":{"title":"LEF-024 - Gepr\u00e4gte Grafiken, die mit der Struktur des Leders harmonieren \u2013 ein stilvolles Plus an Raffinesse - Leatai \u2013 Hersteller ma\u00dfgeschneiderter Notizb\u00fccher","description":"Das Leatai-Produktmodell LEF-024 zeigt, dass individuelle Gestaltung \u00fcber die Materialwahl hinausgehen kann. Wer sich f\u00fcr ein Lieblingsleder entscheidet, kann mit grafischen Elementen bei der Pr\u00e4gung ein zus\u00e4tzliches Highlight setzen. So entsteht ein Notizbuch, das nicht nur funktional ist, sondern sich auch durch ein einzigartiges Design von der Masse abhebt \u2013 und dabei die unverwechselbare Ausstrahlung und den Wert einer Marke unterstreicht.","robots":{"index":"index","follow":"follow","max-snippet":"max-snippet:-1","max-image-preview":"max-image-preview:large","max-video-preview":"max-video-preview:-1"},"canonical":"https:\/\/leatai.com\/de\/product\/individueller-planer\/loseblatt-notebook\/lef-024\/","og_locale":"de_DE","og_type":"article","og_title":"LEF-024 - Gepr\u00e4gte Grafiken, die mit der Struktur des Leders harmonieren \u2013 ein stilvolles Plus an Raffinesse - Leatai \u2013 Hersteller ma\u00dfgeschneiderter Notizb\u00fccher","og_description":"Das Leatai-Produktmodell LEF-024 zeigt, dass individuelle Gestaltung \u00fcber die Materialwahl hinausgehen kann. Wer sich f\u00fcr ein Lieblingsleder entscheidet, kann mit grafischen Elementen bei der Pr\u00e4gung ein zus\u00e4tzliches Highlight setzen. So entsteht ein Notizbuch, das nicht nur funktional ist, sondern sich auch durch ein einzigartiges Design von der Masse abhebt \u2013 und dabei die unverwechselbare Ausstrahlung und den Wert einer Marke unterstreicht.","og_url":"https:\/\/leatai.com\/de\/product\/individueller-planer\/loseblatt-notebook\/lef-024\/","og_site_name":"Leatai \u2013 Hersteller ma\u00dfgeschneiderter Notizb\u00fccher","article_modified_time":"2025-04-01T02:17:49+00:00","og_image":[{"width":1000,"height":750,"url":"https:\/\/leatai.com\/wp-content\/uploads\/2015_09_19_1721560.jpg","type":"image\/jpeg"}],"twitter_card":"summary_large_image","twitter_misc":{"Gesch\u00e4tzte Lesezeit":"2\u00a0Minuten"},"schema":{"@context":"https:\/\/schema.org","@graph":[{"@type":"WebPage","@id":"https:\/\/leatai.com\/de\/product\/individueller-planer\/loseblatt-notebook\/lef-024\/","url":"https:\/\/leatai.com\/de\/product\/individueller-planer\/loseblatt-notebook\/lef-024\/","name":"LEF-024 - Gepr\u00e4gte Grafiken, die mit der Struktur des Leders harmonieren \u2013 ein stilvolles Plus an Raffinesse - Leatai \u2013 Hersteller ma\u00dfgeschneiderter Notizb\u00fccher","isPartOf":{"@id":"https:\/\/leatai.com\/de\/#website"},"primaryImageOfPage":{"@id":"https:\/\/leatai.com\/de\/product\/individueller-planer\/loseblatt-notebook\/lef-024\/#primaryimage"},"image":{"@id":"https:\/\/leatai.com\/de\/product\/individueller-planer\/loseblatt-notebook\/lef-024\/#primaryimage"},"thumbnailUrl":"https:\/\/leatai.com\/wp-content\/uploads\/2015_09_19_1721560.jpg","datePublished":"2021-06-24T05:37:43+00:00","dateModified":"2025-04-01T02:17:49+00:00","description":"Das Leatai-Produktmodell LEF-024 zeigt, dass individuelle Gestaltung \u00fcber die Materialwahl hinausgehen kann. Wer sich f\u00fcr ein Lieblingsleder entscheidet, kann mit grafischen Elementen bei der Pr\u00e4gung ein zus\u00e4tzliches Highlight setzen. So entsteht ein Notizbuch, das nicht nur funktional ist, sondern sich auch durch ein einzigartiges Design von der Masse abhebt \u2013 und dabei die unverwechselbare Ausstrahlung und den Wert einer Marke unterstreicht.","breadcrumb":{"@id":"https:\/\/leatai.com\/de\/product\/individueller-planer\/loseblatt-notebook\/lef-024\/#breadcrumb"},"inLanguage":"de","potentialAction":[{"@type":"ReadAction","target":["https:\/\/leatai.com\/de\/product\/individueller-planer\/loseblatt-notebook\/lef-024\/"]}]},{"@type":"ImageObject","inLanguage":"de","@id":"https:\/\/leatai.com\/de\/product\/individueller-planer\/loseblatt-notebook\/lef-024\/#primaryimage","url":"https:\/\/leatai.com\/wp-content\/uploads\/2015_09_19_1721560.jpg","contentUrl":"https:\/\/leatai.com\/wp-content\/uploads\/2015_09_19_1721560.jpg","width":1000,"height":750,"caption":"Gesch\u00e4ftsjournal"},{"@type":"BreadcrumbList","@id":"https:\/\/leatai.com\/de\/product\/individueller-planer\/loseblatt-notebook\/lef-024\/#breadcrumb","itemListElement":[{"@type":"ListItem","position":1,"name":"Home","item":"https:\/\/leatai.com\/de\/"},{"@type":"ListItem","position":2,"name":"Produktvorstellung","item":"https:\/\/leatai.com\/products\/"},{"@type":"ListItem","position":3,"name":"Individueller Planer","item":"https:\/\/leatai.com\/de\/produkt-kategorie\/individueller-planer\/"},{"@type":"ListItem","position":4,"name":"Loseblatt-Notebook","item":"https:\/\/leatai.com\/de\/produkt-kategorie\/individueller-planer\/loseblatt-notebook\/"},{"@type":"ListItem","position":5,"name":"LEF-024"}]},{"@type":"WebSite","@id":"https:\/\/leatai.com\/de\/#website","url":"https:\/\/leatai.com\/de\/","name":"Leatai \u2013 Hersteller ma\u00dfgeschneiderter Notizb\u00fccher","description":"Leatai liefert individuelle Notizb\u00fccher und Planer f\u00fcr Marken und H\u00e4ndler weltweit.","publisher":{"@id":"https:\/\/leatai.com\/de\/#organization"},"potentialAction":[{"@type":"SearchAction","target":{"@type":"EntryPoint","urlTemplate":"https:\/\/leatai.com\/de\/?s={search_term_string}"},"query-input":{"@type":"PropertyValueSpecification","valueRequired":true,"valueName":"search_term_string"}}],"inLanguage":"de"},{"@type":"Organization","@id":"https:\/\/leatai.com\/de\/#organization","name":"Leatai Diary, customized journal and business organizer","url":"https:\/\/leatai.com\/de\/","logo":{"@type":"ImageObject","inLanguage":"de","@id":"https:\/\/leatai.com\/de\/#\/schema\/logo\/image\/","url":"https:\/\/leatai.com\/wp-content\/uploads\/logo-blue.png","contentUrl":"https:\/\/leatai.com\/wp-content\/uploads\/logo-blue.png","width":230,"height":60,"caption":"Leatai Diary, customized journal and business organizer"},"image":{"@id":"https:\/\/leatai.com\/de\/#\/schema\/logo\/image\/"}}]}},"_links":{"self":[{"href":"https:\/\/leatai.com\/de\/wp-json\/wp\/v2\/product\/165847","targetHints":{"allow":["GET"]}}],"collection":[{"href":"https:\/\/leatai.com\/de\/wp-json\/wp\/v2\/product"}],"about":[{"href":"https:\/\/leatai.com\/de\/wp-json\/wp\/v2\/types\/product"}],"wp:featuredmedia":[{"embeddable":true,"href":"https:\/\/leatai.com\/de\/wp-json\/wp\/v2\/media\/165848"}],"wp:attachment":[{"href":"https:\/\/leatai.com\/de\/wp-json\/wp\/v2\/media?parent=165847"}],"wp:term":[{"taxonomy":"product_brand","embeddable":true,"href":"https:\/\/leatai.com\/de\/wp-json\/wp\/v2\/product_brand?post=165847"},{"taxonomy":"product_cat","embeddable":true,"href":"https:\/\/leatai.com\/de\/wp-json\/wp\/v2\/product_cat?post=165847"},{"taxonomy":"product_tag","embeddable":true,"href":"https:\/\/leatai.com\/de\/wp-json\/wp\/v2\/product_tag?post=165847"},{"taxonomy":"home_works","embeddable":true,"href":"https:\/\/leatai.com\/de\/wp-json\/wp\/v2\/home_works?post=165847"}],"curies":[{"name":"wp","href":"https:\/\/api.w.org\/{rel}","templated":true}]}}