{"id":164363,"date":"2021-08-30T21:33:28","date_gmt":"2021-08-30T13:33:28","guid":{"rendered":"https:\/\/leatai.com\/product\/unkategorisiert\/%e9%85%8d%e4%bb%b6%e5%8a%a0%e8%b3%bc-%e6%8a%bd%e5%8f%96%e5%a4%be%e9%9b%b7%e9%9b%95\/"},"modified":"2025-03-31T11:33:40","modified_gmt":"2025-03-31T03:33:40","slug":"%e9%85%8d%e4%bb%b6%e5%8a%a0%e8%b3%bc-%e6%8a%bd%e5%8f%96%e5%a4%be%e9%9b%b7%e9%9b%95","status":"publish","type":"product","link":"https:\/\/leatai.com\/de\/product\/individueller-planer\/entfernbares-notizbuch\/%e9%85%8d%e4%bb%b6%e5%8a%a0%e8%b3%bc-%e6%8a%bd%e5%8f%96%e5%a4%be%e9%9b%b7%e9%9b%95\/","title":{"rendered":"Zubeh\u00f6r-Zusatzoption \u2013 Lasergravur auf Einheftmechanik."},"content":{"rendered":"<p>Produktbeschreibung<br \/>\nLeatai Modellnummer: Zubeh\u00f6r-Zusatzoption \u2013 Lasergravur auf Einheftmechanik.<\/p>\n<p>Die bedeutungsvollste Gestaltungsm\u00f6glichkeit: Direkt auf der Einheftmechanik werden einzigartige Grafiken oder Texte per Lasergravur verewigt. So wird Ihr Ringbuch absolut individuell und unverwechselbar.<br \/>\nJung ist man nur einmal \u2013 nutzen Sie die Gelegenheit, Ihr Leben auf besondere Weise zu gestalten.<\/p>\n<p>&nbsp;<\/p>\n<p><strong>\ud83d\udcd6<\/strong>Standard-Gesch\u00e4ftskalender: <a href=\"https:\/\/leatai.com\/de\/produkt-kategorie\/individueller-planer\/\" target=\"_blank\" rel=\"noopener\">Alle Modelle der Gesch\u00e4ftskalender-Serien<\/a> \/ <a href=\"https:\/\/leatai.com\/de\/produkt-kategorie\/innenseitenformat\/\" target=\"_blank\" rel=\"noopener\">\u00dcbersicht der Innenseitenlayouts<\/a><\/p>\n<p><strong>\ud83d\udcd6<\/strong>Weitere Empfehlungen f\u00fcr individuell gestaltete Notizb\u00fccher \/ personalisierte Gesch\u00e4ftskalender und deren Druck finden Sie hier:<br \/>\n<a href=\"https:\/\/leatai.com\/de\/produkt-kategorie\/verschiedene-oem-muster\/oem-hardcover-notizbuch\/\" target=\"_blank\" rel=\"noopener\">OEM Hardcover-Notizb\u00fccher<\/a><br \/>\n<a href=\"https:\/\/leatai.com\/de\/produkt-kategorie\/verschiedene-oem-muster\/oem-ringbuch\/\" target=\"_blank\" rel=\"noopener\">OEM Ringbuch-Notizb\u00fccher<\/a><br \/>\n<a href=\"https:\/\/leatai.com\/de\/produkt-kategorie\/verschiedene-oem-muster\/oem-abnehmbarer-notizbuch\/\" target=\"_blank\" rel=\"noopener\">OEM Einsteck-Ringb\u00fccher<\/a><br \/>\n<a href=\"https:\/\/leatai.com\/de\/produkt-kategorie\/verschiedene-oem-muster\/oem-taschenbuch-notizbuch\/\" target=\"_blank\" rel=\"noopener\">OEM Softcover-Notizb\u00fccher<\/a><br \/>\n<a href=\"https:\/\/leatai.com\/de\/produkt-kategorie\/verschiedene-oem-muster\/oem-spiralgebundenes-notizbuch\/\" target=\"_blank\" rel=\"noopener\">OEM Spiralnotizb\u00fccher<\/a><br \/>\n<a href=\"https:\/\/leatai.com\/de\/produkt-kategorie\/verschiedene-oem-muster\/oem-kalender-de\/\" target=\"_blank\" rel=\"noopener\">OEM individuell gestaltete Abrei\u00dfkalender \/ Tischkalender<\/a><br \/>\n<a href=\"https:\/\/leatai.com\/de\/produkt-kategorie\/verschiedene-oem-muster\/oem-andere\/\" target=\"_blank\" rel=\"noopener\">OEM Sonstige kundenspezifische Produkte<\/a><\/p>\n<p>F\u00fcr eine vollst\u00e4ndige Erkl\u00e4rung der Formate besuchen Sie bitte:<br \/>\nPapiergr\u00f6\u00dfen-Guide: <a href=\"https:\/\/leatai.com\/de\/notizbuchwissen\/papiergroessen-leitfaden-verstehen-sie-gaengige-groessen-wie-b3-a4-b5-8k-16k-und-mehr-eine-umfassende-groessentabelle-zur-einfachen-referenz\/\" target=\"_blank\" rel=\"noopener\">Wie unterscheidet man B3, A4, B5, 8K, 16K usw.?<\/a><br \/>\nEine \u00fcbersichtliche Vergleichstabelle macht alle g\u00e4ngigen Papierformate leicht verst\u00e4ndlich!<\/p>\n","protected":false},"excerpt":{"rendered":"<p>Produktbeschreibung Leatai Modellnummer: Zubeh\u00f6r-Zusatzoption \u2013 Lasergravur auf Einheftmechanik. Die bedeutungsvollste Gestaltungsm\u00f6glichkeit: Direkt auf der Einheftmechanik werden einzigartige Grafiken oder Texte per Lasergravur verewigt. So wird Ihr Ringbuch absolut individuell und unverwechselbar. Jung ist man nur einmal \u2013 nutzen Sie die Gelegenheit, Ihr Leben auf besondere Weise zu gestalten. &nbsp; \ud83d\udcd6Standard-Gesch\u00e4ftskalender: Alle Modelle der Gesch\u00e4ftskalender-Serien \/ [&hellip;]<\/p>\n","protected":false},"featured_media":164364,"template":"","meta":{"_acf_changed":false},"product_brand":[],"product_cat":[703],"product_tag":[],"home_works":[],"class_list":{"0":"post-164363","1":"product","2":"type-product","3":"status-publish","4":"has-post-thumbnail","6":"product_cat-entfernbares-notizbuch","8":"first","9":"instock","10":"sold-individually","11":"shipping-taxable","12":"purchasable","13":"product-type-simple"},"acf":[],"yoast_head":"<!-- This site is optimized with the Yoast SEO plugin v27.2 - https:\/\/yoast.com\/product\/yoast-seo-wordpress\/ -->\n<title>Zubeh\u00f6r-Zusatzoption \u2013 Lasergravur auf Einheftmechanik. - Lassen Sie Ihrer Kreativit\u00e4t freien Lauf \u2013 jung ist man nur einmal. - Leatai \u2013 Hersteller ma\u00dfgeschneiderter Notizb\u00fccher<\/title>\n<meta name=\"description\" content=\"Leatai Modellnummer: Zubeh\u00f6r-Zusatzoption \u2013 Lasergravur auf Einheftmechanik. Die bedeutungsvollste Gestaltungsm\u00f6glichkeit: Direkt auf der Einheftmechanik werden einzigartige Grafiken oder Texte per Lasergravur verewigt. So wird Ihr Ringbuch absolut individuell und unverwechselbar. Jung ist man nur einmal \u2013 nutzen Sie die Gelegenheit, Ihr Leben auf besondere Weise zu gestalten.\" \/>\n<meta name=\"robots\" content=\"index, follow, max-snippet:-1, max-image-preview:large, max-video-preview:-1\" \/>\n<link rel=\"canonical\" href=\"https:\/\/leatai.com\/de\/product\/individueller-planer\/entfernbares-notizbuch\/%e9%85%8d%e4%bb%b6%e5%8a%a0%e8%b3%bc-%e6%8a%bd%e5%8f%96%e5%a4%be%e9%9b%b7%e9%9b%95\/\" \/>\n<meta property=\"og:locale\" content=\"de_DE\" \/>\n<meta property=\"og:type\" content=\"article\" \/>\n<meta property=\"og:title\" content=\"Zubeh\u00f6r-Zusatzoption \u2013 Lasergravur auf Einheftmechanik. - Lassen Sie Ihrer Kreativit\u00e4t freien Lauf \u2013 jung ist man nur einmal. - Leatai \u2013 Hersteller ma\u00dfgeschneiderter Notizb\u00fccher\" \/>\n<meta property=\"og:description\" content=\"Leatai Modellnummer: Zubeh\u00f6r-Zusatzoption \u2013 Lasergravur auf Einheftmechanik. Die bedeutungsvollste Gestaltungsm\u00f6glichkeit: Direkt auf der Einheftmechanik werden einzigartige Grafiken oder Texte per Lasergravur verewigt. So wird Ihr Ringbuch absolut individuell und unverwechselbar. Jung ist man nur einmal \u2013 nutzen Sie die Gelegenheit, Ihr Leben auf besondere Weise zu gestalten.\" \/>\n<meta property=\"og:url\" content=\"https:\/\/leatai.com\/de\/product\/individueller-planer\/entfernbares-notizbuch\/%e9%85%8d%e4%bb%b6%e5%8a%a0%e8%b3%bc-%e6%8a%bd%e5%8f%96%e5%a4%be%e9%9b%b7%e9%9b%95\/\" \/>\n<meta property=\"og:site_name\" content=\"Leatai \u2013 Hersteller ma\u00dfgeschneiderter Notizb\u00fccher\" \/>\n<meta property=\"article:modified_time\" content=\"2025-03-31T03:33:40+00:00\" \/>\n<meta property=\"og:image\" content=\"https:\/\/leatai.com\/wp-content\/uploads\/DSC_3325.jpg\" \/>\n\t<meta property=\"og:image:width\" content=\"1000\" \/>\n\t<meta property=\"og:image:height\" content=\"750\" \/>\n\t<meta property=\"og:image:type\" content=\"image\/jpeg\" \/>\n<meta name=\"twitter:card\" content=\"summary_large_image\" \/>\n<meta name=\"twitter:label1\" content=\"Gesch\u00e4tzte Lesezeit\" \/>\n\t<meta name=\"twitter:data1\" content=\"1\u00a0Minute\" \/>\n<script type=\"application\/ld+json\" class=\"yoast-schema-graph\">{\"@context\":\"https:\/\/schema.org\",\"@graph\":[{\"@type\":\"WebPage\",\"@id\":\"https:\/\/leatai.com\/de\/product\/individueller-planer\/entfernbares-notizbuch\/%e9%85%8d%e4%bb%b6%e5%8a%a0%e8%b3%bc-%e6%8a%bd%e5%8f%96%e5%a4%be%e9%9b%b7%e9%9b%95\/\",\"url\":\"https:\/\/leatai.com\/de\/product\/individueller-planer\/entfernbares-notizbuch\/%e9%85%8d%e4%bb%b6%e5%8a%a0%e8%b3%bc-%e6%8a%bd%e5%8f%96%e5%a4%be%e9%9b%b7%e9%9b%95\/\",\"name\":\"Zubeh\u00f6r-Zusatzoption \u2013 Lasergravur auf Einheftmechanik. - Lassen Sie Ihrer Kreativit\u00e4t freien Lauf \u2013 jung ist man nur einmal. - Leatai \u2013 Hersteller ma\u00dfgeschneiderter Notizb\u00fccher\",\"isPartOf\":{\"@id\":\"https:\/\/leatai.com\/de\/#website\"},\"primaryImageOfPage\":{\"@id\":\"https:\/\/leatai.com\/de\/product\/individueller-planer\/entfernbares-notizbuch\/%e9%85%8d%e4%bb%b6%e5%8a%a0%e8%b3%bc-%e6%8a%bd%e5%8f%96%e5%a4%be%e9%9b%b7%e9%9b%95\/#primaryimage\"},\"image\":{\"@id\":\"https:\/\/leatai.com\/de\/product\/individueller-planer\/entfernbares-notizbuch\/%e9%85%8d%e4%bb%b6%e5%8a%a0%e8%b3%bc-%e6%8a%bd%e5%8f%96%e5%a4%be%e9%9b%b7%e9%9b%95\/#primaryimage\"},\"thumbnailUrl\":\"https:\/\/leatai.com\/wp-content\/uploads\/DSC_3325.jpg\",\"datePublished\":\"2021-08-30T13:33:28+00:00\",\"dateModified\":\"2025-03-31T03:33:40+00:00\",\"description\":\"Leatai Modellnummer: Zubeh\u00f6r-Zusatzoption \u2013 Lasergravur auf Einheftmechanik. Die bedeutungsvollste Gestaltungsm\u00f6glichkeit: Direkt auf der Einheftmechanik werden einzigartige Grafiken oder Texte per Lasergravur verewigt. So wird Ihr Ringbuch absolut individuell und unverwechselbar. Jung ist man nur einmal \u2013 nutzen Sie die Gelegenheit, Ihr Leben auf besondere Weise zu gestalten.\",\"breadcrumb\":{\"@id\":\"https:\/\/leatai.com\/de\/product\/individueller-planer\/entfernbares-notizbuch\/%e9%85%8d%e4%bb%b6%e5%8a%a0%e8%b3%bc-%e6%8a%bd%e5%8f%96%e5%a4%be%e9%9b%b7%e9%9b%95\/#breadcrumb\"},\"inLanguage\":\"de\",\"potentialAction\":[{\"@type\":\"ReadAction\",\"target\":[\"https:\/\/leatai.com\/de\/product\/individueller-planer\/entfernbares-notizbuch\/%e9%85%8d%e4%bb%b6%e5%8a%a0%e8%b3%bc-%e6%8a%bd%e5%8f%96%e5%a4%be%e9%9b%b7%e9%9b%95\/\"]}]},{\"@type\":\"ImageObject\",\"inLanguage\":\"de\",\"@id\":\"https:\/\/leatai.com\/de\/product\/individueller-planer\/entfernbares-notizbuch\/%e9%85%8d%e4%bb%b6%e5%8a%a0%e8%b3%bc-%e6%8a%bd%e5%8f%96%e5%a4%be%e9%9b%b7%e9%9b%95\/#primaryimage\",\"url\":\"https:\/\/leatai.com\/wp-content\/uploads\/DSC_3325.jpg\",\"contentUrl\":\"https:\/\/leatai.com\/wp-content\/uploads\/DSC_3325.jpg\",\"width\":1000,\"height\":750},{\"@type\":\"BreadcrumbList\",\"@id\":\"https:\/\/leatai.com\/de\/product\/individueller-planer\/entfernbares-notizbuch\/%e9%85%8d%e4%bb%b6%e5%8a%a0%e8%b3%bc-%e6%8a%bd%e5%8f%96%e5%a4%be%e9%9b%b7%e9%9b%95\/#breadcrumb\",\"itemListElement\":[{\"@type\":\"ListItem\",\"position\":1,\"name\":\"Home\",\"item\":\"https:\/\/leatai.com\/de\/\"},{\"@type\":\"ListItem\",\"position\":2,\"name\":\"Produktvorstellung\",\"item\":\"https:\/\/leatai.com\/products\/\"},{\"@type\":\"ListItem\",\"position\":3,\"name\":\"Individueller Planer\",\"item\":\"https:\/\/leatai.com\/de\/produkt-kategorie\/individueller-planer\/\"},{\"@type\":\"ListItem\",\"position\":4,\"name\":\"Entfernbares Notizbuch\",\"item\":\"https:\/\/leatai.com\/de\/produkt-kategorie\/individueller-planer\/entfernbares-notizbuch\/\"},{\"@type\":\"ListItem\",\"position\":5,\"name\":\"Zubeh\u00f6r-Zusatzoption \u2013 Lasergravur auf Einheftmechanik.\"}]},{\"@type\":\"WebSite\",\"@id\":\"https:\/\/leatai.com\/de\/#website\",\"url\":\"https:\/\/leatai.com\/de\/\",\"name\":\"Leatai \u2013 Hersteller ma\u00dfgeschneiderter Notizb\u00fccher\",\"description\":\"Leatai liefert individuelle Notizb\u00fccher und Planer f\u00fcr Marken und H\u00e4ndler weltweit.\",\"publisher\":{\"@id\":\"https:\/\/leatai.com\/de\/#organization\"},\"potentialAction\":[{\"@type\":\"SearchAction\",\"target\":{\"@type\":\"EntryPoint\",\"urlTemplate\":\"https:\/\/leatai.com\/de\/?s={search_term_string}\"},\"query-input\":{\"@type\":\"PropertyValueSpecification\",\"valueRequired\":true,\"valueName\":\"search_term_string\"}}],\"inLanguage\":\"de\"},{\"@type\":\"Organization\",\"@id\":\"https:\/\/leatai.com\/de\/#organization\",\"name\":\"Leatai Diary, customized journal and business organizer\",\"url\":\"https:\/\/leatai.com\/de\/\",\"logo\":{\"@type\":\"ImageObject\",\"inLanguage\":\"de\",\"@id\":\"https:\/\/leatai.com\/de\/#\/schema\/logo\/image\/\",\"url\":\"https:\/\/leatai.com\/wp-content\/uploads\/logo-blue.png\",\"contentUrl\":\"https:\/\/leatai.com\/wp-content\/uploads\/logo-blue.png\",\"width\":230,\"height\":60,\"caption\":\"Leatai Diary, customized journal and business organizer\"},\"image\":{\"@id\":\"https:\/\/leatai.com\/de\/#\/schema\/logo\/image\/\"}}]}<\/script>\n<!-- \/ Yoast SEO plugin. -->","yoast_head_json":{"title":"Zubeh\u00f6r-Zusatzoption \u2013 Lasergravur auf Einheftmechanik. - Lassen Sie Ihrer Kreativit\u00e4t freien Lauf \u2013 jung ist man nur einmal. - Leatai \u2013 Hersteller ma\u00dfgeschneiderter Notizb\u00fccher","description":"Leatai Modellnummer: Zubeh\u00f6r-Zusatzoption \u2013 Lasergravur auf Einheftmechanik. Die bedeutungsvollste Gestaltungsm\u00f6glichkeit: Direkt auf der Einheftmechanik werden einzigartige Grafiken oder Texte per Lasergravur verewigt. So wird Ihr Ringbuch absolut individuell und unverwechselbar. Jung ist man nur einmal \u2013 nutzen Sie die Gelegenheit, Ihr Leben auf besondere Weise zu gestalten.","robots":{"index":"index","follow":"follow","max-snippet":"max-snippet:-1","max-image-preview":"max-image-preview:large","max-video-preview":"max-video-preview:-1"},"canonical":"https:\/\/leatai.com\/de\/product\/individueller-planer\/entfernbares-notizbuch\/%e9%85%8d%e4%bb%b6%e5%8a%a0%e8%b3%bc-%e6%8a%bd%e5%8f%96%e5%a4%be%e9%9b%b7%e9%9b%95\/","og_locale":"de_DE","og_type":"article","og_title":"Zubeh\u00f6r-Zusatzoption \u2013 Lasergravur auf Einheftmechanik. - Lassen Sie Ihrer Kreativit\u00e4t freien Lauf \u2013 jung ist man nur einmal. - Leatai \u2013 Hersteller ma\u00dfgeschneiderter Notizb\u00fccher","og_description":"Leatai Modellnummer: Zubeh\u00f6r-Zusatzoption \u2013 Lasergravur auf Einheftmechanik. Die bedeutungsvollste Gestaltungsm\u00f6glichkeit: Direkt auf der Einheftmechanik werden einzigartige Grafiken oder Texte per Lasergravur verewigt. So wird Ihr Ringbuch absolut individuell und unverwechselbar. Jung ist man nur einmal \u2013 nutzen Sie die Gelegenheit, Ihr Leben auf besondere Weise zu gestalten.","og_url":"https:\/\/leatai.com\/de\/product\/individueller-planer\/entfernbares-notizbuch\/%e9%85%8d%e4%bb%b6%e5%8a%a0%e8%b3%bc-%e6%8a%bd%e5%8f%96%e5%a4%be%e9%9b%b7%e9%9b%95\/","og_site_name":"Leatai \u2013 Hersteller ma\u00dfgeschneiderter Notizb\u00fccher","article_modified_time":"2025-03-31T03:33:40+00:00","og_image":[{"width":1000,"height":750,"url":"https:\/\/leatai.com\/wp-content\/uploads\/DSC_3325.jpg","type":"image\/jpeg"}],"twitter_card":"summary_large_image","twitter_misc":{"Gesch\u00e4tzte Lesezeit":"1\u00a0Minute"},"schema":{"@context":"https:\/\/schema.org","@graph":[{"@type":"WebPage","@id":"https:\/\/leatai.com\/de\/product\/individueller-planer\/entfernbares-notizbuch\/%e9%85%8d%e4%bb%b6%e5%8a%a0%e8%b3%bc-%e6%8a%bd%e5%8f%96%e5%a4%be%e9%9b%b7%e9%9b%95\/","url":"https:\/\/leatai.com\/de\/product\/individueller-planer\/entfernbares-notizbuch\/%e9%85%8d%e4%bb%b6%e5%8a%a0%e8%b3%bc-%e6%8a%bd%e5%8f%96%e5%a4%be%e9%9b%b7%e9%9b%95\/","name":"Zubeh\u00f6r-Zusatzoption \u2013 Lasergravur auf Einheftmechanik. - Lassen Sie Ihrer Kreativit\u00e4t freien Lauf \u2013 jung ist man nur einmal. - Leatai \u2013 Hersteller ma\u00dfgeschneiderter Notizb\u00fccher","isPartOf":{"@id":"https:\/\/leatai.com\/de\/#website"},"primaryImageOfPage":{"@id":"https:\/\/leatai.com\/de\/product\/individueller-planer\/entfernbares-notizbuch\/%e9%85%8d%e4%bb%b6%e5%8a%a0%e8%b3%bc-%e6%8a%bd%e5%8f%96%e5%a4%be%e9%9b%b7%e9%9b%95\/#primaryimage"},"image":{"@id":"https:\/\/leatai.com\/de\/product\/individueller-planer\/entfernbares-notizbuch\/%e9%85%8d%e4%bb%b6%e5%8a%a0%e8%b3%bc-%e6%8a%bd%e5%8f%96%e5%a4%be%e9%9b%b7%e9%9b%95\/#primaryimage"},"thumbnailUrl":"https:\/\/leatai.com\/wp-content\/uploads\/DSC_3325.jpg","datePublished":"2021-08-30T13:33:28+00:00","dateModified":"2025-03-31T03:33:40+00:00","description":"Leatai Modellnummer: Zubeh\u00f6r-Zusatzoption \u2013 Lasergravur auf Einheftmechanik. Die bedeutungsvollste Gestaltungsm\u00f6glichkeit: Direkt auf der Einheftmechanik werden einzigartige Grafiken oder Texte per Lasergravur verewigt. So wird Ihr Ringbuch absolut individuell und unverwechselbar. Jung ist man nur einmal \u2013 nutzen Sie die Gelegenheit, Ihr Leben auf besondere Weise zu gestalten.","breadcrumb":{"@id":"https:\/\/leatai.com\/de\/product\/individueller-planer\/entfernbares-notizbuch\/%e9%85%8d%e4%bb%b6%e5%8a%a0%e8%b3%bc-%e6%8a%bd%e5%8f%96%e5%a4%be%e9%9b%b7%e9%9b%95\/#breadcrumb"},"inLanguage":"de","potentialAction":[{"@type":"ReadAction","target":["https:\/\/leatai.com\/de\/product\/individueller-planer\/entfernbares-notizbuch\/%e9%85%8d%e4%bb%b6%e5%8a%a0%e8%b3%bc-%e6%8a%bd%e5%8f%96%e5%a4%be%e9%9b%b7%e9%9b%95\/"]}]},{"@type":"ImageObject","inLanguage":"de","@id":"https:\/\/leatai.com\/de\/product\/individueller-planer\/entfernbares-notizbuch\/%e9%85%8d%e4%bb%b6%e5%8a%a0%e8%b3%bc-%e6%8a%bd%e5%8f%96%e5%a4%be%e9%9b%b7%e9%9b%95\/#primaryimage","url":"https:\/\/leatai.com\/wp-content\/uploads\/DSC_3325.jpg","contentUrl":"https:\/\/leatai.com\/wp-content\/uploads\/DSC_3325.jpg","width":1000,"height":750},{"@type":"BreadcrumbList","@id":"https:\/\/leatai.com\/de\/product\/individueller-planer\/entfernbares-notizbuch\/%e9%85%8d%e4%bb%b6%e5%8a%a0%e8%b3%bc-%e6%8a%bd%e5%8f%96%e5%a4%be%e9%9b%b7%e9%9b%95\/#breadcrumb","itemListElement":[{"@type":"ListItem","position":1,"name":"Home","item":"https:\/\/leatai.com\/de\/"},{"@type":"ListItem","position":2,"name":"Produktvorstellung","item":"https:\/\/leatai.com\/products\/"},{"@type":"ListItem","position":3,"name":"Individueller Planer","item":"https:\/\/leatai.com\/de\/produkt-kategorie\/individueller-planer\/"},{"@type":"ListItem","position":4,"name":"Entfernbares Notizbuch","item":"https:\/\/leatai.com\/de\/produkt-kategorie\/individueller-planer\/entfernbares-notizbuch\/"},{"@type":"ListItem","position":5,"name":"Zubeh\u00f6r-Zusatzoption \u2013 Lasergravur auf Einheftmechanik."}]},{"@type":"WebSite","@id":"https:\/\/leatai.com\/de\/#website","url":"https:\/\/leatai.com\/de\/","name":"Leatai \u2013 Hersteller ma\u00dfgeschneiderter Notizb\u00fccher","description":"Leatai liefert individuelle Notizb\u00fccher und Planer f\u00fcr Marken und H\u00e4ndler weltweit.","publisher":{"@id":"https:\/\/leatai.com\/de\/#organization"},"potentialAction":[{"@type":"SearchAction","target":{"@type":"EntryPoint","urlTemplate":"https:\/\/leatai.com\/de\/?s={search_term_string}"},"query-input":{"@type":"PropertyValueSpecification","valueRequired":true,"valueName":"search_term_string"}}],"inLanguage":"de"},{"@type":"Organization","@id":"https:\/\/leatai.com\/de\/#organization","name":"Leatai Diary, customized journal and business organizer","url":"https:\/\/leatai.com\/de\/","logo":{"@type":"ImageObject","inLanguage":"de","@id":"https:\/\/leatai.com\/de\/#\/schema\/logo\/image\/","url":"https:\/\/leatai.com\/wp-content\/uploads\/logo-blue.png","contentUrl":"https:\/\/leatai.com\/wp-content\/uploads\/logo-blue.png","width":230,"height":60,"caption":"Leatai Diary, customized journal and business organizer"},"image":{"@id":"https:\/\/leatai.com\/de\/#\/schema\/logo\/image\/"}}]}},"_links":{"self":[{"href":"https:\/\/leatai.com\/de\/wp-json\/wp\/v2\/product\/164363","targetHints":{"allow":["GET"]}}],"collection":[{"href":"https:\/\/leatai.com\/de\/wp-json\/wp\/v2\/product"}],"about":[{"href":"https:\/\/leatai.com\/de\/wp-json\/wp\/v2\/types\/product"}],"wp:featuredmedia":[{"embeddable":true,"href":"https:\/\/leatai.com\/de\/wp-json\/wp\/v2\/media\/164364"}],"wp:attachment":[{"href":"https:\/\/leatai.com\/de\/wp-json\/wp\/v2\/media?parent=164363"}],"wp:term":[{"taxonomy":"product_brand","embeddable":true,"href":"https:\/\/leatai.com\/de\/wp-json\/wp\/v2\/product_brand?post=164363"},{"taxonomy":"product_cat","embeddable":true,"href":"https:\/\/leatai.com\/de\/wp-json\/wp\/v2\/product_cat?post=164363"},{"taxonomy":"product_tag","embeddable":true,"href":"https:\/\/leatai.com\/de\/wp-json\/wp\/v2\/product_tag?post=164363"},{"taxonomy":"home_works","embeddable":true,"href":"https:\/\/leatai.com\/de\/wp-json\/wp\/v2\/home_works?post=164363"}],"curies":[{"name":"wp","href":"https:\/\/api.w.org\/{rel}","templated":true}]}}