{"id":164353,"date":"2021-06-24T13:29:16","date_gmt":"2021-06-24T05:29:16","guid":{"rendered":"https:\/\/leatai.com\/product\/unkategorisiert\/%e9%85%8d%e4%bb%b6-%e9%9c%a7%e9%bb%91%e6%8a%bd%e5%8f%96%e5%a4%be\/"},"modified":"2025-03-31T11:33:18","modified_gmt":"2025-03-31T03:33:18","slug":"zubehoer-einlege-mechanik-in-matt-schwarz","status":"publish","type":"product","link":"https:\/\/leatai.com\/de\/product\/individueller-planer\/entfernbares-notizbuch\/zubehoer-einlege-mechanik-in-matt-schwarz\/","title":{"rendered":"Zubeh\u00f6r \u2013 Einlege-Mechanik in Matt-Schwarz"},"content":{"rendered":"<p>Produktbeschreibung<br \/>\nLeatai Modellnummer: Zubeh\u00f6r \u2013 Einlege-Mechanik in Matt-Schwarz.<br \/>\nTraditionelle Ringmechaniken sind meist nur in Silber erh\u00e4ltlich und bieten kaum Abwechslung \u2013 haupts\u00e4chlich aufgrund technischer Einschr\u00e4nkungen. Wir haben jedoch das matte Schwarz ausprobiert, um dem klassischen Metallmechanismus eine neue, edlere Anmutung zu verleihen. So wird Ihr individuell gestaltetes Ringbuch auf ein neues Niveau gehoben.<\/p>\n<p>&nbsp;<\/p>\n<p><strong>\ud83d\udcd6<\/strong>Standard-Gesch\u00e4ftskalender: <a href=\"https:\/\/leatai.com\/de\/produkt-kategorie\/individueller-planer\/\" target=\"_blank\" rel=\"noopener\">Alle Modelle der Gesch\u00e4ftskalender-Serien<\/a> \/ <a href=\"https:\/\/leatai.com\/de\/produkt-kategorie\/innenseitenformat\/\" target=\"_blank\" rel=\"noopener\">\u00dcbersicht der Innenseitenlayouts<\/a><\/p>\n<p><strong>\ud83d\udcd6<\/strong>Weitere Empfehlungen f\u00fcr individuell gestaltete Notizb\u00fccher \/ personalisierte Gesch\u00e4ftskalender und deren Druck finden Sie hier:<br \/>\n<a href=\"https:\/\/leatai.com\/de\/produkt-kategorie\/verschiedene-oem-muster\/oem-hardcover-notizbuch\/\" target=\"_blank\" rel=\"noopener\">OEM Hardcover-Notizb\u00fccher<\/a><br \/>\n<a href=\"https:\/\/leatai.com\/de\/produkt-kategorie\/verschiedene-oem-muster\/oem-ringbuch\/\" target=\"_blank\" rel=\"noopener\">OEM Ringbuch-Notizb\u00fccher<\/a><br \/>\n<a href=\"https:\/\/leatai.com\/de\/produkt-kategorie\/verschiedene-oem-muster\/oem-abnehmbarer-notizbuch\/\" target=\"_blank\" rel=\"noopener\">OEM Einsteck-Ringb\u00fccher<\/a><br \/>\n<a href=\"https:\/\/leatai.com\/de\/produkt-kategorie\/verschiedene-oem-muster\/oem-taschenbuch-notizbuch\/\" target=\"_blank\" rel=\"noopener\">OEM Softcover-Notizb\u00fccher<\/a><br \/>\n<a href=\"https:\/\/leatai.com\/de\/produkt-kategorie\/verschiedene-oem-muster\/oem-spiralgebundenes-notizbuch\/\" target=\"_blank\" rel=\"noopener\">OEM Spiralnotizb\u00fccher<\/a><br \/>\n<a href=\"https:\/\/leatai.com\/de\/produkt-kategorie\/verschiedene-oem-muster\/oem-kalender-de\/\" target=\"_blank\" rel=\"noopener\">OEM individuell gestaltete Abrei\u00dfkalender \/ Tischkalender<\/a><br \/>\n<a href=\"https:\/\/leatai.com\/de\/produkt-kategorie\/verschiedene-oem-muster\/oem-andere\/\" target=\"_blank\" rel=\"noopener\">OEM Sonstige kundenspezifische Produkte<\/a><\/p>\n<p>F\u00fcr eine vollst\u00e4ndige Erkl\u00e4rung der Formate besuchen Sie bitte:<br \/>\nPapiergr\u00f6\u00dfen-Guide: <a href=\"https:\/\/leatai.com\/de\/notizbuchwissen\/papiergroessen-leitfaden-verstehen-sie-gaengige-groessen-wie-b3-a4-b5-8k-16k-und-mehr-eine-umfassende-groessentabelle-zur-einfachen-referenz\/\" target=\"_blank\" rel=\"noopener\">Wie unterscheidet man B3, A4, B5, 8K, 16K usw.?<\/a><br \/>\nEine \u00fcbersichtliche Vergleichstabelle macht alle g\u00e4ngigen Papierformate leicht verst\u00e4ndlich!<\/p>\n<p><iframe title=\"How to DIY a removable notebook\" width=\"800\" height=\"450\" src=\"https:\/\/www.youtube.com\/embed\/OsLvh1PRzxo?feature=oembed&#038;enablejsapi=1&#038;origin=https:\/\/leatai.com\" frameborder=\"0\" allow=\"accelerometer; autoplay; clipboard-write; encrypted-media; gyroscope; picture-in-picture; web-share\" referrerpolicy=\"strict-origin-when-cross-origin\" allowfullscreen><\/iframe><\/p>\n<p>&nbsp;<\/p>\n","protected":false},"excerpt":{"rendered":"<p>Das g\u00e4ngige Einlege-Ringbuch wurde nun mit dezenten und eleganten Metallbeschl\u00e4gen in mattem Schwarz ausgestattet \u2013 f\u00fcr noch mehr Stil. Einzigartig in der Branche.<\/p>\n","protected":false},"featured_media":164354,"template":"","meta":{"_acf_changed":false},"product_brand":[],"product_cat":[703],"product_tag":[],"home_works":[],"class_list":{"0":"post-164353","1":"product","2":"type-product","3":"status-publish","4":"has-post-thumbnail","6":"product_cat-entfernbares-notizbuch","8":"first","9":"outofstock","10":"sold-individually","11":"shipping-taxable","12":"purchasable","13":"product-type-variable","14":"has-default-attributes"},"acf":[],"yoast_head":"<!-- This site is optimized with the Yoast SEO plugin v27.2 - https:\/\/yoast.com\/product\/yoast-seo-wordpress\/ -->\n<title>Zubeh\u00f6r \u2013 Einlege-Mechanik in Matt-Schwarz - Die matte schwarze Optik \u2013 so elegant wie ein stilvoller Star. - Leatai \u2013 Hersteller ma\u00dfgeschneiderter Notizb\u00fccher<\/title>\n<meta name=\"description\" content=\"Leatai Modellnummer: Zubeh\u00f6r \u2013 Einlege-Mechanik in Matt-Schwarz. Traditionelle Ringmechaniken sind meist nur in Silber erh\u00e4ltlich und bieten kaum Abwechslung \u2013 haupts\u00e4chlich aufgrund technischer Einschr\u00e4nkungen. Wir haben jedoch das matte Schwarz ausprobiert, um dem klassischen Metallmechanismus eine neue, edlere Anmutung zu verleihen. So wird Ihr individuell gestaltetes Ringbuch auf ein neues Niveau gehoben.\" \/>\n<meta name=\"robots\" content=\"index, follow, max-snippet:-1, max-image-preview:large, max-video-preview:-1\" \/>\n<link rel=\"canonical\" href=\"https:\/\/leatai.com\/de\/product\/individueller-planer\/entfernbares-notizbuch\/zubehoer-einlege-mechanik-in-matt-schwarz\/\" \/>\n<meta property=\"og:locale\" content=\"de_DE\" \/>\n<meta property=\"og:type\" content=\"article\" \/>\n<meta property=\"og:title\" content=\"Zubeh\u00f6r \u2013 Einlege-Mechanik in Matt-Schwarz - Die matte schwarze Optik \u2013 so elegant wie ein stilvoller Star. - Leatai \u2013 Hersteller ma\u00dfgeschneiderter Notizb\u00fccher\" \/>\n<meta property=\"og:description\" content=\"Leatai Modellnummer: Zubeh\u00f6r \u2013 Einlege-Mechanik in Matt-Schwarz. Traditionelle Ringmechaniken sind meist nur in Silber erh\u00e4ltlich und bieten kaum Abwechslung \u2013 haupts\u00e4chlich aufgrund technischer Einschr\u00e4nkungen. Wir haben jedoch das matte Schwarz ausprobiert, um dem klassischen Metallmechanismus eine neue, edlere Anmutung zu verleihen. So wird Ihr individuell gestaltetes Ringbuch auf ein neues Niveau gehoben.\" \/>\n<meta property=\"og:url\" content=\"https:\/\/leatai.com\/de\/product\/individueller-planer\/entfernbares-notizbuch\/zubehoer-einlege-mechanik-in-matt-schwarz\/\" \/>\n<meta property=\"og:site_name\" content=\"Leatai \u2013 Hersteller ma\u00dfgeschneiderter Notizb\u00fccher\" \/>\n<meta property=\"article:modified_time\" content=\"2025-03-31T03:33:18+00:00\" \/>\n<meta property=\"og:image\" content=\"https:\/\/leatai.com\/wp-content\/uploads\/2020_08_11_1627140.jpg\" \/>\n\t<meta property=\"og:image:width\" content=\"1000\" \/>\n\t<meta property=\"og:image:height\" content=\"750\" \/>\n\t<meta property=\"og:image:type\" content=\"image\/jpeg\" \/>\n<meta name=\"twitter:card\" content=\"summary_large_image\" \/>\n<meta name=\"twitter:label1\" content=\"Gesch\u00e4tzte Lesezeit\" \/>\n\t<meta name=\"twitter:data1\" content=\"1\u00a0Minute\" \/>\n<script type=\"application\/ld+json\" class=\"yoast-schema-graph\">{\"@context\":\"https:\/\/schema.org\",\"@graph\":[{\"@type\":\"WebPage\",\"@id\":\"https:\/\/leatai.com\/de\/product\/individueller-planer\/entfernbares-notizbuch\/zubehoer-einlege-mechanik-in-matt-schwarz\/\",\"url\":\"https:\/\/leatai.com\/de\/product\/individueller-planer\/entfernbares-notizbuch\/zubehoer-einlege-mechanik-in-matt-schwarz\/\",\"name\":\"Zubeh\u00f6r \u2013 Einlege-Mechanik in Matt-Schwarz - Die matte schwarze Optik \u2013 so elegant wie ein stilvoller Star. - Leatai \u2013 Hersteller ma\u00dfgeschneiderter Notizb\u00fccher\",\"isPartOf\":{\"@id\":\"https:\/\/leatai.com\/de\/#website\"},\"primaryImageOfPage\":{\"@id\":\"https:\/\/leatai.com\/de\/product\/individueller-planer\/entfernbares-notizbuch\/zubehoer-einlege-mechanik-in-matt-schwarz\/#primaryimage\"},\"image\":{\"@id\":\"https:\/\/leatai.com\/de\/product\/individueller-planer\/entfernbares-notizbuch\/zubehoer-einlege-mechanik-in-matt-schwarz\/#primaryimage\"},\"thumbnailUrl\":\"https:\/\/leatai.com\/wp-content\/uploads\/2020_08_11_1627140.jpg\",\"datePublished\":\"2021-06-24T05:29:16+00:00\",\"dateModified\":\"2025-03-31T03:33:18+00:00\",\"description\":\"Leatai Modellnummer: Zubeh\u00f6r \u2013 Einlege-Mechanik in Matt-Schwarz. Traditionelle Ringmechaniken sind meist nur in Silber erh\u00e4ltlich und bieten kaum Abwechslung \u2013 haupts\u00e4chlich aufgrund technischer Einschr\u00e4nkungen. Wir haben jedoch das matte Schwarz ausprobiert, um dem klassischen Metallmechanismus eine neue, edlere Anmutung zu verleihen. So wird Ihr individuell gestaltetes Ringbuch auf ein neues Niveau gehoben.\",\"breadcrumb\":{\"@id\":\"https:\/\/leatai.com\/de\/product\/individueller-planer\/entfernbares-notizbuch\/zubehoer-einlege-mechanik-in-matt-schwarz\/#breadcrumb\"},\"inLanguage\":\"de\",\"potentialAction\":[{\"@type\":\"ReadAction\",\"target\":[\"https:\/\/leatai.com\/de\/product\/individueller-planer\/entfernbares-notizbuch\/zubehoer-einlege-mechanik-in-matt-schwarz\/\"]}]},{\"@type\":\"ImageObject\",\"inLanguage\":\"de\",\"@id\":\"https:\/\/leatai.com\/de\/product\/individueller-planer\/entfernbares-notizbuch\/zubehoer-einlege-mechanik-in-matt-schwarz\/#primaryimage\",\"url\":\"https:\/\/leatai.com\/wp-content\/uploads\/2020_08_11_1627140.jpg\",\"contentUrl\":\"https:\/\/leatai.com\/wp-content\/uploads\/2020_08_11_1627140.jpg\",\"width\":1000,\"height\":750},{\"@type\":\"BreadcrumbList\",\"@id\":\"https:\/\/leatai.com\/de\/product\/individueller-planer\/entfernbares-notizbuch\/zubehoer-einlege-mechanik-in-matt-schwarz\/#breadcrumb\",\"itemListElement\":[{\"@type\":\"ListItem\",\"position\":1,\"name\":\"Home\",\"item\":\"https:\/\/leatai.com\/de\/\"},{\"@type\":\"ListItem\",\"position\":2,\"name\":\"Produktvorstellung\",\"item\":\"https:\/\/leatai.com\/products\/\"},{\"@type\":\"ListItem\",\"position\":3,\"name\":\"Individueller Planer\",\"item\":\"https:\/\/leatai.com\/de\/produkt-kategorie\/individueller-planer\/\"},{\"@type\":\"ListItem\",\"position\":4,\"name\":\"Entfernbares Notizbuch\",\"item\":\"https:\/\/leatai.com\/de\/produkt-kategorie\/individueller-planer\/entfernbares-notizbuch\/\"},{\"@type\":\"ListItem\",\"position\":5,\"name\":\"Zubeh\u00f6r \u2013 Einlege-Mechanik in Matt-Schwarz\"}]},{\"@type\":\"WebSite\",\"@id\":\"https:\/\/leatai.com\/de\/#website\",\"url\":\"https:\/\/leatai.com\/de\/\",\"name\":\"Leatai \u2013 Hersteller ma\u00dfgeschneiderter Notizb\u00fccher\",\"description\":\"Leatai liefert individuelle Notizb\u00fccher und Planer f\u00fcr Marken und H\u00e4ndler weltweit.\",\"publisher\":{\"@id\":\"https:\/\/leatai.com\/de\/#organization\"},\"potentialAction\":[{\"@type\":\"SearchAction\",\"target\":{\"@type\":\"EntryPoint\",\"urlTemplate\":\"https:\/\/leatai.com\/de\/?s={search_term_string}\"},\"query-input\":{\"@type\":\"PropertyValueSpecification\",\"valueRequired\":true,\"valueName\":\"search_term_string\"}}],\"inLanguage\":\"de\"},{\"@type\":\"Organization\",\"@id\":\"https:\/\/leatai.com\/de\/#organization\",\"name\":\"Leatai Diary, customized journal and business organizer\",\"url\":\"https:\/\/leatai.com\/de\/\",\"logo\":{\"@type\":\"ImageObject\",\"inLanguage\":\"de\",\"@id\":\"https:\/\/leatai.com\/de\/#\/schema\/logo\/image\/\",\"url\":\"https:\/\/leatai.com\/wp-content\/uploads\/logo-blue.png\",\"contentUrl\":\"https:\/\/leatai.com\/wp-content\/uploads\/logo-blue.png\",\"width\":230,\"height\":60,\"caption\":\"Leatai Diary, customized journal and business organizer\"},\"image\":{\"@id\":\"https:\/\/leatai.com\/de\/#\/schema\/logo\/image\/\"}}]}<\/script>\n<!-- \/ Yoast SEO plugin. -->","yoast_head_json":{"title":"Zubeh\u00f6r \u2013 Einlege-Mechanik in Matt-Schwarz - Die matte schwarze Optik \u2013 so elegant wie ein stilvoller Star. - Leatai \u2013 Hersteller ma\u00dfgeschneiderter Notizb\u00fccher","description":"Leatai Modellnummer: Zubeh\u00f6r \u2013 Einlege-Mechanik in Matt-Schwarz. Traditionelle Ringmechaniken sind meist nur in Silber erh\u00e4ltlich und bieten kaum Abwechslung \u2013 haupts\u00e4chlich aufgrund technischer Einschr\u00e4nkungen. Wir haben jedoch das matte Schwarz ausprobiert, um dem klassischen Metallmechanismus eine neue, edlere Anmutung zu verleihen. So wird Ihr individuell gestaltetes Ringbuch auf ein neues Niveau gehoben.","robots":{"index":"index","follow":"follow","max-snippet":"max-snippet:-1","max-image-preview":"max-image-preview:large","max-video-preview":"max-video-preview:-1"},"canonical":"https:\/\/leatai.com\/de\/product\/individueller-planer\/entfernbares-notizbuch\/zubehoer-einlege-mechanik-in-matt-schwarz\/","og_locale":"de_DE","og_type":"article","og_title":"Zubeh\u00f6r \u2013 Einlege-Mechanik in Matt-Schwarz - Die matte schwarze Optik \u2013 so elegant wie ein stilvoller Star. - Leatai \u2013 Hersteller ma\u00dfgeschneiderter Notizb\u00fccher","og_description":"Leatai Modellnummer: Zubeh\u00f6r \u2013 Einlege-Mechanik in Matt-Schwarz. Traditionelle Ringmechaniken sind meist nur in Silber erh\u00e4ltlich und bieten kaum Abwechslung \u2013 haupts\u00e4chlich aufgrund technischer Einschr\u00e4nkungen. Wir haben jedoch das matte Schwarz ausprobiert, um dem klassischen Metallmechanismus eine neue, edlere Anmutung zu verleihen. So wird Ihr individuell gestaltetes Ringbuch auf ein neues Niveau gehoben.","og_url":"https:\/\/leatai.com\/de\/product\/individueller-planer\/entfernbares-notizbuch\/zubehoer-einlege-mechanik-in-matt-schwarz\/","og_site_name":"Leatai \u2013 Hersteller ma\u00dfgeschneiderter Notizb\u00fccher","article_modified_time":"2025-03-31T03:33:18+00:00","og_image":[{"width":1000,"height":750,"url":"https:\/\/leatai.com\/wp-content\/uploads\/2020_08_11_1627140.jpg","type":"image\/jpeg"}],"twitter_card":"summary_large_image","twitter_misc":{"Gesch\u00e4tzte Lesezeit":"1\u00a0Minute"},"schema":{"@context":"https:\/\/schema.org","@graph":[{"@type":"WebPage","@id":"https:\/\/leatai.com\/de\/product\/individueller-planer\/entfernbares-notizbuch\/zubehoer-einlege-mechanik-in-matt-schwarz\/","url":"https:\/\/leatai.com\/de\/product\/individueller-planer\/entfernbares-notizbuch\/zubehoer-einlege-mechanik-in-matt-schwarz\/","name":"Zubeh\u00f6r \u2013 Einlege-Mechanik in Matt-Schwarz - Die matte schwarze Optik \u2013 so elegant wie ein stilvoller Star. - Leatai \u2013 Hersteller ma\u00dfgeschneiderter Notizb\u00fccher","isPartOf":{"@id":"https:\/\/leatai.com\/de\/#website"},"primaryImageOfPage":{"@id":"https:\/\/leatai.com\/de\/product\/individueller-planer\/entfernbares-notizbuch\/zubehoer-einlege-mechanik-in-matt-schwarz\/#primaryimage"},"image":{"@id":"https:\/\/leatai.com\/de\/product\/individueller-planer\/entfernbares-notizbuch\/zubehoer-einlege-mechanik-in-matt-schwarz\/#primaryimage"},"thumbnailUrl":"https:\/\/leatai.com\/wp-content\/uploads\/2020_08_11_1627140.jpg","datePublished":"2021-06-24T05:29:16+00:00","dateModified":"2025-03-31T03:33:18+00:00","description":"Leatai Modellnummer: Zubeh\u00f6r \u2013 Einlege-Mechanik in Matt-Schwarz. Traditionelle Ringmechaniken sind meist nur in Silber erh\u00e4ltlich und bieten kaum Abwechslung \u2013 haupts\u00e4chlich aufgrund technischer Einschr\u00e4nkungen. Wir haben jedoch das matte Schwarz ausprobiert, um dem klassischen Metallmechanismus eine neue, edlere Anmutung zu verleihen. So wird Ihr individuell gestaltetes Ringbuch auf ein neues Niveau gehoben.","breadcrumb":{"@id":"https:\/\/leatai.com\/de\/product\/individueller-planer\/entfernbares-notizbuch\/zubehoer-einlege-mechanik-in-matt-schwarz\/#breadcrumb"},"inLanguage":"de","potentialAction":[{"@type":"ReadAction","target":["https:\/\/leatai.com\/de\/product\/individueller-planer\/entfernbares-notizbuch\/zubehoer-einlege-mechanik-in-matt-schwarz\/"]}]},{"@type":"ImageObject","inLanguage":"de","@id":"https:\/\/leatai.com\/de\/product\/individueller-planer\/entfernbares-notizbuch\/zubehoer-einlege-mechanik-in-matt-schwarz\/#primaryimage","url":"https:\/\/leatai.com\/wp-content\/uploads\/2020_08_11_1627140.jpg","contentUrl":"https:\/\/leatai.com\/wp-content\/uploads\/2020_08_11_1627140.jpg","width":1000,"height":750},{"@type":"BreadcrumbList","@id":"https:\/\/leatai.com\/de\/product\/individueller-planer\/entfernbares-notizbuch\/zubehoer-einlege-mechanik-in-matt-schwarz\/#breadcrumb","itemListElement":[{"@type":"ListItem","position":1,"name":"Home","item":"https:\/\/leatai.com\/de\/"},{"@type":"ListItem","position":2,"name":"Produktvorstellung","item":"https:\/\/leatai.com\/products\/"},{"@type":"ListItem","position":3,"name":"Individueller Planer","item":"https:\/\/leatai.com\/de\/produkt-kategorie\/individueller-planer\/"},{"@type":"ListItem","position":4,"name":"Entfernbares Notizbuch","item":"https:\/\/leatai.com\/de\/produkt-kategorie\/individueller-planer\/entfernbares-notizbuch\/"},{"@type":"ListItem","position":5,"name":"Zubeh\u00f6r \u2013 Einlege-Mechanik in Matt-Schwarz"}]},{"@type":"WebSite","@id":"https:\/\/leatai.com\/de\/#website","url":"https:\/\/leatai.com\/de\/","name":"Leatai \u2013 Hersteller ma\u00dfgeschneiderter Notizb\u00fccher","description":"Leatai liefert individuelle Notizb\u00fccher und Planer f\u00fcr Marken und H\u00e4ndler weltweit.","publisher":{"@id":"https:\/\/leatai.com\/de\/#organization"},"potentialAction":[{"@type":"SearchAction","target":{"@type":"EntryPoint","urlTemplate":"https:\/\/leatai.com\/de\/?s={search_term_string}"},"query-input":{"@type":"PropertyValueSpecification","valueRequired":true,"valueName":"search_term_string"}}],"inLanguage":"de"},{"@type":"Organization","@id":"https:\/\/leatai.com\/de\/#organization","name":"Leatai Diary, customized journal and business organizer","url":"https:\/\/leatai.com\/de\/","logo":{"@type":"ImageObject","inLanguage":"de","@id":"https:\/\/leatai.com\/de\/#\/schema\/logo\/image\/","url":"https:\/\/leatai.com\/wp-content\/uploads\/logo-blue.png","contentUrl":"https:\/\/leatai.com\/wp-content\/uploads\/logo-blue.png","width":230,"height":60,"caption":"Leatai Diary, customized journal and business organizer"},"image":{"@id":"https:\/\/leatai.com\/de\/#\/schema\/logo\/image\/"}}]}},"_links":{"self":[{"href":"https:\/\/leatai.com\/de\/wp-json\/wp\/v2\/product\/164353","targetHints":{"allow":["GET"]}}],"collection":[{"href":"https:\/\/leatai.com\/de\/wp-json\/wp\/v2\/product"}],"about":[{"href":"https:\/\/leatai.com\/de\/wp-json\/wp\/v2\/types\/product"}],"wp:featuredmedia":[{"embeddable":true,"href":"https:\/\/leatai.com\/de\/wp-json\/wp\/v2\/media\/164354"}],"wp:attachment":[{"href":"https:\/\/leatai.com\/de\/wp-json\/wp\/v2\/media?parent=164353"}],"wp:term":[{"taxonomy":"product_brand","embeddable":true,"href":"https:\/\/leatai.com\/de\/wp-json\/wp\/v2\/product_brand?post=164353"},{"taxonomy":"product_cat","embeddable":true,"href":"https:\/\/leatai.com\/de\/wp-json\/wp\/v2\/product_cat?post=164353"},{"taxonomy":"product_tag","embeddable":true,"href":"https:\/\/leatai.com\/de\/wp-json\/wp\/v2\/product_tag?post=164353"},{"taxonomy":"home_works","embeddable":true,"href":"https:\/\/leatai.com\/de\/wp-json\/wp\/v2\/home_works?post=164353"}],"curies":[{"name":"wp","href":"https:\/\/api.w.org\/{rel}","templated":true}]}}