{"id":164203,"date":"2024-06-25T22:26:48","date_gmt":"2024-06-25T14:26:48","guid":{"rendered":"https:\/\/leatai.com\/product\/unkategorisiert\/ldo-034\/"},"modified":"2025-03-31T11:22:49","modified_gmt":"2025-03-31T03:22:49","slug":"ldo-034","status":"publish","type":"product","link":"https:\/\/leatai.com\/de\/product\/individueller-planer\/entfernbares-notizbuch\/ldo-034\/","title":{"rendered":"LDO-034"},"content":{"rendered":"<p>Produktmodell: LDO-034<br \/>\nUmschlagmaterial: Synthetisches Leder<br \/>\nFarben: Blau \/ Braun<br \/>\nFormat: 25K (20 Ringe \/ 6 Ringe) \/ 48K (18 Ringe \/ 6 Ringe)<a href=\"https:\/\/leatai.com\/de\/faq\/was-sind-8k-16k-und-25k-planergroessen-wie-gross-sind-sie\/\" target=\"_blank\" rel=\"noopener\">(G\u00e4ngige Formate)<\/a><br \/>\nInnenseiten: Standardlayout<a href=\"https:\/\/leatai.com\/de\/produkt-kategorie\/innenseitenformat\/\" target=\"_blank\" rel=\"noopener\">(Auswahl an Innenseiten-Layouts)<\/a><br \/>\nVerpackung: OPP-Beutel (optional)<br \/>\nLogo-Veredelung: Hei\u00dfpr\u00e4gung in Gold oder Silber, Branding<\/p>\n<p>Produktbeschreibung:<br \/>\nLeatai Modell LDO-034 besticht durch ein design mit einem Hauch von spielerischer Raffinesse und frischen Farben, die lebendig und auff\u00e4llig wirken. Es vereint Gesch\u00e4ftliches mit Kreativit\u00e4t und bietet gro\u00dfz\u00fcgigen Stauraum. Man kann sagen, dieses rundum durchdachte Design ist wirklich etwas Besonderes \u2013 sehr zu empfehlen.<\/p>\n<p>&nbsp;<\/p>\n<p><strong>\ud83d\udcd6<\/strong>Standard-Gesch\u00e4ftskalender: <a href=\"https:\/\/leatai.com\/de\/produkt-kategorie\/individueller-planer\/\" target=\"_blank\" rel=\"noopener\">Alle Modelle der Gesch\u00e4ftskalender-Serien<\/a> \/ <a href=\"https:\/\/leatai.com\/de\/produkt-kategorie\/innenseitenformat\/\" target=\"_blank\" rel=\"noopener\">\u00dcbersicht der Innenseitenlayouts<\/a><\/p>\n<p><strong>\ud83d\udcd6<\/strong>Weitere Empfehlungen f\u00fcr individuell gestaltete Notizb\u00fccher \/ personalisierte Gesch\u00e4ftskalender und deren Druck finden Sie hier:<br \/>\n<a href=\"https:\/\/leatai.com\/de\/produkt-kategorie\/verschiedene-oem-muster\/oem-hardcover-notizbuch\/\" target=\"_blank\" rel=\"noopener\">OEM Hardcover-Notizb\u00fccher<\/a><br \/>\n<a href=\"https:\/\/leatai.com\/de\/produkt-kategorie\/verschiedene-oem-muster\/oem-ringbuch\/\" target=\"_blank\" rel=\"noopener\">OEM Ringbuch-Notizb\u00fccher<\/a><br \/>\n<a href=\"https:\/\/leatai.com\/de\/produkt-kategorie\/verschiedene-oem-muster\/oem-abnehmbarer-notizbuch\/\" target=\"_blank\" rel=\"noopener\">OEM Einsteck-Ringb\u00fccher<\/a><br \/>\n<a href=\"https:\/\/leatai.com\/de\/produkt-kategorie\/verschiedene-oem-muster\/oem-taschenbuch-notizbuch\/\" target=\"_blank\" rel=\"noopener\">OEM Softcover-Notizb\u00fccher<\/a><br \/>\n<a href=\"https:\/\/leatai.com\/de\/produkt-kategorie\/verschiedene-oem-muster\/oem-spiralgebundenes-notizbuch\/\" target=\"_blank\" rel=\"noopener\">OEM Spiralnotizb\u00fccher<\/a><br \/>\n<a href=\"https:\/\/leatai.com\/de\/produkt-kategorie\/verschiedene-oem-muster\/oem-kalender-de\/\" target=\"_blank\" rel=\"noopener\">OEM individuell gestaltete Abrei\u00dfkalender \/ Tischkalender<\/a><br \/>\n<a href=\"https:\/\/leatai.com\/de\/produkt-kategorie\/verschiedene-oem-muster\/oem-andere\/\" target=\"_blank\" rel=\"noopener\">OEM Sonstige kundenspezifische Produkte<\/a><\/p>\n<p>F\u00fcr eine vollst\u00e4ndige Erkl\u00e4rung der Formate besuchen Sie bitte:<br \/>\nPapiergr\u00f6\u00dfen-Guide: <a href=\"https:\/\/leatai.com\/de\/notizbuchwissen\/papiergroessen-leitfaden-verstehen-sie-gaengige-groessen-wie-b3-a4-b5-8k-16k-und-mehr-eine-umfassende-groessentabelle-zur-einfachen-referenz\/\" target=\"_blank\" rel=\"noopener\">Wie unterscheidet man B3, A4, B5, 8K, 16K usw.?<\/a><br \/>\nEine \u00fcbersichtliche Vergleichstabelle macht alle g\u00e4ngigen Papierformate leicht verst\u00e4ndlich!<\/p>\n<p><iframe title=\"How to DIY a removable notebook\" width=\"800\" height=\"450\" src=\"https:\/\/www.youtube.com\/embed\/OsLvh1PRzxo?feature=oembed&#038;enablejsapi=1&#038;origin=https:\/\/leatai.com\" frameborder=\"0\" allow=\"accelerometer; autoplay; clipboard-write; encrypted-media; gyroscope; picture-in-picture; web-share\" referrerpolicy=\"strict-origin-when-cross-origin\" allowfullscreen><\/iframe><\/p>\n<p>&nbsp;<\/p>\n","protected":false},"excerpt":{"rendered":"<p>Produktmodell: LDO-034 Umschlagmaterial: Synthetisches Leder Farben: Blau \/ Braun Format: 25K (20 Ringe \/ 6 Ringe) \/ 48K (18 Ringe \/ 6 Ringe)(G\u00e4ngige Formate) Innenseiten: Standardlayout(Auswahl an Innenseiten-Layouts) Verpackung: OPP-Beutel (optional) Logo-Veredelung: Hei\u00dfpr\u00e4gung in Gold oder Silber, Branding Produktbeschreibung: Leatai Modell LDO-034 besticht durch ein design mit einem Hauch von spielerischer Raffinesse und frischen Farben, [&hellip;]<\/p>\n","protected":false},"featured_media":66370,"template":"","meta":{"_acf_changed":false},"product_brand":[],"product_cat":[703],"product_tag":[1441],"home_works":[],"class_list":{"0":"post-164203","1":"product","2":"type-product","3":"status-publish","4":"has-post-thumbnail","6":"product_cat-entfernbares-notizbuch","7":"product_tag-2025new-de","9":"first","10":"outofstock","11":"sold-individually","12":"shipping-taxable","13":"purchasable","14":"product-type-variable","15":"has-default-attributes"},"acf":[],"yoast_head":"<!-- This site is optimized with the Yoast SEO plugin v27.2 - https:\/\/yoast.com\/product\/yoast-seo-wordpress\/ -->\n<title>LDO-034 - Leatai \u2013 Hersteller ma\u00dfgeschneiderter Notizb\u00fccher<\/title>\n<meta name=\"description\" content=\"Leatai Modell LDO-034 besticht durch ein design mit einem Hauch von spielerischer Raffinesse und frischen Farben, die lebendig und auff\u00e4llig wirken. Es vereint Gesch\u00e4ftliches mit Kreativit\u00e4t und bietet gro\u00dfz\u00fcgigen Stauraum. Man kann sagen, dieses rundum durchdachte Design ist wirklich etwas Besonderes \u2013 sehr zu empfehlen.\" \/>\n<meta name=\"robots\" content=\"index, follow, max-snippet:-1, max-image-preview:large, max-video-preview:-1\" \/>\n<link rel=\"canonical\" href=\"https:\/\/leatai.com\/de\/product\/individueller-planer\/entfernbares-notizbuch\/ldo-034\/\" \/>\n<meta property=\"og:locale\" content=\"de_DE\" \/>\n<meta property=\"og:type\" content=\"article\" \/>\n<meta property=\"og:title\" content=\"LDO-034 - Leatai \u2013 Hersteller ma\u00dfgeschneiderter Notizb\u00fccher\" \/>\n<meta property=\"og:description\" content=\"Leatai Modell LDO-034 besticht durch ein design mit einem Hauch von spielerischer Raffinesse und frischen Farben, die lebendig und auff\u00e4llig wirken. Es vereint Gesch\u00e4ftliches mit Kreativit\u00e4t und bietet gro\u00dfz\u00fcgigen Stauraum. Man kann sagen, dieses rundum durchdachte Design ist wirklich etwas Besonderes \u2013 sehr zu empfehlen.\" \/>\n<meta property=\"og:url\" content=\"https:\/\/leatai.com\/de\/product\/individueller-planer\/entfernbares-notizbuch\/ldo-034\/\" \/>\n<meta property=\"og:site_name\" content=\"Leatai \u2013 Hersteller ma\u00dfgeschneiderter Notizb\u00fccher\" \/>\n<meta property=\"article:modified_time\" content=\"2025-03-31T03:22:49+00:00\" \/>\n<meta property=\"og:image\" content=\"https:\/\/leatai.com\/wp-content\/uploads\/DSC_2406.jpg\" \/>\n\t<meta property=\"og:image:width\" content=\"1000\" \/>\n\t<meta property=\"og:image:height\" content=\"750\" \/>\n\t<meta property=\"og:image:type\" content=\"image\/jpeg\" \/>\n<meta name=\"twitter:card\" content=\"summary_large_image\" \/>\n<meta name=\"twitter:label1\" content=\"Gesch\u00e4tzte Lesezeit\" \/>\n\t<meta name=\"twitter:data1\" content=\"2\u00a0Minuten\" \/>\n<script type=\"application\/ld+json\" class=\"yoast-schema-graph\">{\"@context\":\"https:\/\/schema.org\",\"@graph\":[{\"@type\":\"WebPage\",\"@id\":\"https:\/\/leatai.com\/de\/product\/individueller-planer\/entfernbares-notizbuch\/ldo-034\/\",\"url\":\"https:\/\/leatai.com\/de\/product\/individueller-planer\/entfernbares-notizbuch\/ldo-034\/\",\"name\":\"LDO-034 - Leatai \u2013 Hersteller ma\u00dfgeschneiderter Notizb\u00fccher\",\"isPartOf\":{\"@id\":\"https:\/\/leatai.com\/de\/#website\"},\"primaryImageOfPage\":{\"@id\":\"https:\/\/leatai.com\/de\/product\/individueller-planer\/entfernbares-notizbuch\/ldo-034\/#primaryimage\"},\"image\":{\"@id\":\"https:\/\/leatai.com\/de\/product\/individueller-planer\/entfernbares-notizbuch\/ldo-034\/#primaryimage\"},\"thumbnailUrl\":\"https:\/\/leatai.com\/wp-content\/uploads\/DSC_2406.jpg\",\"datePublished\":\"2024-06-25T14:26:48+00:00\",\"dateModified\":\"2025-03-31T03:22:49+00:00\",\"description\":\"Leatai Modell LDO-034 besticht durch ein design mit einem Hauch von spielerischer Raffinesse und frischen Farben, die lebendig und auff\u00e4llig wirken. Es vereint Gesch\u00e4ftliches mit Kreativit\u00e4t und bietet gro\u00dfz\u00fcgigen Stauraum. Man kann sagen, dieses rundum durchdachte Design ist wirklich etwas Besonderes \u2013 sehr zu empfehlen.\",\"breadcrumb\":{\"@id\":\"https:\/\/leatai.com\/de\/product\/individueller-planer\/entfernbares-notizbuch\/ldo-034\/#breadcrumb\"},\"inLanguage\":\"de\",\"potentialAction\":[{\"@type\":\"ReadAction\",\"target\":[\"https:\/\/leatai.com\/de\/product\/individueller-planer\/entfernbares-notizbuch\/ldo-034\/\"]}]},{\"@type\":\"ImageObject\",\"inLanguage\":\"de\",\"@id\":\"https:\/\/leatai.com\/de\/product\/individueller-planer\/entfernbares-notizbuch\/ldo-034\/#primaryimage\",\"url\":\"https:\/\/leatai.com\/wp-content\/uploads\/DSC_2406.jpg\",\"contentUrl\":\"https:\/\/leatai.com\/wp-content\/uploads\/DSC_2406.jpg\",\"width\":1000,\"height\":750},{\"@type\":\"BreadcrumbList\",\"@id\":\"https:\/\/leatai.com\/de\/product\/individueller-planer\/entfernbares-notizbuch\/ldo-034\/#breadcrumb\",\"itemListElement\":[{\"@type\":\"ListItem\",\"position\":1,\"name\":\"Home\",\"item\":\"https:\/\/leatai.com\/de\/\"},{\"@type\":\"ListItem\",\"position\":2,\"name\":\"Produktvorstellung\",\"item\":\"https:\/\/leatai.com\/products\/\"},{\"@type\":\"ListItem\",\"position\":3,\"name\":\"Individueller Planer\",\"item\":\"https:\/\/leatai.com\/de\/produkt-kategorie\/individueller-planer\/\"},{\"@type\":\"ListItem\",\"position\":4,\"name\":\"Entfernbares Notizbuch\",\"item\":\"https:\/\/leatai.com\/de\/produkt-kategorie\/individueller-planer\/entfernbares-notizbuch\/\"},{\"@type\":\"ListItem\",\"position\":5,\"name\":\"LDO-034\"}]},{\"@type\":\"WebSite\",\"@id\":\"https:\/\/leatai.com\/de\/#website\",\"url\":\"https:\/\/leatai.com\/de\/\",\"name\":\"Leatai \u2013 Hersteller ma\u00dfgeschneiderter Notizb\u00fccher\",\"description\":\"Leatai liefert individuelle Notizb\u00fccher und Planer f\u00fcr Marken und H\u00e4ndler weltweit.\",\"publisher\":{\"@id\":\"https:\/\/leatai.com\/de\/#organization\"},\"potentialAction\":[{\"@type\":\"SearchAction\",\"target\":{\"@type\":\"EntryPoint\",\"urlTemplate\":\"https:\/\/leatai.com\/de\/?s={search_term_string}\"},\"query-input\":{\"@type\":\"PropertyValueSpecification\",\"valueRequired\":true,\"valueName\":\"search_term_string\"}}],\"inLanguage\":\"de\"},{\"@type\":\"Organization\",\"@id\":\"https:\/\/leatai.com\/de\/#organization\",\"name\":\"Leatai Diary, customized journal and business organizer\",\"url\":\"https:\/\/leatai.com\/de\/\",\"logo\":{\"@type\":\"ImageObject\",\"inLanguage\":\"de\",\"@id\":\"https:\/\/leatai.com\/de\/#\/schema\/logo\/image\/\",\"url\":\"https:\/\/leatai.com\/wp-content\/uploads\/logo-blue.png\",\"contentUrl\":\"https:\/\/leatai.com\/wp-content\/uploads\/logo-blue.png\",\"width\":230,\"height\":60,\"caption\":\"Leatai Diary, customized journal and business organizer\"},\"image\":{\"@id\":\"https:\/\/leatai.com\/de\/#\/schema\/logo\/image\/\"},\"telephone\":\"+886-2-8227-8800\",\"legalName\":\"Leatai Stationary Co., Ltd.\",\"description\":\"A leading notebook factory in Taiwan offering bespoke branding, high-quality binding, and premium paper selections for corporate gifts and stationery wholesale.\",\"address\":{\"@type\":\"PostalAddress\",\"streetAddress\":\"11F., No. 168, Jiankang Rd.\",\"addressLocality\":\"Zhonghe Dist.\",\"addressRegion\":\"New Taipei City\",\"postalCode\":\"235\",\"addressCountry\":\"TW\"},\"contactPoint\":{\"@type\":\"ContactPoint\",\"telephone\":\"+886-2-8227-8800\",\"contactType\":\"sales\",\"areaServed\":\"Worldwide\",\"availableLanguage\":[\"zh-TW\",\"en\"]}}]}<\/script>\n<!-- \/ Yoast SEO plugin. -->","yoast_head_json":{"title":"LDO-034 - Leatai \u2013 Hersteller ma\u00dfgeschneiderter Notizb\u00fccher","description":"Leatai Modell LDO-034 besticht durch ein design mit einem Hauch von spielerischer Raffinesse und frischen Farben, die lebendig und auff\u00e4llig wirken. Es vereint Gesch\u00e4ftliches mit Kreativit\u00e4t und bietet gro\u00dfz\u00fcgigen Stauraum. Man kann sagen, dieses rundum durchdachte Design ist wirklich etwas Besonderes \u2013 sehr zu empfehlen.","robots":{"index":"index","follow":"follow","max-snippet":"max-snippet:-1","max-image-preview":"max-image-preview:large","max-video-preview":"max-video-preview:-1"},"canonical":"https:\/\/leatai.com\/de\/product\/individueller-planer\/entfernbares-notizbuch\/ldo-034\/","og_locale":"de_DE","og_type":"article","og_title":"LDO-034 - Leatai \u2013 Hersteller ma\u00dfgeschneiderter Notizb\u00fccher","og_description":"Leatai Modell LDO-034 besticht durch ein design mit einem Hauch von spielerischer Raffinesse und frischen Farben, die lebendig und auff\u00e4llig wirken. Es vereint Gesch\u00e4ftliches mit Kreativit\u00e4t und bietet gro\u00dfz\u00fcgigen Stauraum. Man kann sagen, dieses rundum durchdachte Design ist wirklich etwas Besonderes \u2013 sehr zu empfehlen.","og_url":"https:\/\/leatai.com\/de\/product\/individueller-planer\/entfernbares-notizbuch\/ldo-034\/","og_site_name":"Leatai \u2013 Hersteller ma\u00dfgeschneiderter Notizb\u00fccher","article_modified_time":"2025-03-31T03:22:49+00:00","og_image":[{"width":1000,"height":750,"url":"https:\/\/leatai.com\/wp-content\/uploads\/DSC_2406.jpg","type":"image\/jpeg"}],"twitter_card":"summary_large_image","twitter_misc":{"Gesch\u00e4tzte Lesezeit":"2\u00a0Minuten"},"schema":{"@context":"https:\/\/schema.org","@graph":[{"@type":"WebPage","@id":"https:\/\/leatai.com\/de\/product\/individueller-planer\/entfernbares-notizbuch\/ldo-034\/","url":"https:\/\/leatai.com\/de\/product\/individueller-planer\/entfernbares-notizbuch\/ldo-034\/","name":"LDO-034 - Leatai \u2013 Hersteller ma\u00dfgeschneiderter Notizb\u00fccher","isPartOf":{"@id":"https:\/\/leatai.com\/de\/#website"},"primaryImageOfPage":{"@id":"https:\/\/leatai.com\/de\/product\/individueller-planer\/entfernbares-notizbuch\/ldo-034\/#primaryimage"},"image":{"@id":"https:\/\/leatai.com\/de\/product\/individueller-planer\/entfernbares-notizbuch\/ldo-034\/#primaryimage"},"thumbnailUrl":"https:\/\/leatai.com\/wp-content\/uploads\/DSC_2406.jpg","datePublished":"2024-06-25T14:26:48+00:00","dateModified":"2025-03-31T03:22:49+00:00","description":"Leatai Modell LDO-034 besticht durch ein design mit einem Hauch von spielerischer Raffinesse und frischen Farben, die lebendig und auff\u00e4llig wirken. Es vereint Gesch\u00e4ftliches mit Kreativit\u00e4t und bietet gro\u00dfz\u00fcgigen Stauraum. Man kann sagen, dieses rundum durchdachte Design ist wirklich etwas Besonderes \u2013 sehr zu empfehlen.","breadcrumb":{"@id":"https:\/\/leatai.com\/de\/product\/individueller-planer\/entfernbares-notizbuch\/ldo-034\/#breadcrumb"},"inLanguage":"de","potentialAction":[{"@type":"ReadAction","target":["https:\/\/leatai.com\/de\/product\/individueller-planer\/entfernbares-notizbuch\/ldo-034\/"]}]},{"@type":"ImageObject","inLanguage":"de","@id":"https:\/\/leatai.com\/de\/product\/individueller-planer\/entfernbares-notizbuch\/ldo-034\/#primaryimage","url":"https:\/\/leatai.com\/wp-content\/uploads\/DSC_2406.jpg","contentUrl":"https:\/\/leatai.com\/wp-content\/uploads\/DSC_2406.jpg","width":1000,"height":750},{"@type":"BreadcrumbList","@id":"https:\/\/leatai.com\/de\/product\/individueller-planer\/entfernbares-notizbuch\/ldo-034\/#breadcrumb","itemListElement":[{"@type":"ListItem","position":1,"name":"Home","item":"https:\/\/leatai.com\/de\/"},{"@type":"ListItem","position":2,"name":"Produktvorstellung","item":"https:\/\/leatai.com\/products\/"},{"@type":"ListItem","position":3,"name":"Individueller Planer","item":"https:\/\/leatai.com\/de\/produkt-kategorie\/individueller-planer\/"},{"@type":"ListItem","position":4,"name":"Entfernbares Notizbuch","item":"https:\/\/leatai.com\/de\/produkt-kategorie\/individueller-planer\/entfernbares-notizbuch\/"},{"@type":"ListItem","position":5,"name":"LDO-034"}]},{"@type":"WebSite","@id":"https:\/\/leatai.com\/de\/#website","url":"https:\/\/leatai.com\/de\/","name":"Leatai \u2013 Hersteller ma\u00dfgeschneiderter Notizb\u00fccher","description":"Leatai liefert individuelle Notizb\u00fccher und Planer f\u00fcr Marken und H\u00e4ndler weltweit.","publisher":{"@id":"https:\/\/leatai.com\/de\/#organization"},"potentialAction":[{"@type":"SearchAction","target":{"@type":"EntryPoint","urlTemplate":"https:\/\/leatai.com\/de\/?s={search_term_string}"},"query-input":{"@type":"PropertyValueSpecification","valueRequired":true,"valueName":"search_term_string"}}],"inLanguage":"de"},{"@type":"Organization","@id":"https:\/\/leatai.com\/de\/#organization","name":"Leatai Diary, customized journal and business organizer","url":"https:\/\/leatai.com\/de\/","logo":{"@type":"ImageObject","inLanguage":"de","@id":"https:\/\/leatai.com\/de\/#\/schema\/logo\/image\/","url":"https:\/\/leatai.com\/wp-content\/uploads\/logo-blue.png","contentUrl":"https:\/\/leatai.com\/wp-content\/uploads\/logo-blue.png","width":230,"height":60,"caption":"Leatai Diary, customized journal and business organizer"},"image":{"@id":"https:\/\/leatai.com\/de\/#\/schema\/logo\/image\/"},"telephone":"+886-2-8227-8800","legalName":"Leatai Stationary Co., Ltd.","description":"A leading notebook factory in Taiwan offering bespoke branding, high-quality binding, and premium paper selections for corporate gifts and stationery wholesale.","address":{"@type":"PostalAddress","streetAddress":"11F., No. 168, Jiankang Rd.","addressLocality":"Zhonghe Dist.","addressRegion":"New Taipei City","postalCode":"235","addressCountry":"TW"},"contactPoint":{"@type":"ContactPoint","telephone":"+886-2-8227-8800","contactType":"sales","areaServed":"Worldwide","availableLanguage":["zh-TW","en"]}}]}},"_links":{"self":[{"href":"https:\/\/leatai.com\/de\/wp-json\/wp\/v2\/product\/164203","targetHints":{"allow":["GET"]}}],"collection":[{"href":"https:\/\/leatai.com\/de\/wp-json\/wp\/v2\/product"}],"about":[{"href":"https:\/\/leatai.com\/de\/wp-json\/wp\/v2\/types\/product"}],"wp:featuredmedia":[{"embeddable":true,"href":"https:\/\/leatai.com\/de\/wp-json\/wp\/v2\/media\/66370"}],"wp:attachment":[{"href":"https:\/\/leatai.com\/de\/wp-json\/wp\/v2\/media?parent=164203"}],"wp:term":[{"taxonomy":"product_brand","embeddable":true,"href":"https:\/\/leatai.com\/de\/wp-json\/wp\/v2\/product_brand?post=164203"},{"taxonomy":"product_cat","embeddable":true,"href":"https:\/\/leatai.com\/de\/wp-json\/wp\/v2\/product_cat?post=164203"},{"taxonomy":"product_tag","embeddable":true,"href":"https:\/\/leatai.com\/de\/wp-json\/wp\/v2\/product_tag?post=164203"},{"taxonomy":"home_works","embeddable":true,"href":"https:\/\/leatai.com\/de\/wp-json\/wp\/v2\/home_works?post=164203"}],"curies":[{"name":"wp","href":"https:\/\/api.w.org\/{rel}","templated":true}]}}