{"id":161871,"date":"2021-06-24T13:26:43","date_gmt":"2021-06-24T05:26:43","guid":{"rendered":"https:\/\/leatai.com\/product\/unkategorisiert\/kariertes-notizbuch-federfreundliches-papier-exklusives-fuellfederhalter-notizbuch-aus-taiwan\/"},"modified":"2025-03-28T14:37:20","modified_gmt":"2025-03-28T06:37:20","slug":"kariertes-notizbuch-federfreundliches-papier-exklusives-fuellfederhalter-notizbuch-aus-taiwan","status":"publish","type":"product","link":"https:\/\/leatai.com\/de\/product\/individueller-planer\/notizbuch-mit-taschenbuch\/kariertes-notizbuch-federfreundliches-papier-exklusives-fuellfederhalter-notizbuch-aus-taiwan\/","title":{"rendered":"Kariertes Notizbuch (federfreundliches Papier) \u2013 Exklusives F\u00fcllfederhalter-Notizbuch aus Taiwan"},"content":{"rendered":"<p>Produktmodell: LSC-011 \u2013 Klassisches kariertes Notizbuch (Leatai Classic Notebook)<br \/>\nPapier: Exklusives \u201eJie Paper\u201c \u2013 federfreundliches Schreibpapier (beige), speziell f\u00fcr F\u00fcllfederhalter entwickelt<br \/>\nUmschlagfarbe: Schwarz<br \/>\nPapierst\u00e4rke: 80 g\/m\u00b2 (80 Blatt \/ 160 Seiten pro Buch)<br \/>\nFormat:<a href=\"https:\/\/leatai.com\/de\/product\/innenseitenformat\/a5-innenseiten\/lgp-karierte-notizseiten-l25k\/\" target=\"_blank\" rel=\"noopener\"> LGP \u2013 Kariertes Notizseitenlayout \u2013 L25K<\/a><\/p>\n<div class=\"flex flex-1 grow basis-auto flex-col overflow-hidden\">\n<div class=\"relative h-full\">\n<div class=\"flex h-full flex-col overflow-y-auto [scrollbar-gutter:stable]\">\n<div class=\"mt-1.5 flex flex-col text-sm @thread-xl\/thread:pt-header-height md:pb-9\">\n<article class=\"w-full text-token-text-primary\" dir=\"auto\" data-testid=\"conversation-turn-612\" data-scroll-anchor=\"true\">\n<div class=\"text-base my-auto mx-auto py-5 px-6\">\n<div class=\"mx-auto flex flex-1 text-base gap-4 md:gap-5 lg:gap-6 md:max-w-3xl lg:max-w-[40rem] xl:max-w-[48rem] group\/turn-messages focus-visible:outline-none\" tabindex=\"-1\">\n<div class=\"group\/conversation-turn relative flex w-full min-w-0 flex-col agent-turn @xs\/thread:px-0 @sm\/thread:px-1.5 @md\/thread:px-4\">\n<div class=\"relative flex-col gap-1 md:gap-3\">\n<div class=\"flex max-w-full flex-col flex-grow\">\n<div class=\"min-h-8 text-message relative flex w-full flex-col items-end gap-2 whitespace-normal break-words text-start [.text-message+&amp;]:mt-5\" dir=\"auto\" data-message-author-role=\"assistant\" data-message-id=\"72a3869e-e5f2-4a54-b4d7-d164bfd65dc9\" data-message-model-slug=\"gpt-4o\">\n<div class=\"flex w-full flex-col gap-1 empty:hidden first:pt-[3px]\">\n<div class=\"markdown prose w-full break-words dark:prose-invert dark\">\n<p class=\"\" data-start=\"0\" data-end=\"431\">Gr\u00f6\u00dfe: 25K \u2013 A5 (ca. 14,8 \u00d7 20,5 cm)<br data-start=\"334\" data-end=\"337\" \/>Verpackung: OPP-Beutel (optional)<br data-start=\"374\" data-end=\"377\" \/>Logo-Veredelung: Hei\u00dfpr\u00e4gung in Gold oder Silber<\/p>\n<p class=\"\" data-start=\"433\" data-end=\"670\">Inhalt:<br data-start=\"444\" data-end=\"447\" \/>Ein exklusives F\u00fcllfederhalter-Notizbuch aus Taiwan, speziell f\u00fcr F\u00fcllerliebhaber entwickelt.<br data-start=\"540\" data-end=\"543\" \/>Das verwendete FSC-zertifizierte Papier (Zertifikatsnummer: SGSHK-COC-008383) erf\u00fcllt h\u00f6chste Umwelt- und Qualit\u00e4tsstandards.<\/p>\n<ul data-start=\"672\" data-end=\"894\">\n<li class=\"\" data-start=\"672\" data-end=\"752\">\n<p class=\"\" data-start=\"674\" data-end=\"752\">L\u00e4sst sich flach auf 180 Grad aufschlagen \u2013 ideal zum komfortablen Schreiben<\/p>\n<\/li>\n<li class=\"\" data-start=\"753\" data-end=\"831\">\n<p class=\"\" data-start=\"755\" data-end=\"831\">Die speziell entwickelte Papiermischung sorgt f\u00fcr sattere Tintenwiedergabe<\/p>\n<\/li>\n<li class=\"\" data-start=\"832\" data-end=\"894\">\n<p class=\"\" data-start=\"834\" data-end=\"894\">\u00dcber 90 % weniger Ausfransen beim Schreiben mit dem F\u00fcller<\/p>\n<\/li>\n<\/ul>\n<p class=\"\" data-start=\"896\" data-end=\"922\">Doppelseiten-Layout:<\/p>\n<ul data-start=\"923\" data-end=\"1087\">\n<li class=\"\" data-start=\"923\" data-end=\"1010\">\n<p class=\"\" data-start=\"925\" data-end=\"1010\">Linke Seite: liniertes Papier mit 2,5 cm breiter Spalte zur Einteilung von Aufgaben<\/p>\n<\/li>\n<li class=\"\" data-start=\"1011\" data-end=\"1087\">\n<p class=\"\" data-start=\"1013\" data-end=\"1087\">Rechte Seite: kariertes 5 \u00d7 5 mm Raster (auch bekannt als \u201eGrid-Papier\u201c)<\/p>\n<\/li>\n<\/ul>\n<p class=\"\" data-start=\"1089\" data-end=\"1221\">Ideal f\u00fcr Ingenieur:innen, K\u00fcnstler:innen, Bullet Journal-Enthusiast:innen und alle, die gerne organisiert und stilvoll schreiben.<\/p>\n<p class=\"\" data-start=\"1223\" data-end=\"1477\">Dieses Papier \u2013 auch bekannt als \u201efederfreundliches Schreibpapier\u201c \u2013 wurde speziell f\u00fcr ein exzellentes Schreiberlebnis entwickelt. Im Vergleich zu g\u00e4ngigen Notizpapieren bietet es eine sichtbar feinere und sauberere Darstellung \u2013 sogar unter der Lupe.<\/p>\n<p class=\"\" data-start=\"1479\" data-end=\"1601\">Fazit: Schreiben wird mit diesem Notizbuch zur Kunstform. Ein hochwertiges Produkt f\u00fcr alle, die das Besondere suchen.<\/p>\n<p data-start=\"1479\" data-end=\"1601\">Einzelverkauf: <a href=\"https:\/\/leatai.net\/product-tag\/%e6%96%b9%e6%a0%bc%e7%ad%86%e8%a8%98%e6%9c%ac\/\" target=\"_blank\" rel=\"noopener\">Kariertes Notizbuch<\/a> \/ <a href=\"https:\/\/leatai.net\/product\/a5-%E7%B6%93%E5%85%B8%E6%96%B9%E6%A0%BC%E7%AD%86%E8%A8%98%E6%9C%AC-%E7%B1%B3%E8%89%B2-10%E6%9C%AC-%E7%B5%84\/?srsltid=AfmBOopbn1qMckeiSqMWjjngPel0vbyIBqdAOTZYYoC_CIUIAJnXHb56\" target=\"_blank\" rel=\"noopener\">Kariertes Notizbuch im Gro\u00dfpack<\/a><\/p>\n<\/div>\n<\/div>\n<\/div>\n<\/div>\n<\/div>\n<\/div>\n<\/div>\n<\/div>\n<\/article>\n<\/div>\n<\/div>\n<\/div>\n<\/div>\n<p>&nbsp;<\/p>\n<p><strong>\ud83d\udcd6<\/strong>Standard-Gesch\u00e4ftskalender: <a href=\"https:\/\/leatai.com\/de\/produkt-kategorie\/individueller-planer\/\" target=\"_blank\" rel=\"noopener\">Alle Modelle der Gesch\u00e4ftskalender-Serien<\/a> \/ <a href=\"https:\/\/leatai.com\/de\/produkt-kategorie\/innenseitenformat\/\" target=\"_blank\" rel=\"noopener\">\u00dcbersicht der Innenseitenlayouts<\/a><\/p>\n<p><strong>\ud83d\udcd6<\/strong>Weitere Empfehlungen f\u00fcr individuell gestaltete Notizb\u00fccher \/ personalisierte Gesch\u00e4ftskalender und deren Druck finden Sie hier:<br \/>\n<a href=\"https:\/\/leatai.com\/de\/produkt-kategorie\/verschiedene-oem-muster\/oem-hardcover-notizbuch\/\" target=\"_blank\" rel=\"noopener\">OEM Hardcover-Notizb\u00fccher<\/a><br \/>\n<a href=\"https:\/\/leatai.com\/de\/produkt-kategorie\/verschiedene-oem-muster\/oem-ringbuch\/\" target=\"_blank\" rel=\"noopener\">OEM Ringbuch-Notizb\u00fccher<\/a><br \/>\n<a href=\"https:\/\/leatai.com\/de\/produkt-kategorie\/verschiedene-oem-muster\/oem-abnehmbarer-notizbuch\/\" target=\"_blank\" rel=\"noopener\">OEM Einsteck-Ringb\u00fccher<\/a><br \/>\n<a href=\"https:\/\/leatai.com\/de\/produkt-kategorie\/verschiedene-oem-muster\/oem-taschenbuch-notizbuch\/\" target=\"_blank\" rel=\"noopener\">OEM Softcover-Notizb\u00fccher<\/a><br \/>\n<a href=\"https:\/\/leatai.com\/de\/produkt-kategorie\/verschiedene-oem-muster\/oem-spiralgebundenes-notizbuch\/\" target=\"_blank\" rel=\"noopener\">OEM Spiralnotizb\u00fccher<\/a><br \/>\n<a href=\"https:\/\/leatai.com\/de\/produkt-kategorie\/verschiedene-oem-muster\/oem-kalender-de\/\" target=\"_blank\" rel=\"noopener\">OEM individuell gestaltete Abrei\u00dfkalender \/ Tischkalender<\/a><br \/>\n<a href=\"https:\/\/leatai.com\/de\/produkt-kategorie\/verschiedene-oem-muster\/oem-andere\/\" target=\"_blank\" rel=\"noopener\">OEM Sonstige kundenspezifische Produkte<\/a><\/p>\n<p>F\u00fcr eine vollst\u00e4ndige Erkl\u00e4rung der Formate besuchen Sie bitte:<br \/>\nPapiergr\u00f6\u00dfen-Guide: <a href=\"https:\/\/leatai.com\/de\/notizbuchwissen\/papiergroessen-leitfaden-verstehen-sie-gaengige-groessen-wie-b3-a4-b5-8k-16k-und-mehr-eine-umfassende-groessentabelle-zur-einfachen-referenz\/\" target=\"_blank\" rel=\"noopener\">Wie unterscheidet man B3, A4, B5, 8K, 16K usw.?<\/a><br \/>\nEine \u00fcbersichtliche Vergleichstabelle macht alle g\u00e4ngigen Papierformate leicht verst\u00e4ndlich!<\/p>\n","protected":false},"excerpt":{"rendered":"<p>Leatai Classic Notebook<br \/>\nDer Stolz aus Taiwan \u2013 Jie Paper [Mui Kai Paper].<\/p>\n<p>Mui Kai ist die taiwanesische Aussprache f\u00fcr \u201eMedium\u201c \u2013 und die taiwanesische Sprache ist eine der Landessprachen Taiwans. Papier ist ein Medium, das Gef\u00fchle \u00fcbertr\u00e4gt und Erinnerungen bewahrt.<\/p>\n<p>Exklusiv gefertigt aus in Taiwan hergestelltem Jie Paper [Mui Kai Paper], das qualitativ mit deutschem und japanischem Papier konkurrieren kann.<\/p>\n<p>Speziell f\u00fcr F\u00fcllfederhalter-Nutzer entwickelt, ist dieses edle Schreibpapier ein Meisterwerk der Papierkunst: Es bietet ein besonders geschmeidiges Schreibgef\u00fchl, bringt die Tintenfarben satt und brillant zur Geltung und reduziert gleichzeitig das typische Ausfransen der Tinte erheblich.<\/p>\n<p>Ein wahres Fest f\u00fcr alle, die Schreiben als Kunstform zelebrieren.<\/p>\n","protected":false},"featured_media":161872,"template":"","meta":{"_acf_changed":false},"product_brand":[],"product_cat":[711],"product_tag":[1435],"home_works":[],"class_list":{"0":"post-161871","1":"product","2":"type-product","3":"status-publish","4":"has-post-thumbnail","6":"product_cat-notizbuch-mit-taschenbuch","7":"product_tag-personalisiertes-notizbuch","9":"first","10":"instock","11":"sold-individually","12":"shipping-taxable","13":"purchasable","14":"product-type-variable","15":"has-default-attributes"},"acf":[],"yoast_head":"<!-- This site is optimized with the Yoast SEO plugin v27.2 - https:\/\/yoast.com\/product\/yoast-seo-wordpress\/ -->\n<title>Kariertes Notizbuch (Papier f\u00fcr F\u00fcllfederhalter) - Leatai \u2013 Hersteller ma\u00dfgeschneiderter Notizb\u00fccher<\/title>\n<meta name=\"description\" content=\"In Taiwan exklusiv hergestelltes Jie-Paper-Notizbuch (Schreibpapier speziell f\u00fcr F\u00fcllfederhalter) \u2013 in Qualit\u00e4t vergleichbar mit deutschem und japanischem Papier. Speziell f\u00fcr Liebhaber des Schreibens mit F\u00fcllfederhaltern entwickelt: Das Papier f\u00fchlt sich seidig glatt an, l\u00e4sst die Tinte in satterer Farbe erstrahlen und reduziert unerw\u00fcnschtes Ausfransen deutlich. Ein Schreiberlebnis wie ein k\u00fcnstlerisches Fest.\" \/>\n<meta name=\"robots\" content=\"index, follow, max-snippet:-1, max-image-preview:large, max-video-preview:-1\" \/>\n<link rel=\"canonical\" href=\"https:\/\/leatai.com\/de\/product\/individueller-planer\/notizbuch-mit-taschenbuch\/kariertes-notizbuch-federfreundliches-papier-exklusives-fuellfederhalter-notizbuch-aus-taiwan\/\" \/>\n<meta property=\"og:locale\" content=\"de_DE\" \/>\n<meta property=\"og:type\" content=\"article\" \/>\n<meta property=\"og:title\" content=\"Kariertes Notizbuch (Papier f\u00fcr F\u00fcllfederhalter) - Leatai \u2013 Hersteller ma\u00dfgeschneiderter Notizb\u00fccher\" \/>\n<meta property=\"og:description\" content=\"In Taiwan exklusiv hergestelltes Jie-Paper-Notizbuch (Schreibpapier speziell f\u00fcr F\u00fcllfederhalter) \u2013 in Qualit\u00e4t vergleichbar mit deutschem und japanischem Papier. Speziell f\u00fcr Liebhaber des Schreibens mit F\u00fcllfederhaltern entwickelt: Das Papier f\u00fchlt sich seidig glatt an, l\u00e4sst die Tinte in satterer Farbe erstrahlen und reduziert unerw\u00fcnschtes Ausfransen deutlich. Ein Schreiberlebnis wie ein k\u00fcnstlerisches Fest.\" \/>\n<meta property=\"og:url\" content=\"https:\/\/leatai.com\/de\/product\/individueller-planer\/notizbuch-mit-taschenbuch\/kariertes-notizbuch-federfreundliches-papier-exklusives-fuellfederhalter-notizbuch-aus-taiwan\/\" \/>\n<meta property=\"og:site_name\" content=\"Leatai \u2013 Hersteller ma\u00dfgeschneiderter Notizb\u00fccher\" \/>\n<meta property=\"article:modified_time\" content=\"2025-03-28T06:37:20+00:00\" \/>\n<meta property=\"og:image\" content=\"https:\/\/leatai.com\/wp-content\/uploads\/2016_02_18_2114310.jpg\" \/>\n\t<meta property=\"og:image:width\" content=\"1000\" \/>\n\t<meta property=\"og:image:height\" content=\"750\" \/>\n\t<meta property=\"og:image:type\" content=\"image\/jpeg\" \/>\n<meta name=\"twitter:card\" content=\"summary_large_image\" \/>\n<meta name=\"twitter:label1\" content=\"Gesch\u00e4tzte Lesezeit\" \/>\n\t<meta name=\"twitter:data1\" content=\"2\u00a0Minuten\" \/>\n<script type=\"application\/ld+json\" class=\"yoast-schema-graph\">{\"@context\":\"https:\/\/schema.org\",\"@graph\":[{\"@type\":\"WebPage\",\"@id\":\"https:\/\/leatai.com\/de\/product\/individueller-planer\/notizbuch-mit-taschenbuch\/kariertes-notizbuch-federfreundliches-papier-exklusives-fuellfederhalter-notizbuch-aus-taiwan\/\",\"url\":\"https:\/\/leatai.com\/de\/product\/individueller-planer\/notizbuch-mit-taschenbuch\/kariertes-notizbuch-federfreundliches-papier-exklusives-fuellfederhalter-notizbuch-aus-taiwan\/\",\"name\":\"Kariertes Notizbuch (Papier f\u00fcr F\u00fcllfederhalter) - Leatai \u2013 Hersteller ma\u00dfgeschneiderter Notizb\u00fccher\",\"isPartOf\":{\"@id\":\"https:\/\/leatai.com\/de\/#website\"},\"primaryImageOfPage\":{\"@id\":\"https:\/\/leatai.com\/de\/product\/individueller-planer\/notizbuch-mit-taschenbuch\/kariertes-notizbuch-federfreundliches-papier-exklusives-fuellfederhalter-notizbuch-aus-taiwan\/#primaryimage\"},\"image\":{\"@id\":\"https:\/\/leatai.com\/de\/product\/individueller-planer\/notizbuch-mit-taschenbuch\/kariertes-notizbuch-federfreundliches-papier-exklusives-fuellfederhalter-notizbuch-aus-taiwan\/#primaryimage\"},\"thumbnailUrl\":\"https:\/\/leatai.com\/wp-content\/uploads\/2016_02_18_2114310.jpg\",\"datePublished\":\"2021-06-24T05:26:43+00:00\",\"dateModified\":\"2025-03-28T06:37:20+00:00\",\"description\":\"In Taiwan exklusiv hergestelltes Jie-Paper-Notizbuch (Schreibpapier speziell f\u00fcr F\u00fcllfederhalter) \u2013 in Qualit\u00e4t vergleichbar mit deutschem und japanischem Papier. Speziell f\u00fcr Liebhaber des Schreibens mit F\u00fcllfederhaltern entwickelt: Das Papier f\u00fchlt sich seidig glatt an, l\u00e4sst die Tinte in satterer Farbe erstrahlen und reduziert unerw\u00fcnschtes Ausfransen deutlich. Ein Schreiberlebnis wie ein k\u00fcnstlerisches Fest.\",\"breadcrumb\":{\"@id\":\"https:\/\/leatai.com\/de\/product\/individueller-planer\/notizbuch-mit-taschenbuch\/kariertes-notizbuch-federfreundliches-papier-exklusives-fuellfederhalter-notizbuch-aus-taiwan\/#breadcrumb\"},\"inLanguage\":\"de\",\"potentialAction\":[{\"@type\":\"ReadAction\",\"target\":[\"https:\/\/leatai.com\/de\/product\/individueller-planer\/notizbuch-mit-taschenbuch\/kariertes-notizbuch-federfreundliches-papier-exklusives-fuellfederhalter-notizbuch-aus-taiwan\/\"]}]},{\"@type\":\"ImageObject\",\"inLanguage\":\"de\",\"@id\":\"https:\/\/leatai.com\/de\/product\/individueller-planer\/notizbuch-mit-taschenbuch\/kariertes-notizbuch-federfreundliches-papier-exklusives-fuellfederhalter-notizbuch-aus-taiwan\/#primaryimage\",\"url\":\"https:\/\/leatai.com\/wp-content\/uploads\/2016_02_18_2114310.jpg\",\"contentUrl\":\"https:\/\/leatai.com\/wp-content\/uploads\/2016_02_18_2114310.jpg\",\"width\":1000,\"height\":750},{\"@type\":\"BreadcrumbList\",\"@id\":\"https:\/\/leatai.com\/de\/product\/individueller-planer\/notizbuch-mit-taschenbuch\/kariertes-notizbuch-federfreundliches-papier-exklusives-fuellfederhalter-notizbuch-aus-taiwan\/#breadcrumb\",\"itemListElement\":[{\"@type\":\"ListItem\",\"position\":1,\"name\":\"Home\",\"item\":\"https:\/\/leatai.com\/de\/\"},{\"@type\":\"ListItem\",\"position\":2,\"name\":\"Produktvorstellung\",\"item\":\"https:\/\/leatai.com\/products\/\"},{\"@type\":\"ListItem\",\"position\":3,\"name\":\"Individueller Planer\",\"item\":\"https:\/\/leatai.com\/de\/produkt-kategorie\/individueller-planer\/\"},{\"@type\":\"ListItem\",\"position\":4,\"name\":\"Notizbuch mit Taschenbuch\",\"item\":\"https:\/\/leatai.com\/de\/produkt-kategorie\/individueller-planer\/notizbuch-mit-taschenbuch\/\"},{\"@type\":\"ListItem\",\"position\":5,\"name\":\"Kariertes Notizbuch (federfreundliches Papier) \u2013 Exklusives F\u00fcllfederhalter-Notizbuch aus Taiwan\"}]},{\"@type\":\"WebSite\",\"@id\":\"https:\/\/leatai.com\/de\/#website\",\"url\":\"https:\/\/leatai.com\/de\/\",\"name\":\"Leatai \u2013 Hersteller ma\u00dfgeschneiderter Notizb\u00fccher\",\"description\":\"Leatai liefert individuelle Notizb\u00fccher und Planer f\u00fcr Marken und H\u00e4ndler weltweit.\",\"publisher\":{\"@id\":\"https:\/\/leatai.com\/de\/#organization\"},\"potentialAction\":[{\"@type\":\"SearchAction\",\"target\":{\"@type\":\"EntryPoint\",\"urlTemplate\":\"https:\/\/leatai.com\/de\/?s={search_term_string}\"},\"query-input\":{\"@type\":\"PropertyValueSpecification\",\"valueRequired\":true,\"valueName\":\"search_term_string\"}}],\"inLanguage\":\"de\"},{\"@type\":\"Organization\",\"@id\":\"https:\/\/leatai.com\/de\/#organization\",\"name\":\"Leatai Diary, customized journal and business organizer\",\"url\":\"https:\/\/leatai.com\/de\/\",\"logo\":{\"@type\":\"ImageObject\",\"inLanguage\":\"de\",\"@id\":\"https:\/\/leatai.com\/de\/#\/schema\/logo\/image\/\",\"url\":\"https:\/\/leatai.com\/wp-content\/uploads\/logo-blue.png\",\"contentUrl\":\"https:\/\/leatai.com\/wp-content\/uploads\/logo-blue.png\",\"width\":230,\"height\":60,\"caption\":\"Leatai Diary, customized journal and business organizer\"},\"image\":{\"@id\":\"https:\/\/leatai.com\/de\/#\/schema\/logo\/image\/\"}}]}<\/script>\n<!-- \/ Yoast SEO plugin. -->","yoast_head_json":{"title":"Kariertes Notizbuch (Papier f\u00fcr F\u00fcllfederhalter) - Leatai \u2013 Hersteller ma\u00dfgeschneiderter Notizb\u00fccher","description":"In Taiwan exklusiv hergestelltes Jie-Paper-Notizbuch (Schreibpapier speziell f\u00fcr F\u00fcllfederhalter) \u2013 in Qualit\u00e4t vergleichbar mit deutschem und japanischem Papier. Speziell f\u00fcr Liebhaber des Schreibens mit F\u00fcllfederhaltern entwickelt: Das Papier f\u00fchlt sich seidig glatt an, l\u00e4sst die Tinte in satterer Farbe erstrahlen und reduziert unerw\u00fcnschtes Ausfransen deutlich. Ein Schreiberlebnis wie ein k\u00fcnstlerisches Fest.","robots":{"index":"index","follow":"follow","max-snippet":"max-snippet:-1","max-image-preview":"max-image-preview:large","max-video-preview":"max-video-preview:-1"},"canonical":"https:\/\/leatai.com\/de\/product\/individueller-planer\/notizbuch-mit-taschenbuch\/kariertes-notizbuch-federfreundliches-papier-exklusives-fuellfederhalter-notizbuch-aus-taiwan\/","og_locale":"de_DE","og_type":"article","og_title":"Kariertes Notizbuch (Papier f\u00fcr F\u00fcllfederhalter) - Leatai \u2013 Hersteller ma\u00dfgeschneiderter Notizb\u00fccher","og_description":"In Taiwan exklusiv hergestelltes Jie-Paper-Notizbuch (Schreibpapier speziell f\u00fcr F\u00fcllfederhalter) \u2013 in Qualit\u00e4t vergleichbar mit deutschem und japanischem Papier. Speziell f\u00fcr Liebhaber des Schreibens mit F\u00fcllfederhaltern entwickelt: Das Papier f\u00fchlt sich seidig glatt an, l\u00e4sst die Tinte in satterer Farbe erstrahlen und reduziert unerw\u00fcnschtes Ausfransen deutlich. Ein Schreiberlebnis wie ein k\u00fcnstlerisches Fest.","og_url":"https:\/\/leatai.com\/de\/product\/individueller-planer\/notizbuch-mit-taschenbuch\/kariertes-notizbuch-federfreundliches-papier-exklusives-fuellfederhalter-notizbuch-aus-taiwan\/","og_site_name":"Leatai \u2013 Hersteller ma\u00dfgeschneiderter Notizb\u00fccher","article_modified_time":"2025-03-28T06:37:20+00:00","og_image":[{"width":1000,"height":750,"url":"https:\/\/leatai.com\/wp-content\/uploads\/2016_02_18_2114310.jpg","type":"image\/jpeg"}],"twitter_card":"summary_large_image","twitter_misc":{"Gesch\u00e4tzte Lesezeit":"2\u00a0Minuten"},"schema":{"@context":"https:\/\/schema.org","@graph":[{"@type":"WebPage","@id":"https:\/\/leatai.com\/de\/product\/individueller-planer\/notizbuch-mit-taschenbuch\/kariertes-notizbuch-federfreundliches-papier-exklusives-fuellfederhalter-notizbuch-aus-taiwan\/","url":"https:\/\/leatai.com\/de\/product\/individueller-planer\/notizbuch-mit-taschenbuch\/kariertes-notizbuch-federfreundliches-papier-exklusives-fuellfederhalter-notizbuch-aus-taiwan\/","name":"Kariertes Notizbuch (Papier f\u00fcr F\u00fcllfederhalter) - Leatai \u2013 Hersteller ma\u00dfgeschneiderter Notizb\u00fccher","isPartOf":{"@id":"https:\/\/leatai.com\/de\/#website"},"primaryImageOfPage":{"@id":"https:\/\/leatai.com\/de\/product\/individueller-planer\/notizbuch-mit-taschenbuch\/kariertes-notizbuch-federfreundliches-papier-exklusives-fuellfederhalter-notizbuch-aus-taiwan\/#primaryimage"},"image":{"@id":"https:\/\/leatai.com\/de\/product\/individueller-planer\/notizbuch-mit-taschenbuch\/kariertes-notizbuch-federfreundliches-papier-exklusives-fuellfederhalter-notizbuch-aus-taiwan\/#primaryimage"},"thumbnailUrl":"https:\/\/leatai.com\/wp-content\/uploads\/2016_02_18_2114310.jpg","datePublished":"2021-06-24T05:26:43+00:00","dateModified":"2025-03-28T06:37:20+00:00","description":"In Taiwan exklusiv hergestelltes Jie-Paper-Notizbuch (Schreibpapier speziell f\u00fcr F\u00fcllfederhalter) \u2013 in Qualit\u00e4t vergleichbar mit deutschem und japanischem Papier. Speziell f\u00fcr Liebhaber des Schreibens mit F\u00fcllfederhaltern entwickelt: Das Papier f\u00fchlt sich seidig glatt an, l\u00e4sst die Tinte in satterer Farbe erstrahlen und reduziert unerw\u00fcnschtes Ausfransen deutlich. Ein Schreiberlebnis wie ein k\u00fcnstlerisches Fest.","breadcrumb":{"@id":"https:\/\/leatai.com\/de\/product\/individueller-planer\/notizbuch-mit-taschenbuch\/kariertes-notizbuch-federfreundliches-papier-exklusives-fuellfederhalter-notizbuch-aus-taiwan\/#breadcrumb"},"inLanguage":"de","potentialAction":[{"@type":"ReadAction","target":["https:\/\/leatai.com\/de\/product\/individueller-planer\/notizbuch-mit-taschenbuch\/kariertes-notizbuch-federfreundliches-papier-exklusives-fuellfederhalter-notizbuch-aus-taiwan\/"]}]},{"@type":"ImageObject","inLanguage":"de","@id":"https:\/\/leatai.com\/de\/product\/individueller-planer\/notizbuch-mit-taschenbuch\/kariertes-notizbuch-federfreundliches-papier-exklusives-fuellfederhalter-notizbuch-aus-taiwan\/#primaryimage","url":"https:\/\/leatai.com\/wp-content\/uploads\/2016_02_18_2114310.jpg","contentUrl":"https:\/\/leatai.com\/wp-content\/uploads\/2016_02_18_2114310.jpg","width":1000,"height":750},{"@type":"BreadcrumbList","@id":"https:\/\/leatai.com\/de\/product\/individueller-planer\/notizbuch-mit-taschenbuch\/kariertes-notizbuch-federfreundliches-papier-exklusives-fuellfederhalter-notizbuch-aus-taiwan\/#breadcrumb","itemListElement":[{"@type":"ListItem","position":1,"name":"Home","item":"https:\/\/leatai.com\/de\/"},{"@type":"ListItem","position":2,"name":"Produktvorstellung","item":"https:\/\/leatai.com\/products\/"},{"@type":"ListItem","position":3,"name":"Individueller Planer","item":"https:\/\/leatai.com\/de\/produkt-kategorie\/individueller-planer\/"},{"@type":"ListItem","position":4,"name":"Notizbuch mit Taschenbuch","item":"https:\/\/leatai.com\/de\/produkt-kategorie\/individueller-planer\/notizbuch-mit-taschenbuch\/"},{"@type":"ListItem","position":5,"name":"Kariertes Notizbuch (federfreundliches Papier) \u2013 Exklusives F\u00fcllfederhalter-Notizbuch aus Taiwan"}]},{"@type":"WebSite","@id":"https:\/\/leatai.com\/de\/#website","url":"https:\/\/leatai.com\/de\/","name":"Leatai \u2013 Hersteller ma\u00dfgeschneiderter Notizb\u00fccher","description":"Leatai liefert individuelle Notizb\u00fccher und Planer f\u00fcr Marken und H\u00e4ndler weltweit.","publisher":{"@id":"https:\/\/leatai.com\/de\/#organization"},"potentialAction":[{"@type":"SearchAction","target":{"@type":"EntryPoint","urlTemplate":"https:\/\/leatai.com\/de\/?s={search_term_string}"},"query-input":{"@type":"PropertyValueSpecification","valueRequired":true,"valueName":"search_term_string"}}],"inLanguage":"de"},{"@type":"Organization","@id":"https:\/\/leatai.com\/de\/#organization","name":"Leatai Diary, customized journal and business organizer","url":"https:\/\/leatai.com\/de\/","logo":{"@type":"ImageObject","inLanguage":"de","@id":"https:\/\/leatai.com\/de\/#\/schema\/logo\/image\/","url":"https:\/\/leatai.com\/wp-content\/uploads\/logo-blue.png","contentUrl":"https:\/\/leatai.com\/wp-content\/uploads\/logo-blue.png","width":230,"height":60,"caption":"Leatai Diary, customized journal and business organizer"},"image":{"@id":"https:\/\/leatai.com\/de\/#\/schema\/logo\/image\/"}}]}},"_links":{"self":[{"href":"https:\/\/leatai.com\/de\/wp-json\/wp\/v2\/product\/161871","targetHints":{"allow":["GET"]}}],"collection":[{"href":"https:\/\/leatai.com\/de\/wp-json\/wp\/v2\/product"}],"about":[{"href":"https:\/\/leatai.com\/de\/wp-json\/wp\/v2\/types\/product"}],"wp:featuredmedia":[{"embeddable":true,"href":"https:\/\/leatai.com\/de\/wp-json\/wp\/v2\/media\/161872"}],"wp:attachment":[{"href":"https:\/\/leatai.com\/de\/wp-json\/wp\/v2\/media?parent=161871"}],"wp:term":[{"taxonomy":"product_brand","embeddable":true,"href":"https:\/\/leatai.com\/de\/wp-json\/wp\/v2\/product_brand?post=161871"},{"taxonomy":"product_cat","embeddable":true,"href":"https:\/\/leatai.com\/de\/wp-json\/wp\/v2\/product_cat?post=161871"},{"taxonomy":"product_tag","embeddable":true,"href":"https:\/\/leatai.com\/de\/wp-json\/wp\/v2\/product_tag?post=161871"},{"taxonomy":"home_works","embeddable":true,"href":"https:\/\/leatai.com\/de\/wp-json\/wp\/v2\/home_works?post=161871"}],"curies":[{"name":"wp","href":"https:\/\/api.w.org\/{rel}","templated":true}]}}