{"id":161276,"date":"2021-06-24T13:27:11","date_gmt":"2021-06-24T05:27:11","guid":{"rendered":"https:\/\/leatai.com\/product\/unkategorisiert\/lsc-016\/"},"modified":"2025-03-28T14:50:54","modified_gmt":"2025-03-28T06:50:54","slug":"lsc-016","status":"publish","type":"product","link":"https:\/\/leatai.com\/de\/product\/individueller-planer\/notizbuch-mit-taschenbuch\/lsc-016\/","title":{"rendered":"LSC-016"},"content":{"rendered":"<p>Produktmodell: LSC-016<br \/>\nUmschlagmaterial: Hochwertiges farbver\u00e4nderndes PU-Kunstleder<br \/>\nFarben: Grau + Gr\u00fcn \/ Beige + Orange<br \/>\nFormate: 16K \/ 25K \/ 48K <a href=\"https:\/\/leatai.com\/de\/faq\/was-sind-8k-16k-und-25k-planergroessen-wie-gross-sind-sie\/\" target=\"_blank\" rel=\"noopener\">(g\u00e4ngige Gr\u00f6\u00dfen)<\/a><br \/>\nInnenseiten: Standardausf\u00fchrung<a href=\"https:\/\/leatai.com\/de\/produkt-kategorie\/innenseitenformat\/\" target=\"_blank\" rel=\"noopener\"> (verschiedene Layoutoptionen verf\u00fcgbar)<\/a><br \/>\nVerpackung: OPP-Beutel (optional)<br \/>\nLogo-Veredelung: Blindpr\u00e4gung (Brandpr\u00e4gung), Hei\u00dfpr\u00e4gung in Gold oder Silber<\/p>\n<p>Produktbeschreibung<br \/>\nLeatai Modell LSC-016 \u2013 ein besonders praktischer Softcover-Gesch\u00e4ftskalender mit cleverem Zusatznutzen.<br \/>\nIm Gegensatz zu herk\u00f6mmlichen Modellen verf\u00fcgt der Umschlag \u00fcber ein integriertes Einschubfach sowie eine Stiftschlaufe.<br \/>\nIdeal f\u00fcr Visitenkarten, Notizzettel oder sogar gefaltete A4-Dokumente \u2013 alles findet seinen Platz.<br \/>\nEin funktionales Design f\u00fcr alle, die Organisation und Stil in einem sch\u00e4tzen.<\/p>\n<p>&nbsp;<\/p>\n<p><strong>\ud83d\udcd6<\/strong>Standard-Gesch\u00e4ftskalender: <a href=\"https:\/\/leatai.com\/de\/produkt-kategorie\/individueller-planer\/\" target=\"_blank\" rel=\"noopener\">Alle Modelle der Gesch\u00e4ftskalender-Serien<\/a> \/ <a href=\"https:\/\/leatai.com\/de\/produkt-kategorie\/innenseitenformat\/\" target=\"_blank\" rel=\"noopener\">\u00dcbersicht der Innenseitenlayouts<\/a><\/p>\n<p><strong>\ud83d\udcd6<\/strong>Weitere Empfehlungen f\u00fcr individuell gestaltete Notizb\u00fccher \/ personalisierte Gesch\u00e4ftskalender und deren Druck finden Sie hier:<br \/>\n<a href=\"https:\/\/leatai.com\/de\/produkt-kategorie\/verschiedene-oem-muster\/oem-hardcover-notizbuch\/\" target=\"_blank\" rel=\"noopener\">OEM Hardcover-Notizb\u00fccher<\/a><br \/>\n<a href=\"https:\/\/leatai.com\/de\/produkt-kategorie\/verschiedene-oem-muster\/oem-ringbuch\/\" target=\"_blank\" rel=\"noopener\">OEM Ringbuch-Notizb\u00fccher<\/a><br \/>\n<a href=\"https:\/\/leatai.com\/de\/produkt-kategorie\/verschiedene-oem-muster\/oem-abnehmbarer-notizbuch\/\" target=\"_blank\" rel=\"noopener\">OEM Einsteck-Ringb\u00fccher<\/a><br \/>\n<a href=\"https:\/\/leatai.com\/de\/produkt-kategorie\/verschiedene-oem-muster\/oem-taschenbuch-notizbuch\/\" target=\"_blank\" rel=\"noopener\">OEM Softcover-Notizb\u00fccher<\/a><br \/>\n<a href=\"https:\/\/leatai.com\/de\/produkt-kategorie\/verschiedene-oem-muster\/oem-spiralgebundenes-notizbuch\/\" target=\"_blank\" rel=\"noopener\">OEM Spiralnotizb\u00fccher<\/a><br \/>\n<a href=\"https:\/\/leatai.com\/de\/produkt-kategorie\/verschiedene-oem-muster\/oem-kalender-de\/\" target=\"_blank\" rel=\"noopener\">OEM individuell gestaltete Abrei\u00dfkalender \/ Tischkalender<\/a><br \/>\n<a href=\"https:\/\/leatai.com\/de\/produkt-kategorie\/verschiedene-oem-muster\/oem-andere\/\" target=\"_blank\" rel=\"noopener\">OEM Sonstige kundenspezifische Produkte<\/a><\/p>\n<p>F\u00fcr eine vollst\u00e4ndige Erkl\u00e4rung der Formate besuchen Sie bitte:<br \/>\nPapiergr\u00f6\u00dfen-Guide: <a href=\"https:\/\/leatai.com\/de\/notizbuchwissen\/papiergroessen-leitfaden-verstehen-sie-gaengige-groessen-wie-b3-a4-b5-8k-16k-und-mehr-eine-umfassende-groessentabelle-zur-einfachen-referenz\/\" target=\"_blank\" rel=\"noopener\">Wie unterscheidet man B3, A4, B5, 8K, 16K usw.?<\/a><br \/>\nEine \u00fcbersichtliche Vergleichstabelle macht alle g\u00e4ngigen Papierformate leicht verst\u00e4ndlich!<\/p>\n","protected":false},"excerpt":{"rendered":"<p>Produktmodell: LSC-016 Umschlagmaterial: Hochwertiges farbver\u00e4nderndes PU-Kunstleder Farben: Grau + Gr\u00fcn \/ Beige + Orange Formate: 16K \/ 25K \/ 48K (g\u00e4ngige Gr\u00f6\u00dfen) Innenseiten: Standardausf\u00fchrung (verschiedene Layoutoptionen verf\u00fcgbar) Verpackung: OPP-Beutel (optional) Logo-Veredelung: Blindpr\u00e4gung (Brandpr\u00e4gung), Hei\u00dfpr\u00e4gung in Gold oder Silber Produktbeschreibung Leatai Modell LSC-016 \u2013 ein besonders praktischer Softcover-Gesch\u00e4ftskalender mit cleverem Zusatznutzen. Im Gegensatz zu herk\u00f6mmlichen Modellen [&hellip;]<\/p>\n","protected":false},"featured_media":161284,"template":"","meta":{"_acf_changed":false},"product_brand":[],"product_cat":[711],"product_tag":[1435],"home_works":[],"class_list":{"0":"post-161276","1":"product","2":"type-product","3":"status-publish","4":"has-post-thumbnail","6":"product_cat-notizbuch-mit-taschenbuch","7":"product_tag-personalisiertes-notizbuch","9":"first","10":"instock","11":"sold-individually","12":"shipping-taxable","13":"purchasable","14":"product-type-variable","15":"has-default-attributes"},"acf":[],"yoast_head":"<!-- This site is optimized with the Yoast SEO plugin v27.2 - https:\/\/yoast.com\/product\/yoast-seo-wordpress\/ -->\n<title>LSC-016 - Funktionales Softcover-Notizbuch - Leatai \u2013 Hersteller ma\u00dfgeschneiderter Notizb\u00fccher<\/title>\n<meta name=\"description\" content=\"Leatai Modell LSC-016 \u2013 ein besonders praktischer Softcover-Gesch\u00e4ftskalender mit cleverem Zusatznutzen. Im Gegensatz zu herk\u00f6mmlichen Modellen verf\u00fcgt der Umschlag \u00fcber ein integriertes Einschubfach sowie eine Stiftschlaufe. Ideal f\u00fcr Visitenkarten, Notizzettel oder sogar gefaltete A4-Dokumente \u2013 alles findet seinen Platz. Ein funktionales Design f\u00fcr alle, die Organisation und Stil in einem sch\u00e4tzen.\" \/>\n<meta name=\"robots\" content=\"index, follow, max-snippet:-1, max-image-preview:large, max-video-preview:-1\" \/>\n<link rel=\"canonical\" href=\"https:\/\/leatai.com\/de\/product\/individueller-planer\/notizbuch-mit-taschenbuch\/lsc-016\/\" \/>\n<meta property=\"og:locale\" content=\"de_DE\" \/>\n<meta property=\"og:type\" content=\"article\" \/>\n<meta property=\"og:title\" content=\"LSC-016 - Funktionales Softcover-Notizbuch - Leatai \u2013 Hersteller ma\u00dfgeschneiderter Notizb\u00fccher\" \/>\n<meta property=\"og:description\" content=\"Leatai Modell LSC-016 \u2013 ein besonders praktischer Softcover-Gesch\u00e4ftskalender mit cleverem Zusatznutzen. Im Gegensatz zu herk\u00f6mmlichen Modellen verf\u00fcgt der Umschlag \u00fcber ein integriertes Einschubfach sowie eine Stiftschlaufe. Ideal f\u00fcr Visitenkarten, Notizzettel oder sogar gefaltete A4-Dokumente \u2013 alles findet seinen Platz. Ein funktionales Design f\u00fcr alle, die Organisation und Stil in einem sch\u00e4tzen.\" \/>\n<meta property=\"og:url\" content=\"https:\/\/leatai.com\/de\/product\/individueller-planer\/notizbuch-mit-taschenbuch\/lsc-016\/\" \/>\n<meta property=\"og:site_name\" content=\"Leatai \u2013 Hersteller ma\u00dfgeschneiderter Notizb\u00fccher\" \/>\n<meta property=\"article:modified_time\" content=\"2025-03-28T06:50:54+00:00\" \/>\n<meta property=\"og:image\" content=\"https:\/\/leatai.com\/wp-content\/uploads\/DSC_2779.jpg\" \/>\n\t<meta property=\"og:image:width\" content=\"1000\" \/>\n\t<meta property=\"og:image:height\" content=\"750\" \/>\n\t<meta property=\"og:image:type\" content=\"image\/jpeg\" \/>\n<meta name=\"twitter:card\" content=\"summary_large_image\" \/>\n<meta name=\"twitter:label1\" content=\"Gesch\u00e4tzte Lesezeit\" \/>\n\t<meta name=\"twitter:data1\" content=\"2\u00a0Minuten\" \/>\n<script type=\"application\/ld+json\" class=\"yoast-schema-graph\">{\"@context\":\"https:\/\/schema.org\",\"@graph\":[{\"@type\":\"WebPage\",\"@id\":\"https:\/\/leatai.com\/de\/product\/individueller-planer\/notizbuch-mit-taschenbuch\/lsc-016\/\",\"url\":\"https:\/\/leatai.com\/de\/product\/individueller-planer\/notizbuch-mit-taschenbuch\/lsc-016\/\",\"name\":\"LSC-016 - Funktionales Softcover-Notizbuch - Leatai \u2013 Hersteller ma\u00dfgeschneiderter Notizb\u00fccher\",\"isPartOf\":{\"@id\":\"https:\/\/leatai.com\/de\/#website\"},\"primaryImageOfPage\":{\"@id\":\"https:\/\/leatai.com\/de\/product\/individueller-planer\/notizbuch-mit-taschenbuch\/lsc-016\/#primaryimage\"},\"image\":{\"@id\":\"https:\/\/leatai.com\/de\/product\/individueller-planer\/notizbuch-mit-taschenbuch\/lsc-016\/#primaryimage\"},\"thumbnailUrl\":\"https:\/\/leatai.com\/wp-content\/uploads\/DSC_2779.jpg\",\"datePublished\":\"2021-06-24T05:27:11+00:00\",\"dateModified\":\"2025-03-28T06:50:54+00:00\",\"description\":\"Leatai Modell LSC-016 \u2013 ein besonders praktischer Softcover-Gesch\u00e4ftskalender mit cleverem Zusatznutzen. Im Gegensatz zu herk\u00f6mmlichen Modellen verf\u00fcgt der Umschlag \u00fcber ein integriertes Einschubfach sowie eine Stiftschlaufe. Ideal f\u00fcr Visitenkarten, Notizzettel oder sogar gefaltete A4-Dokumente \u2013 alles findet seinen Platz. Ein funktionales Design f\u00fcr alle, die Organisation und Stil in einem sch\u00e4tzen.\",\"breadcrumb\":{\"@id\":\"https:\/\/leatai.com\/de\/product\/individueller-planer\/notizbuch-mit-taschenbuch\/lsc-016\/#breadcrumb\"},\"inLanguage\":\"de\",\"potentialAction\":[{\"@type\":\"ReadAction\",\"target\":[\"https:\/\/leatai.com\/de\/product\/individueller-planer\/notizbuch-mit-taschenbuch\/lsc-016\/\"]}]},{\"@type\":\"ImageObject\",\"inLanguage\":\"de\",\"@id\":\"https:\/\/leatai.com\/de\/product\/individueller-planer\/notizbuch-mit-taschenbuch\/lsc-016\/#primaryimage\",\"url\":\"https:\/\/leatai.com\/wp-content\/uploads\/DSC_2779.jpg\",\"contentUrl\":\"https:\/\/leatai.com\/wp-content\/uploads\/DSC_2779.jpg\",\"width\":1000,\"height\":750,\"caption\":\"Gesch\u00e4ftsjournal\"},{\"@type\":\"BreadcrumbList\",\"@id\":\"https:\/\/leatai.com\/de\/product\/individueller-planer\/notizbuch-mit-taschenbuch\/lsc-016\/#breadcrumb\",\"itemListElement\":[{\"@type\":\"ListItem\",\"position\":1,\"name\":\"Home\",\"item\":\"https:\/\/leatai.com\/de\/\"},{\"@type\":\"ListItem\",\"position\":2,\"name\":\"Produktvorstellung\",\"item\":\"https:\/\/leatai.com\/products\/\"},{\"@type\":\"ListItem\",\"position\":3,\"name\":\"Individueller Planer\",\"item\":\"https:\/\/leatai.com\/de\/produkt-kategorie\/individueller-planer\/\"},{\"@type\":\"ListItem\",\"position\":4,\"name\":\"Notizbuch mit Taschenbuch\",\"item\":\"https:\/\/leatai.com\/de\/produkt-kategorie\/individueller-planer\/notizbuch-mit-taschenbuch\/\"},{\"@type\":\"ListItem\",\"position\":5,\"name\":\"LSC-016\"}]},{\"@type\":\"WebSite\",\"@id\":\"https:\/\/leatai.com\/de\/#website\",\"url\":\"https:\/\/leatai.com\/de\/\",\"name\":\"Leatai \u2013 Hersteller ma\u00dfgeschneiderter Notizb\u00fccher\",\"description\":\"Leatai liefert individuelle Notizb\u00fccher und Planer f\u00fcr Marken und H\u00e4ndler weltweit.\",\"publisher\":{\"@id\":\"https:\/\/leatai.com\/de\/#organization\"},\"potentialAction\":[{\"@type\":\"SearchAction\",\"target\":{\"@type\":\"EntryPoint\",\"urlTemplate\":\"https:\/\/leatai.com\/de\/?s={search_term_string}\"},\"query-input\":{\"@type\":\"PropertyValueSpecification\",\"valueRequired\":true,\"valueName\":\"search_term_string\"}}],\"inLanguage\":\"de\"},{\"@type\":\"Organization\",\"@id\":\"https:\/\/leatai.com\/de\/#organization\",\"name\":\"Leatai Diary, customized journal and business organizer\",\"url\":\"https:\/\/leatai.com\/de\/\",\"logo\":{\"@type\":\"ImageObject\",\"inLanguage\":\"de\",\"@id\":\"https:\/\/leatai.com\/de\/#\/schema\/logo\/image\/\",\"url\":\"https:\/\/leatai.com\/wp-content\/uploads\/logo-blue.png\",\"contentUrl\":\"https:\/\/leatai.com\/wp-content\/uploads\/logo-blue.png\",\"width\":230,\"height\":60,\"caption\":\"Leatai Diary, customized journal and business organizer\"},\"image\":{\"@id\":\"https:\/\/leatai.com\/de\/#\/schema\/logo\/image\/\"}}]}<\/script>\n<!-- \/ Yoast SEO plugin. -->","yoast_head_json":{"title":"LSC-016 - Funktionales Softcover-Notizbuch - Leatai \u2013 Hersteller ma\u00dfgeschneiderter Notizb\u00fccher","description":"Leatai Modell LSC-016 \u2013 ein besonders praktischer Softcover-Gesch\u00e4ftskalender mit cleverem Zusatznutzen. Im Gegensatz zu herk\u00f6mmlichen Modellen verf\u00fcgt der Umschlag \u00fcber ein integriertes Einschubfach sowie eine Stiftschlaufe. Ideal f\u00fcr Visitenkarten, Notizzettel oder sogar gefaltete A4-Dokumente \u2013 alles findet seinen Platz. Ein funktionales Design f\u00fcr alle, die Organisation und Stil in einem sch\u00e4tzen.","robots":{"index":"index","follow":"follow","max-snippet":"max-snippet:-1","max-image-preview":"max-image-preview:large","max-video-preview":"max-video-preview:-1"},"canonical":"https:\/\/leatai.com\/de\/product\/individueller-planer\/notizbuch-mit-taschenbuch\/lsc-016\/","og_locale":"de_DE","og_type":"article","og_title":"LSC-016 - Funktionales Softcover-Notizbuch - Leatai \u2013 Hersteller ma\u00dfgeschneiderter Notizb\u00fccher","og_description":"Leatai Modell LSC-016 \u2013 ein besonders praktischer Softcover-Gesch\u00e4ftskalender mit cleverem Zusatznutzen. Im Gegensatz zu herk\u00f6mmlichen Modellen verf\u00fcgt der Umschlag \u00fcber ein integriertes Einschubfach sowie eine Stiftschlaufe. Ideal f\u00fcr Visitenkarten, Notizzettel oder sogar gefaltete A4-Dokumente \u2013 alles findet seinen Platz. Ein funktionales Design f\u00fcr alle, die Organisation und Stil in einem sch\u00e4tzen.","og_url":"https:\/\/leatai.com\/de\/product\/individueller-planer\/notizbuch-mit-taschenbuch\/lsc-016\/","og_site_name":"Leatai \u2013 Hersteller ma\u00dfgeschneiderter Notizb\u00fccher","article_modified_time":"2025-03-28T06:50:54+00:00","og_image":[{"width":1000,"height":750,"url":"https:\/\/leatai.com\/wp-content\/uploads\/DSC_2779.jpg","type":"image\/jpeg"}],"twitter_card":"summary_large_image","twitter_misc":{"Gesch\u00e4tzte Lesezeit":"2\u00a0Minuten"},"schema":{"@context":"https:\/\/schema.org","@graph":[{"@type":"WebPage","@id":"https:\/\/leatai.com\/de\/product\/individueller-planer\/notizbuch-mit-taschenbuch\/lsc-016\/","url":"https:\/\/leatai.com\/de\/product\/individueller-planer\/notizbuch-mit-taschenbuch\/lsc-016\/","name":"LSC-016 - Funktionales Softcover-Notizbuch - Leatai \u2013 Hersteller ma\u00dfgeschneiderter Notizb\u00fccher","isPartOf":{"@id":"https:\/\/leatai.com\/de\/#website"},"primaryImageOfPage":{"@id":"https:\/\/leatai.com\/de\/product\/individueller-planer\/notizbuch-mit-taschenbuch\/lsc-016\/#primaryimage"},"image":{"@id":"https:\/\/leatai.com\/de\/product\/individueller-planer\/notizbuch-mit-taschenbuch\/lsc-016\/#primaryimage"},"thumbnailUrl":"https:\/\/leatai.com\/wp-content\/uploads\/DSC_2779.jpg","datePublished":"2021-06-24T05:27:11+00:00","dateModified":"2025-03-28T06:50:54+00:00","description":"Leatai Modell LSC-016 \u2013 ein besonders praktischer Softcover-Gesch\u00e4ftskalender mit cleverem Zusatznutzen. Im Gegensatz zu herk\u00f6mmlichen Modellen verf\u00fcgt der Umschlag \u00fcber ein integriertes Einschubfach sowie eine Stiftschlaufe. Ideal f\u00fcr Visitenkarten, Notizzettel oder sogar gefaltete A4-Dokumente \u2013 alles findet seinen Platz. Ein funktionales Design f\u00fcr alle, die Organisation und Stil in einem sch\u00e4tzen.","breadcrumb":{"@id":"https:\/\/leatai.com\/de\/product\/individueller-planer\/notizbuch-mit-taschenbuch\/lsc-016\/#breadcrumb"},"inLanguage":"de","potentialAction":[{"@type":"ReadAction","target":["https:\/\/leatai.com\/de\/product\/individueller-planer\/notizbuch-mit-taschenbuch\/lsc-016\/"]}]},{"@type":"ImageObject","inLanguage":"de","@id":"https:\/\/leatai.com\/de\/product\/individueller-planer\/notizbuch-mit-taschenbuch\/lsc-016\/#primaryimage","url":"https:\/\/leatai.com\/wp-content\/uploads\/DSC_2779.jpg","contentUrl":"https:\/\/leatai.com\/wp-content\/uploads\/DSC_2779.jpg","width":1000,"height":750,"caption":"Gesch\u00e4ftsjournal"},{"@type":"BreadcrumbList","@id":"https:\/\/leatai.com\/de\/product\/individueller-planer\/notizbuch-mit-taschenbuch\/lsc-016\/#breadcrumb","itemListElement":[{"@type":"ListItem","position":1,"name":"Home","item":"https:\/\/leatai.com\/de\/"},{"@type":"ListItem","position":2,"name":"Produktvorstellung","item":"https:\/\/leatai.com\/products\/"},{"@type":"ListItem","position":3,"name":"Individueller Planer","item":"https:\/\/leatai.com\/de\/produkt-kategorie\/individueller-planer\/"},{"@type":"ListItem","position":4,"name":"Notizbuch mit Taschenbuch","item":"https:\/\/leatai.com\/de\/produkt-kategorie\/individueller-planer\/notizbuch-mit-taschenbuch\/"},{"@type":"ListItem","position":5,"name":"LSC-016"}]},{"@type":"WebSite","@id":"https:\/\/leatai.com\/de\/#website","url":"https:\/\/leatai.com\/de\/","name":"Leatai \u2013 Hersteller ma\u00dfgeschneiderter Notizb\u00fccher","description":"Leatai liefert individuelle Notizb\u00fccher und Planer f\u00fcr Marken und H\u00e4ndler weltweit.","publisher":{"@id":"https:\/\/leatai.com\/de\/#organization"},"potentialAction":[{"@type":"SearchAction","target":{"@type":"EntryPoint","urlTemplate":"https:\/\/leatai.com\/de\/?s={search_term_string}"},"query-input":{"@type":"PropertyValueSpecification","valueRequired":true,"valueName":"search_term_string"}}],"inLanguage":"de"},{"@type":"Organization","@id":"https:\/\/leatai.com\/de\/#organization","name":"Leatai Diary, customized journal and business organizer","url":"https:\/\/leatai.com\/de\/","logo":{"@type":"ImageObject","inLanguage":"de","@id":"https:\/\/leatai.com\/de\/#\/schema\/logo\/image\/","url":"https:\/\/leatai.com\/wp-content\/uploads\/logo-blue.png","contentUrl":"https:\/\/leatai.com\/wp-content\/uploads\/logo-blue.png","width":230,"height":60,"caption":"Leatai Diary, customized journal and business organizer"},"image":{"@id":"https:\/\/leatai.com\/de\/#\/schema\/logo\/image\/"}}]}},"_links":{"self":[{"href":"https:\/\/leatai.com\/de\/wp-json\/wp\/v2\/product\/161276","targetHints":{"allow":["GET"]}}],"collection":[{"href":"https:\/\/leatai.com\/de\/wp-json\/wp\/v2\/product"}],"about":[{"href":"https:\/\/leatai.com\/de\/wp-json\/wp\/v2\/types\/product"}],"wp:featuredmedia":[{"embeddable":true,"href":"https:\/\/leatai.com\/de\/wp-json\/wp\/v2\/media\/161284"}],"wp:attachment":[{"href":"https:\/\/leatai.com\/de\/wp-json\/wp\/v2\/media?parent=161276"}],"wp:term":[{"taxonomy":"product_brand","embeddable":true,"href":"https:\/\/leatai.com\/de\/wp-json\/wp\/v2\/product_brand?post=161276"},{"taxonomy":"product_cat","embeddable":true,"href":"https:\/\/leatai.com\/de\/wp-json\/wp\/v2\/product_cat?post=161276"},{"taxonomy":"product_tag","embeddable":true,"href":"https:\/\/leatai.com\/de\/wp-json\/wp\/v2\/product_tag?post=161276"},{"taxonomy":"home_works","embeddable":true,"href":"https:\/\/leatai.com\/de\/wp-json\/wp\/v2\/home_works?post=161276"}],"curies":[{"name":"wp","href":"https:\/\/api.w.org\/{rel}","templated":true}]}}